{"id":48936,"date":"2019-11-21T20:17:07","date_gmt":"2019-11-21T20:17:07","guid":{"rendered":"https:\/\/monatglobal.com\/ca\/?page_id=48936"},"modified":"2019-11-28T21:35:21","modified_gmt":"2019-11-28T21:35:21","slug":"naturellement-nourri","status":"publish","type":"page","link":"https:\/\/monatglobal.com\/ca\/naturellement-nourri\/?lang=fr","title":{"rendered":"Naturellement nourri | MONAT Black Friday"},"content":{"rendered":"\n<!-- Generator: Adobe Illustrator 23.0.3, SVG Export Plug-In . SVG Version: 6.00 Build 0)  -->\n\t<p> ON SALE Sunday, September 15 11a.m. EDT<\/p> \n\t\t\t\t<img loading=\"lazy\" decoding=\"async\" src=\"https:\/\/monatglobal.com\/wp-content\/uploads\/2019\/11\/black-friday-naturally-nourished-.jpg\" alt=\"black-friday-naturally-nourished-\" itemprop=\"image\" height=\"411\" width=\"586\" title=\"black-friday-naturally-nourished-\"  \/>\n    LA COLLECTION UNE LUEUR D\u2019ESPOIR\n      \u00c9DITION LIMIT\u00c9E\n    <h1> Naturellement<br>nourri <\/h1>\n\t<p>COMPREND :<\/p> \n\t<h3>\n    \u2218   Shampooing-cr\u00e8me \u00e0 l\u2019huile Super Nourish\u2122 MONAT,   <br>237 ml e 8 oz liq.\n<br>\n    \u2218   Apr\u00e8s-shampooing cr\u00e8me \u00e0 l\u2019huile Super Nourish\u2122 MONAT, <br>178 ml e 6 oz liq.\n<br>\n    \u2218   Primer antifrisottis lissant MONAT STUDIO ONE\u2122, 127 ml e 4,3 oz liq. \n<br>\n    \u2218  Cr\u00e8me d\u00e9finissante pour boucles MONAT STUDIO ONE\u2122,<br> 118 ml e 4 oz liq. \n<br>\n    \u2218  Pommade sculptante instantan\u00e9e Restyle MONAT, 50 ml e 1,7 oz liq.\n<br>\n    \u2218  Barrettes en forme d\u2019\u00e9toile MONAT (paquet de 4) \n<br>\n    \u2218  Peigne en bois Naturellement nourri MONAT\n<br>\n    \u2218  Foulard de luxe Naturellement nourri MONAT, en polyester  \n<br>\n    \u2218  Sac en toile \u00e0 cordon, en \u00e9dition limit\u00e9e\n<\/h3>\n      Valeur au d\u00e9tail\n      <p> 322,00 $ CA<\/p>\n   Prix de VIP\n   <p> 110,00 $ CA<\/p>\n      Prix de d\u00e9tail r\u00e9duit\n      <p> 129,00 $ CA<\/p>\n\t*Dans la limite des stocks\n\t\t\t<a href=\"https:\/\/mymonat.com\/shop\/products\/naturally-nourished\" target=\"_self\" role=\"button\">\n\t\t\t\t\t\t\tMAGASINEZ\n\t\t\t\t\t<\/a>\n\t NATURELLEMENT NOURRI \n\t<h1>Qui dit saison des f\u00eates dit saison des cheveux magnifiques!<\/h1>\n<p>D\u00e9couvrez des cheveux sains, brillants et renouvel\u00e9s gr\u00e2ce \u00e0 la collection Naturellement nourri de MONAT, en \u00e9dition limit\u00e9e. Elle comprend le nouvel ajout \u00e0 notre gamme de soins capillaires, le duo Cr\u00e8me \u00e0 l\u2019huile Super Nourish\u2122 de MONAT.<\/p>\n\t<h1>Et contient de puissants ingr\u00e9dients qui feront briller vos cheveux lors des r\u00e9ceptions des f\u00eates!<\/h1>\n\t\t\t\t<img loading=\"lazy\" decoding=\"async\" src=\"https:\/\/monatglobal.com\/wp-content\/uploads\/2019\/11\/bf-natural-nourish-shampoo.png\" alt=\"bf-natural-nourish-shampoo\" itemprop=\"image\" height=\"450\" width=\"341\" title=\"bf-natural-nourish-shampoo\"  \/>\n\tShampooing-cr\u00e8me \u00e0 l\u2019huile Super Nourish\u2122 MONAT \n<p>Une solution ultra nourrissante pour les cheveux secs ou tr\u00e8s secs.<\/p>\n\t\t\t<a href=\"#\" role=\"button\">\n\t\t\t\t\t\t\tLISTE D\u2019INGR\u00c9DIENTS\n\t\t\t\t\t<\/a>\n\t\tAqua\/Water\/Eau, Vitis Vinifera (Grape) Seed Oil, Decyl Glucoside, Cocamidopropyl Hydroxysultaine, Cocamidopropyl Betaine, Cocamide MIPA, Guar Hydroxypropyltrimonium Chloride, Macadamia Ternifolia Seed Oil, Corylus Americana (Hazelnut) Seed Oil, Prunus Amygdalus Dulcis (Sweet Almond) Oil, Mangifera Indica (Mango) Seed Butter, Punica Granatum Seed Oil, Rubus Idaeus (Raspberry) Seed Oil, Limnanthes Alba (Meadowfoam) Seed Oil, Crambe Abyssinica Seed Oil, Camellia Oleifera Seed Oil, Solanum Lycopersicum (Tomato) Seed Oil, Daucus Carota Sativa (Carrot) Seed Oil, Citrus Limon (Lemon) Peel Oil, Citrus Aurantifolia (Lime) Oil, Citrus Aurantium Bergamia (Bergamot) Fruit Oil, Adansonia Digitata Oil, Mauritia Flexuosa Fruit Oil, Cocos Nucifera (Coconut) Oil, Gardenia Taitensis Flower Extract, Moringa Oleifera Seed Oil, Caryocar Brasiliense Fruit Oil, Helianthus Annuus (Sunflower) Seed Oil, Zea Mays (Corn) Oil, Disodium Laureth Sulfosuccinate, Disodium Lauryl Sulfosuccinate, Tocopherol, Citric Acid, Fragrance\/Parfum, Ethylhexylglycerin, Benzyl Alcohol.\n\t\n\t\t\t\t<img loading=\"lazy\" decoding=\"async\" src=\"https:\/\/monatglobal.com\/wp-content\/uploads\/2019\/11\/bf-natural-nourish-conditioner.png\" alt=\"bf-natural-nourish-conditioner\" itemprop=\"image\" height=\"450\" width=\"341\" title=\"bf-natural-nourish-conditioner\"  \/>\n\tApr\u00e8s-shampooing cr\u00e8me \u00e0 l\u2019huile Super Nourish\u2122 MONAT \n<p> Un revitalisant nourrissant \u00e0 base de cr\u00e8me infus\u00e9e d\u2019huile, con\u00e7u pr\u00e9cis\u00e9ment pour les cheveux secs ou tr\u00e8s secs.<\/p>\n\t\t\t<a href=\"#\" role=\"button\">\n\t\t\t\t\t\t\tLISTE D\u2019INGR\u00c9DIENTS\n\t\t\t\t\t<\/a>\n\t\tAqua\/Water\/Eau, Cetearyl Alcohol, Cetyl Esters, Vitis Vinifera (Grape) Seed Oil, Isoamyl Laurate, Behentrimonium Chloride, Pisum Sativum (Pea) Extract, Wheat Amino Acids, Soy Amino Acids, Glycerin, Limnanthes Alba (Meadowfoam) Seed Oil, Crambe Abyssinica Seed Oil, Camellia Oleifera Seed Oil, Solanum Lycopersicum (Tomato) Seed Oil, Daucus Carota Sativa (Carrot) Seed Oil, Citrus Limon (Lemon) Peel Oil, Citrus Aurantifolia (Lime) Oil, Citrus Aurantium Bergamia (Bergamot) Fruit Oil, Adansonia Digitata Oil, Mauritia Flexuosa Fruit Oil, Cocos Nucifera (Coconut) Oil, Gardenia Taitensis Flower Extract, Moringa Oleifera Seed Oil, Caryocar Brasiliense Fruit Oil, Helianthus Annuus (Sunflower) Seed Oil, Cinnamidopropyltrimonium Chloride, Arginine HCl, Serine, Threonine, Fragrance\/Parfum, Benzyl Alcohol, Dehydroacetic Acid.\n\t\n\t\t\t\t<img loading=\"lazy\" decoding=\"async\" src=\"https:\/\/monatglobal.com\/wp-content\/uploads\/2019\/11\/bf-natural-frizz-fix.png\" alt=\"bf-natural-frizz-fix\" itemprop=\"image\" height=\"450\" width=\"341\" title=\"bf-natural-frizz-fix\"  \/>\n\t<p>Primer anti-frisottis lissant MONAT STUDIO ONE\u2122<\/p>\n<p> Un traitement pr\u00e9-coiffage sans rin\u00e7age qui aide \u00e0 ma\u00eetriser les frisottis et \u00e0 d\u00e9fendre contre l\u2019humidit\u00e9.<\/p>\n\t\t\t<a href=\"#\" role=\"button\">\n\t\t\t\t\t\t\tLISTE D\u2019INGR\u00c9DIENTS\n\t\t\t\t\t<\/a>\n\t\tAqua\/Water\/Eau, Polyquaternium-69, Diheptyl Succinate, Capryloyl Glycerin\/Sebacic Acid Copolymer, Coconut Alkanes, Polyacrylate-14, Serine, Threonine, Arginine HCl, Wheat Amino Acids, Soy Amino Acids, Tocopherol, Coco-Caprylate\/Caprate, Aminomethyl Propanol, Fragrance\/Parfum, Ethylhexylglycerin, Benzyl Alcohol, Linalool, Limonene.\n\t\n\t\t\t\t<img loading=\"lazy\" decoding=\"async\" src=\"https:\/\/monatglobal.com\/wp-content\/uploads\/2019\/11\/bf-natural-curl-cream-1.png\" alt=\"bf-natural-curl-cream\" itemprop=\"image\" height=\"450\" width=\"341\" title=\"bf-natural-curl-cream\"  \/>\n\t<p>Cr\u00e8me d\u00e9finissante pour boucles MONAT STUDIO ONE\u2122<\/p>\n<p>D\u00e9finit et revitalise tous les types de boucles pour des cheveux maniables et d\u2019aspect naturel, de longue dur\u00e9e.<\/p>\n\t\t\t<a href=\"#\" role=\"button\">\n\t\t\t\t\t\t\tLISTE D\u2019INGR\u00c9DIENTS\n\t\t\t\t\t<\/a>\n\t\tAqua\/Water\/Eau, Polyquaternium-72, Cetearyl Alcohol, Helianthus Annuus (Sunflower) Seed Oil, Orbignya Speciosa Kernel Oil, Isoamyl Laurate, Sodium Polyacrylate, Fragrance\/Parfum, Butyrospermum Parkii (Shea) Butter, Astrocaryum Murumuru Seed Butter, Wheat Amino Acids, Soy Amino Acids, Hydrolyzed Rice Protein, Linum Usitatissimum (Linseed) Seed Extract, Salvia Hispanica Seed Extract, Arginine HCl, Serine, Threonine, Panthenol, Glyceryl Stearate, Xylitol, Sodium Phytate, Caprylic Acid, Dehydroacetic Acid, Benzyl Alcohol, Amyl Cinnamal, Limonene, Linalool.\n\t\n\t\t\t\t<img loading=\"lazy\" decoding=\"async\" src=\"https:\/\/monatglobal.com\/wp-content\/uploads\/2019\/11\/bf-natural-taffy.png\" alt=\"bf-natural-taffy\" itemprop=\"image\" height=\"450\" width=\"341\" title=\"bf-natural-taffy\"  \/>\n\t<p>Pommade sculptante instantan\u00e9e Restyle MONAT<\/p>\n<p>Une l\u00e9g\u00e8re pommade sculptante qui cr\u00e9e des sections et de la texture, tout en demeurant flexible et douce au toucher.<\/p>\n\t\t\t<a href=\"#\" role=\"button\">\n\t\t\t\t\t\t\tLISTE D\u2019INGR\u00c9DIENTS\n\t\t\t\t\t<\/a>\n\t\tAqua\/Water\/Eau, Maltodextrin\/VP Copolymer, Butyrospermum Parkii (Shea) Butter, Cetyl Alcohol, Heptyl Undecylenate, Propanediol, Hydrogenated Castor Oil, Copernicia Cerifera (Carnauba) Wax, Cetearyl Alcohol, Cetyl Hydroxyethylcellulose, Steareth-21, Glycerin, Trifolium Prantense (Clover) Flower Extract, Pisum Sativum (Pea) Extract, Limnanthes Alba (Meadowfoam) Seed Oil, Crambe Abyssinica Seed Oil, Camellia Oleifera Seed Oil, Solanum Lycopersicum (Tomato) Seed Oil, Daucus Carota Sativa (Carrot) Seed Oil, Citrus Limon (Lemon) Peel Oil, Citrus Aurantifolia (Lime) Oil, Citrus Aurantium Bergamia (Bergamot) Fruit Oil, Adansonia Digitata Oil, Mauritia Flexuosa Fruit Oil, Cocos Nucifera (Coconut) Oil, Gardenia Taitensis Flower Extract, Moringa Oleifera Seed Oil, Caryocar Brasiliense Fruit Oil, Helianthus Annuus (Sunflower) Seed Oil, Tocopherol, Wheat Amino Acids, Soy Amino Acids, Arginine HCL, Serine, Threonine, Acetyl Tetrapeptide-3, Cinnamidopropyltrimonium Chloride, Dextran, Ceteareth-20, Polyquaternium-10, Fragrance\/Parfum,Butylene Glycol, Ethylhexylglycerin, Benzyl Alcohol.\n\t\n\t<h1>Conseils d\u2019utilisation\n<\/h1>\n\t<p>Shampooing et apr\u00e8s-shampooing cr\u00e8me \u00e0 <br>l\u2019huile Super Nourish\u2122 de MONAT<\/p>\n<p>\/ \u00c9mulsionner le Shampooing-cr\u00e8me \u00e0 l\u2019huile Super Nourish\u2122 MONAT dans les mains et appliquer sur cheveux mouill\u00e9s. Laisser agir 1 ou 2 minutes. Rincer et r\u00e9p\u00e9ter l\u2019op\u00e9ration. Essorer d\u00e9licatement les cheveux et appliquer l\u2019Apr\u00e8s-shampooing cr\u00e8me \u00e0 l\u2019huile Super Nourish\u2122 MONAT. Laisser agir 5 \u00e0 7 minutes. Bien rincer.<\/p><br>\n<p>Primer anti-frisottis lissant<br>MONAT STUDIO ONE\u2122<\/p>\n<p>\/ Avant de coiffer les cheveux, travailler une petite quantit\u00e9 du produit dans les mains et appliquer sur cheveux humides. Coiffer comme d\u00e9sir\u00e9 \u00e0 l\u2019aide de vos produits coiffants MONAT favoris.<\/p>\n<br>\n\t<p>Cr\u00e8me d\u00e9finissante pour boucles<br>MONAT STUDIO ONE\u2122<\/p>\n<p>\/ Appliquer la Cr\u00e8me d\u00e9finissante pour boucles uniform\u00e9ment des racines jusqu\u2019aux pointes sur les cheveux mouill\u00e9s, humides ou s\u00e9ch\u00e9s \u00e0 l\u2019aide d\u2019une serviette. S\u00e9cher les cheveux \u00e0 l\u2019aide d\u2019un diffuseur ou \u00e0 l\u2019air.<\/p>\n<br>\nPommade sculptante<br>instantan\u00e9e Restyle MONAT\n\n\/ Pour l\u2019activer, frottez le produit dans vos mains jusqu\u2019\u00e0 ce qu\u2019il soit ti\u00e8de et transparent. Appliquer sur les cheveux de fa\u00e7on uniforme pour cr\u00e9er la coiffure d\u00e9sir\u00e9e.\n  \n<br>\n\t\t\t<a href=\"https:\/\/mymonat.com\/shop\/products\/naturally-nourished\" target=\"_self\" role=\"button\">\n\t\t\t\t\t\t\tMAGASINEZ\n\t\t\t\t\t<\/a>\n\t VOUS POURRIEZ AUSSI AIMER\n\t<a href=\"https:\/\/monatglobal.com\/ca\/solde-du-vendredi\/?lang=fr\"><h1>La collection une lueur d\u2019espoir<\/h1><\/a>\n\t<a href=\"https:\/\/monatglobal.com\/ca\/vendredi-resplendissant\/?lang=fr\"><h1>Collection du vendredi resplendissant\n<\/h1><\/a>\n","protected":false},"excerpt":{"rendered":"<p>ON SALE Sunday, September 15 11a.m. EDT LA COLLECTION UNE LUEUR D\u2019ESPOIR \u00c9DITION LIMIT\u00c9E Naturellementnourri COMPREND : \u2218 Shampooing-cr\u00e8me \u00e0 l\u2019huile Super Nourish\u2122 MONAT, 237 ml e 8 oz liq. \u2218 Apr\u00e8s-shampooing cr\u00e8me \u00e0 l\u2019huile Super Nourish\u2122 MONAT, 178 ml e 6 oz liq. \u2218 Primer antifrisottis lissant MONAT STUDIO ONE\u2122, 127 ml e 4,3&hellip;<\/p>\n","protected":false},"author":31,"featured_media":48896,"parent":0,"menu_order":0,"comment_status":"closed","ping_status":"closed","template":"template-full-custom.php","meta":{"inline_featured_image":false,"om_disable_all_campaigns":false,"_monsterinsights_skip_tracking":false,"_monsterinsights_sitenote_active":false,"_monsterinsights_sitenote_note":"","_monsterinsights_sitenote_category":0,"footnotes":""},"categories":[],"tags":[],"class_list":["post-48936","page","type-page","status-publish","has-post-thumbnail","hentry"],"aioseo_notices":[],"aioseo_head":"\n\t\t<!-- All in One SEO Pro 4.9.6 - aioseo.com -->\n\t<meta name=\"description\" content=\"ON SALE Sunday, September 15 11a.m. EDT LA COLLECTION UNE LUEUR D\u2019ESPOIR \u00c9DITION LIMIT\u00c9E Naturellementnourri COMPREND : \u2218 Shampooing-cr\u00e8me \u00e0 l\u2019huile Super Nourish\u2122 MONAT, 237 ml e 8 oz liq. \u2218 Apr\u00e8s-shampooing cr\u00e8me \u00e0 l\u2019huile Super Nourish\u2122 MONAT, 178 ml e 6 oz liq. \u2218 Primer antifrisottis lissant MONAT STUDIO ONE\u2122, 127 ml e 4,3\" \/>\n\t<meta name=\"robots\" content=\"max-image-preview:large\" \/>\n\t<link rel=\"canonical\" href=\"https:\/\/monatglobal.com\/ca\/naturellement-nourri\/?lang=fr\" \/>\n\t<meta name=\"generator\" content=\"All in One SEO Pro (AIOSEO) 4.9.6\" \/>\n\t\t<meta property=\"og:locale\" content=\"en_US\" \/>\n\t\t<meta property=\"og:site_name\" content=\"Monat Canada English - We Are Modern Nature\" \/>\n\t\t<meta property=\"og:type\" content=\"article\" \/>\n\t\t<meta property=\"og:title\" content=\"Naturellement nourri | MONAT Black Friday - Monat Canada English\" \/>\n\t\t<meta property=\"og:description\" content=\"ON SALE Sunday, September 15 11a.m. EDT LA COLLECTION UNE LUEUR D\u2019ESPOIR \u00c9DITION LIMIT\u00c9E Naturellementnourri COMPREND : \u2218 Shampooing-cr\u00e8me \u00e0 l\u2019huile Super Nourish\u2122 MONAT, 237 ml e 8 oz liq. \u2218 Apr\u00e8s-shampooing cr\u00e8me \u00e0 l\u2019huile Super Nourish\u2122 MONAT, 178 ml e 6 oz liq. \u2218 Primer antifrisottis lissant MONAT STUDIO ONE\u2122, 127 ml e 4,3\" \/>\n\t\t<meta property=\"og:url\" content=\"https:\/\/monatglobal.com\/ca\/naturellement-nourri\/?lang=fr\" \/>\n\t\t<meta property=\"article:published_time\" content=\"2019-11-21T20:17:07+00:00\" \/>\n\t\t<meta property=\"article:modified_time\" content=\"2019-11-28T21:35:21+00:00\" \/>\n\t\t<meta name=\"twitter:card\" content=\"summary_large_image\" \/>\n\t\t<meta name=\"twitter:title\" content=\"Naturellement nourri | MONAT Black Friday - Monat Canada English\" \/>\n\t\t<meta name=\"twitter:description\" content=\"ON SALE Sunday, September 15 11a.m. EDT LA COLLECTION UNE LUEUR D\u2019ESPOIR \u00c9DITION LIMIT\u00c9E Naturellementnourri COMPREND : \u2218 Shampooing-cr\u00e8me \u00e0 l\u2019huile Super Nourish\u2122 MONAT, 237 ml e 8 oz liq. \u2218 Apr\u00e8s-shampooing cr\u00e8me \u00e0 l\u2019huile Super Nourish\u2122 MONAT, 178 ml e 6 oz liq. \u2218 Primer antifrisottis lissant MONAT STUDIO ONE\u2122, 127 ml e 4,3\" \/>\n\t\t<script type=\"application\/ld+json\" class=\"aioseo-schema\">\n\t\t\t{\"@context\":\"https:\\\/\\\/schema.org\",\"@graph\":[{\"@type\":\"BreadcrumbList\",\"@id\":\"https:\\\/\\\/monatglobal.com\\\/ca\\\/naturellement-nourri\\\/?lang=fr#breadcrumblist\",\"itemListElement\":[{\"@type\":\"ListItem\",\"@id\":\"https:\\\/\\\/monatglobal.com\\\/ca#listItem\",\"position\":1,\"name\":\"Home\",\"item\":\"https:\\\/\\\/monatglobal.com\\\/ca\",\"nextItem\":{\"@type\":\"ListItem\",\"@id\":\"https:\\\/\\\/monatglobal.com\\\/ca\\\/naturellement-nourri\\\/?lang=fr#listItem\",\"name\":\"Naturellement nourri | MONAT Black Friday\"}},{\"@type\":\"ListItem\",\"@id\":\"https:\\\/\\\/monatglobal.com\\\/ca\\\/naturellement-nourri\\\/?lang=fr#listItem\",\"position\":2,\"name\":\"Naturellement nourri | MONAT Black Friday\",\"previousItem\":{\"@type\":\"ListItem\",\"@id\":\"https:\\\/\\\/monatglobal.com\\\/ca#listItem\",\"name\":\"Home\"}}]},{\"@type\":\"Organization\",\"@id\":\"https:\\\/\\\/monatglobal.com\\\/ca\\\/#organization\",\"name\":\"Monat Canada English\",\"description\":\"We Are Modern Nature\",\"url\":\"https:\\\/\\\/monatglobal.com\\\/ca\\\/\"},{\"@type\":\"WebPage\",\"@id\":\"https:\\\/\\\/monatglobal.com\\\/ca\\\/naturellement-nourri\\\/?lang=fr#webpage\",\"url\":\"https:\\\/\\\/monatglobal.com\\\/ca\\\/naturellement-nourri\\\/?lang=fr\",\"name\":\"Naturellement nourri | MONAT Black Friday - Monat Canada English\",\"description\":\"ON SALE Sunday, September 15 11a.m. EDT LA COLLECTION UNE LUEUR D\\u2019ESPOIR \\u00c9DITION LIMIT\\u00c9E Naturellementnourri COMPREND : \\u2218 Shampooing-cr\\u00e8me \\u00e0 l\\u2019huile Super Nourish\\u2122 MONAT, 237 ml e 8 oz liq. \\u2218 Apr\\u00e8s-shampooing cr\\u00e8me \\u00e0 l\\u2019huile Super Nourish\\u2122 MONAT, 178 ml e 6 oz liq. \\u2218 Primer antifrisottis lissant MONAT STUDIO ONE\\u2122, 127 ml e 4,3\",\"inLanguage\":\"en-US\",\"isPartOf\":{\"@id\":\"https:\\\/\\\/monatglobal.com\\\/ca\\\/#website\"},\"breadcrumb\":{\"@id\":\"https:\\\/\\\/monatglobal.com\\\/ca\\\/naturellement-nourri\\\/?lang=fr#breadcrumblist\"},\"image\":{\"@type\":\"ImageObject\",\"url\":\"https:\\\/\\\/monatglobal.com\\\/ca\\\/wp-content\\\/uploads\\\/sites\\\/5\\\/2019\\\/11\\\/naturally-nourished-thumb-.jpg\",\"@id\":\"https:\\\/\\\/monatglobal.com\\\/ca\\\/naturellement-nourri\\\/?lang=fr\\\/#mainImage\",\"width\":504,\"height\":411},\"primaryImageOfPage\":{\"@id\":\"https:\\\/\\\/monatglobal.com\\\/ca\\\/naturellement-nourri\\\/?lang=fr#mainImage\"},\"datePublished\":\"2019-11-21T20:17:07-05:00\",\"dateModified\":\"2019-11-28T21:35:21-05:00\"},{\"@type\":\"WebSite\",\"@id\":\"https:\\\/\\\/monatglobal.com\\\/ca\\\/#website\",\"url\":\"https:\\\/\\\/monatglobal.com\\\/ca\\\/\",\"name\":\"Monat Canada English\",\"description\":\"We Are Modern Nature\",\"inLanguage\":\"en-US\",\"publisher\":{\"@id\":\"https:\\\/\\\/monatglobal.com\\\/ca\\\/#organization\"}}]}\n\t\t<\/script>\n\t\t<!-- All in One SEO Pro -->\r\n\t\t<title>Naturellement nourri | MONAT Black Friday - Monat Canada English<\/title>\n\n","aioseo_head_json":{"title":"Naturellement nourri | MONAT Black Friday - Monat Canada English","description":"ON SALE Sunday, September 15 11a.m. EDT LA COLLECTION UNE LUEUR D\u2019ESPOIR \u00c9DITION LIMIT\u00c9E Naturellementnourri COMPREND : \u2218 Shampooing-cr\u00e8me \u00e0 l\u2019huile Super Nourish\u2122 MONAT, 237 ml e 8 oz liq. \u2218 Apr\u00e8s-shampooing cr\u00e8me \u00e0 l\u2019huile Super Nourish\u2122 MONAT, 178 ml e 6 oz liq. \u2218 Primer antifrisottis lissant MONAT STUDIO ONE\u2122, 127 ml e 4,3","canonical_url":"https:\/\/monatglobal.com\/ca\/naturellement-nourri\/?lang=fr","robots":"max-image-preview:large","keywords":"","webmasterTools":{"miscellaneous":""},"schema":{"@context":"https:\/\/schema.org","@graph":[{"@type":"BreadcrumbList","@id":"https:\/\/monatglobal.com\/ca\/naturellement-nourri\/?lang=fr#breadcrumblist","itemListElement":[{"@type":"ListItem","@id":"https:\/\/monatglobal.com\/ca#listItem","position":1,"name":"Home","item":"https:\/\/monatglobal.com\/ca","nextItem":{"@type":"ListItem","@id":"https:\/\/monatglobal.com\/ca\/naturellement-nourri\/?lang=fr#listItem","name":"Naturellement nourri | MONAT Black Friday"}},{"@type":"ListItem","@id":"https:\/\/monatglobal.com\/ca\/naturellement-nourri\/?lang=fr#listItem","position":2,"name":"Naturellement nourri | MONAT Black Friday","previousItem":{"@type":"ListItem","@id":"https:\/\/monatglobal.com\/ca#listItem","name":"Home"}}]},{"@type":"Organization","@id":"https:\/\/monatglobal.com\/ca\/#organization","name":"Monat Canada English","description":"We Are Modern Nature","url":"https:\/\/monatglobal.com\/ca\/"},{"@type":"WebPage","@id":"https:\/\/monatglobal.com\/ca\/naturellement-nourri\/?lang=fr#webpage","url":"https:\/\/monatglobal.com\/ca\/naturellement-nourri\/?lang=fr","name":"Naturellement nourri | MONAT Black Friday - Monat Canada English","description":"ON SALE Sunday, September 15 11a.m. EDT LA COLLECTION UNE LUEUR D\u2019ESPOIR \u00c9DITION LIMIT\u00c9E Naturellementnourri COMPREND : \u2218 Shampooing-cr\u00e8me \u00e0 l\u2019huile Super Nourish\u2122 MONAT, 237 ml e 8 oz liq. \u2218 Apr\u00e8s-shampooing cr\u00e8me \u00e0 l\u2019huile Super Nourish\u2122 MONAT, 178 ml e 6 oz liq. \u2218 Primer antifrisottis lissant MONAT STUDIO ONE\u2122, 127 ml e 4,3","inLanguage":"en-US","isPartOf":{"@id":"https:\/\/monatglobal.com\/ca\/#website"},"breadcrumb":{"@id":"https:\/\/monatglobal.com\/ca\/naturellement-nourri\/?lang=fr#breadcrumblist"},"image":{"@type":"ImageObject","url":"https:\/\/monatglobal.com\/ca\/wp-content\/uploads\/sites\/5\/2019\/11\/naturally-nourished-thumb-.jpg","@id":"https:\/\/monatglobal.com\/ca\/naturellement-nourri\/?lang=fr\/#mainImage","width":504,"height":411},"primaryImageOfPage":{"@id":"https:\/\/monatglobal.com\/ca\/naturellement-nourri\/?lang=fr#mainImage"},"datePublished":"2019-11-21T20:17:07-05:00","dateModified":"2019-11-28T21:35:21-05:00"},{"@type":"WebSite","@id":"https:\/\/monatglobal.com\/ca\/#website","url":"https:\/\/monatglobal.com\/ca\/","name":"Monat Canada English","description":"We Are Modern Nature","inLanguage":"en-US","publisher":{"@id":"https:\/\/monatglobal.com\/ca\/#organization"}}]},"og:locale":"en_US","og:site_name":"Monat Canada English - We Are Modern Nature","og:type":"article","og:title":"Naturellement nourri | MONAT Black Friday - Monat Canada English","og:description":"ON SALE Sunday, September 15 11a.m. EDT LA COLLECTION UNE LUEUR D\u2019ESPOIR \u00c9DITION LIMIT\u00c9E Naturellementnourri COMPREND : \u2218 Shampooing-cr\u00e8me \u00e0 l\u2019huile Super Nourish\u2122 MONAT, 237 ml e 8 oz liq. \u2218 Apr\u00e8s-shampooing cr\u00e8me \u00e0 l\u2019huile Super Nourish\u2122 MONAT, 178 ml e 6 oz liq. \u2218 Primer antifrisottis lissant MONAT STUDIO ONE\u2122, 127 ml e 4,3","og:url":"https:\/\/monatglobal.com\/ca\/naturellement-nourri\/?lang=fr","article:published_time":"2019-11-21T20:17:07+00:00","article:modified_time":"2019-11-28T21:35:21+00:00","twitter:card":"summary_large_image","twitter:title":"Naturellement nourri | MONAT Black Friday - Monat Canada English","twitter:description":"ON SALE Sunday, September 15 11a.m. EDT LA COLLECTION UNE LUEUR D\u2019ESPOIR \u00c9DITION LIMIT\u00c9E Naturellementnourri COMPREND : \u2218 Shampooing-cr\u00e8me \u00e0 l\u2019huile Super Nourish\u2122 MONAT, 237 ml e 8 oz liq. \u2218 Apr\u00e8s-shampooing cr\u00e8me \u00e0 l\u2019huile Super Nourish\u2122 MONAT, 178 ml e 6 oz liq. \u2218 Primer antifrisottis lissant MONAT STUDIO ONE\u2122, 127 ml e 4,3"},"aioseo_meta_data":{"post_id":"48936","title":null,"description":null,"keywords":null,"keyphrases":null,"primary_term":null,"canonical_url":null,"og_title":null,"og_description":null,"og_object_type":"default","og_image_type":"default","og_image_url":null,"og_image_width":null,"og_image_height":null,"og_image_custom_url":null,"og_image_custom_fields":null,"og_video":null,"og_custom_url":null,"og_article_section":null,"og_article_tags":null,"twitter_use_og":false,"twitter_card":"default","twitter_image_type":"default","twitter_image_url":null,"twitter_image_custom_url":null,"twitter_image_custom_fields":null,"twitter_title":null,"twitter_description":null,"schema":{"blockGraphs":[],"customGraphs":[],"default":{"data":{"Article":[],"Course":[],"Dataset":[],"FAQPage":[],"Movie":[],"Person":[],"Product":[],"ProductReview":[],"Car":[],"Recipe":[],"Service":[],"SoftwareApplication":[],"WebPage":[]},"graphName":"","isEnabled":true},"graphs":[]},"schema_type":"default","schema_type_options":null,"pillar_content":false,"robots_default":true,"robots_noindex":false,"robots_noarchive":false,"robots_nosnippet":false,"robots_nofollow":false,"robots_noimageindex":false,"robots_noodp":false,"robots_notranslate":false,"robots_max_snippet":null,"robots_max_videopreview":null,"robots_max_imagepreview":"large","priority":null,"frequency":null,"local_seo":null,"seo_analyzer_scan_date":"2026-02-10 04:21:47","limit_modified_date":false,"reviewed_by":null,"open_ai":null,"ai":null,"created":"2023-07-26 12:44:02","updated":"2026-02-10 04:21:47"},"aioseo_breadcrumb":"<div class=\"aioseo-breadcrumbs\"><span class=\"aioseo-breadcrumb\">\n\t<a href=\"https:\/\/monatglobal.com\/ca\" title=\"Home\">Home<\/a>\n<\/span><span class=\"aioseo-breadcrumb-separator\">&raquo;<\/span><span class=\"aioseo-breadcrumb\">\n\tNaturellement nourri | MONAT Black Friday\n<\/span><\/div>","aioseo_breadcrumb_json":[{"label":"Home","link":"https:\/\/monatglobal.com\/ca"},{"label":"Naturellement nourri | MONAT Black Friday","link":"https:\/\/monatglobal.com\/ca\/naturellement-nourri\/?lang=fr"}],"_links":{"self":[{"href":"https:\/\/monatglobal.com\/ca\/wp-json\/wp\/v2\/pages\/48936","targetHints":{"allow":["GET"]}}],"collection":[{"href":"https:\/\/monatglobal.com\/ca\/wp-json\/wp\/v2\/pages"}],"about":[{"href":"https:\/\/monatglobal.com\/ca\/wp-json\/wp\/v2\/types\/page"}],"author":[{"embeddable":true,"href":"https:\/\/monatglobal.com\/ca\/wp-json\/wp\/v2\/users\/31"}],"replies":[{"embeddable":true,"href":"https:\/\/monatglobal.com\/ca\/wp-json\/wp\/v2\/comments?post=48936"}],"version-history":[{"count":9,"href":"https:\/\/monatglobal.com\/ca\/wp-json\/wp\/v2\/pages\/48936\/revisions"}],"predecessor-version":[{"id":49275,"href":"https:\/\/monatglobal.com\/ca\/wp-json\/wp\/v2\/pages\/48936\/revisions\/49275"}],"wp:featuredmedia":[{"embeddable":true,"href":"https:\/\/monatglobal.com\/ca\/wp-json\/wp\/v2\/media\/48896"}],"wp:attachment":[{"href":"https:\/\/monatglobal.com\/ca\/wp-json\/wp\/v2\/media?parent=48936"}],"wp:term":[{"taxonomy":"category","embeddable":true,"href":"https:\/\/monatglobal.com\/ca\/wp-json\/wp\/v2\/categories?post=48936"},{"taxonomy":"post_tag","embeddable":true,"href":"https:\/\/monatglobal.com\/ca\/wp-json\/wp\/v2\/tags?post=48936"}],"curies":[{"name":"wp","href":"https:\/\/api.w.org\/{rel}","templated":true}]}}