{"id":48917,"date":"2019-11-21T20:00:09","date_gmt":"2019-11-21T20:00:09","guid":{"rendered":"https:\/\/monatglobal.com\/ca\/?page_id=48917"},"modified":"2019-11-28T21:25:56","modified_gmt":"2019-11-28T21:25:56","slug":"bonjour-cheveux-sains","status":"publish","type":"page","link":"https:\/\/monatglobal.com\/ca\/bonjour-cheveux-sains\/?lang=fr","title":{"rendered":"Bonjour Cheveux Sains | MONAT Black Friday"},"content":{"rendered":"\n<!-- Generator: Adobe Illustrator 23.0.3, SVG Export Plug-In . SVG Version: 6.00 Build 0)  -->\n\t<p> ON SALE Sunday, September 15 11a.m. EDT<\/p> \n\t\t\t\t<img decoding=\"async\" src=\"https:\/\/monatglobal.com\/wp-content\/uploads\/2019\/11\/Hello-Healthy-Hair-set.jpg\" alt=\"PurchasePlusDiscount_Customer_FAQ_CAN_FR (1)\" itemprop=\"image\" title=\"PurchasePlusDiscount_Customer_FAQ_CAN_FR (1)\"  \/>\n    LA COLLECTION UNE LUEUR D\u2019ESPOIR\n      \u00c9DITION LIMIT\u00c9E \n    <h1>Bonjour<br>cheveux sains<\/h1>\n\t<p>COMPREND :<\/p> \n\t<h3>\n     \u2218  Shampooing Intense Repair, 237 ml e 8 oz liq.\n<br>\n     \u2218  Revitalisant Intense Repair, 178 ml e 6 oz liq. <br>\n     \u2218  Traitement Intense Repair, 74 ml e 2,5 oz liq. <br>\n     \u2218  Vaporisateur Thickening, 59 ml e 2 oz liq.<br>\n     \u2218  REJUVABEADS\u2122, 70 ml e 2,4 oz liq.<br> \n     \u2218  Appareil de massage du cuir chevelu MONAT, en \u00e9dition limit\u00e9e <br>\n     \u2218  Sac \u00e0 dos transparent MONAT, en \u00e9dition limit\u00e9e <br>\n     \u2218  Sac en toile \u00e0 cordon MONAT, en \u00e9dition limit\u00e9e \n<\/h3>\n      Valeur au d\u00e9tail\n      <p> 338,00 $ CA<\/p>\n   Prix de VIP\n   <p> 145,00 $ CA<\/p>\n      Prix de d\u00e9tail r\u00e9duit\n      <p> 170,00 $ CA<\/p>\n\t*Dans la limite des stocks\n\t\t\t<a href=\"https:\/\/mymonat.com\/shop\/products\/hello-healthy-hair\" target=\"_self\" role=\"button\">\n\t\t\t\t\t\t\tMAGASINEZ\n\t\t\t\t\t<\/a>\n\t Bonjour Cheveux Sains\n\t<h1>C\u2019est la saison des cheveux plus volumineux, plus longs et plus r\u00e9sistants.<\/h1>\n<p>Hydratez, renforcez et am\u00e9liorez l\u2019\u00e9tat des cheveux fins, minces ou sujets aux cassures gr\u00e2ce \u00e0 la collection Bonjour cheveux sains en \u00e9dition limit\u00e9e, comprenant nos formules de pointes pour rendre les cheveux fins et sans vie plus \u00e9pais et d\u2019apparence plus volumineuse. Cet ensemble nourrira les cheveux minces et en manque l\u2019alimentation en les dynamisant.<\/p>\n\t<h1>Vos cheveux volumineux feront sensation pendant les f\u00eates.<\/h1>\n\t\t\t\t<img loading=\"lazy\" decoding=\"async\" src=\"https:\/\/monatglobal.com\/wp-content\/uploads\/2019\/11\/bf-hello-ir-shampoo.png\" alt=\"bf-hello-ir-shampoo\" itemprop=\"image\" height=\"450\" width=\"341\" title=\"bf-hello-ir-shampoo\"  \/>\n\tShampooing Intense Repair \n<p>Un doux nettoyant qui aide \u00e0 cr\u00e9er un environnement plus sain pour favoriser la croissance naturelle des cheveux. <\/p>\n\t\t\t<a href=\"#\" role=\"button\">\n\t\t\t\t\t\t\tLISTE D\u2019INGR\u00c9DIENTS\n\t\t\t\t\t<\/a>\n\t\tAqua\/Water\/Eau, Sodium Cocoyl Isethionate, Sodium Lauroyl Methyl Isethionate, Lauramidopropyl Betaine, Acrylates Copolymer, Glycol Distearate, Glycereth-26, Cetearyl Alcohol, Pisum Sativum (Pea) Extract, Acetyl Tetrapeptide-3, Trifolium Pratense (Clover) Flower Extract, Limnanthes Alba (Meadowfoam) Seed Oil, Crambe Abyssinica Seed Oil, Camellia Oleifera Seed Oil, Solanum Lycopersicum (Tomato) Seed Oil, Daucus Carota Sativa (Carrot) Seed Oil, Citrus Limon (Lemon) Peel Oil, Citrus Aurantifolia (Lime) Oil, Citrus Aurantium Bergamia (Bergamot) Fruit Oil, Adansonia Digitata Oil, Mauritia Flexuosa Fruit Oil, Cocos Nucifera (Coconut) Oil, Gardenia Taitensis Flower Extract, Moringa Oleifera Seed Oil, Caryocar Brasiliense Fruit Oil, Helianthus Annuus (Sunflower) Seed Oil, Mentha Piperita (Peppermint) Oil, Rosmarinus Officinalis (Rosemary) Leaf Oil, Glycerin, Cinnamidopropyltrimonium Chloride, Dextran, Polyquaternium-7, Butylene Glycol, Citric Acid, Vanillyl Butyl Ether, Polyquaternium-10, Disodium EDTA, Sodium Hydroxide, Benzyl Alcohol, Caprylyl Glycol, Benzoic Acid.\n\t\n\t\t\t\t<img loading=\"lazy\" decoding=\"async\" src=\"https:\/\/monatglobal.com\/wp-content\/uploads\/2019\/11\/bf-hello-ir-conditioner.png\" alt=\"bf-hello-ir-conditioner\" itemprop=\"image\" height=\"450\" width=\"341\" title=\"bf-hello-ir-conditioner\"  \/>\n\t<p>Revitalisant Intense Repair<\/p>\n<p>Un riche revitalisant qui favorise une apparence plus \u00e9paisse et une densit\u00e9 saine.<\/p>\n\t\t\t<a href=\"#\" role=\"button\">\n\t\t\t\t\t\t\tLISTE D\u2019INGR\u00c9DIENTS\n\t\t\t\t\t<\/a>\n\t\tAqua\/Water\/Eau, Cetearyl Alcohol, Isoamyl Laurate, Behentrimonium Chloride, Linum Usitatissimum (Linseed) Seed Extract, Glycerin, Stearamidopropyl Dimethylamine, Pisum Sativum (Pea) Extract, Acetyl Tetrapeptide-3, Trifolium Pratense (Clover) Flower Extract, Limnanthes Alba (Meadowfoam) Seed Oil, Crambe Abyssinica Seed Oil, Camellia Oleifera Seed Oil, Solanum Lycopersicum (Tomato) Seed Oil, Daucus Carota Sativa (Carrot) Seed Oil, Citrus Limon (Lemon) Peel Oil, Citrus Aurantifolia (Lime) Oil, Citrus Aurantium Bergamia (Bergamot) Fruit Oil, Adansonia Digitata Oil, Mauritia Flexuosa Fruit Oil, Cocos Nucifera (Coconut) Oil, Gardenia Taitensis Flower Extract, Moringa Oleifera Seed Oil, Caryocar Brasiliense Fruit Oil, Helianthus Annuus (Sunflower) Seed Oil, Mentha Piperita (Peppermint) Oil, Rosmarinus Officinalis (Rosemary) Leaf Oil, Salvia Hispanica Seed Extract, Cinnamidopropyltrimonium Chloride, Dextran, Citric Acid, Glyceryl Caprylate, Caprylhydroxamic Acid, Butylene Glycol, Benzyl Alcohol, Dehydroacetic Acid.\n\t\n\t\t\t\t<img loading=\"lazy\" decoding=\"async\" src=\"https:\/\/monatglobal.com\/wp-content\/uploads\/2019\/11\/bf-hello-ir-treatment.png\" alt=\"bf-hello-ir-treatment\" itemprop=\"image\" height=\"450\" width=\"341\" title=\"bf-hello-ir-treatment\"  \/>\n\tTraitement Intense Repair  \n<p>Un puissant traitement revitalisant pour des cheveux plus \u00e9pais, plus volumineux et d\u2019apparence plus saine.<\/p>\n\t\t\t<a href=\"#\" role=\"button\">\n\t\t\t\t\t\t\tLISTE D\u2019INGR\u00c9DIENTS\n\t\t\t\t\t<\/a>\n\t\tAqua\/Water\/Eau, Butylene Glycol, Acetyl Tetrapeptide-3, Trifolium Pratense (Clover) Flower Extract, Hydrolyzed Wheat Protein, Glycerin, Dextran, Xanthan Gum, PVP, Benzyl Alcohol, Dehydroacetic Acid.\n\t\n\t\t\t\t<img loading=\"lazy\" decoding=\"async\" src=\"https:\/\/monatglobal.com\/wp-content\/uploads\/2019\/11\/bf-hello-thickening.png\" alt=\"bf-hello-thickening\" itemprop=\"image\" height=\"450\" width=\"341\" title=\"bf-hello-thickening\"  \/>\n\tVaporisateur Thickening  \n<p>Un vaporisateur coiffant qui donne une apparence plus \u00e9paisse aux cheveux, ajoute du volume \u00e0 la racine et donne du corps et du rebond.<\/p>\n\t\t\t<a href=\"#\" role=\"button\">\n\t\t\t\t\t\t\tLISTE D\u2019INGR\u00c9DIENTS\n\t\t\t\t\t<\/a>\n\t\tAlcohol Denat., Aqua\/Water\/Eau, AMP-Acrylates\/Allyl Methacrylate Copolymer, Glycerin, Hydrolyzed Rice Protein, Fragrance\/Parfum, Trifolium Pratense (Clover) Flower Extract, Acetyl Tetrapeptide-3, Pisum Sativum (Pea) Extract, Panthenol, Wheat Amino Acids, Soy Amino Acids, Arginine HCl, Serine, Threonine, Cinnamidopropyltrimonium Chloride, Dextran, Butylene Glycol, Aminomethyl Propanol, Citric Acid, Benzyl Salicylate, Butylphenyl Methylpropional, Cinnamal, Linalool.\n\t\n\t\t\t\t<img loading=\"lazy\" decoding=\"async\" src=\"https:\/\/monatglobal.com\/wp-content\/uploads\/2019\/11\/bf-hello-rejuvabeads.png\" alt=\"bf-hello-rejuvabeads\" itemprop=\"image\" height=\"450\" width=\"341\" title=\"bf-hello-rejuvabeads\"  \/>\n\tREJUVABEADS\u2122 par MONAT\n<p>Un traitement sans rin\u00e7age qui cible et r\u00e9pare temporairement les pointes fourchues et les autres surfaces endommag\u00e9es le long de la tige du cheveu en une minute.<\/p>\n\t\t\t<a href=\"#\" role=\"button\">\n\t\t\t\t\t\t\tLISTE D\u2019INGR\u00c9DIENTS\n\t\t\t\t\t<\/a>\n\t\tAqua\/Water\/Eau, Cetearyl Alcohol, Isoamyl Laurate, Behentrimonium Chloride, Glycerin, Limnanthes Alba (Meadowfoam) Seed Oil, Crambe Abyssinica Seed Oil, Camellia Oleifera Seed Oil, Solanum Lycopersicum (Tomato) Seed Oil, Daucus Carota Sativa (Carrot) Seed Oil, Citrus Limon (Lemon) Peel Oil, Citrus Aurantifolia (Lime) Oil, Citrus Aurantium Bergamia (Bergamot) Fruit Oil, Adansonia Digitata Oil, Mauritia Flexuosa Fruit Oil, Gardenia Taitensis Flower Extract, Moringa Oleifera Seed Oil, Caryocar Brasiliense Fruit Oil, Helianthus Annuus (Sunflower) Seed Oil, Linum Usitatissimum (Linseed) Seed Extract, Salvia Hispanica Seed Extract, Tocopherol, Xanthan Gum, Carrageenan, Algin, Guar Hydroxypropyltrimonium Chloride, Chitosan, Caprylic\/Capric Triglyceride, Coco-Glucoside, Sorbitan Oleate, Fragrance\/Parfum, Stearamidopropyl Dimethylamine, Benzyl Alcohol, Ethylhexylglycerin, Limonene.\n\t\n\t<h1>Conseils d\u2019utilisation<\/h1>\n\t<p>Shampooing et<br>revitalisant Intense Repair<\/p>\n\/ \u00c9mulsionner dans les mains et appliquer sur cheveux mouill\u00e9s. Laisser agir 2 ou 3 minutes. Rincer et r\u00e9p\u00e9ter l\u2019op\u00e9ration. Essorer\nd\u00e9licatement les cheveux et appliquer le revitalisant MONAT Intense Repair. Laisser agir 5 minutes. Bien rincer.\n\n<br>\n<p>Traitement Intense<br>Repair<\/p>\n<p>\/ Vaporiser directement sur le cuir chevelu, une section \u00e0 la fois. Masser doucement. Ne pas rincer. Pour de meilleurs r\u00e9sultats, utiliser 2 fois par jour.<\/p>\n\t<p>REJUVABEADS\u2122 par MONAT<\/p>\n<p>\/ Appliquer le produit sur cheveux propres et essor\u00e9s, du milieu jusqu\u2019aux pointes. Attendre une minute. Coiffer comme d\u2019habitude. <\/p>\n<br>\n<p> Vaporisateur Thickening<\/p>\n<p>\/ Appliquer sur les cheveux propres et essor\u00e9s. S\u00e9cher au s\u00e8che-cheveux et coiffer comme d\u2019habitude.<\/p>\n\t\t\t<a href=\"https:\/\/mymonat.com\/shop\/products\/hello-healthy-hair\" target=\"_self\" role=\"button\">\n\t\t\t\t\t\t\tMAGASINEZ\n\t\t\t\t\t<\/a>\n\t VOUS POURRIEZ AUSSI AIMER\n\t<a href=\"https:\/\/monatglobal.com\/ca\/solde-du-vendredi\/?lang=fr\"><h1>La collection une lueur d\u2019espoir<\/h1><\/a>\n\t<a href=\"https:\/\/monatglobal.com\/ca\/vendredi-resplendissant\/?lang=fr\"><h1>Collection du vendredi resplendissant\n<\/h1><\/a>\n","protected":false},"excerpt":{"rendered":"<p>ON SALE Sunday, September 15 11a.m. EDT LA COLLECTION UNE LUEUR D\u2019ESPOIR \u00c9DITION LIMIT\u00c9E Bonjourcheveux sains COMPREND : \u2218 Shampooing Intense Repair, 237 ml e 8 oz liq. \u2218 Revitalisant Intense Repair, 178 ml e 6 oz liq. \u2218 Traitement Intense Repair, 74 ml e 2,5 oz liq. \u2218 Vaporisateur Thickening, 59 ml e 2&hellip;<\/p>\n","protected":false},"author":31,"featured_media":48789,"parent":0,"menu_order":0,"comment_status":"closed","ping_status":"closed","template":"template-full-custom.php","meta":{"inline_featured_image":false,"om_disable_all_campaigns":false,"_monsterinsights_skip_tracking":false,"_monsterinsights_sitenote_active":false,"_monsterinsights_sitenote_note":"","_monsterinsights_sitenote_category":0,"footnotes":""},"categories":[],"tags":[],"class_list":["post-48917","page","type-page","status-publish","has-post-thumbnail","hentry"],"aioseo_notices":[],"aioseo_head":"\n\t\t<!-- All in One SEO Pro 4.9.6 - aioseo.com -->\n\t<meta name=\"description\" content=\"ON SALE Sunday, September 15 11a.m. EDT LA COLLECTION UNE LUEUR D\u2019ESPOIR \u00c9DITION LIMIT\u00c9E Bonjourcheveux sains COMPREND : \u2218 Shampooing Intense Repair, 237 ml e 8 oz liq. \u2218 Revitalisant Intense Repair, 178 ml e 6 oz liq. \u2218 Traitement Intense Repair, 74 ml e 2,5 oz liq. \u2218 Vaporisateur Thickening, 59 ml e 2\" \/>\n\t<meta name=\"robots\" content=\"max-image-preview:large\" \/>\n\t<link rel=\"canonical\" href=\"https:\/\/monatglobal.com\/ca\/bonjour-cheveux-sains\/?lang=fr\" \/>\n\t<meta name=\"generator\" content=\"All in One SEO Pro (AIOSEO) 4.9.6\" \/>\n\t\t<meta property=\"og:locale\" content=\"en_US\" \/>\n\t\t<meta property=\"og:site_name\" content=\"Monat Canada English - We Are Modern Nature\" \/>\n\t\t<meta property=\"og:type\" content=\"article\" \/>\n\t\t<meta property=\"og:title\" content=\"Bonjour Cheveux Sains | MONAT Black Friday - Monat Canada English\" \/>\n\t\t<meta property=\"og:description\" content=\"ON SALE Sunday, September 15 11a.m. EDT LA COLLECTION UNE LUEUR D\u2019ESPOIR \u00c9DITION LIMIT\u00c9E Bonjourcheveux sains COMPREND : \u2218 Shampooing Intense Repair, 237 ml e 8 oz liq. \u2218 Revitalisant Intense Repair, 178 ml e 6 oz liq. \u2218 Traitement Intense Repair, 74 ml e 2,5 oz liq. \u2218 Vaporisateur Thickening, 59 ml e 2\" \/>\n\t\t<meta property=\"og:url\" content=\"https:\/\/monatglobal.com\/ca\/bonjour-cheveux-sains\/?lang=fr\" \/>\n\t\t<meta property=\"article:published_time\" content=\"2019-11-21T20:00:09+00:00\" \/>\n\t\t<meta property=\"article:modified_time\" content=\"2019-11-28T21:25:56+00:00\" \/>\n\t\t<meta name=\"twitter:card\" content=\"summary_large_image\" \/>\n\t\t<meta name=\"twitter:title\" content=\"Bonjour Cheveux Sains | MONAT Black Friday - Monat Canada English\" \/>\n\t\t<meta name=\"twitter:description\" content=\"ON SALE Sunday, September 15 11a.m. EDT LA COLLECTION UNE LUEUR D\u2019ESPOIR \u00c9DITION LIMIT\u00c9E Bonjourcheveux sains COMPREND : \u2218 Shampooing Intense Repair, 237 ml e 8 oz liq. \u2218 Revitalisant Intense Repair, 178 ml e 6 oz liq. \u2218 Traitement Intense Repair, 74 ml e 2,5 oz liq. \u2218 Vaporisateur Thickening, 59 ml e 2\" \/>\n\t\t<script type=\"application\/ld+json\" class=\"aioseo-schema\">\n\t\t\t{\"@context\":\"https:\\\/\\\/schema.org\",\"@graph\":[{\"@type\":\"BreadcrumbList\",\"@id\":\"https:\\\/\\\/monatglobal.com\\\/ca\\\/bonjour-cheveux-sains\\\/?lang=fr#breadcrumblist\",\"itemListElement\":[{\"@type\":\"ListItem\",\"@id\":\"https:\\\/\\\/monatglobal.com\\\/ca#listItem\",\"position\":1,\"name\":\"Home\",\"item\":\"https:\\\/\\\/monatglobal.com\\\/ca\",\"nextItem\":{\"@type\":\"ListItem\",\"@id\":\"https:\\\/\\\/monatglobal.com\\\/ca\\\/bonjour-cheveux-sains\\\/?lang=fr#listItem\",\"name\":\"Bonjour Cheveux Sains | MONAT Black Friday\"}},{\"@type\":\"ListItem\",\"@id\":\"https:\\\/\\\/monatglobal.com\\\/ca\\\/bonjour-cheveux-sains\\\/?lang=fr#listItem\",\"position\":2,\"name\":\"Bonjour Cheveux Sains | MONAT Black Friday\",\"previousItem\":{\"@type\":\"ListItem\",\"@id\":\"https:\\\/\\\/monatglobal.com\\\/ca#listItem\",\"name\":\"Home\"}}]},{\"@type\":\"Organization\",\"@id\":\"https:\\\/\\\/monatglobal.com\\\/ca\\\/#organization\",\"name\":\"Monat Canada English\",\"description\":\"We Are Modern Nature\",\"url\":\"https:\\\/\\\/monatglobal.com\\\/ca\\\/\"},{\"@type\":\"WebPage\",\"@id\":\"https:\\\/\\\/monatglobal.com\\\/ca\\\/bonjour-cheveux-sains\\\/?lang=fr#webpage\",\"url\":\"https:\\\/\\\/monatglobal.com\\\/ca\\\/bonjour-cheveux-sains\\\/?lang=fr\",\"name\":\"Bonjour Cheveux Sains | MONAT Black Friday - Monat Canada English\",\"description\":\"ON SALE Sunday, September 15 11a.m. EDT LA COLLECTION UNE LUEUR D\\u2019ESPOIR \\u00c9DITION LIMIT\\u00c9E Bonjourcheveux sains COMPREND : \\u2218 Shampooing Intense Repair, 237 ml e 8 oz liq. \\u2218 Revitalisant Intense Repair, 178 ml e 6 oz liq. \\u2218 Traitement Intense Repair, 74 ml e 2,5 oz liq. \\u2218 Vaporisateur Thickening, 59 ml e 2\",\"inLanguage\":\"en-US\",\"isPartOf\":{\"@id\":\"https:\\\/\\\/monatglobal.com\\\/ca\\\/#website\"},\"breadcrumb\":{\"@id\":\"https:\\\/\\\/monatglobal.com\\\/ca\\\/bonjour-cheveux-sains\\\/?lang=fr#breadcrumblist\"},\"image\":{\"@type\":\"ImageObject\",\"url\":\"https:\\\/\\\/monatglobal.com\\\/ca\\\/wp-content\\\/uploads\\\/sites\\\/5\\\/2019\\\/11\\\/hello-healthy-hair-thumb.jpg\",\"@id\":\"https:\\\/\\\/monatglobal.com\\\/ca\\\/bonjour-cheveux-sains\\\/?lang=fr\\\/#mainImage\",\"width\":504,\"height\":411},\"primaryImageOfPage\":{\"@id\":\"https:\\\/\\\/monatglobal.com\\\/ca\\\/bonjour-cheveux-sains\\\/?lang=fr#mainImage\"},\"datePublished\":\"2019-11-21T20:00:09-05:00\",\"dateModified\":\"2019-11-28T21:25:56-05:00\"},{\"@type\":\"WebSite\",\"@id\":\"https:\\\/\\\/monatglobal.com\\\/ca\\\/#website\",\"url\":\"https:\\\/\\\/monatglobal.com\\\/ca\\\/\",\"name\":\"Monat Canada English\",\"description\":\"We Are Modern Nature\",\"inLanguage\":\"en-US\",\"publisher\":{\"@id\":\"https:\\\/\\\/monatglobal.com\\\/ca\\\/#organization\"}}]}\n\t\t<\/script>\n\t\t<!-- All in One SEO Pro -->\r\n\t\t<title>Bonjour Cheveux Sains | MONAT Black Friday - Monat Canada English<\/title>\n\n","aioseo_head_json":{"title":"Bonjour Cheveux Sains | MONAT Black Friday - Monat Canada English","description":"ON SALE Sunday, September 15 11a.m. EDT LA COLLECTION UNE LUEUR D\u2019ESPOIR \u00c9DITION LIMIT\u00c9E Bonjourcheveux sains COMPREND : \u2218 Shampooing Intense Repair, 237 ml e 8 oz liq. \u2218 Revitalisant Intense Repair, 178 ml e 6 oz liq. \u2218 Traitement Intense Repair, 74 ml e 2,5 oz liq. \u2218 Vaporisateur Thickening, 59 ml e 2","canonical_url":"https:\/\/monatglobal.com\/ca\/bonjour-cheveux-sains\/?lang=fr","robots":"max-image-preview:large","keywords":"","webmasterTools":{"miscellaneous":""},"schema":{"@context":"https:\/\/schema.org","@graph":[{"@type":"BreadcrumbList","@id":"https:\/\/monatglobal.com\/ca\/bonjour-cheveux-sains\/?lang=fr#breadcrumblist","itemListElement":[{"@type":"ListItem","@id":"https:\/\/monatglobal.com\/ca#listItem","position":1,"name":"Home","item":"https:\/\/monatglobal.com\/ca","nextItem":{"@type":"ListItem","@id":"https:\/\/monatglobal.com\/ca\/bonjour-cheveux-sains\/?lang=fr#listItem","name":"Bonjour Cheveux Sains | MONAT Black Friday"}},{"@type":"ListItem","@id":"https:\/\/monatglobal.com\/ca\/bonjour-cheveux-sains\/?lang=fr#listItem","position":2,"name":"Bonjour Cheveux Sains | MONAT Black Friday","previousItem":{"@type":"ListItem","@id":"https:\/\/monatglobal.com\/ca#listItem","name":"Home"}}]},{"@type":"Organization","@id":"https:\/\/monatglobal.com\/ca\/#organization","name":"Monat Canada English","description":"We Are Modern Nature","url":"https:\/\/monatglobal.com\/ca\/"},{"@type":"WebPage","@id":"https:\/\/monatglobal.com\/ca\/bonjour-cheveux-sains\/?lang=fr#webpage","url":"https:\/\/monatglobal.com\/ca\/bonjour-cheveux-sains\/?lang=fr","name":"Bonjour Cheveux Sains | MONAT Black Friday - Monat Canada English","description":"ON SALE Sunday, September 15 11a.m. EDT LA COLLECTION UNE LUEUR D\u2019ESPOIR \u00c9DITION LIMIT\u00c9E Bonjourcheveux sains COMPREND : \u2218 Shampooing Intense Repair, 237 ml e 8 oz liq. \u2218 Revitalisant Intense Repair, 178 ml e 6 oz liq. \u2218 Traitement Intense Repair, 74 ml e 2,5 oz liq. \u2218 Vaporisateur Thickening, 59 ml e 2","inLanguage":"en-US","isPartOf":{"@id":"https:\/\/monatglobal.com\/ca\/#website"},"breadcrumb":{"@id":"https:\/\/monatglobal.com\/ca\/bonjour-cheveux-sains\/?lang=fr#breadcrumblist"},"image":{"@type":"ImageObject","url":"https:\/\/monatglobal.com\/ca\/wp-content\/uploads\/sites\/5\/2019\/11\/hello-healthy-hair-thumb.jpg","@id":"https:\/\/monatglobal.com\/ca\/bonjour-cheveux-sains\/?lang=fr\/#mainImage","width":504,"height":411},"primaryImageOfPage":{"@id":"https:\/\/monatglobal.com\/ca\/bonjour-cheveux-sains\/?lang=fr#mainImage"},"datePublished":"2019-11-21T20:00:09-05:00","dateModified":"2019-11-28T21:25:56-05:00"},{"@type":"WebSite","@id":"https:\/\/monatglobal.com\/ca\/#website","url":"https:\/\/monatglobal.com\/ca\/","name":"Monat Canada English","description":"We Are Modern Nature","inLanguage":"en-US","publisher":{"@id":"https:\/\/monatglobal.com\/ca\/#organization"}}]},"og:locale":"en_US","og:site_name":"Monat Canada English - We Are Modern Nature","og:type":"article","og:title":"Bonjour Cheveux Sains | MONAT Black Friday - Monat Canada English","og:description":"ON SALE Sunday, September 15 11a.m. EDT LA COLLECTION UNE LUEUR D\u2019ESPOIR \u00c9DITION LIMIT\u00c9E Bonjourcheveux sains COMPREND : \u2218 Shampooing Intense Repair, 237 ml e 8 oz liq. \u2218 Revitalisant Intense Repair, 178 ml e 6 oz liq. \u2218 Traitement Intense Repair, 74 ml e 2,5 oz liq. \u2218 Vaporisateur Thickening, 59 ml e 2","og:url":"https:\/\/monatglobal.com\/ca\/bonjour-cheveux-sains\/?lang=fr","article:published_time":"2019-11-21T20:00:09+00:00","article:modified_time":"2019-11-28T21:25:56+00:00","twitter:card":"summary_large_image","twitter:title":"Bonjour Cheveux Sains | MONAT Black Friday - Monat Canada English","twitter:description":"ON SALE Sunday, September 15 11a.m. EDT LA COLLECTION UNE LUEUR D\u2019ESPOIR \u00c9DITION LIMIT\u00c9E Bonjourcheveux sains COMPREND : \u2218 Shampooing Intense Repair, 237 ml e 8 oz liq. \u2218 Revitalisant Intense Repair, 178 ml e 6 oz liq. \u2218 Traitement Intense Repair, 74 ml e 2,5 oz liq. \u2218 Vaporisateur Thickening, 59 ml e 2"},"aioseo_meta_data":{"post_id":"48917","title":null,"description":null,"keywords":null,"keyphrases":null,"primary_term":null,"canonical_url":null,"og_title":null,"og_description":null,"og_object_type":"default","og_image_type":"default","og_image_url":null,"og_image_width":null,"og_image_height":null,"og_image_custom_url":null,"og_image_custom_fields":null,"og_video":null,"og_custom_url":null,"og_article_section":null,"og_article_tags":null,"twitter_use_og":false,"twitter_card":"default","twitter_image_type":"default","twitter_image_url":null,"twitter_image_custom_url":null,"twitter_image_custom_fields":null,"twitter_title":null,"twitter_description":null,"schema":{"blockGraphs":[],"customGraphs":[],"default":{"data":{"Article":[],"Course":[],"Dataset":[],"FAQPage":[],"Movie":[],"Person":[],"Product":[],"ProductReview":[],"Car":[],"Recipe":[],"Service":[],"SoftwareApplication":[],"WebPage":[]},"graphName":"","isEnabled":true},"graphs":[]},"schema_type":"default","schema_type_options":null,"pillar_content":false,"robots_default":true,"robots_noindex":false,"robots_noarchive":false,"robots_nosnippet":false,"robots_nofollow":false,"robots_noimageindex":false,"robots_noodp":false,"robots_notranslate":false,"robots_max_snippet":null,"robots_max_videopreview":null,"robots_max_imagepreview":"large","priority":null,"frequency":null,"local_seo":null,"seo_analyzer_scan_date":"2026-02-10 04:21:40","limit_modified_date":false,"reviewed_by":null,"open_ai":null,"ai":null,"created":"2023-07-26 12:44:02","updated":"2026-02-10 04:21:40"},"aioseo_breadcrumb":"<div class=\"aioseo-breadcrumbs\"><span class=\"aioseo-breadcrumb\">\n\t<a href=\"https:\/\/monatglobal.com\/ca\" title=\"Home\">Home<\/a>\n<\/span><span class=\"aioseo-breadcrumb-separator\">&raquo;<\/span><span class=\"aioseo-breadcrumb\">\n\tBonjour Cheveux Sains | MONAT Black Friday\n<\/span><\/div>","aioseo_breadcrumb_json":[{"label":"Home","link":"https:\/\/monatglobal.com\/ca"},{"label":"Bonjour Cheveux Sains | MONAT Black Friday","link":"https:\/\/monatglobal.com\/ca\/bonjour-cheveux-sains\/?lang=fr"}],"_links":{"self":[{"href":"https:\/\/monatglobal.com\/ca\/wp-json\/wp\/v2\/pages\/48917","targetHints":{"allow":["GET"]}}],"collection":[{"href":"https:\/\/monatglobal.com\/ca\/wp-json\/wp\/v2\/pages"}],"about":[{"href":"https:\/\/monatglobal.com\/ca\/wp-json\/wp\/v2\/types\/page"}],"author":[{"embeddable":true,"href":"https:\/\/monatglobal.com\/ca\/wp-json\/wp\/v2\/users\/31"}],"replies":[{"embeddable":true,"href":"https:\/\/monatglobal.com\/ca\/wp-json\/wp\/v2\/comments?post=48917"}],"version-history":[{"count":10,"href":"https:\/\/monatglobal.com\/ca\/wp-json\/wp\/v2\/pages\/48917\/revisions"}],"predecessor-version":[{"id":49277,"href":"https:\/\/monatglobal.com\/ca\/wp-json\/wp\/v2\/pages\/48917\/revisions\/49277"}],"wp:featuredmedia":[{"embeddable":true,"href":"https:\/\/monatglobal.com\/ca\/wp-json\/wp\/v2\/media\/48789"}],"wp:attachment":[{"href":"https:\/\/monatglobal.com\/ca\/wp-json\/wp\/v2\/media?parent=48917"}],"wp:term":[{"taxonomy":"category","embeddable":true,"href":"https:\/\/monatglobal.com\/ca\/wp-json\/wp\/v2\/categories?post=48917"},{"taxonomy":"post_tag","embeddable":true,"href":"https:\/\/monatglobal.com\/ca\/wp-json\/wp\/v2\/tags?post=48917"}],"curies":[{"name":"wp","href":"https:\/\/api.w.org\/{rel}","templated":true}]}}