{"id":46205,"date":"2019-09-14T22:26:31","date_gmt":"2019-09-14T22:26:31","guid":{"rendered":"https:\/\/monatglobal.com\/ca\/?page_id=46205"},"modified":"2019-09-15T12:47:35","modified_gmt":"2019-09-15T12:47:35","slug":"systeme-monat-black-copy-2","status":"publish","type":"page","link":"https:\/\/monatglobal.com\/ca\/systeme-monat-black-copy-2\/?lang=fr","title":{"rendered":"Copie de Syst\u00e8me MONAT BLACK"},"content":{"rendered":"\n\t\t\t\t<img loading=\"lazy\" decoding=\"async\" src=\"https:\/\/monatglobal.com\/wp-content\/uploads\/2016\/01\/MONAT-BLACK.png\" alt=\"MONAT-BLACK\" itemprop=\"image\" height=\"50\" width=\"125\" title=\"MONAT-BLACK\"  \/>\n\t<img loading=\"lazy\" decoding=\"async\" src=\"https:\/\/monatglobal.com\/wp-content\/uploads\/2019\/09\/Monat-Black-2019-500x438-2019.png\" alt=\"MONAT Black\" width=\"370\" height=\"400\" \/>\n<h1><strong>MONAT <br>BLACK<\/strong><\/h1>\n<hr>\n\t<em>Nous \u00e9levons la barre en mati\u00e8re de robustesse et de raffinement.<br \/>\nInfus\u00e9 de REJUVENIQE\u2122<br \/>\n <\/em>\n<h2>\n\t\tBIENFAITS\n\t<\/h2>\n\t<p><strong>Le syst\u00e8me MONAT BLACK est con\u00e7u pour r\u00e9pondre \u00e0 ses besoins.<\/strong><\/p>\n<p>Chic et \u00e9l\u00e9gant. Scandaleusement \u00e9l\u00e9gant. La nouvelle r\u00e9f\u00e9rence, elle assume pleinement son arrogance \u00e0 l\u2019\u00e9gard des anciennes normes en mati\u00e8re de soins capillaires.<\/p>\n\t<a href=\"https:\/\/player.vimeo.com\/video\/174575217?autoplay=1&amp;color=ffffff&amp;title=0&amp;byline=0&amp;portrait=0\">VOIR LA VID\u00c9O<\/a>\n<h2>\n\t\tCONSEILS D\u2019UTILISATION\n\t<\/h2>\n\t<p>Voir le mode d\u2019emploi sur chaque produit.<\/p><br>\n<h2>\n\t\tLISTE DES PRODUITS\n\t<\/h2>\n    <a href=\"https:\/\/monatglobal.com\/ca\/creme-a-raser-monat-black\/\">VOIR LES D\u00c9TAILS<\/a>\n    <a href=\"https:\/\/monatglobal.com\/ca\/creme-a-raser-monat-black\/\">\n        <img loading=\"lazy\" decoding=\"async\" src=\"https:\/\/monatglobal.com\/ca\/wp-content\/uploads\/sites\/5\/2019\/01\/MB-CREAM-SHAVE-500x438.png\" alt=\"Cr\u00e8me \u00e0 raser MONAT Black\" width=\"250\" height=\"300\" \/>\n    <\/a>\nCR\u00c8ME \u00c0 RASER<br \/>\nMONAT BLACK\n\t<a target=\"_blank\" href=\"https:\/\/corp.mymonat.com\/shop\/products\/black-cream-shave\">MAGASINEZ<\/a>\n    <a href=\"https:\/\/monatglobal.com\/ca\/shampooing-revitalisant\/\">VOIR LES D\u00c9TAILS<\/a>\n    <a href=\"https:\/\/monatglobal.com\/ca\/shampooing-revitalisant\/\">\n        <img loading=\"lazy\" decoding=\"async\" src=\"https:\/\/monatglobal.com\/ca\/wp-content\/uploads\/sites\/5\/2019\/07\/MB-SHAMPOO-CONDITIONER-2019-500x438-1.png\" alt=\"Shampooing + Revitalisant MONAT Black\" width=\"250\" height=\"300\" \/>\n    <\/a>\nSHAMPOOING + REVITALISANT MONAT BLACK\n\t<a target=\"_blank\" href=\"https:\/\/corp.mymonat.com\/shop\/products\/black-men-s-2-in-1\">MAGASINEZ<\/a>\n    <a href=\"https:\/\/monatglobal.com\/ca\/pate-coiffante-monat-black\/\">VOIR LES D\u00c9TAILS<\/a>\n    <a href=\"https:\/\/monatglobal.com\/ca\/pate-coiffante-monat-black\/\">\n        <img loading=\"lazy\" decoding=\"async\" src=\"https:\/\/monatglobal.com\/ca\/wp-content\/uploads\/sites\/5\/2019\/01\/MB-GROOM-STYLING-CLAY-500x438.png\" alt=\"P\u00e2te coiffante groom MONAT Black\" width=\"250\" height=\"300\" \/><\/a>\nP\u00c2TE COIFFANTE GROOM MONAT BLACK\n\t<a target=\"_blank\" href=\"https:\/\/corp.mymonat.com\/shop\/products\/black-groom-styling-clay\">MAGASINEZ<\/a>\n    <a href=\"https:\/\/monatglobal.com\/ca\/apres-rasage-hydratant-black\/\">VOIR LES D\u00c9TAILS<\/a>\n    <a href=\"https:\/\/monatglobal.com\/ca\/apres-rasage-hydratant-black\/\">\n        <img loading=\"lazy\" decoding=\"async\" src=\"https:\/\/monatglobal.com\/ca\/wp-content\/uploads\/sites\/5\/2019\/01\/MB-AFTERSHAVE-MOISTURIZER-500x438.png\" alt=\"Apr\u00e8s-rasage + Hydratant MONAT Black\" width=\"250\" height=\"300\" \/>\n    <\/a>\nAPR\u00c8S-RASAGE + HYDRATANT MONAT BLACK\n\t<a target=\"_blank\" href=\"https:\/\/corp.mymonat.com\/shop\/products\/black-after-shave-moisturizere\">MAGASINEZ<\/a>\n    <a href=\"https:\/\/monatglobal.com\/ca\/huile-a-barbe-monat-black\/\">VOIR LES D\u00c9TAILS<\/a>\n    <a href=\"https:\/\/monatglobal.com\/ca\/huile-a-barbe-monat-black\/\">\n        <img loading=\"lazy\" decoding=\"async\" src=\"https:\/\/monatglobal.com\/ca\/wp-content\/uploads\/sites\/5\/2019\/01\/MB-BEARD-OIL-500x438.png\" alt=\"Huile A Barbe MONAT Black\" width=\"220\" height=\"300\" \/>\n    <\/a>\nHUILE \u00c0 BARBE<br \/> MONAT BLACK\n\t<a target=\"_blank\" href=\"https:\/\/corp.mymonat.com\/shop\/products\/beard-oil\">MAGASINEZ<\/a>\n<h2>\n\t\tNOUS DISONS <br\/>\u00ab NON \u00bb AUX INGR\u00c9DIENTS TOXIQUES.\n\t<\/h2>\n\t<ul>\n<li>Parab\u00e8nes<\/li>\n<li>SLS\/SLES<\/li>\n<li>Silicones cycliques<\/li>\n<li>BHT<\/li>\n<li>DEA\/MEA<\/li>\n<li>Phthalates<\/li>\n<li>Ph\u00e9noxy\u00e9thanol<\/li>\n<li>P\u00e9trolatum<\/li>\n<li>Huiles min\u00e9rales<\/li>\n<li>Cire de paraffine<\/li>\n<li>Triclosan<\/li>\n<li>Microbilles de plastique<\/li>\n<li>Lib\u00e9rateurs de formald\u00e9hyde<\/li>\n<li>Colorants nocifs<\/li>\n<li>Parfums nocifs<\/li>\n    <\/ul>\n<h5>\n\t\tNous disons <strong>\u00ab non \u00bb aux tests sur les animaux<\/strong>. Nos produits sont v\u00e9g\u00e9taliens.\n\t<\/h5>\n<h2>\n\t\tINGR\u00c9DIENTS CL\u00c9S\n\t<\/h2>\n\t<p><img loading=\"lazy\" decoding=\"async\" src=\"https:\/\/monatglobal.com\/wp-content\/uploads\/2016\/07\/ingredient_blacksys.png\" alt=\"INGREDIENTS_aftershave\" width=\"183\" height=\"174\" \/><\/p>\n\t<p><strong>REJUVENIQE\u2122<\/strong><\/p>\n<p>Un m\u00e9lange de plus de 13 huiles v\u00e9g\u00e9tales et essentielles naturelles, riche en acides gras om\u00e9ga, antioxydants et nutriments hautement compatibles avec la peau et les cheveux.<\/p>\n\t<p><strong>CAPIXYL\u2122<\/strong><\/p>\n<p>Un m\u00e9lange \u00e9mollient qui aide \u00e0 prot\u00e9ger le cuir chevelu et \u00e0 \u00e9paissir les cheveux, tout en augmentant la densit\u00e9 des cheveux.<\/p>\n\t<p><strong>PROCATALINE\u2122<\/strong><\/p>\n<p>Ce m\u00e9lange de pointe contenant l\u2019extrait de pois soutient les cheveux sains et d\u2019apparence plus jeune en aidant \u00e0 prot\u00e9ger vos cheveux des dommages caus\u00e9s par les rayons UV et les facteurs environnementaux. <\/p>\n\t<p><strong>CRODASORB\u2122<\/strong><\/p>\n<p>Un puissant ingr\u00e9dient qui aide \u00e0 prot\u00e9ger contre les rayons UV nuisibles, ce qui aide \u00e0 pr\u00e9server la pigmentation naturelle des cheveux pour des cheveux prot\u00e9g\u00e9s et r\u00e9sistants.<\/p>\n\t<p><strong>FEUILLE D\u2019ALO\u00c8S<\/strong><\/p>\n<p>Aide \u00e0 apaiser et \u00e0 rafra\u00eechir la peau.<\/p>\n\t<p><strong>EXTRAIT DE KELP<\/strong><\/p>\n<p>Aide \u00e0 apaiser et \u00e0 hydrater la peau, en plus de la lisser.<\/p>\n\t<p><strong>CIRE KESTER CT <\/strong><\/p>\n<p> Cet ester de cire d\u2019origine naturelle et v\u00e9g\u00e9tale aide \u00e0 maintenir les cheveux en place.<\/p>\n\t<p><strong>Vital ET<sup>\u00ae<\/sup> <\/strong><\/p>\n<p>Un phosphate d\u00e9riv\u00e9 de vitamine E; il aide \u00e0 prot\u00e9ger contre les sympt\u00f4mes de l\u2019irritation de la peau et l\u2019inflammation tout en r\u00e9duisant les marques de vieillesse et le stress environnemental.<\/p>\n\t<p><strong>LISTE D\u2019INGR\u00c9DIENTS : <\/strong> Voir la liste d\u2019ingr\u00e9dients sur chaque produit.<\/p>\n<h2>\n\t\tD\u2019AUTRES SYST\u00c8MES\n\t<\/h2>\n<h2>\n\t\t<a href=\"https:\/\/monatglobal.com\/ca\/tous-les-produits\/\" title=\"TOUS LES PRODUITS\" target=\"_self\">\n\t\tTOUS LES PRODUITS\n\t\t<\/a>\n\t<\/h2>\n","protected":false},"excerpt":{"rendered":"<p>MONAT BLACK Nous \u00e9levons la barre en mati\u00e8re de robustesse et de raffinement. Infus\u00e9 de REJUVENIQE\u2122 BIENFAITS Le syst\u00e8me MONAT BLACK est con\u00e7u pour r\u00e9pondre \u00e0 ses besoins. Chic et \u00e9l\u00e9gant. Scandaleusement \u00e9l\u00e9gant. La nouvelle r\u00e9f\u00e9rence, elle assume pleinement son arrogance \u00e0 l\u2019\u00e9gard des anciennes normes en mati\u00e8re de soins capillaires. VOIR LA VID\u00c9O CONSEILS&hellip;<\/p>\n","protected":false},"author":31,"featured_media":43775,"parent":0,"menu_order":0,"comment_status":"closed","ping_status":"closed","template":"template-full-custom.php","meta":{"inline_featured_image":false,"om_disable_all_campaigns":false,"_monsterinsights_skip_tracking":false,"_monsterinsights_sitenote_active":false,"_monsterinsights_sitenote_note":"","_monsterinsights_sitenote_category":0,"footnotes":""},"categories":[],"tags":[],"class_list":["post-46205","page","type-page","status-publish","has-post-thumbnail","hentry"],"aioseo_notices":[],"aioseo_head":"\n\t\t<!-- All in One SEO Pro 4.9.5.2 - aioseo.com -->\n\t<meta name=\"description\" content=\"MONAT BLACK Nous \u00e9levons la barre en mati\u00e8re de robustesse et de raffinement. Infus\u00e9 de REJUVENIQE\u2122 BIENFAITS Le syst\u00e8me MONAT BLACK est con\u00e7u pour r\u00e9pondre \u00e0 ses besoins. Chic et \u00e9l\u00e9gant. Scandaleusement \u00e9l\u00e9gant. La nouvelle r\u00e9f\u00e9rence, elle assume pleinement son arrogance \u00e0 l\u2019\u00e9gard des anciennes normes en mati\u00e8re de soins capillaires. VOIR LA VID\u00c9O CONSEILS\" \/>\n\t<meta name=\"robots\" content=\"max-image-preview:large\" \/>\n\t<link rel=\"canonical\" href=\"https:\/\/monatglobal.com\/ca\/systeme-monat-black-copy-2\/?lang=fr\" \/>\n\t<meta name=\"generator\" content=\"All in One SEO Pro (AIOSEO) 4.9.5.2\" \/>\n\t\t<meta property=\"og:locale\" content=\"en_US\" \/>\n\t\t<meta property=\"og:site_name\" content=\"Monat Canada English - We Are Modern Nature\" \/>\n\t\t<meta property=\"og:type\" content=\"article\" \/>\n\t\t<meta property=\"og:title\" content=\"Copie de Syst\u00e8me MONAT BLACK - Monat Canada English\" \/>\n\t\t<meta property=\"og:description\" content=\"MONAT BLACK Nous \u00e9levons la barre en mati\u00e8re de robustesse et de raffinement. Infus\u00e9 de REJUVENIQE\u2122 BIENFAITS Le syst\u00e8me MONAT BLACK est con\u00e7u pour r\u00e9pondre \u00e0 ses besoins. Chic et \u00e9l\u00e9gant. Scandaleusement \u00e9l\u00e9gant. La nouvelle r\u00e9f\u00e9rence, elle assume pleinement son arrogance \u00e0 l\u2019\u00e9gard des anciennes normes en mati\u00e8re de soins capillaires. VOIR LA VID\u00c9O CONSEILS\" \/>\n\t\t<meta property=\"og:url\" content=\"https:\/\/monatglobal.com\/ca\/systeme-monat-black-copy-2\/?lang=fr\" \/>\n\t\t<meta property=\"article:published_time\" content=\"2019-09-14T22:26:31+00:00\" \/>\n\t\t<meta property=\"article:modified_time\" content=\"2019-09-15T12:47:35+00:00\" \/>\n\t\t<meta name=\"twitter:card\" content=\"summary_large_image\" \/>\n\t\t<meta name=\"twitter:title\" content=\"Copie de Syst\u00e8me MONAT BLACK - Monat Canada English\" \/>\n\t\t<meta name=\"twitter:description\" content=\"MONAT BLACK Nous \u00e9levons la barre en mati\u00e8re de robustesse et de raffinement. Infus\u00e9 de REJUVENIQE\u2122 BIENFAITS Le syst\u00e8me MONAT BLACK est con\u00e7u pour r\u00e9pondre \u00e0 ses besoins. Chic et \u00e9l\u00e9gant. Scandaleusement \u00e9l\u00e9gant. La nouvelle r\u00e9f\u00e9rence, elle assume pleinement son arrogance \u00e0 l\u2019\u00e9gard des anciennes normes en mati\u00e8re de soins capillaires. VOIR LA VID\u00c9O CONSEILS\" \/>\n\t\t<script type=\"application\/ld+json\" class=\"aioseo-schema\">\n\t\t\t{\"@context\":\"https:\\\/\\\/schema.org\",\"@graph\":[{\"@type\":\"BreadcrumbList\",\"@id\":\"https:\\\/\\\/monatglobal.com\\\/ca\\\/systeme-monat-black-copy-2\\\/?lang=fr#breadcrumblist\",\"itemListElement\":[{\"@type\":\"ListItem\",\"@id\":\"https:\\\/\\\/monatglobal.com\\\/ca#listItem\",\"position\":1,\"name\":\"Home\",\"item\":\"https:\\\/\\\/monatglobal.com\\\/ca\",\"nextItem\":{\"@type\":\"ListItem\",\"@id\":\"https:\\\/\\\/monatglobal.com\\\/ca\\\/systeme-monat-black-copy-2\\\/?lang=fr#listItem\",\"name\":\"Copie de Syst\\u00e8me MONAT BLACK\"}},{\"@type\":\"ListItem\",\"@id\":\"https:\\\/\\\/monatglobal.com\\\/ca\\\/systeme-monat-black-copy-2\\\/?lang=fr#listItem\",\"position\":2,\"name\":\"Copie de Syst\\u00e8me MONAT BLACK\",\"previousItem\":{\"@type\":\"ListItem\",\"@id\":\"https:\\\/\\\/monatglobal.com\\\/ca#listItem\",\"name\":\"Home\"}}]},{\"@type\":\"Organization\",\"@id\":\"https:\\\/\\\/monatglobal.com\\\/ca\\\/#organization\",\"name\":\"Monat Canada English\",\"description\":\"We Are Modern Nature\",\"url\":\"https:\\\/\\\/monatglobal.com\\\/ca\\\/\"},{\"@type\":\"WebPage\",\"@id\":\"https:\\\/\\\/monatglobal.com\\\/ca\\\/systeme-monat-black-copy-2\\\/?lang=fr#webpage\",\"url\":\"https:\\\/\\\/monatglobal.com\\\/ca\\\/systeme-monat-black-copy-2\\\/?lang=fr\",\"name\":\"Copie de Syst\\u00e8me MONAT BLACK - Monat Canada English\",\"description\":\"MONAT BLACK Nous \\u00e9levons la barre en mati\\u00e8re de robustesse et de raffinement. Infus\\u00e9 de REJUVENIQE\\u2122 BIENFAITS Le syst\\u00e8me MONAT BLACK est con\\u00e7u pour r\\u00e9pondre \\u00e0 ses besoins. Chic et \\u00e9l\\u00e9gant. Scandaleusement \\u00e9l\\u00e9gant. La nouvelle r\\u00e9f\\u00e9rence, elle assume pleinement son arrogance \\u00e0 l\\u2019\\u00e9gard des anciennes normes en mati\\u00e8re de soins capillaires. VOIR LA VID\\u00c9O CONSEILS\",\"inLanguage\":\"en-US\",\"isPartOf\":{\"@id\":\"https:\\\/\\\/monatglobal.com\\\/ca\\\/#website\"},\"breadcrumb\":{\"@id\":\"https:\\\/\\\/monatglobal.com\\\/ca\\\/systeme-monat-black-copy-2\\\/?lang=fr#breadcrumblist\"},\"image\":{\"@type\":\"ImageObject\",\"url\":\"https:\\\/\\\/monatglobal.com\\\/ca\\\/wp-content\\\/uploads\\\/sites\\\/5\\\/2019\\\/07\\\/BLACK-SYSTEM-500x438-2019.png\",\"@id\":\"https:\\\/\\\/monatglobal.com\\\/ca\\\/systeme-monat-black-copy-2\\\/?lang=fr\\\/#mainImage\",\"width\":438,\"height\":500},\"primaryImageOfPage\":{\"@id\":\"https:\\\/\\\/monatglobal.com\\\/ca\\\/systeme-monat-black-copy-2\\\/?lang=fr#mainImage\"},\"datePublished\":\"2019-09-14T22:26:31-04:00\",\"dateModified\":\"2019-09-15T12:47:35-04:00\"},{\"@type\":\"WebSite\",\"@id\":\"https:\\\/\\\/monatglobal.com\\\/ca\\\/#website\",\"url\":\"https:\\\/\\\/monatglobal.com\\\/ca\\\/\",\"name\":\"Monat Canada English\",\"description\":\"We Are Modern Nature\",\"inLanguage\":\"en-US\",\"publisher\":{\"@id\":\"https:\\\/\\\/monatglobal.com\\\/ca\\\/#organization\"}}]}\n\t\t<\/script>\n\t\t<!-- All in One SEO Pro -->\r\n\t\t<title>Copie de Syst\u00e8me MONAT BLACK - Monat Canada English<\/title>\n\n","aioseo_head_json":{"title":"Copie de Syst\u00e8me MONAT BLACK - Monat Canada English","description":"MONAT BLACK Nous \u00e9levons la barre en mati\u00e8re de robustesse et de raffinement. Infus\u00e9 de REJUVENIQE\u2122 BIENFAITS Le syst\u00e8me MONAT BLACK est con\u00e7u pour r\u00e9pondre \u00e0 ses besoins. Chic et \u00e9l\u00e9gant. Scandaleusement \u00e9l\u00e9gant. La nouvelle r\u00e9f\u00e9rence, elle assume pleinement son arrogance \u00e0 l\u2019\u00e9gard des anciennes normes en mati\u00e8re de soins capillaires. VOIR LA VID\u00c9O CONSEILS","canonical_url":"https:\/\/monatglobal.com\/ca\/systeme-monat-black-copy-2\/?lang=fr","robots":"max-image-preview:large","keywords":"","webmasterTools":{"miscellaneous":""},"schema":{"@context":"https:\/\/schema.org","@graph":[{"@type":"BreadcrumbList","@id":"https:\/\/monatglobal.com\/ca\/systeme-monat-black-copy-2\/?lang=fr#breadcrumblist","itemListElement":[{"@type":"ListItem","@id":"https:\/\/monatglobal.com\/ca#listItem","position":1,"name":"Home","item":"https:\/\/monatglobal.com\/ca","nextItem":{"@type":"ListItem","@id":"https:\/\/monatglobal.com\/ca\/systeme-monat-black-copy-2\/?lang=fr#listItem","name":"Copie de Syst\u00e8me MONAT BLACK"}},{"@type":"ListItem","@id":"https:\/\/monatglobal.com\/ca\/systeme-monat-black-copy-2\/?lang=fr#listItem","position":2,"name":"Copie de Syst\u00e8me MONAT BLACK","previousItem":{"@type":"ListItem","@id":"https:\/\/monatglobal.com\/ca#listItem","name":"Home"}}]},{"@type":"Organization","@id":"https:\/\/monatglobal.com\/ca\/#organization","name":"Monat Canada English","description":"We Are Modern Nature","url":"https:\/\/monatglobal.com\/ca\/"},{"@type":"WebPage","@id":"https:\/\/monatglobal.com\/ca\/systeme-monat-black-copy-2\/?lang=fr#webpage","url":"https:\/\/monatglobal.com\/ca\/systeme-monat-black-copy-2\/?lang=fr","name":"Copie de Syst\u00e8me MONAT BLACK - Monat Canada English","description":"MONAT BLACK Nous \u00e9levons la barre en mati\u00e8re de robustesse et de raffinement. Infus\u00e9 de REJUVENIQE\u2122 BIENFAITS Le syst\u00e8me MONAT BLACK est con\u00e7u pour r\u00e9pondre \u00e0 ses besoins. Chic et \u00e9l\u00e9gant. Scandaleusement \u00e9l\u00e9gant. La nouvelle r\u00e9f\u00e9rence, elle assume pleinement son arrogance \u00e0 l\u2019\u00e9gard des anciennes normes en mati\u00e8re de soins capillaires. VOIR LA VID\u00c9O CONSEILS","inLanguage":"en-US","isPartOf":{"@id":"https:\/\/monatglobal.com\/ca\/#website"},"breadcrumb":{"@id":"https:\/\/monatglobal.com\/ca\/systeme-monat-black-copy-2\/?lang=fr#breadcrumblist"},"image":{"@type":"ImageObject","url":"https:\/\/monatglobal.com\/ca\/wp-content\/uploads\/sites\/5\/2019\/07\/BLACK-SYSTEM-500x438-2019.png","@id":"https:\/\/monatglobal.com\/ca\/systeme-monat-black-copy-2\/?lang=fr\/#mainImage","width":438,"height":500},"primaryImageOfPage":{"@id":"https:\/\/monatglobal.com\/ca\/systeme-monat-black-copy-2\/?lang=fr#mainImage"},"datePublished":"2019-09-14T22:26:31-04:00","dateModified":"2019-09-15T12:47:35-04:00"},{"@type":"WebSite","@id":"https:\/\/monatglobal.com\/ca\/#website","url":"https:\/\/monatglobal.com\/ca\/","name":"Monat Canada English","description":"We Are Modern Nature","inLanguage":"en-US","publisher":{"@id":"https:\/\/monatglobal.com\/ca\/#organization"}}]},"og:locale":"en_US","og:site_name":"Monat Canada English - We Are Modern Nature","og:type":"article","og:title":"Copie de Syst\u00e8me MONAT BLACK - Monat Canada English","og:description":"MONAT BLACK Nous \u00e9levons la barre en mati\u00e8re de robustesse et de raffinement. Infus\u00e9 de REJUVENIQE\u2122 BIENFAITS Le syst\u00e8me MONAT BLACK est con\u00e7u pour r\u00e9pondre \u00e0 ses besoins. Chic et \u00e9l\u00e9gant. Scandaleusement \u00e9l\u00e9gant. La nouvelle r\u00e9f\u00e9rence, elle assume pleinement son arrogance \u00e0 l\u2019\u00e9gard des anciennes normes en mati\u00e8re de soins capillaires. VOIR LA VID\u00c9O CONSEILS","og:url":"https:\/\/monatglobal.com\/ca\/systeme-monat-black-copy-2\/?lang=fr","article:published_time":"2019-09-14T22:26:31+00:00","article:modified_time":"2019-09-15T12:47:35+00:00","twitter:card":"summary_large_image","twitter:title":"Copie de Syst\u00e8me MONAT BLACK - Monat Canada English","twitter:description":"MONAT BLACK Nous \u00e9levons la barre en mati\u00e8re de robustesse et de raffinement. Infus\u00e9 de REJUVENIQE\u2122 BIENFAITS Le syst\u00e8me MONAT BLACK est con\u00e7u pour r\u00e9pondre \u00e0 ses besoins. Chic et \u00e9l\u00e9gant. Scandaleusement \u00e9l\u00e9gant. La nouvelle r\u00e9f\u00e9rence, elle assume pleinement son arrogance \u00e0 l\u2019\u00e9gard des anciennes normes en mati\u00e8re de soins capillaires. VOIR LA VID\u00c9O CONSEILS"},"aioseo_meta_data":{"post_id":"46205","title":null,"description":null,"keywords":null,"keyphrases":null,"primary_term":null,"canonical_url":null,"og_title":null,"og_description":null,"og_object_type":"default","og_image_type":"default","og_image_url":null,"og_image_width":null,"og_image_height":null,"og_image_custom_url":null,"og_image_custom_fields":null,"og_video":null,"og_custom_url":null,"og_article_section":null,"og_article_tags":null,"twitter_use_og":false,"twitter_card":"default","twitter_image_type":"default","twitter_image_url":null,"twitter_image_custom_url":null,"twitter_image_custom_fields":null,"twitter_title":null,"twitter_description":null,"schema":{"blockGraphs":[],"customGraphs":[],"default":{"data":{"Article":[],"Course":[],"Dataset":[],"FAQPage":[],"Movie":[],"Person":[],"Product":[],"ProductReview":[],"Car":[],"Recipe":[],"Service":[],"SoftwareApplication":[],"WebPage":[]},"graphName":"","isEnabled":true},"graphs":[]},"schema_type":"default","schema_type_options":null,"pillar_content":false,"robots_default":true,"robots_noindex":false,"robots_noarchive":false,"robots_nosnippet":false,"robots_nofollow":false,"robots_noimageindex":false,"robots_noodp":false,"robots_notranslate":false,"robots_max_snippet":null,"robots_max_videopreview":null,"robots_max_imagepreview":"large","priority":null,"frequency":null,"local_seo":null,"seo_analyzer_scan_date":"2026-02-10 04:19:46","limit_modified_date":false,"reviewed_by":null,"open_ai":null,"ai":null,"created":"2023-07-26 12:42:57","updated":"2026-02-10 04:19:46"},"aioseo_breadcrumb":"<div class=\"aioseo-breadcrumbs\"><span class=\"aioseo-breadcrumb\">\n\t<a href=\"https:\/\/monatglobal.com\/ca\" title=\"Home\">Home<\/a>\n<\/span><span class=\"aioseo-breadcrumb-separator\">&raquo;<\/span><span class=\"aioseo-breadcrumb\">\n\tCopie de Syst\u00e8me MONAT BLACK\n<\/span><\/div>","aioseo_breadcrumb_json":[{"label":"Home","link":"https:\/\/monatglobal.com\/ca"},{"label":"Copie de Syst\u00e8me MONAT BLACK","link":"https:\/\/monatglobal.com\/ca\/systeme-monat-black-copy-2\/?lang=fr"}],"_links":{"self":[{"href":"https:\/\/monatglobal.com\/ca\/wp-json\/wp\/v2\/pages\/46205","targetHints":{"allow":["GET"]}}],"collection":[{"href":"https:\/\/monatglobal.com\/ca\/wp-json\/wp\/v2\/pages"}],"about":[{"href":"https:\/\/monatglobal.com\/ca\/wp-json\/wp\/v2\/types\/page"}],"author":[{"embeddable":true,"href":"https:\/\/monatglobal.com\/ca\/wp-json\/wp\/v2\/users\/31"}],"replies":[{"embeddable":true,"href":"https:\/\/monatglobal.com\/ca\/wp-json\/wp\/v2\/comments?post=46205"}],"version-history":[{"count":2,"href":"https:\/\/monatglobal.com\/ca\/wp-json\/wp\/v2\/pages\/46205\/revisions"}],"predecessor-version":[{"id":46210,"href":"https:\/\/monatglobal.com\/ca\/wp-json\/wp\/v2\/pages\/46205\/revisions\/46210"}],"wp:featuredmedia":[{"embeddable":true,"href":"https:\/\/monatglobal.com\/ca\/wp-json\/wp\/v2\/media\/43775"}],"wp:attachment":[{"href":"https:\/\/monatglobal.com\/ca\/wp-json\/wp\/v2\/media?parent=46205"}],"wp:term":[{"taxonomy":"category","embeddable":true,"href":"https:\/\/monatglobal.com\/ca\/wp-json\/wp\/v2\/categories?post=46205"},{"taxonomy":"post_tag","embeddable":true,"href":"https:\/\/monatglobal.com\/ca\/wp-json\/wp\/v2\/tags?post=46205"}],"curies":[{"name":"wp","href":"https:\/\/api.w.org\/{rel}","templated":true}]}}