{"id":46038,"date":"2019-09-14T01:21:25","date_gmt":"2019-09-14T01:21:25","guid":{"rendered":"https:\/\/monatglobal.com\/ca\/?page_id=46038"},"modified":"2026-01-08T10:34:48","modified_gmt":"2026-01-08T15:34:48","slug":"be-gentle-routine","status":"publish","type":"page","link":"https:\/\/monatglobal.com\/ca\/be-gentle-routine\/?lang=fr","title":{"rendered":"Syst\u00e8me Be Gentle\u2122"},"content":{"rendered":"\n\n\t<p>MEILLEUR VENDEUR<\/p>\n\t\t\t\t<img decoding=\"async\" src=\"https:\/\/monatglobal.com\/wp-content\/uploads\/2019\/09\/be-gentle-routine-1.png\" alt=\"\" itemprop=\"image\" onerror=\"this.style.display='none'\"  \/>\n\t<p>MEILLEUR VENDEUR<\/p>\n<h1>Syst\u00e8me<\/h1>\n<p>BE GENTLE\u2122<\/p>\n\t<h3>Apaisez et nourrissez la peau s\u00e8che ou sensible \n<\/h3>\n   Prix de client VIP\n   <p> 335 $ CA<\/p>\n      Prix de d\u00e9tail\n      <p> 394 $ CA<\/p>\n   Prix de client VIP\n   <p> 356 $ CA<\/p>\n      Prix de d\u00e9tail\n      <p> 418 $ CA<\/p>\n   Prix de client VIP\n   <p> 308 $ CA<\/p>\n      Prix de d\u00e9tail\n      <p> 362 $ CA<\/p>\n                         Profitez d&#8217;un rabais additionnel de 25 % gr\u00e2ce \u00e0 MONAT&nbsp;Purchase +<sup>TM<\/sup>\n\tPour en savoir plus sur le syst\u00e8me BE GENTLE\u2122, veuillez contacter votre partenaire de march\u00e9 MONAT.\n\t\t\t<a href=\"https:\/\/corp.mymonat.com\/shop\/products\/be-gentle-system-6000000987\/?globallanguage=fr&#038;globalmarket=ca\" target=\"_blank\" role=\"button\" rel=\"noopener\">\n\t\t\t\t\t\t\tMAGASINEZ\n\t\t\t\t\t<\/a>\n\t BIENFAITS\n\t<h1>En plus d&#8217;avoir une apparence plus saine, une peau hydrat\u00e9e est aussi plus r\u00e9siliente. <\/h1>\n\tCe doux syst\u00e8me a \u00e9t\u00e9 con\u00e7u pour apaiser et hydrater votre peau \u00e0 l&#8217;aide des meilleurs ingr\u00e9dients d&#8217;origine naturelle pour un teint renouvel\u00e9, d&#8217;apparence plus saine et plus jeune. Con\u00e7u pour peau sensible, il est approuv\u00e9 par Dame Nature.\n    \n\t <h1>UNE PEAU D&#8217;APPARENCE SAINE EN 4 \u00c9TAPES<\/h1>\n\t<h1>Profitez pleinement du pr\u00e9sent lors de vos soins personnels. D\u00e9couvrez une peau fra\u00eeche, d&#8217;apparence saine qui refl\u00e8te votre syst\u00e8me personnalis\u00e9 et votre esprit jeune. <\/h1>\n\t<p>Pr\u00e9sentez-vous sous votre meilleur jour : nettoyez, pr\u00e9parez, traitez et renouvelez.<\/p>\n\t Aper\u00e7u de votre SYST\u00c8ME de soins pour la peau :\n\t\t\t\t<a href=\"https:\/\/monatglobal.com\/ca\/nettoyant-cremeux-be-gentle\/?lang=fr\" target=\"_self\" itemprop=\"url\" rel=\"noopener\">\n\t\t\t\t<img decoding=\"async\" src=\"https:\/\/monatglobal.com\/wp-content\/uploads\/2019\/09\/monat-Be-Gentle-Cleanser-Skincare-1.png\" alt=\"\" itemprop=\"image\" onerror=\"this.style.display='none'\"  \/>\n\t\t\t\t<\/a>\n\t<p>Nettoyant cr\u00e9meux<br \/>BE GENTLE\u2122<\/p>\n\t<h1>Nettoyer<\/h1>\n\t\t\t\t<a href=\"https:\/\/monatglobal.com\/ca\/skin-revitalizing-essence\/?lang=fr\" target=\"_self\" itemprop=\"url\" rel=\"noopener\">\n\t\t\t\t<img decoding=\"async\" src=\"https:\/\/monatglobal.com\/wp-content\/uploads\/2019\/09\/sking-revitalizing-essence.png\" alt=\"\" itemprop=\"image\" onerror=\"this.style.display='none'\"  \/>\n\t\t\t\t<\/a>\n\t<p>Skin Revitalizing<br \/>Essence\u2122<\/p>\n\t<h1>Pr\u00e9parer<\/h1>\n\t\t\t\t<a href=\"https:\/\/monatglobal.com\/ca\/nectar-anti-age-rewind\/?lang=fr\" target=\"_self\" itemprop=\"url\" rel=\"noopener\">\n\t\t\t\t<img decoding=\"async\" src=\"https:\/\/monatglobal.com\/wp-content\/uploads\/2019\/09\/rewind-age-control-nectar-1.png\" alt=\"\" itemprop=\"image\" onerror=\"this.style.display='none'\"  \/>\n\t\t\t\t<\/a>\n\t<p>Nectar anti-\u00e2ge<br \/>Rewind\u2122<\/p>\n\t<h1>Cibler<\/h1>\n\t\t\t\t<a href=\"https:\/\/monatglobal.com\/ca\/hydratant-nourrissant-be-gentle\/?lang=fr\" target=\"_self\" itemprop=\"url\" rel=\"noopener\">\n\t\t\t\t<img decoding=\"async\" src=\"https:\/\/monatglobal.com\/wp-content\/uploads\/2019\/09\/be-gentle-nurishing-moisturizer-.png\" alt=\"\" itemprop=\"image\" onerror=\"this.style.display='none'\"  \/>\n\t\t\t\t<\/a>\n\t<p>Cr\u00e8me hydratante nourrissante<br \/>BE GENTLE\u2122<\/p>\n\t<h1>Renouveler<\/h1>\n\t\t\t<a href=\"https:\/\/www.youtube.com\/watch?v=otRsuWv2I3w\" role=\"button\">\n\t\t\t\t\t\t\t<\/a>\n\tSyst\u00e8me BE GENTLE\u2122<br \/>\n1:49\n\t<h1>Mode d&#8217;emploi<\/h1>\n\t<p> Nettoyer<\/p>\n\/ Masser une petite quantit\u00e9 du Nettoyant cr\u00e9meux BE GENTLE\u2122 sur peau mouill\u00e9e avec des mouvements circulaires. Rincer \u00e0 l&#8217;eau ti\u00e8de. Pour de meilleurs r\u00e9sultats, laver deux fois.\n\n<br \/>\n\t<p> Pr\u00e9parer<\/p>\n\/ Verser quelques gouttes du Skin Revitalizing Essence\u2122 dans vos mains. Presser doucement sur le visage, le cou et le d\u00e9collet\u00e9. Laisser le produit s&#8217;absorber compl\u00e8tement.\n\n\t<p> Cibler<\/p>\n\/ Appliquer le Nectar anti-\u00e2ge Rewind\u2122 sur le bout des doigts de fa\u00e7on uniforme en tapotant le front, les joues, le menton et le cou. Pour de meilleurs r\u00e9sultats, commencer au centre du cou et \u00e9tendre le produit vers l&#8217;ext\u00e9rieur et vers le haut. Laisser le produit s&#8217;absorber compl\u00e8tement. \n\n\t<p> Renouveler<\/p>\n\/ Masser la Cr\u00e8me hydratante nourrissante BE GENTLE\u2122 sur le visage, le cou et le d\u00e9collet\u00e9 avec des mouvements vers le haut pour dynamiser la peau. Laisser le produit s&#8217;absorber avant d&#8217;appliquer un produit \u00e0 FPS ou un fond de teint.\n\n<br \/>\n\t\t\t<a href=\"https:\/\/corp.mymonat.com\/shop\/products\/be-gentle-system-6000000987\/?globallanguage=fr&#038;globalmarket=ca\" target=\"_blank\" role=\"button\" rel=\"noopener\">\n\t\t\t\t\t\t\tMAGASINEZ\n\t\t\t\t\t<\/a>\n\t<h1>Conseils d&#8217;utilisation<\/h1>\n\t\/  Votre peau est tr\u00e8s s\u00e8che? Ajouter 1 ou 2 gouttes de REJUVENIQE<sup>\u00ae<\/sup> au produit dans la main et m\u00e9langer.\n\n\t INGR\u00c9DIENTS CL\u00c9S\n  <!-- Generator: Adobe Illustrator 23.0.3, SVG Export Plug-In . SVG Version: 6.00 Build 0)  -->\n<p> REJUVENIQE S\u2122<\/p>\n<p>Hydrate et nourrit<\/p>\n<p> Acides de fruits naturels (AHA)<\/p>\n<p>Lissent et illuminent<\/p>\n<p> Peptide<\/p>\n<p>Resserre et repulpe<\/p>\n<!-- Generator: Adobe Illustrator 23.0.3, SVG Export Plug-In . SVG Version: 6.00 Build 0)  -->\n<p> Extraits de cellules souches v\u00e9g\u00e9tales<\/p>\nRenforcent et prot\u00e8gent\n\n<p> Complexe Apaisant<\/p>\n(racine de gingembre et Bisabolol)\n<p>Apaise et hydrate<\/p>\n<p> Acide hyaluronique<\/p>\n<p> Attire l&#8217;humidit\u00e9<\/p>\n<p> Prune de kakadu<\/p>\n<p>Illumine, apaise et prot\u00e8ge<\/p>\n<!-- Generator: Adobe Illustrator 23.0.3, SVG Export Plug-In . SVG Version: 6.00 Build 0)  -->\n\t\t\t<a href=\"#\" role=\"button\">\n\t\t\t\t\t\t\tLISTE D&#8217;INGR\u00c9DIENTS\n\t\t\t\t\t<\/a>\n<h1>Be Gentle\u2122 <br \/>Creamy Cleanse\n<\/h1>Full ingredients listed hereWater\/Eau, Sodium Cocoyl Glutamate, Cetearyl Alcohol, Sodium Cocoyl Isethionate, Glyceryl Stearate SE, Helianthus Annuus (Sunflower) Seed Oil, Cetearyl Glucoside, Glycerin, Cetyl Alcohol, Butyrospermum Parkii (Shea) Butter, Sodium Lauroyl Glutamate, Sodium Astrocaryum Murumuruate, Trifluoroacetyl Tripeptide-2, Bisabolol, Zingiber Officinale (Ginger) Root Extract, Glycolic Acid, Mangifera Indica (Mango) Pulp Extract, Musa Sapientum (Banana) Pulp Extract, Saccharum Officinarum (Sugarcane) Extract, Limnanthes Alba (Meadowfoam) Seed Oil, Crambe Abyssinica Seed Oil, Camellia Oleifera Seed Oil, Solanum Lycopersicum (Tomato) Seed Oil, Daucus Carota Sativa (Carrot) Seed Oil, Citrus Limon (Lemon) Peel Oil, Citrus Aurantifolia (Lime) Oil, Citrus Aurantium Bergamia (Bergamot) Fruit Oil, Adansonia Digitata Oil, Mauritia Flexuosa Fruit Oil, Cocos Nucifera (Coconut) Oil, Gardenia Taitensis Flower Extract, Moringa Oleifera Seed Oil, Caryocar Brasiliense Fruit Oil, Olea Europaea (Olive) Fruit Oil, Simmondsia Chinensis (Jojoba) Seed Extract, Tocopherol, Sodium Polyacrylate, Xylitol, Caprylic Acid, Glyceryl Stearate, Dextran, Fragrance\/Parfum, Ethylhexylglycerin, Benzyl Alcohol.\n<br \/>\n<h1>Skin Revitalizing <br \/>Essence\u2122\n<\/h1><p>Aqua\/Water\/Eau, Sodium Cocoyl Glutamate, Cetearyl Alcohol, Sodium Cocoyl Isethionate, Glyceryl Stearate SE, Helianthus Annuus (Sunflower) Seed Oil, Cetearyl Glucoside, Glycerin, Cetyl Alcohol, Butyrospermum Parkii (Shea) Butter, Sodium Lauroyl Glutamate, Sodium Astrocaryum Murumuruate, Trifluoroacetyl Tripeptide-2, Bisabolol, Zingiber Officinale (Ginger) Root Extract, Glycolic Acid, Mangifera Indica (Mango) Pulp Extract, Musa Sapientum (Banana) Pulp Extract, Saccharum Officinarum (Sugarcane) Extract, Limnanthes Alba (Meadowfoam) Seed Oil, Crambe Abyssinica Seed Oil, Camellia Oleifera Seed Oil, Solanum Lycopersicum (Tomato) Seed Oil, Daucus Carota Sativa (Carrot) Seed Oil, Citrus Limon (Lemon) Peel Oil, Citrus Aurantifolia (Lime) Oil, Citrus Aurantium Bergamia (Bergamot) Fruit Oil, Adansonia Digitata Oil, Mauritia Flexuosa Fruit Oil, Cocos Nucifera (Coconut) Oil, Gardenia Taitensis Flower Extract, Moringa Oleifera Seed Oil, Caryocar Brasiliense Fruit Oil, Olea Europaea (Olive) Fruit Oil, Simmondsia Chinensis (Jojoba) Seed Extract, Tocopherol, Sodium Polyacrylate, Xylitol, Caprylic Acid, Glyceryl Stearate, Dextran, Fragrance\/Parfum, Ethylhexylglycerin, Benzyl Alcohol.<\/p>\n<br \/>\n<h1>Rewind\u2122 Age <br \/>Control Nectar\n<\/h1>Aqua\/Water\/Eau, Propanediol, Glycerin, Mangifera Indica (Mango) Pulp Extract, Musa Sapientum (Banana) Pulp Extract, Pentylene Glycol, Trifluoroacetyl Tripeptide-2, Glycolic Acid, Sodium Hyaluronate, Saccharum Officinarum (Sugarcane) Extract, Terminalia Ferdinandiana Fruit Extract, Limnanthes Alba (Meadowfoam) Seed Oil, Crambe Abyssinica Seed Oil, Camellia Oleifera Seed Oil, Solanum Lycopersicum (Tomato) Seed Oil, Daucus Carota Sativa (Carrot) Seed Oil, Citrus Limon (Lemon) Peel Oil, Citrus Aurantifolia (Lime) Oil, Citrus Aurantium Bergamia (Bergamot) Fruit Oil, Adansonia Digitata Oil, Mauritia Flexuosa Fruit Oil, Cocos Nucifera (Coconut) Oil, Gardenia Taitensis Flower Extract, Moringa Oleifera Seed Oil, Caryocar Brasiliense Fruit Oil, Helianthus Annuus (Sunflower) Seed Oil, Olea Europaea (Olive) Fruit Oil, Simmondsia Chinensis (Jojoba) Seed Extract, Sodium Phytate, Xanthan Gum, Lecithin, Sclerotium Gum, Pullulan, Dextran, Citric Acid, Fragrance\/Parfum, Sodium Benzoate, Potassium Sorbate.\n\n<br \/>\n<h1>Be Gentle\u2122 <br \/>Nourishing Moisturizer \n<\/h1>Aqua\/Water\/Eau, Cetearyl Alcohol, Glycerin, Dimethicone, Orbignya Speciosa Kernel Oil, Cetyl Alcohol, Jojoba Esters, Ethyl Macadamiate, Propanediol, Cetearyl Glucoside, Sodium Hyaluronate, Astrocaryum Murumuru Seed Butter, Trifluoroacetyl Tripeptide-2, Zingiber Officinale (Ginger) Root Extract, Bisabolol, Hydrolyzed Jojoba Esters, Limnanthes Alba (Meadowfoam) Seed Oil, Crambe Abyssinica Seed Oil, Camellia Oleifera Seed Oil, Solanum Lycopersicum (Tomato) Seed Oil, Daucus Carota Sativa (Carrot) Seed Oil, Citrus Limon (Lemon) Peel Oil, Citrus Aurantifolia (Lime) Oil, Citrus Aurantium Bergamia (Bergamot) Fruit Oil, Adansonia Digitata Oil, Mauritia Flexuosa Fruit Oil, Cocos Nucifera (Coconut) Oil, Gardenia Taitensis Flower Extract, Moringa Oleifera Seed Oil, Caryocar Brasiliense Fruit Oil, Helianthus Annuus (Sunflower) Seed Oil, Olea Europaea (Olive) Fruit Oil, Simmondsia Chinensis (Jojoba) Seed Extract, Tocopherol, Hydroxyethyl Acrylate\/Sodium Acryloyldimethyl Taurate Copolymer, Carrageenan, Glucose, Isomalt, Phytol, Dextran, Citric Acid, Fragrance\/Parfum, Dimethiconol, Ethylhexylglycerin, Benzyl Alcohol.\n\n\t VOUS POURRIEZ AUSSI AIMER\n\t<a href=\"https:\/\/monatglobal.com\/ca\/products\/?lang=fr&#038;line=soins-de-la-peau\"><h1>Tous les produits de soins pour la peau\n<\/h1><\/a>\n\n","protected":false},"excerpt":{"rendered":"<p>MEILLEUR VENDEUR MEILLEUR VENDEUR Syst\u00e8me BE GENTLE\u2122 Apaisez et nourrissez la peau s\u00e8che ou sensible Prix de client VIP 335 $ CA Prix de d\u00e9tail 394 $ CA Prix de client VIP 356 $ CA Prix de d\u00e9tail 418 $ CA Prix de client VIP 308 $ CA Prix de d\u00e9tail 362 $ CA Profitez&hellip;<\/p>\n","protected":false},"author":31,"featured_media":45859,"parent":0,"menu_order":0,"comment_status":"closed","ping_status":"closed","template":"","meta":{"inline_featured_image":false,"om_disable_all_campaigns":false,"_monsterinsights_skip_tracking":false,"_monsterinsights_sitenote_active":false,"_monsterinsights_sitenote_note":"","_monsterinsights_sitenote_category":0,"footnotes":""},"categories":[3629],"tags":[],"class_list":["post-46038","page","type-page","status-publish","has-post-thumbnail","hentry","category-product-fra"],"aioseo_notices":[],"aioseo_head":"\n\t\t<!-- All in One SEO Pro 4.9.6 - aioseo.com -->\n\t<meta name=\"description\" content=\"MEILLEUR VENDEUR MEILLEUR VENDEUR Syst\u00e8me BE GENTLE\u2122 Apaisez et nourrissez la peau s\u00e8che ou sensible Prix de client VIP 335 $ CA Prix de d\u00e9tail 394 $ CA Prix de client VIP 356 $ CA Prix de d\u00e9tail 418 $ CA Prix de client VIP 308 $ CA Prix de d\u00e9tail 362 $ CA Profitez\" \/>\n\t<meta name=\"robots\" content=\"max-image-preview:large\" \/>\n\t<link rel=\"canonical\" href=\"https:\/\/monatglobal.com\/ca\/be-gentle-routine\/?lang=fr\" \/>\n\t<meta name=\"generator\" content=\"All in One SEO Pro (AIOSEO) 4.9.6\" \/>\n\t\t<meta property=\"og:locale\" content=\"en_US\" \/>\n\t\t<meta property=\"og:site_name\" content=\"Monat Canada English - We Are Modern Nature\" \/>\n\t\t<meta property=\"og:type\" content=\"article\" \/>\n\t\t<meta property=\"og:title\" content=\"Syst\u00e8me Be Gentle\u2122 - Monat Canada English\" \/>\n\t\t<meta property=\"og:description\" content=\"MEILLEUR VENDEUR MEILLEUR VENDEUR Syst\u00e8me BE GENTLE\u2122 Apaisez et nourrissez la peau s\u00e8che ou sensible Prix de client VIP 335 $ CA Prix de d\u00e9tail 394 $ CA Prix de client VIP 356 $ CA Prix de d\u00e9tail 418 $ CA Prix de client VIP 308 $ CA Prix de d\u00e9tail 362 $ CA Profitez\" \/>\n\t\t<meta property=\"og:url\" content=\"https:\/\/monatglobal.com\/ca\/be-gentle-routine\/?lang=fr\" \/>\n\t\t<meta property=\"article:published_time\" content=\"2019-09-14T01:21:25+00:00\" \/>\n\t\t<meta property=\"article:modified_time\" content=\"2026-01-08T15:34:48+00:00\" \/>\n\t\t<meta name=\"twitter:card\" content=\"summary_large_image\" \/>\n\t\t<meta name=\"twitter:title\" content=\"Syst\u00e8me Be Gentle\u2122 - Monat Canada English\" \/>\n\t\t<meta name=\"twitter:description\" content=\"MEILLEUR VENDEUR MEILLEUR VENDEUR Syst\u00e8me BE GENTLE\u2122 Apaisez et nourrissez la peau s\u00e8che ou sensible Prix de client VIP 335 $ CA Prix de d\u00e9tail 394 $ CA Prix de client VIP 356 $ CA Prix de d\u00e9tail 418 $ CA Prix de client VIP 308 $ CA Prix de d\u00e9tail 362 $ CA Profitez\" \/>\n\t\t<script type=\"application\/ld+json\" class=\"aioseo-schema\">\n\t\t\t{\"@context\":\"https:\\\/\\\/schema.org\",\"@graph\":[{\"@type\":\"BreadcrumbList\",\"@id\":\"https:\\\/\\\/monatglobal.com\\\/ca\\\/be-gentle-routine\\\/?lang=fr#breadcrumblist\",\"itemListElement\":[{\"@type\":\"ListItem\",\"@id\":\"https:\\\/\\\/monatglobal.com\\\/ca#listItem\",\"position\":1,\"name\":\"Home\",\"item\":\"https:\\\/\\\/monatglobal.com\\\/ca\",\"nextItem\":{\"@type\":\"ListItem\",\"@id\":\"https:\\\/\\\/monatglobal.com\\\/ca\\\/be-gentle-routine\\\/?lang=fr#listItem\",\"name\":\"Syst\\u00e8me Be Gentle\\u2122\"}},{\"@type\":\"ListItem\",\"@id\":\"https:\\\/\\\/monatglobal.com\\\/ca\\\/be-gentle-routine\\\/?lang=fr#listItem\",\"position\":2,\"name\":\"Syst\\u00e8me Be Gentle\\u2122\",\"previousItem\":{\"@type\":\"ListItem\",\"@id\":\"https:\\\/\\\/monatglobal.com\\\/ca#listItem\",\"name\":\"Home\"}}]},{\"@type\":\"Organization\",\"@id\":\"https:\\\/\\\/monatglobal.com\\\/ca\\\/#organization\",\"name\":\"Monat Canada English\",\"description\":\"We Are Modern Nature\",\"url\":\"https:\\\/\\\/monatglobal.com\\\/ca\\\/\"},{\"@type\":\"WebPage\",\"@id\":\"https:\\\/\\\/monatglobal.com\\\/ca\\\/be-gentle-routine\\\/?lang=fr#webpage\",\"url\":\"https:\\\/\\\/monatglobal.com\\\/ca\\\/be-gentle-routine\\\/?lang=fr\",\"name\":\"Syst\\u00e8me Be Gentle\\u2122 - Monat Canada English\",\"description\":\"MEILLEUR VENDEUR MEILLEUR VENDEUR Syst\\u00e8me BE GENTLE\\u2122 Apaisez et nourrissez la peau s\\u00e8che ou sensible Prix de client VIP 335 $ CA Prix de d\\u00e9tail 394 $ CA Prix de client VIP 356 $ CA Prix de d\\u00e9tail 418 $ CA Prix de client VIP 308 $ CA Prix de d\\u00e9tail 362 $ CA Profitez\",\"inLanguage\":\"en-US\",\"isPartOf\":{\"@id\":\"https:\\\/\\\/monatglobal.com\\\/ca\\\/#website\"},\"breadcrumb\":{\"@id\":\"https:\\\/\\\/monatglobal.com\\\/ca\\\/be-gentle-routine\\\/?lang=fr#breadcrumblist\"},\"image\":{\"@type\":\"ImageObject\",\"url\":\"https:\\\/\\\/monatglobal.com\\\/ca\\\/wp-content\\\/uploads\\\/sites\\\/5\\\/2019\\\/09\\\/be-gentle-routine-1.png\",\"@id\":\"https:\\\/\\\/monatglobal.com\\\/ca\\\/be-gentle-routine\\\/?lang=fr\\\/#mainImage\",\"width\":700,\"height\":503},\"primaryImageOfPage\":{\"@id\":\"https:\\\/\\\/monatglobal.com\\\/ca\\\/be-gentle-routine\\\/?lang=fr#mainImage\"},\"datePublished\":\"2019-09-14T01:21:25-04:00\",\"dateModified\":\"2026-01-08T10:34:48-05:00\"},{\"@type\":\"WebSite\",\"@id\":\"https:\\\/\\\/monatglobal.com\\\/ca\\\/#website\",\"url\":\"https:\\\/\\\/monatglobal.com\\\/ca\\\/\",\"name\":\"Monat Canada English\",\"description\":\"We Are Modern Nature\",\"inLanguage\":\"en-US\",\"publisher\":{\"@id\":\"https:\\\/\\\/monatglobal.com\\\/ca\\\/#organization\"}}]}\n\t\t<\/script>\n\t\t<!-- All in One SEO Pro -->\r\n\t\t<title>Syst\u00e8me Be Gentle\u2122 - Monat Canada English<\/title>\n\n","aioseo_head_json":{"title":"Syst\u00e8me Be Gentle\u2122 - Monat Canada English","description":"MEILLEUR VENDEUR MEILLEUR VENDEUR Syst\u00e8me BE GENTLE\u2122 Apaisez et nourrissez la peau s\u00e8che ou sensible Prix de client VIP 335 $ CA Prix de d\u00e9tail 394 $ CA Prix de client VIP 356 $ CA Prix de d\u00e9tail 418 $ CA Prix de client VIP 308 $ CA Prix de d\u00e9tail 362 $ CA Profitez","canonical_url":"https:\/\/monatglobal.com\/ca\/be-gentle-routine\/?lang=fr","robots":"max-image-preview:large","keywords":"","webmasterTools":{"miscellaneous":""},"schema":{"@context":"https:\/\/schema.org","@graph":[{"@type":"BreadcrumbList","@id":"https:\/\/monatglobal.com\/ca\/be-gentle-routine\/?lang=fr#breadcrumblist","itemListElement":[{"@type":"ListItem","@id":"https:\/\/monatglobal.com\/ca#listItem","position":1,"name":"Home","item":"https:\/\/monatglobal.com\/ca","nextItem":{"@type":"ListItem","@id":"https:\/\/monatglobal.com\/ca\/be-gentle-routine\/?lang=fr#listItem","name":"Syst\u00e8me Be Gentle\u2122"}},{"@type":"ListItem","@id":"https:\/\/monatglobal.com\/ca\/be-gentle-routine\/?lang=fr#listItem","position":2,"name":"Syst\u00e8me Be Gentle\u2122","previousItem":{"@type":"ListItem","@id":"https:\/\/monatglobal.com\/ca#listItem","name":"Home"}}]},{"@type":"Organization","@id":"https:\/\/monatglobal.com\/ca\/#organization","name":"Monat Canada English","description":"We Are Modern Nature","url":"https:\/\/monatglobal.com\/ca\/"},{"@type":"WebPage","@id":"https:\/\/monatglobal.com\/ca\/be-gentle-routine\/?lang=fr#webpage","url":"https:\/\/monatglobal.com\/ca\/be-gentle-routine\/?lang=fr","name":"Syst\u00e8me Be Gentle\u2122 - Monat Canada English","description":"MEILLEUR VENDEUR MEILLEUR VENDEUR Syst\u00e8me BE GENTLE\u2122 Apaisez et nourrissez la peau s\u00e8che ou sensible Prix de client VIP 335 $ CA Prix de d\u00e9tail 394 $ CA Prix de client VIP 356 $ CA Prix de d\u00e9tail 418 $ CA Prix de client VIP 308 $ CA Prix de d\u00e9tail 362 $ CA Profitez","inLanguage":"en-US","isPartOf":{"@id":"https:\/\/monatglobal.com\/ca\/#website"},"breadcrumb":{"@id":"https:\/\/monatglobal.com\/ca\/be-gentle-routine\/?lang=fr#breadcrumblist"},"image":{"@type":"ImageObject","url":"https:\/\/monatglobal.com\/ca\/wp-content\/uploads\/sites\/5\/2019\/09\/be-gentle-routine-1.png","@id":"https:\/\/monatglobal.com\/ca\/be-gentle-routine\/?lang=fr\/#mainImage","width":700,"height":503},"primaryImageOfPage":{"@id":"https:\/\/monatglobal.com\/ca\/be-gentle-routine\/?lang=fr#mainImage"},"datePublished":"2019-09-14T01:21:25-04:00","dateModified":"2026-01-08T10:34:48-05:00"},{"@type":"WebSite","@id":"https:\/\/monatglobal.com\/ca\/#website","url":"https:\/\/monatglobal.com\/ca\/","name":"Monat Canada English","description":"We Are Modern Nature","inLanguage":"en-US","publisher":{"@id":"https:\/\/monatglobal.com\/ca\/#organization"}}]},"og:locale":"en_US","og:site_name":"Monat Canada English - We Are Modern Nature","og:type":"article","og:title":"Syst\u00e8me Be Gentle\u2122 - Monat Canada English","og:description":"MEILLEUR VENDEUR MEILLEUR VENDEUR Syst\u00e8me BE GENTLE\u2122 Apaisez et nourrissez la peau s\u00e8che ou sensible Prix de client VIP 335 $ CA Prix de d\u00e9tail 394 $ CA Prix de client VIP 356 $ CA Prix de d\u00e9tail 418 $ CA Prix de client VIP 308 $ CA Prix de d\u00e9tail 362 $ CA Profitez","og:url":"https:\/\/monatglobal.com\/ca\/be-gentle-routine\/?lang=fr","article:published_time":"2019-09-14T01:21:25+00:00","article:modified_time":"2026-01-08T15:34:48+00:00","twitter:card":"summary_large_image","twitter:title":"Syst\u00e8me Be Gentle\u2122 - Monat Canada English","twitter:description":"MEILLEUR VENDEUR MEILLEUR VENDEUR Syst\u00e8me BE GENTLE\u2122 Apaisez et nourrissez la peau s\u00e8che ou sensible Prix de client VIP 335 $ CA Prix de d\u00e9tail 394 $ CA Prix de client VIP 356 $ CA Prix de d\u00e9tail 418 $ CA Prix de client VIP 308 $ CA Prix de d\u00e9tail 362 $ CA Profitez"},"aioseo_meta_data":{"post_id":"46038","title":null,"description":null,"keywords":null,"keyphrases":{"focus":{"keyphrase":"","score":0,"analysis":{"keyphraseInTitle":{"score":0,"maxScore":9,"error":1}}},"additional":[]},"primary_term":null,"canonical_url":null,"og_title":null,"og_description":null,"og_object_type":"default","og_image_type":"default","og_image_url":null,"og_image_width":null,"og_image_height":null,"og_image_custom_url":null,"og_image_custom_fields":null,"og_video":"","og_custom_url":null,"og_article_section":null,"og_article_tags":null,"twitter_use_og":false,"twitter_card":"default","twitter_image_type":"default","twitter_image_url":null,"twitter_image_custom_url":null,"twitter_image_custom_fields":null,"twitter_title":null,"twitter_description":null,"schema":{"blockGraphs":[],"customGraphs":[],"default":{"data":{"Article":[],"Course":[],"Dataset":[],"FAQPage":[],"Movie":[],"Person":[],"Product":[],"ProductReview":[],"Car":[],"Recipe":[],"Service":[],"SoftwareApplication":[],"WebPage":[]},"graphName":"WebPage","isEnabled":true},"graphs":[]},"schema_type":"default","schema_type_options":null,"pillar_content":false,"robots_default":true,"robots_noindex":false,"robots_noarchive":false,"robots_nosnippet":false,"robots_nofollow":false,"robots_noimageindex":false,"robots_noodp":false,"robots_notranslate":false,"robots_max_snippet":"-1","robots_max_videopreview":"-1","robots_max_imagepreview":"large","priority":null,"frequency":"default","local_seo":null,"seo_analyzer_scan_date":"2026-02-10 04:19:39","limit_modified_date":false,"reviewed_by":null,"open_ai":"{\"title\":{\"suggestions\":[],\"usage\":0},\"description\":{\"suggestions\":[],\"usage\":0}}","ai":null,"created":"2023-07-26 12:42:57","updated":"2026-02-10 18:57:02"},"aioseo_breadcrumb":"<div class=\"aioseo-breadcrumbs\"><span class=\"aioseo-breadcrumb\">\n\t<a href=\"https:\/\/monatglobal.com\/ca\" title=\"Home\">Home<\/a>\n<\/span><span class=\"aioseo-breadcrumb-separator\">&raquo;<\/span><span class=\"aioseo-breadcrumb\">\n\tSyst\u00e8me Be Gentle\u2122\n<\/span><\/div>","aioseo_breadcrumb_json":[{"label":"Home","link":"https:\/\/monatglobal.com\/ca"},{"label":"Syst\u00e8me Be Gentle\u2122","link":"https:\/\/monatglobal.com\/ca\/be-gentle-routine\/?lang=fr"}],"_links":{"self":[{"href":"https:\/\/monatglobal.com\/ca\/wp-json\/wp\/v2\/pages\/46038","targetHints":{"allow":["GET"]}}],"collection":[{"href":"https:\/\/monatglobal.com\/ca\/wp-json\/wp\/v2\/pages"}],"about":[{"href":"https:\/\/monatglobal.com\/ca\/wp-json\/wp\/v2\/types\/page"}],"author":[{"embeddable":true,"href":"https:\/\/monatglobal.com\/ca\/wp-json\/wp\/v2\/users\/31"}],"replies":[{"embeddable":true,"href":"https:\/\/monatglobal.com\/ca\/wp-json\/wp\/v2\/comments?post=46038"}],"version-history":[{"count":49,"href":"https:\/\/monatglobal.com\/ca\/wp-json\/wp\/v2\/pages\/46038\/revisions"}],"predecessor-version":[{"id":109754,"href":"https:\/\/monatglobal.com\/ca\/wp-json\/wp\/v2\/pages\/46038\/revisions\/109754"}],"wp:featuredmedia":[{"embeddable":true,"href":"https:\/\/monatglobal.com\/ca\/wp-json\/wp\/v2\/media\/45859"}],"wp:attachment":[{"href":"https:\/\/monatglobal.com\/ca\/wp-json\/wp\/v2\/media?parent=46038"}],"wp:term":[{"taxonomy":"category","embeddable":true,"href":"https:\/\/monatglobal.com\/ca\/wp-json\/wp\/v2\/categories?post=46038"},{"taxonomy":"post_tag","embeddable":true,"href":"https:\/\/monatglobal.com\/ca\/wp-json\/wp\/v2\/tags?post=46038"}],"curies":[{"name":"wp","href":"https:\/\/api.w.org\/{rel}","templated":true}]}}