{"id":46031,"date":"2019-09-14T01:04:20","date_gmt":"2019-09-14T01:04:20","guid":{"rendered":"https:\/\/monatglobal.com\/ca\/?page_id=46031"},"modified":"2026-01-08T10:34:12","modified_gmt":"2026-01-08T15:34:12","slug":"creamy-cleanser","status":"publish","type":"page","link":"https:\/\/monatglobal.com\/ca\/creamy-cleanser\/?lang=fr","title":{"rendered":"Nettoyant cr\u00e9meux Be Gentle\u2122"},"content":{"rendered":"\n\n\t\t\t\t<img loading=\"lazy\" decoding=\"async\" src=\"https:\/\/monatglobal.com\/wp-content\/uploads\/2019\/09\/monat-Be-Gentle-Cleanser-Skincare.png\" alt=\"monat-Be-Gentle-Cleanser-Skincare\" itemprop=\"image\" height=\"450\" width=\"341\" title=\"monat-Be-Gentle-Cleanser-Skincare\" onerror=\"this.style.display='none'\"  \/>\n    <h1>Cr\u00e8me<br \/>nettoyante<\/h1>\n    <p> BE GENTLE\u2122 <\/p>        \n\t<h3>Purifiant et apaisant<br \/>\nAntioxydants pour revitaliser la peau et REJUVENIQE S\u2122\n<\/h3>\n\t<p>120 ml \u212e 4,0 oz liq.<\/p> \n   Prix de VIP\n   <p> 56,00 $ CA<\/p>\n      Prix de d\u00e9tail\n      <p> 66,00 $ CA<\/p>\n   Prix de VIP\n   <p> 60,00 $ CA<\/p>\n      Prix de d\u00e9tail\n      <p> 70,00 $ CA<\/p>\n   Prix de VIP\n   <p> 54,00 $ CA<\/p>\n      Prix de d\u00e9tail\n      <p> 63,00 $ CA<\/p>\n\tPour en savoir plus sur le Nettoyant cr\u00e9meux BE GENTLE\u2122, veuillez contacter votre partenaire de march\u00e9 MONAT.\n\t\t\t<a href=\"https:\/\/corp.mymonat.com\/shop\/products\/creamy-cleanser\/?globallanguage=fr&#038;globalmarket=ca\" target=\"_blank\" role=\"button\" rel=\"noopener\">\n\t\t\t\t\t\t\tMAGASINEZ\n\t\t\t\t\t<\/a>\n\t BIENFAITS\n\t<h1>Une d\u00e9licate cr\u00e8me nettoyante qui enl\u00e8ve la salet\u00e9 et les impuret\u00e9s tout en dynamisant et en nourrissant la peau, la laissant rafra\u00eechie et hydrat\u00e9e.<\/h1>\n\t <h1>PURIFIANT ET APAISANT<\/h1>\n\t<h1>Ce doux nettoyant cr\u00e9meux retire d\u00e9licatement les impuret\u00e9s et les \u00e9l\u00e9ments environnementaux tout en adoucissant et en lissant la peau. Il enl\u00e8ve le maquillage et \u00e9limine le s\u00e9bum et les cellules de peau mortes \u00e0 la surface pour un teint propre, doux, lisse, hydrat\u00e9 et retextur\u00e9.<\/h1>\n\t<h1>Mode d&#8217;emploi<\/h1>\n\t<p>\/ Utiliser matin et soir.<\/p>\n<p>\/ Verser une quantit\u00e9 de la taille d&#8217;un pois sur les mains.<\/p>\n<p>\/ Appliquer sur peau humide en massant doucement avec des mouvements circulaires le visage, le cou et le d\u00e9collet\u00e9.<\/p>\n<p>\/ \u00c9viter les yeux.<\/p>\n<p>\/ Se rince facilement \u00e0 l&#8217;eau. <\/p>\n<p>\/ Pour de meilleurs r\u00e9sultats, nettoyer deux fois avec votre nettoyant MONAT.<\/p>\n<p>\/ Compl\u00e9ter avec MONAT Skin Revitalizing Essence\u2122.<\/p>\n\t\t\t<a href=\"https:\/\/www.youtube.com\/watch?v=z-MuZf2JMyE\" role=\"button\">\n\t\t\t\t\t\t\t<\/a>\n\tNettoyant cr\u00e9meux BE GENTLE\u2122<br \/>\n0:37\n\t\t\t<a href=\"https:\/\/corp.mymonat.com\/shop\/products\/creamy-cleanser\/?globallanguage=fr&#038;globalmarket=ca\" target=\"_blank\" role=\"button\" rel=\"noopener\">\n\t\t\t\t\t\t\tMAGASINEZ\n\t\t\t\t\t<\/a>\n\t<h1>Conseils d&#8217;utilisation<\/h1>\n\t<p>\/ Appliquer un \u00e9cran solaire 15 minutes avant de sortir.<\/p>\n\t INGR\u00c9DIENTS CL\u00c9S\n  <!-- Generator: Adobe Illustrator 23.0.3, SVG Export Plug-In . SVG Version: 6.00 Build 0)  -->\n<p> REJUVENIQE S\u2122<\/p>\n<p>Hydrate et nourrit<\/p>\n<p> Acides de fruits naturels (AHA)<\/p>\n<p>Lissent et illuminent<\/p>\n<p> Peptide<\/p>\n<p>Resserre et repulpe<\/p>\n<p> Complexe Apaisant<\/p>\n(racine de gingembre et Bisabolol) \n<p>Apaise et hydrate<\/p>\n\t\t\t<a href=\"#\" role=\"button\">\n\t\t\t\t\t\t\tLISTE D&#8217;INGR\u00c9DIENTS\n\t\t\t\t\t<\/a>\n\t\t<p>Aqua\/Water\/Eau, Sodium Cocoyl Glutamate, Cetearyl Alcohol, Sodium Cocoyl Isethionate, Glyceryl Stearate SE, Helianthus Annuus (Sunflower) Seed Oil, Cetearyl Glucoside, Glycerin, Cetyl Alcohol, Butyrospermum Parkii (Shea) Butter, Sodium Lauroyl Glutamate, Sodium Astrocaryum Murumuruate, Trifluoroacetyl Tripeptide-2, Bisabolol, Zingiber Officinale (Ginger) Root Extract, Glycolic Acid, Mangifera Indica (Mango) Pulp Extract, Musa Sapientum (Banana) Pulp Extract, Saccharum Officinarum (Sugarcane) Extract, Limnanthes Alba (Meadowfoam) Seed Oil, Crambe Abyssinica Seed Oil, Camellia Oleifera Seed Oil, Solanum Lycopersicum (Tomato) Seed Oil, Daucus Carota Sativa (Carrot) Seed Oil, Citrus Limon (Lemon) Peel Oil, Citrus Aurantifolia (Lime) Oil, Citrus Aurantium Bergamia (Bergamot) Fruit Oil, Adansonia Digitata Oil, Mauritia Flexuosa Fruit Oil, Cocos Nucifera (Coconut) Oil, Gardenia Taitensis Flower Extract, Moringa Oleifera Seed Oil, Caryocar Brasiliense Fruit Oil, Olea Europaea (Olive) Fruit Oil, Simmondsia Chinensis (Jojoba) Seed Extract, Tocopherol, Sodium Polyacrylate, Xylitol, Caprylic Acid, Glyceryl Stearate, Dextran, Fragrance\/Parfum, Ethylhexylglycerin, Benzyl Alcohol.<\/p>\t\n\t<link rel=\"stylesheet\" href=\"https:\/\/unpkg.com\/swiper\/swiper-bundle.min.css\" \/>\n<link rel=\"stylesheet\" href=\"https:\/\/monatglobal.com\/wp-content\/creative_css\/product_styles_sheet.css\" \/>\n   <!--==================================================== You might also like section ====================================================-->\n      <h2>VOUS POURRIEZ AUSSI AIMER<\/h2>\n      <!--==================================================== Slider YOU MIGHT ALSO LIKE ====================================================-->\n            <!--==================================================== Slides products ====================================================-->\n               <a href=\"\/ca\/holidays-2021-minis-mirror\/?lang=fr\" aria-label=\"Go to Magic Minis &#038; Mirror page\">\n                  <img decoding=\"async\" src=\"https:\/\/monatglobal.com\/wp-content\/uploads\/2021\/10\/magic-mini-mirror-300x300-1.jpg\" alt=\"Magic Minis &#038; Mirror\"\/>\n                  <p>Magic Minis &#038; Mirror<\/p>\n               <\/a>\n               <a href=\"\/ca\/nectar-anti-age-rewind\/?lang=fr\" aria-label=\"Go to Rewind\u2122 Age Control Nectar page\">\n                  <img decoding=\"async\" src=\"https:\/\/monatglobal.com\/wp-content\/uploads\/2019\/09\/rewind-age-control-nectar-1.png\" alt=\"Rewind\u2122 Age Control Nectar\"\/>\n                  <p>Nectar anti-\u00e2ge Rewind\u2122<\/p>\n               <\/a>\n               <a href=\"\/ca\/skin-revitalizing-essence\/?lang=fr\" aria-label=\"Go to Skin Revitalizing Essence\u2122 page\">\n                  <img decoding=\"async\" src=\"https:\/\/monatglobal.com\/wp-content\/uploads\/2019\/09\/sking-revitalizing-essence.png\" alt=\"Skin Revitalizing Essence\u2122\"\/>\n                  <p>Skin Revitalizing Essence\u2122<\/p>\n               <\/a>\n         <!--==================================================== If we need navigation buttons  ====================================================-->\n         <!--==================================================== If we need paginations  ====================================================-->\n<!--==================================================== this link has to go last for it to work   ====================================================-->\n\t VOUS POURRIEZ AUSSI AIMER\n\t<a href=\"https:\/\/monatglobal.com\/ca\/products\/?lang=fr&#038;line=soins-de-la-peau\"><h1>Tous les produits de soins pour la peau\n<\/h1><\/a>\n\n","protected":false},"excerpt":{"rendered":"<p>Cr\u00e8menettoyante BE GENTLE\u2122 Purifiant et apaisant Antioxydants pour revitaliser la peau et REJUVENIQE S\u2122 120 ml \u212e 4,0 oz liq. Prix de VIP 56,00 $ CA Prix de d\u00e9tail 66,00 $ CA Prix de VIP 60,00 $ CA Prix de d\u00e9tail 70,00 $ CA Prix de VIP 54,00 $ CA Prix de d\u00e9tail 63,00 $&hellip;<\/p>\n","protected":false},"author":31,"featured_media":55406,"parent":0,"menu_order":0,"comment_status":"closed","ping_status":"closed","template":"","meta":{"inline_featured_image":false,"om_disable_all_campaigns":false,"_monsterinsights_skip_tracking":false,"_monsterinsights_sitenote_active":false,"_monsterinsights_sitenote_note":"","_monsterinsights_sitenote_category":0,"footnotes":""},"categories":[3629],"tags":[],"class_list":["post-46031","page","type-page","status-publish","has-post-thumbnail","hentry","category-product-fra"],"aioseo_notices":[],"aioseo_head":"\n\t\t<!-- All in One SEO Pro 4.9.5.2 - aioseo.com -->\n\t<meta name=\"description\" content=\"Cr\u00e8menettoyante BE GENTLE\u2122 Purifiant et apaisant Antioxydants pour revitaliser la peau et REJUVENIQE S\u2122 120 ml \u212e 4,0 oz liq. Prix de VIP 56,00 $ CA Prix de d\u00e9tail 66,00 $ CA Prix de VIP 60,00 $ CA Prix de d\u00e9tail 70,00 $ CA Prix de VIP 54,00 $ CA Prix de d\u00e9tail 63,00 $\" \/>\n\t<meta name=\"robots\" content=\"max-image-preview:large\" \/>\n\t<link rel=\"canonical\" href=\"https:\/\/monatglobal.com\/ca\/creamy-cleanser\/?lang=fr\" \/>\n\t<meta name=\"generator\" content=\"All in One SEO Pro (AIOSEO) 4.9.5.2\" \/>\n\t\t<meta property=\"og:locale\" content=\"en_US\" \/>\n\t\t<meta property=\"og:site_name\" content=\"Monat Canada English - We Are Modern Nature\" \/>\n\t\t<meta property=\"og:type\" content=\"article\" \/>\n\t\t<meta property=\"og:title\" content=\"Nettoyant cr\u00e9meux Be Gentle\u2122 - Monat Canada English\" \/>\n\t\t<meta property=\"og:description\" content=\"Cr\u00e8menettoyante BE GENTLE\u2122 Purifiant et apaisant Antioxydants pour revitaliser la peau et REJUVENIQE S\u2122 120 ml \u212e 4,0 oz liq. Prix de VIP 56,00 $ CA Prix de d\u00e9tail 66,00 $ CA Prix de VIP 60,00 $ CA Prix de d\u00e9tail 70,00 $ CA Prix de VIP 54,00 $ CA Prix de d\u00e9tail 63,00 $\" \/>\n\t\t<meta property=\"og:url\" content=\"https:\/\/monatglobal.com\/ca\/creamy-cleanser\/?lang=fr\" \/>\n\t\t<meta property=\"article:published_time\" content=\"2019-09-14T01:04:20+00:00\" \/>\n\t\t<meta property=\"article:modified_time\" content=\"2026-01-08T15:34:12+00:00\" \/>\n\t\t<meta name=\"twitter:card\" content=\"summary_large_image\" \/>\n\t\t<meta name=\"twitter:title\" content=\"Nettoyant cr\u00e9meux Be Gentle\u2122 - Monat Canada English\" \/>\n\t\t<meta name=\"twitter:description\" content=\"Cr\u00e8menettoyante BE GENTLE\u2122 Purifiant et apaisant Antioxydants pour revitaliser la peau et REJUVENIQE S\u2122 120 ml \u212e 4,0 oz liq. Prix de VIP 56,00 $ CA Prix de d\u00e9tail 66,00 $ CA Prix de VIP 60,00 $ CA Prix de d\u00e9tail 70,00 $ CA Prix de VIP 54,00 $ CA Prix de d\u00e9tail 63,00 $\" \/>\n\t\t<script type=\"application\/ld+json\" class=\"aioseo-schema\">\n\t\t\t{\"@context\":\"https:\\\/\\\/schema.org\",\"@graph\":[{\"@type\":\"BreadcrumbList\",\"@id\":\"https:\\\/\\\/monatglobal.com\\\/ca\\\/creamy-cleanser\\\/?lang=fr#breadcrumblist\",\"itemListElement\":[{\"@type\":\"ListItem\",\"@id\":\"https:\\\/\\\/monatglobal.com\\\/ca#listItem\",\"position\":1,\"name\":\"Home\",\"item\":\"https:\\\/\\\/monatglobal.com\\\/ca\",\"nextItem\":{\"@type\":\"ListItem\",\"@id\":\"https:\\\/\\\/monatglobal.com\\\/ca\\\/creamy-cleanser\\\/?lang=fr#listItem\",\"name\":\"Nettoyant cr\\u00e9meux Be Gentle\\u2122\"}},{\"@type\":\"ListItem\",\"@id\":\"https:\\\/\\\/monatglobal.com\\\/ca\\\/creamy-cleanser\\\/?lang=fr#listItem\",\"position\":2,\"name\":\"Nettoyant cr\\u00e9meux Be Gentle\\u2122\",\"previousItem\":{\"@type\":\"ListItem\",\"@id\":\"https:\\\/\\\/monatglobal.com\\\/ca#listItem\",\"name\":\"Home\"}}]},{\"@type\":\"Organization\",\"@id\":\"https:\\\/\\\/monatglobal.com\\\/ca\\\/#organization\",\"name\":\"Monat Canada English\",\"description\":\"We Are Modern Nature\",\"url\":\"https:\\\/\\\/monatglobal.com\\\/ca\\\/\"},{\"@type\":\"WebPage\",\"@id\":\"https:\\\/\\\/monatglobal.com\\\/ca\\\/creamy-cleanser\\\/?lang=fr#webpage\",\"url\":\"https:\\\/\\\/monatglobal.com\\\/ca\\\/creamy-cleanser\\\/?lang=fr\",\"name\":\"Nettoyant cr\\u00e9meux Be Gentle\\u2122 - Monat Canada English\",\"description\":\"Cr\\u00e8menettoyante BE GENTLE\\u2122 Purifiant et apaisant Antioxydants pour revitaliser la peau et REJUVENIQE S\\u2122 120 ml \\u212e 4,0 oz liq. Prix de VIP 56,00 $ CA Prix de d\\u00e9tail 66,00 $ CA Prix de VIP 60,00 $ CA Prix de d\\u00e9tail 70,00 $ CA Prix de VIP 54,00 $ CA Prix de d\\u00e9tail 63,00 $\",\"inLanguage\":\"en-US\",\"isPartOf\":{\"@id\":\"https:\\\/\\\/monatglobal.com\\\/ca\\\/#website\"},\"breadcrumb\":{\"@id\":\"https:\\\/\\\/monatglobal.com\\\/ca\\\/creamy-cleanser\\\/?lang=fr#breadcrumblist\"},\"image\":{\"@type\":\"ImageObject\",\"url\":\"https:\\\/\\\/monatglobal.com\\\/ca\\\/wp-content\\\/uploads\\\/sites\\\/5\\\/2020\\\/10\\\/creamy-cleanser-500x438.png\",\"@id\":\"https:\\\/\\\/monatglobal.com\\\/ca\\\/creamy-cleanser\\\/?lang=fr\\\/#mainImage\",\"width\":438,\"height\":500},\"primaryImageOfPage\":{\"@id\":\"https:\\\/\\\/monatglobal.com\\\/ca\\\/creamy-cleanser\\\/?lang=fr#mainImage\"},\"datePublished\":\"2019-09-14T01:04:20-04:00\",\"dateModified\":\"2026-01-08T10:34:12-05:00\"},{\"@type\":\"WebSite\",\"@id\":\"https:\\\/\\\/monatglobal.com\\\/ca\\\/#website\",\"url\":\"https:\\\/\\\/monatglobal.com\\\/ca\\\/\",\"name\":\"Monat Canada English\",\"description\":\"We Are Modern Nature\",\"inLanguage\":\"en-US\",\"publisher\":{\"@id\":\"https:\\\/\\\/monatglobal.com\\\/ca\\\/#organization\"}}]}\n\t\t<\/script>\n\t\t<!-- All in One SEO Pro -->\r\n\t\t<title>Nettoyant cr\u00e9meux Be Gentle\u2122 - Monat Canada English<\/title>\n\n","aioseo_head_json":{"title":"Nettoyant cr\u00e9meux Be Gentle\u2122 - Monat Canada English","description":"Cr\u00e8menettoyante BE GENTLE\u2122 Purifiant et apaisant Antioxydants pour revitaliser la peau et REJUVENIQE S\u2122 120 ml \u212e 4,0 oz liq. Prix de VIP 56,00 $ CA Prix de d\u00e9tail 66,00 $ CA Prix de VIP 60,00 $ CA Prix de d\u00e9tail 70,00 $ CA Prix de VIP 54,00 $ CA Prix de d\u00e9tail 63,00 $","canonical_url":"https:\/\/monatglobal.com\/ca\/creamy-cleanser\/?lang=fr","robots":"max-image-preview:large","keywords":"","webmasterTools":{"miscellaneous":""},"schema":{"@context":"https:\/\/schema.org","@graph":[{"@type":"BreadcrumbList","@id":"https:\/\/monatglobal.com\/ca\/creamy-cleanser\/?lang=fr#breadcrumblist","itemListElement":[{"@type":"ListItem","@id":"https:\/\/monatglobal.com\/ca#listItem","position":1,"name":"Home","item":"https:\/\/monatglobal.com\/ca","nextItem":{"@type":"ListItem","@id":"https:\/\/monatglobal.com\/ca\/creamy-cleanser\/?lang=fr#listItem","name":"Nettoyant cr\u00e9meux Be Gentle\u2122"}},{"@type":"ListItem","@id":"https:\/\/monatglobal.com\/ca\/creamy-cleanser\/?lang=fr#listItem","position":2,"name":"Nettoyant cr\u00e9meux Be Gentle\u2122","previousItem":{"@type":"ListItem","@id":"https:\/\/monatglobal.com\/ca#listItem","name":"Home"}}]},{"@type":"Organization","@id":"https:\/\/monatglobal.com\/ca\/#organization","name":"Monat Canada English","description":"We Are Modern Nature","url":"https:\/\/monatglobal.com\/ca\/"},{"@type":"WebPage","@id":"https:\/\/monatglobal.com\/ca\/creamy-cleanser\/?lang=fr#webpage","url":"https:\/\/monatglobal.com\/ca\/creamy-cleanser\/?lang=fr","name":"Nettoyant cr\u00e9meux Be Gentle\u2122 - Monat Canada English","description":"Cr\u00e8menettoyante BE GENTLE\u2122 Purifiant et apaisant Antioxydants pour revitaliser la peau et REJUVENIQE S\u2122 120 ml \u212e 4,0 oz liq. Prix de VIP 56,00 $ CA Prix de d\u00e9tail 66,00 $ CA Prix de VIP 60,00 $ CA Prix de d\u00e9tail 70,00 $ CA Prix de VIP 54,00 $ CA Prix de d\u00e9tail 63,00 $","inLanguage":"en-US","isPartOf":{"@id":"https:\/\/monatglobal.com\/ca\/#website"},"breadcrumb":{"@id":"https:\/\/monatglobal.com\/ca\/creamy-cleanser\/?lang=fr#breadcrumblist"},"image":{"@type":"ImageObject","url":"https:\/\/monatglobal.com\/ca\/wp-content\/uploads\/sites\/5\/2020\/10\/creamy-cleanser-500x438.png","@id":"https:\/\/monatglobal.com\/ca\/creamy-cleanser\/?lang=fr\/#mainImage","width":438,"height":500},"primaryImageOfPage":{"@id":"https:\/\/monatglobal.com\/ca\/creamy-cleanser\/?lang=fr#mainImage"},"datePublished":"2019-09-14T01:04:20-04:00","dateModified":"2026-01-08T10:34:12-05:00"},{"@type":"WebSite","@id":"https:\/\/monatglobal.com\/ca\/#website","url":"https:\/\/monatglobal.com\/ca\/","name":"Monat Canada English","description":"We Are Modern Nature","inLanguage":"en-US","publisher":{"@id":"https:\/\/monatglobal.com\/ca\/#organization"}}]},"og:locale":"en_US","og:site_name":"Monat Canada English - We Are Modern Nature","og:type":"article","og:title":"Nettoyant cr\u00e9meux Be Gentle\u2122 - Monat Canada English","og:description":"Cr\u00e8menettoyante BE GENTLE\u2122 Purifiant et apaisant Antioxydants pour revitaliser la peau et REJUVENIQE S\u2122 120 ml \u212e 4,0 oz liq. Prix de VIP 56,00 $ CA Prix de d\u00e9tail 66,00 $ CA Prix de VIP 60,00 $ CA Prix de d\u00e9tail 70,00 $ CA Prix de VIP 54,00 $ CA Prix de d\u00e9tail 63,00 $","og:url":"https:\/\/monatglobal.com\/ca\/creamy-cleanser\/?lang=fr","article:published_time":"2019-09-14T01:04:20+00:00","article:modified_time":"2026-01-08T15:34:12+00:00","twitter:card":"summary_large_image","twitter:title":"Nettoyant cr\u00e9meux Be Gentle\u2122 - Monat Canada English","twitter:description":"Cr\u00e8menettoyante BE GENTLE\u2122 Purifiant et apaisant Antioxydants pour revitaliser la peau et REJUVENIQE S\u2122 120 ml \u212e 4,0 oz liq. Prix de VIP 56,00 $ CA Prix de d\u00e9tail 66,00 $ CA Prix de VIP 60,00 $ CA Prix de d\u00e9tail 70,00 $ CA Prix de VIP 54,00 $ CA Prix de d\u00e9tail 63,00 $"},"aioseo_meta_data":{"post_id":"46031","title":null,"description":null,"keywords":null,"keyphrases":{"focus":{"keyphrase":"","score":0,"analysis":{"keyphraseInTitle":{"score":0,"maxScore":9,"error":1}}},"additional":[]},"primary_term":null,"canonical_url":null,"og_title":null,"og_description":null,"og_object_type":"default","og_image_type":"default","og_image_url":null,"og_image_width":null,"og_image_height":null,"og_image_custom_url":null,"og_image_custom_fields":null,"og_video":"","og_custom_url":null,"og_article_section":null,"og_article_tags":null,"twitter_use_og":false,"twitter_card":"default","twitter_image_type":"default","twitter_image_url":null,"twitter_image_custom_url":null,"twitter_image_custom_fields":null,"twitter_title":null,"twitter_description":null,"schema":{"blockGraphs":[],"customGraphs":[],"default":{"data":{"Article":[],"Course":[],"Dataset":[],"FAQPage":[],"Movie":[],"Person":[],"Product":[],"ProductReview":[],"Car":[],"Recipe":[],"Service":[],"SoftwareApplication":[],"WebPage":[]},"graphName":"WebPage","isEnabled":true},"graphs":[]},"schema_type":"default","schema_type_options":null,"pillar_content":false,"robots_default":true,"robots_noindex":false,"robots_noarchive":false,"robots_nosnippet":false,"robots_nofollow":false,"robots_noimageindex":false,"robots_noodp":false,"robots_notranslate":false,"robots_max_snippet":"-1","robots_max_videopreview":"-1","robots_max_imagepreview":"large","priority":null,"frequency":"default","local_seo":null,"seo_analyzer_scan_date":"2026-02-10 04:19:36","limit_modified_date":false,"reviewed_by":null,"open_ai":"{\"title\":{\"suggestions\":[],\"usage\":0},\"description\":{\"suggestions\":[],\"usage\":0}}","ai":null,"created":"2023-07-26 12:42:57","updated":"2026-02-10 18:56:43"},"aioseo_breadcrumb":"<div class=\"aioseo-breadcrumbs\"><span class=\"aioseo-breadcrumb\">\n\t<a href=\"https:\/\/monatglobal.com\/ca\" title=\"Home\">Home<\/a>\n<\/span><span class=\"aioseo-breadcrumb-separator\">&raquo;<\/span><span class=\"aioseo-breadcrumb\">\n\tNettoyant cr\u00e9meux Be Gentle\u2122\n<\/span><\/div>","aioseo_breadcrumb_json":[{"label":"Home","link":"https:\/\/monatglobal.com\/ca"},{"label":"Nettoyant cr\u00e9meux Be Gentle\u2122","link":"https:\/\/monatglobal.com\/ca\/creamy-cleanser\/?lang=fr"}],"_links":{"self":[{"href":"https:\/\/monatglobal.com\/ca\/wp-json\/wp\/v2\/pages\/46031","targetHints":{"allow":["GET"]}}],"collection":[{"href":"https:\/\/monatglobal.com\/ca\/wp-json\/wp\/v2\/pages"}],"about":[{"href":"https:\/\/monatglobal.com\/ca\/wp-json\/wp\/v2\/types\/page"}],"author":[{"embeddable":true,"href":"https:\/\/monatglobal.com\/ca\/wp-json\/wp\/v2\/users\/31"}],"replies":[{"embeddable":true,"href":"https:\/\/monatglobal.com\/ca\/wp-json\/wp\/v2\/comments?post=46031"}],"version-history":[{"count":34,"href":"https:\/\/monatglobal.com\/ca\/wp-json\/wp\/v2\/pages\/46031\/revisions"}],"predecessor-version":[{"id":109751,"href":"https:\/\/monatglobal.com\/ca\/wp-json\/wp\/v2\/pages\/46031\/revisions\/109751"}],"wp:featuredmedia":[{"embeddable":true,"href":"https:\/\/monatglobal.com\/ca\/wp-json\/wp\/v2\/media\/55406"}],"wp:attachment":[{"href":"https:\/\/monatglobal.com\/ca\/wp-json\/wp\/v2\/media?parent=46031"}],"wp:term":[{"taxonomy":"category","embeddable":true,"href":"https:\/\/monatglobal.com\/ca\/wp-json\/wp\/v2\/categories?post=46031"},{"taxonomy":"post_tag","embeddable":true,"href":"https:\/\/monatglobal.com\/ca\/wp-json\/wp\/v2\/tags?post=46031"}],"curies":[{"name":"wp","href":"https:\/\/api.w.org\/{rel}","templated":true}]}}