{"id":46024,"date":"2019-09-14T00:53:13","date_gmt":"2019-09-14T00:53:13","guid":{"rendered":"https:\/\/monatglobal.com\/ca\/?page_id=46024"},"modified":"2026-01-08T10:31:24","modified_gmt":"2026-01-08T15:31:24","slug":"foamy-cleanser","status":"publish","type":"page","link":"https:\/\/monatglobal.com\/ca\/foamy-cleanser\/?lang=fr","title":{"rendered":"Mousse nettoyante Be Balanced\u2122"},"content":{"rendered":"\n\n\t<p>MEILLEUR VENDEUR<\/p>\n\t\t\t\t<img loading=\"lazy\" decoding=\"async\" src=\"https:\/\/monatglobal.com\/wp-content\/uploads\/2019\/09\/be-balanced-foamy-cleanser-.png\" alt=\"be-balanced-foamy-cleanser-\" itemprop=\"image\" height=\"450\" width=\"341\" title=\"be-balanced-foamy-cleanser-\" onerror=\"this.style.display='none'\"  \/>\n\t<p>MEILLEUR VENDEUR<\/p>\n    <h1> Mousse<br \/>nettoyante<\/h1>\n    <p>BE BALANCED\u2122<\/p>\n\t<h3>Purifiant et adoucissant<br \/>\nAntioxydants et acides de fruits naturels pour lisser la peau\n<\/h3>\n\t<p> 120 ml \u212e 4.0 fl. oz.<\/p> \n\t<p>Disponible \u00e0 compter du dimanche 15 septembre \u00e0 11 h, HE<\/p> \n   Prix de client VIP\n   <p> 56,00 $ CA <\/p>\n      Prix de d\u00e9tail\n      <p> 66,00 $ CA<\/p>\n   Prix de client VIP\n   <p> 60,00 $ CA <\/p>\n      Prix de d\u00e9tail\n      <p> 70,00 $ CA<\/p>\n   Prix de client VIP\n   <p> 54,00 $ CA <\/p>\n      Prix de d\u00e9tail\n      <p> 63,00 $ CA<\/p>\nPour en savoir plus sur la Mousse nettoyante BE BALANCED\u2122, veuillez contacter votre partenaire de march\u00e9 MONAT.\n\t\t\t<a href=\"https:\/\/corp.mymonat.com\/shop\/products\/be-balanced-foamy-cleanser\/?globallanguage=fr&#038;globalmarket=ca\" target=\"_blank\" role=\"button\" rel=\"noopener\">\n\t\t\t\t\t\t\tMAGASINEZ\n\t\t\t\t\t<\/a>\n\t BIENFAITS\n\t<h1>Une riche mousse nettoyante rafra\u00eechissante qui retire les impuret\u00e9s de la peau tout en conservant la barri\u00e8re d&#8217;hydratation de la peau, r\u00e9v\u00e9lant un teint plus \u00e9clatant et d&#8217;apparence plus saine.<\/h1>\n\t <h1>PURIFIANT ET ADOUCISSANT <\/h1>\n\t<h1>Une riche mousse nettoyante qui retire les impuret\u00e9s, les facteurs environnementaux et les huiles de surface. Forme une mousse soyeuse qui nettoie et texturise la surface de la peau. Laisse la peau propre et r\u00e9v\u00e8le un teint plus radieux et d&#8217;apparence plus saine.<\/h1>\n\t<h1>Mode d&#8217;emploi<\/h1>\n\t<p>\/ Utiliser chaque jour, matin et soir.<\/p>\n<p>\/ Appliquer une petite quantit\u00e9 sur les mains; frotter pour former une riche mousse.<\/p>\n<p>\/ Nettoyer avec des mouvements circulaires le visage, le cou et le d\u00e9collet\u00e9.<\/p>\n<p>\/ \u00c9viter les yeux.<\/p>\n<p>\/ Se rince facilement \u00e0 l&#8217;eau. <\/p> \n<p>\/Pour de meilleurs r\u00e9sultats, laver deux fois. <\/p> \n<p>\/ Compl\u00e9ter votre routine de soins de la peau avec des produits MONAT. <\/p><br \/> \n\t\t\t<a href=\"https:\/\/www.youtube.com\/watch?v=y2iUsFpOf3s\" role=\"button\">\n\t\t\t\t\t\t\t<\/a>\n\tMousse nettoyante Be Balanced\u2122<br \/>\n0:40\n\t\t\t<a href=\"https:\/\/corp.mymonat.com\/shop\/products\/be-balanced-foamy-cleanser\/?globallanguage=fr&#038;globalmarket=ca\" target=\"_blank\" role=\"button\" rel=\"noopener\">\n\t\t\t\t\t\t\tMAGASINEZ\n\t\t\t\t\t<\/a>\n\t<h1>Conseils d&#8217;utilisation<\/h1>\n\t<p>\/ Pour de meilleurs r\u00e9sultats, laver deux fois. <\/p> \n<p>\/ Appliquer un \u00e9cran solaire 15 minutes avant de sortir.<\/p> \n\t INGR\u00c9DIENTS CL\u00c9S\n  <!-- Generator: Adobe Illustrator 23.0.3, SVG Export Plug-In . SVG Version: 6.00 Build 0)  -->\n<p> REJUVENIQE S\u2122<\/p>\n<p>Hydrate et nourrit<\/p>\n<p> Peptide<\/p>\n<p>Resserre et repulpe<\/p>\n<p> Acides de fruits naturels (AHA)<\/p>\n<p>Lissent et illuminent<\/p>\n<p>Antioxydants<\/p>\nProt\u00e8gent\n\n\t\t\t<a href=\"#\" role=\"button\">\n\t\t\t\t\t\t\tLISTE D&#8217;INGR\u00c9DIENTS\n\t\t\t\t\t<\/a>\n\t\t<p>Aqua\/Water\/Eau, Sodium Cocoyl Isethionate, Lecithin, Glycerin, Palmitic Acid, C12-16 Alcohols, Trifluoroacetyl Tripeptide-2, Mangifera Indica (Mango) Pulp Extract, Musa Sapientum (Banana) Pulp Extract, Saccharum Officinarum (Sugarcane) Extract, Glycolic Acid, Tocopherol, Limnanthes Alba (Meadowfoam) Seed Oil, Crambe Abyssinica Seed Oil, Camellia Oleifera Seed Oil, Solanum Lycopersicum (Tomato) Seed Oil, Daucus Carota Sativa (Carrot) Seed Oil, Citrus Limon (Lemon) Peel Oil, Citrus Aurantifolia (Lime) Oil, Citrus Aurantium Bergamia (Bergamot) Fruit Oil, Adansonia Digitata Oil, Mauritia Flexuosa Fruit Oil, Cocos Nucifera (Coconut) Oil, Gardenia Taitensis Flower Extract, Moringa Oleifera Seed Oil, Caryocar Brasiliense Fruit Oil, Helianthus Annuus (Sunflower) Seed Oil, Olea Europaea (Olive) Fruit Oil, Simmondsia Chinensis (Jojoba) Seed Extract, Sodium Phytate, Xanthan Gum, Sclerotium Gum, Pullulan, Dextran, Fragrance\/Parfum, Ethylhexylglycerin, Benzyl Alcohol.<\/p>\t\n\t<link rel=\"stylesheet\" href=\"https:\/\/unpkg.com\/swiper\/swiper-bundle.min.css\" \/>\n<link rel=\"stylesheet\" href=\"https:\/\/monatglobal.com\/wp-content\/creative_css\/product_styles_sheet.css\" \/>\n   <!--==================================================== You might also like section ====================================================-->\n      <h2>YOU MIGHT ALSO LIKE<\/h2>\n      <!--==================================================== Slider YOU MIGHT ALSO LIKE ====================================================-->\n            <!--==================================================== Slides products ====================================================-->\n               <a href=\"\/ca\/holidays-2021-minis-mirror\/?lang=fr\" aria-label=\"Go to Magic Minis &#038; Mirror page\">\n                  <img decoding=\"async\" src=\"https:\/\/monatglobal.com\/wp-content\/uploads\/2021\/10\/magic-mini-mirror-300x300-1.jpg\" alt=\"Magic Minis &#038; Mirror\"\/>\n                  <p>Soins minis et magie miroir<\/p>\n               <\/a>\n               <a href=\"\/ca\/nectar-anti-age-rewind\/?lang=fr\" aria-label=\"Go to Rewind\u2122 Age Control Nectar page\">\n                  <img decoding=\"async\" src=\"https:\/\/monatglobal.com\/wp-content\/uploads\/2019\/09\/rewind-age-control-nectar-1.png\" alt=\"Rewind\u2122 Age Control Nectar\"\/>\n                  <p>Nectar anti-\u00e2ge <br \/>Rewind\u2122<\/p>\n               <\/a>\n               <a href=\"\/ca\/eye-smooth\/?lang=fr\" aria-label=\"Go to Eye Smooth\u2122 page\">\n                  <img decoding=\"async\" src=\"https:\/\/monatglobal.com\/wp-content\/uploads\/2020\/10\/eye-smooth-500x438.png\" alt=\"Eye Smooth\u2122\"\/>\n                  <p>Cr\u00e8me yeux nourrissante <br \/>&#8220;Eye SmoothTM&#8221;<\/p>\n               <\/a>\n         <!--==================================================== If we need navigation buttons  ====================================================-->\n         <!--==================================================== If we need paginations  ====================================================-->\n<!--==================================================== this link has to go last for it to work   ====================================================-->\n\t Vous pourriez aussi aimer\n\t<a href=\"https:\/\/monatglobal.com\/ca\/products\/?lang=fr&#038;line=soins-de-la-peau\"><h1>Tous les produits de soins pour la peau\n<\/h1><\/a>\n\n","protected":false},"excerpt":{"rendered":"<p>MEILLEUR VENDEUR MEILLEUR VENDEUR Moussenettoyante BE BALANCED\u2122 Purifiant et adoucissant Antioxydants et acides de fruits naturels pour lisser la peau 120 ml \u212e 4.0 fl. oz. Disponible \u00e0 compter du dimanche 15 septembre \u00e0 11 h, HE Prix de client VIP 56,00 $ CA Prix de d\u00e9tail 66,00 $ CA Prix de client VIP 60,00&hellip;<\/p>\n","protected":false},"author":31,"featured_media":55408,"parent":0,"menu_order":0,"comment_status":"closed","ping_status":"closed","template":"","meta":{"inline_featured_image":false,"om_disable_all_campaigns":false,"_monsterinsights_skip_tracking":false,"_monsterinsights_sitenote_active":false,"_monsterinsights_sitenote_note":"","_monsterinsights_sitenote_category":0,"footnotes":""},"categories":[3629],"tags":[],"class_list":["post-46024","page","type-page","status-publish","has-post-thumbnail","hentry","category-product-fra"],"aioseo_notices":[],"aioseo_head":"\n\t\t<!-- All in One SEO Pro 4.9.5.2 - aioseo.com -->\n\t<meta name=\"description\" content=\"MEILLEUR VENDEUR MEILLEUR VENDEUR Moussenettoyante BE BALANCED\u2122 Purifiant et adoucissant Antioxydants et acides de fruits naturels pour lisser la peau 120 ml \u212e 4.0 fl. oz. Disponible \u00e0 compter du dimanche 15 septembre \u00e0 11 h, HE Prix de client VIP 56,00 $ CA Prix de d\u00e9tail 66,00 $ CA Prix de client VIP 60,00\" \/>\n\t<meta name=\"robots\" content=\"max-image-preview:large\" \/>\n\t<link rel=\"canonical\" href=\"https:\/\/monatglobal.com\/ca\/foamy-cleanser\/?lang=fr\" \/>\n\t<meta name=\"generator\" content=\"All in One SEO Pro (AIOSEO) 4.9.5.2\" \/>\n\t\t<meta property=\"og:locale\" content=\"en_US\" \/>\n\t\t<meta property=\"og:site_name\" content=\"Monat Canada English - We Are Modern Nature\" \/>\n\t\t<meta property=\"og:type\" content=\"article\" \/>\n\t\t<meta property=\"og:title\" content=\"Mousse nettoyante Be Balanced\u2122 - Monat Canada English\" \/>\n\t\t<meta property=\"og:description\" content=\"MEILLEUR VENDEUR MEILLEUR VENDEUR Moussenettoyante BE BALANCED\u2122 Purifiant et adoucissant Antioxydants et acides de fruits naturels pour lisser la peau 120 ml \u212e 4.0 fl. oz. Disponible \u00e0 compter du dimanche 15 septembre \u00e0 11 h, HE Prix de client VIP 56,00 $ CA Prix de d\u00e9tail 66,00 $ CA Prix de client VIP 60,00\" \/>\n\t\t<meta property=\"og:url\" content=\"https:\/\/monatglobal.com\/ca\/foamy-cleanser\/?lang=fr\" \/>\n\t\t<meta property=\"article:published_time\" content=\"2019-09-14T00:53:13+00:00\" \/>\n\t\t<meta property=\"article:modified_time\" content=\"2026-01-08T15:31:24+00:00\" \/>\n\t\t<meta name=\"twitter:card\" content=\"summary_large_image\" \/>\n\t\t<meta name=\"twitter:title\" content=\"Mousse nettoyante Be Balanced\u2122 - Monat Canada English\" \/>\n\t\t<meta name=\"twitter:description\" content=\"MEILLEUR VENDEUR MEILLEUR VENDEUR Moussenettoyante BE BALANCED\u2122 Purifiant et adoucissant Antioxydants et acides de fruits naturels pour lisser la peau 120 ml \u212e 4.0 fl. oz. Disponible \u00e0 compter du dimanche 15 septembre \u00e0 11 h, HE Prix de client VIP 56,00 $ CA Prix de d\u00e9tail 66,00 $ CA Prix de client VIP 60,00\" \/>\n\t\t<script type=\"application\/ld+json\" class=\"aioseo-schema\">\n\t\t\t{\"@context\":\"https:\\\/\\\/schema.org\",\"@graph\":[{\"@type\":\"BreadcrumbList\",\"@id\":\"https:\\\/\\\/monatglobal.com\\\/ca\\\/foamy-cleanser\\\/?lang=fr#breadcrumblist\",\"itemListElement\":[{\"@type\":\"ListItem\",\"@id\":\"https:\\\/\\\/monatglobal.com\\\/ca#listItem\",\"position\":1,\"name\":\"Home\",\"item\":\"https:\\\/\\\/monatglobal.com\\\/ca\",\"nextItem\":{\"@type\":\"ListItem\",\"@id\":\"https:\\\/\\\/monatglobal.com\\\/ca\\\/foamy-cleanser\\\/?lang=fr#listItem\",\"name\":\"Mousse nettoyante Be Balanced\\u2122\"}},{\"@type\":\"ListItem\",\"@id\":\"https:\\\/\\\/monatglobal.com\\\/ca\\\/foamy-cleanser\\\/?lang=fr#listItem\",\"position\":2,\"name\":\"Mousse nettoyante Be Balanced\\u2122\",\"previousItem\":{\"@type\":\"ListItem\",\"@id\":\"https:\\\/\\\/monatglobal.com\\\/ca#listItem\",\"name\":\"Home\"}}]},{\"@type\":\"Organization\",\"@id\":\"https:\\\/\\\/monatglobal.com\\\/ca\\\/#organization\",\"name\":\"Monat Canada English\",\"description\":\"We Are Modern Nature\",\"url\":\"https:\\\/\\\/monatglobal.com\\\/ca\\\/\"},{\"@type\":\"WebPage\",\"@id\":\"https:\\\/\\\/monatglobal.com\\\/ca\\\/foamy-cleanser\\\/?lang=fr#webpage\",\"url\":\"https:\\\/\\\/monatglobal.com\\\/ca\\\/foamy-cleanser\\\/?lang=fr\",\"name\":\"Mousse nettoyante Be Balanced\\u2122 - Monat Canada English\",\"description\":\"MEILLEUR VENDEUR MEILLEUR VENDEUR Moussenettoyante BE BALANCED\\u2122 Purifiant et adoucissant Antioxydants et acides de fruits naturels pour lisser la peau 120 ml \\u212e 4.0 fl. oz. Disponible \\u00e0 compter du dimanche 15 septembre \\u00e0 11 h, HE Prix de client VIP 56,00 $ CA Prix de d\\u00e9tail 66,00 $ CA Prix de client VIP 60,00\",\"inLanguage\":\"en-US\",\"isPartOf\":{\"@id\":\"https:\\\/\\\/monatglobal.com\\\/ca\\\/#website\"},\"breadcrumb\":{\"@id\":\"https:\\\/\\\/monatglobal.com\\\/ca\\\/foamy-cleanser\\\/?lang=fr#breadcrumblist\"},\"image\":{\"@type\":\"ImageObject\",\"url\":\"https:\\\/\\\/monatglobal.com\\\/ca\\\/wp-content\\\/uploads\\\/sites\\\/5\\\/2020\\\/10\\\/foamy-cleanser-500x438.png\",\"@id\":\"https:\\\/\\\/monatglobal.com\\\/ca\\\/foamy-cleanser\\\/?lang=fr\\\/#mainImage\",\"width\":438,\"height\":500},\"primaryImageOfPage\":{\"@id\":\"https:\\\/\\\/monatglobal.com\\\/ca\\\/foamy-cleanser\\\/?lang=fr#mainImage\"},\"datePublished\":\"2019-09-14T00:53:13-04:00\",\"dateModified\":\"2026-01-08T10:31:24-05:00\"},{\"@type\":\"WebSite\",\"@id\":\"https:\\\/\\\/monatglobal.com\\\/ca\\\/#website\",\"url\":\"https:\\\/\\\/monatglobal.com\\\/ca\\\/\",\"name\":\"Monat Canada English\",\"description\":\"We Are Modern Nature\",\"inLanguage\":\"en-US\",\"publisher\":{\"@id\":\"https:\\\/\\\/monatglobal.com\\\/ca\\\/#organization\"}}]}\n\t\t<\/script>\n\t\t<!-- All in One SEO Pro -->\r\n\t\t<title>Mousse nettoyante Be Balanced\u2122 - Monat Canada English<\/title>\n\n","aioseo_head_json":{"title":"Mousse nettoyante Be Balanced\u2122 - Monat Canada English","description":"MEILLEUR VENDEUR MEILLEUR VENDEUR Moussenettoyante BE BALANCED\u2122 Purifiant et adoucissant Antioxydants et acides de fruits naturels pour lisser la peau 120 ml \u212e 4.0 fl. oz. Disponible \u00e0 compter du dimanche 15 septembre \u00e0 11 h, HE Prix de client VIP 56,00 $ CA Prix de d\u00e9tail 66,00 $ CA Prix de client VIP 60,00","canonical_url":"https:\/\/monatglobal.com\/ca\/foamy-cleanser\/?lang=fr","robots":"max-image-preview:large","keywords":"","webmasterTools":{"miscellaneous":""},"schema":{"@context":"https:\/\/schema.org","@graph":[{"@type":"BreadcrumbList","@id":"https:\/\/monatglobal.com\/ca\/foamy-cleanser\/?lang=fr#breadcrumblist","itemListElement":[{"@type":"ListItem","@id":"https:\/\/monatglobal.com\/ca#listItem","position":1,"name":"Home","item":"https:\/\/monatglobal.com\/ca","nextItem":{"@type":"ListItem","@id":"https:\/\/monatglobal.com\/ca\/foamy-cleanser\/?lang=fr#listItem","name":"Mousse nettoyante Be Balanced\u2122"}},{"@type":"ListItem","@id":"https:\/\/monatglobal.com\/ca\/foamy-cleanser\/?lang=fr#listItem","position":2,"name":"Mousse nettoyante Be Balanced\u2122","previousItem":{"@type":"ListItem","@id":"https:\/\/monatglobal.com\/ca#listItem","name":"Home"}}]},{"@type":"Organization","@id":"https:\/\/monatglobal.com\/ca\/#organization","name":"Monat Canada English","description":"We Are Modern Nature","url":"https:\/\/monatglobal.com\/ca\/"},{"@type":"WebPage","@id":"https:\/\/monatglobal.com\/ca\/foamy-cleanser\/?lang=fr#webpage","url":"https:\/\/monatglobal.com\/ca\/foamy-cleanser\/?lang=fr","name":"Mousse nettoyante Be Balanced\u2122 - Monat Canada English","description":"MEILLEUR VENDEUR MEILLEUR VENDEUR Moussenettoyante BE BALANCED\u2122 Purifiant et adoucissant Antioxydants et acides de fruits naturels pour lisser la peau 120 ml \u212e 4.0 fl. oz. Disponible \u00e0 compter du dimanche 15 septembre \u00e0 11 h, HE Prix de client VIP 56,00 $ CA Prix de d\u00e9tail 66,00 $ CA Prix de client VIP 60,00","inLanguage":"en-US","isPartOf":{"@id":"https:\/\/monatglobal.com\/ca\/#website"},"breadcrumb":{"@id":"https:\/\/monatglobal.com\/ca\/foamy-cleanser\/?lang=fr#breadcrumblist"},"image":{"@type":"ImageObject","url":"https:\/\/monatglobal.com\/ca\/wp-content\/uploads\/sites\/5\/2020\/10\/foamy-cleanser-500x438.png","@id":"https:\/\/monatglobal.com\/ca\/foamy-cleanser\/?lang=fr\/#mainImage","width":438,"height":500},"primaryImageOfPage":{"@id":"https:\/\/monatglobal.com\/ca\/foamy-cleanser\/?lang=fr#mainImage"},"datePublished":"2019-09-14T00:53:13-04:00","dateModified":"2026-01-08T10:31:24-05:00"},{"@type":"WebSite","@id":"https:\/\/monatglobal.com\/ca\/#website","url":"https:\/\/monatglobal.com\/ca\/","name":"Monat Canada English","description":"We Are Modern Nature","inLanguage":"en-US","publisher":{"@id":"https:\/\/monatglobal.com\/ca\/#organization"}}]},"og:locale":"en_US","og:site_name":"Monat Canada English - We Are Modern Nature","og:type":"article","og:title":"Mousse nettoyante Be Balanced\u2122 - Monat Canada English","og:description":"MEILLEUR VENDEUR MEILLEUR VENDEUR Moussenettoyante BE BALANCED\u2122 Purifiant et adoucissant Antioxydants et acides de fruits naturels pour lisser la peau 120 ml \u212e 4.0 fl. oz. Disponible \u00e0 compter du dimanche 15 septembre \u00e0 11 h, HE Prix de client VIP 56,00 $ CA Prix de d\u00e9tail 66,00 $ CA Prix de client VIP 60,00","og:url":"https:\/\/monatglobal.com\/ca\/foamy-cleanser\/?lang=fr","article:published_time":"2019-09-14T00:53:13+00:00","article:modified_time":"2026-01-08T15:31:24+00:00","twitter:card":"summary_large_image","twitter:title":"Mousse nettoyante Be Balanced\u2122 - Monat Canada English","twitter:description":"MEILLEUR VENDEUR MEILLEUR VENDEUR Moussenettoyante BE BALANCED\u2122 Purifiant et adoucissant Antioxydants et acides de fruits naturels pour lisser la peau 120 ml \u212e 4.0 fl. oz. Disponible \u00e0 compter du dimanche 15 septembre \u00e0 11 h, HE Prix de client VIP 56,00 $ CA Prix de d\u00e9tail 66,00 $ CA Prix de client VIP 60,00"},"aioseo_meta_data":{"post_id":"46024","title":null,"description":null,"keywords":null,"keyphrases":{"focus":{"keyphrase":"","score":0,"analysis":{"keyphraseInTitle":{"score":0,"maxScore":9,"error":1}}},"additional":[]},"primary_term":null,"canonical_url":null,"og_title":null,"og_description":null,"og_object_type":"default","og_image_type":"default","og_image_url":null,"og_image_width":null,"og_image_height":null,"og_image_custom_url":null,"og_image_custom_fields":null,"og_video":"","og_custom_url":null,"og_article_section":null,"og_article_tags":null,"twitter_use_og":false,"twitter_card":"default","twitter_image_type":"default","twitter_image_url":null,"twitter_image_custom_url":null,"twitter_image_custom_fields":null,"twitter_title":null,"twitter_description":null,"schema":{"blockGraphs":[],"customGraphs":[],"default":{"data":{"Article":[],"Course":[],"Dataset":[],"FAQPage":[],"Movie":[],"Person":[],"Product":[],"ProductReview":[],"Car":[],"Recipe":[],"Service":[],"SoftwareApplication":[],"WebPage":[]},"graphName":"WebPage","isEnabled":true},"graphs":[]},"schema_type":"default","schema_type_options":null,"pillar_content":false,"robots_default":true,"robots_noindex":false,"robots_noarchive":false,"robots_nosnippet":false,"robots_nofollow":false,"robots_noimageindex":false,"robots_noodp":false,"robots_notranslate":false,"robots_max_snippet":"-1","robots_max_videopreview":"-1","robots_max_imagepreview":"large","priority":null,"frequency":"default","local_seo":null,"seo_analyzer_scan_date":"2026-02-10 04:17:42","limit_modified_date":false,"reviewed_by":null,"open_ai":"{\"title\":{\"suggestions\":[],\"usage\":0},\"description\":{\"suggestions\":[],\"usage\":0}}","ai":null,"created":"2023-07-26 12:42:57","updated":"2026-02-10 18:52:45"},"aioseo_breadcrumb":"<div class=\"aioseo-breadcrumbs\"><span class=\"aioseo-breadcrumb\">\n\t<a href=\"https:\/\/monatglobal.com\/ca\" title=\"Home\">Home<\/a>\n<\/span><span class=\"aioseo-breadcrumb-separator\">&raquo;<\/span><span class=\"aioseo-breadcrumb\">\n\tMousse nettoyante Be Balanced\u2122\n<\/span><\/div>","aioseo_breadcrumb_json":[{"label":"Home","link":"https:\/\/monatglobal.com\/ca"},{"label":"Mousse nettoyante Be Balanced\u2122","link":"https:\/\/monatglobal.com\/ca\/foamy-cleanser\/?lang=fr"}],"_links":{"self":[{"href":"https:\/\/monatglobal.com\/ca\/wp-json\/wp\/v2\/pages\/46024","targetHints":{"allow":["GET"]}}],"collection":[{"href":"https:\/\/monatglobal.com\/ca\/wp-json\/wp\/v2\/pages"}],"about":[{"href":"https:\/\/monatglobal.com\/ca\/wp-json\/wp\/v2\/types\/page"}],"author":[{"embeddable":true,"href":"https:\/\/monatglobal.com\/ca\/wp-json\/wp\/v2\/users\/31"}],"replies":[{"embeddable":true,"href":"https:\/\/monatglobal.com\/ca\/wp-json\/wp\/v2\/comments?post=46024"}],"version-history":[{"count":40,"href":"https:\/\/monatglobal.com\/ca\/wp-json\/wp\/v2\/pages\/46024\/revisions"}],"predecessor-version":[{"id":109748,"href":"https:\/\/monatglobal.com\/ca\/wp-json\/wp\/v2\/pages\/46024\/revisions\/109748"}],"wp:featuredmedia":[{"embeddable":true,"href":"https:\/\/monatglobal.com\/ca\/wp-json\/wp\/v2\/media\/55408"}],"wp:attachment":[{"href":"https:\/\/monatglobal.com\/ca\/wp-json\/wp\/v2\/media?parent=46024"}],"wp:term":[{"taxonomy":"category","embeddable":true,"href":"https:\/\/monatglobal.com\/ca\/wp-json\/wp\/v2\/categories?post=46024"},{"taxonomy":"post_tag","embeddable":true,"href":"https:\/\/monatglobal.com\/ca\/wp-json\/wp\/v2\/tags?post=46024"}],"curies":[{"name":"wp","href":"https:\/\/api.w.org\/{rel}","templated":true}]}}