{"id":46018,"date":"2019-09-13T23:59:17","date_gmt":"2019-09-13T23:59:17","guid":{"rendered":"https:\/\/monatglobal.com\/ca\/?page_id=46018"},"modified":"2026-01-08T10:04:48","modified_gmt":"2026-01-08T15:04:48","slug":"eye-smooth","status":"publish","type":"page","link":"https:\/\/monatglobal.com\/ca\/eye-smooth\/?lang=fr","title":{"rendered":"Eye Smooth\u2122"},"content":{"rendered":"\n\n\t<p>MEILLEUR VENDEUR<\/p>\n\t\t\t\t<img decoding=\"async\" src=\"https:\/\/monatglobal.com\/wp-content\/uploads\/2019\/09\/eye-smooth-nourishing-eye-cream.png\" alt=\"\" itemprop=\"image\" onerror=\"this.style.display='none'\"  \/>\n\t<p>MEILLEUR VENDEUR<\/p>\n<h1>Cr\u00e8me yeux<br \/> nourrissante<br \/> Eye Smooth<sup>\u2122<\/sup><\/h1>\n\t<h3>Renouvelante et hydratante<br \/>\nCellules souches v\u00e9g\u00e9tales transformatrices et squalane<\/h3>\n\t<p>15 ml \u212e 0.5fl. oz.<\/p> \n\t<p>Disponibles \u00c0 Compter Du Dimanche 15 Septembre \u00c0 11 H, He<\/p> \n   Prix de client VIP\n   <p> 94,00 $ CA<\/p>\n      Prix de d\u00e9tail\n      <p> 110,00 $ CA<\/p>\n   Prix de client VIP\n   <p> 99,00 $ CA<\/p>\n      Prix de d\u00e9tail\n      <p> 117,00 $ CA<\/p>\n   Prix de client VIP\n   <p> 88,00 $ CA<\/p>\n      Prix de d\u00e9tail\n      <p> 103,00 $ CA<\/p>\n\tPour en savoir plus sur Cr\u00e8me yeux nourrissante &#8220;Eye Smooth<sup>TM<\/sup>&#8220;, veuillez contacter votre partenaire de march\u00e9 MONAT.\n\t\t\t<a href=\"https:\/\/corp.mymonat.com\/shop\/products\/eye-smooth\/?globallanguage=fr&#038;globalmarket=ca\" target=\"_blank\" role=\"button\" rel=\"noopener\">\n\t\t\t\t\t\t\tMAGASINEZ\n\t\t\t\t\t<\/a>\n\t BIENFAITS\n\t<h1>Une riche cr\u00e8me pour les yeux qui raffermit la peau d\u00e9licate autour des yeux, r\u00e9duisant l&#8217;apparence des cernes, des ridules, des rides et des poches, pour r\u00e9v\u00e9ler une peau plus \u00e9clatante et d&#8217;apparence plus jeune.<\/h1>\n\t <h1>RENOUVELANTE ET HYDRATANTE<\/h1>\n\t<h1>Une riche cr\u00e8me soyeuse qui r\u00e9v\u00e8le un regard plus \u00e9clatant, plus lisse et plus jeune.<\/h1>\n\t<p>Cette cr\u00e8me renouvelante pour les yeux maintient la fermet\u00e9 et l&#8217;\u00e9lasticit\u00e9 tout en r\u00e9duisant l&#8217;apparence des rides, des ridules, des poches et des cernes. L&#8217;applicateur rose dor\u00e9 compl\u00e8te cette cr\u00e8me \u00e0 merveille, en luttant contre les poches et en offrant des propri\u00e9t\u00e9s anti-stress.<\/p>\n\t<h1>Mode d&#8217;emploi<\/h1>\n\t<p>\/ Utiliser chaque jour, matin et soir.<\/p>\n<p>\/ L&#8217;applicateur fourni compte deux c\u00f4t\u00e9s. Un c\u00f4t\u00e9 est une spatule, et l&#8217;autre, un rouleau pour les yeux.<\/p>\n<p>\/ Retirer une petite quantit\u00e9 du produit \u00e0 l&#8217;aide de la spatule.<\/p>\n<p>\/ Distribuer le produit de fa\u00e7on uniforme sur le bout des annuaires. <\/p>\n<p>\/ En utilisant l&#8217;annuaire, appliquer d\u00e9licatement autour des yeux, de l&#8217;int\u00e9rieur vers l&#8217;ext\u00e9rieur, en \u00e9vitant d&#8217;\u00e9tirer la peau d\u00e9licate.<\/p>\n<p>\/ Rouler le rouleau vers le haut et l&#8217;ext\u00e9rieur sur la r\u00e9gion entourant les yeux jusqu&#8217;\u00e0 ce que la cr\u00e8me soit compl\u00e8tement absorb\u00e9e. <\/p>\n<p>\/ Compl\u00e9ter avec un hydratant MONAT.<\/p>\n\t\t\t<a href=\"https:\/\/www.youtube.com\/watch?v=3T0ehS-iZN4\" role=\"button\">\n\t\t\t\t\t\t\t<\/a>\n\tEye Smooth\u2122<br \/>\n0:32\n\t\t\t<a href=\"https:\/\/corp.mymonat.com\/shop\/products\/eye-smooth\/?globallanguage=fr&#038;globalmarket=ca\" target=\"_blank\" role=\"button\" rel=\"noopener\">\n\t\t\t\t\t\t\tMAGASINEZ\n\t\t\t\t\t<\/a>\n\t<h1>Conseils d&#8217;utilisation<\/h1>\n\t<p>\/  Appliquer un \u00e9cran solaire 15 minutes avant de sortir.<\/p>\n\t INGR\u00c9DIENTS CL\u00c9S\n  <!-- Generator: Adobe Illustrator 23.0.3, SVG Export Plug-In . SVG Version: 6.00 Build 0)  -->\n<p> REJUVENIQE S\u2122<\/p>\n<p>Hydrate et nourrit<\/p>\n<p> Peptide<\/p>\n<p>Resserre et repulpe<\/p>\n<!-- Generator: Adobe Illustrator 23.0.3, SVG Export Plug-In . SVG Version: 6.00 Build 0)  -->\n<p> Extraits de cellules souches v\u00e9g\u00e9tales<\/p>\nRenforcent et prot\u00e8gent\n\n<p> Squalane d&#8217;origine<br \/> v\u00e9g\u00e9tale<\/p>\n<p>Hydrate et conditionne<\/p>\n<p> Caf\u00e9ine<\/p>\n<p> D\u00e9gonfle les poches et illumine<\/p>\n\t\t\t<a href=\"#\" role=\"button\">\n\t\t\t\t\t\t\tLISTE D&#8217;INGR\u00c9DIENTS\n\t\t\t\t\t<\/a>\n\t\t<p>Aqua\/Water\/Eau, Glyceryl Stearate SE, Glycerin, Isoamyl Laurate, Cetyl Alcohol, Butyrospermum Parkii (Shea) Butter, Elaeis Guineensis (Palm) Butter, Isomalt, Cetearyl Olivate, Caffeine, Sorbitan Olivate, Squalane, Fructooligosaccharides, Beta Vulgaris (Beet) Root Extract, Coffea Arabica (Coffee) Seed Extract, Trifluoroacetyl Tripeptide-2, Limnanthes Alba (Meadowfoam) Seed Oil, Crambe Abyssinica Seed Oil, Camellia Oleifera Seed Oil, Solanum Lycopersicum (Tomato) Seed Oil, Daucus Carota Sativa (Carrot) Seed Oil, Citrus Limon (Lemon) Peel Oil, Citrus Aurantifolia (Lime) Oil, Citrus Aurantium Bergamia (Bergamot) Fruit Oil, Adansonia Digitata Oil, Mauritia Flexuosa Fruit Oil, Cocos Nucifera (Coconut) Oil, Gardenia Taitensis Flower Extract, Moringa Oleifera Seed Oil, Caryocar Brasiliense Fruit Oil, Helianthus Annuus (Sunflower) Seed Oil, Olea Europaea (Olive) Fruit Oil, Simmondsia Chinensis (Jojoba) Seed Extract, Phytol, Tocopherol, Potassium Lactate, Lactic Acid, Lecithin, Dextran, Ethylhexylglycerin, Benzyl Alcohol.<\/p>\t\n\t VOUS POURRIEZ AUSSI AIMER\n\t<a href=\"https:\/\/monatglobal.com\/ca\/products\/?lang=fr&#038;line=soins-de-la-peau\"><h1>Tous les produits de soins pour la peau\n<\/h1><\/a>\n\n","protected":false},"excerpt":{"rendered":"<p>MEILLEUR VENDEUR MEILLEUR VENDEUR Cr\u00e8me yeux nourrissante Eye Smooth\u2122 Renouvelante et hydratante Cellules souches v\u00e9g\u00e9tales transformatrices et squalane 15 ml \u212e 0.5fl. oz. Disponibles \u00c0 Compter Du Dimanche 15 Septembre \u00c0 11 H, He Prix de client VIP 94,00 $ CA Prix de d\u00e9tail 110,00 $ CA Prix de client VIP 99,00 $ CA Prix&hellip;<\/p>\n","protected":false},"author":31,"featured_media":55407,"parent":0,"menu_order":0,"comment_status":"closed","ping_status":"closed","template":"","meta":{"inline_featured_image":false,"om_disable_all_campaigns":false,"_monsterinsights_skip_tracking":false,"_monsterinsights_sitenote_active":false,"_monsterinsights_sitenote_note":"","_monsterinsights_sitenote_category":0,"footnotes":""},"categories":[3629],"tags":[],"class_list":["post-46018","page","type-page","status-publish","has-post-thumbnail","hentry","category-product-fra"],"aioseo_notices":[],"aioseo_head":"\n\t\t<!-- All in One SEO Pro 4.9.6 - aioseo.com -->\n\t<meta name=\"description\" content=\"MEILLEUR VENDEUR MEILLEUR VENDEUR Cr\u00e8me yeux nourrissante Eye Smooth\u2122 Renouvelante et hydratante Cellules souches v\u00e9g\u00e9tales transformatrices et squalane 15 ml \u212e 0.5fl. oz. Disponibles \u00c0 Compter Du Dimanche 15 Septembre \u00c0 11 H, He Prix de client VIP 94,00 $ CA Prix de d\u00e9tail 110,00 $ CA Prix de client VIP 99,00 $ CA Prix\" \/>\n\t<meta name=\"robots\" content=\"max-image-preview:large\" \/>\n\t<link rel=\"canonical\" href=\"https:\/\/monatglobal.com\/ca\/eye-smooth\/?lang=fr\" \/>\n\t<meta name=\"generator\" content=\"All in One SEO Pro (AIOSEO) 4.9.6\" \/>\n\t\t<meta property=\"og:locale\" content=\"en_US\" \/>\n\t\t<meta property=\"og:site_name\" content=\"Monat Canada English - We Are Modern Nature\" \/>\n\t\t<meta property=\"og:type\" content=\"article\" \/>\n\t\t<meta property=\"og:title\" content=\"Eye Smooth\u2122 - Monat Canada English\" \/>\n\t\t<meta property=\"og:description\" content=\"MEILLEUR VENDEUR MEILLEUR VENDEUR Cr\u00e8me yeux nourrissante Eye Smooth\u2122 Renouvelante et hydratante Cellules souches v\u00e9g\u00e9tales transformatrices et squalane 15 ml \u212e 0.5fl. oz. Disponibles \u00c0 Compter Du Dimanche 15 Septembre \u00c0 11 H, He Prix de client VIP 94,00 $ CA Prix de d\u00e9tail 110,00 $ CA Prix de client VIP 99,00 $ CA Prix\" \/>\n\t\t<meta property=\"og:url\" content=\"https:\/\/monatglobal.com\/ca\/eye-smooth\/?lang=fr\" \/>\n\t\t<meta property=\"article:published_time\" content=\"2019-09-13T23:59:17+00:00\" \/>\n\t\t<meta property=\"article:modified_time\" content=\"2026-01-08T15:04:48+00:00\" \/>\n\t\t<meta name=\"twitter:card\" content=\"summary_large_image\" \/>\n\t\t<meta name=\"twitter:title\" content=\"Eye Smooth\u2122 - Monat Canada English\" \/>\n\t\t<meta name=\"twitter:description\" content=\"MEILLEUR VENDEUR MEILLEUR VENDEUR Cr\u00e8me yeux nourrissante Eye Smooth\u2122 Renouvelante et hydratante Cellules souches v\u00e9g\u00e9tales transformatrices et squalane 15 ml \u212e 0.5fl. oz. Disponibles \u00c0 Compter Du Dimanche 15 Septembre \u00c0 11 H, He Prix de client VIP 94,00 $ CA Prix de d\u00e9tail 110,00 $ CA Prix de client VIP 99,00 $ CA Prix\" \/>\n\t\t<script type=\"application\/ld+json\" class=\"aioseo-schema\">\n\t\t\t{\"@context\":\"https:\\\/\\\/schema.org\",\"@graph\":[{\"@type\":\"BreadcrumbList\",\"@id\":\"https:\\\/\\\/monatglobal.com\\\/ca\\\/eye-smooth\\\/?lang=fr#breadcrumblist\",\"itemListElement\":[{\"@type\":\"ListItem\",\"@id\":\"https:\\\/\\\/monatglobal.com\\\/ca#listItem\",\"position\":1,\"name\":\"Home\",\"item\":\"https:\\\/\\\/monatglobal.com\\\/ca\",\"nextItem\":{\"@type\":\"ListItem\",\"@id\":\"https:\\\/\\\/monatglobal.com\\\/ca\\\/eye-smooth\\\/?lang=fr#listItem\",\"name\":\"Eye Smooth\\u2122\"}},{\"@type\":\"ListItem\",\"@id\":\"https:\\\/\\\/monatglobal.com\\\/ca\\\/eye-smooth\\\/?lang=fr#listItem\",\"position\":2,\"name\":\"Eye Smooth\\u2122\",\"previousItem\":{\"@type\":\"ListItem\",\"@id\":\"https:\\\/\\\/monatglobal.com\\\/ca#listItem\",\"name\":\"Home\"}}]},{\"@type\":\"Organization\",\"@id\":\"https:\\\/\\\/monatglobal.com\\\/ca\\\/#organization\",\"name\":\"Monat Canada English\",\"description\":\"We Are Modern Nature\",\"url\":\"https:\\\/\\\/monatglobal.com\\\/ca\\\/\"},{\"@type\":\"WebPage\",\"@id\":\"https:\\\/\\\/monatglobal.com\\\/ca\\\/eye-smooth\\\/?lang=fr#webpage\",\"url\":\"https:\\\/\\\/monatglobal.com\\\/ca\\\/eye-smooth\\\/?lang=fr\",\"name\":\"Eye Smooth\\u2122 - Monat Canada English\",\"description\":\"MEILLEUR VENDEUR MEILLEUR VENDEUR Cr\\u00e8me yeux nourrissante Eye Smooth\\u2122 Renouvelante et hydratante Cellules souches v\\u00e9g\\u00e9tales transformatrices et squalane 15 ml \\u212e 0.5fl. oz. Disponibles \\u00c0 Compter Du Dimanche 15 Septembre \\u00c0 11 H, He Prix de client VIP 94,00 $ CA Prix de d\\u00e9tail 110,00 $ CA Prix de client VIP 99,00 $ CA Prix\",\"inLanguage\":\"en-US\",\"isPartOf\":{\"@id\":\"https:\\\/\\\/monatglobal.com\\\/ca\\\/#website\"},\"breadcrumb\":{\"@id\":\"https:\\\/\\\/monatglobal.com\\\/ca\\\/eye-smooth\\\/?lang=fr#breadcrumblist\"},\"image\":{\"@type\":\"ImageObject\",\"url\":\"https:\\\/\\\/monatglobal.com\\\/ca\\\/wp-content\\\/uploads\\\/sites\\\/5\\\/2020\\\/10\\\/eye-smooth-500x438.png\",\"@id\":\"https:\\\/\\\/monatglobal.com\\\/ca\\\/eye-smooth\\\/?lang=fr\\\/#mainImage\",\"width\":438,\"height\":500},\"primaryImageOfPage\":{\"@id\":\"https:\\\/\\\/monatglobal.com\\\/ca\\\/eye-smooth\\\/?lang=fr#mainImage\"},\"datePublished\":\"2019-09-13T23:59:17-04:00\",\"dateModified\":\"2026-01-08T10:04:48-05:00\"},{\"@type\":\"WebSite\",\"@id\":\"https:\\\/\\\/monatglobal.com\\\/ca\\\/#website\",\"url\":\"https:\\\/\\\/monatglobal.com\\\/ca\\\/\",\"name\":\"Monat Canada English\",\"description\":\"We Are Modern Nature\",\"inLanguage\":\"en-US\",\"publisher\":{\"@id\":\"https:\\\/\\\/monatglobal.com\\\/ca\\\/#organization\"}}]}\n\t\t<\/script>\n\t\t<!-- All in One SEO Pro -->\r\n\t\t<title>Eye Smooth\u2122 - Monat Canada English<\/title>\n\n","aioseo_head_json":{"title":"Eye Smooth\u2122 - Monat Canada English","description":"MEILLEUR VENDEUR MEILLEUR VENDEUR Cr\u00e8me yeux nourrissante Eye Smooth\u2122 Renouvelante et hydratante Cellules souches v\u00e9g\u00e9tales transformatrices et squalane 15 ml \u212e 0.5fl. oz. Disponibles \u00c0 Compter Du Dimanche 15 Septembre \u00c0 11 H, He Prix de client VIP 94,00 $ CA Prix de d\u00e9tail 110,00 $ CA Prix de client VIP 99,00 $ CA Prix","canonical_url":"https:\/\/monatglobal.com\/ca\/eye-smooth\/?lang=fr","robots":"max-image-preview:large","keywords":"","webmasterTools":{"miscellaneous":""},"schema":{"@context":"https:\/\/schema.org","@graph":[{"@type":"BreadcrumbList","@id":"https:\/\/monatglobal.com\/ca\/eye-smooth\/?lang=fr#breadcrumblist","itemListElement":[{"@type":"ListItem","@id":"https:\/\/monatglobal.com\/ca#listItem","position":1,"name":"Home","item":"https:\/\/monatglobal.com\/ca","nextItem":{"@type":"ListItem","@id":"https:\/\/monatglobal.com\/ca\/eye-smooth\/?lang=fr#listItem","name":"Eye Smooth\u2122"}},{"@type":"ListItem","@id":"https:\/\/monatglobal.com\/ca\/eye-smooth\/?lang=fr#listItem","position":2,"name":"Eye Smooth\u2122","previousItem":{"@type":"ListItem","@id":"https:\/\/monatglobal.com\/ca#listItem","name":"Home"}}]},{"@type":"Organization","@id":"https:\/\/monatglobal.com\/ca\/#organization","name":"Monat Canada English","description":"We Are Modern Nature","url":"https:\/\/monatglobal.com\/ca\/"},{"@type":"WebPage","@id":"https:\/\/monatglobal.com\/ca\/eye-smooth\/?lang=fr#webpage","url":"https:\/\/monatglobal.com\/ca\/eye-smooth\/?lang=fr","name":"Eye Smooth\u2122 - Monat Canada English","description":"MEILLEUR VENDEUR MEILLEUR VENDEUR Cr\u00e8me yeux nourrissante Eye Smooth\u2122 Renouvelante et hydratante Cellules souches v\u00e9g\u00e9tales transformatrices et squalane 15 ml \u212e 0.5fl. oz. Disponibles \u00c0 Compter Du Dimanche 15 Septembre \u00c0 11 H, He Prix de client VIP 94,00 $ CA Prix de d\u00e9tail 110,00 $ CA Prix de client VIP 99,00 $ CA Prix","inLanguage":"en-US","isPartOf":{"@id":"https:\/\/monatglobal.com\/ca\/#website"},"breadcrumb":{"@id":"https:\/\/monatglobal.com\/ca\/eye-smooth\/?lang=fr#breadcrumblist"},"image":{"@type":"ImageObject","url":"https:\/\/monatglobal.com\/ca\/wp-content\/uploads\/sites\/5\/2020\/10\/eye-smooth-500x438.png","@id":"https:\/\/monatglobal.com\/ca\/eye-smooth\/?lang=fr\/#mainImage","width":438,"height":500},"primaryImageOfPage":{"@id":"https:\/\/monatglobal.com\/ca\/eye-smooth\/?lang=fr#mainImage"},"datePublished":"2019-09-13T23:59:17-04:00","dateModified":"2026-01-08T10:04:48-05:00"},{"@type":"WebSite","@id":"https:\/\/monatglobal.com\/ca\/#website","url":"https:\/\/monatglobal.com\/ca\/","name":"Monat Canada English","description":"We Are Modern Nature","inLanguage":"en-US","publisher":{"@id":"https:\/\/monatglobal.com\/ca\/#organization"}}]},"og:locale":"en_US","og:site_name":"Monat Canada English - We Are Modern Nature","og:type":"article","og:title":"Eye Smooth\u2122 - Monat Canada English","og:description":"MEILLEUR VENDEUR MEILLEUR VENDEUR Cr\u00e8me yeux nourrissante Eye Smooth\u2122 Renouvelante et hydratante Cellules souches v\u00e9g\u00e9tales transformatrices et squalane 15 ml \u212e 0.5fl. oz. Disponibles \u00c0 Compter Du Dimanche 15 Septembre \u00c0 11 H, He Prix de client VIP 94,00 $ CA Prix de d\u00e9tail 110,00 $ CA Prix de client VIP 99,00 $ CA Prix","og:url":"https:\/\/monatglobal.com\/ca\/eye-smooth\/?lang=fr","article:published_time":"2019-09-13T23:59:17+00:00","article:modified_time":"2026-01-08T15:04:48+00:00","twitter:card":"summary_large_image","twitter:title":"Eye Smooth\u2122 - Monat Canada English","twitter:description":"MEILLEUR VENDEUR MEILLEUR VENDEUR Cr\u00e8me yeux nourrissante Eye Smooth\u2122 Renouvelante et hydratante Cellules souches v\u00e9g\u00e9tales transformatrices et squalane 15 ml \u212e 0.5fl. oz. Disponibles \u00c0 Compter Du Dimanche 15 Septembre \u00c0 11 H, He Prix de client VIP 94,00 $ CA Prix de d\u00e9tail 110,00 $ CA Prix de client VIP 99,00 $ CA Prix"},"aioseo_meta_data":{"post_id":"46018","title":null,"description":null,"keywords":null,"keyphrases":null,"primary_term":null,"canonical_url":null,"og_title":null,"og_description":null,"og_object_type":"default","og_image_type":"default","og_image_url":null,"og_image_width":null,"og_image_height":null,"og_image_custom_url":null,"og_image_custom_fields":null,"og_video":null,"og_custom_url":null,"og_article_section":null,"og_article_tags":null,"twitter_use_og":false,"twitter_card":"default","twitter_image_type":"default","twitter_image_url":null,"twitter_image_custom_url":null,"twitter_image_custom_fields":null,"twitter_title":null,"twitter_description":null,"schema":{"blockGraphs":[],"customGraphs":[],"default":{"data":{"Article":[],"Course":[],"Dataset":[],"FAQPage":[],"Movie":[],"Person":[],"Product":[],"ProductReview":[],"Car":[],"Recipe":[],"Service":[],"SoftwareApplication":[],"WebPage":[]},"graphName":"WebPage","isEnabled":true},"graphs":[]},"schema_type":"default","schema_type_options":null,"pillar_content":false,"robots_default":true,"robots_noindex":false,"robots_noarchive":false,"robots_nosnippet":false,"robots_nofollow":false,"robots_noimageindex":false,"robots_noodp":false,"robots_notranslate":false,"robots_max_snippet":null,"robots_max_videopreview":null,"robots_max_imagepreview":"large","priority":null,"frequency":null,"local_seo":null,"seo_analyzer_scan_date":"2026-02-10 04:17:39","limit_modified_date":false,"reviewed_by":null,"open_ai":null,"ai":null,"created":"2023-07-26 12:41:51","updated":"2026-02-10 18:52:41"},"aioseo_breadcrumb":"<div class=\"aioseo-breadcrumbs\"><span class=\"aioseo-breadcrumb\">\n\t<a href=\"https:\/\/monatglobal.com\/ca\" title=\"Home\">Home<\/a>\n<\/span><span class=\"aioseo-breadcrumb-separator\">&raquo;<\/span><span class=\"aioseo-breadcrumb\">\n\tEye Smooth\u2122\n<\/span><\/div>","aioseo_breadcrumb_json":[{"label":"Home","link":"https:\/\/monatglobal.com\/ca"},{"label":"Eye Smooth\u2122","link":"https:\/\/monatglobal.com\/ca\/eye-smooth\/?lang=fr"}],"_links":{"self":[{"href":"https:\/\/monatglobal.com\/ca\/wp-json\/wp\/v2\/pages\/46018","targetHints":{"allow":["GET"]}}],"collection":[{"href":"https:\/\/monatglobal.com\/ca\/wp-json\/wp\/v2\/pages"}],"about":[{"href":"https:\/\/monatglobal.com\/ca\/wp-json\/wp\/v2\/types\/page"}],"author":[{"embeddable":true,"href":"https:\/\/monatglobal.com\/ca\/wp-json\/wp\/v2\/users\/31"}],"replies":[{"embeddable":true,"href":"https:\/\/monatglobal.com\/ca\/wp-json\/wp\/v2\/comments?post=46018"}],"version-history":[{"count":36,"href":"https:\/\/monatglobal.com\/ca\/wp-json\/wp\/v2\/pages\/46018\/revisions"}],"predecessor-version":[{"id":109737,"href":"https:\/\/monatglobal.com\/ca\/wp-json\/wp\/v2\/pages\/46018\/revisions\/109737"}],"wp:featuredmedia":[{"embeddable":true,"href":"https:\/\/monatglobal.com\/ca\/wp-json\/wp\/v2\/media\/55407"}],"wp:attachment":[{"href":"https:\/\/monatglobal.com\/ca\/wp-json\/wp\/v2\/media?parent=46018"}],"wp:term":[{"taxonomy":"category","embeddable":true,"href":"https:\/\/monatglobal.com\/ca\/wp-json\/wp\/v2\/categories?post=46018"},{"taxonomy":"post_tag","embeddable":true,"href":"https:\/\/monatglobal.com\/ca\/wp-json\/wp\/v2\/tags?post=46018"}],"curies":[{"name":"wp","href":"https:\/\/api.w.org\/{rel}","templated":true}]}}