{"id":46004,"date":"2019-09-13T23:35:32","date_gmt":"2019-09-13T23:35:32","guid":{"rendered":"https:\/\/monatglobal.com\/ca\/?page_id=46004"},"modified":"2026-01-08T10:05:41","modified_gmt":"2026-01-08T15:05:41","slug":"refined-skin-scrub","status":"publish","type":"page","link":"https:\/\/monatglobal.com\/ca\/refined-skin-scrub\/?lang=fr","title":{"rendered":"Berry Refined Scrub\u2122"},"content":{"rendered":"\n\n\t<p>MEILLEUR VENDEUR<\/p>\n\t\t\t\t<img loading=\"lazy\" decoding=\"async\" src=\"https:\/\/monatglobal.com\/wp-content\/uploads\/2019\/09\/berry-refined-scrub.png\" alt=\"berry-refined-scrub\" itemprop=\"image\" height=\"450\" width=\"341\" title=\"berry-refined-scrub\" onerror=\"this.style.display='none'\"  \/>\n\t<p>MEILLEUR VENDEUR<\/p>\n<h1>Berry<br \/>Refined Scrub<sup>\u2122<\/sup><\/h1>\n\t<h3>Masque exfoliant sublimateur<br \/>\nR\u00e9tablit la surface et lisse<br \/>\nAHA et graines de canneberge illuminant la peau\n<\/h3>\n\t<p>87 ml \u212e \/ 2,9 oz liq.<\/p> \n\t<p>Disponible \u00e0 compter du dimanche 15 septembre \u00e0 11 h, HE<\/p> \n   Prix de client VIP\n   <p> 69,00 $ CA<\/p>\n      Prix de d\u00e9tail\n      <p> 81,00 $ CA<\/p>\n   Prix de client VIP\n   <p> 72,00 $ CA<\/p>\n      Prix de d\u00e9tail\n      <p> 85,00 $ CA<\/p>\n   Prix de client VIP\n   <p> 66,00 $ CA<\/p>\n      Prix de d\u00e9tail\n      <p> 78,00 $ CA<\/p>\n\tPour en savoir plus sur le Berry Refined Scrub\u2122, veuillez contacter votre partenaire de march\u00e9\nMONAT.\n\t\t\t<a href=\"https:\/\/corp.mymonat.com\/shop\/products\/berry-refined-scrub\/?globallanguage=fr&#038;globalmarket=ca\" target=\"_blank\" role=\"button\" rel=\"noopener\">\n\t\t\t\t\t\t\tMAGASINEZ\n\t\t\t\t\t<\/a>\n\t BIENFAITS\n\t<h1>Un masque exfoliant 2-en-1 sucr\u00e9 qui \u00e9limine d\u00e9licatement les cellules de peau mortes pour r\u00e9v\u00e9-ler un teint plus uniforme et une peau rafra\u00eechie et radieuse.\n<\/h1>\n\t <h1>R\u00c9TABLIT LA SURFACE ET LISSE<\/h1>\n\t<h1>Un doux exfoliant et masque au parfum agr\u00e9able qui \u00e9limine en douceur la peau terne pour r\u00e9v\u00e9ler une peau plus uniforme et plus radieuse pour un teint plus \u00e9clatant.  <\/h1>\n\t Il contient des acides de fruits naturels (AHA), des extraits de sucre granul\u00e9 naturellement exfoliants, REJUVENIQE S\u2122, des graines de canneberges et des graines de cirier de Pennsylvanie anti-vieillissement pour polir la peau et r\u00e9v\u00e9ler un teint lisse, d&#8217;apparence saine. Ce produit multifonction et moderne vous permet d&#8217;affiner et d&#8217;exfolier la peau en moins de 5 minutes.\n\n\t<h1>Mode d&#8217;emploi<\/h1>\n<p>\/ Il est recommand\u00e9 de l&#8217;utiliser 1 ou 2 fois par semaine.  <\/p>\n<p>\/ Choisir le niveau d&#8217;exfoliation en utilisant moins d&#8217;eau pour une exfoliation en pro-fondeur, ou plus d&#8217;eau pour une douce exfoliation. <\/p>\n<p>\/ Retirer une petite quantit\u00e9 du produit \u00e0 l&#8217;aide de la spatule.<\/p>\n<p>\/ Appliquer d\u00e9licatement sur peau propre et humide. Masser doucement avec des mouvements circulaires le visage, le cou et le d\u00e9collet\u00e9.<\/p>\n<p>\/ \u00c9viter les yeux.<\/p>\n<p>\/ G\u00e2tez-vous! Laisser agir pour vous offrir un masque de 5 minutes. Si vous avez la peau sensible, vous pourriez attendre moins longtemps et augmenter graduellement la dur\u00e9e jusqu&#8217;\u00e0 5 minutes.<\/p>\n<p>\/ Rincer \u00e0 l&#8217;eau ti\u00e8de ou essuyer avec un chiffon doux humide. <\/p>\n<p>\/ Tamponner pour s\u00e9cher la peau.<\/p>\n<p>\/ Compl\u00e9ter votre routine de soins de la peau avec des produits MONAT.<\/p>\n\t\t\t<a href=\"https:\/\/www.youtube.com\/watch?v=oE5rmHFtKsE\" role=\"button\">\n\t\t\t\t\t\t\t<\/a>\n\tBerry\nRefined Scrub\u2122<br \/>\n0:49\n\t\t\t<a href=\"https:\/\/corp.mymonat.com\/shop\/products\/berry-refined-scrub\/?globallanguage=fr&#038;globalmarket=ca\" target=\"_blank\" role=\"button\" rel=\"noopener\">\n\t\t\t\t\t\t\tMAGASINEZ\n\t\t\t\t\t<\/a>\n\t<h1>Conseils d&#8217;utilisation<\/h1>\n\t<p>\/ Conseil pour une peau saine: Appliquer un \u00e9cran solaire 15 minutes avant de sortir.<\/p>\n\t Ingr\u00e9dients Cl\u00e9s\n  <!-- Generator: Adobe Illustrator 23.0.3, SVG Export Plug-In . SVG Version: 6.00 Build 0)  -->\n<p> REJUVENIQE S\u2122<\/p>\n<p>Hydrate et nourrit<\/p>\n<p>Acides de fruits naturels (AHA)<\/p>\n<p>Exfolient doucement <\/p>\n<p> Graines de canneberge <\/p>\n<p>Hydratent et nourrissent <\/p>\n<p> Cire de cirier de Pennsylvanie<\/p>\n<p>Nourrit et d\u00e9tend<\/p>\n<p> Beurre de murumuru<\/p>\n<p>Hydrate et apaise<\/p>\n\t\t\t<a href=\"#\" role=\"button\">\n\t\t\t\t\t\t\tLISTE D&#8217;INGR\u00c9DIENTS\n\t\t\t\t\t<\/a>\n\t\tCanola Oil, Glycerin, Helianthus Annuus (Sunflower) Seed Oil, Coconut Alkanes, Sucrose, C18-38 Alkyl Hydroxystearoyl Stearate, PEG-20 Glyceryl Triisostearate, Synthetic Beeswax, Silica, Vaccinium Macrocarpon (Cranberry) Seed Powder, Polyglyceryl-3 Stearate, Zea Mays (Corn) Starch, Myrica Cerifera (Bayberry) Fruit Wax, Orbignya Speciosa Kernel Oil, Synthetic Wax, Calcium Silicate, Coco-Caprylate\/Caprate, Astrocaryum Murumuru Seed Butter, Mangifera Indica (Mango) Pulp Extract, Musa Sapientum (Banana) Pulp Extract, Saccharum Officinarum (Sugarcane) Extract, Glycolic Acid, Limnanthes Alba (Meadowfoam) Seed Oil, Crambe Abyssinica Seed Oil, Camellia Oleifera Seed Oil, Solanum Lycopersicum (Tomato) Seed Oil, Daucus Carota Sativa (Carrot) Seed Oil, Citrus Limon (Lemon) Peel Oil, Citrus Aurantifolia (Lime) Oil, Citrus Aurantium Bergamia (Bergamot) Fruit Oil, Adansonia Digitata Oil, Mauritia Flexuosa Fruit Oil, Cocos Nucifera (Coconut) Oil, Gardenia Taitensis Flower Extract, Moringa Oleifera Seed Oil, Caryocar Brasiliense Fruit Oil, Olea Europaea (Olive) Fruit Oil, Simmondsia Chinensis (Jojoba) Seed Extract, Tocopherol, Aqua\/Water\/Eau, Fragrance\/Parfum, Benzyl Alcohol, Ethylhexylglycerin. \n\t\n\t<link rel=\"stylesheet\" href=\"https:\/\/unpkg.com\/swiper\/swiper-bundle.min.css\" \/>\n<link rel=\"stylesheet\" href=\"https:\/\/monatglobal.com\/wp-content\/creative_css\/product_styles_sheet.css\" \/>\n   <!--==================================================== You might also like section ====================================================-->\n      <h2>VOUS POURRIEZ AUSSI AIMER<\/h2>\n      <!--==================================================== Slider YOU MIGHT ALSO LIKE ====================================================-->\n            <!--==================================================== Slides products ====================================================-->\n               <a href=\"\/ca\/holidays-2021-minis-mirror\/?lang=fr\" aria-label=\"Go to Magic Minis &#038; Mirror page\">\n                  <img decoding=\"async\" src=\"https:\/\/monatglobal.com\/wp-content\/uploads\/2021\/10\/magic-mini-mirror-300x300-1.jpg\" alt=\"Magic Minis &#038; Mirror\"\/>\n                  <p>Soins minis et magie miroir<\/p>\n               <\/a>\n               <a href=\"\/ca\/skin-revitalizing-essence\/?lang=fr\" aria-label=\"Go to Skin Revitalizing Essence\u2122 page\">\n                  <img decoding=\"async\" src=\"https:\/\/monatglobal.com\/wp-content\/uploads\/2019\/09\/sking-revitalizing-essence.png\" alt=\"Skin Revitalizing Essence\u2122\"\/>\n                  <p>Skin Revitalizing Essence\u2122<\/p>\n               <\/a>\n               <a href=\"\/ca\/hydratant-nourrissant-be-gentle\/?lang=fr\" aria-label=\"Go to BE GENTLE\u2122 Nourishing Moisturizer page\">\n                  <img decoding=\"async\" src=\"https:\/\/monatglobal.com\/wp-content\/uploads\/2019\/09\/be-gentle-nurishing-moisturizer-1-1.png\" alt=\"BE GENTLE\u2122 Nourishing Moisturizer\"\/>\n                  <p>Hydratant nourrissant<br \/>BE GENTLE\u2122 <\/p>\n               <\/a>\n         <!--==================================================== If we need navigation buttons  ====================================================-->\n         <!--==================================================== If we need paginations  ====================================================-->\n<!--==================================================== this link has to go last for it to work   ====================================================-->\n\t VOUS POURRIEZ AUSSI AIMER\n\t<a href=\"https:\/\/monatglobal.com\/ca\/products\/?lang=fr&#038;line=soins-de-la-peau\"><h1>Tous les produits de soins pour la peau\n<\/h1><\/a>\n\n","protected":false},"excerpt":{"rendered":"<p>MEILLEUR VENDEUR MEILLEUR VENDEUR BerryRefined Scrub\u2122 Masque exfoliant sublimateur R\u00e9tablit la surface et lisse AHA et graines de canneberge illuminant la peau 87 ml \u212e \/ 2,9 oz liq. Disponible \u00e0 compter du dimanche 15 septembre \u00e0 11 h, HE Prix de client VIP 69,00 $ CA Prix de d\u00e9tail 81,00 $ CA Prix de&hellip;<\/p>\n","protected":false},"author":31,"featured_media":55404,"parent":0,"menu_order":0,"comment_status":"closed","ping_status":"closed","template":"","meta":{"inline_featured_image":false,"om_disable_all_campaigns":false,"_monsterinsights_skip_tracking":false,"_monsterinsights_sitenote_active":false,"_monsterinsights_sitenote_note":"","_monsterinsights_sitenote_category":0,"footnotes":""},"categories":[3629],"tags":[],"class_list":["post-46004","page","type-page","status-publish","has-post-thumbnail","hentry","category-product-fra"],"aioseo_notices":[],"aioseo_head":"\n\t\t<!-- All in One SEO Pro 4.9.6 - aioseo.com -->\n\t<meta name=\"description\" content=\"MEILLEUR VENDEUR MEILLEUR VENDEUR BerryRefined Scrub\u2122 Masque exfoliant sublimateur R\u00e9tablit la surface et lisse AHA et graines de canneberge illuminant la peau 87 ml \u212e \/ 2,9 oz liq. Disponible \u00e0 compter du dimanche 15 septembre \u00e0 11 h, HE Prix de client VIP 69,00 $ CA Prix de d\u00e9tail 81,00 $ CA Prix de\" \/>\n\t<meta name=\"robots\" content=\"max-image-preview:large\" \/>\n\t<link rel=\"canonical\" href=\"https:\/\/monatglobal.com\/ca\/refined-skin-scrub\/?lang=fr\" \/>\n\t<meta name=\"generator\" content=\"All in One SEO Pro (AIOSEO) 4.9.6\" \/>\n\t\t<meta property=\"og:locale\" content=\"en_US\" \/>\n\t\t<meta property=\"og:site_name\" content=\"Monat Canada English - We Are Modern Nature\" \/>\n\t\t<meta property=\"og:type\" content=\"article\" \/>\n\t\t<meta property=\"og:title\" content=\"Berry Refined Scrub\u2122 - Monat Canada English\" \/>\n\t\t<meta property=\"og:description\" content=\"MEILLEUR VENDEUR MEILLEUR VENDEUR BerryRefined Scrub\u2122 Masque exfoliant sublimateur R\u00e9tablit la surface et lisse AHA et graines de canneberge illuminant la peau 87 ml \u212e \/ 2,9 oz liq. Disponible \u00e0 compter du dimanche 15 septembre \u00e0 11 h, HE Prix de client VIP 69,00 $ CA Prix de d\u00e9tail 81,00 $ CA Prix de\" \/>\n\t\t<meta property=\"og:url\" content=\"https:\/\/monatglobal.com\/ca\/refined-skin-scrub\/?lang=fr\" \/>\n\t\t<meta property=\"article:published_time\" content=\"2019-09-13T23:35:32+00:00\" \/>\n\t\t<meta property=\"article:modified_time\" content=\"2026-01-08T15:05:41+00:00\" \/>\n\t\t<meta name=\"twitter:card\" content=\"summary_large_image\" \/>\n\t\t<meta name=\"twitter:title\" content=\"Berry Refined Scrub\u2122 - Monat Canada English\" \/>\n\t\t<meta name=\"twitter:description\" content=\"MEILLEUR VENDEUR MEILLEUR VENDEUR BerryRefined Scrub\u2122 Masque exfoliant sublimateur R\u00e9tablit la surface et lisse AHA et graines de canneberge illuminant la peau 87 ml \u212e \/ 2,9 oz liq. Disponible \u00e0 compter du dimanche 15 septembre \u00e0 11 h, HE Prix de client VIP 69,00 $ CA Prix de d\u00e9tail 81,00 $ CA Prix de\" \/>\n\t\t<script type=\"application\/ld+json\" class=\"aioseo-schema\">\n\t\t\t{\"@context\":\"https:\\\/\\\/schema.org\",\"@graph\":[{\"@type\":\"BreadcrumbList\",\"@id\":\"https:\\\/\\\/monatglobal.com\\\/ca\\\/refined-skin-scrub\\\/?lang=fr#breadcrumblist\",\"itemListElement\":[{\"@type\":\"ListItem\",\"@id\":\"https:\\\/\\\/monatglobal.com\\\/ca#listItem\",\"position\":1,\"name\":\"Home\",\"item\":\"https:\\\/\\\/monatglobal.com\\\/ca\",\"nextItem\":{\"@type\":\"ListItem\",\"@id\":\"https:\\\/\\\/monatglobal.com\\\/ca\\\/refined-skin-scrub\\\/?lang=fr#listItem\",\"name\":\"Berry Refined Scrub\\u2122\"}},{\"@type\":\"ListItem\",\"@id\":\"https:\\\/\\\/monatglobal.com\\\/ca\\\/refined-skin-scrub\\\/?lang=fr#listItem\",\"position\":2,\"name\":\"Berry Refined Scrub\\u2122\",\"previousItem\":{\"@type\":\"ListItem\",\"@id\":\"https:\\\/\\\/monatglobal.com\\\/ca#listItem\",\"name\":\"Home\"}}]},{\"@type\":\"Organization\",\"@id\":\"https:\\\/\\\/monatglobal.com\\\/ca\\\/#organization\",\"name\":\"Monat Canada English\",\"description\":\"We Are Modern Nature\",\"url\":\"https:\\\/\\\/monatglobal.com\\\/ca\\\/\"},{\"@type\":\"WebPage\",\"@id\":\"https:\\\/\\\/monatglobal.com\\\/ca\\\/refined-skin-scrub\\\/?lang=fr#webpage\",\"url\":\"https:\\\/\\\/monatglobal.com\\\/ca\\\/refined-skin-scrub\\\/?lang=fr\",\"name\":\"Berry Refined Scrub\\u2122 - Monat Canada English\",\"description\":\"MEILLEUR VENDEUR MEILLEUR VENDEUR BerryRefined Scrub\\u2122 Masque exfoliant sublimateur R\\u00e9tablit la surface et lisse AHA et graines de canneberge illuminant la peau 87 ml \\u212e \\\/ 2,9 oz liq. Disponible \\u00e0 compter du dimanche 15 septembre \\u00e0 11 h, HE Prix de client VIP 69,00 $ CA Prix de d\\u00e9tail 81,00 $ CA Prix de\",\"inLanguage\":\"en-US\",\"isPartOf\":{\"@id\":\"https:\\\/\\\/monatglobal.com\\\/ca\\\/#website\"},\"breadcrumb\":{\"@id\":\"https:\\\/\\\/monatglobal.com\\\/ca\\\/refined-skin-scrub\\\/?lang=fr#breadcrumblist\"},\"image\":{\"@type\":\"ImageObject\",\"url\":\"https:\\\/\\\/monatglobal.com\\\/ca\\\/wp-content\\\/uploads\\\/sites\\\/5\\\/2020\\\/10\\\/berry-scrub-500x438.png\",\"@id\":\"https:\\\/\\\/monatglobal.com\\\/ca\\\/refined-skin-scrub\\\/?lang=fr\\\/#mainImage\",\"width\":438,\"height\":500},\"primaryImageOfPage\":{\"@id\":\"https:\\\/\\\/monatglobal.com\\\/ca\\\/refined-skin-scrub\\\/?lang=fr#mainImage\"},\"datePublished\":\"2019-09-13T23:35:32-04:00\",\"dateModified\":\"2026-01-08T10:05:41-05:00\"},{\"@type\":\"WebSite\",\"@id\":\"https:\\\/\\\/monatglobal.com\\\/ca\\\/#website\",\"url\":\"https:\\\/\\\/monatglobal.com\\\/ca\\\/\",\"name\":\"Monat Canada English\",\"description\":\"We Are Modern Nature\",\"inLanguage\":\"en-US\",\"publisher\":{\"@id\":\"https:\\\/\\\/monatglobal.com\\\/ca\\\/#organization\"}}]}\n\t\t<\/script>\n\t\t<!-- All in One SEO Pro -->\r\n\t\t<title>Berry Refined Scrub\u2122 - Monat Canada English<\/title>\n\n","aioseo_head_json":{"title":"Berry Refined Scrub\u2122 - Monat Canada English","description":"MEILLEUR VENDEUR MEILLEUR VENDEUR BerryRefined Scrub\u2122 Masque exfoliant sublimateur R\u00e9tablit la surface et lisse AHA et graines de canneberge illuminant la peau 87 ml \u212e \/ 2,9 oz liq. Disponible \u00e0 compter du dimanche 15 septembre \u00e0 11 h, HE Prix de client VIP 69,00 $ CA Prix de d\u00e9tail 81,00 $ CA Prix de","canonical_url":"https:\/\/monatglobal.com\/ca\/refined-skin-scrub\/?lang=fr","robots":"max-image-preview:large","keywords":"","webmasterTools":{"miscellaneous":""},"schema":{"@context":"https:\/\/schema.org","@graph":[{"@type":"BreadcrumbList","@id":"https:\/\/monatglobal.com\/ca\/refined-skin-scrub\/?lang=fr#breadcrumblist","itemListElement":[{"@type":"ListItem","@id":"https:\/\/monatglobal.com\/ca#listItem","position":1,"name":"Home","item":"https:\/\/monatglobal.com\/ca","nextItem":{"@type":"ListItem","@id":"https:\/\/monatglobal.com\/ca\/refined-skin-scrub\/?lang=fr#listItem","name":"Berry Refined Scrub\u2122"}},{"@type":"ListItem","@id":"https:\/\/monatglobal.com\/ca\/refined-skin-scrub\/?lang=fr#listItem","position":2,"name":"Berry Refined Scrub\u2122","previousItem":{"@type":"ListItem","@id":"https:\/\/monatglobal.com\/ca#listItem","name":"Home"}}]},{"@type":"Organization","@id":"https:\/\/monatglobal.com\/ca\/#organization","name":"Monat Canada English","description":"We Are Modern Nature","url":"https:\/\/monatglobal.com\/ca\/"},{"@type":"WebPage","@id":"https:\/\/monatglobal.com\/ca\/refined-skin-scrub\/?lang=fr#webpage","url":"https:\/\/monatglobal.com\/ca\/refined-skin-scrub\/?lang=fr","name":"Berry Refined Scrub\u2122 - Monat Canada English","description":"MEILLEUR VENDEUR MEILLEUR VENDEUR BerryRefined Scrub\u2122 Masque exfoliant sublimateur R\u00e9tablit la surface et lisse AHA et graines de canneberge illuminant la peau 87 ml \u212e \/ 2,9 oz liq. Disponible \u00e0 compter du dimanche 15 septembre \u00e0 11 h, HE Prix de client VIP 69,00 $ CA Prix de d\u00e9tail 81,00 $ CA Prix de","inLanguage":"en-US","isPartOf":{"@id":"https:\/\/monatglobal.com\/ca\/#website"},"breadcrumb":{"@id":"https:\/\/monatglobal.com\/ca\/refined-skin-scrub\/?lang=fr#breadcrumblist"},"image":{"@type":"ImageObject","url":"https:\/\/monatglobal.com\/ca\/wp-content\/uploads\/sites\/5\/2020\/10\/berry-scrub-500x438.png","@id":"https:\/\/monatglobal.com\/ca\/refined-skin-scrub\/?lang=fr\/#mainImage","width":438,"height":500},"primaryImageOfPage":{"@id":"https:\/\/monatglobal.com\/ca\/refined-skin-scrub\/?lang=fr#mainImage"},"datePublished":"2019-09-13T23:35:32-04:00","dateModified":"2026-01-08T10:05:41-05:00"},{"@type":"WebSite","@id":"https:\/\/monatglobal.com\/ca\/#website","url":"https:\/\/monatglobal.com\/ca\/","name":"Monat Canada English","description":"We Are Modern Nature","inLanguage":"en-US","publisher":{"@id":"https:\/\/monatglobal.com\/ca\/#organization"}}]},"og:locale":"en_US","og:site_name":"Monat Canada English - We Are Modern Nature","og:type":"article","og:title":"Berry Refined Scrub\u2122 - Monat Canada English","og:description":"MEILLEUR VENDEUR MEILLEUR VENDEUR BerryRefined Scrub\u2122 Masque exfoliant sublimateur R\u00e9tablit la surface et lisse AHA et graines de canneberge illuminant la peau 87 ml \u212e \/ 2,9 oz liq. Disponible \u00e0 compter du dimanche 15 septembre \u00e0 11 h, HE Prix de client VIP 69,00 $ CA Prix de d\u00e9tail 81,00 $ CA Prix de","og:url":"https:\/\/monatglobal.com\/ca\/refined-skin-scrub\/?lang=fr","article:published_time":"2019-09-13T23:35:32+00:00","article:modified_time":"2026-01-08T15:05:41+00:00","twitter:card":"summary_large_image","twitter:title":"Berry Refined Scrub\u2122 - Monat Canada English","twitter:description":"MEILLEUR VENDEUR MEILLEUR VENDEUR BerryRefined Scrub\u2122 Masque exfoliant sublimateur R\u00e9tablit la surface et lisse AHA et graines de canneberge illuminant la peau 87 ml \u212e \/ 2,9 oz liq. Disponible \u00e0 compter du dimanche 15 septembre \u00e0 11 h, HE Prix de client VIP 69,00 $ CA Prix de d\u00e9tail 81,00 $ CA Prix de"},"aioseo_meta_data":{"post_id":"46004","title":null,"description":null,"keywords":null,"keyphrases":{"focus":{"keyphrase":"","score":0,"analysis":{"keyphraseInTitle":{"score":0,"maxScore":9,"error":1}}},"additional":[]},"primary_term":null,"canonical_url":null,"og_title":null,"og_description":null,"og_object_type":"default","og_image_type":"default","og_image_url":null,"og_image_width":null,"og_image_height":null,"og_image_custom_url":null,"og_image_custom_fields":null,"og_video":"","og_custom_url":null,"og_article_section":null,"og_article_tags":null,"twitter_use_og":false,"twitter_card":"default","twitter_image_type":"default","twitter_image_url":null,"twitter_image_custom_url":null,"twitter_image_custom_fields":null,"twitter_title":null,"twitter_description":null,"schema":{"blockGraphs":[],"customGraphs":[],"default":{"data":{"Article":[],"Course":[],"Dataset":[],"FAQPage":[],"Movie":[],"Person":[],"Product":[],"ProductReview":[],"Car":[],"Recipe":[],"Service":[],"SoftwareApplication":[],"WebPage":[]},"graphName":"WebPage","isEnabled":true},"graphs":[]},"schema_type":"default","schema_type_options":null,"pillar_content":false,"robots_default":true,"robots_noindex":false,"robots_noarchive":false,"robots_nosnippet":false,"robots_nofollow":false,"robots_noimageindex":false,"robots_noodp":false,"robots_notranslate":false,"robots_max_snippet":"-1","robots_max_videopreview":"-1","robots_max_imagepreview":"large","priority":null,"frequency":"default","local_seo":null,"seo_analyzer_scan_date":"2026-02-10 04:17:34","limit_modified_date":false,"reviewed_by":null,"open_ai":"{\"title\":{\"suggestions\":[],\"usage\":0},\"description\":{\"suggestions\":[],\"usage\":0}}","ai":null,"created":"2023-07-26 12:41:51","updated":"2026-02-10 18:52:36"},"aioseo_breadcrumb":"<div class=\"aioseo-breadcrumbs\"><span class=\"aioseo-breadcrumb\">\n\t<a href=\"https:\/\/monatglobal.com\/ca\" title=\"Home\">Home<\/a>\n<\/span><span class=\"aioseo-breadcrumb-separator\">&raquo;<\/span><span class=\"aioseo-breadcrumb\">\n\tBerry Refined Scrub\u2122\n<\/span><\/div>","aioseo_breadcrumb_json":[{"label":"Home","link":"https:\/\/monatglobal.com\/ca"},{"label":"Berry Refined Scrub\u2122","link":"https:\/\/monatglobal.com\/ca\/refined-skin-scrub\/?lang=fr"}],"_links":{"self":[{"href":"https:\/\/monatglobal.com\/ca\/wp-json\/wp\/v2\/pages\/46004","targetHints":{"allow":["GET"]}}],"collection":[{"href":"https:\/\/monatglobal.com\/ca\/wp-json\/wp\/v2\/pages"}],"about":[{"href":"https:\/\/monatglobal.com\/ca\/wp-json\/wp\/v2\/types\/page"}],"author":[{"embeddable":true,"href":"https:\/\/monatglobal.com\/ca\/wp-json\/wp\/v2\/users\/31"}],"replies":[{"embeddable":true,"href":"https:\/\/monatglobal.com\/ca\/wp-json\/wp\/v2\/comments?post=46004"}],"version-history":[{"count":33,"href":"https:\/\/monatglobal.com\/ca\/wp-json\/wp\/v2\/pages\/46004\/revisions"}],"predecessor-version":[{"id":109740,"href":"https:\/\/monatglobal.com\/ca\/wp-json\/wp\/v2\/pages\/46004\/revisions\/109740"}],"wp:featuredmedia":[{"embeddable":true,"href":"https:\/\/monatglobal.com\/ca\/wp-json\/wp\/v2\/media\/55404"}],"wp:attachment":[{"href":"https:\/\/monatglobal.com\/ca\/wp-json\/wp\/v2\/media?parent=46004"}],"wp:term":[{"taxonomy":"category","embeddable":true,"href":"https:\/\/monatglobal.com\/ca\/wp-json\/wp\/v2\/categories?post=46004"},{"taxonomy":"post_tag","embeddable":true,"href":"https:\/\/monatglobal.com\/ca\/wp-json\/wp\/v2\/tags?post=46004"}],"curies":[{"name":"wp","href":"https:\/\/api.w.org\/{rel}","templated":true}]}}