{"id":45997,"date":"2019-09-13T23:18:55","date_gmt":"2019-09-13T23:18:55","guid":{"rendered":"https:\/\/monatglobal.com\/ca\/?page_id=45997"},"modified":"2026-01-08T10:36:17","modified_gmt":"2026-01-08T15:36:17","slug":"lightweight-moisturizer","status":"publish","type":"page","link":"https:\/\/monatglobal.com\/ca\/lightweight-moisturizer\/?lang=fr","title":{"rendered":"Hydratant l\u00e9ger Be Balanced\u2122"},"content":{"rendered":"\n\n\t\t\t\t<img loading=\"lazy\" decoding=\"async\" src=\"https:\/\/monatglobal.com\/wp-content\/uploads\/2019\/09\/be-balanced-lightweight-moisturizer.png\" alt=\"be-balanced-lightweight-moisturizer\" itemprop=\"image\" height=\"450\" width=\"341\" title=\"be-balanced-lightweight-moisturizer\" onerror=\"this.style.display='none'\"  \/>\n    <h1>Hydratant<br \/>l\u00e9ger<\/h1>\n    <p>BE BALANCED\u2122<\/p>\n\t<h3>Restorateur et lissant<br \/>\n Cellules souches v\u00e9g\u00e9tales transformatrices et c\u00e9ramides\n<\/h3>\n\t<p>1,52 oz liq. \/ 45 ml<\/p> \n\t<p>Disponible \u00e0 compter du dimanche 15 septembre \u00e0 11 h, HE<\/p> \n   Prix de client VIP\n   <p> 83,00 $ CA<\/p>\n      Prix de d\u00e9tail\n      <p> 98,00 $ CA<\/p>\n   Prix de client VIP\n   <p> 88,00 $ CA<\/p>\n      Prix de d\u00e9tail\n      <p> 104,00 $ CA<\/p>\n   Prix de client VIP\n   <p> 79,00 $ CA<\/p>\n      Prix de d\u00e9tail\n      <p> 93,00 $ CA<\/p>\n\tPour en savoir plus sur l&#8217;Hydratant l\u00e9ger BE BALANCED\u2122, veuillez contacter votre partenaire de march\u00e9 MONAT.\n\t\t\t<a href=\"https:\/\/corp.mymonat.com\/shop\/products\/lightweight-moisturizer\/?globallanguage=fr&#038;globalmarket=ca\" target=\"_blank\" role=\"button\" rel=\"noopener\">\n\t\t\t\t\t\t\tMAGASINEZ\n\t\t\t\t\t<\/a>\n\t BIENFAITS\n\t<h1>Un hydratant l\u00e9ger qui s&#8217;absorbe facilement, d\u00e9voilant un teint plus doux, plus lisse et d&#8217;apparence plus saine.<\/h1>\n\t <h1>RESTORATEUR ET LISSANT<\/h1>\n\t<h1>Cette l\u00e9g\u00e8re cr\u00e8me \u00e0 base d&#8217;eau fournit des nutriments concentr\u00e9s et une hydratation \u00e0 la peau. Un complexe optimal de substances v\u00e9g\u00e9tales pour une hydratation \u00e9quilibr\u00e9e, sans saturation. Laisse la peau repulp\u00e9e et radieuse.<\/h1>\n\t<h1>Mode d&#8217;emploi<\/h1>\n\t<p>\/ Utiliser chaque jour, matin et soir.<\/p>\n<p>\/ Retirer une petite quantit\u00e9 du produit \u00e0 l&#8217;aide de la spatule.<\/p>\n<p>\/ Appliquer de fa\u00e7on uniforme sur le bout de doigts.<\/p>\n<p>\/ Masser sur le visage, le cou et le d\u00e9collet\u00e9 avec des mouvements vers le haut pour dynamiser la peau.<\/p>\n<p>\/\tLaisser le produit s&#8217;absorber avant d&#8217;appliquer un produit \u00e0 FPS ou un fond de teint.<\/p>\n\t\t\t<a href=\"https:\/\/www.youtube.com\/watch?v=3JXGCV_iUxU\" role=\"button\">\n\t\t\t\t\t\t\t<\/a>\n\tHydratant l\u00e9ger BE BALANCED\u2122<br \/>\n0:35\n\t\t\t<a href=\"https:\/\/corp.mymonat.com\/shop\/products\/lightweight-moisturizer\/?globallanguage=fr&#038;globalmarket=ca\" target=\"_blank\" role=\"button\" rel=\"noopener\">\n\t\t\t\t\t\t\tMAGASINEZ\n\t\t\t\t\t<\/a>\n\t<h1>Conseils d&#8217;utilisation<\/h1>\n\t<p>\/ Votre peau est tr\u00e8s s\u00e8che? Ajouter 1 ou 2 gouttes de l&#8217;huile intensive REJU-VENIQE\u2122 au produit dans la main et m\u00e9langer-la \u00e0 l&#8217;hydratant.<\/p>\n\t Ingr\u00e9dients Cl\u00e9s\n  <!-- Generator: Adobe Illustrator 23.0.3, SVG Export Plug-In . SVG Version: 6.00 Build 0)  -->\n<p> REJUVENIQE S\u2122<\/p>\n<p>Hydrate et nourrit<\/p>\n<!-- Generator: Adobe Illustrator 23.0.3, SVG Export Plug-In . SVG Version: 6.00 Build 0)  -->\n<p> Extraits de cellules souches v\u00e9g\u00e9tales<\/p>\nRenforcent et prot\u00e8gent\n\n<p> Acide hyaluronique<\/p>\n<p>Attire l&#8217;humidit\u00e9<\/p>\n<p> Peptide<\/p>\n<p>Resserre et repulpe<\/p>\n<p> C\u00e9ramides<\/p>\n<p>Soutiennent et hydratent la barri\u00e8re cutan\u00e9e<\/p>\n\t\t\t<a href=\"#\" role=\"button\">\n\t\t\t\t\t\t\tLISTE D&#8217;INGR\u00c9DIENTS\n\t\t\t\t\t<\/a>\n\t\t<p>Aqua\/Water\/Eau, Cetearyl Alcohol, Glyceryl Stearate SE, Caprylic\/Capric Triglyceride, Glycerin, Isopropyl Myristate, Isomalt, Cetearyl Glucoside, Sodium Hyaluronate, Trifluoroacetyl Tripeptide-2, Ceramide NP, Ceramide AP, Ceramide EOP, Bisabolol, Zingiber Officinale (Ginger) Root Extract, Limnanthes Alba (Meadowfoam) Seed Oil, Crambe Abyssinica Seed Oil, Camellia Oleifera Seed Oil, Solanum Lycopersicum (Tomato) Seed Oil, Daucus Carota Sativa (Carrot) Seed Oil, Citrus Limon (Lemon) Peel Oil, Citrus Aurantifolia (Lime) Oil, Citrus Aurantium Bergamia (Bergamot) Fruit Oil, Adansonia Digitata Oil, Mauritia Flexuosa Fruit Oil, Cocos Nucifera (Coconut) Oil, Gardenia Taitensis Flower Extract, Moringa Oleifera Seed Oil, Caryocar Brasiliense Fruit Oil, Helianthus Annuus (Sunflower) Seed Oil, Olea Europaea (Olive) Fruit Oil, Simmondsia Chinensis (Jojoba) Seed Extract, Tocopherol, Phytol, Dextran, Phytosphingosine, Cholesterol, Sodium Lauroyl Lactylate, Carbomer, Xanthan Gum, Fragrance\/Parfum, Ethylhexylglycerin, Benzyl Alcohol.<\/p>\t\n\t<link rel=\"stylesheet\" href=\"https:\/\/unpkg.com\/swiper\/swiper-bundle.min.css\" \/>\n<link rel=\"stylesheet\" href=\"https:\/\/monatglobal.com\/wp-content\/creative_css\/product_styles_sheet.css\" \/>\n   <!--==================================================== You might also like section ====================================================-->\n      <h2>VOUS POURRIEZ AUSSI AIMER<\/h2>\n      <!--==================================================== Slider YOU MIGHT ALSO LIKE ====================================================-->\n            <!--==================================================== Slides products ====================================================-->\n               <a href=\"\/ca\/holidays-2021-minis-mirror\/?lang=fr\" aria-label=\"Go to Magic Minis &#038; Mirror page\">\n                  <img decoding=\"async\" src=\"https:\/\/monatglobal.com\/wp-content\/uploads\/2021\/10\/magic-mini-mirror-300x300-1.jpg\" alt=\"Magic Minis &#038; Mirror\"\/>\n                  <p>Soins minis<br \/>et magie miroir<\/p>\n               <\/a>\n               <a href=\"\/ca\/holidays-2021-happiness\/?lang=fr\" aria-label=\"Go to Handful of Happiness page\">\n                  <img decoding=\"async\" src=\"https:\/\/monatglobal.com\/wp-content\/uploads\/2021\/10\/handful-happiness-300x300-1.jpg\" alt=\"Handful of Happiness\"\/>\n                  <p>Du bonheur plein les mains<\/p>\n               <\/a>\n               <a href=\"\/mousse-nettoyante-be-balanced\/?lang=fr\" aria-label=\"Go to BE BALANCED\u2122 FOAMY CLEANSER page\">\n                  <img decoding=\"async\" src=\"https:\/\/monatglobal.com\/wp-content\/uploads\/2020\/10\/foamy-cleanser-500x438.png\" alt=\"BE BALANCED\u2122 FOAMY CLEANSER\"\/>\n                  <p>Mousse nettoyante<br \/>BE BALANCED\u2122<\/p>\n               <\/a>\n         <!--==================================================== If we need navigation buttons  ====================================================-->\n         <!--==================================================== If we need paginations  ====================================================-->\n<!--==================================================== this link has to go last for it to work   ====================================================-->\n\t VOUS POURRIEZ AUSSI AIMER\n\t<a href=\"https:\/\/monatglobal.com\/ca\/products\/?lang=fr&#038;line=soins-de-la-peau\"><h1>Tous les produits de soins pour la peau\n<\/h1><\/a>\n\n","protected":false},"excerpt":{"rendered":"<p>Hydratantl\u00e9ger BE BALANCED\u2122 Restorateur et lissant Cellules souches v\u00e9g\u00e9tales transformatrices et c\u00e9ramides 1,52 oz liq. \/ 45 ml Disponible \u00e0 compter du dimanche 15 septembre \u00e0 11 h, HE Prix de client VIP 83,00 $ CA Prix de d\u00e9tail 98,00 $ CA Prix de client VIP 88,00 $ CA Prix de d\u00e9tail 104,00 $ CA&hellip;<\/p>\n","protected":false},"author":31,"featured_media":55409,"parent":0,"menu_order":0,"comment_status":"closed","ping_status":"closed","template":"","meta":{"inline_featured_image":false,"om_disable_all_campaigns":false,"_monsterinsights_skip_tracking":false,"_monsterinsights_sitenote_active":false,"_monsterinsights_sitenote_note":"","_monsterinsights_sitenote_category":0,"footnotes":""},"categories":[3629],"tags":[],"class_list":["post-45997","page","type-page","status-publish","has-post-thumbnail","hentry","category-product-fra"],"aioseo_notices":[],"aioseo_head":"\n\t\t<!-- All in One SEO Pro 4.9.5.2 - aioseo.com -->\n\t<meta name=\"description\" content=\"Hydratantl\u00e9ger BE BALANCED\u2122 Restorateur et lissant Cellules souches v\u00e9g\u00e9tales transformatrices et c\u00e9ramides 1,52 oz liq. \/ 45 ml Disponible \u00e0 compter du dimanche 15 septembre \u00e0 11 h, HE Prix de client VIP 83,00 $ CA Prix de d\u00e9tail 98,00 $ CA Prix de client VIP 88,00 $ CA Prix de d\u00e9tail 104,00 $ CA\" \/>\n\t<meta name=\"robots\" content=\"max-image-preview:large\" \/>\n\t<link rel=\"canonical\" href=\"https:\/\/monatglobal.com\/ca\/lightweight-moisturizer\/?lang=fr\" \/>\n\t<meta name=\"generator\" content=\"All in One SEO Pro (AIOSEO) 4.9.5.2\" \/>\n\t\t<meta property=\"og:locale\" content=\"en_US\" \/>\n\t\t<meta property=\"og:site_name\" content=\"Monat Canada English - We Are Modern Nature\" \/>\n\t\t<meta property=\"og:type\" content=\"article\" \/>\n\t\t<meta property=\"og:title\" content=\"Hydratant l\u00e9ger Be Balanced\u2122 - Monat Canada English\" \/>\n\t\t<meta property=\"og:description\" content=\"Hydratantl\u00e9ger BE BALANCED\u2122 Restorateur et lissant Cellules souches v\u00e9g\u00e9tales transformatrices et c\u00e9ramides 1,52 oz liq. \/ 45 ml Disponible \u00e0 compter du dimanche 15 septembre \u00e0 11 h, HE Prix de client VIP 83,00 $ CA Prix de d\u00e9tail 98,00 $ CA Prix de client VIP 88,00 $ CA Prix de d\u00e9tail 104,00 $ CA\" \/>\n\t\t<meta property=\"og:url\" content=\"https:\/\/monatglobal.com\/ca\/lightweight-moisturizer\/?lang=fr\" \/>\n\t\t<meta property=\"article:published_time\" content=\"2019-09-13T23:18:55+00:00\" \/>\n\t\t<meta property=\"article:modified_time\" content=\"2026-01-08T15:36:17+00:00\" \/>\n\t\t<meta name=\"twitter:card\" content=\"summary_large_image\" \/>\n\t\t<meta name=\"twitter:title\" content=\"Hydratant l\u00e9ger Be Balanced\u2122 - Monat Canada English\" \/>\n\t\t<meta name=\"twitter:description\" content=\"Hydratantl\u00e9ger BE BALANCED\u2122 Restorateur et lissant Cellules souches v\u00e9g\u00e9tales transformatrices et c\u00e9ramides 1,52 oz liq. \/ 45 ml Disponible \u00e0 compter du dimanche 15 septembre \u00e0 11 h, HE Prix de client VIP 83,00 $ CA Prix de d\u00e9tail 98,00 $ CA Prix de client VIP 88,00 $ CA Prix de d\u00e9tail 104,00 $ CA\" \/>\n\t\t<script type=\"application\/ld+json\" class=\"aioseo-schema\">\n\t\t\t{\"@context\":\"https:\\\/\\\/schema.org\",\"@graph\":[{\"@type\":\"BreadcrumbList\",\"@id\":\"https:\\\/\\\/monatglobal.com\\\/ca\\\/lightweight-moisturizer\\\/?lang=fr#breadcrumblist\",\"itemListElement\":[{\"@type\":\"ListItem\",\"@id\":\"https:\\\/\\\/monatglobal.com\\\/ca#listItem\",\"position\":1,\"name\":\"Home\",\"item\":\"https:\\\/\\\/monatglobal.com\\\/ca\",\"nextItem\":{\"@type\":\"ListItem\",\"@id\":\"https:\\\/\\\/monatglobal.com\\\/ca\\\/lightweight-moisturizer\\\/?lang=fr#listItem\",\"name\":\"Hydratant l\\u00e9ger Be Balanced\\u2122\"}},{\"@type\":\"ListItem\",\"@id\":\"https:\\\/\\\/monatglobal.com\\\/ca\\\/lightweight-moisturizer\\\/?lang=fr#listItem\",\"position\":2,\"name\":\"Hydratant l\\u00e9ger Be Balanced\\u2122\",\"previousItem\":{\"@type\":\"ListItem\",\"@id\":\"https:\\\/\\\/monatglobal.com\\\/ca#listItem\",\"name\":\"Home\"}}]},{\"@type\":\"Organization\",\"@id\":\"https:\\\/\\\/monatglobal.com\\\/ca\\\/#organization\",\"name\":\"Monat Canada English\",\"description\":\"We Are Modern Nature\",\"url\":\"https:\\\/\\\/monatglobal.com\\\/ca\\\/\"},{\"@type\":\"WebPage\",\"@id\":\"https:\\\/\\\/monatglobal.com\\\/ca\\\/lightweight-moisturizer\\\/?lang=fr#webpage\",\"url\":\"https:\\\/\\\/monatglobal.com\\\/ca\\\/lightweight-moisturizer\\\/?lang=fr\",\"name\":\"Hydratant l\\u00e9ger Be Balanced\\u2122 - Monat Canada English\",\"description\":\"Hydratantl\\u00e9ger BE BALANCED\\u2122 Restorateur et lissant Cellules souches v\\u00e9g\\u00e9tales transformatrices et c\\u00e9ramides 1,52 oz liq. \\\/ 45 ml Disponible \\u00e0 compter du dimanche 15 septembre \\u00e0 11 h, HE Prix de client VIP 83,00 $ CA Prix de d\\u00e9tail 98,00 $ CA Prix de client VIP 88,00 $ CA Prix de d\\u00e9tail 104,00 $ CA\",\"inLanguage\":\"en-US\",\"isPartOf\":{\"@id\":\"https:\\\/\\\/monatglobal.com\\\/ca\\\/#website\"},\"breadcrumb\":{\"@id\":\"https:\\\/\\\/monatglobal.com\\\/ca\\\/lightweight-moisturizer\\\/?lang=fr#breadcrumblist\"},\"image\":{\"@type\":\"ImageObject\",\"url\":\"https:\\\/\\\/monatglobal.com\\\/ca\\\/wp-content\\\/uploads\\\/sites\\\/5\\\/2020\\\/10\\\/lightweight-moisturizer-500x438.png\",\"@id\":\"https:\\\/\\\/monatglobal.com\\\/ca\\\/lightweight-moisturizer\\\/?lang=fr\\\/#mainImage\",\"width\":438,\"height\":500},\"primaryImageOfPage\":{\"@id\":\"https:\\\/\\\/monatglobal.com\\\/ca\\\/lightweight-moisturizer\\\/?lang=fr#mainImage\"},\"datePublished\":\"2019-09-13T23:18:55-04:00\",\"dateModified\":\"2026-01-08T10:36:17-05:00\"},{\"@type\":\"WebSite\",\"@id\":\"https:\\\/\\\/monatglobal.com\\\/ca\\\/#website\",\"url\":\"https:\\\/\\\/monatglobal.com\\\/ca\\\/\",\"name\":\"Monat Canada English\",\"description\":\"We Are Modern Nature\",\"inLanguage\":\"en-US\",\"publisher\":{\"@id\":\"https:\\\/\\\/monatglobal.com\\\/ca\\\/#organization\"}}]}\n\t\t<\/script>\n\t\t<!-- All in One SEO Pro -->\r\n\t\t<title>Hydratant l\u00e9ger Be Balanced\u2122 - Monat Canada English<\/title>\n\n","aioseo_head_json":{"title":"Hydratant l\u00e9ger Be Balanced\u2122 - Monat Canada English","description":"Hydratantl\u00e9ger BE BALANCED\u2122 Restorateur et lissant Cellules souches v\u00e9g\u00e9tales transformatrices et c\u00e9ramides 1,52 oz liq. \/ 45 ml Disponible \u00e0 compter du dimanche 15 septembre \u00e0 11 h, HE Prix de client VIP 83,00 $ CA Prix de d\u00e9tail 98,00 $ CA Prix de client VIP 88,00 $ CA Prix de d\u00e9tail 104,00 $ CA","canonical_url":"https:\/\/monatglobal.com\/ca\/lightweight-moisturizer\/?lang=fr","robots":"max-image-preview:large","keywords":"","webmasterTools":{"miscellaneous":""},"schema":{"@context":"https:\/\/schema.org","@graph":[{"@type":"BreadcrumbList","@id":"https:\/\/monatglobal.com\/ca\/lightweight-moisturizer\/?lang=fr#breadcrumblist","itemListElement":[{"@type":"ListItem","@id":"https:\/\/monatglobal.com\/ca#listItem","position":1,"name":"Home","item":"https:\/\/monatglobal.com\/ca","nextItem":{"@type":"ListItem","@id":"https:\/\/monatglobal.com\/ca\/lightweight-moisturizer\/?lang=fr#listItem","name":"Hydratant l\u00e9ger Be Balanced\u2122"}},{"@type":"ListItem","@id":"https:\/\/monatglobal.com\/ca\/lightweight-moisturizer\/?lang=fr#listItem","position":2,"name":"Hydratant l\u00e9ger Be Balanced\u2122","previousItem":{"@type":"ListItem","@id":"https:\/\/monatglobal.com\/ca#listItem","name":"Home"}}]},{"@type":"Organization","@id":"https:\/\/monatglobal.com\/ca\/#organization","name":"Monat Canada English","description":"We Are Modern Nature","url":"https:\/\/monatglobal.com\/ca\/"},{"@type":"WebPage","@id":"https:\/\/monatglobal.com\/ca\/lightweight-moisturizer\/?lang=fr#webpage","url":"https:\/\/monatglobal.com\/ca\/lightweight-moisturizer\/?lang=fr","name":"Hydratant l\u00e9ger Be Balanced\u2122 - Monat Canada English","description":"Hydratantl\u00e9ger BE BALANCED\u2122 Restorateur et lissant Cellules souches v\u00e9g\u00e9tales transformatrices et c\u00e9ramides 1,52 oz liq. \/ 45 ml Disponible \u00e0 compter du dimanche 15 septembre \u00e0 11 h, HE Prix de client VIP 83,00 $ CA Prix de d\u00e9tail 98,00 $ CA Prix de client VIP 88,00 $ CA Prix de d\u00e9tail 104,00 $ CA","inLanguage":"en-US","isPartOf":{"@id":"https:\/\/monatglobal.com\/ca\/#website"},"breadcrumb":{"@id":"https:\/\/monatglobal.com\/ca\/lightweight-moisturizer\/?lang=fr#breadcrumblist"},"image":{"@type":"ImageObject","url":"https:\/\/monatglobal.com\/ca\/wp-content\/uploads\/sites\/5\/2020\/10\/lightweight-moisturizer-500x438.png","@id":"https:\/\/monatglobal.com\/ca\/lightweight-moisturizer\/?lang=fr\/#mainImage","width":438,"height":500},"primaryImageOfPage":{"@id":"https:\/\/monatglobal.com\/ca\/lightweight-moisturizer\/?lang=fr#mainImage"},"datePublished":"2019-09-13T23:18:55-04:00","dateModified":"2026-01-08T10:36:17-05:00"},{"@type":"WebSite","@id":"https:\/\/monatglobal.com\/ca\/#website","url":"https:\/\/monatglobal.com\/ca\/","name":"Monat Canada English","description":"We Are Modern Nature","inLanguage":"en-US","publisher":{"@id":"https:\/\/monatglobal.com\/ca\/#organization"}}]},"og:locale":"en_US","og:site_name":"Monat Canada English - We Are Modern Nature","og:type":"article","og:title":"Hydratant l\u00e9ger Be Balanced\u2122 - Monat Canada English","og:description":"Hydratantl\u00e9ger BE BALANCED\u2122 Restorateur et lissant Cellules souches v\u00e9g\u00e9tales transformatrices et c\u00e9ramides 1,52 oz liq. \/ 45 ml Disponible \u00e0 compter du dimanche 15 septembre \u00e0 11 h, HE Prix de client VIP 83,00 $ CA Prix de d\u00e9tail 98,00 $ CA Prix de client VIP 88,00 $ CA Prix de d\u00e9tail 104,00 $ CA","og:url":"https:\/\/monatglobal.com\/ca\/lightweight-moisturizer\/?lang=fr","article:published_time":"2019-09-13T23:18:55+00:00","article:modified_time":"2026-01-08T15:36:17+00:00","twitter:card":"summary_large_image","twitter:title":"Hydratant l\u00e9ger Be Balanced\u2122 - Monat Canada English","twitter:description":"Hydratantl\u00e9ger BE BALANCED\u2122 Restorateur et lissant Cellules souches v\u00e9g\u00e9tales transformatrices et c\u00e9ramides 1,52 oz liq. \/ 45 ml Disponible \u00e0 compter du dimanche 15 septembre \u00e0 11 h, HE Prix de client VIP 83,00 $ CA Prix de d\u00e9tail 98,00 $ CA Prix de client VIP 88,00 $ CA Prix de d\u00e9tail 104,00 $ CA"},"aioseo_meta_data":{"post_id":"45997","title":null,"description":null,"keywords":null,"keyphrases":{"focus":{"keyphrase":"","score":0,"analysis":{"keyphraseInTitle":{"score":0,"maxScore":9,"error":1}}},"additional":[]},"primary_term":null,"canonical_url":null,"og_title":null,"og_description":null,"og_object_type":"default","og_image_type":"default","og_image_url":null,"og_image_width":null,"og_image_height":null,"og_image_custom_url":null,"og_image_custom_fields":null,"og_video":"","og_custom_url":null,"og_article_section":null,"og_article_tags":null,"twitter_use_og":false,"twitter_card":"default","twitter_image_type":"default","twitter_image_url":null,"twitter_image_custom_url":null,"twitter_image_custom_fields":null,"twitter_title":null,"twitter_description":null,"schema":{"blockGraphs":[],"customGraphs":[],"default":{"data":{"Article":[],"Course":[],"Dataset":[],"FAQPage":[],"Movie":[],"Person":[],"Product":[],"ProductReview":[],"Car":[],"Recipe":[],"Service":[],"SoftwareApplication":[],"WebPage":[]},"graphName":"WebPage","isEnabled":true},"graphs":[]},"schema_type":"default","schema_type_options":null,"pillar_content":false,"robots_default":true,"robots_noindex":false,"robots_noarchive":false,"robots_nosnippet":false,"robots_nofollow":false,"robots_noimageindex":false,"robots_noodp":false,"robots_notranslate":false,"robots_max_snippet":"-1","robots_max_videopreview":"-1","robots_max_imagepreview":"large","priority":null,"frequency":"default","local_seo":null,"seo_analyzer_scan_date":"2026-02-10 04:17:31","limit_modified_date":false,"reviewed_by":null,"open_ai":"{\"title\":{\"suggestions\":[],\"usage\":0},\"description\":{\"suggestions\":[],\"usage\":0}}","ai":null,"created":"2023-07-26 12:41:50","updated":"2026-02-10 18:52:33"},"aioseo_breadcrumb":"<div class=\"aioseo-breadcrumbs\"><span class=\"aioseo-breadcrumb\">\n\t<a href=\"https:\/\/monatglobal.com\/ca\" title=\"Home\">Home<\/a>\n<\/span><span class=\"aioseo-breadcrumb-separator\">&raquo;<\/span><span class=\"aioseo-breadcrumb\">\n\tHydratant l\u00e9ger Be Balanced\u2122\n<\/span><\/div>","aioseo_breadcrumb_json":[{"label":"Home","link":"https:\/\/monatglobal.com\/ca"},{"label":"Hydratant l\u00e9ger Be Balanced\u2122","link":"https:\/\/monatglobal.com\/ca\/lightweight-moisturizer\/?lang=fr"}],"_links":{"self":[{"href":"https:\/\/monatglobal.com\/ca\/wp-json\/wp\/v2\/pages\/45997","targetHints":{"allow":["GET"]}}],"collection":[{"href":"https:\/\/monatglobal.com\/ca\/wp-json\/wp\/v2\/pages"}],"about":[{"href":"https:\/\/monatglobal.com\/ca\/wp-json\/wp\/v2\/types\/page"}],"author":[{"embeddable":true,"href":"https:\/\/monatglobal.com\/ca\/wp-json\/wp\/v2\/users\/31"}],"replies":[{"embeddable":true,"href":"https:\/\/monatglobal.com\/ca\/wp-json\/wp\/v2\/comments?post=45997"}],"version-history":[{"count":32,"href":"https:\/\/monatglobal.com\/ca\/wp-json\/wp\/v2\/pages\/45997\/revisions"}],"predecessor-version":[{"id":109763,"href":"https:\/\/monatglobal.com\/ca\/wp-json\/wp\/v2\/pages\/45997\/revisions\/109763"}],"wp:featuredmedia":[{"embeddable":true,"href":"https:\/\/monatglobal.com\/ca\/wp-json\/wp\/v2\/media\/55409"}],"wp:attachment":[{"href":"https:\/\/monatglobal.com\/ca\/wp-json\/wp\/v2\/media?parent=45997"}],"wp:term":[{"taxonomy":"category","embeddable":true,"href":"https:\/\/monatglobal.com\/ca\/wp-json\/wp\/v2\/categories?post=45997"},{"taxonomy":"post_tag","embeddable":true,"href":"https:\/\/monatglobal.com\/ca\/wp-json\/wp\/v2\/tags?post=45997"}],"curies":[{"name":"wp","href":"https:\/\/api.w.org\/{rel}","templated":true}]}}