{"id":45991,"date":"2019-09-13T23:12:38","date_gmt":"2019-09-13T23:12:38","guid":{"rendered":"https:\/\/monatglobal.com\/ca\/?page_id=45991"},"modified":"2026-01-08T10:02:22","modified_gmt":"2026-01-08T15:02:22","slug":"skin-revitalizing-essence","status":"publish","type":"page","link":"https:\/\/monatglobal.com\/ca\/skin-revitalizing-essence\/?lang=fr","title":{"rendered":"Skin Revitalizing Essence\u2122"},"content":{"rendered":"\n\n\t\t\t\t<img loading=\"lazy\" decoding=\"async\" src=\"https:\/\/monatglobal.com\/wp-content\/uploads\/2019\/09\/sking-revitalizing-essence.png\" alt=\"sking-revitalizing-essence\" itemprop=\"image\" height=\"450\" width=\"341\" title=\"sking-revitalizing-essence\" onerror=\"this.style.display='none'\"  \/>\n<h1>Skin <br \/>Revitalizing<br \/>Essence<sup>\u2122<\/sup><br \/><\/h1>\n\t<h3>Renouvelant et apaisant<br \/>\nDes acides de fruits naturels et de la camomille pour sublimer les pores\n<\/h3>\n\t<p> 120 ml \u212e \/ 4,0 oz liq.<\/p> \n   Prix de client VIP\n   <p> 54,00 $ CA<\/p>\n      Prix de d\u00e9tail\n      <p> 63,00 $ CA<\/p>\n   Prix de client VIP\n   <p> 59,00 $ CA<\/p>\n      Prix de d\u00e9tail\n      <p> 69,00 $ CA<\/p>\n   Prix de client VIP\n   <p> 51,00 $ CA<\/p>\n      Prix de d\u00e9tail\n      <p> 60,00 $ CA<\/p>\n\t<p>Disponible \u00e0 compter du dimanche 15 septembre \u00e0 11 h, HE<\/p> \n\tPour en savoir plus sur le Skin Revitalizing Essence\u2122, veuillez contacter votre partenaire de march\u00e9 MONAT.\n\t\t\t<a href=\"https:\/\/corp.mymonat.com\/shop\/products\/skin-revitalizing-essence\/?globallanguage=fr&#038;globalmarket=ca\" target=\"_blank\" role=\"button\" rel=\"noopener\">\n\t\t\t\t\t\t\tMAGASINEZ\n\t\t\t\t\t<\/a>\n\t BIENFAITS\n\t<h1>Une eau miracle qui hydrate et dynamise rapidement la peau pour un teint plus lisse, plus \u00e9clatant et plus radieux, peu importe le type de peau.<\/h1>\n\t <h1>Renouvelant et apaisant<\/h1>\n\t<h1>Ce l\u00e9ger liquide tr\u00e8s doux et b\u00e9n\u00e9fique offre la bonne combinaison d&#8217;ingr\u00e9dients hydratants, renouvelants et anti-\u00e2ge afin de lisser et d&#8217;adoucir la peau, et de r\u00e9duire visiblement les rides, pour une peau plus \u00e9clatante et radieuse. <\/h1>\n\t<h1>Mode d&#8217;emploi<\/h1>\n\t<p>\/ Utiliser chaque jour, matin et soir.<\/p>\n<p>\/ Apr\u00e8s le nettoyage, verser le produit dans les mains et appliquer sur le visage, le cou et le d\u00e9collet\u00e9 en pressant.<\/p>\n<p>\/ Laisser le produit s&#8217;absorber compl\u00e8tement avant d&#8217;appliquer le s\u00e9rum et l&#8217;hydratant MONAT.<\/p>\n\t\t\t<a href=\"https:\/\/www.youtube.com\/watch?v=ZqV754jKfPw\" role=\"button\">\n\t\t\t\t\t\t\t<\/a>\n\tSkin Revitalizing Essence\u2122<br \/>\n0:29\n\t\t\t<a href=\"https:\/\/corp.mymonat.com\/shop\/products\/skin-revitalizing-essence\/?globallanguage=fr&#038;globalmarket=ca\" target=\"_blank\" role=\"button\" rel=\"noopener\">\n\t\t\t\t\t\t\tMAGASINEZ\n\t\t\t\t\t<\/a>\n\t<h1>Conseils d&#8217;utilisation<\/h1>\n\t<p>\/  Appliquer un \u00e9cran solaire 15 minutes avant de sortir.<\/p>\n\t INGR\u00c9DIENTS CL\u00c9S\n<p> Acides de fruits naturels (AHA)<\/p>\n<p>Lissent et illuminent<\/p>\n<p> Extrait de Colubrine<\/p>\n<p>Hydrate et renouv\u00e8le<\/p>\n<p> M\u00e9lange hydratant <\/p>\n (Avec extrait de racine<br \/> de betterave) \n<p>Nourrit et pr\u00e9pare<\/p>\n<!-- Generator: Adobe Illustrator 23.0.3, SVG Export Plug-In . SVG Version: 6.00 Build 0)  -->\n<p>Camomille<\/p>\n<p>Apaise et prot\u00e8ge<\/p>\n\t\t\t<a href=\"#\" role=\"button\">\n\t\t\t\t\t\t\tLISTE D&#8217;INGR\u00c9DIENTS\n\t\t\t\t\t<\/a>\n\t\t<p>Aqua\/Water\/Eau, Propanediol, Glycerin, Anadenanthera Colubrina Bark Extract, Chamomilla Recutita (Matricaria) Flower Extract, Mangifera Indica (Mango) Pulp Extract, Musa Sapientum (Banana) Pulp Extract, Saccharum Officinarum (Sugarcane) Extract, Fructooligosaccharides, Beta Vulgaris (Beet) Root Extract, Glycolic Acid, Potassium Lactate, Lactic Acid, Sodium Phytate, Citric Acid, Fragrance\/Parfum, Sodium Benzoate, Potassium Sorbate.<\/p>\t\n\t<link rel=\"stylesheet\" href=\"https:\/\/unpkg.com\/swiper\/swiper-bundle.min.css\" \/>\n<link rel=\"stylesheet\" href=\"https:\/\/monatglobal.com\/wp-content\/creative_css\/product_styles_sheet.css\" \/>\n   <!--==================================================== You might also like section ====================================================-->\n      <h2>VOUS POURRIEZ AUSSI AIMER<\/h2>\n      <!--==================================================== Slider YOU MIGHT ALSO LIKE ====================================================-->\n            <!--==================================================== Slides products ====================================================-->\n               <a href=\"\/ca\/holidays-2021-minis-mirror\" aria-label=\"Go to Magic Minis &#038; Mirror page\">\n                  <img decoding=\"async\" src=\"https:\/\/monatglobal.com\/wp-content\/uploads\/2021\/10\/magic-mini-mirror-300x300-1.jpg\" alt=\"Magic Minis &#038; Mirror\"\/>\n                  <p>Soins minis et magie miroir<\/p>\n               <\/a>\n               <a href=\"\/ca\/nectar-anti-age-rewind\/?lang=fr\" aria-label=\"Go to Rewind\u2122 Age Control Nectar page\">\n                  <img decoding=\"async\" src=\"https:\/\/monatglobal.com\/wp-content\/uploads\/2019\/09\/rewind-age-control-nectar-1.png\" alt=\"Rewind\u2122 Age Control Nectar\"\/>\n                  <p>Nectar anti-\u00e2ge<br \/>Rewind\u2122<\/p>\n               <\/a>\n               <a href=\"\/ca\/eye-smooth\/?lang=fr\" aria-label=\"Go to Eye Smooth\u2122 page\">\n                  <img decoding=\"async\" src=\"https:\/\/monatglobal.com\/wp-content\/uploads\/2020\/10\/eye-smooth-500x438.png\" alt=\"Eye Smooth\u2122\"\/>\n                  <p>Cr\u00e8me yeux nourrissante<br \/>Eye Smooth\u2122<\/p>\n               <\/a>\n         <!--==================================================== If we need navigation buttons  ====================================================-->\n         <!--==================================================== If we need paginations  ====================================================-->\n<!--==================================================== this link has to go last for it to work   ====================================================-->\n\t VOUS POURRIEZ AUSSI AIMER\n\t<a href=\"https:\/\/monatglobal.com\/ca\/products\/?lang=fr&#038;line=soins-de-la-peau\"><h1>Tous les produits de soins pour la peau\n<\/h1><\/a>\n\n","protected":false},"excerpt":{"rendered":"<p>Skin RevitalizingEssence\u2122 Renouvelant et apaisant Des acides de fruits naturels et de la camomille pour sublimer les pores 120 ml \u212e \/ 4,0 oz liq. Prix de client VIP 54,00 $ CA Prix de d\u00e9tail 63,00 $ CA Prix de client VIP 59,00 $ CA Prix de d\u00e9tail 69,00 $ CA Prix de client VIP&hellip;<\/p>\n","protected":false},"author":31,"featured_media":55413,"parent":0,"menu_order":0,"comment_status":"closed","ping_status":"closed","template":"","meta":{"inline_featured_image":false,"om_disable_all_campaigns":false,"_monsterinsights_skip_tracking":false,"_monsterinsights_sitenote_active":false,"_monsterinsights_sitenote_note":"","_monsterinsights_sitenote_category":0,"footnotes":""},"categories":[3629],"tags":[],"class_list":["post-45991","page","type-page","status-publish","has-post-thumbnail","hentry","category-product-fra"],"aioseo_notices":[],"aioseo_head":"\n\t\t<!-- All in One SEO Pro 4.9.5.2 - aioseo.com -->\n\t<meta name=\"description\" content=\"Skin RevitalizingEssence\u2122 Renouvelant et apaisant Des acides de fruits naturels et de la camomille pour sublimer les pores 120 ml \u212e \/ 4,0 oz liq. Prix de client VIP 54,00 $ CA Prix de d\u00e9tail 63,00 $ CA Prix de client VIP 59,00 $ CA Prix de d\u00e9tail 69,00 $ CA Prix de client VIP\" \/>\n\t<meta name=\"robots\" content=\"max-image-preview:large\" \/>\n\t<link rel=\"canonical\" href=\"https:\/\/monatglobal.com\/ca\/skin-revitalizing-essence\/?lang=fr\" \/>\n\t<meta name=\"generator\" content=\"All in One SEO Pro (AIOSEO) 4.9.5.2\" \/>\n\t\t<meta property=\"og:locale\" content=\"en_US\" \/>\n\t\t<meta property=\"og:site_name\" content=\"Monat Canada English - We Are Modern Nature\" \/>\n\t\t<meta property=\"og:type\" content=\"article\" \/>\n\t\t<meta property=\"og:title\" content=\"Skin Revitalizing Essence\u2122 - Monat Canada English\" \/>\n\t\t<meta property=\"og:description\" content=\"Skin RevitalizingEssence\u2122 Renouvelant et apaisant Des acides de fruits naturels et de la camomille pour sublimer les pores 120 ml \u212e \/ 4,0 oz liq. Prix de client VIP 54,00 $ CA Prix de d\u00e9tail 63,00 $ CA Prix de client VIP 59,00 $ CA Prix de d\u00e9tail 69,00 $ CA Prix de client VIP\" \/>\n\t\t<meta property=\"og:url\" content=\"https:\/\/monatglobal.com\/ca\/skin-revitalizing-essence\/?lang=fr\" \/>\n\t\t<meta property=\"article:published_time\" content=\"2019-09-13T23:12:38+00:00\" \/>\n\t\t<meta property=\"article:modified_time\" content=\"2026-01-08T15:02:22+00:00\" \/>\n\t\t<meta name=\"twitter:card\" content=\"summary_large_image\" \/>\n\t\t<meta name=\"twitter:title\" content=\"Skin Revitalizing Essence\u2122 - Monat Canada English\" \/>\n\t\t<meta name=\"twitter:description\" content=\"Skin RevitalizingEssence\u2122 Renouvelant et apaisant Des acides de fruits naturels et de la camomille pour sublimer les pores 120 ml \u212e \/ 4,0 oz liq. Prix de client VIP 54,00 $ CA Prix de d\u00e9tail 63,00 $ CA Prix de client VIP 59,00 $ CA Prix de d\u00e9tail 69,00 $ CA Prix de client VIP\" \/>\n\t\t<script type=\"application\/ld+json\" class=\"aioseo-schema\">\n\t\t\t{\"@context\":\"https:\\\/\\\/schema.org\",\"@graph\":[{\"@type\":\"BreadcrumbList\",\"@id\":\"https:\\\/\\\/monatglobal.com\\\/ca\\\/skin-revitalizing-essence\\\/?lang=fr#breadcrumblist\",\"itemListElement\":[{\"@type\":\"ListItem\",\"@id\":\"https:\\\/\\\/monatglobal.com\\\/ca#listItem\",\"position\":1,\"name\":\"Home\",\"item\":\"https:\\\/\\\/monatglobal.com\\\/ca\",\"nextItem\":{\"@type\":\"ListItem\",\"@id\":\"https:\\\/\\\/monatglobal.com\\\/ca\\\/skin-revitalizing-essence\\\/?lang=fr#listItem\",\"name\":\"Skin Revitalizing Essence\\u2122\"}},{\"@type\":\"ListItem\",\"@id\":\"https:\\\/\\\/monatglobal.com\\\/ca\\\/skin-revitalizing-essence\\\/?lang=fr#listItem\",\"position\":2,\"name\":\"Skin Revitalizing Essence\\u2122\",\"previousItem\":{\"@type\":\"ListItem\",\"@id\":\"https:\\\/\\\/monatglobal.com\\\/ca#listItem\",\"name\":\"Home\"}}]},{\"@type\":\"Organization\",\"@id\":\"https:\\\/\\\/monatglobal.com\\\/ca\\\/#organization\",\"name\":\"Monat Canada English\",\"description\":\"We Are Modern Nature\",\"url\":\"https:\\\/\\\/monatglobal.com\\\/ca\\\/\"},{\"@type\":\"WebPage\",\"@id\":\"https:\\\/\\\/monatglobal.com\\\/ca\\\/skin-revitalizing-essence\\\/?lang=fr#webpage\",\"url\":\"https:\\\/\\\/monatglobal.com\\\/ca\\\/skin-revitalizing-essence\\\/?lang=fr\",\"name\":\"Skin Revitalizing Essence\\u2122 - Monat Canada English\",\"description\":\"Skin RevitalizingEssence\\u2122 Renouvelant et apaisant Des acides de fruits naturels et de la camomille pour sublimer les pores 120 ml \\u212e \\\/ 4,0 oz liq. Prix de client VIP 54,00 $ CA Prix de d\\u00e9tail 63,00 $ CA Prix de client VIP 59,00 $ CA Prix de d\\u00e9tail 69,00 $ CA Prix de client VIP\",\"inLanguage\":\"en-US\",\"isPartOf\":{\"@id\":\"https:\\\/\\\/monatglobal.com\\\/ca\\\/#website\"},\"breadcrumb\":{\"@id\":\"https:\\\/\\\/monatglobal.com\\\/ca\\\/skin-revitalizing-essence\\\/?lang=fr#breadcrumblist\"},\"image\":{\"@type\":\"ImageObject\",\"url\":\"https:\\\/\\\/monatglobal.com\\\/ca\\\/wp-content\\\/uploads\\\/sites\\\/5\\\/2020\\\/10\\\/skin-revitalizing-essence-500x438.png\",\"@id\":\"https:\\\/\\\/monatglobal.com\\\/ca\\\/skin-revitalizing-essence\\\/?lang=fr\\\/#mainImage\",\"width\":438,\"height\":500},\"primaryImageOfPage\":{\"@id\":\"https:\\\/\\\/monatglobal.com\\\/ca\\\/skin-revitalizing-essence\\\/?lang=fr#mainImage\"},\"datePublished\":\"2019-09-13T23:12:38-04:00\",\"dateModified\":\"2026-01-08T10:02:22-05:00\"},{\"@type\":\"WebSite\",\"@id\":\"https:\\\/\\\/monatglobal.com\\\/ca\\\/#website\",\"url\":\"https:\\\/\\\/monatglobal.com\\\/ca\\\/\",\"name\":\"Monat Canada English\",\"description\":\"We Are Modern Nature\",\"inLanguage\":\"en-US\",\"publisher\":{\"@id\":\"https:\\\/\\\/monatglobal.com\\\/ca\\\/#organization\"}}]}\n\t\t<\/script>\n\t\t<!-- All in One SEO Pro -->\r\n\t\t<title>Skin Revitalizing Essence\u2122 - Monat Canada English<\/title>\n\n","aioseo_head_json":{"title":"Skin Revitalizing Essence\u2122 - Monat Canada English","description":"Skin RevitalizingEssence\u2122 Renouvelant et apaisant Des acides de fruits naturels et de la camomille pour sublimer les pores 120 ml \u212e \/ 4,0 oz liq. Prix de client VIP 54,00 $ CA Prix de d\u00e9tail 63,00 $ CA Prix de client VIP 59,00 $ CA Prix de d\u00e9tail 69,00 $ CA Prix de client VIP","canonical_url":"https:\/\/monatglobal.com\/ca\/skin-revitalizing-essence\/?lang=fr","robots":"max-image-preview:large","keywords":"","webmasterTools":{"miscellaneous":""},"schema":{"@context":"https:\/\/schema.org","@graph":[{"@type":"BreadcrumbList","@id":"https:\/\/monatglobal.com\/ca\/skin-revitalizing-essence\/?lang=fr#breadcrumblist","itemListElement":[{"@type":"ListItem","@id":"https:\/\/monatglobal.com\/ca#listItem","position":1,"name":"Home","item":"https:\/\/monatglobal.com\/ca","nextItem":{"@type":"ListItem","@id":"https:\/\/monatglobal.com\/ca\/skin-revitalizing-essence\/?lang=fr#listItem","name":"Skin Revitalizing Essence\u2122"}},{"@type":"ListItem","@id":"https:\/\/monatglobal.com\/ca\/skin-revitalizing-essence\/?lang=fr#listItem","position":2,"name":"Skin Revitalizing Essence\u2122","previousItem":{"@type":"ListItem","@id":"https:\/\/monatglobal.com\/ca#listItem","name":"Home"}}]},{"@type":"Organization","@id":"https:\/\/monatglobal.com\/ca\/#organization","name":"Monat Canada English","description":"We Are Modern Nature","url":"https:\/\/monatglobal.com\/ca\/"},{"@type":"WebPage","@id":"https:\/\/monatglobal.com\/ca\/skin-revitalizing-essence\/?lang=fr#webpage","url":"https:\/\/monatglobal.com\/ca\/skin-revitalizing-essence\/?lang=fr","name":"Skin Revitalizing Essence\u2122 - Monat Canada English","description":"Skin RevitalizingEssence\u2122 Renouvelant et apaisant Des acides de fruits naturels et de la camomille pour sublimer les pores 120 ml \u212e \/ 4,0 oz liq. Prix de client VIP 54,00 $ CA Prix de d\u00e9tail 63,00 $ CA Prix de client VIP 59,00 $ CA Prix de d\u00e9tail 69,00 $ CA Prix de client VIP","inLanguage":"en-US","isPartOf":{"@id":"https:\/\/monatglobal.com\/ca\/#website"},"breadcrumb":{"@id":"https:\/\/monatglobal.com\/ca\/skin-revitalizing-essence\/?lang=fr#breadcrumblist"},"image":{"@type":"ImageObject","url":"https:\/\/monatglobal.com\/ca\/wp-content\/uploads\/sites\/5\/2020\/10\/skin-revitalizing-essence-500x438.png","@id":"https:\/\/monatglobal.com\/ca\/skin-revitalizing-essence\/?lang=fr\/#mainImage","width":438,"height":500},"primaryImageOfPage":{"@id":"https:\/\/monatglobal.com\/ca\/skin-revitalizing-essence\/?lang=fr#mainImage"},"datePublished":"2019-09-13T23:12:38-04:00","dateModified":"2026-01-08T10:02:22-05:00"},{"@type":"WebSite","@id":"https:\/\/monatglobal.com\/ca\/#website","url":"https:\/\/monatglobal.com\/ca\/","name":"Monat Canada English","description":"We Are Modern Nature","inLanguage":"en-US","publisher":{"@id":"https:\/\/monatglobal.com\/ca\/#organization"}}]},"og:locale":"en_US","og:site_name":"Monat Canada English - We Are Modern Nature","og:type":"article","og:title":"Skin Revitalizing Essence\u2122 - Monat Canada English","og:description":"Skin RevitalizingEssence\u2122 Renouvelant et apaisant Des acides de fruits naturels et de la camomille pour sublimer les pores 120 ml \u212e \/ 4,0 oz liq. Prix de client VIP 54,00 $ CA Prix de d\u00e9tail 63,00 $ CA Prix de client VIP 59,00 $ CA Prix de d\u00e9tail 69,00 $ CA Prix de client VIP","og:url":"https:\/\/monatglobal.com\/ca\/skin-revitalizing-essence\/?lang=fr","article:published_time":"2019-09-13T23:12:38+00:00","article:modified_time":"2026-01-08T15:02:22+00:00","twitter:card":"summary_large_image","twitter:title":"Skin Revitalizing Essence\u2122 - Monat Canada English","twitter:description":"Skin RevitalizingEssence\u2122 Renouvelant et apaisant Des acides de fruits naturels et de la camomille pour sublimer les pores 120 ml \u212e \/ 4,0 oz liq. Prix de client VIP 54,00 $ CA Prix de d\u00e9tail 63,00 $ CA Prix de client VIP 59,00 $ CA Prix de d\u00e9tail 69,00 $ CA Prix de client VIP"},"aioseo_meta_data":{"post_id":"45991","title":null,"description":null,"keywords":null,"keyphrases":null,"primary_term":null,"canonical_url":null,"og_title":null,"og_description":null,"og_object_type":"default","og_image_type":"default","og_image_url":null,"og_image_width":null,"og_image_height":null,"og_image_custom_url":null,"og_image_custom_fields":null,"og_video":null,"og_custom_url":null,"og_article_section":null,"og_article_tags":null,"twitter_use_og":false,"twitter_card":"default","twitter_image_type":"default","twitter_image_url":null,"twitter_image_custom_url":null,"twitter_image_custom_fields":null,"twitter_title":null,"twitter_description":null,"schema":{"blockGraphs":[],"customGraphs":[],"default":{"data":{"Article":[],"Course":[],"Dataset":[],"FAQPage":[],"Movie":[],"Person":[],"Product":[],"ProductReview":[],"Car":[],"Recipe":[],"Service":[],"SoftwareApplication":[],"WebPage":[]},"graphName":"","isEnabled":true},"graphs":[]},"schema_type":"default","schema_type_options":null,"pillar_content":false,"robots_default":true,"robots_noindex":false,"robots_noarchive":false,"robots_nosnippet":false,"robots_nofollow":false,"robots_noimageindex":false,"robots_noodp":false,"robots_notranslate":false,"robots_max_snippet":null,"robots_max_videopreview":null,"robots_max_imagepreview":"large","priority":null,"frequency":null,"local_seo":null,"seo_analyzer_scan_date":"2026-02-10 04:16:16","limit_modified_date":false,"reviewed_by":null,"open_ai":null,"ai":null,"created":"2023-07-26 12:41:50","updated":"2026-02-10 18:52:30"},"aioseo_breadcrumb":"<div class=\"aioseo-breadcrumbs\"><span class=\"aioseo-breadcrumb\">\n\t<a href=\"https:\/\/monatglobal.com\/ca\" title=\"Home\">Home<\/a>\n<\/span><span class=\"aioseo-breadcrumb-separator\">&raquo;<\/span><span class=\"aioseo-breadcrumb\">\n\tSkin Revitalizing Essence\u2122\n<\/span><\/div>","aioseo_breadcrumb_json":[{"label":"Home","link":"https:\/\/monatglobal.com\/ca"},{"label":"Skin Revitalizing Essence\u2122","link":"https:\/\/monatglobal.com\/ca\/skin-revitalizing-essence\/?lang=fr"}],"_links":{"self":[{"href":"https:\/\/monatglobal.com\/ca\/wp-json\/wp\/v2\/pages\/45991","targetHints":{"allow":["GET"]}}],"collection":[{"href":"https:\/\/monatglobal.com\/ca\/wp-json\/wp\/v2\/pages"}],"about":[{"href":"https:\/\/monatglobal.com\/ca\/wp-json\/wp\/v2\/types\/page"}],"author":[{"embeddable":true,"href":"https:\/\/monatglobal.com\/ca\/wp-json\/wp\/v2\/users\/31"}],"replies":[{"embeddable":true,"href":"https:\/\/monatglobal.com\/ca\/wp-json\/wp\/v2\/comments?post=45991"}],"version-history":[{"count":23,"href":"https:\/\/monatglobal.com\/ca\/wp-json\/wp\/v2\/pages\/45991\/revisions"}],"predecessor-version":[{"id":109725,"href":"https:\/\/monatglobal.com\/ca\/wp-json\/wp\/v2\/pages\/45991\/revisions\/109725"}],"wp:featuredmedia":[{"embeddable":true,"href":"https:\/\/monatglobal.com\/ca\/wp-json\/wp\/v2\/media\/55413"}],"wp:attachment":[{"href":"https:\/\/monatglobal.com\/ca\/wp-json\/wp\/v2\/media?parent=45991"}],"wp:term":[{"taxonomy":"category","embeddable":true,"href":"https:\/\/monatglobal.com\/ca\/wp-json\/wp\/v2\/categories?post=45991"},{"taxonomy":"post_tag","embeddable":true,"href":"https:\/\/monatglobal.com\/ca\/wp-json\/wp\/v2\/tags?post=45991"}],"curies":[{"name":"wp","href":"https:\/\/api.w.org\/{rel}","templated":true}]}}