{"id":45969,"date":"2019-09-13T22:06:17","date_gmt":"2019-09-13T22:06:17","guid":{"rendered":"https:\/\/monatglobal.com\/ca\/?page_id=45969"},"modified":"2026-01-08T10:02:41","modified_gmt":"2026-01-08T15:02:41","slug":"age-control-nectar","status":"publish","type":"page","link":"https:\/\/monatglobal.com\/ca\/age-control-nectar\/?lang=fr","title":{"rendered":"Nectar anti-\u00e2ge Rewind"},"content":{"rendered":"\n\n\t<p>MEILLEUR VENDEUR<\/p>\n\t\t\t\t<img decoding=\"async\" src=\"https:\/\/monatglobal.com\/wp-content\/uploads\/2019\/09\/rewind-age-control-nectar-1.png\" alt=\"\" itemprop=\"image\" onerror=\"this.style.display='none'\"  \/>\n\t<p>MEILLEUR VENDEUR<\/p>\n<h1>Nectar <br \/>anti-\u00e2ge Rewind<sup>\u2122<\/sup><\/h1>\n\t<h3>Corrige et transforme<br \/>\nAHA provenant de superfruits naturels et acide hyaluronique pour sublimer la peau  \n<\/h3>\n\t<p>30 ml \u212e 1 oz liq.<\/p> \n\t<p>Disponible \u00e0 compter du dimanche 15 septembre \u00e0 11 h, HE<\/p> \n   Prix de client VIP\n   <p> 142,00 $ CA<\/p>\n      Prix de d\u00e9tail\n      <p> 167,00 $ CA<\/p>\n   Prix de client VIP\n   <p> 149,00 $ CA<\/p>\n      Prix de d\u00e9tail\n      <p> 175,00 $ CA<\/p>\n   Prix de client VIP\n   <p> 139,00 $ CA<\/p>\n      Prix de d\u00e9tail\n      <p> 163,00 $ CA<\/p>\n\tPour en savoir plus sur le Nectar anti-\u00e2ge Rewind\u2122, veuillez contacter votre partenaire de march\u00e9 MONAT.\n\t\t\t<a href=\"https:\/\/corp.mymonat.com\/shop\/products\/rewind-age-control-nectar\/?globallanguage=fr&#038;globalmarket=ca\" target=\"_blank\" role=\"button\" rel=\"noopener\">\n\t\t\t\t\t\t\tMAGASINEZ\n\t\t\t\t\t<\/a>\n\t BIENFAITS\n\t<h1>Un s\u00e9rum hydratant qui s&#8217;absorbe rapidement pour renouveler la peau. <br \/>Il retarde et aide \u00e0 corriger les signes du vieillissement pour r\u00e9v\u00e9ler un teint lisse, doux et radieux.<\/h1>\n\t <h1>Corrige et transforme\n<\/h1>\n\t<h1>Ce s\u00e9rum anti-\u00e2ge effica\u00e7e fournit \u00e0 la peau des ingr\u00e9dients actifs revitalisants pour lutter contre le teint in\u00e9gal, les taches brunes, la perte d&#8217;\u00e9lasticit\u00e9, les ridules, les rides et le teint terne pour donner instantan\u00e9ment une apparence plus lisse et plus jeune \u00e0 votre peau. <\/h1>\n\tIl contient des ingr\u00e9dients anti-vieillissement comme la prune de kakadu, les peptides, les acides de fruits naturels (AHA), l&#8217;acide hyaluronique et notre ingr\u00e9dient exclusif, REJUVENIQE S\u2122. Le plus puissant m\u00e9lange d&#8217;ingr\u00e9dients actifs pour une approche moderne \u00e0 une peau sans \u00e2ge.\n\n\t<h1>Mode d&#8217;emploi<\/h1>\n\t<p>\/ Utiliser chaque nuit apr\u00e8s l&#8217;\u00e9tape de la pr\u00e9paration.<\/p>\n<p>\/ Appliquer le produit de fa\u00e7on uniforme sur le bout des doigts.<\/p>\n<p>\/ Appliquer sur le visage de fa\u00e7on uniforme en tapotant le front, les joues, le menton et le cou.<\/p>\n<p>\/ Pour de meilleurs r\u00e9sultats, commencer au centre du cou et \u00e9tendre le produit vers l&#8217;ext\u00e9rieur et vers le haut.<\/p> \n<p>\/ Laisser le produit s&#8217;absorber compl\u00e8tement avant d&#8217;appliquer l&#8217;hydratant MONAT.<\/p>\n\t\t\t<a href=\"https:\/\/www.youtube.com\/watch?v=mIYuTY9844o\" role=\"button\">\n\t\t\t\t\t\t\t<\/a>\n\tNectar anti-\u00e2ge Rewind\u2122<br \/>\n1:21\n\t\t\t<a href=\"https:\/\/corp.mymonat.com\/shop\/products\/rewind-age-control-nectar\/?globallanguage=fr&#038;globalmarket=ca\" target=\"_blank\" role=\"button\" rel=\"noopener\">\n\t\t\t\t\t\t\tMAGASINEZ\n\t\t\t\t\t<\/a>\n\t<h1>Conseils d&#8217;utilisation\n<\/h1>\n\t<p>\/ Appliquer un \u00e9cran solaire 15 minutes avant de sortir.<\/p>\n\t INGR\u00c9DIENTS CL\u00c9S\n  <!-- Generator: Adobe Illustrator 23.0.3, SVG Export Plug-In . SVG Version: 6.00 Build 0)  -->\n<p> REJUVENIQE S\u2122<\/p>\n<p>Hydrate et nourrit<\/p>\n<p> Acides de fruits naturels (AHA)<\/p>\n<p>Lissent et illuminent<\/p>\n<p> Peptide<\/p>\n<p>Resserre et repulpe<\/p>\n<p> Prune de kakadu<\/p>\n<p>Illumine, apaise et prot\u00e8ge<\/p>\n<p>Acide hyaluronique<\/p>\n<p>Attire l&#8217;humidit\u00e9<\/p>\n\t\t\t<a href=\"#\" role=\"button\">\n\t\t\t\t\t\t\tLISTE D&#8217;INGR\u00c9DIENTS\n\t\t\t\t\t<\/a>\n\t\t<p>Aqua\/Water\/Eau, Propanediol, Glycerin, Mangifera Indica (Mango) Pulp Extract, Musa Sapientum (Banana) Pulp Extract, Pentylene Glycol, Trifluoroacetyl Tripeptide-2, Glycolic Acid, Sodium Hyaluronate, Saccharum Officinarum (Sugarcane) Extract, Terminalia Ferdinandiana Fruit Extract, Limnanthes Alba (Meadowfoam) Seed Oil, Crambe Abyssinica Seed Oil, Camellia Oleifera Seed Oil, Solanum Lycopersicum (Tomato) Seed Oil, Daucus Carota Sativa (Carrot) Seed Oil, Citrus Limon (Lemon) Peel Oil, Citrus Aurantifolia (Lime) Oil, Citrus Aurantium Bergamia (Bergamot) Fruit Oil, Adansonia Digitata Oil, Mauritia Flexuosa Fruit Oil, Cocos Nucifera (Coconut) Oil, Gardenia Taitensis Flower Extract, Moringa Oleifera Seed Oil, Caryocar Brasiliense Fruit Oil, Helianthus Annuus (Sunflower) Seed Oil, Olea Europaea (Olive) Fruit Oil, Simmondsia Chinensis (Jojoba) Seed Extract, Sodium Phytate, Xanthan Gum, Lecithin, Sclerotium Gum, Pullulan, Dextran, Citric Acid, Fragrance\/Parfum, Sodium Benzoate, Potassium Sorbate.<\/p>\t\n\t<link rel=\"stylesheet\" href=\"https:\/\/unpkg.com\/swiper\/swiper-bundle.min.css\" \/>\n<link rel=\"stylesheet\" href=\"https:\/\/monatglobal.com\/wp-content\/creative_css\/product_styles_sheet.css\" \/>\n   <!--==================================================== You might also like section ====================================================-->\n      <h2>VOUS POURRIEZ AUSSI AIMER<\/h2>\n      <!--==================================================== Slider YOU MIGHT ALSO LIKE ====================================================-->\n            <!--==================================================== Slides products ====================================================-->\n               <a href=\"\/ca\/holidays-2021-minis-mirror\/?lang=fr\" aria-label=\"Go to Magic Minis &#038; Mirror page\">\n                  <img decoding=\"async\" src=\"https:\/\/monatglobal.com\/wp-content\/uploads\/2021\/10\/magic-mini-mirror-300x300-1.jpg\" alt=\"Magic Minis &#038; Mirror\"\/>\n                  <p>Soins minis et magie miroir<\/p>\n               <\/a>\n               <a href=\"\/ca\/nettoyant-cremeux-be-gentle\/?lang=fr\" aria-label=\"Go to BE GENTLE\u2122 Creamy Cleanser page\">\n                  <img decoding=\"async\" src=\"https:\/\/monatglobal.com\/wp-content\/uploads\/2020\/10\/creamy-cleanser-500x438.png\" alt=\"BE GENTLE\u2122 Creamy Cleanser\"\/>\n                  <p>Nettoyant cr\u00e9meux<br \/>BE GENTLE\u2122<\/p>\n               <\/a>\n               <a href=\"\/ca\/hydratant-nourrissant-be-gentle\/?lang=fr\" aria-label=\"Go to BE GENTLE\u2122 Nourishing Moisturizer page\">\n                  <img decoding=\"async\" src=\"https:\/\/monatglobal.com\/wp-content\/uploads\/2019\/09\/be-gentle-nurishing-moisturizer-1-1.png\" alt=\"BE GENTLE\u2122 Nourishing Moisturizer\"\/>\n                  <p>Hydratant nourrissant<br \/>BE GENTLE\u2122 <\/p>\n               <\/a>\n         <!--==================================================== If we need navigation buttons  ====================================================-->\n         <!--==================================================== If we need paginations  ====================================================-->\n<!--==================================================== this link has to go last for it to work   ====================================================-->\n\t VOUS POURRIEZ AUSSI AIMER\n\t<a href=\"https:\/\/monatglobal.com\/ca\/products\/?lang=fr&#038;line=soins-de-la-peau\"><h1>Tous les produits de soins pour la peau\n<\/h1><\/a>\n\n","protected":false},"excerpt":{"rendered":"<p>MEILLEUR VENDEUR MEILLEUR VENDEUR Nectar anti-\u00e2ge Rewind\u2122 Corrige et transforme AHA provenant de superfruits naturels et acide hyaluronique pour sublimer la peau 30 ml \u212e 1 oz liq. Disponible \u00e0 compter du dimanche 15 septembre \u00e0 11 h, HE Prix de client VIP 142,00 $ CA Prix de d\u00e9tail 167,00 $ CA Prix de client&hellip;<\/p>\n","protected":false},"author":31,"featured_media":55412,"parent":0,"menu_order":0,"comment_status":"closed","ping_status":"closed","template":"","meta":{"inline_featured_image":false,"om_disable_all_campaigns":false,"_monsterinsights_skip_tracking":false,"_monsterinsights_sitenote_active":false,"_monsterinsights_sitenote_note":"","_monsterinsights_sitenote_category":0,"footnotes":""},"categories":[3629],"tags":[],"class_list":["post-45969","page","type-page","status-publish","has-post-thumbnail","hentry","category-product-fra"],"aioseo_notices":[],"aioseo_head":"\n\t\t<!-- All in One SEO Pro 4.9.6 - aioseo.com -->\n\t<meta name=\"description\" content=\"MEILLEUR VENDEUR MEILLEUR VENDEUR Nectar anti-\u00e2ge Rewind\u2122 Corrige et transforme AHA provenant de superfruits naturels et acide hyaluronique pour sublimer la peau 30 ml \u212e 1 oz liq. Disponible \u00e0 compter du dimanche 15 septembre \u00e0 11 h, HE Prix de client VIP 142,00 $ CA Prix de d\u00e9tail 167,00 $ CA Prix de client\" \/>\n\t<meta name=\"robots\" content=\"max-image-preview:large\" \/>\n\t<link rel=\"canonical\" href=\"https:\/\/monatglobal.com\/ca\/age-control-nectar\/?lang=fr\" \/>\n\t<meta name=\"generator\" content=\"All in One SEO Pro (AIOSEO) 4.9.6\" \/>\n\t\t<meta property=\"og:locale\" content=\"en_US\" \/>\n\t\t<meta property=\"og:site_name\" content=\"Monat Canada English - We Are Modern Nature\" \/>\n\t\t<meta property=\"og:type\" content=\"article\" \/>\n\t\t<meta property=\"og:title\" content=\"Nectar anti-\u00e2ge Rewind - Monat Canada English\" \/>\n\t\t<meta property=\"og:description\" content=\"MEILLEUR VENDEUR MEILLEUR VENDEUR Nectar anti-\u00e2ge Rewind\u2122 Corrige et transforme AHA provenant de superfruits naturels et acide hyaluronique pour sublimer la peau 30 ml \u212e 1 oz liq. Disponible \u00e0 compter du dimanche 15 septembre \u00e0 11 h, HE Prix de client VIP 142,00 $ CA Prix de d\u00e9tail 167,00 $ CA Prix de client\" \/>\n\t\t<meta property=\"og:url\" content=\"https:\/\/monatglobal.com\/ca\/age-control-nectar\/?lang=fr\" \/>\n\t\t<meta property=\"article:published_time\" content=\"2019-09-13T22:06:17+00:00\" \/>\n\t\t<meta property=\"article:modified_time\" content=\"2026-01-08T15:02:41+00:00\" \/>\n\t\t<meta name=\"twitter:card\" content=\"summary_large_image\" \/>\n\t\t<meta name=\"twitter:title\" content=\"Nectar anti-\u00e2ge Rewind - Monat Canada English\" \/>\n\t\t<meta name=\"twitter:description\" content=\"MEILLEUR VENDEUR MEILLEUR VENDEUR Nectar anti-\u00e2ge Rewind\u2122 Corrige et transforme AHA provenant de superfruits naturels et acide hyaluronique pour sublimer la peau 30 ml \u212e 1 oz liq. Disponible \u00e0 compter du dimanche 15 septembre \u00e0 11 h, HE Prix de client VIP 142,00 $ CA Prix de d\u00e9tail 167,00 $ CA Prix de client\" \/>\n\t\t<script type=\"application\/ld+json\" class=\"aioseo-schema\">\n\t\t\t{\"@context\":\"https:\\\/\\\/schema.org\",\"@graph\":[{\"@type\":\"BreadcrumbList\",\"@id\":\"https:\\\/\\\/monatglobal.com\\\/ca\\\/age-control-nectar\\\/?lang=fr#breadcrumblist\",\"itemListElement\":[{\"@type\":\"ListItem\",\"@id\":\"https:\\\/\\\/monatglobal.com\\\/ca#listItem\",\"position\":1,\"name\":\"Home\",\"item\":\"https:\\\/\\\/monatglobal.com\\\/ca\",\"nextItem\":{\"@type\":\"ListItem\",\"@id\":\"https:\\\/\\\/monatglobal.com\\\/ca\\\/age-control-nectar\\\/?lang=fr#listItem\",\"name\":\"Nectar anti-\\u00e2ge Rewind\"}},{\"@type\":\"ListItem\",\"@id\":\"https:\\\/\\\/monatglobal.com\\\/ca\\\/age-control-nectar\\\/?lang=fr#listItem\",\"position\":2,\"name\":\"Nectar anti-\\u00e2ge Rewind\",\"previousItem\":{\"@type\":\"ListItem\",\"@id\":\"https:\\\/\\\/monatglobal.com\\\/ca#listItem\",\"name\":\"Home\"}}]},{\"@type\":\"Organization\",\"@id\":\"https:\\\/\\\/monatglobal.com\\\/ca\\\/#organization\",\"name\":\"Monat Canada English\",\"description\":\"We Are Modern Nature\",\"url\":\"https:\\\/\\\/monatglobal.com\\\/ca\\\/\"},{\"@type\":\"WebPage\",\"@id\":\"https:\\\/\\\/monatglobal.com\\\/ca\\\/age-control-nectar\\\/?lang=fr#webpage\",\"url\":\"https:\\\/\\\/monatglobal.com\\\/ca\\\/age-control-nectar\\\/?lang=fr\",\"name\":\"Nectar anti-\\u00e2ge Rewind - Monat Canada English\",\"description\":\"MEILLEUR VENDEUR MEILLEUR VENDEUR Nectar anti-\\u00e2ge Rewind\\u2122 Corrige et transforme AHA provenant de superfruits naturels et acide hyaluronique pour sublimer la peau 30 ml \\u212e 1 oz liq. Disponible \\u00e0 compter du dimanche 15 septembre \\u00e0 11 h, HE Prix de client VIP 142,00 $ CA Prix de d\\u00e9tail 167,00 $ CA Prix de client\",\"inLanguage\":\"en-US\",\"isPartOf\":{\"@id\":\"https:\\\/\\\/monatglobal.com\\\/ca\\\/#website\"},\"breadcrumb\":{\"@id\":\"https:\\\/\\\/monatglobal.com\\\/ca\\\/age-control-nectar\\\/?lang=fr#breadcrumblist\"},\"image\":{\"@type\":\"ImageObject\",\"url\":\"https:\\\/\\\/monatglobal.com\\\/ca\\\/wp-content\\\/uploads\\\/sites\\\/5\\\/2020\\\/10\\\/rewind-nectar-500x438.png\",\"@id\":\"https:\\\/\\\/monatglobal.com\\\/ca\\\/age-control-nectar\\\/?lang=fr\\\/#mainImage\",\"width\":438,\"height\":500},\"primaryImageOfPage\":{\"@id\":\"https:\\\/\\\/monatglobal.com\\\/ca\\\/age-control-nectar\\\/?lang=fr#mainImage\"},\"datePublished\":\"2019-09-13T22:06:17-04:00\",\"dateModified\":\"2026-01-08T10:02:41-05:00\"},{\"@type\":\"WebSite\",\"@id\":\"https:\\\/\\\/monatglobal.com\\\/ca\\\/#website\",\"url\":\"https:\\\/\\\/monatglobal.com\\\/ca\\\/\",\"name\":\"Monat Canada English\",\"description\":\"We Are Modern Nature\",\"inLanguage\":\"en-US\",\"publisher\":{\"@id\":\"https:\\\/\\\/monatglobal.com\\\/ca\\\/#organization\"}}]}\n\t\t<\/script>\n\t\t<!-- All in One SEO Pro -->\r\n\t\t<title>Nectar anti-\u00e2ge Rewind - Monat Canada English<\/title>\n\n","aioseo_head_json":{"title":"Nectar anti-\u00e2ge Rewind - Monat Canada English","description":"MEILLEUR VENDEUR MEILLEUR VENDEUR Nectar anti-\u00e2ge Rewind\u2122 Corrige et transforme AHA provenant de superfruits naturels et acide hyaluronique pour sublimer la peau 30 ml \u212e 1 oz liq. Disponible \u00e0 compter du dimanche 15 septembre \u00e0 11 h, HE Prix de client VIP 142,00 $ CA Prix de d\u00e9tail 167,00 $ CA Prix de client","canonical_url":"https:\/\/monatglobal.com\/ca\/age-control-nectar\/?lang=fr","robots":"max-image-preview:large","keywords":"","webmasterTools":{"miscellaneous":""},"schema":{"@context":"https:\/\/schema.org","@graph":[{"@type":"BreadcrumbList","@id":"https:\/\/monatglobal.com\/ca\/age-control-nectar\/?lang=fr#breadcrumblist","itemListElement":[{"@type":"ListItem","@id":"https:\/\/monatglobal.com\/ca#listItem","position":1,"name":"Home","item":"https:\/\/monatglobal.com\/ca","nextItem":{"@type":"ListItem","@id":"https:\/\/monatglobal.com\/ca\/age-control-nectar\/?lang=fr#listItem","name":"Nectar anti-\u00e2ge Rewind"}},{"@type":"ListItem","@id":"https:\/\/monatglobal.com\/ca\/age-control-nectar\/?lang=fr#listItem","position":2,"name":"Nectar anti-\u00e2ge Rewind","previousItem":{"@type":"ListItem","@id":"https:\/\/monatglobal.com\/ca#listItem","name":"Home"}}]},{"@type":"Organization","@id":"https:\/\/monatglobal.com\/ca\/#organization","name":"Monat Canada English","description":"We Are Modern Nature","url":"https:\/\/monatglobal.com\/ca\/"},{"@type":"WebPage","@id":"https:\/\/monatglobal.com\/ca\/age-control-nectar\/?lang=fr#webpage","url":"https:\/\/monatglobal.com\/ca\/age-control-nectar\/?lang=fr","name":"Nectar anti-\u00e2ge Rewind - Monat Canada English","description":"MEILLEUR VENDEUR MEILLEUR VENDEUR Nectar anti-\u00e2ge Rewind\u2122 Corrige et transforme AHA provenant de superfruits naturels et acide hyaluronique pour sublimer la peau 30 ml \u212e 1 oz liq. Disponible \u00e0 compter du dimanche 15 septembre \u00e0 11 h, HE Prix de client VIP 142,00 $ CA Prix de d\u00e9tail 167,00 $ CA Prix de client","inLanguage":"en-US","isPartOf":{"@id":"https:\/\/monatglobal.com\/ca\/#website"},"breadcrumb":{"@id":"https:\/\/monatglobal.com\/ca\/age-control-nectar\/?lang=fr#breadcrumblist"},"image":{"@type":"ImageObject","url":"https:\/\/monatglobal.com\/ca\/wp-content\/uploads\/sites\/5\/2020\/10\/rewind-nectar-500x438.png","@id":"https:\/\/monatglobal.com\/ca\/age-control-nectar\/?lang=fr\/#mainImage","width":438,"height":500},"primaryImageOfPage":{"@id":"https:\/\/monatglobal.com\/ca\/age-control-nectar\/?lang=fr#mainImage"},"datePublished":"2019-09-13T22:06:17-04:00","dateModified":"2026-01-08T10:02:41-05:00"},{"@type":"WebSite","@id":"https:\/\/monatglobal.com\/ca\/#website","url":"https:\/\/monatglobal.com\/ca\/","name":"Monat Canada English","description":"We Are Modern Nature","inLanguage":"en-US","publisher":{"@id":"https:\/\/monatglobal.com\/ca\/#organization"}}]},"og:locale":"en_US","og:site_name":"Monat Canada English - We Are Modern Nature","og:type":"article","og:title":"Nectar anti-\u00e2ge Rewind - Monat Canada English","og:description":"MEILLEUR VENDEUR MEILLEUR VENDEUR Nectar anti-\u00e2ge Rewind\u2122 Corrige et transforme AHA provenant de superfruits naturels et acide hyaluronique pour sublimer la peau 30 ml \u212e 1 oz liq. Disponible \u00e0 compter du dimanche 15 septembre \u00e0 11 h, HE Prix de client VIP 142,00 $ CA Prix de d\u00e9tail 167,00 $ CA Prix de client","og:url":"https:\/\/monatglobal.com\/ca\/age-control-nectar\/?lang=fr","article:published_time":"2019-09-13T22:06:17+00:00","article:modified_time":"2026-01-08T15:02:41+00:00","twitter:card":"summary_large_image","twitter:title":"Nectar anti-\u00e2ge Rewind - Monat Canada English","twitter:description":"MEILLEUR VENDEUR MEILLEUR VENDEUR Nectar anti-\u00e2ge Rewind\u2122 Corrige et transforme AHA provenant de superfruits naturels et acide hyaluronique pour sublimer la peau 30 ml \u212e 1 oz liq. Disponible \u00e0 compter du dimanche 15 septembre \u00e0 11 h, HE Prix de client VIP 142,00 $ CA Prix de d\u00e9tail 167,00 $ CA Prix de client"},"aioseo_meta_data":{"post_id":"45969","title":null,"description":null,"keywords":null,"keyphrases":{"focus":{"keyphrase":"","score":0,"analysis":{"keyphraseInTitle":{"score":0,"maxScore":9,"error":1}}},"additional":[]},"primary_term":null,"canonical_url":null,"og_title":null,"og_description":null,"og_object_type":"default","og_image_type":"default","og_image_url":null,"og_image_width":null,"og_image_height":null,"og_image_custom_url":null,"og_image_custom_fields":null,"og_video":"","og_custom_url":null,"og_article_section":null,"og_article_tags":null,"twitter_use_og":false,"twitter_card":"default","twitter_image_type":"default","twitter_image_url":null,"twitter_image_custom_url":null,"twitter_image_custom_fields":null,"twitter_title":null,"twitter_description":null,"schema":{"blockGraphs":[],"customGraphs":[],"default":{"data":{"Article":[],"Course":[],"Dataset":[],"FAQPage":[],"Movie":[],"Person":[],"Product":[],"ProductReview":[],"Car":[],"Recipe":[],"Service":[],"SoftwareApplication":[],"WebPage":[]},"graphName":"WebPage","isEnabled":true},"graphs":[]},"schema_type":"default","schema_type_options":null,"pillar_content":false,"robots_default":true,"robots_noindex":false,"robots_noarchive":false,"robots_nosnippet":false,"robots_nofollow":false,"robots_noimageindex":false,"robots_noodp":false,"robots_notranslate":false,"robots_max_snippet":"-1","robots_max_videopreview":"-1","robots_max_imagepreview":"large","priority":null,"frequency":"default","local_seo":null,"seo_analyzer_scan_date":"2026-02-10 04:16:09","limit_modified_date":false,"reviewed_by":null,"open_ai":"{\"title\":{\"suggestions\":[],\"usage\":0},\"description\":{\"suggestions\":[],\"usage\":0}}","ai":null,"created":"2023-07-26 12:41:50","updated":"2026-02-10 18:52:27"},"aioseo_breadcrumb":"<div class=\"aioseo-breadcrumbs\"><span class=\"aioseo-breadcrumb\">\n\t<a href=\"https:\/\/monatglobal.com\/ca\" title=\"Home\">Home<\/a>\n<\/span><span class=\"aioseo-breadcrumb-separator\">&raquo;<\/span><span class=\"aioseo-breadcrumb\">\n\tNectar anti-\u00e2ge Rewind\n<\/span><\/div>","aioseo_breadcrumb_json":[{"label":"Home","link":"https:\/\/monatglobal.com\/ca"},{"label":"Nectar anti-\u00e2ge Rewind","link":"https:\/\/monatglobal.com\/ca\/age-control-nectar\/?lang=fr"}],"_links":{"self":[{"href":"https:\/\/monatglobal.com\/ca\/wp-json\/wp\/v2\/pages\/45969","targetHints":{"allow":["GET"]}}],"collection":[{"href":"https:\/\/monatglobal.com\/ca\/wp-json\/wp\/v2\/pages"}],"about":[{"href":"https:\/\/monatglobal.com\/ca\/wp-json\/wp\/v2\/types\/page"}],"author":[{"embeddable":true,"href":"https:\/\/monatglobal.com\/ca\/wp-json\/wp\/v2\/users\/31"}],"replies":[{"embeddable":true,"href":"https:\/\/monatglobal.com\/ca\/wp-json\/wp\/v2\/comments?post=45969"}],"version-history":[{"count":38,"href":"https:\/\/monatglobal.com\/ca\/wp-json\/wp\/v2\/pages\/45969\/revisions"}],"predecessor-version":[{"id":109728,"href":"https:\/\/monatglobal.com\/ca\/wp-json\/wp\/v2\/pages\/45969\/revisions\/109728"}],"wp:featuredmedia":[{"embeddable":true,"href":"https:\/\/monatglobal.com\/ca\/wp-json\/wp\/v2\/media\/55412"}],"wp:attachment":[{"href":"https:\/\/monatglobal.com\/ca\/wp-json\/wp\/v2\/media?parent=45969"}],"wp:term":[{"taxonomy":"category","embeddable":true,"href":"https:\/\/monatglobal.com\/ca\/wp-json\/wp\/v2\/categories?post=45969"},{"taxonomy":"post_tag","embeddable":true,"href":"https:\/\/monatglobal.com\/ca\/wp-json\/wp\/v2\/tags?post=45969"}],"curies":[{"name":"wp","href":"https:\/\/api.w.org\/{rel}","templated":true}]}}