{"id":45922,"date":"2019-09-13T16:36:11","date_gmt":"2019-09-13T16:36:11","guid":{"rendered":"https:\/\/monatglobal.com\/ca\/?page_id=45922"},"modified":"2019-09-13T20:57:03","modified_gmt":"2019-09-13T20:57:03","slug":"meet-monat-pl","status":"publish","type":"page","link":"https:\/\/monatglobal.com\/ca\/meet-monat-pl\/","title":{"rendered":"Meet MONAT | Poland"},"content":{"rendered":"\r\n\t\t\t\t<img loading=\"lazy\" decoding=\"async\" src=\"https:\/\/monatglobal.com\/uk\/wp-content\/uploads\/sites\/6\/2019\/09\/Poland-Meet-Monat-Logo-FINAL-01.png\" alt=\"Poland Meet Monat Logo FINAL-01\" itemprop=\"image\" height=\"566\" width=\"1152\" title=\"Poland Meet Monat Logo FINAL-01\"  \/>\r\n\t\t\t<a href=\"https:\/\/monatglobal.com\/ca\/meet-monat-pl\/#events-meetmonat\" target=\"_self\" role=\"button\">\r\n\t\t\t\t\t\t\tFIND AN EVENT NEAR YOU\r\n\t\t\t\t\t<\/a>\r\n\t Find out about the Healthy Hair Revolution coming to a town or city near you!\r\n\t<h1>We\u2019re making our way across Poland starting from 20th September to share our revolutionary naturally based haircare. <\/h1>\r\n\t<p>Get to know us, as we\u2019re about a lot more than shampoo and helping people feel good about their hair\u2014it&#8217;s about providing a path to freedom, personal growth and fulfilment. And yes, lots of fun too!<\/p>\r\n\t<h1>These events are:<\/h1>\r\n\t<p>\u2219 FREE to attend and it\u2019s a casual get together.<\/p>\r\n<p>\u2219 Open to all, so come along with your friends and family.<\/p>\r\n<p>\u2219 Enjoy a FREE welcome drink.<\/p>\r\n<p>\u2219 A goody bag containing FREE samples and more\u2026<\/p>\r\n\t<p>Get ready to hear all about the products that have made hundreds of thousands in North America, Canada and the UK very happy, and how you can be a part of the MONAT movement.<\/p>\r\n\t<h1>Simply register you and your guests at a town or city near you, and you can say goodbye to those bad hair days forever! <\/h1>\r\n\t<p>Registration closes the night before the event, however space is limited, so don\u2019t wait! <\/p> \r\n\t<h1>AGENDA<\/h1>\r\n\t<link rel=\"stylesheet\" href=\"https:\/\/use.fontawesome.com\/releases\/v5.5.0\/css\/all.css\" integrity=\"sha384-B4dIYHKNBt8Bc12p+WXckhzcICo0wtJAoU8YZTY5qE0Id1GSseTk6S+L3BlXeVIU\" crossorigin=\"anonymous\">\r\n<strong>9:00 a.m. \u2013 12:00 p.m.<\/strong><br>\r\n(Unless otherwise noted on the Eventbrite Link)\r\n<!--1st column Details: City, Dates, Type of event and Host-->\r\n\u0141\u00f3d\u017a    \r\n20th September\r\nMONAT Influencer Workshop\r\n<p>By: Western RSM; <strong>Shannon Rheault<\/strong> and AED <strong>Shannon MacKenzie<\/strong><\/p><br>\r\n<!--1st column Details: City, Dates, Type of event and Host-->\r\n<!--2snd column Details: Time, Dates, Venue Name and address-->\r\n<p> <strong>Ambasador Premium<\/strong><\/p>\r\n<p>  18:00 \u2013 20:00<\/p>\r\n<!--2snd column Details: Time, Dates, Venue Name and address-->\r\n    <!--3rd column Details: email, phone number and\/or eventbrite link-->\r\n<a href=\"https:\/\/www.eventbrite.com\/e\/meet-monat-odz-tickets-72449780243\" target=\"_blank\">REGISTER HERE<\/a>\r\n<!--1st column Details: City, Dates, Type of event and Host-->\r\nWarsaw    \r\n21st September\r\nMONAT Influencer Workshop\r\n<p>By: Western RSM; <strong>Shannon Rheault<\/strong> and AED <strong>Shannon MacKenzie<\/strong><\/p><br>\r\n<!--1st column Details: City, Dates, Type of event and Host-->\r\n<!--2snd column Details: Time, Dates, Venue Name and address-->\r\n<p> <strong>The Westin Warsaw<\/strong><\/p>\r\n<p>  12:00 \u2013 14:00<\/p>\r\n<!--2snd column Details: Time, Dates, Venue Name and address-->\r\n    <!--3rd column Details: email, phone number and\/or eventbrite link-->\r\n<a href=\"https:\/\/www.eventbrite.com\/e\/meet-monat-warsaw-tickets-72450985849\" target=\"_blank\">REGISTER HERE<\/a>\r\n<!--1st column Details: City, Dates, Type of event and Host-->\r\nPozna\u0144    \r\n23rd September\r\nMONAT Influencer Workshop\r\n<p>By: Western RSM; <strong>Shannon Rheault<\/strong> and AED <strong>Shannon MacKenzie<\/strong><\/p><br>\r\n<!--1st column Details: City, Dates, Type of event and Host-->\r\n<!--2snd column Details: Time, Dates, Venue Name and address-->\r\n<p> <strong>PURO Pozna\u0144<\/strong><\/p>\r\n<p>  18:00 \u2013 20:00<\/p>\r\n<!--2snd column Details: Time, Dates, Venue Name and address-->\r\n    <!--3rd column Details: email, phone number and\/or eventbrite link-->\r\n<a href=\"https:\/\/www.eventbrite.com\/e\/meet-monat-poznan-tickets-72451409115\" target=\"_blank\">REGISTER HERE<\/a>\r\n<!--1st column Details: City, Dates, Type of event and Host-->\r\nGda\u0144sk    \r\n25th September\r\nMONAT Influencer Workshop\r\n<p>By: Western RSM; <strong>Shannon Rheault<\/strong> and AED <strong>Shannon MacKenzie<\/strong><\/p><br>\r\n<!--1st column Details: City, Dates, Type of event and Host-->\r\n<!--2snd column Details: Time, Dates, Venue Name and address-->\r\n<p> <strong>Scandic Gda\u0144sk<\/strong><\/p>\r\n<p>  18:00 \u2013 20:00<\/p>\r\n<!--2snd column Details: Time, Dates, Venue Name and address-->\r\n    <!--3rd column Details: email, phone number and\/or eventbrite link-->\r\n<a href=\"https:\/\/www.eventbrite.com\/e\/meet-monat-gdansk-tickets-72451537499\" target=\"_blank\">REGISTER HERE<\/a>\r\n<!--1st column Details: City, Dates, Type of event and Host-->\r\nKrak\u00f3w    \r\n1st October\r\nMONAT Influencer Workshop\r\n<p>By: Western RSM; <strong>Shannon Rheault<\/strong> and AED <strong>Shannon MacKenzie<\/strong><\/p><br>\r\n<!--1st column Details: City, Dates, Type of event and Host-->\r\n<!--2snd column Details: Time, Dates, Venue Name and address-->\r\n<p> <strong>Grand Ascot Hotel<\/strong><\/p>\r\n<p>  18:00 \u2013 20:00<\/p>\r\n<!--2snd column Details: Time, Dates, Venue Name and address-->\r\n    <!--3rd column Details: email, phone number and\/or eventbrite link-->\r\n<a href=\"https:\/\/www.eventbrite.com\/e\/meet-monat-krakow-tickets-72451884537\" target=\"_blank\">REGISTER HERE<\/a>\r\n<!--1st column Details: City, Dates, Type of event and Host-->\r\nWroc\u0142aw    \r\n2nd October\r\nMONAT Influencer Workshop\r\n<p>By: Western RSM; <strong>Shannon Rheault<\/strong> and AED <strong>Shannon MacKenzie<\/strong><\/p><br>\r\n<!--1st column Details: City, Dates, Type of event and Host-->\r\n<!--2snd column Details: Time, Dates, Venue Name and address-->\r\n<p> <strong>Mercure Wroclaw Centrum<\/strong><\/p>\r\n<p>  18:00 \u2013 20:00<\/p>\r\n<!--2snd column Details: Time, Dates, Venue Name and address-->\r\n    <!--3rd column Details: email, phone number and\/or eventbrite link-->\r\n<a href=\"https:\/\/www.eventbrite.com\/e\/meet-monat-wroclaw-tickets-72453423139\" target=\"_blank\">REGISTER HERE<\/a>\r\n<!--1st column Details: City, Dates, Type of event and Host-->\r\nSzczecin    \r\n4th October\r\nMONAT Influencer Workshop\r\n<p>By: Western RSM; <strong>Shannon Rheault<\/strong> and AED <strong>Shannon MacKenzie<\/strong><\/p><br>\r\n<!--1st column Details: City, Dates, Type of event and Host-->\r\n<!--2snd column Details: Time, Dates, Venue Name and address-->\r\n<p> <strong>Hotel Dana<\/strong><\/p>\r\n<p>  18:00 \u2013 20:00<\/p>\r\n<!--2snd column Details: Time, Dates, Venue Name and address-->\r\n    <!--3rd column Details: email, phone number and\/or eventbrite link-->\r\n<a href=\"https:\/\/www.eventbrite.com\/e\/meet-monat-szczecin-tickets-72454079101\" target=\"_blank\">REGISTER HERE<\/a>\r\n\t<h1>More dates to follow!<\/h1>\r\n","protected":false},"excerpt":{"rendered":"<p>FIND AN EVENT NEAR YOU Find out about the Healthy Hair Revolution coming to a town or city near you! We\u2019re making our way across Poland starting from 20th September to share our revolutionary naturally based haircare. Get to know us, as we\u2019re about a lot more than shampoo and helping people feel good about&hellip;<\/p>\n","protected":false},"author":31,"featured_media":45923,"parent":0,"menu_order":0,"comment_status":"closed","ping_status":"closed","template":"template-full-custom.php","meta":{"inline_featured_image":false,"om_disable_all_campaigns":false,"_monsterinsights_skip_tracking":false,"_monsterinsights_sitenote_active":false,"_monsterinsights_sitenote_note":"","_monsterinsights_sitenote_category":0,"footnotes":""},"categories":[],"tags":[],"class_list":["post-45922","page","type-page","status-publish","has-post-thumbnail","hentry"],"aioseo_notices":[],"aioseo_head":"\n\t\t<!-- All in One SEO Pro 4.9.6 - aioseo.com -->\n\t<meta name=\"description\" content=\"FIND AN EVENT NEAR YOU Find out about the Healthy Hair Revolution coming to a town or city near you! We\u2019re making our way across Poland starting from 20th September to share our revolutionary naturally based haircare. Get to know us, as we\u2019re about a lot more than shampoo and helping people feel good about\" \/>\n\t<meta name=\"robots\" content=\"max-image-preview:large\" \/>\n\t<link rel=\"canonical\" href=\"https:\/\/monatglobal.com\/ca\/meet-monat-pl\/\" \/>\n\t<meta name=\"generator\" content=\"All in One SEO Pro (AIOSEO) 4.9.6\" \/>\n\t\t<meta property=\"og:locale\" content=\"en_US\" \/>\n\t\t<meta property=\"og:site_name\" content=\"Monat Canada English - We Are Modern Nature\" \/>\n\t\t<meta property=\"og:type\" content=\"article\" \/>\n\t\t<meta property=\"og:title\" content=\"Meet MONAT | Poland - Monat Canada English\" \/>\n\t\t<meta property=\"og:description\" content=\"FIND AN EVENT NEAR YOU Find out about the Healthy Hair Revolution coming to a town or city near you! We\u2019re making our way across Poland starting from 20th September to share our revolutionary naturally based haircare. Get to know us, as we\u2019re about a lot more than shampoo and helping people feel good about\" \/>\n\t\t<meta property=\"og:url\" content=\"https:\/\/monatglobal.com\/ca\/meet-monat-pl\/\" \/>\n\t\t<meta property=\"article:published_time\" content=\"2019-09-13T16:36:11+00:00\" \/>\n\t\t<meta property=\"article:modified_time\" content=\"2019-09-13T20:57:03+00:00\" \/>\n\t\t<meta name=\"twitter:card\" content=\"summary_large_image\" \/>\n\t\t<meta name=\"twitter:title\" content=\"Meet MONAT | Poland - Monat Canada English\" \/>\n\t\t<meta name=\"twitter:description\" content=\"FIND AN EVENT NEAR YOU Find out about the Healthy Hair Revolution coming to a town or city near you! We\u2019re making our way across Poland starting from 20th September to share our revolutionary naturally based haircare. Get to know us, as we\u2019re about a lot more than shampoo and helping people feel good about\" \/>\n\t\t<script type=\"application\/ld+json\" class=\"aioseo-schema\">\n\t\t\t{\"@context\":\"https:\\\/\\\/schema.org\",\"@graph\":[{\"@type\":\"BreadcrumbList\",\"@id\":\"https:\\\/\\\/monatglobal.com\\\/ca\\\/meet-monat-pl\\\/#breadcrumblist\",\"itemListElement\":[{\"@type\":\"ListItem\",\"@id\":\"https:\\\/\\\/monatglobal.com\\\/ca#listItem\",\"position\":1,\"name\":\"Home\",\"item\":\"https:\\\/\\\/monatglobal.com\\\/ca\",\"nextItem\":{\"@type\":\"ListItem\",\"@id\":\"https:\\\/\\\/monatglobal.com\\\/ca\\\/meet-monat-pl\\\/#listItem\",\"name\":\"Meet MONAT | Poland\"}},{\"@type\":\"ListItem\",\"@id\":\"https:\\\/\\\/monatglobal.com\\\/ca\\\/meet-monat-pl\\\/#listItem\",\"position\":2,\"name\":\"Meet MONAT | Poland\",\"previousItem\":{\"@type\":\"ListItem\",\"@id\":\"https:\\\/\\\/monatglobal.com\\\/ca#listItem\",\"name\":\"Home\"}}]},{\"@type\":\"Organization\",\"@id\":\"https:\\\/\\\/monatglobal.com\\\/ca\\\/#organization\",\"name\":\"Monat Canada English\",\"description\":\"We Are Modern Nature\",\"url\":\"https:\\\/\\\/monatglobal.com\\\/ca\\\/\"},{\"@type\":\"WebPage\",\"@id\":\"https:\\\/\\\/monatglobal.com\\\/ca\\\/meet-monat-pl\\\/#webpage\",\"url\":\"https:\\\/\\\/monatglobal.com\\\/ca\\\/meet-monat-pl\\\/\",\"name\":\"Meet MONAT | Poland - Monat Canada English\",\"description\":\"FIND AN EVENT NEAR YOU Find out about the Healthy Hair Revolution coming to a town or city near you! We\\u2019re making our way across Poland starting from 20th September to share our revolutionary naturally based haircare. Get to know us, as we\\u2019re about a lot more than shampoo and helping people feel good about\",\"inLanguage\":\"en-US\",\"isPartOf\":{\"@id\":\"https:\\\/\\\/monatglobal.com\\\/ca\\\/#website\"},\"breadcrumb\":{\"@id\":\"https:\\\/\\\/monatglobal.com\\\/ca\\\/meet-monat-pl\\\/#breadcrumblist\"},\"image\":{\"@type\":\"ImageObject\",\"url\":\"https:\\\/\\\/monatglobal.com\\\/ca\\\/wp-content\\\/uploads\\\/sites\\\/5\\\/2019\\\/09\\\/poland.png\",\"@id\":\"https:\\\/\\\/monatglobal.com\\\/ca\\\/meet-monat-pl\\\/#mainImage\",\"width\":971,\"height\":474},\"primaryImageOfPage\":{\"@id\":\"https:\\\/\\\/monatglobal.com\\\/ca\\\/meet-monat-pl\\\/#mainImage\"},\"datePublished\":\"2019-09-13T16:36:11-04:00\",\"dateModified\":\"2019-09-13T20:57:03-04:00\"},{\"@type\":\"WebSite\",\"@id\":\"https:\\\/\\\/monatglobal.com\\\/ca\\\/#website\",\"url\":\"https:\\\/\\\/monatglobal.com\\\/ca\\\/\",\"name\":\"Monat Canada English\",\"description\":\"We Are Modern Nature\",\"inLanguage\":\"en-US\",\"publisher\":{\"@id\":\"https:\\\/\\\/monatglobal.com\\\/ca\\\/#organization\"}}]}\n\t\t<\/script>\n\t\t<!-- All in One SEO Pro -->\r\n\t\t<title>Meet MONAT | Poland - Monat Canada English<\/title>\n\n","aioseo_head_json":{"title":"Meet MONAT | Poland - Monat Canada English","description":"FIND AN EVENT NEAR YOU Find out about the Healthy Hair Revolution coming to a town or city near you! We\u2019re making our way across Poland starting from 20th September to share our revolutionary naturally based haircare. Get to know us, as we\u2019re about a lot more than shampoo and helping people feel good about","canonical_url":"https:\/\/monatglobal.com\/ca\/meet-monat-pl\/","robots":"max-image-preview:large","keywords":"","webmasterTools":{"miscellaneous":""},"schema":{"@context":"https:\/\/schema.org","@graph":[{"@type":"BreadcrumbList","@id":"https:\/\/monatglobal.com\/ca\/meet-monat-pl\/#breadcrumblist","itemListElement":[{"@type":"ListItem","@id":"https:\/\/monatglobal.com\/ca#listItem","position":1,"name":"Home","item":"https:\/\/monatglobal.com\/ca","nextItem":{"@type":"ListItem","@id":"https:\/\/monatglobal.com\/ca\/meet-monat-pl\/#listItem","name":"Meet MONAT | Poland"}},{"@type":"ListItem","@id":"https:\/\/monatglobal.com\/ca\/meet-monat-pl\/#listItem","position":2,"name":"Meet MONAT | Poland","previousItem":{"@type":"ListItem","@id":"https:\/\/monatglobal.com\/ca#listItem","name":"Home"}}]},{"@type":"Organization","@id":"https:\/\/monatglobal.com\/ca\/#organization","name":"Monat Canada English","description":"We Are Modern Nature","url":"https:\/\/monatglobal.com\/ca\/"},{"@type":"WebPage","@id":"https:\/\/monatglobal.com\/ca\/meet-monat-pl\/#webpage","url":"https:\/\/monatglobal.com\/ca\/meet-monat-pl\/","name":"Meet MONAT | Poland - Monat Canada English","description":"FIND AN EVENT NEAR YOU Find out about the Healthy Hair Revolution coming to a town or city near you! We\u2019re making our way across Poland starting from 20th September to share our revolutionary naturally based haircare. Get to know us, as we\u2019re about a lot more than shampoo and helping people feel good about","inLanguage":"en-US","isPartOf":{"@id":"https:\/\/monatglobal.com\/ca\/#website"},"breadcrumb":{"@id":"https:\/\/monatglobal.com\/ca\/meet-monat-pl\/#breadcrumblist"},"image":{"@type":"ImageObject","url":"https:\/\/monatglobal.com\/ca\/wp-content\/uploads\/sites\/5\/2019\/09\/poland.png","@id":"https:\/\/monatglobal.com\/ca\/meet-monat-pl\/#mainImage","width":971,"height":474},"primaryImageOfPage":{"@id":"https:\/\/monatglobal.com\/ca\/meet-monat-pl\/#mainImage"},"datePublished":"2019-09-13T16:36:11-04:00","dateModified":"2019-09-13T20:57:03-04:00"},{"@type":"WebSite","@id":"https:\/\/monatglobal.com\/ca\/#website","url":"https:\/\/monatglobal.com\/ca\/","name":"Monat Canada English","description":"We Are Modern Nature","inLanguage":"en-US","publisher":{"@id":"https:\/\/monatglobal.com\/ca\/#organization"}}]},"og:locale":"en_US","og:site_name":"Monat Canada English - We Are Modern Nature","og:type":"article","og:title":"Meet MONAT | Poland - Monat Canada English","og:description":"FIND AN EVENT NEAR YOU Find out about the Healthy Hair Revolution coming to a town or city near you! We\u2019re making our way across Poland starting from 20th September to share our revolutionary naturally based haircare. Get to know us, as we\u2019re about a lot more than shampoo and helping people feel good about","og:url":"https:\/\/monatglobal.com\/ca\/meet-monat-pl\/","article:published_time":"2019-09-13T16:36:11+00:00","article:modified_time":"2019-09-13T20:57:03+00:00","twitter:card":"summary_large_image","twitter:title":"Meet MONAT | Poland - Monat Canada English","twitter:description":"FIND AN EVENT NEAR YOU Find out about the Healthy Hair Revolution coming to a town or city near you! We\u2019re making our way across Poland starting from 20th September to share our revolutionary naturally based haircare. Get to know us, as we\u2019re about a lot more than shampoo and helping people feel good about"},"aioseo_meta_data":{"post_id":"45922","title":null,"description":null,"keywords":null,"keyphrases":null,"primary_term":null,"canonical_url":null,"og_title":null,"og_description":null,"og_object_type":"default","og_image_type":"default","og_image_url":null,"og_image_width":null,"og_image_height":null,"og_image_custom_url":null,"og_image_custom_fields":null,"og_video":null,"og_custom_url":null,"og_article_section":null,"og_article_tags":null,"twitter_use_og":false,"twitter_card":"default","twitter_image_type":"default","twitter_image_url":null,"twitter_image_custom_url":null,"twitter_image_custom_fields":null,"twitter_title":null,"twitter_description":null,"schema":{"blockGraphs":[],"customGraphs":[],"default":{"data":{"Article":[],"Course":[],"Dataset":[],"FAQPage":[],"Movie":[],"Person":[],"Product":[],"ProductReview":[],"Car":[],"Recipe":[],"Service":[],"SoftwareApplication":[],"WebPage":[]},"graphName":"","isEnabled":true},"graphs":[]},"schema_type":"default","schema_type_options":null,"pillar_content":false,"robots_default":true,"robots_noindex":false,"robots_noarchive":false,"robots_nosnippet":false,"robots_nofollow":false,"robots_noimageindex":false,"robots_noodp":false,"robots_notranslate":false,"robots_max_snippet":null,"robots_max_videopreview":null,"robots_max_imagepreview":"large","priority":null,"frequency":null,"local_seo":null,"seo_analyzer_scan_date":"2026-02-10 04:15:59","limit_modified_date":false,"reviewed_by":null,"open_ai":null,"ai":null,"created":"2023-07-26 12:41:50","updated":"2026-02-10 04:15:59"},"aioseo_breadcrumb":"<div class=\"aioseo-breadcrumbs\"><span class=\"aioseo-breadcrumb\">\n\t<a href=\"https:\/\/monatglobal.com\/ca\" title=\"Home\">Home<\/a>\n<\/span><span class=\"aioseo-breadcrumb-separator\">&raquo;<\/span><span class=\"aioseo-breadcrumb\">\n\tMeet MONAT | Poland\n<\/span><\/div>","aioseo_breadcrumb_json":[{"label":"Home","link":"https:\/\/monatglobal.com\/ca"},{"label":"Meet MONAT | Poland","link":"https:\/\/monatglobal.com\/ca\/meet-monat-pl\/"}],"_links":{"self":[{"href":"https:\/\/monatglobal.com\/ca\/wp-json\/wp\/v2\/pages\/45922","targetHints":{"allow":["GET"]}}],"collection":[{"href":"https:\/\/monatglobal.com\/ca\/wp-json\/wp\/v2\/pages"}],"about":[{"href":"https:\/\/monatglobal.com\/ca\/wp-json\/wp\/v2\/types\/page"}],"author":[{"embeddable":true,"href":"https:\/\/monatglobal.com\/ca\/wp-json\/wp\/v2\/users\/31"}],"replies":[{"embeddable":true,"href":"https:\/\/monatglobal.com\/ca\/wp-json\/wp\/v2\/comments?post=45922"}],"version-history":[{"count":4,"href":"https:\/\/monatglobal.com\/ca\/wp-json\/wp\/v2\/pages\/45922\/revisions"}],"predecessor-version":[{"id":45941,"href":"https:\/\/monatglobal.com\/ca\/wp-json\/wp\/v2\/pages\/45922\/revisions\/45941"}],"wp:featuredmedia":[{"embeddable":true,"href":"https:\/\/monatglobal.com\/ca\/wp-json\/wp\/v2\/media\/45923"}],"wp:attachment":[{"href":"https:\/\/monatglobal.com\/ca\/wp-json\/wp\/v2\/media?parent=45922"}],"wp:term":[{"taxonomy":"category","embeddable":true,"href":"https:\/\/monatglobal.com\/ca\/wp-json\/wp\/v2\/categories?post=45922"},{"taxonomy":"post_tag","embeddable":true,"href":"https:\/\/monatglobal.com\/ca\/wp-json\/wp\/v2\/tags?post=45922"}],"curies":[{"name":"wp","href":"https:\/\/api.w.org\/{rel}","templated":true}]}}