{"id":43644,"date":"2019-07-02T16:27:35","date_gmt":"2019-07-02T16:27:35","guid":{"rendered":"https:\/\/monatglobal.com\/ca\/?page_id=43644"},"modified":"2019-07-08T17:25:17","modified_gmt":"2019-07-08T17:25:17","slug":"shampooing-volume-booste","status":"publish","type":"page","link":"https:\/\/monatglobal.com\/ca\/shampooing-volume-booste\/?lang=fr","title":{"rendered":"SHAMPOOING VOLUME BOOST\u00c9"},"content":{"rendered":"\n\t<img loading=\"lazy\" decoding=\"async\" src=\"https:\/\/monatglobal.com\/ca\/wp-content\/uploads\/2019\/06\/VOLUMIZING-REVIVE-SHAMPOO-500x438.png\" alt=\"Volumizing Revive Shampoo\" width=\"350\" height=\"400\" \/>\n<h1>SHAMPOOING<br><strong>VOLUME<br>BOOST\u00c9<\/strong><\/h1>\n<em>Avec REJUVENIQE\u2122<\/em>\n<hr>\n\t<em>Aide \u00e0 am\u00e9liorer la densit\u00e9, la r\u00e9sistance et la maniabilit\u00e9 des cheveux.<br \/>\n<\/em>\n   237 mle \/ 8,0 oz liq.\n   <strong>Prix de client VIP<\/strong><br>\n   38,00 $ CA<br>\n    <strong>Prix de d\u00e9tail<\/strong><br>\n   45,00 $ CA<br>\n\t<p>Pour en savoir plus sur le Shampooing volume boost\u00e9, veuillez contacter votre partenaire de march\u00e9 MONAT.<\/p>\n\t<a target=\"_blank\" href=\"https:\/\/mymonat.com\/shop\/products\/\">ACHETER D\u00c8S MAINTENANT<\/a>\n<h2>\n\t\tBIENFAITS\n\t<\/h2>\n\t<p>Il nettoie doucement tout en donnant corps et volume aux cheveux fins et ternes. Il laisse les cheveux doux au toucher et leur donne un aspect jeune. Il est s\u00e9curitaire \u00e0 utiliser sur les cheveux color\u00e9s ou trait\u00e9s chimiquement et les rallonges capillaires.<\/p>\n<p>&nbsp;<\/p>\n<p><strong>Revigorez vos m\u00e8ches<\/strong><\/p>\n<p>Ce nettoyant r\u00e9volutionnaire donne corps et volume aux cheveux fins et ternes. Les ingr\u00e9dients prouv\u00e9s cliniquement du Shampooing volume boost\u00e9 augmentent la densit\u00e9, la force et la maniabilit\u00e9 des cheveux, leur redonnant vie! C\u2019est la solution simple pour les cheveux sans vie.<\/p>\n<h2>\n\t\tAper\u00e7u :\n\t<\/h2>\n\t<ul>\n<li>Donne du volume aux cheveux<\/li>\n<li>S\u00e9curitaire pour les cheveux trait\u00e9s chimiquement et les rallonges capillaires<\/li>\n<\/ul>\n<h2>\n\t\tCONSEILS D\u2019UTILISATION\n\t<\/h2>\n\t<p>\u00c9mulsionner dans les mains et appliquer sur cheveux mouill\u00e9s. Laisser agir 2 ou 3 minutes. Rincer et r\u00e9p\u00e9ter l\u2019op\u00e9ration. Pour de meilleurs r\u00e9sultats, compl\u00e9ter avec l\u2019Apr\u00e8s-shampooing revitalisant boost\u00e9 de MONAT.<\/p>\n<h2>\n\t\tNOUS DISONS <br\/>\u00ab NON \u00bb AUX INGR\u00c9DIENTS TOXIQUES.\n\t<\/h2>\n\t<ul>\n<li>Parab\u00e8nes<\/li>\n<li>SLS\/SLES<\/li>\n<li>Silicones cycliques<\/li>\n<li>BHT<\/li>\n<li>DEA\/MEA<\/li>\n<li>Poly\u00e9thyl\u00e8ne glycol<\/li>\n<li>Phthalates<\/li>\n<li>Ph\u00e9noxy\u00e9thanol<\/li>\n<li>P\u00e9trolatum<\/li>\n<li>Huiles min\u00e9rales<\/li>\n<li>Cire de paraffine<\/li>\n<li>Triclosan<\/li>\n<li>Microbilles de plastique<\/li>\n<li>Lib\u00e9rateurs de formald\u00e9hyde<\/li>\n<li>Colorants nocifs<\/li>\n<li>Parfums nocifs<\/li>\n    <\/ul>\n<h5>\n\t\tNous disons <strong>\u00ab non \u00bb aux tests sur les animaux<\/strong>. Nos produits sont v\u00e9g\u00e9taliens.\n\t<\/h5>\n<h2>\n\t\tINGR\u00c9DIENTS CL\u00c9S\n\t<\/h2>\n\t<p><img loading=\"lazy\" decoding=\"async\" src=\"https:\/\/monatglobal.com\/wp-content\/uploads\/2018\/10\/Ingredients_curl_cream_babassu.png\" alt=\"\" width=\"183\" height=\"174\" \/><\/p>\n\t<p><strong>REJUVENIQE\u2122<\/strong><\/p>\n<p>Un m\u00e9lange de 13+ huiles v\u00e9g\u00e9tales et huiles essentielles naturelles riche en acides gras om\u00e9ga, en antioxydants et en nutriments, qui est tr\u00e8s compatible avec la peau et les cheveux. <\/p>\n\t<p><strong>CAPIXYL\u2122<\/strong><\/p>\n<p>Un m\u00e9lange \u00e9mollient aidant \u00e0 prot\u00e9ger le cuir chevelu, \u00e0 renforcer et \u00e0 \u00e9paissir les cheveux tout en augmentant la densit\u00e9 des cheveux. <\/p>\n\t<p><strong>PROCATALINE\u2122<\/strong><\/p>\n<p>Ce m\u00e9lange de pointe contenant l\u2019extrait de pois soutient les cheveux sains et d\u2019apparence plus jeune en aidant \u00e0 prot\u00e9ger vos cheveux des dommages caus\u00e9s par les rayons UV et les facteurs environnementaux.<\/p>\n\t<p><strong>CRODASORB\u2122<\/strong><\/p>\n<p>Un puissant ingr\u00e9dient qui aide \u00e0 prot\u00e9ger contre les rayons UV nuisibles, ce qui aide \u00e0 pr\u00e9server la pigmentation naturelle des cheveux pour des cheveux prot\u00e9g\u00e9s et r\u00e9sistants.<\/p>\n<h2>\n\t\tLISTE D\u2019INGR\u00c9DIENTS\n\t<\/h2>\n\t<p>Aqua\/Water\/Eau, Sodium C14-16 Olefin Sulfonate, Sodium Cocoamphoacetate, Lauramidopropyl Betaine, Sodium Methyl Cocoyl Taurate, Cinnamidopropyltrimonium Chloride, Acrylates Copolymer, Pisum Sativum (Pea) Extract, Acetyl Tetrapeptide-3, Trifolium Pratense (Clover) Flower Extract, Limnanthes Alba (Meadowfoam) Seed Oil, Crambe Abyssinica Seed Oil, Camellia Oleifera Seed Oil, Solanum Lycopersicum (Tomato) Seed Oil, Daucus Carota Sativa (Carrot) Seed Oil, Citrus Limon (Lemon) Peel Oil, Citrus Aurantifolia (Lime) Oil, Citrus Aurantium Bergamia (Bergamot) Fruit Oil, Adansonia Digitata Oil, Mauritia Flexuosa Fruit Oil, Cocos Nucifera (Coconut) Oil, Gardenia Taitensis Flower Extract, Moringa Oleifera Seed Oil, Caryocar Brasiliense Fruit Oil, Helianthus Annuus (Sunflower) Seed Oil, Hydrolyzed Rice Protein, Glycerin, Guar Hydroxypropyltrimonium Chloride, Dextran, Glycol Distearate, Cocamidopropyl Hydroxysultaine, Sodium Hydroxypropylphosphate Decylglucoside Crosspolymer, Sodium Hydroxypropylphosphate Laurylglucoside Crosspolymer, Lauramide MIPA, Cocamidopropyl Betaine, Propanediol, Stearyldimoniumhydroxypropyl Decylglucosides Chloride, Polyquaternium-11, Butylene Glycol, Citric Acid, Fragrance\/Parfum, Aminomethyl Propanol, Glyceryl Caprylate, Dehydroacetic Acid, Caprylhydroxamic Acid, Benzyl Alcohol, Butylphenyl Methylpropional, Citronellol, Hexyl Cinnamal, Limonene, Linalool<\/p>\n<h2>\n\t\tVOUS POURRIEZ AUSSI AIMER\n\t<\/h2>\n<h2>\n\t\t<a href=\"https:\/\/monatglobal.com\/ca\/tous-les-produits\/?lang=fr\" title=\"TOUS LES PRODUITS\" target=\"_self\">\n\t\tTOUS LES PRODUITS\n\t\t<\/a>\n\t<\/h2>\n","protected":false},"excerpt":{"rendered":"<p>SHAMPOOINGVOLUMEBOOST\u00c9 Avec REJUVENIQE\u2122 Aide \u00e0 am\u00e9liorer la densit\u00e9, la r\u00e9sistance et la maniabilit\u00e9 des cheveux. 237 mle \/ 8,0 oz liq. Prix de client VIP 38,00 $ CA Prix de d\u00e9tail 45,00 $ CA Pour en savoir plus sur le Shampooing volume boost\u00e9, veuillez contacter votre partenaire de march\u00e9 MONAT. ACHETER D\u00c8S MAINTENANT BIENFAITS Il&hellip;<\/p>\n","protected":false},"author":33,"featured_media":43639,"parent":0,"menu_order":0,"comment_status":"closed","ping_status":"closed","template":"template-full-custom.php","meta":{"inline_featured_image":false,"om_disable_all_campaigns":false,"_monsterinsights_skip_tracking":false,"_monsterinsights_sitenote_active":false,"_monsterinsights_sitenote_note":"","_monsterinsights_sitenote_category":0,"footnotes":""},"categories":[],"tags":[],"class_list":["post-43644","page","type-page","status-publish","has-post-thumbnail","hentry"],"aioseo_notices":[],"aioseo_head":"\n\t\t<!-- All in One SEO Pro 4.9.6 - aioseo.com -->\n\t<meta name=\"description\" content=\"SHAMPOOINGVOLUMEBOOST\u00c9 Avec REJUVENIQE\u2122 Aide \u00e0 am\u00e9liorer la densit\u00e9, la r\u00e9sistance et la maniabilit\u00e9 des cheveux. 237 mle \/ 8,0 oz liq. Prix de client VIP 38,00 $ CA Prix de d\u00e9tail 45,00 $ CA Pour en savoir plus sur le Shampooing volume boost\u00e9, veuillez contacter votre partenaire de march\u00e9 MONAT. ACHETER D\u00c8S MAINTENANT BIENFAITS Il\" \/>\n\t<meta name=\"robots\" content=\"max-image-preview:large\" \/>\n\t<link rel=\"canonical\" href=\"https:\/\/monatglobal.com\/ca\/shampooing-volume-booste\/?lang=fr\" \/>\n\t<meta name=\"generator\" content=\"All in One SEO Pro (AIOSEO) 4.9.6\" \/>\n\t\t<meta property=\"og:locale\" content=\"en_US\" \/>\n\t\t<meta property=\"og:site_name\" content=\"Monat Canada English - We Are Modern Nature\" \/>\n\t\t<meta property=\"og:type\" content=\"article\" \/>\n\t\t<meta property=\"og:title\" content=\"SHAMPOOING VOLUME BOOST\u00c9 - Monat Canada English\" \/>\n\t\t<meta property=\"og:description\" content=\"SHAMPOOINGVOLUMEBOOST\u00c9 Avec REJUVENIQE\u2122 Aide \u00e0 am\u00e9liorer la densit\u00e9, la r\u00e9sistance et la maniabilit\u00e9 des cheveux. 237 mle \/ 8,0 oz liq. Prix de client VIP 38,00 $ CA Prix de d\u00e9tail 45,00 $ CA Pour en savoir plus sur le Shampooing volume boost\u00e9, veuillez contacter votre partenaire de march\u00e9 MONAT. ACHETER D\u00c8S MAINTENANT BIENFAITS Il\" \/>\n\t\t<meta property=\"og:url\" content=\"https:\/\/monatglobal.com\/ca\/shampooing-volume-booste\/?lang=fr\" \/>\n\t\t<meta property=\"article:published_time\" content=\"2019-07-02T16:27:35+00:00\" \/>\n\t\t<meta property=\"article:modified_time\" content=\"2019-07-08T17:25:17+00:00\" \/>\n\t\t<meta name=\"twitter:card\" content=\"summary_large_image\" \/>\n\t\t<meta name=\"twitter:title\" content=\"SHAMPOOING VOLUME BOOST\u00c9 - Monat Canada English\" \/>\n\t\t<meta name=\"twitter:description\" content=\"SHAMPOOINGVOLUMEBOOST\u00c9 Avec REJUVENIQE\u2122 Aide \u00e0 am\u00e9liorer la densit\u00e9, la r\u00e9sistance et la maniabilit\u00e9 des cheveux. 237 mle \/ 8,0 oz liq. Prix de client VIP 38,00 $ CA Prix de d\u00e9tail 45,00 $ CA Pour en savoir plus sur le Shampooing volume boost\u00e9, veuillez contacter votre partenaire de march\u00e9 MONAT. ACHETER D\u00c8S MAINTENANT BIENFAITS Il\" \/>\n\t\t<script type=\"application\/ld+json\" class=\"aioseo-schema\">\n\t\t\t{\"@context\":\"https:\\\/\\\/schema.org\",\"@graph\":[{\"@type\":\"BreadcrumbList\",\"@id\":\"https:\\\/\\\/monatglobal.com\\\/ca\\\/shampooing-volume-booste\\\/?lang=fr#breadcrumblist\",\"itemListElement\":[{\"@type\":\"ListItem\",\"@id\":\"https:\\\/\\\/monatglobal.com\\\/ca#listItem\",\"position\":1,\"name\":\"Home\",\"item\":\"https:\\\/\\\/monatglobal.com\\\/ca\",\"nextItem\":{\"@type\":\"ListItem\",\"@id\":\"https:\\\/\\\/monatglobal.com\\\/ca\\\/shampooing-volume-booste\\\/?lang=fr#listItem\",\"name\":\"SHAMPOOING VOLUME BOOST\\u00c9\"}},{\"@type\":\"ListItem\",\"@id\":\"https:\\\/\\\/monatglobal.com\\\/ca\\\/shampooing-volume-booste\\\/?lang=fr#listItem\",\"position\":2,\"name\":\"SHAMPOOING VOLUME BOOST\\u00c9\",\"previousItem\":{\"@type\":\"ListItem\",\"@id\":\"https:\\\/\\\/monatglobal.com\\\/ca#listItem\",\"name\":\"Home\"}}]},{\"@type\":\"Organization\",\"@id\":\"https:\\\/\\\/monatglobal.com\\\/ca\\\/#organization\",\"name\":\"Monat Canada English\",\"description\":\"We Are Modern Nature\",\"url\":\"https:\\\/\\\/monatglobal.com\\\/ca\\\/\"},{\"@type\":\"WebPage\",\"@id\":\"https:\\\/\\\/monatglobal.com\\\/ca\\\/shampooing-volume-booste\\\/?lang=fr#webpage\",\"url\":\"https:\\\/\\\/monatglobal.com\\\/ca\\\/shampooing-volume-booste\\\/?lang=fr\",\"name\":\"SHAMPOOING VOLUME BOOST\\u00c9 - Monat Canada English\",\"description\":\"SHAMPOOINGVOLUMEBOOST\\u00c9 Avec REJUVENIQE\\u2122 Aide \\u00e0 am\\u00e9liorer la densit\\u00e9, la r\\u00e9sistance et la maniabilit\\u00e9 des cheveux. 237 mle \\\/ 8,0 oz liq. Prix de client VIP 38,00 $ CA Prix de d\\u00e9tail 45,00 $ CA Pour en savoir plus sur le Shampooing volume boost\\u00e9, veuillez contacter votre partenaire de march\\u00e9 MONAT. ACHETER D\\u00c8S MAINTENANT BIENFAITS Il\",\"inLanguage\":\"en-US\",\"isPartOf\":{\"@id\":\"https:\\\/\\\/monatglobal.com\\\/ca\\\/#website\"},\"breadcrumb\":{\"@id\":\"https:\\\/\\\/monatglobal.com\\\/ca\\\/shampooing-volume-booste\\\/?lang=fr#breadcrumblist\"},\"image\":{\"@type\":\"ImageObject\",\"url\":\"https:\\\/\\\/monatglobal.com\\\/ca\\\/wp-content\\\/uploads\\\/sites\\\/5\\\/2019\\\/07\\\/VOLUMIZING-REVIVE-SHAMPOO-500x438.png\",\"@id\":\"https:\\\/\\\/monatglobal.com\\\/ca\\\/shampooing-volume-booste\\\/?lang=fr\\\/#mainImage\",\"width\":438,\"height\":500},\"primaryImageOfPage\":{\"@id\":\"https:\\\/\\\/monatglobal.com\\\/ca\\\/shampooing-volume-booste\\\/?lang=fr#mainImage\"},\"datePublished\":\"2019-07-02T16:27:35-04:00\",\"dateModified\":\"2019-07-08T17:25:17-04:00\"},{\"@type\":\"WebSite\",\"@id\":\"https:\\\/\\\/monatglobal.com\\\/ca\\\/#website\",\"url\":\"https:\\\/\\\/monatglobal.com\\\/ca\\\/\",\"name\":\"Monat Canada English\",\"description\":\"We Are Modern Nature\",\"inLanguage\":\"en-US\",\"publisher\":{\"@id\":\"https:\\\/\\\/monatglobal.com\\\/ca\\\/#organization\"}}]}\n\t\t<\/script>\n\t\t<!-- All in One SEO Pro -->\r\n\t\t<title>SHAMPOOING VOLUME BOOST\u00c9 - Monat Canada English<\/title>\n\n","aioseo_head_json":{"title":"SHAMPOOING VOLUME BOOST\u00c9 - Monat Canada English","description":"SHAMPOOINGVOLUMEBOOST\u00c9 Avec REJUVENIQE\u2122 Aide \u00e0 am\u00e9liorer la densit\u00e9, la r\u00e9sistance et la maniabilit\u00e9 des cheveux. 237 mle \/ 8,0 oz liq. Prix de client VIP 38,00 $ CA Prix de d\u00e9tail 45,00 $ CA Pour en savoir plus sur le Shampooing volume boost\u00e9, veuillez contacter votre partenaire de march\u00e9 MONAT. ACHETER D\u00c8S MAINTENANT BIENFAITS Il","canonical_url":"https:\/\/monatglobal.com\/ca\/shampooing-volume-booste\/?lang=fr","robots":"max-image-preview:large","keywords":"","webmasterTools":{"miscellaneous":""},"schema":{"@context":"https:\/\/schema.org","@graph":[{"@type":"BreadcrumbList","@id":"https:\/\/monatglobal.com\/ca\/shampooing-volume-booste\/?lang=fr#breadcrumblist","itemListElement":[{"@type":"ListItem","@id":"https:\/\/monatglobal.com\/ca#listItem","position":1,"name":"Home","item":"https:\/\/monatglobal.com\/ca","nextItem":{"@type":"ListItem","@id":"https:\/\/monatglobal.com\/ca\/shampooing-volume-booste\/?lang=fr#listItem","name":"SHAMPOOING VOLUME BOOST\u00c9"}},{"@type":"ListItem","@id":"https:\/\/monatglobal.com\/ca\/shampooing-volume-booste\/?lang=fr#listItem","position":2,"name":"SHAMPOOING VOLUME BOOST\u00c9","previousItem":{"@type":"ListItem","@id":"https:\/\/monatglobal.com\/ca#listItem","name":"Home"}}]},{"@type":"Organization","@id":"https:\/\/monatglobal.com\/ca\/#organization","name":"Monat Canada English","description":"We Are Modern Nature","url":"https:\/\/monatglobal.com\/ca\/"},{"@type":"WebPage","@id":"https:\/\/monatglobal.com\/ca\/shampooing-volume-booste\/?lang=fr#webpage","url":"https:\/\/monatglobal.com\/ca\/shampooing-volume-booste\/?lang=fr","name":"SHAMPOOING VOLUME BOOST\u00c9 - Monat Canada English","description":"SHAMPOOINGVOLUMEBOOST\u00c9 Avec REJUVENIQE\u2122 Aide \u00e0 am\u00e9liorer la densit\u00e9, la r\u00e9sistance et la maniabilit\u00e9 des cheveux. 237 mle \/ 8,0 oz liq. Prix de client VIP 38,00 $ CA Prix de d\u00e9tail 45,00 $ CA Pour en savoir plus sur le Shampooing volume boost\u00e9, veuillez contacter votre partenaire de march\u00e9 MONAT. ACHETER D\u00c8S MAINTENANT BIENFAITS Il","inLanguage":"en-US","isPartOf":{"@id":"https:\/\/monatglobal.com\/ca\/#website"},"breadcrumb":{"@id":"https:\/\/monatglobal.com\/ca\/shampooing-volume-booste\/?lang=fr#breadcrumblist"},"image":{"@type":"ImageObject","url":"https:\/\/monatglobal.com\/ca\/wp-content\/uploads\/sites\/5\/2019\/07\/VOLUMIZING-REVIVE-SHAMPOO-500x438.png","@id":"https:\/\/monatglobal.com\/ca\/shampooing-volume-booste\/?lang=fr\/#mainImage","width":438,"height":500},"primaryImageOfPage":{"@id":"https:\/\/monatglobal.com\/ca\/shampooing-volume-booste\/?lang=fr#mainImage"},"datePublished":"2019-07-02T16:27:35-04:00","dateModified":"2019-07-08T17:25:17-04:00"},{"@type":"WebSite","@id":"https:\/\/monatglobal.com\/ca\/#website","url":"https:\/\/monatglobal.com\/ca\/","name":"Monat Canada English","description":"We Are Modern Nature","inLanguage":"en-US","publisher":{"@id":"https:\/\/monatglobal.com\/ca\/#organization"}}]},"og:locale":"en_US","og:site_name":"Monat Canada English - We Are Modern Nature","og:type":"article","og:title":"SHAMPOOING VOLUME BOOST\u00c9 - Monat Canada English","og:description":"SHAMPOOINGVOLUMEBOOST\u00c9 Avec REJUVENIQE\u2122 Aide \u00e0 am\u00e9liorer la densit\u00e9, la r\u00e9sistance et la maniabilit\u00e9 des cheveux. 237 mle \/ 8,0 oz liq. Prix de client VIP 38,00 $ CA Prix de d\u00e9tail 45,00 $ CA Pour en savoir plus sur le Shampooing volume boost\u00e9, veuillez contacter votre partenaire de march\u00e9 MONAT. ACHETER D\u00c8S MAINTENANT BIENFAITS Il","og:url":"https:\/\/monatglobal.com\/ca\/shampooing-volume-booste\/?lang=fr","article:published_time":"2019-07-02T16:27:35+00:00","article:modified_time":"2019-07-08T17:25:17+00:00","twitter:card":"summary_large_image","twitter:title":"SHAMPOOING VOLUME BOOST\u00c9 - Monat Canada English","twitter:description":"SHAMPOOINGVOLUMEBOOST\u00c9 Avec REJUVENIQE\u2122 Aide \u00e0 am\u00e9liorer la densit\u00e9, la r\u00e9sistance et la maniabilit\u00e9 des cheveux. 237 mle \/ 8,0 oz liq. Prix de client VIP 38,00 $ CA Prix de d\u00e9tail 45,00 $ CA Pour en savoir plus sur le Shampooing volume boost\u00e9, veuillez contacter votre partenaire de march\u00e9 MONAT. ACHETER D\u00c8S MAINTENANT BIENFAITS Il"},"aioseo_meta_data":{"post_id":"43644","title":null,"description":null,"keywords":null,"keyphrases":null,"primary_term":null,"canonical_url":null,"og_title":null,"og_description":null,"og_object_type":"default","og_image_type":"default","og_image_url":null,"og_image_width":null,"og_image_height":null,"og_image_custom_url":null,"og_image_custom_fields":null,"og_video":null,"og_custom_url":null,"og_article_section":null,"og_article_tags":null,"twitter_use_og":false,"twitter_card":"default","twitter_image_type":"default","twitter_image_url":null,"twitter_image_custom_url":null,"twitter_image_custom_fields":null,"twitter_title":null,"twitter_description":null,"schema":{"blockGraphs":[],"customGraphs":[],"default":{"data":{"Article":[],"Course":[],"Dataset":[],"FAQPage":[],"Movie":[],"Person":[],"Product":[],"ProductReview":[],"Car":[],"Recipe":[],"Service":[],"SoftwareApplication":[],"WebPage":[]},"graphName":"","isEnabled":true},"graphs":[]},"schema_type":"default","schema_type_options":null,"pillar_content":false,"robots_default":true,"robots_noindex":false,"robots_noarchive":false,"robots_nosnippet":false,"robots_nofollow":false,"robots_noimageindex":false,"robots_noodp":false,"robots_notranslate":false,"robots_max_snippet":null,"robots_max_videopreview":null,"robots_max_imagepreview":"large","priority":null,"frequency":null,"local_seo":null,"seo_analyzer_scan_date":"2026-02-10 04:06:31","limit_modified_date":false,"reviewed_by":null,"open_ai":null,"ai":null,"created":"2023-07-26 12:38:03","updated":"2026-02-10 04:06:31"},"aioseo_breadcrumb":"<div class=\"aioseo-breadcrumbs\"><span class=\"aioseo-breadcrumb\">\n\t<a href=\"https:\/\/monatglobal.com\/ca\" title=\"Home\">Home<\/a>\n<\/span><span class=\"aioseo-breadcrumb-separator\">&raquo;<\/span><span class=\"aioseo-breadcrumb\">\n\tSHAMPOOING VOLUME BOOST\u00c9\n<\/span><\/div>","aioseo_breadcrumb_json":[{"label":"Home","link":"https:\/\/monatglobal.com\/ca"},{"label":"SHAMPOOING VOLUME BOOST\u00c9","link":"https:\/\/monatglobal.com\/ca\/shampooing-volume-booste\/?lang=fr"}],"_links":{"self":[{"href":"https:\/\/monatglobal.com\/ca\/wp-json\/wp\/v2\/pages\/43644","targetHints":{"allow":["GET"]}}],"collection":[{"href":"https:\/\/monatglobal.com\/ca\/wp-json\/wp\/v2\/pages"}],"about":[{"href":"https:\/\/monatglobal.com\/ca\/wp-json\/wp\/v2\/types\/page"}],"author":[{"embeddable":true,"href":"https:\/\/monatglobal.com\/ca\/wp-json\/wp\/v2\/users\/33"}],"replies":[{"embeddable":true,"href":"https:\/\/monatglobal.com\/ca\/wp-json\/wp\/v2\/comments?post=43644"}],"version-history":[{"count":6,"href":"https:\/\/monatglobal.com\/ca\/wp-json\/wp\/v2\/pages\/43644\/revisions"}],"predecessor-version":[{"id":43694,"href":"https:\/\/monatglobal.com\/ca\/wp-json\/wp\/v2\/pages\/43644\/revisions\/43694"}],"wp:featuredmedia":[{"embeddable":true,"href":"https:\/\/monatglobal.com\/ca\/wp-json\/wp\/v2\/media\/43639"}],"wp:attachment":[{"href":"https:\/\/monatglobal.com\/ca\/wp-json\/wp\/v2\/media?parent=43644"}],"wp:term":[{"taxonomy":"category","embeddable":true,"href":"https:\/\/monatglobal.com\/ca\/wp-json\/wp\/v2\/categories?post=43644"},{"taxonomy":"post_tag","embeddable":true,"href":"https:\/\/monatglobal.com\/ca\/wp-json\/wp\/v2\/tags?post=43644"}],"curies":[{"name":"wp","href":"https:\/\/api.w.org\/{rel}","templated":true}]}}