{"id":40834,"date":"2019-01-11T22:49:20","date_gmt":"2019-01-11T22:49:20","guid":{"rendered":"https:\/\/monatglobal.com\/ca\/?page_id=40834"},"modified":"2026-01-02T11:18:17","modified_gmt":"2026-01-02T16:18:17","slug":"rejuveniqe-light","status":"publish","type":"page","link":"https:\/\/monatglobal.com\/ca\/rejuveniqe-light\/?lang=fr","title":{"rendered":"Rejuveniqe Light by MONAT\u2122"},"content":{"rendered":"\n<img loading=\"lazy\" decoding=\"async\" src=\"https:\/\/monatglobal.com\/ca\/wp-content\/uploads\/sites\/5\/2019\/02\/REJUVENIQUE-LIGHT-500x438.png\" alt=\"Rejuvenique Light by MONAT\" width=\"290\" height=\"400\">\n<h1><strong>REJUVENIQE light<\/strong><br>by MONAT\u2122<\/h1>\n<hr>\n\t<p><em>Une version all\u00e9g\u00e9e de notre formule exclusive, con\u00e7ue pour r\u00e9pondre aux besoins des cheveux d\u00e9licats, fragiles et fins et de la peau grasse ou mixte.<\/em><\/p>\n     30 ml \u212e \/ 1,0 oz liq.  \n   <strong>Prix de client VIP<\/strong><br>\n      116,00 $ CA<br>\n     <strong>Prix de d\u00e9tail<\/strong><br>\n   137,00 $ CA<br>\n   <strong>Prix de client VIP<\/strong><br>\n      128,00 $ CA<br>\n     <strong>Prix de d\u00e9tail<\/strong><br>\n   151,00 $ CA<br>\n   <strong>Prix de client VIP<\/strong><br>\n      110,00 $ CA<br>\n     <strong>Prix de d\u00e9tail<\/strong><br>\n   129,00 $ CA<br>\n\t<p>Pour en savoir plus sur REJUVENIQE\u2122 light by MONAT, veuillez contacter votre partenaire de march\u00e9 MONAT.<\/p>\n\t<a href=\"https:\/\/corp.mymonat.com\/shop\/products\/rejuveniqe-light\/?globallanguage=fr&amp;globalmarket=ca\" target=\"_blank\" role=\"button\" aria-label=\"Go to REJUVENIQE light\nby MONAT\u2122 shop\" rel=\"noopener\">MAGASINEZ<\/a>\n<h2>\n\t\tBIENFAITS\n\t<\/h2>\n\t<ul>\n<li>Facile et agr\u00e9able \u00e0 utiliser<\/li>\n<li>Donne un aspect sain, radieux et vitalis\u00e9 \u00e0 la peau et aux cheveux<\/li>\n<li>S\u00e9curitaire pour les cheveux color\u00e9s<\/li>\n<li>Convient aux cheveux fins et d\u00e9licats, et \u00e0 la peau grasse ou mixte<\/li>\n<li>Soumis \u00e0 des tests d&#8217;allergie, test\u00e9 par des dermatologues, hypoallerg\u00e9nique<\/li>\n<\/ul>\n<h2>\n\t\tNous savons que vous appr\u00e9ciez les bonnes choses de la vie!\n\t<\/h2>\n\t<p>REJUVENIQE light by MONAT\u2122 est notre formule exclusive contenant 13+ huiles v\u00e9g\u00e9tales et huiles essentielles cr\u00e9\u00e9e afin d&#8217;am\u00e9liorer l&#8217;apparence des cheveux et de la peau, sans les alourdir. Elle convient parfaitement aux cheveux fins et d\u00e9licats ou fragiles, et comme hydratant facial, elle convient \u00e0 merveille aux peaux mixtes ou grasses.<\/p>\n<h2>\n\t\tCARACT\u00c9RISTIQUES\n\t<\/h2>\n\t<ul>\n<li>Aide \u00e0 favoriser l&#8217;apparence saine de la peau et des cheveux<\/li>\n<li>Tr\u00e8s compatible avec la peau et les cheveux<\/li>\n<li>Produit multifonction; s&#8217;utilise sur le visage, les cheveux et le corps<\/li>\n<li>Facilement absorb\u00e9 pour une application facile<\/li>\n<li>Formule l\u00e9g\u00e8re, non collante et non grasse <\/li>\nFormule sans silicone\n<\/ul>\n<h2>\n\t\tCONSEILS D&#8217;UTILISATION\n\t<\/h2>\n<h2>\n\t\tCHEVEUX :\n\t<\/h2>\n\t\t\t\t<img loading=\"lazy\" decoding=\"async\" src=\"https:\/\/monatglobal.com\/wp-content\/uploads\/2016\/01\/showe.png\" alt=\"showe\" itemprop=\"image\" height=\"37\" width=\"48\" title=\"showe\" onerror=\"this.style.display='none'\">\n<h3>\n\t\tTraitement pr\u00e9-shampooing\n\t<\/h3>\n\t<p>Appliquer une quantit\u00e9 g\u00e9n\u00e9reuse le cuir chevelu et les cheveux humides ou secs. Attendre 15 minutes avant de rincer abondamment, utiliser un shampooing et un revitalisant. <\/p>\n\t\t\t\t<img loading=\"lazy\" decoding=\"async\" src=\"https:\/\/monatglobal.com\/wp-content\/uploads\/2016\/01\/hydrate.png\" alt=\"hydrate\" itemprop=\"image\" height=\"37\" width=\"48\" title=\"hydrate\" onerror=\"this.style.display='none'\">\n<h3>\n\t\tTraitement d&#8217;hydratation intense\n\t<\/h3>\n\t<p>Appliquer une quantit\u00e9 g\u00e9n\u00e9reuse sur les cheveux et le cuir chevelu humides. Placer une serviette chaude et humide autour de la t\u00eate et attendre 30 minutes. Rincer abondamment, utiliser un shampooing et un revitalisant.<\/p>\n\t\t\t\t<img loading=\"lazy\" decoding=\"async\" src=\"https:\/\/monatglobal.com\/wp-content\/uploads\/2016\/01\/anti_frizz.png\" alt=\"anti_frizz\" itemprop=\"image\" height=\"37\" width=\"48\" title=\"anti_frizz\" onerror=\"this.style.display='none'\">\n<h3>\n\t\tTraitement de finition sans rin\u00e7age\n\t<\/h3>\n\t<p>Une fois les cheveux secs, frotter une petite quantit\u00e9 entre vos mains et l&#8217;appliquer sur vos pointes. Parfait pour ma\u00eetriser les frisottis et les m\u00e8ches rebelles.<\/p>\n<h2>\n\t\tPEAU :\n\t<\/h2>\n\t\t\t\t<img loading=\"lazy\" decoding=\"async\" src=\"https:\/\/monatglobal.com\/wp-content\/uploads\/2016\/01\/facial.png\" alt=\"facial\" itemprop=\"image\" height=\"37\" width=\"48\" title=\"facial\" onerror=\"this.style.display='none'\">\n<h3>\n\t\tHydratant facial\n\t<\/h3>\n\t<p>Appliquer matin et soir sur le visage, le cou et le d\u00e9collet\u00e9 avant d&#8217;appliquer l&#8217;hydratant, en se concentrant sur les endroits probl\u00e9matiques comme les ridules et les rides pour une hydratation instantan\u00e9e, une protection, ainsi qu&#8217;une am\u00e9lioration de la texture et du ton. Comme traitement facial pour la peau grasse ou mixte, cette huile l\u00e9g\u00e8re aide \u00e0 r\u00e9\u00e9quilibrer l&#8217;hydratation \u00e0 la surface pour que la peau ait une apparence moins huileuse et brillante.<\/p>\n\t\t\t\t<img loading=\"lazy\" decoding=\"async\" src=\"https:\/\/monatglobal.com\/wp-content\/uploads\/2019\/01\/skin.png\" alt=\"skin\" itemprop=\"image\" height=\"37\" width=\"34\" title=\"skin\" onerror=\"this.style.display='none'\">\n<h3>\n\t\tHydratant pour le corps\n\t<\/h3>\n\t<p>Appliquer matin et soir sur coudes, genoux, endroits secs, squames et la peau sensible du dos des mains.<\/p>\n<h2>\n\t\tLISTE D&#8217;INGR\u00c9DIENTS\n\t<\/h2>\n\t<p>Propanediol Dicaprylate\/Caprate, Limnanthes Alba (Meadowfoam) Seed Oil, Crambe Abyssinica Seed Oil, Camellia Oleifera Seed Oil, Solanum Lycopersicum (Tomato) Seed Oil, Daucus Carota Sativa (Carrot) Seed Oil, Citrus Limon (Lemon) Peel Oil, Citrus Aurantifolia (Lime) Oil, Citrus Aurantium Bergamia (Bergamot) Fruit Oil, Adansonia Digitata Oil, Mauritia Flexuosa Fruit Oil, Cocos Nucifera (Coconut) Oil, Gardenia Taitensis Flower Extract, Moringa Oleifera Seed Oil, Caryocar Brasiliense Fruit Oil, Helianthus Annuus (Sunflower) Seed Oil, Citral, Limonene.<\/p>\n<h2>\n\t\tVOUS POURRIEZ AUSSI AIMER\n\t<\/h2>\n<h3>\n\t\t<a href=\"https:\/\/monatglobal.com\/ca\/products\/?lang=fr&#038;line=soins-capillaires\" title=\"TOUS LES SOINS CAPILLAIRES\" target=\"_self\" rel=\"noopener\">\n\t\tTOUS LES SOINS CAPILLAIRES\n\t\t<\/a>\n\t<\/h3>\n","protected":false},"excerpt":{"rendered":"<p>REJUVENIQE lightby MONAT\u2122 Une version all\u00e9g\u00e9e de notre formule exclusive, con\u00e7ue pour r\u00e9pondre aux besoins des cheveux d\u00e9licats, fragiles et fins et de la peau grasse ou mixte. 30 ml \u212e \/ 1,0 oz liq. Prix de client VIP 116,00 $ CA Prix de d\u00e9tail 137,00 $ CA Prix de client VIP 128,00 $ CA&hellip;<\/p>\n","protected":false},"author":20,"featured_media":41749,"parent":0,"menu_order":0,"comment_status":"closed","ping_status":"closed","template":"","meta":{"inline_featured_image":false,"om_disable_all_campaigns":false,"_monsterinsights_skip_tracking":false,"_monsterinsights_sitenote_active":false,"_monsterinsights_sitenote_note":"","_monsterinsights_sitenote_category":0,"footnotes":""},"categories":[3629],"tags":[],"class_list":["post-40834","page","type-page","status-publish","has-post-thumbnail","hentry","category-product-fra"],"aioseo_notices":[],"aioseo_head":"\n\t\t<!-- All in One SEO Pro 4.9.5.2 - aioseo.com -->\n\t<meta name=\"description\" content=\"REJUVENIQE lightby MONAT\u2122 Une version all\u00e9g\u00e9e de notre formule exclusive, con\u00e7ue pour r\u00e9pondre aux besoins des cheveux d\u00e9licats, fragiles et fins et de la peau grasse ou mixte. 30 ml \u212e \/ 1,0 oz liq. Prix de client VIP 116,00 $ CA Prix de d\u00e9tail 137,00 $ CA Prix de client VIP 128,00 $ CA\" \/>\n\t<meta name=\"robots\" content=\"max-image-preview:large\" \/>\n\t<link rel=\"canonical\" href=\"https:\/\/monatglobal.com\/ca\/rejuveniqe-light\/?lang=fr\" \/>\n\t<meta name=\"generator\" content=\"All in One SEO Pro (AIOSEO) 4.9.5.2\" \/>\n\t\t<meta property=\"og:locale\" content=\"en_US\" \/>\n\t\t<meta property=\"og:site_name\" content=\"Monat Canada English - We Are Modern Nature\" \/>\n\t\t<meta property=\"og:type\" content=\"article\" \/>\n\t\t<meta property=\"og:title\" content=\"Rejuveniqe Light by MONAT\u2122 - Monat Canada English\" \/>\n\t\t<meta property=\"og:description\" content=\"REJUVENIQE lightby MONAT\u2122 Une version all\u00e9g\u00e9e de notre formule exclusive, con\u00e7ue pour r\u00e9pondre aux besoins des cheveux d\u00e9licats, fragiles et fins et de la peau grasse ou mixte. 30 ml \u212e \/ 1,0 oz liq. Prix de client VIP 116,00 $ CA Prix de d\u00e9tail 137,00 $ CA Prix de client VIP 128,00 $ CA\" \/>\n\t\t<meta property=\"og:url\" content=\"https:\/\/monatglobal.com\/ca\/rejuveniqe-light\/?lang=fr\" \/>\n\t\t<meta property=\"article:published_time\" content=\"2019-01-11T22:49:20+00:00\" \/>\n\t\t<meta property=\"article:modified_time\" content=\"2026-01-02T16:18:17+00:00\" \/>\n\t\t<meta name=\"twitter:card\" content=\"summary_large_image\" \/>\n\t\t<meta name=\"twitter:title\" content=\"Rejuveniqe Light by MONAT\u2122 - Monat Canada English\" \/>\n\t\t<meta name=\"twitter:description\" content=\"REJUVENIQE lightby MONAT\u2122 Une version all\u00e9g\u00e9e de notre formule exclusive, con\u00e7ue pour r\u00e9pondre aux besoins des cheveux d\u00e9licats, fragiles et fins et de la peau grasse ou mixte. 30 ml \u212e \/ 1,0 oz liq. Prix de client VIP 116,00 $ CA Prix de d\u00e9tail 137,00 $ CA Prix de client VIP 128,00 $ CA\" \/>\n\t\t<script type=\"application\/ld+json\" class=\"aioseo-schema\">\n\t\t\t{\"@context\":\"https:\\\/\\\/schema.org\",\"@graph\":[{\"@type\":\"BreadcrumbList\",\"@id\":\"https:\\\/\\\/monatglobal.com\\\/ca\\\/rejuveniqe-light\\\/?lang=fr#breadcrumblist\",\"itemListElement\":[{\"@type\":\"ListItem\",\"@id\":\"https:\\\/\\\/monatglobal.com\\\/ca#listItem\",\"position\":1,\"name\":\"Home\",\"item\":\"https:\\\/\\\/monatglobal.com\\\/ca\",\"nextItem\":{\"@type\":\"ListItem\",\"@id\":\"https:\\\/\\\/monatglobal.com\\\/ca\\\/rejuveniqe-light\\\/?lang=fr#listItem\",\"name\":\"Rejuveniqe Light by MONAT\\u2122\"}},{\"@type\":\"ListItem\",\"@id\":\"https:\\\/\\\/monatglobal.com\\\/ca\\\/rejuveniqe-light\\\/?lang=fr#listItem\",\"position\":2,\"name\":\"Rejuveniqe Light by MONAT\\u2122\",\"previousItem\":{\"@type\":\"ListItem\",\"@id\":\"https:\\\/\\\/monatglobal.com\\\/ca#listItem\",\"name\":\"Home\"}}]},{\"@type\":\"Organization\",\"@id\":\"https:\\\/\\\/monatglobal.com\\\/ca\\\/#organization\",\"name\":\"Monat Canada English\",\"description\":\"We Are Modern Nature\",\"url\":\"https:\\\/\\\/monatglobal.com\\\/ca\\\/\"},{\"@type\":\"WebPage\",\"@id\":\"https:\\\/\\\/monatglobal.com\\\/ca\\\/rejuveniqe-light\\\/?lang=fr#webpage\",\"url\":\"https:\\\/\\\/monatglobal.com\\\/ca\\\/rejuveniqe-light\\\/?lang=fr\",\"name\":\"Rejuveniqe Light by MONAT\\u2122 - Monat Canada English\",\"description\":\"REJUVENIQE lightby MONAT\\u2122 Une version all\\u00e9g\\u00e9e de notre formule exclusive, con\\u00e7ue pour r\\u00e9pondre aux besoins des cheveux d\\u00e9licats, fragiles et fins et de la peau grasse ou mixte. 30 ml \\u212e \\\/ 1,0 oz liq. Prix de client VIP 116,00 $ CA Prix de d\\u00e9tail 137,00 $ CA Prix de client VIP 128,00 $ CA\",\"inLanguage\":\"en-US\",\"isPartOf\":{\"@id\":\"https:\\\/\\\/monatglobal.com\\\/ca\\\/#website\"},\"breadcrumb\":{\"@id\":\"https:\\\/\\\/monatglobal.com\\\/ca\\\/rejuveniqe-light\\\/?lang=fr#breadcrumblist\"},\"image\":{\"@type\":\"ImageObject\",\"url\":\"https:\\\/\\\/monatglobal.com\\\/ca\\\/wp-content\\\/uploads\\\/sites\\\/5\\\/2019\\\/02\\\/REJUVENIQUE-LIGHT-500x438.png\",\"@id\":\"https:\\\/\\\/monatglobal.com\\\/ca\\\/rejuveniqe-light\\\/?lang=fr\\\/#mainImage\",\"width\":438,\"height\":500},\"primaryImageOfPage\":{\"@id\":\"https:\\\/\\\/monatglobal.com\\\/ca\\\/rejuveniqe-light\\\/?lang=fr#mainImage\"},\"datePublished\":\"2019-01-11T22:49:20-05:00\",\"dateModified\":\"2026-01-02T11:18:17-05:00\"},{\"@type\":\"WebSite\",\"@id\":\"https:\\\/\\\/monatglobal.com\\\/ca\\\/#website\",\"url\":\"https:\\\/\\\/monatglobal.com\\\/ca\\\/\",\"name\":\"Monat Canada English\",\"description\":\"We Are Modern Nature\",\"inLanguage\":\"en-US\",\"publisher\":{\"@id\":\"https:\\\/\\\/monatglobal.com\\\/ca\\\/#organization\"}}]}\n\t\t<\/script>\n\t\t<!-- All in One SEO Pro -->\r\n\t\t<title>Rejuveniqe Light by MONAT\u2122 - Monat Canada English<\/title>\n\n","aioseo_head_json":{"title":"Rejuveniqe Light by MONAT\u2122 - Monat Canada English","description":"REJUVENIQE lightby MONAT\u2122 Une version all\u00e9g\u00e9e de notre formule exclusive, con\u00e7ue pour r\u00e9pondre aux besoins des cheveux d\u00e9licats, fragiles et fins et de la peau grasse ou mixte. 30 ml \u212e \/ 1,0 oz liq. Prix de client VIP 116,00 $ CA Prix de d\u00e9tail 137,00 $ CA Prix de client VIP 128,00 $ CA","canonical_url":"https:\/\/monatglobal.com\/ca\/rejuveniqe-light\/?lang=fr","robots":"max-image-preview:large","keywords":"","webmasterTools":{"miscellaneous":""},"schema":{"@context":"https:\/\/schema.org","@graph":[{"@type":"BreadcrumbList","@id":"https:\/\/monatglobal.com\/ca\/rejuveniqe-light\/?lang=fr#breadcrumblist","itemListElement":[{"@type":"ListItem","@id":"https:\/\/monatglobal.com\/ca#listItem","position":1,"name":"Home","item":"https:\/\/monatglobal.com\/ca","nextItem":{"@type":"ListItem","@id":"https:\/\/monatglobal.com\/ca\/rejuveniqe-light\/?lang=fr#listItem","name":"Rejuveniqe Light by MONAT\u2122"}},{"@type":"ListItem","@id":"https:\/\/monatglobal.com\/ca\/rejuveniqe-light\/?lang=fr#listItem","position":2,"name":"Rejuveniqe Light by MONAT\u2122","previousItem":{"@type":"ListItem","@id":"https:\/\/monatglobal.com\/ca#listItem","name":"Home"}}]},{"@type":"Organization","@id":"https:\/\/monatglobal.com\/ca\/#organization","name":"Monat Canada English","description":"We Are Modern Nature","url":"https:\/\/monatglobal.com\/ca\/"},{"@type":"WebPage","@id":"https:\/\/monatglobal.com\/ca\/rejuveniqe-light\/?lang=fr#webpage","url":"https:\/\/monatglobal.com\/ca\/rejuveniqe-light\/?lang=fr","name":"Rejuveniqe Light by MONAT\u2122 - Monat Canada English","description":"REJUVENIQE lightby MONAT\u2122 Une version all\u00e9g\u00e9e de notre formule exclusive, con\u00e7ue pour r\u00e9pondre aux besoins des cheveux d\u00e9licats, fragiles et fins et de la peau grasse ou mixte. 30 ml \u212e \/ 1,0 oz liq. Prix de client VIP 116,00 $ CA Prix de d\u00e9tail 137,00 $ CA Prix de client VIP 128,00 $ CA","inLanguage":"en-US","isPartOf":{"@id":"https:\/\/monatglobal.com\/ca\/#website"},"breadcrumb":{"@id":"https:\/\/monatglobal.com\/ca\/rejuveniqe-light\/?lang=fr#breadcrumblist"},"image":{"@type":"ImageObject","url":"https:\/\/monatglobal.com\/ca\/wp-content\/uploads\/sites\/5\/2019\/02\/REJUVENIQUE-LIGHT-500x438.png","@id":"https:\/\/monatglobal.com\/ca\/rejuveniqe-light\/?lang=fr\/#mainImage","width":438,"height":500},"primaryImageOfPage":{"@id":"https:\/\/monatglobal.com\/ca\/rejuveniqe-light\/?lang=fr#mainImage"},"datePublished":"2019-01-11T22:49:20-05:00","dateModified":"2026-01-02T11:18:17-05:00"},{"@type":"WebSite","@id":"https:\/\/monatglobal.com\/ca\/#website","url":"https:\/\/monatglobal.com\/ca\/","name":"Monat Canada English","description":"We Are Modern Nature","inLanguage":"en-US","publisher":{"@id":"https:\/\/monatglobal.com\/ca\/#organization"}}]},"og:locale":"en_US","og:site_name":"Monat Canada English - We Are Modern Nature","og:type":"article","og:title":"Rejuveniqe Light by MONAT\u2122 - Monat Canada English","og:description":"REJUVENIQE lightby MONAT\u2122 Une version all\u00e9g\u00e9e de notre formule exclusive, con\u00e7ue pour r\u00e9pondre aux besoins des cheveux d\u00e9licats, fragiles et fins et de la peau grasse ou mixte. 30 ml \u212e \/ 1,0 oz liq. Prix de client VIP 116,00 $ CA Prix de d\u00e9tail 137,00 $ CA Prix de client VIP 128,00 $ CA","og:url":"https:\/\/monatglobal.com\/ca\/rejuveniqe-light\/?lang=fr","article:published_time":"2019-01-11T22:49:20+00:00","article:modified_time":"2026-01-02T16:18:17+00:00","twitter:card":"summary_large_image","twitter:title":"Rejuveniqe Light by MONAT\u2122 - Monat Canada English","twitter:description":"REJUVENIQE lightby MONAT\u2122 Une version all\u00e9g\u00e9e de notre formule exclusive, con\u00e7ue pour r\u00e9pondre aux besoins des cheveux d\u00e9licats, fragiles et fins et de la peau grasse ou mixte. 30 ml \u212e \/ 1,0 oz liq. Prix de client VIP 116,00 $ CA Prix de d\u00e9tail 137,00 $ CA Prix de client VIP 128,00 $ CA"},"aioseo_meta_data":{"post_id":"40834","title":null,"description":null,"keywords":null,"keyphrases":{"focus":{"keyphrase":"","score":0,"analysis":{"keyphraseInTitle":{"score":0,"maxScore":9,"error":1}}},"additional":[]},"primary_term":null,"canonical_url":null,"og_title":null,"og_description":null,"og_object_type":"default","og_image_type":"default","og_image_url":null,"og_image_width":null,"og_image_height":null,"og_image_custom_url":null,"og_image_custom_fields":null,"og_video":"","og_custom_url":null,"og_article_section":null,"og_article_tags":null,"twitter_use_og":false,"twitter_card":"default","twitter_image_type":"default","twitter_image_url":null,"twitter_image_custom_url":null,"twitter_image_custom_fields":null,"twitter_title":null,"twitter_description":null,"schema":{"blockGraphs":[],"customGraphs":[],"default":{"data":{"Article":[],"Course":[],"Dataset":[],"FAQPage":[],"Movie":[],"Person":[],"Product":[],"ProductReview":[],"Car":[],"Recipe":[],"Service":[],"SoftwareApplication":[],"WebPage":[]},"graphName":"WebPage","isEnabled":true},"graphs":[]},"schema_type":"default","schema_type_options":null,"pillar_content":false,"robots_default":true,"robots_noindex":false,"robots_noarchive":false,"robots_nosnippet":false,"robots_nofollow":false,"robots_noimageindex":false,"robots_noodp":false,"robots_notranslate":false,"robots_max_snippet":"-1","robots_max_videopreview":"-1","robots_max_imagepreview":"large","priority":null,"frequency":"default","local_seo":null,"seo_analyzer_scan_date":"2026-02-10 03:54:28","limit_modified_date":false,"reviewed_by":null,"open_ai":"{\"title\":{\"suggestions\":[],\"usage\":0},\"description\":{\"suggestions\":[],\"usage\":0}}","ai":null,"created":"2023-07-26 12:33:54","updated":"2026-02-10 18:42:49"},"aioseo_breadcrumb":"<div class=\"aioseo-breadcrumbs\"><span class=\"aioseo-breadcrumb\">\n\t<a href=\"https:\/\/monatglobal.com\/ca\" title=\"Home\">Home<\/a>\n<\/span><span class=\"aioseo-breadcrumb-separator\">&raquo;<\/span><span class=\"aioseo-breadcrumb\">\n\tRejuveniqe Light by MONAT\u2122\n<\/span><\/div>","aioseo_breadcrumb_json":[{"label":"Home","link":"https:\/\/monatglobal.com\/ca"},{"label":"Rejuveniqe Light by MONAT\u2122","link":"https:\/\/monatglobal.com\/ca\/rejuveniqe-light\/?lang=fr"}],"_links":{"self":[{"href":"https:\/\/monatglobal.com\/ca\/wp-json\/wp\/v2\/pages\/40834","targetHints":{"allow":["GET"]}}],"collection":[{"href":"https:\/\/monatglobal.com\/ca\/wp-json\/wp\/v2\/pages"}],"about":[{"href":"https:\/\/monatglobal.com\/ca\/wp-json\/wp\/v2\/types\/page"}],"author":[{"embeddable":true,"href":"https:\/\/monatglobal.com\/ca\/wp-json\/wp\/v2\/users\/20"}],"replies":[{"embeddable":true,"href":"https:\/\/monatglobal.com\/ca\/wp-json\/wp\/v2\/comments?post=40834"}],"version-history":[{"count":38,"href":"https:\/\/monatglobal.com\/ca\/wp-json\/wp\/v2\/pages\/40834\/revisions"}],"predecessor-version":[{"id":109318,"href":"https:\/\/monatglobal.com\/ca\/wp-json\/wp\/v2\/pages\/40834\/revisions\/109318"}],"wp:featuredmedia":[{"embeddable":true,"href":"https:\/\/monatglobal.com\/ca\/wp-json\/wp\/v2\/media\/41749"}],"wp:attachment":[{"href":"https:\/\/monatglobal.com\/ca\/wp-json\/wp\/v2\/media?parent=40834"}],"wp:term":[{"taxonomy":"category","embeddable":true,"href":"https:\/\/monatglobal.com\/ca\/wp-json\/wp\/v2\/categories?post=40834"},{"taxonomy":"post_tag","embeddable":true,"href":"https:\/\/monatglobal.com\/ca\/wp-json\/wp\/v2\/tags?post=40834"}],"curies":[{"name":"wp","href":"https:\/\/api.w.org\/{rel}","templated":true}]}}