{"id":38915,"date":"2018-11-20T22:42:55","date_gmt":"2018-11-20T22:42:55","guid":{"rendered":"https:\/\/monatglobal.com\/ca\/?page_id=38915"},"modified":"2026-01-02T11:34:15","modified_gmt":"2026-01-02T16:34:15","slug":"thermal-protect-styling-shield","status":"publish","type":"page","link":"https:\/\/monatglobal.com\/ca\/thermal-protect-styling-shield\/?lang=fr","title":{"rendered":"Bouclier de protection thermique MONAT STUDIO ONE\u2122"},"content":{"rendered":"\n<img decoding=\"async\" src=\"https:\/\/monatglobal.com\/wp-content\/uploads\/2018\/11\/studio-one-bar-1.png\" alt=\"MONAT-COLOR-ENHANCER\" width=\"135\" height=\"\">\n\t<img loading=\"lazy\" decoding=\"async\" src=\"https:\/\/monatglobal.com\/ca\/wp-content\/uploads\/sites\/5\/2018\/12\/studio-one-thermal-protect-1.png\" alt=\"Bouclier de protection thermique MONAT Studio One\" width=\"350\" height=\"400\">\n<h1><strong>\nBOUCLIER DE <br>PROTECTION THERMIQUE\n<\/strong><br>MONAT STUDIO ONE\u2122<\/h1>\n<hr>\n\t<p><em>Un l\u00e9ger produit coiffant qui prot\u00e8ge les cheveux contre la chaleur extr\u00eame des outils coiffants, minimisant les dommages caus\u00e9s aux cheveux et offrant une tenue et un \u00e9clat de longue dur\u00e9e.<\/em><\/p>\n    134 ml \u212e 4,5 oz liq.\n   <strong>Prix de client VIP<\/strong><br>\n   44,00 $ CA<br>\n     <strong>Prix de d\u00e9tail <\/strong><br>\n     52,00 $ CA<br>\n   <strong>Prix de client VIP<\/strong><br>\n   47,00 $ CA<br>\n     <strong>Prix de d\u00e9tail <\/strong><br>\n     55,00 $ CA<br>\n<!--\n     <strong>Bient\u00f4t disponible!<\/strong><br \/>\n-->\n\t<p>Pour en savoir plus sur le Bouclier de protection thermique MONAT STUDIO ONE\u2122, veuillez contacter votre partenaire de march\u00e9 MONAT.<\/p>\n\t<a href=\"https:\/\/corp.mymonat.com\/shop\/products\/thermal-protect-styling-shield\/?globallanguage=fr&amp;globalmarket=ca\" target=\"_blank\" role=\"button\" aria-label=\"Go to BOUCLIER DE PROTECTION THERMIQUE MONAT STUDIO ONE\u2122 shop\" rel=\"noopener\">MAGASINEZ<\/a>\n<a>stocks \u00e9puis\u00e9<\/a>\n<h2>\n\t\tOFFREZ UNE PROTECTION THERMIQUE QUOTIDIENNE \u00c0 VOS CHEVEUX\n\t<\/h2>\n\t<p>Le Bouclier de protection thermique MONAT STUDIO ONE\u2122 offre une protection thermique exceptionnelle et ne contient pas de silicones. Enrichi de THERMA-GUARD 450\u2122, l&#8217;ingr\u00e9dient exclusif de MONAT, le Bouclier de protection thermique MONAT STUDIO ONE\u2122 absorbe et disperse la chaleur, ce qui aide \u00e0 pr\u00e9venir la perte d&#8217;humidit\u00e9 et les dommages capillaires caus\u00e9s par les outils chauffants haute temp\u00e9rature, tout en laissant les cheveux doux, soyeux et brillants.<\/p>\n<h2>\n\t\tCARACT\u00c9RISTIQUES\n\t<\/h2>\n\t<ul>\n<li>Contient THERMA-GUARD 450\u2122 pour renforcer et prot\u00e9ger l&#8217;ext\u00e9rieur de la fibre capillaire<\/li>\n<li>Prot\u00e8ge contre les temp\u00e9ratures \u00e9lev\u00e9es (450 \u00b0F\/ 232 \u00b0C) et les rayons UV pour pr\u00e9venir les dommages et la cassure<\/li>\n<li>Aide \u00e0 pr\u00e9venir la perte d&#8217;hydratation<\/li>\n<\/ul>\n\t<ul>\n<li>Alternative naturelle \u00e0 la silicone pour am\u00e9liorer la maniabilit\u00e9 et r\u00e9duire la friction pendant le coiffage<\/li>\n<li>Formule l\u00e9g\u00e8re, n&#8217;alourdit pas les cheveux<\/li>\n<li>Formule non graisseuse et non collante pour les mains et les outils coiffants<\/li>\n<\/ul>\n<h2>\n\t\tMODE D&#8217;EMPLOI\n\t<\/h2>\n\t<ul>\n<li>Appliquer sur cheveux s\u00e9ch\u00e9s \u00e0 l&#8217;aide d&#8217;une serviette, en \u00e9vitant le cuir chevelu<\/li>\n<li>Peigner pour distribuer le produit jusqu&#8217;aux pointes<\/li>\n<li>S\u00e9cher au s\u00e8che-cheveux et coiffer comme d&#8217;habitude<\/li>\n<\/ul>\n<h2>\n\t\tINGR\u00c9DIENTS CL\u00c9S\n\t<\/h2>\n\t<p><img loading=\"lazy\" decoding=\"async\" src=\"https:\/\/monatglobal.com\/wp-content\/uploads\/2018\/07\/REJUVENIQE-S.png\" alt=\"\" width=\"183\" height=\"174\"><\/p>\n\t<p><strong>THERMA-GUARD 450\u2122<\/strong><\/p>\n\t<p><strong>Alternative d&#8217;origine v\u00e9g\u00e9tale \u00e0 la silicone<\/strong><\/p>\n\t<p><strong>Panth\u00e9nol (provitamine B5) <\/strong><\/p>\n<h2>\n\t\tLISTE D&#8217;INGR\u00c9DIENTS\n\t<\/h2>\n\t<p>Aqua\/Water\/Eau, Heptyl Undecylenate, Caprylic\/Capric Triglyceride, Cetearyl Alcohol, Glyceryl Stearate SE, Cystoseira Compressa Extract, Salvia Hispanica Seed Extract, Linum Usitatissimum (Linseed) Seed Extract, Camellia Sinensis Leaf Extract, Tocopherol, Panthenol, Gluconolactone, Calcium Gluconate, Galactoarabinan, Trehalose, Xylitol, Glycerin, Cetyl Alcohol, Zea Mays (Corn) Starch, Cetearyl Glucoside, Citric Acid, Fragrance\/Parfum, Sodium Phosphate, Dehydroacetic Acid, Sodium Benzoate, Ethylhexylglycerin, Benzyl Alcohol, Limonene, Linalool.<\/p>\n<h2>\n\t\tVOUS POURRIEZ AUSSI AIMER\n\t<\/h2>\n<h3>\n\t\t<a href=\"https:\/\/monatglobal.com\/ca\/products\/?lang=fr&#038;line=soins-capillaires\" title=\"TOUS LES SOINS CAPILLAIRES\" target=\"_self\" rel=\"noopener\">\n\t\tTOUS LES SOINS CAPILLAIRES\n\t\t<\/a>\n\t<\/h3>\n","protected":false},"excerpt":{"rendered":"<p>BOUCLIER DE PROTECTION THERMIQUE MONAT STUDIO ONE\u2122 Un l\u00e9ger produit coiffant qui prot\u00e8ge les cheveux contre la chaleur extr\u00eame des outils coiffants, minimisant les dommages caus\u00e9s aux cheveux et offrant une tenue et un \u00e9clat de longue dur\u00e9e. 134 ml \u212e 4,5 oz liq. Prix de client VIP 44,00 $ CA Prix de d\u00e9tail 52,00&hellip;<\/p>\n","protected":false},"author":20,"featured_media":40167,"parent":0,"menu_order":0,"comment_status":"closed","ping_status":"closed","template":"","meta":{"inline_featured_image":false,"om_disable_all_campaigns":false,"_monsterinsights_skip_tracking":false,"_monsterinsights_sitenote_active":false,"_monsterinsights_sitenote_note":"","_monsterinsights_sitenote_category":0,"footnotes":""},"categories":[3629],"tags":[],"class_list":["post-38915","page","type-page","status-publish","has-post-thumbnail","hentry","category-product-fra"],"aioseo_notices":[],"aioseo_head":"\n\t\t<!-- All in One SEO Pro 4.9.6 - aioseo.com -->\n\t<meta name=\"description\" content=\"--&gt; Pour en savoir plus sur le Bouclier de protection thermique MONAT STUDIO ONE\u2122, veuillez contacter votre partenaire de march\u00e9 MONAT. MAGASINEZ stocks \u00e9puis\u00e9 OFFREZ UNE PROTECTION THERMIQUE QUOTIDIENNE \u00c0 VOS CHEVEUX Le Bouclier de protection thermique MONAT STUDIO ONE\u2122 offre une protection thermique exceptionnelle et ne contient pas de silicones. Enrichi de THERMA-GUARD 450\u2122,\" \/>\n\t<meta name=\"robots\" content=\"max-image-preview:large\" \/>\n\t<link rel=\"canonical\" href=\"https:\/\/monatglobal.com\/ca\/thermal-protect-styling-shield\/?lang=fr\" \/>\n\t<meta name=\"generator\" content=\"All in One SEO Pro (AIOSEO) 4.9.6\" \/>\n\t\t<meta property=\"og:locale\" content=\"en_US\" \/>\n\t\t<meta property=\"og:site_name\" content=\"Monat Canada English - We Are Modern Nature\" \/>\n\t\t<meta property=\"og:type\" content=\"article\" \/>\n\t\t<meta property=\"og:title\" content=\"Bouclier de protection thermique MONAT STUDIO ONE\u2122 - Monat Canada English\" \/>\n\t\t<meta property=\"og:description\" content=\"--&gt; Pour en savoir plus sur le Bouclier de protection thermique MONAT STUDIO ONE\u2122, veuillez contacter votre partenaire de march\u00e9 MONAT. MAGASINEZ stocks \u00e9puis\u00e9 OFFREZ UNE PROTECTION THERMIQUE QUOTIDIENNE \u00c0 VOS CHEVEUX Le Bouclier de protection thermique MONAT STUDIO ONE\u2122 offre une protection thermique exceptionnelle et ne contient pas de silicones. Enrichi de THERMA-GUARD 450\u2122,\" \/>\n\t\t<meta property=\"og:url\" content=\"https:\/\/monatglobal.com\/ca\/thermal-protect-styling-shield\/?lang=fr\" \/>\n\t\t<meta property=\"article:published_time\" content=\"2018-11-20T22:42:55+00:00\" \/>\n\t\t<meta property=\"article:modified_time\" content=\"2026-01-02T16:34:15+00:00\" \/>\n\t\t<meta name=\"twitter:card\" content=\"summary_large_image\" \/>\n\t\t<meta name=\"twitter:title\" content=\"Bouclier de protection thermique MONAT STUDIO ONE\u2122 - Monat Canada English\" \/>\n\t\t<meta name=\"twitter:description\" content=\"--&gt; Pour en savoir plus sur le Bouclier de protection thermique MONAT STUDIO ONE\u2122, veuillez contacter votre partenaire de march\u00e9 MONAT. MAGASINEZ stocks \u00e9puis\u00e9 OFFREZ UNE PROTECTION THERMIQUE QUOTIDIENNE \u00c0 VOS CHEVEUX Le Bouclier de protection thermique MONAT STUDIO ONE\u2122 offre une protection thermique exceptionnelle et ne contient pas de silicones. Enrichi de THERMA-GUARD 450\u2122,\" \/>\n\t\t<script type=\"application\/ld+json\" class=\"aioseo-schema\">\n\t\t\t{\"@context\":\"https:\\\/\\\/schema.org\",\"@graph\":[{\"@type\":\"BreadcrumbList\",\"@id\":\"https:\\\/\\\/monatglobal.com\\\/ca\\\/thermal-protect-styling-shield\\\/?lang=fr#breadcrumblist\",\"itemListElement\":[{\"@type\":\"ListItem\",\"@id\":\"https:\\\/\\\/monatglobal.com\\\/ca#listItem\",\"position\":1,\"name\":\"Home\",\"item\":\"https:\\\/\\\/monatglobal.com\\\/ca\",\"nextItem\":{\"@type\":\"ListItem\",\"@id\":\"https:\\\/\\\/monatglobal.com\\\/ca\\\/thermal-protect-styling-shield\\\/?lang=fr#listItem\",\"name\":\"Bouclier de protection thermique MONAT STUDIO ONE\\u2122\"}},{\"@type\":\"ListItem\",\"@id\":\"https:\\\/\\\/monatglobal.com\\\/ca\\\/thermal-protect-styling-shield\\\/?lang=fr#listItem\",\"position\":2,\"name\":\"Bouclier de protection thermique MONAT STUDIO ONE\\u2122\",\"previousItem\":{\"@type\":\"ListItem\",\"@id\":\"https:\\\/\\\/monatglobal.com\\\/ca#listItem\",\"name\":\"Home\"}}]},{\"@type\":\"Organization\",\"@id\":\"https:\\\/\\\/monatglobal.com\\\/ca\\\/#organization\",\"name\":\"Monat Canada English\",\"description\":\"We Are Modern Nature\",\"url\":\"https:\\\/\\\/monatglobal.com\\\/ca\\\/\"},{\"@type\":\"WebPage\",\"@id\":\"https:\\\/\\\/monatglobal.com\\\/ca\\\/thermal-protect-styling-shield\\\/?lang=fr#webpage\",\"url\":\"https:\\\/\\\/monatglobal.com\\\/ca\\\/thermal-protect-styling-shield\\\/?lang=fr\",\"name\":\"Bouclier de protection thermique MONAT STUDIO ONE\\u2122 - Monat Canada English\",\"description\":\"--> Pour en savoir plus sur le Bouclier de protection thermique MONAT STUDIO ONE\\u2122, veuillez contacter votre partenaire de march\\u00e9 MONAT. MAGASINEZ stocks \\u00e9puis\\u00e9 OFFREZ UNE PROTECTION THERMIQUE QUOTIDIENNE \\u00c0 VOS CHEVEUX Le Bouclier de protection thermique MONAT STUDIO ONE\\u2122 offre une protection thermique exceptionnelle et ne contient pas de silicones. Enrichi de THERMA-GUARD 450\\u2122,\",\"inLanguage\":\"en-US\",\"isPartOf\":{\"@id\":\"https:\\\/\\\/monatglobal.com\\\/ca\\\/#website\"},\"breadcrumb\":{\"@id\":\"https:\\\/\\\/monatglobal.com\\\/ca\\\/thermal-protect-styling-shield\\\/?lang=fr#breadcrumblist\"},\"image\":{\"@type\":\"ImageObject\",\"url\":\"https:\\\/\\\/monatglobal.com\\\/ca\\\/wp-content\\\/uploads\\\/sites\\\/5\\\/2018\\\/12\\\/studio-one-thermal-protect-1.png\",\"@id\":\"https:\\\/\\\/monatglobal.com\\\/ca\\\/thermal-protect-styling-shield\\\/?lang=fr\\\/#mainImage\",\"width\":438,\"height\":500},\"primaryImageOfPage\":{\"@id\":\"https:\\\/\\\/monatglobal.com\\\/ca\\\/thermal-protect-styling-shield\\\/?lang=fr#mainImage\"},\"datePublished\":\"2018-11-20T22:42:55-05:00\",\"dateModified\":\"2026-01-02T11:34:15-05:00\"},{\"@type\":\"WebSite\",\"@id\":\"https:\\\/\\\/monatglobal.com\\\/ca\\\/#website\",\"url\":\"https:\\\/\\\/monatglobal.com\\\/ca\\\/\",\"name\":\"Monat Canada English\",\"description\":\"We Are Modern Nature\",\"inLanguage\":\"en-US\",\"publisher\":{\"@id\":\"https:\\\/\\\/monatglobal.com\\\/ca\\\/#organization\"}}]}\n\t\t<\/script>\n\t\t<!-- All in One SEO Pro -->\r\n\t\t<title>Bouclier de protection thermique MONAT STUDIO ONE\u2122 - Monat Canada English<\/title>\n\n","aioseo_head_json":{"title":"Bouclier de protection thermique MONAT STUDIO ONE\u2122 - Monat Canada English","description":"--> Pour en savoir plus sur le Bouclier de protection thermique MONAT STUDIO ONE\u2122, veuillez contacter votre partenaire de march\u00e9 MONAT. MAGASINEZ stocks \u00e9puis\u00e9 OFFREZ UNE PROTECTION THERMIQUE QUOTIDIENNE \u00c0 VOS CHEVEUX Le Bouclier de protection thermique MONAT STUDIO ONE\u2122 offre une protection thermique exceptionnelle et ne contient pas de silicones. Enrichi de THERMA-GUARD 450\u2122,","canonical_url":"https:\/\/monatglobal.com\/ca\/thermal-protect-styling-shield\/?lang=fr","robots":"max-image-preview:large","keywords":"","webmasterTools":{"miscellaneous":""},"schema":{"@context":"https:\/\/schema.org","@graph":[{"@type":"BreadcrumbList","@id":"https:\/\/monatglobal.com\/ca\/thermal-protect-styling-shield\/?lang=fr#breadcrumblist","itemListElement":[{"@type":"ListItem","@id":"https:\/\/monatglobal.com\/ca#listItem","position":1,"name":"Home","item":"https:\/\/monatglobal.com\/ca","nextItem":{"@type":"ListItem","@id":"https:\/\/monatglobal.com\/ca\/thermal-protect-styling-shield\/?lang=fr#listItem","name":"Bouclier de protection thermique MONAT STUDIO ONE\u2122"}},{"@type":"ListItem","@id":"https:\/\/monatglobal.com\/ca\/thermal-protect-styling-shield\/?lang=fr#listItem","position":2,"name":"Bouclier de protection thermique MONAT STUDIO ONE\u2122","previousItem":{"@type":"ListItem","@id":"https:\/\/monatglobal.com\/ca#listItem","name":"Home"}}]},{"@type":"Organization","@id":"https:\/\/monatglobal.com\/ca\/#organization","name":"Monat Canada English","description":"We Are Modern Nature","url":"https:\/\/monatglobal.com\/ca\/"},{"@type":"WebPage","@id":"https:\/\/monatglobal.com\/ca\/thermal-protect-styling-shield\/?lang=fr#webpage","url":"https:\/\/monatglobal.com\/ca\/thermal-protect-styling-shield\/?lang=fr","name":"Bouclier de protection thermique MONAT STUDIO ONE\u2122 - Monat Canada English","description":"--> Pour en savoir plus sur le Bouclier de protection thermique MONAT STUDIO ONE\u2122, veuillez contacter votre partenaire de march\u00e9 MONAT. MAGASINEZ stocks \u00e9puis\u00e9 OFFREZ UNE PROTECTION THERMIQUE QUOTIDIENNE \u00c0 VOS CHEVEUX Le Bouclier de protection thermique MONAT STUDIO ONE\u2122 offre une protection thermique exceptionnelle et ne contient pas de silicones. Enrichi de THERMA-GUARD 450\u2122,","inLanguage":"en-US","isPartOf":{"@id":"https:\/\/monatglobal.com\/ca\/#website"},"breadcrumb":{"@id":"https:\/\/monatglobal.com\/ca\/thermal-protect-styling-shield\/?lang=fr#breadcrumblist"},"image":{"@type":"ImageObject","url":"https:\/\/monatglobal.com\/ca\/wp-content\/uploads\/sites\/5\/2018\/12\/studio-one-thermal-protect-1.png","@id":"https:\/\/monatglobal.com\/ca\/thermal-protect-styling-shield\/?lang=fr\/#mainImage","width":438,"height":500},"primaryImageOfPage":{"@id":"https:\/\/monatglobal.com\/ca\/thermal-protect-styling-shield\/?lang=fr#mainImage"},"datePublished":"2018-11-20T22:42:55-05:00","dateModified":"2026-01-02T11:34:15-05:00"},{"@type":"WebSite","@id":"https:\/\/monatglobal.com\/ca\/#website","url":"https:\/\/monatglobal.com\/ca\/","name":"Monat Canada English","description":"We Are Modern Nature","inLanguage":"en-US","publisher":{"@id":"https:\/\/monatglobal.com\/ca\/#organization"}}]},"og:locale":"en_US","og:site_name":"Monat Canada English - We Are Modern Nature","og:type":"article","og:title":"Bouclier de protection thermique MONAT STUDIO ONE\u2122 - Monat Canada English","og:description":"--&gt; Pour en savoir plus sur le Bouclier de protection thermique MONAT STUDIO ONE\u2122, veuillez contacter votre partenaire de march\u00e9 MONAT. MAGASINEZ stocks \u00e9puis\u00e9 OFFREZ UNE PROTECTION THERMIQUE QUOTIDIENNE \u00c0 VOS CHEVEUX Le Bouclier de protection thermique MONAT STUDIO ONE\u2122 offre une protection thermique exceptionnelle et ne contient pas de silicones. Enrichi de THERMA-GUARD 450\u2122,","og:url":"https:\/\/monatglobal.com\/ca\/thermal-protect-styling-shield\/?lang=fr","article:published_time":"2018-11-20T22:42:55+00:00","article:modified_time":"2026-01-02T16:34:15+00:00","twitter:card":"summary_large_image","twitter:title":"Bouclier de protection thermique MONAT STUDIO ONE\u2122 - Monat Canada English","twitter:description":"--&gt; Pour en savoir plus sur le Bouclier de protection thermique MONAT STUDIO ONE\u2122, veuillez contacter votre partenaire de march\u00e9 MONAT. MAGASINEZ stocks \u00e9puis\u00e9 OFFREZ UNE PROTECTION THERMIQUE QUOTIDIENNE \u00c0 VOS CHEVEUX Le Bouclier de protection thermique MONAT STUDIO ONE\u2122 offre une protection thermique exceptionnelle et ne contient pas de silicones. Enrichi de THERMA-GUARD 450\u2122,"},"aioseo_meta_data":{"post_id":"38915","title":null,"description":null,"keywords":null,"keyphrases":{"focus":{"keyphrase":"","score":0,"analysis":{"keyphraseInTitle":{"score":0,"maxScore":9,"error":1}}},"additional":[]},"primary_term":null,"canonical_url":null,"og_title":null,"og_description":null,"og_object_type":"default","og_image_type":"default","og_image_url":null,"og_image_width":null,"og_image_height":null,"og_image_custom_url":null,"og_image_custom_fields":null,"og_video":"","og_custom_url":null,"og_article_section":null,"og_article_tags":null,"twitter_use_og":false,"twitter_card":"default","twitter_image_type":"default","twitter_image_url":null,"twitter_image_custom_url":null,"twitter_image_custom_fields":null,"twitter_title":null,"twitter_description":null,"schema":{"blockGraphs":[],"customGraphs":[],"default":{"data":{"Article":[],"Course":[],"Dataset":[],"FAQPage":[],"Movie":[],"Person":[],"Product":[],"ProductReview":[],"Car":[],"Recipe":[],"Service":[],"SoftwareApplication":[],"WebPage":[]},"graphName":"WebPage","isEnabled":true},"graphs":[]},"schema_type":"default","schema_type_options":null,"pillar_content":false,"robots_default":true,"robots_noindex":false,"robots_noarchive":false,"robots_nosnippet":false,"robots_nofollow":false,"robots_noimageindex":false,"robots_noodp":false,"robots_notranslate":false,"robots_max_snippet":"-1","robots_max_videopreview":"-1","robots_max_imagepreview":"large","priority":null,"frequency":"default","local_seo":null,"seo_analyzer_scan_date":"2026-02-10 03:48:33","limit_modified_date":false,"reviewed_by":null,"open_ai":"{\"title\":{\"suggestions\":[],\"usage\":0},\"description\":{\"suggestions\":[],\"usage\":0}}","ai":null,"created":"2023-07-26 12:32:52","updated":"2026-02-10 18:42:12"},"aioseo_breadcrumb":"<div class=\"aioseo-breadcrumbs\"><span class=\"aioseo-breadcrumb\">\n\t<a href=\"https:\/\/monatglobal.com\/ca\" title=\"Home\">Home<\/a>\n<\/span><span class=\"aioseo-breadcrumb-separator\">&raquo;<\/span><span class=\"aioseo-breadcrumb\">\n\tBouclier de protection thermique MONAT STUDIO ONE\u2122\n<\/span><\/div>","aioseo_breadcrumb_json":[{"label":"Home","link":"https:\/\/monatglobal.com\/ca"},{"label":"Bouclier de protection thermique MONAT STUDIO ONE\u2122","link":"https:\/\/monatglobal.com\/ca\/thermal-protect-styling-shield\/?lang=fr"}],"_links":{"self":[{"href":"https:\/\/monatglobal.com\/ca\/wp-json\/wp\/v2\/pages\/38915","targetHints":{"allow":["GET"]}}],"collection":[{"href":"https:\/\/monatglobal.com\/ca\/wp-json\/wp\/v2\/pages"}],"about":[{"href":"https:\/\/monatglobal.com\/ca\/wp-json\/wp\/v2\/types\/page"}],"author":[{"embeddable":true,"href":"https:\/\/monatglobal.com\/ca\/wp-json\/wp\/v2\/users\/20"}],"replies":[{"embeddable":true,"href":"https:\/\/monatglobal.com\/ca\/wp-json\/wp\/v2\/comments?post=38915"}],"version-history":[{"count":37,"href":"https:\/\/monatglobal.com\/ca\/wp-json\/wp\/v2\/pages\/38915\/revisions"}],"predecessor-version":[{"id":109398,"href":"https:\/\/monatglobal.com\/ca\/wp-json\/wp\/v2\/pages\/38915\/revisions\/109398"}],"wp:featuredmedia":[{"embeddable":true,"href":"https:\/\/monatglobal.com\/ca\/wp-json\/wp\/v2\/media\/40167"}],"wp:attachment":[{"href":"https:\/\/monatglobal.com\/ca\/wp-json\/wp\/v2\/media?parent=38915"}],"wp:term":[{"taxonomy":"category","embeddable":true,"href":"https:\/\/monatglobal.com\/ca\/wp-json\/wp\/v2\/categories?post=38915"},{"taxonomy":"post_tag","embeddable":true,"href":"https:\/\/monatglobal.com\/ca\/wp-json\/wp\/v2\/tags?post=38915"}],"curies":[{"name":"wp","href":"https:\/\/api.w.org\/{rel}","templated":true}]}}