{"id":38905,"date":"2018-11-20T21:58:44","date_gmt":"2018-11-20T21:58:44","guid":{"rendered":"https:\/\/monatglobal.com\/ca\/?page_id=38905"},"modified":"2026-01-02T11:28:05","modified_gmt":"2026-01-02T16:28:05","slug":"frizz-fix-smoothing-hair-primer","status":"publish","type":"page","link":"https:\/\/monatglobal.com\/ca\/frizz-fix-smoothing-hair-primer\/?lang=fr","title":{"rendered":"Primer anti-frisottis lissant MONAT STUDIO ONE\u2122"},"content":{"rendered":"\n<img decoding=\"async\" src=\"https:\/\/monatglobal.com\/wp-content\/uploads\/2018\/11\/studio-one-bar-1.png\" alt=\"MONAT-COLOR-ENHANCER\" width=\"135\" height=\"\">\n\t<img loading=\"lazy\" decoding=\"async\" src=\"https:\/\/monatglobal.com\/ca\/wp-content\/uploads\/sites\/5\/2018\/12\/studio-one-frizz-fix-1.png\" alt=\"Primer Anti-Frisottis Lissant MONAT Studio One\" width=\"350\" height=\"400\">\n<h1><strong>\nBASE LISSANTE ANTI-FRISOTTIS<\/strong><br>MONAT STUDIO ONE\u2122\n<\/h1>\n<hr>\n\t<p><em>Un traitement pr\u00e9-coiffage sans rin\u00e7age qui aide \u00e0 ma\u00eetriser les frisottis, \u00e0 d\u00e9fendre contre l&#8217;humidit\u00e9 et \u00e0 ajouter d\u00e9finition, \u00e9clat et douceur de longue dur\u00e9e.<\/em><\/p>\n    127 ml \u212e 4,3 oz liq.\n   <strong>Prix de client VIP<\/strong><br>\n   44,00 $ CA<br>\n     <strong>Prix de d\u00e9tail <\/strong><br>\n     52,00 $ CA<br>\n   <strong>Prix de client VIP<\/strong><br>\n   46,00 $ CA<br>\n     <strong>Prix de d\u00e9tail <\/strong><br>\n     54,00 $ CA<br>\n<!--\n     <strong>Bient\u00f4t disponible!<\/strong><br \/>\n-->\n\t<p>Pour en savoir plus sur le BASE LISSANTE ANTI-FRISOTTIS MONAT STUDIO ONE\u2122, veuillez contacter votre partenaire de march\u00e9 MONAT.<\/p>\n\t<a href=\"https:\/\/corp.mymonat.com\/shop\/products\/frizz-fix-smoothing-primer-4-3-oz\/?globallanguage=fr&amp;globalmarket=ca\" target=\"_blank\" role=\"button\" aria-label=\"Go to BASE LISSANTE ANTI-FRISOTTIS MONAT STUDIO ONE\u2122 shop\" rel=\"noopener\">MAGASINEZ<\/a>\n<h2>\n\t\tLUTTEZ-VOUS CONTRE LES FRISOTTIS? <br>REMPORTEZ LA BATAILLE\n\t<\/h2>\n\t<p>Le Primer anti-frisottis lissant MONAT STUDIO ONE\u2122 cr\u00e9e un \u00e9cran r\u00e9sistant aux frisottis qui n&#8217;alourdit pas les cheveux et qui constitue une barri\u00e8re de longue dur\u00e9e contre l&#8217;humidit\u00e9. Utilis\u00e9 seul ou avant l&#8217;application des produits coiffants, il r\u00e9siste \u00e0 l&#8217;humidit\u00e9 jusqu&#8217;\u00e0 12 heures. Il comprend un complexe d&#8217;acides amin\u00e9s afin de nourrir et de lisser les cheveux. Des innovations en mati\u00e8re de technologie anti-frisottis et des fixateurs de pointe se combinent \u00e0 une alternative d&#8217;origine v\u00e9g\u00e9tale aux silicones pour r\u00e9sister \u00e0 l&#8217;humidit\u00e9 et lisser chaque m\u00e8che sans l&#8217;alourdir, pour un look liss\u00e9 sans frisottis qui durera tout au long de la journ\u00e9e.<\/p>\n<h2>\n\t\tCARACT\u00c9RISTIQUES\n\t<\/h2>\n\t<ul>\n<li>Formule l\u00e9g\u00e8re, non graisseuse<\/li>\n<li>R\u00e9siste \u00e0 l&#8217;humidit\u00e9 sans alourdir les cheveux<\/li>\n<li>Alternative d&#8217;origine v\u00e9g\u00e9tale \u00e0 la silicone pour lisser chaque m\u00e8che<\/li>\n<li>Technologie anti-frisottis ma\u00eetrisant les frisottis pendant 12 heures<\/li>\n<\/ul>\n\t<ul>\n<li>Fixateurs de qualit\u00e9 sup\u00e9rieure pour une tenue douce au toucher<\/li>\n<li>Am\u00e9liore la maniabilit\u00e9<\/li>\n<li>S&#8217;utilise avec tous les produits coiffants MONAT STUDIO ONE\u2122 <\/li>\n<li>Permet de coiffer les cheveux simplement et rapidement<\/li>\n<\/ul>\n<h2>\n\t\tMODE D&#8217;EMPLOI\n\t<\/h2>\n\t<ul>\n<li>Avant de coiffer les cheveux, travailler une petite quantit\u00e9 du produit dans les mains et appliquer sur cheveux humides. <\/li>\n<li>Coiffer comme d\u00e9sir\u00e9 \u00e0 l&#8217;aide de vos produits coiffants MONAT favoris.<\/li>\n<\/ul>\n<h2>\n\t\tINGR\u00c9DIENTS CL\u00c9S\n\t<\/h2>\n\t<p><img loading=\"lazy\" decoding=\"async\" src=\"https:\/\/monatglobal.com\/wp-content\/uploads\/2018\/07\/REJUVENIQE-S.png\" alt=\"\" width=\"183\" height=\"174\"><\/p>\n\t<p><strong>Fixate\u2122 Plus<\/strong><\/p>\n\t<p><strong>Complexe d&#8217;acides amin\u00e9s <\/strong><\/p>\n\t<p><strong>Alternative d&#8217;origine v\u00e9g\u00e9tale \u00e0 la silicone<\/strong><\/p>\n<h2>\n\t\tLISTE D&#8217;INGR\u00c9DIENTS\n\t<\/h2>\n\t<p>Aqua\/Water\/Eau, Polyquaternium-69, Diheptyl Succinate, Capryloyl Glycerin\/Sebacic Acid Copolymer, Coconut Alkanes, Polyacrylate-14, Serine, Threonine, Arginine HCl, Wheat Amino Acids, Soy Amino Acids, Tocopherol, Coco-Caprylate\/Caprate, Aminomethyl Propanol, Fragrance\/Parfum, Ethylhexylglycerin, Linalool, Limonene, Benzyl Alcohol.<\/p>\n<h2>\n\t\tVOUS POURRIEZ AUSSI AIMER\n\t<\/h2>\n<h3>\n\t\t<a href=\"https:\/\/monatglobal.com\/ca\/products\/?lang=fr&#038;line=soins-capillaires\" title=\"TOUS LES SOINS CAPILLAIRES\" target=\"_self\" rel=\"noopener\">\n\t\tTOUS LES SOINS CAPILLAIRES\n\t\t<\/a>\n\t<\/h3>\n","protected":false},"excerpt":{"rendered":"<p>BASE LISSANTE ANTI-FRISOTTISMONAT STUDIO ONE\u2122 Un traitement pr\u00e9-coiffage sans rin\u00e7age qui aide \u00e0 ma\u00eetriser les frisottis, \u00e0 d\u00e9fendre contre l&#8217;humidit\u00e9 et \u00e0 ajouter d\u00e9finition, \u00e9clat et douceur de longue dur\u00e9e. 127 ml \u212e 4,3 oz liq. Prix de client VIP 44,00 $ CA Prix de d\u00e9tail 52,00 $ CA Prix de client VIP 46,00 $&hellip;<\/p>\n","protected":false},"author":20,"featured_media":40168,"parent":0,"menu_order":0,"comment_status":"closed","ping_status":"closed","template":"","meta":{"inline_featured_image":false,"om_disable_all_campaigns":false,"_monsterinsights_skip_tracking":false,"_monsterinsights_sitenote_active":false,"_monsterinsights_sitenote_note":"","_monsterinsights_sitenote_category":0,"footnotes":""},"categories":[3629],"tags":[],"class_list":["post-38905","page","type-page","status-publish","has-post-thumbnail","hentry","category-product-fra"],"aioseo_notices":[],"aioseo_head":"\n\t\t<!-- All in One SEO Pro 4.9.6 - aioseo.com -->\n\t<meta name=\"description\" content=\"--&gt; Pour en savoir plus sur le BASE LISSANTE ANTI-FRISOTTIS MONAT STUDIO ONE\u2122, veuillez contacter votre partenaire de march\u00e9 MONAT. MAGASINEZ LUTTEZ-VOUS CONTRE LES FRISOTTIS? REMPORTEZ LA BATAILLE Le Primer anti-frisottis lissant MONAT STUDIO ONE\u2122 cr\u00e9e un \u00e9cran r\u00e9sistant aux frisottis qui n&#039;alourdit pas les cheveux et qui constitue une barri\u00e8re de longue dur\u00e9e contre\" \/>\n\t<meta name=\"robots\" content=\"max-image-preview:large\" \/>\n\t<link rel=\"canonical\" href=\"https:\/\/monatglobal.com\/ca\/frizz-fix-smoothing-hair-primer\/?lang=fr\" \/>\n\t<meta name=\"generator\" content=\"All in One SEO Pro (AIOSEO) 4.9.6\" \/>\n\t\t<meta property=\"og:locale\" content=\"en_US\" \/>\n\t\t<meta property=\"og:site_name\" content=\"Monat Canada English - We Are Modern Nature\" \/>\n\t\t<meta property=\"og:type\" content=\"article\" \/>\n\t\t<meta property=\"og:title\" content=\"Primer anti-frisottis lissant MONAT STUDIO ONE\u2122 - Monat Canada English\" \/>\n\t\t<meta property=\"og:description\" content=\"--&gt; Pour en savoir plus sur le BASE LISSANTE ANTI-FRISOTTIS MONAT STUDIO ONE\u2122, veuillez contacter votre partenaire de march\u00e9 MONAT. MAGASINEZ LUTTEZ-VOUS CONTRE LES FRISOTTIS? REMPORTEZ LA BATAILLE Le Primer anti-frisottis lissant MONAT STUDIO ONE\u2122 cr\u00e9e un \u00e9cran r\u00e9sistant aux frisottis qui n&#039;alourdit pas les cheveux et qui constitue une barri\u00e8re de longue dur\u00e9e contre\" \/>\n\t\t<meta property=\"og:url\" content=\"https:\/\/monatglobal.com\/ca\/frizz-fix-smoothing-hair-primer\/?lang=fr\" \/>\n\t\t<meta property=\"article:published_time\" content=\"2018-11-20T21:58:44+00:00\" \/>\n\t\t<meta property=\"article:modified_time\" content=\"2026-01-02T16:28:05+00:00\" \/>\n\t\t<meta name=\"twitter:card\" content=\"summary_large_image\" \/>\n\t\t<meta name=\"twitter:title\" content=\"Primer anti-frisottis lissant MONAT STUDIO ONE\u2122 - Monat Canada English\" \/>\n\t\t<meta name=\"twitter:description\" content=\"--&gt; Pour en savoir plus sur le BASE LISSANTE ANTI-FRISOTTIS MONAT STUDIO ONE\u2122, veuillez contacter votre partenaire de march\u00e9 MONAT. MAGASINEZ LUTTEZ-VOUS CONTRE LES FRISOTTIS? REMPORTEZ LA BATAILLE Le Primer anti-frisottis lissant MONAT STUDIO ONE\u2122 cr\u00e9e un \u00e9cran r\u00e9sistant aux frisottis qui n&#039;alourdit pas les cheveux et qui constitue une barri\u00e8re de longue dur\u00e9e contre\" \/>\n\t\t<script type=\"application\/ld+json\" class=\"aioseo-schema\">\n\t\t\t{\"@context\":\"https:\\\/\\\/schema.org\",\"@graph\":[{\"@type\":\"BreadcrumbList\",\"@id\":\"https:\\\/\\\/monatglobal.com\\\/ca\\\/frizz-fix-smoothing-hair-primer\\\/?lang=fr#breadcrumblist\",\"itemListElement\":[{\"@type\":\"ListItem\",\"@id\":\"https:\\\/\\\/monatglobal.com\\\/ca#listItem\",\"position\":1,\"name\":\"Home\",\"item\":\"https:\\\/\\\/monatglobal.com\\\/ca\",\"nextItem\":{\"@type\":\"ListItem\",\"@id\":\"https:\\\/\\\/monatglobal.com\\\/ca\\\/frizz-fix-smoothing-hair-primer\\\/?lang=fr#listItem\",\"name\":\"Primer anti-frisottis lissant MONAT STUDIO ONE\\u2122\"}},{\"@type\":\"ListItem\",\"@id\":\"https:\\\/\\\/monatglobal.com\\\/ca\\\/frizz-fix-smoothing-hair-primer\\\/?lang=fr#listItem\",\"position\":2,\"name\":\"Primer anti-frisottis lissant MONAT STUDIO ONE\\u2122\",\"previousItem\":{\"@type\":\"ListItem\",\"@id\":\"https:\\\/\\\/monatglobal.com\\\/ca#listItem\",\"name\":\"Home\"}}]},{\"@type\":\"Organization\",\"@id\":\"https:\\\/\\\/monatglobal.com\\\/ca\\\/#organization\",\"name\":\"Monat Canada English\",\"description\":\"We Are Modern Nature\",\"url\":\"https:\\\/\\\/monatglobal.com\\\/ca\\\/\"},{\"@type\":\"WebPage\",\"@id\":\"https:\\\/\\\/monatglobal.com\\\/ca\\\/frizz-fix-smoothing-hair-primer\\\/?lang=fr#webpage\",\"url\":\"https:\\\/\\\/monatglobal.com\\\/ca\\\/frizz-fix-smoothing-hair-primer\\\/?lang=fr\",\"name\":\"Primer anti-frisottis lissant MONAT STUDIO ONE\\u2122 - Monat Canada English\",\"description\":\"--> Pour en savoir plus sur le BASE LISSANTE ANTI-FRISOTTIS MONAT STUDIO ONE\\u2122, veuillez contacter votre partenaire de march\\u00e9 MONAT. MAGASINEZ LUTTEZ-VOUS CONTRE LES FRISOTTIS? REMPORTEZ LA BATAILLE Le Primer anti-frisottis lissant MONAT STUDIO ONE\\u2122 cr\\u00e9e un \\u00e9cran r\\u00e9sistant aux frisottis qui n'alourdit pas les cheveux et qui constitue une barri\\u00e8re de longue dur\\u00e9e contre\",\"inLanguage\":\"en-US\",\"isPartOf\":{\"@id\":\"https:\\\/\\\/monatglobal.com\\\/ca\\\/#website\"},\"breadcrumb\":{\"@id\":\"https:\\\/\\\/monatglobal.com\\\/ca\\\/frizz-fix-smoothing-hair-primer\\\/?lang=fr#breadcrumblist\"},\"image\":{\"@type\":\"ImageObject\",\"url\":\"https:\\\/\\\/monatglobal.com\\\/ca\\\/wp-content\\\/uploads\\\/sites\\\/5\\\/2018\\\/12\\\/studio-one-frizz-fix-1.png\",\"@id\":\"https:\\\/\\\/monatglobal.com\\\/ca\\\/frizz-fix-smoothing-hair-primer\\\/?lang=fr\\\/#mainImage\",\"width\":438,\"height\":500},\"primaryImageOfPage\":{\"@id\":\"https:\\\/\\\/monatglobal.com\\\/ca\\\/frizz-fix-smoothing-hair-primer\\\/?lang=fr#mainImage\"},\"datePublished\":\"2018-11-20T21:58:44-05:00\",\"dateModified\":\"2026-01-02T11:28:05-05:00\"},{\"@type\":\"WebSite\",\"@id\":\"https:\\\/\\\/monatglobal.com\\\/ca\\\/#website\",\"url\":\"https:\\\/\\\/monatglobal.com\\\/ca\\\/\",\"name\":\"Monat Canada English\",\"description\":\"We Are Modern Nature\",\"inLanguage\":\"en-US\",\"publisher\":{\"@id\":\"https:\\\/\\\/monatglobal.com\\\/ca\\\/#organization\"}}]}\n\t\t<\/script>\n\t\t<!-- All in One SEO Pro -->\r\n\t\t<title>Primer anti-frisottis lissant MONAT STUDIO ONE\u2122 - Monat Canada English<\/title>\n\n","aioseo_head_json":{"title":"Primer anti-frisottis lissant MONAT STUDIO ONE\u2122 - Monat Canada English","description":"--> Pour en savoir plus sur le BASE LISSANTE ANTI-FRISOTTIS MONAT STUDIO ONE\u2122, veuillez contacter votre partenaire de march\u00e9 MONAT. MAGASINEZ LUTTEZ-VOUS CONTRE LES FRISOTTIS? REMPORTEZ LA BATAILLE Le Primer anti-frisottis lissant MONAT STUDIO ONE\u2122 cr\u00e9e un \u00e9cran r\u00e9sistant aux frisottis qui n'alourdit pas les cheveux et qui constitue une barri\u00e8re de longue dur\u00e9e contre","canonical_url":"https:\/\/monatglobal.com\/ca\/frizz-fix-smoothing-hair-primer\/?lang=fr","robots":"max-image-preview:large","keywords":"","webmasterTools":{"miscellaneous":""},"schema":{"@context":"https:\/\/schema.org","@graph":[{"@type":"BreadcrumbList","@id":"https:\/\/monatglobal.com\/ca\/frizz-fix-smoothing-hair-primer\/?lang=fr#breadcrumblist","itemListElement":[{"@type":"ListItem","@id":"https:\/\/monatglobal.com\/ca#listItem","position":1,"name":"Home","item":"https:\/\/monatglobal.com\/ca","nextItem":{"@type":"ListItem","@id":"https:\/\/monatglobal.com\/ca\/frizz-fix-smoothing-hair-primer\/?lang=fr#listItem","name":"Primer anti-frisottis lissant MONAT STUDIO ONE\u2122"}},{"@type":"ListItem","@id":"https:\/\/monatglobal.com\/ca\/frizz-fix-smoothing-hair-primer\/?lang=fr#listItem","position":2,"name":"Primer anti-frisottis lissant MONAT STUDIO ONE\u2122","previousItem":{"@type":"ListItem","@id":"https:\/\/monatglobal.com\/ca#listItem","name":"Home"}}]},{"@type":"Organization","@id":"https:\/\/monatglobal.com\/ca\/#organization","name":"Monat Canada English","description":"We Are Modern Nature","url":"https:\/\/monatglobal.com\/ca\/"},{"@type":"WebPage","@id":"https:\/\/monatglobal.com\/ca\/frizz-fix-smoothing-hair-primer\/?lang=fr#webpage","url":"https:\/\/monatglobal.com\/ca\/frizz-fix-smoothing-hair-primer\/?lang=fr","name":"Primer anti-frisottis lissant MONAT STUDIO ONE\u2122 - Monat Canada English","description":"--> Pour en savoir plus sur le BASE LISSANTE ANTI-FRISOTTIS MONAT STUDIO ONE\u2122, veuillez contacter votre partenaire de march\u00e9 MONAT. MAGASINEZ LUTTEZ-VOUS CONTRE LES FRISOTTIS? REMPORTEZ LA BATAILLE Le Primer anti-frisottis lissant MONAT STUDIO ONE\u2122 cr\u00e9e un \u00e9cran r\u00e9sistant aux frisottis qui n'alourdit pas les cheveux et qui constitue une barri\u00e8re de longue dur\u00e9e contre","inLanguage":"en-US","isPartOf":{"@id":"https:\/\/monatglobal.com\/ca\/#website"},"breadcrumb":{"@id":"https:\/\/monatglobal.com\/ca\/frizz-fix-smoothing-hair-primer\/?lang=fr#breadcrumblist"},"image":{"@type":"ImageObject","url":"https:\/\/monatglobal.com\/ca\/wp-content\/uploads\/sites\/5\/2018\/12\/studio-one-frizz-fix-1.png","@id":"https:\/\/monatglobal.com\/ca\/frizz-fix-smoothing-hair-primer\/?lang=fr\/#mainImage","width":438,"height":500},"primaryImageOfPage":{"@id":"https:\/\/monatglobal.com\/ca\/frizz-fix-smoothing-hair-primer\/?lang=fr#mainImage"},"datePublished":"2018-11-20T21:58:44-05:00","dateModified":"2026-01-02T11:28:05-05:00"},{"@type":"WebSite","@id":"https:\/\/monatglobal.com\/ca\/#website","url":"https:\/\/monatglobal.com\/ca\/","name":"Monat Canada English","description":"We Are Modern Nature","inLanguage":"en-US","publisher":{"@id":"https:\/\/monatglobal.com\/ca\/#organization"}}]},"og:locale":"en_US","og:site_name":"Monat Canada English - We Are Modern Nature","og:type":"article","og:title":"Primer anti-frisottis lissant MONAT STUDIO ONE\u2122 - Monat Canada English","og:description":"--&gt; Pour en savoir plus sur le BASE LISSANTE ANTI-FRISOTTIS MONAT STUDIO ONE\u2122, veuillez contacter votre partenaire de march\u00e9 MONAT. MAGASINEZ LUTTEZ-VOUS CONTRE LES FRISOTTIS? REMPORTEZ LA BATAILLE Le Primer anti-frisottis lissant MONAT STUDIO ONE\u2122 cr\u00e9e un \u00e9cran r\u00e9sistant aux frisottis qui n'alourdit pas les cheveux et qui constitue une barri\u00e8re de longue dur\u00e9e contre","og:url":"https:\/\/monatglobal.com\/ca\/frizz-fix-smoothing-hair-primer\/?lang=fr","article:published_time":"2018-11-20T21:58:44+00:00","article:modified_time":"2026-01-02T16:28:05+00:00","twitter:card":"summary_large_image","twitter:title":"Primer anti-frisottis lissant MONAT STUDIO ONE\u2122 - Monat Canada English","twitter:description":"--&gt; Pour en savoir plus sur le BASE LISSANTE ANTI-FRISOTTIS MONAT STUDIO ONE\u2122, veuillez contacter votre partenaire de march\u00e9 MONAT. MAGASINEZ LUTTEZ-VOUS CONTRE LES FRISOTTIS? REMPORTEZ LA BATAILLE Le Primer anti-frisottis lissant MONAT STUDIO ONE\u2122 cr\u00e9e un \u00e9cran r\u00e9sistant aux frisottis qui n'alourdit pas les cheveux et qui constitue une barri\u00e8re de longue dur\u00e9e contre"},"aioseo_meta_data":{"post_id":"38905","title":null,"description":null,"keywords":null,"keyphrases":{"focus":{"keyphrase":"","score":0,"analysis":{"keyphraseInTitle":{"score":0,"maxScore":9,"error":1}}},"additional":[]},"primary_term":null,"canonical_url":null,"og_title":null,"og_description":null,"og_object_type":"default","og_image_type":"default","og_image_url":null,"og_image_width":null,"og_image_height":null,"og_image_custom_url":null,"og_image_custom_fields":null,"og_video":"","og_custom_url":null,"og_article_section":null,"og_article_tags":null,"twitter_use_og":false,"twitter_card":"default","twitter_image_type":"default","twitter_image_url":null,"twitter_image_custom_url":null,"twitter_image_custom_fields":null,"twitter_title":null,"twitter_description":null,"schema":{"blockGraphs":[],"customGraphs":[],"default":{"data":{"Article":[],"Course":[],"Dataset":[],"FAQPage":[],"Movie":[],"Person":[],"Product":[],"ProductReview":[],"Car":[],"Recipe":[],"Service":[],"SoftwareApplication":[],"WebPage":[]},"graphName":"WebPage","isEnabled":true},"graphs":[]},"schema_type":"default","schema_type_options":null,"pillar_content":false,"robots_default":true,"robots_noindex":false,"robots_noarchive":false,"robots_nosnippet":false,"robots_nofollow":false,"robots_noimageindex":false,"robots_noodp":false,"robots_notranslate":false,"robots_max_snippet":"-1","robots_max_videopreview":"-1","robots_max_imagepreview":"large","priority":null,"frequency":"default","local_seo":null,"seo_analyzer_scan_date":"2026-02-10 03:48:30","limit_modified_date":false,"reviewed_by":null,"open_ai":"{\"title\":{\"suggestions\":[],\"usage\":0},\"description\":{\"suggestions\":[],\"usage\":0}}","ai":null,"created":"2023-07-26 12:31:58","updated":"2026-02-10 18:42:06"},"aioseo_breadcrumb":"<div class=\"aioseo-breadcrumbs\"><span class=\"aioseo-breadcrumb\">\n\t<a href=\"https:\/\/monatglobal.com\/ca\" title=\"Home\">Home<\/a>\n<\/span><span class=\"aioseo-breadcrumb-separator\">&raquo;<\/span><span class=\"aioseo-breadcrumb\">\n\tPrimer anti-frisottis lissant MONAT STUDIO ONE\u2122\n<\/span><\/div>","aioseo_breadcrumb_json":[{"label":"Home","link":"https:\/\/monatglobal.com\/ca"},{"label":"Primer anti-frisottis lissant MONAT STUDIO ONE\u2122","link":"https:\/\/monatglobal.com\/ca\/frizz-fix-smoothing-hair-primer\/?lang=fr"}],"_links":{"self":[{"href":"https:\/\/monatglobal.com\/ca\/wp-json\/wp\/v2\/pages\/38905","targetHints":{"allow":["GET"]}}],"collection":[{"href":"https:\/\/monatglobal.com\/ca\/wp-json\/wp\/v2\/pages"}],"about":[{"href":"https:\/\/monatglobal.com\/ca\/wp-json\/wp\/v2\/types\/page"}],"author":[{"embeddable":true,"href":"https:\/\/monatglobal.com\/ca\/wp-json\/wp\/v2\/users\/20"}],"replies":[{"embeddable":true,"href":"https:\/\/monatglobal.com\/ca\/wp-json\/wp\/v2\/comments?post=38905"}],"version-history":[{"count":38,"href":"https:\/\/monatglobal.com\/ca\/wp-json\/wp\/v2\/pages\/38905\/revisions"}],"predecessor-version":[{"id":109376,"href":"https:\/\/monatglobal.com\/ca\/wp-json\/wp\/v2\/pages\/38905\/revisions\/109376"}],"wp:featuredmedia":[{"embeddable":true,"href":"https:\/\/monatglobal.com\/ca\/wp-json\/wp\/v2\/media\/40168"}],"wp:attachment":[{"href":"https:\/\/monatglobal.com\/ca\/wp-json\/wp\/v2\/media?parent=38905"}],"wp:term":[{"taxonomy":"category","embeddable":true,"href":"https:\/\/monatglobal.com\/ca\/wp-json\/wp\/v2\/categories?post=38905"},{"taxonomy":"post_tag","embeddable":true,"href":"https:\/\/monatglobal.com\/ca\/wp-json\/wp\/v2\/tags?post=38905"}],"curies":[{"name":"wp","href":"https:\/\/api.w.org\/{rel}","templated":true}]}}