{"id":36390,"date":"2018-10-09T18:14:38","date_gmt":"2018-10-09T18:14:38","guid":{"rendered":"https:\/\/monatglobal.com\/ca\/?page_id=36390"},"modified":"2021-03-09T17:07:53","modified_gmt":"2021-03-09T17:07:53","slug":"gamme-de-soins-capillaires-restructurants","status":"publish","type":"page","link":"https:\/\/monatglobal.com\/ca\/gamme-de-soins-capillaires-restructurants\/?lang=fr","title":{"rendered":"Gamme de soins capillaires restructurants"},"content":{"rendered":"\n\t<img loading=\"lazy\" decoding=\"async\" src=\"https:\/\/monatglobal.com\/ca\/wp-content\/uploads\/sites\/5\/2021\/03\/restructuring-collection.png\" alt=\"Gamme de soins capillaires restructurants\" width=\"370\" height=\"400\" \/>\n<h1><strong>Gamme de soins <BR>capillaires<\/strong><br> restructurants<\/h1>\n<em>Avec REJUVENIQE S\u2122<\/em>\n<hr>\n\t<em>Une approche sur 360 degr\u00e9s pour reconstruire, renforcer et r\u00e9tablir la surface des cheveux.<br \/>\n<\/em>\n   <strong>Prix de client VIP<\/strong><br>\n   206,00 $ CA<br>\n     <strong>Prix de d\u00e9tail<\/strong><br>\n     242,00 $ CA<br>\n\t<p>Pour en savoir plus sur la gamme de soins capillaires restructurants, veuillez contacter votre partenaire de march\u00e9 MONAT.<\/p>\n\t<a target=\"_blank\" href=\"https:\/\/corp.mymonat.com\/shop\/products\/restructuring-hair-care-collection?taxon_id=96\">ACHETER D\u00c8S MAINTENANT<\/a>\n<h2>\n\t\tBIENFAITS\n\t<\/h2>\n\t<p><strong>Soin premier restructurant<\/strong>&#8211; Un l\u00e9ger revitalisant pr\u00e9-shampooing efficace qui prot\u00e8ge les cheveux contre la friction et de nouveaux dommages pendant le lavage, laissant les cheveux lustr\u00e9s et sains.<\/p>\n<p><strong>Shampooing restructurant<\/strong>&#8211; Doux et cr\u00e9meux, ce nettoyant correcteur sans sulfates reconstruit, hydrate et renforce les cheveux.<\/p>\n<p><strong>Masque restructurant pour cheveux<\/strong>&#8211; R\u00e9pare les pointes cass\u00e9es, renforce et adoucit les cheveux, transformant l\u2019apparence des cheveux ab\u00eem\u00e9s, fragiles et surtrait\u00e9s en quelques minutes.<\/p>\n<p><strong>S\u00e9rum restructurant en profondeur<\/strong>&#8211; Une combinaison de deux s\u00e9rums s\u00e9par\u00e9s qui reconstruit les cheveux \u00e0 partir de la base, restaurant la sant\u00e9 et l\u2019\u00e9tat pr\u00e9-dommage des cheveux apr\u00e8s un seul traitement.<\/p>\n<h2>\n\t\tRenversez les signes de dommage\n\t<\/h2>\n\t<p>La gamme de soins capillaires restructurants est con\u00e7ue pour prendre une approche sur 360 degr\u00e9s afin de transformer l\u2019apparence des cheveux ab\u00eem\u00e9s en corrigeant la fibre capillaire depuis l\u2019int\u00e9rieur. Les produits de la gamme de soins capillaires restructurants travaillent ensemble pour former un programme avanc\u00e9 et haute performance qui reconstruit les cheveux depuis l\u2019int\u00e9rieur tout en renfor\u00e7ant et en prot\u00e9geant la surface des cheveux pour des cheveux plus doux, plus lisses, plus brillants et plus sains.<\/p>\n<h2>\n\t\tLISTE DE PRODUITS\n\t<\/h2>\n\t<a href=\"https:\/\/monatglobal.com\/ca\/soin-premier-restructurant\/?lang=fr\">VOIR LES D\u00c9TAILS<\/a><a href=\"https:\/\/monatglobal.com\/ca\/soin-premier-restructurant\/?lang=fr\"><img loading=\"lazy\" decoding=\"async\" src=\"https:\/\/monatglobal.com\/ca\/wp-content\/uploads\/sites\/5\/2019\/01\/RESTRUCTURING-PRE-WASH-COND-500x438.png\" alt=\"Soins Premier Restructurant\" width=\"250\" height=\"316\" \/><\/a>\n\t<p>Soin premier <br>restructurant<\/p>\n\t<a target=\"_blank\" href=\"https:\/\/mymonat.com\/shop\/products\/restructuring-pre-wash-conditioner?globallanguage=fr&#038;globalmarket=ca\">MAGASINEZ<\/a>\n\t<a href=\"https:\/\/monatglobal.com\/ca\/shampooing-restructurant\/?lang=fr\">VOIR LES D\u00c9TAILS<\/a><a href=\"https:\/\/monatglobal.com\/ca\/shampooing-restructurant\/?lang=fr\"><img loading=\"lazy\" decoding=\"async\" src=\"https:\/\/monatglobal.com\/ca\/wp-content\/uploads\/sites\/5\/2019\/01\/RESTRUCTURING-SHAMPOO-500x438.png\" alt=\"Shampooing restructurant\" width=\"250\" height=\"316\" \/><\/a>\n\tShampooing <br>restructurant\n\t<a target=\"_blank\" href=\"https:\/\/mymonat.com\/shop\/products\/restructuring-shampoo?globallanguage=fr&#038;globalmarket=ca\">MAGASINEZ<\/a>\n\t<a href=\"https:\/\/monatglobal.com\/ca\/masque-restructurant-pour-cheveux\/?lang=fr\">VOIR LES D\u00c9TAILS<\/a><a href=\"https:\/\/monatglobal.com\/ca\/masque-restructurant-pour-cheveux\/?lang=fr\"><img loading=\"lazy\" decoding=\"async\" src=\"https:\/\/monatglobal.com\/ca\/wp-content\/uploads\/sites\/5\/2019\/01\/HAIR-TRANSFORMATION-MASQUE-500x438.png\" alt=\"Masque restructurant pour cheveux\" width=\"250\" height=\"316\" \/><\/a>\n\tMasque restructurant <br>pour cheveux\n\t<a target=\"_blank\" href=\"https:\/\/mymonat.com\/shop\/products\/hair-transformation-masque?globallanguage=fr&#038;globalmarket=ca\">MAGASINEZ<\/a>\n<h2>\n\t\tLISTE DE PRODUITS\n\t<\/h2>\n\t<a href=\"https:\/\/monatglobal.com\/ca\/soin-premier-restructurant\/?lang=fr\">VOIR LES D\u00c9TAILS<\/a><a href=\"https:\/\/monatglobal.com\/ca\/soin-premier-restructurant\/?lang=fr\"><img loading=\"lazy\" decoding=\"async\" src=\"https:\/\/monatglobal.com\/ca\/wp-content\/uploads\/sites\/5\/2019\/01\/RESTRUCTURING-PRE-WASH-COND-500x438.png\" alt=\"Soins Premier Restructurant\" width=\"250\" height=\"316\" \/><\/a>\n\t<p>Soin premier <br>restructurant<\/p>\n\t<a target=\"_blank\" href=\"https:\/\/mymonat.com\/shop\/products\/restructuring-pre-wash-conditioner?globallanguage=fr&#038;globalmarket=ca\">MAGASINEZ<\/a>\n\t<a href=\"https:\/\/monatglobal.com\/ca\/shampooing-restructurant\/?lang=fr\">VOIR LES D\u00c9TAILS<\/a><a href=\"https:\/\/monatglobal.com\/ca\/shampooing-restructurant\/?lang=fr\"><img loading=\"lazy\" decoding=\"async\" src=\"https:\/\/monatglobal.com\/ca\/wp-content\/uploads\/sites\/5\/2019\/01\/RESTRUCTURING-SHAMPOO-500x438.png\" alt=\"Shampooing restructurant\" width=\"250\" height=\"316\" \/><\/a>\n\tShampooing <br>restructurant\n\t<a target=\"_blank\" href=\"https:\/\/mymonat.com\/shop\/products\/restructuring-shampoo?globallanguage=fr&#038;globalmarket=ca\">MAGASINEZ<\/a>\n\t<a href=\"https:\/\/monatglobal.com\/ca\/masque-restructurant-pour-cheveux\/?lang=fr\">VOIR LES D\u00c9TAILS<\/a><a href=\"https:\/\/monatglobal.com\/ca\/masque-restructurant-pour-cheveux\/?lang=fr\"><img loading=\"lazy\" decoding=\"async\" src=\"https:\/\/monatglobal.com\/ca\/wp-content\/uploads\/sites\/5\/2019\/01\/HAIR-TRANSFORMATION-MASQUE-500x438.png\" alt=\"Masque restructurant pour cheveux\" width=\"250\" height=\"316\" \/><\/a>\n\tMasque restructurant <br>pour cheveux\n\t<a target=\"_blank\" href=\"https:\/\/mymonat.com\/shop\/products\/hair-transformation-masque?globallanguage=fr&#038;globalmarket=ca\">MAGASINEZ<\/a>\n\t<a href=\"https:\/\/monatglobal.com\/ca\/serum-restructurant-en-profondeur\/?lang=fr\">VOIR LES D\u00c9TAILS<\/a><a href=\"https:\/\/monatglobal.com\/ca\/serum-restructurant-en-profondeur\/?lang=fr\"><img loading=\"lazy\" decoding=\"async\" src=\"https:\/\/monatglobal.com\/ca\/wp-content\/uploads\/sites\/5\/2019\/01\/INNER-FORCE-RES-SERUM-500x438.png\" alt=\"S\u00e9rum restructurant en profondeur\" width=\"250\" height=\"316\" \/><\/a>\n\tS\u00e9rum restructurant <br>en profondeur\n\t<a target=\"_blank\" href=\"https:\/\/mymonat.com\/shop\/products\/inner-force-restructuring-serum?globallanguage=fr&#038;globalmarket=ca\">MAGASINEZ<\/a>\n<h2>\n\t\tNOUS DISONS <br\/>\u00ab NON \u00bb AUX INGR\u00c9DIENTS TOXIQUES.\n\t<\/h2>\n\t<ul>\n<li>\tParab\u00e8nes<\/li>\n<li>\tSilicones cycliques<\/li>\n<li>\tPhthalates<\/li>\n<li>\tSLS\/SLES<\/li>\n<li>\tMicrobilles de plastique<\/li>\n<li>\tColorants nocifs<\/li>\n<li>\tParfums nocifs<\/li>\n<li>\tTests sur les animaux <\/li>\n<\/ul>\n\t\t\t\t<img loading=\"lazy\" decoding=\"async\" src=\"https:\/\/monatglobal.com\/ca\/wp-content\/uploads\/sites\/5\/2020\/06\/our-no-icons.png\" alt=\"our no icons\" itemprop=\"image\" height=\"76\" width=\"348\" title=\"our no icons\"  \/>\n<h2>\n\t\tINGR\u00c9DIENTS CL\u00c9S\n\t<\/h2>\n\t<p><img loading=\"lazy\" decoding=\"async\" src=\"https:\/\/monatglobal.com\/wp-content\/uploads\/2018\/07\/REJUVENIQE-S.png\" alt=\"\" width=\"183\" height=\"174\" \/><\/p>\n\t<p><strong>FIBER RESCUE\u2122<\/strong><\/p>\n\t<p><strong>REJUVENIQE S\u2122<\/strong><\/p>\n\t<p><strong>PROCATALINE\u2122<\/strong><\/p>\n\t<p><strong>CRODASORB\u2122<\/strong><\/p>\n\t<p><strong>C\u00c9RAMIDES<\/strong><\/p>\n\t<p><strong>FISION KERAVEG 18<\/strong><\/p>\n\t<p><strong>BIORESTAURATEUR<\/strong><\/p>\n\t<p><strong>PANTH\u00c9NOL (provitamine B5)<\/strong><\/p>\n\t<p><strong>COMPLEXE D&#8217;ACIDES AMIN\u00c9S<\/strong><\/p>\n\t<p><strong>EXTRAIT DE TIGE DE BAMBOU<\/strong><\/p>\n\t<p><strong>COMPLEXE DE C\u00c9RAMIDES<\/strong><\/p>\n\t<p><strong>SENSOVEIL SIL<\/strong><\/p>\n\t<p><strong>BEURRE DE GRAINES DE MURUMURU<\/strong><\/p>\n\t<p><strong>LISTE D&#8217;INGR\u00c9DIENTS: <\/strong> Voir la liste d&#8217;ingr\u00e9dients sur chaque produit.<\/p>\n<h2>\n\t\tD\u2019AUTRES SYST\u00c8MES\n\t<\/h2>\n<h2>\n\t\t<a href=\"https:\/\/monatglobal.com\/ca\/tous-les-produits\/?lang=fr\" title=\"TOUS LES PRODUITS\" target=\"_self\">\n\t\tTOUS LES PRODUITS\n\t\t<\/a>\n\t<\/h2>\n","protected":false},"excerpt":{"rendered":"<p>Gamme de soins capillaires restructurants Avec REJUVENIQE S\u2122 Une approche sur 360 degr\u00e9s pour reconstruire, renforcer et r\u00e9tablir la surface des cheveux. Prix de client VIP 206,00 $ CA Prix de d\u00e9tail 242,00 $ CA Pour en savoir plus sur la gamme de soins capillaires restructurants, veuillez contacter votre partenaire de march\u00e9 MONAT. ACHETER D\u00c8S&hellip;<\/p>\n","protected":false},"author":1,"featured_media":40616,"parent":0,"menu_order":0,"comment_status":"closed","ping_status":"closed","template":"template-full-custom.php","meta":{"inline_featured_image":false,"om_disable_all_campaigns":false,"_monsterinsights_skip_tracking":false,"_monsterinsights_sitenote_active":false,"_monsterinsights_sitenote_note":"","_monsterinsights_sitenote_category":0,"footnotes":""},"categories":[],"tags":[],"class_list":["post-36390","page","type-page","status-publish","has-post-thumbnail","hentry"],"aioseo_notices":[],"aioseo_head":"\n\t\t<!-- All in One SEO Pro 4.9.6 - aioseo.com -->\n\t<meta name=\"description\" content=\"Gamme de soins capillaires restructurants Avec REJUVENIQE S\u2122 Une approche sur 360 degr\u00e9s pour reconstruire, renforcer et r\u00e9tablir la surface des cheveux. Prix de client VIP 206,00 $ CA Prix de d\u00e9tail 242,00 $ CA Pour en savoir plus sur la gamme de soins capillaires restructurants, veuillez contacter votre partenaire de march\u00e9 MONAT. ACHETER D\u00c8S\" \/>\n\t<meta name=\"robots\" content=\"max-image-preview:large\" \/>\n\t<link rel=\"canonical\" href=\"https:\/\/monatglobal.com\/ca\/gamme-de-soins-capillaires-restructurants\/?lang=fr\" \/>\n\t<meta name=\"generator\" content=\"All in One SEO Pro (AIOSEO) 4.9.6\" \/>\n\t\t<meta property=\"og:locale\" content=\"en_US\" \/>\n\t\t<meta property=\"og:site_name\" content=\"Monat Canada English - We Are Modern Nature\" \/>\n\t\t<meta property=\"og:type\" content=\"article\" \/>\n\t\t<meta property=\"og:title\" content=\"Gamme de soins capillaires restructurants - Monat Canada English\" \/>\n\t\t<meta property=\"og:description\" content=\"Gamme de soins capillaires restructurants Avec REJUVENIQE S\u2122 Une approche sur 360 degr\u00e9s pour reconstruire, renforcer et r\u00e9tablir la surface des cheveux. Prix de client VIP 206,00 $ CA Prix de d\u00e9tail 242,00 $ CA Pour en savoir plus sur la gamme de soins capillaires restructurants, veuillez contacter votre partenaire de march\u00e9 MONAT. ACHETER D\u00c8S\" \/>\n\t\t<meta property=\"og:url\" content=\"https:\/\/monatglobal.com\/ca\/gamme-de-soins-capillaires-restructurants\/?lang=fr\" \/>\n\t\t<meta property=\"article:published_time\" content=\"2018-10-09T18:14:38+00:00\" \/>\n\t\t<meta property=\"article:modified_time\" content=\"2021-03-09T17:07:53+00:00\" \/>\n\t\t<meta name=\"twitter:card\" content=\"summary_large_image\" \/>\n\t\t<meta name=\"twitter:title\" content=\"Gamme de soins capillaires restructurants - Monat Canada English\" \/>\n\t\t<meta name=\"twitter:description\" content=\"Gamme de soins capillaires restructurants Avec REJUVENIQE S\u2122 Une approche sur 360 degr\u00e9s pour reconstruire, renforcer et r\u00e9tablir la surface des cheveux. Prix de client VIP 206,00 $ CA Prix de d\u00e9tail 242,00 $ CA Pour en savoir plus sur la gamme de soins capillaires restructurants, veuillez contacter votre partenaire de march\u00e9 MONAT. ACHETER D\u00c8S\" \/>\n\t\t<script type=\"application\/ld+json\" class=\"aioseo-schema\">\n\t\t\t{\"@context\":\"https:\\\/\\\/schema.org\",\"@graph\":[{\"@type\":\"BreadcrumbList\",\"@id\":\"https:\\\/\\\/monatglobal.com\\\/ca\\\/gamme-de-soins-capillaires-restructurants\\\/?lang=fr#breadcrumblist\",\"itemListElement\":[{\"@type\":\"ListItem\",\"@id\":\"https:\\\/\\\/monatglobal.com\\\/ca#listItem\",\"position\":1,\"name\":\"Home\",\"item\":\"https:\\\/\\\/monatglobal.com\\\/ca\",\"nextItem\":{\"@type\":\"ListItem\",\"@id\":\"https:\\\/\\\/monatglobal.com\\\/ca\\\/gamme-de-soins-capillaires-restructurants\\\/?lang=fr#listItem\",\"name\":\"Gamme de soins capillaires restructurants\"}},{\"@type\":\"ListItem\",\"@id\":\"https:\\\/\\\/monatglobal.com\\\/ca\\\/gamme-de-soins-capillaires-restructurants\\\/?lang=fr#listItem\",\"position\":2,\"name\":\"Gamme de soins capillaires restructurants\",\"previousItem\":{\"@type\":\"ListItem\",\"@id\":\"https:\\\/\\\/monatglobal.com\\\/ca#listItem\",\"name\":\"Home\"}}]},{\"@type\":\"Organization\",\"@id\":\"https:\\\/\\\/monatglobal.com\\\/ca\\\/#organization\",\"name\":\"Monat Canada English\",\"description\":\"We Are Modern Nature\",\"url\":\"https:\\\/\\\/monatglobal.com\\\/ca\\\/\"},{\"@type\":\"WebPage\",\"@id\":\"https:\\\/\\\/monatglobal.com\\\/ca\\\/gamme-de-soins-capillaires-restructurants\\\/?lang=fr#webpage\",\"url\":\"https:\\\/\\\/monatglobal.com\\\/ca\\\/gamme-de-soins-capillaires-restructurants\\\/?lang=fr\",\"name\":\"Gamme de soins capillaires restructurants - Monat Canada English\",\"description\":\"Gamme de soins capillaires restructurants Avec REJUVENIQE S\\u2122 Une approche sur 360 degr\\u00e9s pour reconstruire, renforcer et r\\u00e9tablir la surface des cheveux. Prix de client VIP 206,00 $ CA Prix de d\\u00e9tail 242,00 $ CA Pour en savoir plus sur la gamme de soins capillaires restructurants, veuillez contacter votre partenaire de march\\u00e9 MONAT. ACHETER D\\u00c8S\",\"inLanguage\":\"en-US\",\"isPartOf\":{\"@id\":\"https:\\\/\\\/monatglobal.com\\\/ca\\\/#website\"},\"breadcrumb\":{\"@id\":\"https:\\\/\\\/monatglobal.com\\\/ca\\\/gamme-de-soins-capillaires-restructurants\\\/?lang=fr#breadcrumblist\"},\"image\":{\"@type\":\"ImageObject\",\"url\":\"https:\\\/\\\/monatglobal.com\\\/ca\\\/wp-content\\\/uploads\\\/sites\\\/5\\\/2019\\\/01\\\/Restructuring-Hair-Care-Collection-500x438.png\",\"@id\":\"https:\\\/\\\/monatglobal.com\\\/ca\\\/gamme-de-soins-capillaires-restructurants\\\/?lang=fr\\\/#mainImage\",\"width\":438,\"height\":500},\"primaryImageOfPage\":{\"@id\":\"https:\\\/\\\/monatglobal.com\\\/ca\\\/gamme-de-soins-capillaires-restructurants\\\/?lang=fr#mainImage\"},\"datePublished\":\"2018-10-09T18:14:38-04:00\",\"dateModified\":\"2021-03-09T17:07:53-05:00\"},{\"@type\":\"WebSite\",\"@id\":\"https:\\\/\\\/monatglobal.com\\\/ca\\\/#website\",\"url\":\"https:\\\/\\\/monatglobal.com\\\/ca\\\/\",\"name\":\"Monat Canada English\",\"description\":\"We Are Modern Nature\",\"inLanguage\":\"en-US\",\"publisher\":{\"@id\":\"https:\\\/\\\/monatglobal.com\\\/ca\\\/#organization\"}}]}\n\t\t<\/script>\n\t\t<!-- All in One SEO Pro -->\r\n\t\t<title>Gamme de soins capillaires restructurants - Monat Canada English<\/title>\n\n","aioseo_head_json":{"title":"Gamme de soins capillaires restructurants - Monat Canada English","description":"Gamme de soins capillaires restructurants Avec REJUVENIQE S\u2122 Une approche sur 360 degr\u00e9s pour reconstruire, renforcer et r\u00e9tablir la surface des cheveux. Prix de client VIP 206,00 $ CA Prix de d\u00e9tail 242,00 $ CA Pour en savoir plus sur la gamme de soins capillaires restructurants, veuillez contacter votre partenaire de march\u00e9 MONAT. ACHETER D\u00c8S","canonical_url":"https:\/\/monatglobal.com\/ca\/gamme-de-soins-capillaires-restructurants\/?lang=fr","robots":"max-image-preview:large","keywords":"","webmasterTools":{"miscellaneous":""},"schema":{"@context":"https:\/\/schema.org","@graph":[{"@type":"BreadcrumbList","@id":"https:\/\/monatglobal.com\/ca\/gamme-de-soins-capillaires-restructurants\/?lang=fr#breadcrumblist","itemListElement":[{"@type":"ListItem","@id":"https:\/\/monatglobal.com\/ca#listItem","position":1,"name":"Home","item":"https:\/\/monatglobal.com\/ca","nextItem":{"@type":"ListItem","@id":"https:\/\/monatglobal.com\/ca\/gamme-de-soins-capillaires-restructurants\/?lang=fr#listItem","name":"Gamme de soins capillaires restructurants"}},{"@type":"ListItem","@id":"https:\/\/monatglobal.com\/ca\/gamme-de-soins-capillaires-restructurants\/?lang=fr#listItem","position":2,"name":"Gamme de soins capillaires restructurants","previousItem":{"@type":"ListItem","@id":"https:\/\/monatglobal.com\/ca#listItem","name":"Home"}}]},{"@type":"Organization","@id":"https:\/\/monatglobal.com\/ca\/#organization","name":"Monat Canada English","description":"We Are Modern Nature","url":"https:\/\/monatglobal.com\/ca\/"},{"@type":"WebPage","@id":"https:\/\/monatglobal.com\/ca\/gamme-de-soins-capillaires-restructurants\/?lang=fr#webpage","url":"https:\/\/monatglobal.com\/ca\/gamme-de-soins-capillaires-restructurants\/?lang=fr","name":"Gamme de soins capillaires restructurants - Monat Canada English","description":"Gamme de soins capillaires restructurants Avec REJUVENIQE S\u2122 Une approche sur 360 degr\u00e9s pour reconstruire, renforcer et r\u00e9tablir la surface des cheveux. Prix de client VIP 206,00 $ CA Prix de d\u00e9tail 242,00 $ CA Pour en savoir plus sur la gamme de soins capillaires restructurants, veuillez contacter votre partenaire de march\u00e9 MONAT. ACHETER D\u00c8S","inLanguage":"en-US","isPartOf":{"@id":"https:\/\/monatglobal.com\/ca\/#website"},"breadcrumb":{"@id":"https:\/\/monatglobal.com\/ca\/gamme-de-soins-capillaires-restructurants\/?lang=fr#breadcrumblist"},"image":{"@type":"ImageObject","url":"https:\/\/monatglobal.com\/ca\/wp-content\/uploads\/sites\/5\/2019\/01\/Restructuring-Hair-Care-Collection-500x438.png","@id":"https:\/\/monatglobal.com\/ca\/gamme-de-soins-capillaires-restructurants\/?lang=fr\/#mainImage","width":438,"height":500},"primaryImageOfPage":{"@id":"https:\/\/monatglobal.com\/ca\/gamme-de-soins-capillaires-restructurants\/?lang=fr#mainImage"},"datePublished":"2018-10-09T18:14:38-04:00","dateModified":"2021-03-09T17:07:53-05:00"},{"@type":"WebSite","@id":"https:\/\/monatglobal.com\/ca\/#website","url":"https:\/\/monatglobal.com\/ca\/","name":"Monat Canada English","description":"We Are Modern Nature","inLanguage":"en-US","publisher":{"@id":"https:\/\/monatglobal.com\/ca\/#organization"}}]},"og:locale":"en_US","og:site_name":"Monat Canada English - We Are Modern Nature","og:type":"article","og:title":"Gamme de soins capillaires restructurants - Monat Canada English","og:description":"Gamme de soins capillaires restructurants Avec REJUVENIQE S\u2122 Une approche sur 360 degr\u00e9s pour reconstruire, renforcer et r\u00e9tablir la surface des cheveux. Prix de client VIP 206,00 $ CA Prix de d\u00e9tail 242,00 $ CA Pour en savoir plus sur la gamme de soins capillaires restructurants, veuillez contacter votre partenaire de march\u00e9 MONAT. ACHETER D\u00c8S","og:url":"https:\/\/monatglobal.com\/ca\/gamme-de-soins-capillaires-restructurants\/?lang=fr","article:published_time":"2018-10-09T18:14:38+00:00","article:modified_time":"2021-03-09T17:07:53+00:00","twitter:card":"summary_large_image","twitter:title":"Gamme de soins capillaires restructurants - Monat Canada English","twitter:description":"Gamme de soins capillaires restructurants Avec REJUVENIQE S\u2122 Une approche sur 360 degr\u00e9s pour reconstruire, renforcer et r\u00e9tablir la surface des cheveux. Prix de client VIP 206,00 $ CA Prix de d\u00e9tail 242,00 $ CA Pour en savoir plus sur la gamme de soins capillaires restructurants, veuillez contacter votre partenaire de march\u00e9 MONAT. ACHETER D\u00c8S"},"aioseo_meta_data":{"post_id":"36390","title":null,"description":null,"keywords":null,"keyphrases":null,"primary_term":null,"canonical_url":null,"og_title":null,"og_description":null,"og_object_type":"default","og_image_type":"default","og_image_url":null,"og_image_width":null,"og_image_height":null,"og_image_custom_url":null,"og_image_custom_fields":null,"og_video":null,"og_custom_url":null,"og_article_section":null,"og_article_tags":null,"twitter_use_og":false,"twitter_card":"default","twitter_image_type":"default","twitter_image_url":null,"twitter_image_custom_url":null,"twitter_image_custom_fields":null,"twitter_title":null,"twitter_description":null,"schema":{"blockGraphs":[],"customGraphs":[],"default":{"data":{"Article":[],"Course":[],"Dataset":[],"FAQPage":[],"Movie":[],"Person":[],"Product":[],"ProductReview":[],"Car":[],"Recipe":[],"Service":[],"SoftwareApplication":[],"WebPage":[]},"graphName":"","isEnabled":true},"graphs":[]},"schema_type":"default","schema_type_options":null,"pillar_content":false,"robots_default":true,"robots_noindex":false,"robots_noarchive":false,"robots_nosnippet":false,"robots_nofollow":false,"robots_noimageindex":false,"robots_noodp":false,"robots_notranslate":false,"robots_max_snippet":null,"robots_max_videopreview":null,"robots_max_imagepreview":"large","priority":null,"frequency":null,"local_seo":null,"seo_analyzer_scan_date":"2026-02-10 03:44:34","limit_modified_date":false,"reviewed_by":null,"open_ai":null,"ai":null,"created":"2023-07-26 12:30:48","updated":"2026-02-10 03:44:34"},"aioseo_breadcrumb":"<div class=\"aioseo-breadcrumbs\"><span class=\"aioseo-breadcrumb\">\n\t<a href=\"https:\/\/monatglobal.com\/ca\" title=\"Home\">Home<\/a>\n<\/span><span class=\"aioseo-breadcrumb-separator\">&raquo;<\/span><span class=\"aioseo-breadcrumb\">\n\tGamme de soins capillaires restructurants\n<\/span><\/div>","aioseo_breadcrumb_json":[{"label":"Home","link":"https:\/\/monatglobal.com\/ca"},{"label":"Gamme de soins capillaires restructurants","link":"https:\/\/monatglobal.com\/ca\/gamme-de-soins-capillaires-restructurants\/?lang=fr"}],"_links":{"self":[{"href":"https:\/\/monatglobal.com\/ca\/wp-json\/wp\/v2\/pages\/36390","targetHints":{"allow":["GET"]}}],"collection":[{"href":"https:\/\/monatglobal.com\/ca\/wp-json\/wp\/v2\/pages"}],"about":[{"href":"https:\/\/monatglobal.com\/ca\/wp-json\/wp\/v2\/types\/page"}],"author":[{"embeddable":true,"href":"https:\/\/monatglobal.com\/ca\/wp-json\/wp\/v2\/users\/1"}],"replies":[{"embeddable":true,"href":"https:\/\/monatglobal.com\/ca\/wp-json\/wp\/v2\/comments?post=36390"}],"version-history":[{"count":32,"href":"https:\/\/monatglobal.com\/ca\/wp-json\/wp\/v2\/pages\/36390\/revisions"}],"predecessor-version":[{"id":59958,"href":"https:\/\/monatglobal.com\/ca\/wp-json\/wp\/v2\/pages\/36390\/revisions\/59958"}],"wp:featuredmedia":[{"embeddable":true,"href":"https:\/\/monatglobal.com\/ca\/wp-json\/wp\/v2\/media\/40616"}],"wp:attachment":[{"href":"https:\/\/monatglobal.com\/ca\/wp-json\/wp\/v2\/media?parent=36390"}],"wp:term":[{"taxonomy":"category","embeddable":true,"href":"https:\/\/monatglobal.com\/ca\/wp-json\/wp\/v2\/categories?post=36390"},{"taxonomy":"post_tag","embeddable":true,"href":"https:\/\/monatglobal.com\/ca\/wp-json\/wp\/v2\/tags?post=36390"}],"curies":[{"name":"wp","href":"https:\/\/api.w.org\/{rel}","templated":true}]}}