{"id":35966,"date":"2018-09-28T22:17:40","date_gmt":"2018-09-28T22:17:40","guid":{"rendered":"https:\/\/monatglobal.com\/ca\/?page_id=35966"},"modified":"2021-04-13T13:06:59","modified_gmt":"2021-04-13T13:06:59","slug":"la-gamme-de-soins-capillaires-hydratation-avancee","status":"publish","type":"page","link":"https:\/\/monatglobal.com\/ca\/la-gamme-de-soins-capillaires-hydratation-avancee\/?lang=fr","title":{"rendered":"La gamme de soins capillaires Hydratation avanc\u00e9e"},"content":{"rendered":"\n\t<img loading=\"lazy\" decoding=\"async\" src=\"https:\/\/monatglobal.com\/ca\/wp-content\/uploads\/sites\/5\/2021\/04\/advanced-hydrating-collection-2021.png\" alt=\"La gamme de soins capillaires hydratation avancee\" width=\"370\" height=\"400\" \/>\n<h1><strong>La gamme <br>de soins capillaires <\/strong> Hydratation avanc\u00e9e <\/h1>\n<em>Avec REJUVENIQE S\u2122<\/em>\n<hr>\n\t<em>L\u2019hydratation atteint de nouveaux sommets!<br \/>\n<\/em>\n   <strong>Prix de client VIP<\/strong><br>\n    200,00 $ (CA)<br>\n     <strong>Prix de d\u00e9tail<\/strong><br>\n     235,00 $ (CA)<br>\n\t<p>Pour en savoir plus sur la gamme de soins capillaires Hydratation avanc\u00e9e, veuillez contacter votre partenaire de march\u00e9 MONAT.<\/p>\n\t<a target=\"_blank\" href=\"https:\/\/corp.mymonat.com\/shop\/products\/advanced-hydrating-hair-care-collection-6000000097\">ACHETER D\u00c8S MAINTENANT<\/a>\n<h2>\n\t\tBIENFAITS\n\t<\/h2>\n\t<p><strong>Shampooing hydratation avanc\u00e9e<\/strong> &#8211; Nettoie tout en douceur en offrant un rendement sup\u00e9rieur en mati\u00e8re d\u2019hydratation. <\/p>\n<p><strong>Apr\u00e8s-shampooing hydratant avanc\u00e9<\/strong> &#8211; Convient \u00e0 tous les types de cheveux, offrant une hydratation sup\u00e9rieure.<\/p>\n<strong>S\u00e9rum hydratant \u00e0 double action<\/strong> &#8211; Un traitement sans rin\u00e7age multifonction<br \/>\ncontenant de l\u2019acide hyaluronique qui attire l\u2019humidit\u00e9, du panth\u00e9nol (provitamine B5) et des ingr\u00e9dients v\u00e9g\u00e9taux b\u00e9n\u00e9fiques.\n\n<p><strong>Masque hydratant divin <\/strong>&#8211; Ce l\u00e9ger gel-cr\u00e8me ultra hydratant forme un masque qui entoure les cheveux assoiff\u00e9s d\u2019un nuage d\u2019hydratation pour vitalit\u00e9, \u00e9clat et maniabilit\u00e9 accrus.<\/p>\n<h2>\n\t\tTransformez vos m\u00e8ches dess\u00e9ch\u00e9es en une tignasse brillante et impeccable\n\t<\/h2>\n\t<p>La gamme de soins capillaires Hydratation avanc\u00e9e de MONAT fournit une hydratation optimale aux cheveux \u00e0 l\u2019aide d\u2019ingr\u00e9dients de pointe qui permettent \u00e0 l\u2019hydratation d\u2019atteindre de tous nouveaux sommets. Hydratez vos cheveux dess\u00e9ch\u00e9s et restaurez leur vitalit\u00e9 gr\u00e2ce \u00e0 cette innovation avanc\u00e9e en mati\u00e8re d\u2019hydratation pour des cheveux doux, lisses et souples avec plus de rebond, de corps et d\u2019\u00e9clat. <\/p>\n<h2>\n\t\tLISTE DE PRODUITS\n\t<\/h2>\n\t<a href=\"https:\/\/monatglobal.com\/ca\/shampooing-hydratation-avancee\/?lang=fr\">VOIR LES D\u00c9TAILS<\/a><a href=\"https:\/\/monatglobal.com\/ca\/shampooing-hydratation-avancee\/?lang=fr\"><img loading=\"lazy\" decoding=\"async\" src=\"https:\/\/monatglobal.com\/ca\/wp-content\/uploads\/sites\/5\/2019\/01\/ADVANCED-HYDRATING-SHAMPOO-500x438.png\" alt=\"shampooing hydratation avancee\" width=\"250\" height=\"316\" \/><\/a>\n\t<p>Shampooing hydratation<br>avanc\u00e9e <\/p>\n\t<a target=\"_blank\" href=\"https:\/\/corp.mymonat.com\/shop\/products\/advanced-hydrating-shampoo?globallanguage=fr&#038;globalmarket=ca\">MAGASINEZ<\/a>\n\t<a href=\"https:\/\/monatglobal.com\/ca\/revitalisant-hydratation-avancee\/?lang=fr\">VOIR LES D\u00c9TAILS<\/a><a href=\"https:\/\/monatglobal.com\/ca\/revitalisant-hydratation-avancee\/?lang=fr\"><img loading=\"lazy\" decoding=\"async\" src=\"https:\/\/monatglobal.com\/ca\/wp-content\/uploads\/sites\/5\/2019\/01\/ADVANCED-HYDRATING-CONDITIONER-500x438.png\" alt=\"revitalisant hydratation avancee\" width=\"250\" height=\"316\" \/><\/a>\n\t<p>Revitalisant hydratation<br>avanc\u00e9e <\/p>\n\t<a target=\"_blank\" href=\"https:\/\/corp.mymonat.com\/shop\/products\/advanced-hydrating-conditioner?globallanguage=fr&#038;globalmarket=ca\">MAGASINEZ<\/a>\n\t    NOUVEAU\n<a href=\"https:\/\/monatglobal.com\/ca\/in-shower-hair-masque\/?lang=fr\">VOIR LES D\u00c9TAILS<\/a><a href=\"https:\/\/monatglobal.com\/ca\/in-shower-hair-masque\/?lang=fr\"><img loading=\"lazy\" decoding=\"async\" src=\"https:\/\/monatglobal.com\/wp-content\/uploads\/2021\/03\/adv-in-shower-masque_876x1000.png\" alt=\"masque hydratant divin\" width=\"250\" height=\"316\" \/><\/a>\n\tMasque \u00e0 utiliser sous\nla douche Hydratation avanc\u00e9e\n\n\t<a target=\"_blank\" href=\"https:\/\/mymonat.com\/shop\/products\/advanced-hydrating-in-shower-masque?globallanguage=fr&#038;globalmarket=ca\">MAGASINEZ<\/a>\n<h2>\n\t\tLISTE DE PRODUITS\n\t<\/h2>\n\t<a href=\"https:\/\/monatglobal.com\/ca\/shampooing-hydratation-avancee\/?lang=fr\">VOIR LES D\u00c9TAILS<\/a><a href=\"https:\/\/monatglobal.com\/ca\/shampooing-hydratation-avancee\/?lang=fr\"><img loading=\"lazy\" decoding=\"async\" src=\"https:\/\/monatglobal.com\/ca\/wp-content\/uploads\/sites\/5\/2019\/01\/ADVANCED-HYDRATING-SHAMPOO-500x438.png\" alt=\"shampooing hydratation avancee\" width=\"250\" height=\"316\" \/><\/a>\n\t<p>Shampooing hydratation avanc\u00e9e <\/p>\n\t<a target=\"_blank\" href=\"https:\/\/corp.mymonat.com\/shop\/products\/advanced-hydrating-shampoo?globallanguage=fr&#038;globalmarket=ca\">MAGASINEZ<\/a>\n\t<a href=\"https:\/\/monatglobal.com\/ca\/revitalisant-hydratation-avancee\/?lang=fr\">VOIR LES D\u00c9TAILS<\/a><a href=\"https:\/\/monatglobal.com\/ca\/revitalisant-hydratation-avancee\/?lang=fr\"><img loading=\"lazy\" decoding=\"async\" src=\"https:\/\/monatglobal.com\/ca\/wp-content\/uploads\/sites\/5\/2019\/01\/ADVANCED-HYDRATING-CONDITIONER-500x438.png\" alt=\"revitalisant hydratation avancee\" width=\"180\" height=\"316\" \/><\/a>\n\t<p>Revitalisant hydratation avanc\u00e9e <\/p>\n\t<a target=\"_blank\" href=\"https:\/\/corp.mymonat.com\/shop\/products\/advanced-hydrating-conditioner?globallanguage=fr&#038;globalmarket=ca\">MAGASINEZ<\/a>\n\t<a href=\"https:\/\/monatglobal.com\/ca\/masque-hydratant-divin\/?lang=fr\">VOIR LES D\u00c9TAILS<\/a><a href=\"https:\/\/monatglobal.com\/ca\/masque-hydratant-divin\/?lang=fr\"><img loading=\"lazy\" decoding=\"async\" src=\"https:\/\/monatglobal.com\/ca\/wp-content\/uploads\/sites\/5\/2019\/01\/HEAVENLY-HYDRATING-MASQUE-500x438.png\" alt=\"masque hydratant divin\" width=\"190\" height=\"316\" \/><\/a>\n\t<p>Masque<br>hydratant divin <\/p>\n\t<a target=\"_blank\" href=\"https:\/\/mymonat.com\/shop\/products\/heavenly-hydrating-masque?globallanguage=fr&#038;globalmarket=ca\">MAGASINEZ<\/a>\n\t<a href=\"https:\/\/monatglobal.com\/ca\/serum-hydratant-a-double-action\/?lang=fr\">VOIR LES D\u00c9TAILS<\/a><a href=\"https:\/\/monatglobal.com\/ca\/serum-hydratant-a-double-action\/?lang=fr\"><img loading=\"lazy\" decoding=\"async\" src=\"https:\/\/monatglobal.com\/ca\/wp-content\/uploads\/sites\/5\/2019\/01\/DOUBLE-ACTION-HYDRATING-SERUM-500x438.png\" alt=\"serum hydratant a double action\" width=\"180\" height=\"316\" \/><\/a>\n\t<p>S\u00e9rum hydratant \u00e0 double action<\/p>\n\t<a target=\"_blank\" href=\"https:\/\/corp.mymonat.com\/shop\/products\/double-action-hydrating-serum?globallanguage=fr&#038;globalmarket=ca\">MAGASINEZ<\/a>\n<h2>\n\t\tNOUS DISONS <br\/>\u00ab NON \u00bb AUX INGR\u00c9DIENTS TOXIQUES.\n\t<\/h2>\n\t<ul>\n<li>\tParab\u00e8nes<\/li>\n<li>\tSilicones cycliques<\/li>\n<li>\tPhthalates<\/li>\n<li>\tSLS\/SLES<\/li>\n<li>\tMicrobilles de plastique<\/li>\n<li>\tColorants nocifs<\/li>\n<li>\tParfums nocifs<\/li>\n<li>\tTests sur les animaux <\/li>\n<\/ul>\n\t\t\t\t<img loading=\"lazy\" decoding=\"async\" src=\"https:\/\/monatglobal.com\/ca\/wp-content\/uploads\/sites\/5\/2020\/06\/our-no-icons.png\" alt=\"our no icons\" itemprop=\"image\" height=\"76\" width=\"348\" title=\"our no icons\"  \/>\n<h2>\n\t\tINGR\u00c9DIENTS CL\u00c9S\n\t<\/h2>\n\t<p><img loading=\"lazy\" decoding=\"async\" src=\"https:\/\/monatglobal.com\/wp-content\/uploads\/2016\/07\/ingredient_classicconfidencesys.png\" alt=\"magnify_ingredients\" width=\"183\" height=\"174\" \/><\/p>\n\t<p><strong>PATCH2O\u2122<\/strong><\/p>\n\t<p><strong>REJUVENIQE S\u2122<\/strong><\/p>\n\t<p><strong>Fision Kera Veg18<\/strong><\/p>\n\t<p><strong>CAPIXYL\u2122<\/strong><\/p>\n\t<p><strong>CRODASORB\u2122<\/strong><\/p>\n\t<p><strong>PROCATALINE\u2122<\/strong><\/p>\n\t<p><strong>Beurre de graines de murumuru<\/strong><\/p>\n\t<p><strong>Huile de graines de Babassu<\/strong><\/p>\n\t<p><strong>COMPLEXE DE C\u00c9RAMIDES<\/strong><\/p>\n\t<p><strong>LISTE D\u2019INGR\u00c9DIENTS: <\/strong>Voir la liste d\u2019ingr\u00e9dients sur chaque produit.<\/p>\n<h2>\n\t\tD\u2019AUTRES SYST\u00c8MES\n\t<\/h2>\n<h2>\n\t\t<a href=\"https:\/\/monatglobal.com\/ca\/tous-les-produits\/?lang=fr\" title=\"TOUS LES PRODUITS\" target=\"_self\">\n\t\tTOUS LES PRODUITS\n\t\t<\/a>\n\t<\/h2>\n","protected":false},"excerpt":{"rendered":"<p>La gamme de soins capillaires Hydratation avanc\u00e9e Avec REJUVENIQE S\u2122 L\u2019hydratation atteint de nouveaux sommets! Prix de client VIP 200,00 $ (CA) Prix de d\u00e9tail 235,00 $ (CA) Pour en savoir plus sur la gamme de soins capillaires Hydratation avanc\u00e9e, veuillez contacter votre partenaire de march\u00e9 MONAT. ACHETER D\u00c8S MAINTENANT BIENFAITS Shampooing hydratation avanc\u00e9e &#8211;&hellip;<\/p>\n","protected":false},"author":1,"featured_media":40600,"parent":0,"menu_order":0,"comment_status":"closed","ping_status":"closed","template":"template-full-custom.php","meta":{"inline_featured_image":false,"om_disable_all_campaigns":false,"_monsterinsights_skip_tracking":false,"_monsterinsights_sitenote_active":false,"_monsterinsights_sitenote_note":"","_monsterinsights_sitenote_category":0,"footnotes":""},"categories":[],"tags":[],"class_list":["post-35966","page","type-page","status-publish","has-post-thumbnail","hentry"],"aioseo_notices":[],"aioseo_head":"\n\t\t<!-- All in One SEO Pro 4.9.6 - aioseo.com -->\n\t<meta name=\"description\" content=\"La gamme de soins capillaires Hydratation avanc\u00e9e Avec REJUVENIQE S\u2122 L\u2019hydratation atteint de nouveaux sommets! Prix de client VIP 200,00 $ (CA) Prix de d\u00e9tail 235,00 $ (CA) Pour en savoir plus sur la gamme de soins capillaires Hydratation avanc\u00e9e, veuillez contacter votre partenaire de march\u00e9 MONAT. ACHETER D\u00c8S MAINTENANT BIENFAITS Shampooing hydratation avanc\u00e9e -\" \/>\n\t<meta name=\"robots\" content=\"max-image-preview:large\" \/>\n\t<link rel=\"canonical\" href=\"https:\/\/monatglobal.com\/ca\/la-gamme-de-soins-capillaires-hydratation-avancee\/?lang=fr\" \/>\n\t<meta name=\"generator\" content=\"All in One SEO Pro (AIOSEO) 4.9.6\" \/>\n\t\t<meta property=\"og:locale\" content=\"en_US\" \/>\n\t\t<meta property=\"og:site_name\" content=\"Monat Canada English - We Are Modern Nature\" \/>\n\t\t<meta property=\"og:type\" content=\"article\" \/>\n\t\t<meta property=\"og:title\" content=\"La gamme de soins capillaires Hydratation avanc\u00e9e - Monat Canada English\" \/>\n\t\t<meta property=\"og:description\" content=\"La gamme de soins capillaires Hydratation avanc\u00e9e Avec REJUVENIQE S\u2122 L\u2019hydratation atteint de nouveaux sommets! Prix de client VIP 200,00 $ (CA) Prix de d\u00e9tail 235,00 $ (CA) Pour en savoir plus sur la gamme de soins capillaires Hydratation avanc\u00e9e, veuillez contacter votre partenaire de march\u00e9 MONAT. ACHETER D\u00c8S MAINTENANT BIENFAITS Shampooing hydratation avanc\u00e9e -\" \/>\n\t\t<meta property=\"og:url\" content=\"https:\/\/monatglobal.com\/ca\/la-gamme-de-soins-capillaires-hydratation-avancee\/?lang=fr\" \/>\n\t\t<meta property=\"article:published_time\" content=\"2018-09-28T22:17:40+00:00\" \/>\n\t\t<meta property=\"article:modified_time\" content=\"2021-04-13T13:06:59+00:00\" \/>\n\t\t<meta name=\"twitter:card\" content=\"summary_large_image\" \/>\n\t\t<meta name=\"twitter:title\" content=\"La gamme de soins capillaires Hydratation avanc\u00e9e - Monat Canada English\" \/>\n\t\t<meta name=\"twitter:description\" content=\"La gamme de soins capillaires Hydratation avanc\u00e9e Avec REJUVENIQE S\u2122 L\u2019hydratation atteint de nouveaux sommets! Prix de client VIP 200,00 $ (CA) Prix de d\u00e9tail 235,00 $ (CA) Pour en savoir plus sur la gamme de soins capillaires Hydratation avanc\u00e9e, veuillez contacter votre partenaire de march\u00e9 MONAT. ACHETER D\u00c8S MAINTENANT BIENFAITS Shampooing hydratation avanc\u00e9e -\" \/>\n\t\t<script type=\"application\/ld+json\" class=\"aioseo-schema\">\n\t\t\t{\"@context\":\"https:\\\/\\\/schema.org\",\"@graph\":[{\"@type\":\"BreadcrumbList\",\"@id\":\"https:\\\/\\\/monatglobal.com\\\/ca\\\/la-gamme-de-soins-capillaires-hydratation-avancee\\\/?lang=fr#breadcrumblist\",\"itemListElement\":[{\"@type\":\"ListItem\",\"@id\":\"https:\\\/\\\/monatglobal.com\\\/ca#listItem\",\"position\":1,\"name\":\"Home\",\"item\":\"https:\\\/\\\/monatglobal.com\\\/ca\",\"nextItem\":{\"@type\":\"ListItem\",\"@id\":\"https:\\\/\\\/monatglobal.com\\\/ca\\\/la-gamme-de-soins-capillaires-hydratation-avancee\\\/?lang=fr#listItem\",\"name\":\"La gamme de soins capillaires Hydratation avanc\\u00e9e\"}},{\"@type\":\"ListItem\",\"@id\":\"https:\\\/\\\/monatglobal.com\\\/ca\\\/la-gamme-de-soins-capillaires-hydratation-avancee\\\/?lang=fr#listItem\",\"position\":2,\"name\":\"La gamme de soins capillaires Hydratation avanc\\u00e9e\",\"previousItem\":{\"@type\":\"ListItem\",\"@id\":\"https:\\\/\\\/monatglobal.com\\\/ca#listItem\",\"name\":\"Home\"}}]},{\"@type\":\"Organization\",\"@id\":\"https:\\\/\\\/monatglobal.com\\\/ca\\\/#organization\",\"name\":\"Monat Canada English\",\"description\":\"We Are Modern Nature\",\"url\":\"https:\\\/\\\/monatglobal.com\\\/ca\\\/\"},{\"@type\":\"WebPage\",\"@id\":\"https:\\\/\\\/monatglobal.com\\\/ca\\\/la-gamme-de-soins-capillaires-hydratation-avancee\\\/?lang=fr#webpage\",\"url\":\"https:\\\/\\\/monatglobal.com\\\/ca\\\/la-gamme-de-soins-capillaires-hydratation-avancee\\\/?lang=fr\",\"name\":\"La gamme de soins capillaires Hydratation avanc\\u00e9e - Monat Canada English\",\"description\":\"La gamme de soins capillaires Hydratation avanc\\u00e9e Avec REJUVENIQE S\\u2122 L\\u2019hydratation atteint de nouveaux sommets! Prix de client VIP 200,00 $ (CA) Prix de d\\u00e9tail 235,00 $ (CA) Pour en savoir plus sur la gamme de soins capillaires Hydratation avanc\\u00e9e, veuillez contacter votre partenaire de march\\u00e9 MONAT. ACHETER D\\u00c8S MAINTENANT BIENFAITS Shampooing hydratation avanc\\u00e9e -\",\"inLanguage\":\"en-US\",\"isPartOf\":{\"@id\":\"https:\\\/\\\/monatglobal.com\\\/ca\\\/#website\"},\"breadcrumb\":{\"@id\":\"https:\\\/\\\/monatglobal.com\\\/ca\\\/la-gamme-de-soins-capillaires-hydratation-avancee\\\/?lang=fr#breadcrumblist\"},\"image\":{\"@type\":\"ImageObject\",\"url\":\"https:\\\/\\\/monatglobal.com\\\/ca\\\/wp-content\\\/uploads\\\/sites\\\/5\\\/2019\\\/01\\\/Advanced-Hydrating-Hair-Care-Collection-500x438.png\",\"@id\":\"https:\\\/\\\/monatglobal.com\\\/ca\\\/la-gamme-de-soins-capillaires-hydratation-avancee\\\/?lang=fr\\\/#mainImage\",\"width\":438,\"height\":500},\"primaryImageOfPage\":{\"@id\":\"https:\\\/\\\/monatglobal.com\\\/ca\\\/la-gamme-de-soins-capillaires-hydratation-avancee\\\/?lang=fr#mainImage\"},\"datePublished\":\"2018-09-28T22:17:40-04:00\",\"dateModified\":\"2021-04-13T13:06:59-04:00\"},{\"@type\":\"WebSite\",\"@id\":\"https:\\\/\\\/monatglobal.com\\\/ca\\\/#website\",\"url\":\"https:\\\/\\\/monatglobal.com\\\/ca\\\/\",\"name\":\"Monat Canada English\",\"description\":\"We Are Modern Nature\",\"inLanguage\":\"en-US\",\"publisher\":{\"@id\":\"https:\\\/\\\/monatglobal.com\\\/ca\\\/#organization\"}}]}\n\t\t<\/script>\n\t\t<!-- All in One SEO Pro -->\r\n\t\t<title>La gamme de soins capillaires Hydratation avanc\u00e9e - Monat Canada English<\/title>\n\n","aioseo_head_json":{"title":"La gamme de soins capillaires Hydratation avanc\u00e9e - Monat Canada English","description":"La gamme de soins capillaires Hydratation avanc\u00e9e Avec REJUVENIQE S\u2122 L\u2019hydratation atteint de nouveaux sommets! Prix de client VIP 200,00 $ (CA) Prix de d\u00e9tail 235,00 $ (CA) Pour en savoir plus sur la gamme de soins capillaires Hydratation avanc\u00e9e, veuillez contacter votre partenaire de march\u00e9 MONAT. ACHETER D\u00c8S MAINTENANT BIENFAITS Shampooing hydratation avanc\u00e9e -","canonical_url":"https:\/\/monatglobal.com\/ca\/la-gamme-de-soins-capillaires-hydratation-avancee\/?lang=fr","robots":"max-image-preview:large","keywords":"","webmasterTools":{"miscellaneous":""},"schema":{"@context":"https:\/\/schema.org","@graph":[{"@type":"BreadcrumbList","@id":"https:\/\/monatglobal.com\/ca\/la-gamme-de-soins-capillaires-hydratation-avancee\/?lang=fr#breadcrumblist","itemListElement":[{"@type":"ListItem","@id":"https:\/\/monatglobal.com\/ca#listItem","position":1,"name":"Home","item":"https:\/\/monatglobal.com\/ca","nextItem":{"@type":"ListItem","@id":"https:\/\/monatglobal.com\/ca\/la-gamme-de-soins-capillaires-hydratation-avancee\/?lang=fr#listItem","name":"La gamme de soins capillaires Hydratation avanc\u00e9e"}},{"@type":"ListItem","@id":"https:\/\/monatglobal.com\/ca\/la-gamme-de-soins-capillaires-hydratation-avancee\/?lang=fr#listItem","position":2,"name":"La gamme de soins capillaires Hydratation avanc\u00e9e","previousItem":{"@type":"ListItem","@id":"https:\/\/monatglobal.com\/ca#listItem","name":"Home"}}]},{"@type":"Organization","@id":"https:\/\/monatglobal.com\/ca\/#organization","name":"Monat Canada English","description":"We Are Modern Nature","url":"https:\/\/monatglobal.com\/ca\/"},{"@type":"WebPage","@id":"https:\/\/monatglobal.com\/ca\/la-gamme-de-soins-capillaires-hydratation-avancee\/?lang=fr#webpage","url":"https:\/\/monatglobal.com\/ca\/la-gamme-de-soins-capillaires-hydratation-avancee\/?lang=fr","name":"La gamme de soins capillaires Hydratation avanc\u00e9e - Monat Canada English","description":"La gamme de soins capillaires Hydratation avanc\u00e9e Avec REJUVENIQE S\u2122 L\u2019hydratation atteint de nouveaux sommets! Prix de client VIP 200,00 $ (CA) Prix de d\u00e9tail 235,00 $ (CA) Pour en savoir plus sur la gamme de soins capillaires Hydratation avanc\u00e9e, veuillez contacter votre partenaire de march\u00e9 MONAT. ACHETER D\u00c8S MAINTENANT BIENFAITS Shampooing hydratation avanc\u00e9e -","inLanguage":"en-US","isPartOf":{"@id":"https:\/\/monatglobal.com\/ca\/#website"},"breadcrumb":{"@id":"https:\/\/monatglobal.com\/ca\/la-gamme-de-soins-capillaires-hydratation-avancee\/?lang=fr#breadcrumblist"},"image":{"@type":"ImageObject","url":"https:\/\/monatglobal.com\/ca\/wp-content\/uploads\/sites\/5\/2019\/01\/Advanced-Hydrating-Hair-Care-Collection-500x438.png","@id":"https:\/\/monatglobal.com\/ca\/la-gamme-de-soins-capillaires-hydratation-avancee\/?lang=fr\/#mainImage","width":438,"height":500},"primaryImageOfPage":{"@id":"https:\/\/monatglobal.com\/ca\/la-gamme-de-soins-capillaires-hydratation-avancee\/?lang=fr#mainImage"},"datePublished":"2018-09-28T22:17:40-04:00","dateModified":"2021-04-13T13:06:59-04:00"},{"@type":"WebSite","@id":"https:\/\/monatglobal.com\/ca\/#website","url":"https:\/\/monatglobal.com\/ca\/","name":"Monat Canada English","description":"We Are Modern Nature","inLanguage":"en-US","publisher":{"@id":"https:\/\/monatglobal.com\/ca\/#organization"}}]},"og:locale":"en_US","og:site_name":"Monat Canada English - We Are Modern Nature","og:type":"article","og:title":"La gamme de soins capillaires Hydratation avanc\u00e9e - Monat Canada English","og:description":"La gamme de soins capillaires Hydratation avanc\u00e9e Avec REJUVENIQE S\u2122 L\u2019hydratation atteint de nouveaux sommets! Prix de client VIP 200,00 $ (CA) Prix de d\u00e9tail 235,00 $ (CA) Pour en savoir plus sur la gamme de soins capillaires Hydratation avanc\u00e9e, veuillez contacter votre partenaire de march\u00e9 MONAT. ACHETER D\u00c8S MAINTENANT BIENFAITS Shampooing hydratation avanc\u00e9e -","og:url":"https:\/\/monatglobal.com\/ca\/la-gamme-de-soins-capillaires-hydratation-avancee\/?lang=fr","article:published_time":"2018-09-28T22:17:40+00:00","article:modified_time":"2021-04-13T13:06:59+00:00","twitter:card":"summary_large_image","twitter:title":"La gamme de soins capillaires Hydratation avanc\u00e9e - Monat Canada English","twitter:description":"La gamme de soins capillaires Hydratation avanc\u00e9e Avec REJUVENIQE S\u2122 L\u2019hydratation atteint de nouveaux sommets! Prix de client VIP 200,00 $ (CA) Prix de d\u00e9tail 235,00 $ (CA) Pour en savoir plus sur la gamme de soins capillaires Hydratation avanc\u00e9e, veuillez contacter votre partenaire de march\u00e9 MONAT. ACHETER D\u00c8S MAINTENANT BIENFAITS Shampooing hydratation avanc\u00e9e -"},"aioseo_meta_data":{"post_id":"35966","title":null,"description":null,"keywords":null,"keyphrases":null,"primary_term":null,"canonical_url":null,"og_title":null,"og_description":null,"og_object_type":"default","og_image_type":"default","og_image_url":null,"og_image_width":null,"og_image_height":null,"og_image_custom_url":null,"og_image_custom_fields":null,"og_video":null,"og_custom_url":null,"og_article_section":null,"og_article_tags":null,"twitter_use_og":false,"twitter_card":"default","twitter_image_type":"default","twitter_image_url":null,"twitter_image_custom_url":null,"twitter_image_custom_fields":null,"twitter_title":null,"twitter_description":null,"schema":{"blockGraphs":[],"customGraphs":[],"default":{"data":{"Article":[],"Course":[],"Dataset":[],"FAQPage":[],"Movie":[],"Person":[],"Product":[],"ProductReview":[],"Car":[],"Recipe":[],"Service":[],"SoftwareApplication":[],"WebPage":[]},"graphName":"","isEnabled":true},"graphs":[]},"schema_type":"default","schema_type_options":null,"pillar_content":false,"robots_default":true,"robots_noindex":false,"robots_noarchive":false,"robots_nosnippet":false,"robots_nofollow":false,"robots_noimageindex":false,"robots_noodp":false,"robots_notranslate":false,"robots_max_snippet":null,"robots_max_videopreview":null,"robots_max_imagepreview":"large","priority":null,"frequency":null,"local_seo":null,"seo_analyzer_scan_date":"2026-02-10 03:44:30","limit_modified_date":false,"reviewed_by":null,"open_ai":null,"ai":null,"created":"2023-07-26 12:29:14","updated":"2026-02-10 03:44:30"},"aioseo_breadcrumb":"<div class=\"aioseo-breadcrumbs\"><span class=\"aioseo-breadcrumb\">\n\t<a href=\"https:\/\/monatglobal.com\/ca\" title=\"Home\">Home<\/a>\n<\/span><span class=\"aioseo-breadcrumb-separator\">&raquo;<\/span><span class=\"aioseo-breadcrumb\">\n\tLa gamme de soins capillaires Hydratation avanc\u00e9e\n<\/span><\/div>","aioseo_breadcrumb_json":[{"label":"Home","link":"https:\/\/monatglobal.com\/ca"},{"label":"La gamme de soins capillaires Hydratation avanc\u00e9e","link":"https:\/\/monatglobal.com\/ca\/la-gamme-de-soins-capillaires-hydratation-avancee\/?lang=fr"}],"_links":{"self":[{"href":"https:\/\/monatglobal.com\/ca\/wp-json\/wp\/v2\/pages\/35966","targetHints":{"allow":["GET"]}}],"collection":[{"href":"https:\/\/monatglobal.com\/ca\/wp-json\/wp\/v2\/pages"}],"about":[{"href":"https:\/\/monatglobal.com\/ca\/wp-json\/wp\/v2\/types\/page"}],"author":[{"embeddable":true,"href":"https:\/\/monatglobal.com\/ca\/wp-json\/wp\/v2\/users\/1"}],"replies":[{"embeddable":true,"href":"https:\/\/monatglobal.com\/ca\/wp-json\/wp\/v2\/comments?post=35966"}],"version-history":[{"count":36,"href":"https:\/\/monatglobal.com\/ca\/wp-json\/wp\/v2\/pages\/35966\/revisions"}],"predecessor-version":[{"id":60437,"href":"https:\/\/monatglobal.com\/ca\/wp-json\/wp\/v2\/pages\/35966\/revisions\/60437"}],"wp:featuredmedia":[{"embeddable":true,"href":"https:\/\/monatglobal.com\/ca\/wp-json\/wp\/v2\/media\/40600"}],"wp:attachment":[{"href":"https:\/\/monatglobal.com\/ca\/wp-json\/wp\/v2\/media?parent=35966"}],"wp:term":[{"taxonomy":"category","embeddable":true,"href":"https:\/\/monatglobal.com\/ca\/wp-json\/wp\/v2\/categories?post=35966"},{"taxonomy":"post_tag","embeddable":true,"href":"https:\/\/monatglobal.com\/ca\/wp-json\/wp\/v2\/tags?post=35966"}],"curies":[{"name":"wp","href":"https:\/\/api.w.org\/{rel}","templated":true}]}}