{"id":34257,"date":"2018-08-08T13:40:13","date_gmt":"2018-08-08T13:40:13","guid":{"rendered":"https:\/\/monatglobal.com\/ca\/?page_id=34257"},"modified":"2020-10-27T19:55:53","modified_gmt":"2020-10-27T19:55:53","slug":"shampooing-parfaitement-platine-colour-enhance","status":"publish","type":"page","link":"https:\/\/monatglobal.com\/ca\/shampooing-parfaitement-platine-colour-enhance\/?lang=fr","title":{"rendered":"Shampooing Parfaitement platine Colour Enhance"},"content":{"rendered":"\n\t<p><img loading=\"lazy\" decoding=\"async\" src=\"https:\/\/monatglobal.com\/wp-content\/uploads\/2018\/02\/MONAT-COLOR-ENHANCER-150x69.png\" alt=\"MONAT-COLOR-ENHANCER\" width=\"150\" height=\"69\" \/><\/p>\n\t<img loading=\"lazy\" decoding=\"async\" src=\"https:\/\/monatglobal.com\/ca\/wp-content\/uploads\/sites\/5\/2019\/01\/COLOR-ENHANCE-SHAMPOO-PLATINUM-500x438.png\" alt=\"Shampooing Parfaitement Platine Colour Enhance\" width=\"350\" height=\"400\" \/>\n        DERNI\u00c8RE CHANCE\n<h1>SHAMPOOING <strong>PARFAITEMENT PLATINE<br>COLOUR ENHANCE<\/strong><\/h1>\n<hr>\n\t<p><em>Revigorez la couleur de vos cheveux et dites adieu aux tons cuivr\u00e9s. <\/em><\/p>\n237 ml \u212e 8,0 oz liq.\n    <strong>Prix de client VIP<\/strong><br>\n    38,00 $ CA<br>\n    <strong>Prix de d\u00e9tail<\/strong><br>\n    45,00 $ CA<br>\n    <strong>Prix de client VIP<\/strong><br>\n    38,00 $ CA<br>\n    <strong>Prix de d\u00e9tail<\/strong><br>\n    45,00 $ CA<br>\n\t<p>Pour en savoir plus sur le shampooing Parfaitement platine Colour Enhance, veuillez contacter votre partenaire de march\u00e9 MONAT.<\/p>\n\t<a target=\"_blank\" href=\"https:\/\/corp.mymonat.com\/shop\/products\/perfectly-platinum-shampoo-fgplatsha?globallanguage=fr&#038;globalmarket=ca\">MAGASINEZ<\/a>\n<h2>\n\t\tBIENFAITS\n\t<\/h2>\n\t<ul>\n<li>Sans sulfates.<\/li>\n<li>Rehausse l\u2019\u00e9clat de la couleur.<\/li>\n<li>R\u00e9duit les tons cuivr\u00e9s.<\/li>\n<li>Pour les cheveux blond platine, blancs, argent\u00e9s ou les tons clairs.<\/li>\n<\/ul>\n\t<a href=\"https:\/\/player.vimeo.com\/video\/216195785?autoplay=1&amp;color=ffffff&amp;title=0&amp;byline=0&amp;portrait=0\">WATCH VIDEO<\/a>\n<h2>\n\t\tCARACT\u00c9RISTIQUES\n\t<\/h2>\n\t<ul>\n<li>Doux nettoyant sans sulfates.<\/li>\n<li>Nettoie les cheveux sans les d\u00e9caper ou les ass\u00e9cher.<\/li>\n<li>Illumine et rehausse les reflets argent\u00e9s et platine dans les cheveux plus clairs.<\/li>\n<li>Contient un m\u00e9lange complexe d\u2019extraits v\u00e9g\u00e9taux et de phytopigments afin d\u2019intensifier les reflets platine ou argent\u00e9s et de rehausser la couleur.<\/li>\n<\/ul>\n\t<ul>\n<li>Contient un absorbeur de rayons UV afin de prot\u00e9ger contre l\u2019att\u00e9nuation de la couleur.<\/li>\n<li>R\u00e9duit les tons cuivr\u00e9s.<\/li>\n<li>Sans cruaut\u00e9, v\u00e9g\u00e9talien.<\/li>\n<li>Parfait pour un usage quotidien ou pour alterner avec votre syst\u00e8me MONAT favori.<\/li>\n<\/ul>\n<h2>\n\t\tMODE D\u2019EMPLOI\n\t<\/h2>\n\t<ul>\n<li>\u00c9mulsifer dans les mains.<\/li>\n<li>Masser doucement dans les cheveux mouill\u00e9s.<\/li>\n<li>Faire mousser et attendre 1 ou 2 minutes. <\/li>\n<li>Bien rincer. <\/li>\n<li>Pour les r\u00e9sultats optimaux, utiliser ensuite le revitalisant Parfaitement platine de MONAT.<\/li>\n<\/ul>\n<h2>\n\t\tNOUS DISONS <br\/>\u00ab NON \u00bb AUX INGR\u00c9DIENTS TOXIQUES.\n\t<\/h2>\n\t<ul>\n<li>\tParab\u00e8nes<\/li>\n<li>Silicones cycliques<\/li>\n<li>\tPhthalates<\/li>\n<li>\tSLS\/SLES<\/li>\n<li>\tMicrobilles de plastique<\/li>\n<li>\tColorants nocifs<\/li>\n<li>\tParfums nocifs<\/li>\n<li>\tTests sur les animaux <\/li>\n<\/ul>\n\t\t\t\t<img loading=\"lazy\" decoding=\"async\" src=\"https:\/\/monatglobal.com\/ca\/wp-content\/uploads\/sites\/5\/2020\/06\/our-no-icons.png\" alt=\"our no icons\" itemprop=\"image\" height=\"76\" width=\"348\" title=\"our no icons\"  \/>\n\t<p><img loading=\"lazy\" decoding=\"async\" src=\"https:\/\/monatglobal.com\/wp-content\/uploads\/2018\/08\/centaurea.png\" alt=\"centaureal\" width=\"176\" height=\"174\" \/><\/p>\n<h2>\n\t\tINGR\u00c9DIENTS CL\u00c9S\n\t<\/h2>\n\t<p><strong>CRODASORB\u2122 <\/strong><\/p>\n<strong>Phytopigments provenant des extraits de fleurs de lavande, de violette, de Centaur\u00e9e bleue et de mauve &#8211; pour faire ressortir les luxueux tons platine et argent\u00e9s, mettre en valeur la couleur et r\u00e9duire les tons cuivr\u00e9s.<br \/>\n<\/strong>\n\t<p>* Pour optimiser la capacit\u00e9 du shampooing et du revitalisant Perfectly Platinum \u00e0 pr\u00e9venir le jaunissement et \u00e0 aider \u00e0 \u00e9liminer les tons cuivr\u00e9s, un pigment violet a \u00e9t\u00e9 ajout\u00e9 (Ext. D&#038;C Violet No. 2 [CI 60730]) a \u00e9t\u00e9 ajout\u00e9. Un pigment rouge (D&#038;C Red No. 33 [CI 17200]) a \u00e9t\u00e9 ajout\u00e9 au revitalisant pour augmenter l\u2019\u00e9clat de la couleur. Ces deux additifs sont consid\u00e9r\u00e9s comme \u00e9tant des colorants s\u00e9curitaires pour \u00eatre utilis\u00e9s dans des produits de beaut\u00e9 et ne sont pas consid\u00e9r\u00e9s comme \u00e9tant nocifs lorsqu\u2019ils sont utilis\u00e9s comme pr\u00e9vu.<\/p>\n<h2>\n\t\tLISTE D\u2019INGR\u00c9DIENTS\n\t<\/h2>\n\t<p>Water\/Aqua, Lauramidopropyl Betaine, Sodium Methyl Cocoyl Taurate, Decyl Glucoside, Soyamidopropylamine Oxide, Acrylates Copolymer, Cocamidopropyl Hydroxysultaine, Cocamidopropyl Betaine, Cocamide MIPA, Linoleamidopropyl PG-Dimonium Chloride Phosphate, Glycerin, Orbignya Speciosa Kernel Oil, Cocos Nucifera (Coconut) Oil, Linum Usitatissimum (Linseed) Seed Oil, Hydrogenated Soybean Oil, Viola Odorata Flower\/Leaf Extract, Lavandula Angustifolia (Lavender) Flower\/Leaf\/Stem Extract, Rosmarinus Officinalis (Rosemary) Leaf Extract, Centaurea Cyanus Flower Extract, Zingiber Officinale (Ginger) Root Extract, Bisabolol, Cinnamidopropyltrimonium Chloride, Disodium Laureth Sulfosuccinate, Disodium Lauryl Sulfosuccinate, Fragrance\/Parfum, Citric Acid, Sodium Hydroxide, Benzyl Alcohol, Limonene, Linalool, Sodium Benzoate, Potassium Sorbate, Ext. Violet 2 (CI 60730)<\/p>\n<h2>\n\t\tVOUS POURRIEZ AUSSI AIMER\n\t<\/h2>\n<h2>\n\t\t<a href=\"https:\/\/monatglobal.com\/ca\/tous-les-produits\/\" title=\"TOUS LES PRODUITS\" target=\"_self\">\n\t\tTOUS LES PRODUITS\n\t\t<\/a>\n\t<\/h2>\n","protected":false},"excerpt":{"rendered":"<p>DERNI\u00c8RE CHANCE SHAMPOOING PARFAITEMENT PLATINECOLOUR ENHANCE Revigorez la couleur de vos cheveux et dites adieu aux tons cuivr\u00e9s. 237 ml \u212e 8,0 oz liq. Prix de client VIP 38,00 $ CA Prix de d\u00e9tail 45,00 $ CA Prix de client VIP 38,00 $ CA Prix de d\u00e9tail 45,00 $ CA Pour en savoir plus sur&hellip;<\/p>\n","protected":false},"author":20,"featured_media":40547,"parent":0,"menu_order":0,"comment_status":"closed","ping_status":"closed","template":"template-full-custom.php","meta":{"inline_featured_image":false,"om_disable_all_campaigns":false,"_monsterinsights_skip_tracking":false,"_monsterinsights_sitenote_active":false,"_monsterinsights_sitenote_note":"","_monsterinsights_sitenote_category":0,"footnotes":""},"categories":[],"tags":[],"class_list":["post-34257","page","type-page","status-publish","has-post-thumbnail","hentry"],"aioseo_notices":[],"aioseo_head":"\n\t\t<!-- All in One SEO Pro 4.9.5.2 - aioseo.com -->\n\t<meta name=\"description\" content=\"DERNI\u00c8RE CHANCE SHAMPOOING PARFAITEMENT PLATINECOLOUR ENHANCE Revigorez la couleur de vos cheveux et dites adieu aux tons cuivr\u00e9s. 237 ml \u212e 8,0 oz liq. Prix de client VIP 38,00 $ CA Prix de d\u00e9tail 45,00 $ CA Prix de client VIP 38,00 $ CA Prix de d\u00e9tail 45,00 $ CA Pour en savoir plus sur\" \/>\n\t<meta name=\"robots\" content=\"max-image-preview:large\" \/>\n\t<link rel=\"canonical\" href=\"https:\/\/monatglobal.com\/ca\/shampooing-parfaitement-platine-colour-enhance\/?lang=fr\" \/>\n\t<meta name=\"generator\" content=\"All in One SEO Pro (AIOSEO) 4.9.5.2\" \/>\n\t\t<meta property=\"og:locale\" content=\"en_US\" \/>\n\t\t<meta property=\"og:site_name\" content=\"Monat Canada English - We Are Modern Nature\" \/>\n\t\t<meta property=\"og:type\" content=\"article\" \/>\n\t\t<meta property=\"og:title\" content=\"Shampooing Parfaitement platine Colour Enhance - Monat Canada English\" \/>\n\t\t<meta property=\"og:description\" content=\"DERNI\u00c8RE CHANCE SHAMPOOING PARFAITEMENT PLATINECOLOUR ENHANCE Revigorez la couleur de vos cheveux et dites adieu aux tons cuivr\u00e9s. 237 ml \u212e 8,0 oz liq. Prix de client VIP 38,00 $ CA Prix de d\u00e9tail 45,00 $ CA Prix de client VIP 38,00 $ CA Prix de d\u00e9tail 45,00 $ CA Pour en savoir plus sur\" \/>\n\t\t<meta property=\"og:url\" content=\"https:\/\/monatglobal.com\/ca\/shampooing-parfaitement-platine-colour-enhance\/?lang=fr\" \/>\n\t\t<meta property=\"article:published_time\" content=\"2018-08-08T13:40:13+00:00\" \/>\n\t\t<meta property=\"article:modified_time\" content=\"2020-10-27T19:55:53+00:00\" \/>\n\t\t<meta name=\"twitter:card\" content=\"summary_large_image\" \/>\n\t\t<meta name=\"twitter:title\" content=\"Shampooing Parfaitement platine Colour Enhance - Monat Canada English\" \/>\n\t\t<meta name=\"twitter:description\" content=\"DERNI\u00c8RE CHANCE SHAMPOOING PARFAITEMENT PLATINECOLOUR ENHANCE Revigorez la couleur de vos cheveux et dites adieu aux tons cuivr\u00e9s. 237 ml \u212e 8,0 oz liq. Prix de client VIP 38,00 $ CA Prix de d\u00e9tail 45,00 $ CA Prix de client VIP 38,00 $ CA Prix de d\u00e9tail 45,00 $ CA Pour en savoir plus sur\" \/>\n\t\t<script type=\"application\/ld+json\" class=\"aioseo-schema\">\n\t\t\t{\"@context\":\"https:\\\/\\\/schema.org\",\"@graph\":[{\"@type\":\"BreadcrumbList\",\"@id\":\"https:\\\/\\\/monatglobal.com\\\/ca\\\/shampooing-parfaitement-platine-colour-enhance\\\/?lang=fr#breadcrumblist\",\"itemListElement\":[{\"@type\":\"ListItem\",\"@id\":\"https:\\\/\\\/monatglobal.com\\\/ca#listItem\",\"position\":1,\"name\":\"Home\",\"item\":\"https:\\\/\\\/monatglobal.com\\\/ca\",\"nextItem\":{\"@type\":\"ListItem\",\"@id\":\"https:\\\/\\\/monatglobal.com\\\/ca\\\/shampooing-parfaitement-platine-colour-enhance\\\/?lang=fr#listItem\",\"name\":\"Shampooing Parfaitement platine Colour Enhance\"}},{\"@type\":\"ListItem\",\"@id\":\"https:\\\/\\\/monatglobal.com\\\/ca\\\/shampooing-parfaitement-platine-colour-enhance\\\/?lang=fr#listItem\",\"position\":2,\"name\":\"Shampooing Parfaitement platine Colour Enhance\",\"previousItem\":{\"@type\":\"ListItem\",\"@id\":\"https:\\\/\\\/monatglobal.com\\\/ca#listItem\",\"name\":\"Home\"}}]},{\"@type\":\"Organization\",\"@id\":\"https:\\\/\\\/monatglobal.com\\\/ca\\\/#organization\",\"name\":\"Monat Canada English\",\"description\":\"We Are Modern Nature\",\"url\":\"https:\\\/\\\/monatglobal.com\\\/ca\\\/\"},{\"@type\":\"WebPage\",\"@id\":\"https:\\\/\\\/monatglobal.com\\\/ca\\\/shampooing-parfaitement-platine-colour-enhance\\\/?lang=fr#webpage\",\"url\":\"https:\\\/\\\/monatglobal.com\\\/ca\\\/shampooing-parfaitement-platine-colour-enhance\\\/?lang=fr\",\"name\":\"Shampooing Parfaitement platine Colour Enhance - Monat Canada English\",\"description\":\"DERNI\\u00c8RE CHANCE SHAMPOOING PARFAITEMENT PLATINECOLOUR ENHANCE Revigorez la couleur de vos cheveux et dites adieu aux tons cuivr\\u00e9s. 237 ml \\u212e 8,0 oz liq. Prix de client VIP 38,00 $ CA Prix de d\\u00e9tail 45,00 $ CA Prix de client VIP 38,00 $ CA Prix de d\\u00e9tail 45,00 $ CA Pour en savoir plus sur\",\"inLanguage\":\"en-US\",\"isPartOf\":{\"@id\":\"https:\\\/\\\/monatglobal.com\\\/ca\\\/#website\"},\"breadcrumb\":{\"@id\":\"https:\\\/\\\/monatglobal.com\\\/ca\\\/shampooing-parfaitement-platine-colour-enhance\\\/?lang=fr#breadcrumblist\"},\"image\":{\"@type\":\"ImageObject\",\"url\":\"https:\\\/\\\/monatglobal.com\\\/ca\\\/wp-content\\\/uploads\\\/sites\\\/5\\\/2019\\\/01\\\/COLOR-ENHANCE-SHAMPOO-PLATINUM-500x438.png\",\"@id\":\"https:\\\/\\\/monatglobal.com\\\/ca\\\/shampooing-parfaitement-platine-colour-enhance\\\/?lang=fr\\\/#mainImage\",\"width\":438,\"height\":500},\"primaryImageOfPage\":{\"@id\":\"https:\\\/\\\/monatglobal.com\\\/ca\\\/shampooing-parfaitement-platine-colour-enhance\\\/?lang=fr#mainImage\"},\"datePublished\":\"2018-08-08T13:40:13-04:00\",\"dateModified\":\"2020-10-27T19:55:53-04:00\"},{\"@type\":\"WebSite\",\"@id\":\"https:\\\/\\\/monatglobal.com\\\/ca\\\/#website\",\"url\":\"https:\\\/\\\/monatglobal.com\\\/ca\\\/\",\"name\":\"Monat Canada English\",\"description\":\"We Are Modern Nature\",\"inLanguage\":\"en-US\",\"publisher\":{\"@id\":\"https:\\\/\\\/monatglobal.com\\\/ca\\\/#organization\"}}]}\n\t\t<\/script>\n\t\t<!-- All in One SEO Pro -->\r\n\t\t<title>Shampooing Parfaitement platine Colour Enhance - Monat Canada English<\/title>\n\n","aioseo_head_json":{"title":"Shampooing Parfaitement platine Colour Enhance - Monat Canada English","description":"DERNI\u00c8RE CHANCE SHAMPOOING PARFAITEMENT PLATINECOLOUR ENHANCE Revigorez la couleur de vos cheveux et dites adieu aux tons cuivr\u00e9s. 237 ml \u212e 8,0 oz liq. Prix de client VIP 38,00 $ CA Prix de d\u00e9tail 45,00 $ CA Prix de client VIP 38,00 $ CA Prix de d\u00e9tail 45,00 $ CA Pour en savoir plus sur","canonical_url":"https:\/\/monatglobal.com\/ca\/shampooing-parfaitement-platine-colour-enhance\/?lang=fr","robots":"max-image-preview:large","keywords":"","webmasterTools":{"miscellaneous":""},"schema":{"@context":"https:\/\/schema.org","@graph":[{"@type":"BreadcrumbList","@id":"https:\/\/monatglobal.com\/ca\/shampooing-parfaitement-platine-colour-enhance\/?lang=fr#breadcrumblist","itemListElement":[{"@type":"ListItem","@id":"https:\/\/monatglobal.com\/ca#listItem","position":1,"name":"Home","item":"https:\/\/monatglobal.com\/ca","nextItem":{"@type":"ListItem","@id":"https:\/\/monatglobal.com\/ca\/shampooing-parfaitement-platine-colour-enhance\/?lang=fr#listItem","name":"Shampooing Parfaitement platine Colour Enhance"}},{"@type":"ListItem","@id":"https:\/\/monatglobal.com\/ca\/shampooing-parfaitement-platine-colour-enhance\/?lang=fr#listItem","position":2,"name":"Shampooing Parfaitement platine Colour Enhance","previousItem":{"@type":"ListItem","@id":"https:\/\/monatglobal.com\/ca#listItem","name":"Home"}}]},{"@type":"Organization","@id":"https:\/\/monatglobal.com\/ca\/#organization","name":"Monat Canada English","description":"We Are Modern Nature","url":"https:\/\/monatglobal.com\/ca\/"},{"@type":"WebPage","@id":"https:\/\/monatglobal.com\/ca\/shampooing-parfaitement-platine-colour-enhance\/?lang=fr#webpage","url":"https:\/\/monatglobal.com\/ca\/shampooing-parfaitement-platine-colour-enhance\/?lang=fr","name":"Shampooing Parfaitement platine Colour Enhance - Monat Canada English","description":"DERNI\u00c8RE CHANCE SHAMPOOING PARFAITEMENT PLATINECOLOUR ENHANCE Revigorez la couleur de vos cheveux et dites adieu aux tons cuivr\u00e9s. 237 ml \u212e 8,0 oz liq. Prix de client VIP 38,00 $ CA Prix de d\u00e9tail 45,00 $ CA Prix de client VIP 38,00 $ CA Prix de d\u00e9tail 45,00 $ CA Pour en savoir plus sur","inLanguage":"en-US","isPartOf":{"@id":"https:\/\/monatglobal.com\/ca\/#website"},"breadcrumb":{"@id":"https:\/\/monatglobal.com\/ca\/shampooing-parfaitement-platine-colour-enhance\/?lang=fr#breadcrumblist"},"image":{"@type":"ImageObject","url":"https:\/\/monatglobal.com\/ca\/wp-content\/uploads\/sites\/5\/2019\/01\/COLOR-ENHANCE-SHAMPOO-PLATINUM-500x438.png","@id":"https:\/\/monatglobal.com\/ca\/shampooing-parfaitement-platine-colour-enhance\/?lang=fr\/#mainImage","width":438,"height":500},"primaryImageOfPage":{"@id":"https:\/\/monatglobal.com\/ca\/shampooing-parfaitement-platine-colour-enhance\/?lang=fr#mainImage"},"datePublished":"2018-08-08T13:40:13-04:00","dateModified":"2020-10-27T19:55:53-04:00"},{"@type":"WebSite","@id":"https:\/\/monatglobal.com\/ca\/#website","url":"https:\/\/monatglobal.com\/ca\/","name":"Monat Canada English","description":"We Are Modern Nature","inLanguage":"en-US","publisher":{"@id":"https:\/\/monatglobal.com\/ca\/#organization"}}]},"og:locale":"en_US","og:site_name":"Monat Canada English - We Are Modern Nature","og:type":"article","og:title":"Shampooing Parfaitement platine Colour Enhance - Monat Canada English","og:description":"DERNI\u00c8RE CHANCE SHAMPOOING PARFAITEMENT PLATINECOLOUR ENHANCE Revigorez la couleur de vos cheveux et dites adieu aux tons cuivr\u00e9s. 237 ml \u212e 8,0 oz liq. Prix de client VIP 38,00 $ CA Prix de d\u00e9tail 45,00 $ CA Prix de client VIP 38,00 $ CA Prix de d\u00e9tail 45,00 $ CA Pour en savoir plus sur","og:url":"https:\/\/monatglobal.com\/ca\/shampooing-parfaitement-platine-colour-enhance\/?lang=fr","article:published_time":"2018-08-08T13:40:13+00:00","article:modified_time":"2020-10-27T19:55:53+00:00","twitter:card":"summary_large_image","twitter:title":"Shampooing Parfaitement platine Colour Enhance - Monat Canada English","twitter:description":"DERNI\u00c8RE CHANCE SHAMPOOING PARFAITEMENT PLATINECOLOUR ENHANCE Revigorez la couleur de vos cheveux et dites adieu aux tons cuivr\u00e9s. 237 ml \u212e 8,0 oz liq. Prix de client VIP 38,00 $ CA Prix de d\u00e9tail 45,00 $ CA Prix de client VIP 38,00 $ CA Prix de d\u00e9tail 45,00 $ CA Pour en savoir plus sur"},"aioseo_meta_data":{"post_id":"34257","title":null,"description":null,"keywords":null,"keyphrases":null,"primary_term":null,"canonical_url":null,"og_title":null,"og_description":null,"og_object_type":"default","og_image_type":"default","og_image_url":null,"og_image_width":null,"og_image_height":null,"og_image_custom_url":null,"og_image_custom_fields":null,"og_video":null,"og_custom_url":null,"og_article_section":null,"og_article_tags":null,"twitter_use_og":false,"twitter_card":"default","twitter_image_type":"default","twitter_image_url":null,"twitter_image_custom_url":null,"twitter_image_custom_fields":null,"twitter_title":null,"twitter_description":null,"schema":{"blockGraphs":[],"customGraphs":[],"default":{"data":{"Article":[],"Course":[],"Dataset":[],"FAQPage":[],"Movie":[],"Person":[],"Product":[],"ProductReview":[],"Car":[],"Recipe":[],"Service":[],"SoftwareApplication":[],"WebPage":[]},"graphName":"","isEnabled":true},"graphs":[]},"schema_type":"default","schema_type_options":null,"pillar_content":false,"robots_default":true,"robots_noindex":false,"robots_noarchive":false,"robots_nosnippet":false,"robots_nofollow":false,"robots_noimageindex":false,"robots_noodp":false,"robots_notranslate":false,"robots_max_snippet":null,"robots_max_videopreview":null,"robots_max_imagepreview":"large","priority":null,"frequency":null,"local_seo":null,"seo_analyzer_scan_date":"2026-02-10 03:42:39","limit_modified_date":false,"reviewed_by":null,"open_ai":null,"ai":null,"created":"2023-07-26 12:27:06","updated":"2026-02-10 03:42:39"},"aioseo_breadcrumb":"<div class=\"aioseo-breadcrumbs\"><span class=\"aioseo-breadcrumb\">\n\t<a href=\"https:\/\/monatglobal.com\/ca\" title=\"Home\">Home<\/a>\n<\/span><span class=\"aioseo-breadcrumb-separator\">&raquo;<\/span><span class=\"aioseo-breadcrumb\">\n\tShampooing Parfaitement platine Colour Enhance\n<\/span><\/div>","aioseo_breadcrumb_json":[{"label":"Home","link":"https:\/\/monatglobal.com\/ca"},{"label":"Shampooing Parfaitement platine Colour Enhance","link":"https:\/\/monatglobal.com\/ca\/shampooing-parfaitement-platine-colour-enhance\/?lang=fr"}],"_links":{"self":[{"href":"https:\/\/monatglobal.com\/ca\/wp-json\/wp\/v2\/pages\/34257","targetHints":{"allow":["GET"]}}],"collection":[{"href":"https:\/\/monatglobal.com\/ca\/wp-json\/wp\/v2\/pages"}],"about":[{"href":"https:\/\/monatglobal.com\/ca\/wp-json\/wp\/v2\/types\/page"}],"author":[{"embeddable":true,"href":"https:\/\/monatglobal.com\/ca\/wp-json\/wp\/v2\/users\/20"}],"replies":[{"embeddable":true,"href":"https:\/\/monatglobal.com\/ca\/wp-json\/wp\/v2\/comments?post=34257"}],"version-history":[{"count":19,"href":"https:\/\/monatglobal.com\/ca\/wp-json\/wp\/v2\/pages\/34257\/revisions"}],"predecessor-version":[{"id":56437,"href":"https:\/\/monatglobal.com\/ca\/wp-json\/wp\/v2\/pages\/34257\/revisions\/56437"}],"wp:featuredmedia":[{"embeddable":true,"href":"https:\/\/monatglobal.com\/ca\/wp-json\/wp\/v2\/media\/40547"}],"wp:attachment":[{"href":"https:\/\/monatglobal.com\/ca\/wp-json\/wp\/v2\/media?parent=34257"}],"wp:term":[{"taxonomy":"category","embeddable":true,"href":"https:\/\/monatglobal.com\/ca\/wp-json\/wp\/v2\/categories?post=34257"},{"taxonomy":"post_tag","embeddable":true,"href":"https:\/\/monatglobal.com\/ca\/wp-json\/wp\/v2\/tags?post=34257"}],"curies":[{"name":"wp","href":"https:\/\/api.w.org\/{rel}","templated":true}]}}