{"id":34196,"date":"2018-07-31T03:34:54","date_gmt":"2018-07-31T03:34:54","guid":{"rendered":"https:\/\/monatglobal.com\/ca\/?page_id=34196"},"modified":"2026-01-19T10:02:36","modified_gmt":"2026-01-19T15:02:36","slug":"advanced-hydrating-conditioner","status":"publish","type":"page","link":"https:\/\/monatglobal.com\/ca\/advanced-hydrating-conditioner\/?lang=fr","title":{"rendered":"Revitalisant Hydratation avanc\u00e9e"},"content":{"rendered":"\n\n\t<link rel=\"stylesheet\" href=\"https:\/\/cdn.jsdelivr.net\/npm\/swiper@8\/swiper-bundle.min.css\" \/>\n<link rel=\"stylesheet\" href=\"https:\/\/monatglobal.com\/wp-content\/creative_css\/product_styles_sheet.css\" \/> \n   <!--==================================================== ECOMM SECTION ====================================================-->\n      <!--==================================================== Ecomm image ====================================================-->\n      <img decoding=\"async\" src=\"https:\/\/monatglobal.com\/nz\/wp-content\/uploads\/sites\/15\/2022\/10\/Adavance-Hydrating-Conditioner-Ecomm-.png\" alt=\"Product shot of Advanced Hydrating Conditioner.\" loading=\"lazy\"\/>\n      <!--==================================================== Ecomm information  ====================================================-->\n         \n         <h1>Apr\u00e8s-shampooing<br \/>Hydratation avanc\u00e9e<\/h1>\n         <p>Avec REJUVENIQE S\u2122<\/p>\n         <p>Un l\u00e9ger revitalisant qui hydrate les cheveux&nbsp;secs.<\/p> \n         <p>118 ml \u212e \/ 4  oz liq.<\/p>\n      <!--==================================================== pricing box ====================================================-->    \n   <p>Prix de d\u00e9tail<br \/>$00.00 $ CA<\/p>\n   <p>Prix de client VIP<br \/>$00.00 $ CA<\/p> \n       <!--==================================================== pricing box ====================================================-->    \n         <p>Pour en savoir plus sur l&#8217;Apr\u00e8s-shampooing Hydratation avanc\u00e9e, veuillez contacter votre partenaire de march\u00e9&nbsp;MONAT.<\/p>\n            <a href=\"\" target=\"_blank\" role=\"button\" aria-label=\"\" rel=\"noopener\"><\/a>\n   <!--==================================================== \/ECOMM SECTION  ====================================================-->\n   <!--==================================================== Benefits image ====================================================-->\n   \n      <source media=\"(max-width: 700px)\" srcset=\"https:\/\/monatglobal.com\/nz\/wp-content\/uploads\/sites\/15\/2022\/10\/Advance-Hydrating-Conditioner-Mobile.jpg\" loading=\"lazy\"\/>\n      <img decoding=\"async\" alt=\"Brunette female smiling and holding the Advanced Hydrating Conditioner.\" \n      src=\"https:\/\/monatglobal.com\/nz\/wp-content\/uploads\/sites\/15\/2022\/10\/Advance-Conditioner-Benefits-Desk.jpg\" loading=\"lazy\"\/>\n   \n   <!--==================================================== Benefits text ====================================================-->\n         <h2>BIENFAITS<\/h2>\n         <h3>Il hydrate l\u00e9g\u00e8rement les cheveux secs gr\u00e2ce \u00e0 la technologie \u00e0 base d&#8217;acide hyaluronique qui les prot\u00e8ge contre la s\u00e8cheresse et la perte&nbsp;d&#8217;humidit\u00e9.<\/h3>\n         <p> Id\u00e9al pour les cheveux fins \u00e0 moyens, ce produit convient \u00e0 tous les types de cheveux. Il est s\u00e9curitaire pour les cheveux color\u00e9s et test\u00e9 sous contr\u00f4le ophtalmologique et&nbsp;dermatologique. <\/p>\n         <!--==================================================== features image  ====================================================-->\n         <img decoding=\"async\" alt=\"Advanced Hydrating Conditioner laying on a flat surface, along with ingredients such as carrots, tomatoes and oil.\" \n         src=\"https:\/\/monatglobal.com\/nz\/wp-content\/uploads\/sites\/15\/2022\/10\/Adavance-Hydrating-Conditioner-Features.jpg\" loading=\"lazy\"\/>\n      <!--==================================================== features text ====================================================-->\n            <h3>Caract\u00e9ristiques<\/h3>\n               <p>\/ Dot\u00e9 d&#8217;une technologie \u00e0 base d&#8217;acide hyaluronique qui hydrate les cheveux, les laissant plus lisses, plus doux et plus&nbsp;brillants<\/p>\n               <p>\/ Les huiles v\u00e9g\u00e9tales et les huiles de fruits d&#8217;origine naturelle hydratent les&nbsp;cheveux<\/p>\n               <p>\/ Fait \u00e0 partir d&#8217;ingr\u00e9dients riches en acides gras om\u00e9ga qui aident \u00e0 hydrater, \u00e0 adoucir et \u00e0 lisser les cheveux pour augmenter la&nbsp;maniabilit\u00e9<\/p>\n               <p>*Based on instrumental tests by a third-party laboratory.<\/p>\n               <br \/>\n            <p>Parfum : Aux notes d&#8217;orange sanguine, de coque de noix de coco, de noix de cajou et de bois de&nbsp;santal. <\/p>\n            <p> Texture : Riche cr\u00e8me <\/p>\n   <!--==================================================== composition image mobile ====================================================-->\n   <img decoding=\"async\" alt=\"AAdvanced Hydrating Conditioner laying on a flat surface next to a white bath towel and Advanced Hydating Shampoo.\" src=\"https:\/\/monatglobal.com\/nz\/wp-content\/uploads\/sites\/15\/2022\/10\/Adavance-Hydrating-Conditioner-Comp1.jpg\" loading=\"lazy\"\/>\n   <!--==================================================== Why it works text ====================================================-->\n      <h2>R\u00e9tablissez l&#8217;\u00e9quilibre et adoucissez les cheveux fins \u00e0 moyens gr\u00e2ce \u00e0 la technologie d\u00e9salt\u00e9rante exclusive \u00e0&nbsp;MONAT.<\/h2>\n      <h3>Il nourrit les cheveux sans les alourdir gr\u00e2ce \u00e0 la technologie exclusive \u00e0 MONAT qui hydrate instantan\u00e9ment les cheveux, les laissant plus doux et plus&nbsp;brillants.<\/h3>\n<!--==================================================== Composition section ====================================================-->\n      <img decoding=\"async\" alt=\"Advanced Hydrating Conditioner laying on a flat surface next to a white bath towel and Advanced Hydating Shampoo.\" src=\"https:\/\/monatglobal.com\/nz\/wp-content\/uploads\/sites\/15\/2022\/10\/Adavance-Hydrating-Conditioner-Comp1.jpg\" loading=\"lazy\"\/>\n      <img decoding=\"async\" alt=\"Brunette female washing her hair in the shower with Advanced Hydrating Conditioner, overlaying a texture shot of Advanced Hydrating Conditioner.\" src=\"https:\/\/monatglobal.com\/nz\/wp-content\/uploads\/sites\/15\/2022\/10\/Adavance-Conditioner-Comp2.jpg\" loading=\"lazy\"\/>\n            <!--==================================================== Directions text ====================================================--> \n               <h3>Mode d&#8217;emploi<\/h3>\n               <p>\/ Laver les cheveux avec le Shampooing Hydratation avanc\u00e9e&nbsp;MONAT.<\/p>\n               <p>\/ Essorer doucement les cheveux pour retirer l&#8217;exc\u00e8s&nbsp;d&#8217;eau. <\/p>\n               <p>\/ Appliquer l&#8217;Apr\u00e8s-shampooing Hydratation&nbsp;avanc\u00e9e MONAT.<\/p>\n               <p>\/ Bien rincer.<\/p>\n            <!--==================================================== Directions video ====================================================-->\n      <p>Damage Repair <br \/>Bond-Fortifying Hair Leave-In Cr\u00e8me  <br \/>1:28<\/p>\n   <a href=\"\" target=\"_blank\" role=\"button\" aria-label=\"\" rel=\"noopener\"><\/a>\n   <!--==================================================== Ingredients section  ====================================================-->\n      <h2>INGR\u00c9DIENTS CL\u00c9S\n<\/h2>\n                <img decoding=\"async\" src=\"https:\/\/monatglobal.com\/wp-content\/uploads\/2022\/11\/REJUVENIQES.svg\" alt=\"REJUVENIQE S\u2122\"\/>\n               <p>REJUVENIQE S\u2122<\/p>\n               <img decoding=\"async\" src=\"https:\/\/monatglobal.com\/wp-content\/uploads\/2022\/11\/Hyaluronic-acid.svg\" alt=\"Technologie \u00e0 l'acide hyaluronique \"\/>\n               <p>Technologie \u00e0 l&#8217;acide hyaluronique <\/p>\n                <img decoding=\"async\" src=\"https:\/\/monatglobal.com\/wp-content\/uploads\/2022\/11\/Vegetable-Derived-Protein.svg\" alt=\"Prot\u00e9ine v\u00e9g\u00e9tale \"\/>\n               <p>Prot\u00e9ine v\u00e9g\u00e9tale <\/p>\n        <button id=\"myBtn\" type=\"button\">LISTE D&#8217;INGR\u00c9DIENTS<\/button>\n      <!--==================================================== Modal content  ====================================================-->\n         &times;\n         <p>Aqua\/Water\/Eau, Cetearyl Alcohol, Astrocaryum Murumuru Seed Butter, Brassicamidopropyl Dimethylamine, Behentrimonium Chloride, Orbignya Speciosa Kernel Oil, Cetyl Alcohol, Acetyl Tetrapeptide-3, Trifolium Pratense (Clover) Flower Extract, Adansonia Digitata Oil, Mauritia Flexuosa Fruit Oil, Cocos Nucifera (Coconut) Oil, Gardenia Taitensis Flower Extract, Caryocar Brasiliense Fruit Oil, Dextran, Simmondsia Chinensis (Jojoba) Seed Extract, Pisum Sativum (Pea) Extract, Potassium Phosphate, Citrus Aurantifolia (Lime) Oil, Citrus Aurantium Bergamia (Bergamot) Fruit Oil, Sodium Phosphate, Tocopherol, Silica Dimethyl Silylate, Camellia Oleifera Seed Oil, Olea Europaea (Olive) Fruit Oil, Solanum Lycopersicum (Tomato) Seed Oil, Daucus Carota Sativa (Carrot) Seed Oil, Citrus Limon (Lemon) Peel Oil, Glyceryl Polyacrylate, Algin, Caprylyl Glycol, Sodium Hyaluronate, Pullulan, Hydrated Silica, Disodium Phosphate, Crambe Abyssinica Seed Oil, Serine, Pentylene Glycol, Butylene Glycol, Centella Asiatica Extract, Curcuma Longa (Turmeric) Root Extract, Zingiber Officinale (Ginger) Root Oil, Moringa Oleifera Seed Oil, Limnanthes Alba (Meadowfoam) Seed Oil, Cinnamidopropyltrimonium Chloride, Trehalose, Urea, Glycerin, Cetyl Hydroxyethylcellulose, Panthenol, Hydrolyzed Pea Protein, Hydrolyzed Vegetable Protein, Polyquaternium-7, Ethylhexylglycerin, Cetearyl Glucoside, Helianthus Annuus (Sunflower) Seed Oil, Fragrance\/Parfum, Citric Acid, Potassium Sorbate, Benzyl Alcohol, Sodium Benzoate, Limonene.<\/p>\n   <!--==================================================== You might also like section ====================================================-->\n      <h2>VOUS POURRIEZ AUSSI AIMER<\/h2>\n      <!--==================================================== Slider YOU MIGHT ALSO LIKE ====================================================-->\n      <!---->\n      <!--   -->\n            <!--==================================================== Slides products ====================================================-->\n      <!--      -->\n      <!--         <a href=\"\/ca\/advanced-hydrating-shampoo\/?lang=fr\" aria-label=\"Go to Shampooing Hydratation avanc\u00e9e page\">-->\n      <!--            <img decoding=\"async\" src=\"https:\/\/monatglobal.com\/wp-content\/uploads\/2022\/12\/Advance-hydrating-shampoo-ecomm-min.png\" alt=\"Shampooing Hydratation avanc\u00e9e\" loading=\"lazy\"\/>-->\n      <!--            <p>Shampooing Hydratation<br \/>avanc\u00e9e<\/p>-->\n      <!--         <\/a>-->\n      <!--      -->\n            <!---->\n            <!--   <a href=\"\/ca\/hair-glossy-shine-mist\/?lang=fr\" aria-label=\"Go to Brume \u00e9clat parfait MONAT STUDIO ONE\u2122 page\">-->\n            <!--      <img decoding=\"async\" src=\"https:\/\/monatglobal.com\/wp-content\/uploads\/2022\/12\/Glossy-shine-mist-e_comm-min.png\" alt=\"Brume \u00e9clat parfait MONAT STUDIO ONE\u2122 \"\/>-->\n            <!--      <p>Brume \u00e9clat parfait<br \/>MONAT STUDIO ONE\u2122 <\/p>-->\n            <!--   <\/a>-->\n            <!---->\n      <!--   -->\n         <!--==================================================== If we need navigation buttons  ====================================================-->\n      <!--   -->\n      <!--   -->\n         <!--==================================================== If we need paginations  ====================================================-->\n      <!--   -->\n      <!---->\n             <!-- If we need navigation buttons -->\n             <!-- If we need paginations -->\n    <a href=\"\" aria-label=\"\"><\/a>\n<!--==================================================== this link has to go last for it to work   ====================================================-->\n\n","protected":false},"excerpt":{"rendered":"<p>Apr\u00e8s-shampooingHydratation avanc\u00e9e Avec REJUVENIQE S\u2122 Un l\u00e9ger revitalisant qui hydrate les cheveux&nbsp;secs. 118 ml \u212e \/ 4 oz liq. Prix de d\u00e9tail$00.00 $ CA Prix de client VIP$00.00 $ CA Pour en savoir plus sur l&#8217;Apr\u00e8s-shampooing Hydratation avanc\u00e9e, veuillez contacter votre partenaire de march\u00e9&nbsp;MONAT. BIENFAITS Il hydrate l\u00e9g\u00e8rement les cheveux secs gr\u00e2ce \u00e0 la technologie&hellip;<\/p>\n","protected":false},"author":20,"featured_media":40602,"parent":0,"menu_order":0,"comment_status":"closed","ping_status":"closed","template":"","meta":{"inline_featured_image":false,"om_disable_all_campaigns":false,"_monsterinsights_skip_tracking":false,"_monsterinsights_sitenote_active":false,"_monsterinsights_sitenote_note":"","_monsterinsights_sitenote_category":0,"footnotes":""},"categories":[3629],"tags":[],"class_list":["post-34196","page","type-page","status-publish","has-post-thumbnail","hentry","category-product-fra"],"aioseo_notices":[],"aioseo_head":"\n\t\t<!-- All in One SEO Pro 4.9.6 - aioseo.com -->\n\t<meta name=\"description\" content=\"Apr\u00e8s-shampooingHydratation avanc\u00e9e Avec REJUVENIQE S\u2122 Un l\u00e9ger revitalisant qui hydrate les cheveux secs. 118 ml \u212e \/ 4 oz liq. Prix de d\u00e9tail$00.00 $ CA Prix de client VIP$00.00 $ CA Pour en savoir plus sur l&#039;Apr\u00e8s-shampooing Hydratation avanc\u00e9e, veuillez contacter votre partenaire de march\u00e9 MONAT. BIENFAITS Il hydrate l\u00e9g\u00e8rement les cheveux secs gr\u00e2ce \u00e0 la technologie\" \/>\n\t<meta name=\"robots\" content=\"max-image-preview:large\" \/>\n\t<link rel=\"canonical\" href=\"https:\/\/monatglobal.com\/ca\/advanced-hydrating-conditioner\/?lang=fr\" \/>\n\t<meta name=\"generator\" content=\"All in One SEO Pro (AIOSEO) 4.9.6\" \/>\n\t\t<meta property=\"og:locale\" content=\"en_US\" \/>\n\t\t<meta property=\"og:site_name\" content=\"Monat Canada English - We Are Modern Nature\" \/>\n\t\t<meta property=\"og:type\" content=\"article\" \/>\n\t\t<meta property=\"og:title\" content=\"Revitalisant Hydratation avanc\u00e9e - Monat Canada English\" \/>\n\t\t<meta property=\"og:description\" content=\"Apr\u00e8s-shampooingHydratation avanc\u00e9e Avec REJUVENIQE S\u2122 Un l\u00e9ger revitalisant qui hydrate les cheveux secs. 118 ml \u212e \/ 4 oz liq. Prix de d\u00e9tail$00.00 $ CA Prix de client VIP$00.00 $ CA Pour en savoir plus sur l&#039;Apr\u00e8s-shampooing Hydratation avanc\u00e9e, veuillez contacter votre partenaire de march\u00e9 MONAT. BIENFAITS Il hydrate l\u00e9g\u00e8rement les cheveux secs gr\u00e2ce \u00e0 la technologie\" \/>\n\t\t<meta property=\"og:url\" content=\"https:\/\/monatglobal.com\/ca\/advanced-hydrating-conditioner\/?lang=fr\" \/>\n\t\t<meta property=\"article:published_time\" content=\"2018-07-31T03:34:54+00:00\" \/>\n\t\t<meta property=\"article:modified_time\" content=\"2026-01-19T15:02:36+00:00\" \/>\n\t\t<meta name=\"twitter:card\" content=\"summary_large_image\" \/>\n\t\t<meta name=\"twitter:title\" content=\"Revitalisant Hydratation avanc\u00e9e - Monat Canada English\" \/>\n\t\t<meta name=\"twitter:description\" content=\"Apr\u00e8s-shampooingHydratation avanc\u00e9e Avec REJUVENIQE S\u2122 Un l\u00e9ger revitalisant qui hydrate les cheveux secs. 118 ml \u212e \/ 4 oz liq. Prix de d\u00e9tail$00.00 $ CA Prix de client VIP$00.00 $ CA Pour en savoir plus sur l&#039;Apr\u00e8s-shampooing Hydratation avanc\u00e9e, veuillez contacter votre partenaire de march\u00e9 MONAT. BIENFAITS Il hydrate l\u00e9g\u00e8rement les cheveux secs gr\u00e2ce \u00e0 la technologie\" \/>\n\t\t<script type=\"application\/ld+json\" class=\"aioseo-schema\">\n\t\t\t{\"@context\":\"https:\\\/\\\/schema.org\",\"@graph\":[{\"@type\":\"BreadcrumbList\",\"@id\":\"https:\\\/\\\/monatglobal.com\\\/ca\\\/advanced-hydrating-conditioner\\\/?lang=fr#breadcrumblist\",\"itemListElement\":[{\"@type\":\"ListItem\",\"@id\":\"https:\\\/\\\/monatglobal.com\\\/ca#listItem\",\"position\":1,\"name\":\"Home\",\"item\":\"https:\\\/\\\/monatglobal.com\\\/ca\",\"nextItem\":{\"@type\":\"ListItem\",\"@id\":\"https:\\\/\\\/monatglobal.com\\\/ca\\\/advanced-hydrating-conditioner\\\/?lang=fr#listItem\",\"name\":\"Revitalisant Hydratation avanc\\u00e9e\"}},{\"@type\":\"ListItem\",\"@id\":\"https:\\\/\\\/monatglobal.com\\\/ca\\\/advanced-hydrating-conditioner\\\/?lang=fr#listItem\",\"position\":2,\"name\":\"Revitalisant Hydratation avanc\\u00e9e\",\"previousItem\":{\"@type\":\"ListItem\",\"@id\":\"https:\\\/\\\/monatglobal.com\\\/ca#listItem\",\"name\":\"Home\"}}]},{\"@type\":\"Organization\",\"@id\":\"https:\\\/\\\/monatglobal.com\\\/ca\\\/#organization\",\"name\":\"Monat Canada English\",\"description\":\"We Are Modern Nature\",\"url\":\"https:\\\/\\\/monatglobal.com\\\/ca\\\/\"},{\"@type\":\"WebPage\",\"@id\":\"https:\\\/\\\/monatglobal.com\\\/ca\\\/advanced-hydrating-conditioner\\\/?lang=fr#webpage\",\"url\":\"https:\\\/\\\/monatglobal.com\\\/ca\\\/advanced-hydrating-conditioner\\\/?lang=fr\",\"name\":\"Revitalisant Hydratation avanc\\u00e9e - Monat Canada English\",\"description\":\"Apr\\u00e8s-shampooingHydratation avanc\\u00e9e Avec REJUVENIQE S\\u2122 Un l\\u00e9ger revitalisant qui hydrate les cheveux secs. 118 ml \\u212e \\\/ 4 oz liq. Prix de d\\u00e9tail$00.00 $ CA Prix de client VIP$00.00 $ CA Pour en savoir plus sur l'Apr\\u00e8s-shampooing Hydratation avanc\\u00e9e, veuillez contacter votre partenaire de march\\u00e9 MONAT. BIENFAITS Il hydrate l\\u00e9g\\u00e8rement les cheveux secs gr\\u00e2ce \\u00e0 la technologie\",\"inLanguage\":\"en-US\",\"isPartOf\":{\"@id\":\"https:\\\/\\\/monatglobal.com\\\/ca\\\/#website\"},\"breadcrumb\":{\"@id\":\"https:\\\/\\\/monatglobal.com\\\/ca\\\/advanced-hydrating-conditioner\\\/?lang=fr#breadcrumblist\"},\"image\":{\"@type\":\"ImageObject\",\"url\":\"https:\\\/\\\/monatglobal.com\\\/ca\\\/wp-content\\\/uploads\\\/sites\\\/5\\\/2019\\\/01\\\/ADVANCED-HYDRATING-CONDITIONER-500x438.png\",\"@id\":\"https:\\\/\\\/monatglobal.com\\\/ca\\\/advanced-hydrating-conditioner\\\/?lang=fr\\\/#mainImage\",\"width\":438,\"height\":500},\"primaryImageOfPage\":{\"@id\":\"https:\\\/\\\/monatglobal.com\\\/ca\\\/advanced-hydrating-conditioner\\\/?lang=fr#mainImage\"},\"datePublished\":\"2018-07-31T03:34:54-04:00\",\"dateModified\":\"2026-01-19T10:02:36-05:00\"},{\"@type\":\"WebSite\",\"@id\":\"https:\\\/\\\/monatglobal.com\\\/ca\\\/#website\",\"url\":\"https:\\\/\\\/monatglobal.com\\\/ca\\\/\",\"name\":\"Monat Canada English\",\"description\":\"We Are Modern Nature\",\"inLanguage\":\"en-US\",\"publisher\":{\"@id\":\"https:\\\/\\\/monatglobal.com\\\/ca\\\/#organization\"}}]}\n\t\t<\/script>\n\t\t<!-- All in One SEO Pro -->\r\n\t\t<title>Revitalisant Hydratation avanc\u00e9e - Monat Canada English<\/title>\n\n","aioseo_head_json":{"title":"Revitalisant Hydratation avanc\u00e9e - Monat Canada English","description":"Apr\u00e8s-shampooingHydratation avanc\u00e9e Avec REJUVENIQE S\u2122 Un l\u00e9ger revitalisant qui hydrate les cheveux secs. 118 ml \u212e \/ 4 oz liq. Prix de d\u00e9tail$00.00 $ CA Prix de client VIP$00.00 $ CA Pour en savoir plus sur l'Apr\u00e8s-shampooing Hydratation avanc\u00e9e, veuillez contacter votre partenaire de march\u00e9 MONAT. BIENFAITS Il hydrate l\u00e9g\u00e8rement les cheveux secs gr\u00e2ce \u00e0 la technologie","canonical_url":"https:\/\/monatglobal.com\/ca\/advanced-hydrating-conditioner\/?lang=fr","robots":"max-image-preview:large","keywords":"","webmasterTools":{"miscellaneous":""},"schema":{"@context":"https:\/\/schema.org","@graph":[{"@type":"BreadcrumbList","@id":"https:\/\/monatglobal.com\/ca\/advanced-hydrating-conditioner\/?lang=fr#breadcrumblist","itemListElement":[{"@type":"ListItem","@id":"https:\/\/monatglobal.com\/ca#listItem","position":1,"name":"Home","item":"https:\/\/monatglobal.com\/ca","nextItem":{"@type":"ListItem","@id":"https:\/\/monatglobal.com\/ca\/advanced-hydrating-conditioner\/?lang=fr#listItem","name":"Revitalisant Hydratation avanc\u00e9e"}},{"@type":"ListItem","@id":"https:\/\/monatglobal.com\/ca\/advanced-hydrating-conditioner\/?lang=fr#listItem","position":2,"name":"Revitalisant Hydratation avanc\u00e9e","previousItem":{"@type":"ListItem","@id":"https:\/\/monatglobal.com\/ca#listItem","name":"Home"}}]},{"@type":"Organization","@id":"https:\/\/monatglobal.com\/ca\/#organization","name":"Monat Canada English","description":"We Are Modern Nature","url":"https:\/\/monatglobal.com\/ca\/"},{"@type":"WebPage","@id":"https:\/\/monatglobal.com\/ca\/advanced-hydrating-conditioner\/?lang=fr#webpage","url":"https:\/\/monatglobal.com\/ca\/advanced-hydrating-conditioner\/?lang=fr","name":"Revitalisant Hydratation avanc\u00e9e - Monat Canada English","description":"Apr\u00e8s-shampooingHydratation avanc\u00e9e Avec REJUVENIQE S\u2122 Un l\u00e9ger revitalisant qui hydrate les cheveux secs. 118 ml \u212e \/ 4 oz liq. Prix de d\u00e9tail$00.00 $ CA Prix de client VIP$00.00 $ CA Pour en savoir plus sur l'Apr\u00e8s-shampooing Hydratation avanc\u00e9e, veuillez contacter votre partenaire de march\u00e9 MONAT. BIENFAITS Il hydrate l\u00e9g\u00e8rement les cheveux secs gr\u00e2ce \u00e0 la technologie","inLanguage":"en-US","isPartOf":{"@id":"https:\/\/monatglobal.com\/ca\/#website"},"breadcrumb":{"@id":"https:\/\/monatglobal.com\/ca\/advanced-hydrating-conditioner\/?lang=fr#breadcrumblist"},"image":{"@type":"ImageObject","url":"https:\/\/monatglobal.com\/ca\/wp-content\/uploads\/sites\/5\/2019\/01\/ADVANCED-HYDRATING-CONDITIONER-500x438.png","@id":"https:\/\/monatglobal.com\/ca\/advanced-hydrating-conditioner\/?lang=fr\/#mainImage","width":438,"height":500},"primaryImageOfPage":{"@id":"https:\/\/monatglobal.com\/ca\/advanced-hydrating-conditioner\/?lang=fr#mainImage"},"datePublished":"2018-07-31T03:34:54-04:00","dateModified":"2026-01-19T10:02:36-05:00"},{"@type":"WebSite","@id":"https:\/\/monatglobal.com\/ca\/#website","url":"https:\/\/monatglobal.com\/ca\/","name":"Monat Canada English","description":"We Are Modern Nature","inLanguage":"en-US","publisher":{"@id":"https:\/\/monatglobal.com\/ca\/#organization"}}]},"og:locale":"en_US","og:site_name":"Monat Canada English - We Are Modern Nature","og:type":"article","og:title":"Revitalisant Hydratation avanc\u00e9e - Monat Canada English","og:description":"Apr\u00e8s-shampooingHydratation avanc\u00e9e Avec REJUVENIQE S\u2122 Un l\u00e9ger revitalisant qui hydrate les cheveux secs. 118 ml \u212e \/ 4 oz liq. Prix de d\u00e9tail$00.00 $ CA Prix de client VIP$00.00 $ CA Pour en savoir plus sur l'Apr\u00e8s-shampooing Hydratation avanc\u00e9e, veuillez contacter votre partenaire de march\u00e9 MONAT. BIENFAITS Il hydrate l\u00e9g\u00e8rement les cheveux secs gr\u00e2ce \u00e0 la technologie","og:url":"https:\/\/monatglobal.com\/ca\/advanced-hydrating-conditioner\/?lang=fr","article:published_time":"2018-07-31T03:34:54+00:00","article:modified_time":"2026-01-19T15:02:36+00:00","twitter:card":"summary_large_image","twitter:title":"Revitalisant Hydratation avanc\u00e9e - Monat Canada English","twitter:description":"Apr\u00e8s-shampooingHydratation avanc\u00e9e Avec REJUVENIQE S\u2122 Un l\u00e9ger revitalisant qui hydrate les cheveux secs. 118 ml \u212e \/ 4 oz liq. Prix de d\u00e9tail$00.00 $ CA Prix de client VIP$00.00 $ CA Pour en savoir plus sur l'Apr\u00e8s-shampooing Hydratation avanc\u00e9e, veuillez contacter votre partenaire de march\u00e9 MONAT. BIENFAITS Il hydrate l\u00e9g\u00e8rement les cheveux secs gr\u00e2ce \u00e0 la technologie"},"aioseo_meta_data":{"post_id":"34196","title":null,"description":null,"keywords":null,"keyphrases":{"focus":{"keyphrase":"","score":0,"analysis":{"keyphraseInTitle":{"score":0,"maxScore":9,"error":1}}},"additional":[]},"primary_term":null,"canonical_url":null,"og_title":null,"og_description":null,"og_object_type":"default","og_image_type":"default","og_image_url":null,"og_image_width":null,"og_image_height":null,"og_image_custom_url":null,"og_image_custom_fields":null,"og_video":"","og_custom_url":null,"og_article_section":null,"og_article_tags":null,"twitter_use_og":false,"twitter_card":"default","twitter_image_type":"default","twitter_image_url":null,"twitter_image_custom_url":null,"twitter_image_custom_fields":null,"twitter_title":null,"twitter_description":null,"schema":{"blockGraphs":[],"customGraphs":[],"default":{"data":{"Article":[],"Course":[],"Dataset":[],"FAQPage":[],"Movie":[],"Person":[],"Product":[],"ProductReview":[],"Car":[],"Recipe":[],"Service":[],"SoftwareApplication":[],"WebPage":[]},"graphName":"WebPage","isEnabled":true},"graphs":[]},"schema_type":"default","schema_type_options":null,"pillar_content":false,"robots_default":true,"robots_noindex":false,"robots_noarchive":false,"robots_nosnippet":false,"robots_nofollow":false,"robots_noimageindex":false,"robots_noodp":false,"robots_notranslate":false,"robots_max_snippet":"-1","robots_max_videopreview":"-1","robots_max_imagepreview":"large","priority":null,"frequency":"default","local_seo":null,"seo_analyzer_scan_date":"2026-02-10 03:42:36","limit_modified_date":false,"reviewed_by":null,"open_ai":"{\"title\":{\"suggestions\":[],\"usage\":0},\"description\":{\"suggestions\":[],\"usage\":0}}","ai":null,"created":"2023-07-26 12:27:06","updated":"2026-02-10 18:41:50"},"aioseo_breadcrumb":"<div class=\"aioseo-breadcrumbs\"><span class=\"aioseo-breadcrumb\">\n\t<a href=\"https:\/\/monatglobal.com\/ca\" title=\"Home\">Home<\/a>\n<\/span><span class=\"aioseo-breadcrumb-separator\">&raquo;<\/span><span class=\"aioseo-breadcrumb\">\n\tRevitalisant Hydratation avanc\u00e9e\n<\/span><\/div>","aioseo_breadcrumb_json":[{"label":"Home","link":"https:\/\/monatglobal.com\/ca"},{"label":"Revitalisant Hydratation avanc\u00e9e","link":"https:\/\/monatglobal.com\/ca\/advanced-hydrating-conditioner\/?lang=fr"}],"_links":{"self":[{"href":"https:\/\/monatglobal.com\/ca\/wp-json\/wp\/v2\/pages\/34196","targetHints":{"allow":["GET"]}}],"collection":[{"href":"https:\/\/monatglobal.com\/ca\/wp-json\/wp\/v2\/pages"}],"about":[{"href":"https:\/\/monatglobal.com\/ca\/wp-json\/wp\/v2\/types\/page"}],"author":[{"embeddable":true,"href":"https:\/\/monatglobal.com\/ca\/wp-json\/wp\/v2\/users\/20"}],"replies":[{"embeddable":true,"href":"https:\/\/monatglobal.com\/ca\/wp-json\/wp\/v2\/comments?post=34196"}],"version-history":[{"count":43,"href":"https:\/\/monatglobal.com\/ca\/wp-json\/wp\/v2\/pages\/34196\/revisions"}],"predecessor-version":[{"id":110110,"href":"https:\/\/monatglobal.com\/ca\/wp-json\/wp\/v2\/pages\/34196\/revisions\/110110"}],"wp:featuredmedia":[{"embeddable":true,"href":"https:\/\/monatglobal.com\/ca\/wp-json\/wp\/v2\/media\/40602"}],"wp:attachment":[{"href":"https:\/\/monatglobal.com\/ca\/wp-json\/wp\/v2\/media?parent=34196"}],"wp:term":[{"taxonomy":"category","embeddable":true,"href":"https:\/\/monatglobal.com\/ca\/wp-json\/wp\/v2\/categories?post=34196"},{"taxonomy":"post_tag","embeddable":true,"href":"https:\/\/monatglobal.com\/ca\/wp-json\/wp\/v2\/tags?post=34196"}],"curies":[{"name":"wp","href":"https:\/\/api.w.org\/{rel}","templated":true}]}}