{"id":34189,"date":"2018-07-31T01:01:00","date_gmt":"2018-07-31T01:01:00","guid":{"rendered":"https:\/\/monatglobal.com\/ca\/?page_id=34189"},"modified":"2026-01-19T09:56:15","modified_gmt":"2026-01-19T14:56:15","slug":"advanced-hydrating-shampoo","status":"publish","type":"page","link":"https:\/\/monatglobal.com\/ca\/advanced-hydrating-shampoo\/?lang=fr","title":{"rendered":"Shampooing Hydratation avanc\u00e9e"},"content":{"rendered":"\n\n\t<link rel=\"stylesheet\" href=\"https:\/\/cdn.jsdelivr.net\/npm\/swiper@8\/swiper-bundle.min.css\" \/>\n<link rel=\"stylesheet\" href=\"https:\/\/monatglobal.com\/wp-content\/creative_css\/product_styles_sheet.css\" \/> \n   <!--==================================================== ECOMM SECTION ====================================================-->\n      <!--==================================================== Ecomm image ====================================================-->\n      <img decoding=\"async\" src=\"https:\/\/monatglobal.com\/nz\/wp-content\/uploads\/sites\/15\/2022\/10\/intense-repair-shampoo-ecomm-.png\" alt=\"Product shot of Advanced Hydrating Shampoo.\" loading=\"lazy\"\/>\n      <!--==================================================== Ecomm information  ====================================================-->\n         \n         <h1>Shampooing Hydratation<br \/>avanc\u00e9e<\/h1>\n         <p>Avec REJUVENIQE S\u2122<\/p>\n         <p>Un l\u00e9ger nettoyant hydratant qui nourrit les cheveux fins \u00e0&nbsp;moyens.<\/p> \n         <p>237 ml \u212e 8 oz liq.<\/p>\n       <!--==================================================== pricing box ====================================================-->    \n   <p>Prix de d\u00e9tail<br \/>$00.00 $ CA<\/p>\n   <p>Prix de client VIP<br \/>$00.00 $ CA<\/p> \n        <!--==================================================== pricing box ====================================================-->    \n         <p>Pour en apprendre plus sur le Shampooing Hydratation avanc\u00e9e, veuillez contacter votre partenaire de march\u00e9&nbsp;MONAT.<\/p>\n            <a href=\"\" target=\"_blank\" role=\"button\" aria-label=\"\" rel=\"noopener\"><\/a>\n   <!--==================================================== \/ECOMM SECTION  ====================================================-->\n   <!--==================================================== Benefits image ====================================================-->\n   \n      <source media=\"(max-width: 700px)\" srcset=\"https:\/\/monatglobal.com\/nz\/wp-content\/uploads\/sites\/15\/2022\/10\/Advance-Hydrating-Shampoo-Benefits-Mobile.jpg\" loading=\"lazy\"\/>\n      <img decoding=\"async\" alt=\"Brunette female holding the Advanced Hydrating Shampoo in front of her face.\" \n      src=\"https:\/\/monatglobal.com\/nz\/wp-content\/uploads\/sites\/15\/2022\/10\/Advance-hydrating-Shampoo-Benefits-Desk.jpg\" loading=\"lazy\"\/>\n   \n   <!--==================================================== Benefits text ====================================================-->\n         <h2>BIENFAITS<\/h2>\n         <h3>Il offre une hydratation additionnelle de 20 % pour lutter contre les cheveux secs \u00e0 l&#8217;aide d&#8217;une technologie \u00e0 base d&#8217;acide&nbsp;hyaluronique.<\/h3>\n         <p>Ce shampooing est s\u00e9curitaire pour les cheveux color\u00e9s et nourrit les cheveux tout en les nettoyant, les laissant doux et&nbsp;radieux.<\/p>\n         <!--==================================================== features image  ====================================================-->\n         <img decoding=\"async\" alt=\"Advanced Hydrating Shampoo laying on a flat surface, along with ingredients such as lemon slices, coconut pieces, tomatoes and oil.\" \n         src=\"https:\/\/monatglobal.com\/nz\/wp-content\/uploads\/sites\/15\/2022\/10\/Advance-Hydrating-Shampoo-Features.jpg\" loading=\"lazy\"\/>\n      <!--==================================================== features text ====================================================-->\n            <h3>Caract\u00e9ristiques<\/h3>\n               <p>\/ Il nettoie les cheveux gr\u00e2ce aux huiles v\u00e9g\u00e9tales et de fruits d&#8217;origine naturelle, les laissant&nbsp;radieux<\/p>\n               <p>\/ REJUVENIQE S\u2122<\/p>\n               <br \/>\n            <p>Parfum \/ Aux notes d&#8217;orange sanguine, de coque de noix de coco, de noix de cajou et de bois de&nbsp;santal. <\/p>\n            <p> Texture \/ Cr\u00e8me<\/p>\n   <!--==================================================== composition image mobile ====================================================-->\n   <img decoding=\"async\" alt=\"Advanced Hydrating Shampoo and Advanced Hydrating Conditioner on a marble surface.\" src=\"https:\/\/monatglobal.com\/nz\/wp-content\/uploads\/sites\/15\/2022\/10\/Adavance-Hydrating-Conditioner-Comp_1.jpg\" loading=\"lazy\"\/>\n   <!--==================================================== Why it works text ====================================================-->\n      <h2>Il r\u00e9tablit l&#8217;\u00e9quilibre des cheveux fins \u00e0 moyens gr\u00e2ce \u00e0 la technologie d\u00e9salt\u00e9rante exclusive \u00e0&nbsp;MONAT. <\/h2>\n      <h3>Il augmente l&#8217;hydratation tout en nettoyant les&nbsp;cheveux.<\/h3>\n      <p> Un trio d&#8217;ingr\u00e9dients actifs hydratants comprenant le REJUVENIQE S\u2122, les acides hyaluroniques et les prot\u00e9ines v\u00e9g\u00e9tales laissent les cheveux plus doux et&nbsp;\u00e9quilibr\u00e9s. <\/p>\n<!--==================================================== Composition section ====================================================-->\n      <img decoding=\"async\" alt=\"Advanced Hydrating Shampoo and Advanced Hydrating Conditioner on a marble surface.\" src=\"https:\/\/monatglobal.com\/nz\/wp-content\/uploads\/sites\/15\/2022\/10\/Adavance-Hydrating-Conditioner-Comp_1.jpg\" loading=\"lazy\"\/>\n      <img decoding=\"async\" alt=\"Brunette female washing her hair in the shower with Advanced Hydrating Shampoo, overlaying a texture shot of Advanced Hydrating Shampoo.\" src=\"https:\/\/monatglobal.com\/nz\/wp-content\/uploads\/sites\/15\/2022\/10\/Advance-Hydrating-shampoo-Comp.jpg\" loading=\"lazy\"\/>\n            <!--==================================================== Directions text ====================================================--> \n               <h3>Mode d&#8217;emploi<\/h3>\n               <p>\/ \u00c9mulsionner dans les mains. <\/p>\n               <p>\/ Appliquer sur cheveux mouill\u00e9s. <\/p>\n               <p>\/ Laisser agir 1 \u00e0 2 minutes. <\/p>\n               <p>\/ Rincer et r\u00e9p\u00e9ter l&#8217;op\u00e9ration. <\/p>\n               <p>\/ Compl\u00e9ter avec l&#8217;Apr\u00e8s-shampooing Hydratation avanc\u00e9e. <\/p>\n            <!--==================================================== Directions video ====================================================-->\n      <p>Damage Repair <br \/>Bond-Fortifying Hair Leave-In Cr\u00e8me  <br \/>1:28<\/p>\n   <a href=\"\" target=\"_blank\" role=\"button\" aria-label=\"\" rel=\"noopener\"><\/a>\n   <!--==================================================== Ingredients section  ====================================================-->\n      <h2>INGR\u00c9DIENTS CL\u00c9S<\/h2>\n                <img decoding=\"async\" src=\"https:\/\/monatglobal.com\/wp-content\/uploads\/2022\/11\/REJUVENIQES.svg\" alt=\"REJUVENIQE S\u2122\"\/>\n               <p> REJUVENIQE S\u2122<\/p>\n               <img decoding=\"async\" src=\"https:\/\/monatglobal.com\/wp-content\/uploads\/2022\/11\/Hyaluronic-acid.svg\" alt=\"Technologie \u00e0 l'acide hyaluronique \"\/>\n               <p>Technologie \u00e0 l&#8217;acide hyaluronique <\/p>\n                <img decoding=\"async\" src=\"https:\/\/monatglobal.com\/wp-content\/uploads\/2022\/11\/Vegetable-Derived-Protein.svg\" alt=\"\u00a0Prot\u00e9ine v\u00e9g\u00e9talienne \"\/>\n               <p>Prot\u00e9ine v\u00e9g\u00e9tale<\/p>\n        <button id=\"myBtn\" type=\"button\">LISTE D&#8217;INGR\u00c9DIENTS<\/button>\n      <!--==================================================== Modal content  ====================================================-->\n         &times;\n         <p>Aqua\/Water\/Eau, Sodium Lauroyl Methyl Isethionate, Glycerin, Sodium Cocoyl Isethionate, Lauramidopropyl Betaine, Glycol Distearate, Hydroxyethyl Diethylenetriamine Dioleamide\/Palmitamide, Acrylates Copolymer, Isoamyl Laurate, Acetyl Tetrapeptide-3, Pisum Sativum (Pea) Extract, Trifolium Pratense (Clover) Flower Extract, Hydrolyzed Pea Protein, Hydrolyzed Vegetable Protein, Limnanthes Alba (Meadowfoam) Seed Oil, Crambe Abyssinica Seed Oil, Camellia Oleifera Seed Oil, Solanum Lycopersicum (Tomato) Seed Oil, Daucus Carota Sativa (Carrot) Seed Oil, Citrus Limon (Lemon) Peel Oil, Citrus Aurantifolia (Lime) Oil, Citrus Aurantium Bergamia (Bergamot) Fruit Oil, Adansonia Digitata Oil, Mauritia Flexuosa Fruit Oil, Cocos Nucifera (Coconut) Oil, Gardenia Taitensis Flower Extract, Moringa Oleifera Seed Oil, Caryocar Brasiliense Fruit Oil, Helianthus Annuus (Sunflower) Seed Oil, Olea Europaea (Olive) Fruit Oil, Simmondsia Chinensis (Jojoba) Seed Extract, Polyquaternium-7, Sodium Hyaluronate, Hydroxyethylcellulose, Disodium Phosphate, Sodium Phosphate, Polysorbate 60, Sodium Phytate, Alcohol, Behenyl Alcohol, Cetearyl Alcohol, Hydroxyethyl Cetearamidopropyldimonium Chloride, Triisodecyl Phosphite, Coconut Acid, Sodium Isethionate, Trisodium Ethylenediamine Disuccinate, Cinnamidopropyltrimonium Chloride, Trehalose, Urea, Serine, Pentylene Glycol, Glyceryl Polyacrylate, Algin, Caprylyl Glycol, Pullulan, Potassium Phosphate, Butylene Glycol, Dextran, Methylchloroisothiazolinone, Methylisothiazolinone, Sodium Chloride, Sodium Benzoate, Potassium Sorbate, Fragrance\/Parfum, Citric Acid.<\/p>\n   <!--==================================================== You might also like section ====================================================-->\n      <h2>VOUS POURRIEZ AUSSI&nbsp;AIMER<\/h2>\n      <!--==================================================== Slider YOU MIGHT ALSO LIKE ====================================================-->\n      <!---->\n      <!--   -->\n            <!--==================================================== Slides products ====================================================-->\n      <!--      -->\n      <!--         <a href=\"\/ca\/advanced-hydrating-conditioner\/?lang=fr\" aria-label=\"Go to Apr\u00e8s-shampooing Hydratation avanc\u00e9e page\">-->\n      <!--            <img decoding=\"async\" src=\"https:\/\/monatglobal.com\/wp-content\/uploads\/2022\/12\/Adavance-Hydrating-Conditioner-Ecomm-min.png\"alt=\"Apr\u00e8s-shampooing Hydratation avanc\u00e9e\" loading=\"lazy\"\/>-->\n      <!--            <p>Apr\u00e8s-shampooing<br \/>Hydratation avanc\u00e9e<\/p>-->\n      <!--         <\/a>-->\n      <!--      -->\n            <!---->\n            <!--   <a href=\"\/ca\/hair-glossy-shine-mist\/?lang=fr\" aria-label=\"Go to Brume \u00e9clat parfait MONAT STUDIO ONE\u2122  page\">-->\n            <!--      <img decoding=\"async\" src=\"https:\/\/monatglobal.com\/wp-content\/uploads\/2022\/12\/Glossy-shine-mist-e_comm-min.png\" alt=\"Brume \u00e9clat parfait MONAT STUDIO ONE\u2122 \"\/>-->\n            <!--      <p>Brume \u00e9clat parfait<br \/>MONAT STUDIO ONE\u2122 <\/p>-->\n            <!--   <\/a>-->\n            <!---->\n      <!--   -->\n         <!--==================================================== If we need navigation buttons  ====================================================-->\n      <!--   -->\n      <!--   -->\n         <!--==================================================== If we need paginations  ====================================================-->\n      <!--   -->\n      <!---->\n             <!-- If we need navigation buttons -->\n             <!-- If we need paginations -->\n    <a href=\"\" aria-label=\"\"><\/a>\n<!--==================================================== this link has to go last for it to work   ====================================================-->\n\n","protected":false},"excerpt":{"rendered":"<p>Shampooing Hydratationavanc\u00e9e Avec REJUVENIQE S\u2122 Un l\u00e9ger nettoyant hydratant qui nourrit les cheveux fins \u00e0&nbsp;moyens. 237 ml \u212e 8 oz liq. Prix de d\u00e9tail$00.00 $ CA Prix de client VIP$00.00 $ CA Pour en apprendre plus sur le Shampooing Hydratation avanc\u00e9e, veuillez contacter votre partenaire de march\u00e9&nbsp;MONAT. BIENFAITS Il offre une hydratation additionnelle de 20&hellip;<\/p>\n","protected":false},"author":20,"featured_media":40601,"parent":0,"menu_order":0,"comment_status":"closed","ping_status":"closed","template":"","meta":{"inline_featured_image":false,"om_disable_all_campaigns":false,"_monsterinsights_skip_tracking":false,"_monsterinsights_sitenote_active":false,"_monsterinsights_sitenote_note":"","_monsterinsights_sitenote_category":0,"footnotes":""},"categories":[3629],"tags":[],"class_list":["post-34189","page","type-page","status-publish","has-post-thumbnail","hentry","category-product-fra"],"aioseo_notices":[],"aioseo_head":"\n\t\t<!-- All in One SEO Pro 4.9.6 - aioseo.com -->\n\t<meta name=\"description\" content=\"Shampooing Hydratationavanc\u00e9e Avec REJUVENIQE S\u2122 Un l\u00e9ger nettoyant hydratant qui nourrit les cheveux fins \u00e0 moyens. 237 ml \u212e 8 oz liq. Prix de d\u00e9tail$00.00 $ CA Prix de client VIP$00.00 $ CA Pour en apprendre plus sur le Shampooing Hydratation avanc\u00e9e, veuillez contacter votre partenaire de march\u00e9 MONAT. BIENFAITS Il offre une hydratation additionnelle de 20\" \/>\n\t<meta name=\"robots\" content=\"max-image-preview:large\" \/>\n\t<link rel=\"canonical\" href=\"https:\/\/monatglobal.com\/ca\/advanced-hydrating-shampoo\/?lang=fr\" \/>\n\t<meta name=\"generator\" content=\"All in One SEO Pro (AIOSEO) 4.9.6\" \/>\n\t\t<meta property=\"og:locale\" content=\"en_US\" \/>\n\t\t<meta property=\"og:site_name\" content=\"Monat Canada English - We Are Modern Nature\" \/>\n\t\t<meta property=\"og:type\" content=\"article\" \/>\n\t\t<meta property=\"og:title\" content=\"Shampooing Hydratation avanc\u00e9e - Monat Canada English\" \/>\n\t\t<meta property=\"og:description\" content=\"Shampooing Hydratationavanc\u00e9e Avec REJUVENIQE S\u2122 Un l\u00e9ger nettoyant hydratant qui nourrit les cheveux fins \u00e0 moyens. 237 ml \u212e 8 oz liq. Prix de d\u00e9tail$00.00 $ CA Prix de client VIP$00.00 $ CA Pour en apprendre plus sur le Shampooing Hydratation avanc\u00e9e, veuillez contacter votre partenaire de march\u00e9 MONAT. BIENFAITS Il offre une hydratation additionnelle de 20\" \/>\n\t\t<meta property=\"og:url\" content=\"https:\/\/monatglobal.com\/ca\/advanced-hydrating-shampoo\/?lang=fr\" \/>\n\t\t<meta property=\"article:published_time\" content=\"2018-07-31T01:01:00+00:00\" \/>\n\t\t<meta property=\"article:modified_time\" content=\"2026-01-19T14:56:15+00:00\" \/>\n\t\t<meta name=\"twitter:card\" content=\"summary_large_image\" \/>\n\t\t<meta name=\"twitter:title\" content=\"Shampooing Hydratation avanc\u00e9e - Monat Canada English\" \/>\n\t\t<meta name=\"twitter:description\" content=\"Shampooing Hydratationavanc\u00e9e Avec REJUVENIQE S\u2122 Un l\u00e9ger nettoyant hydratant qui nourrit les cheveux fins \u00e0 moyens. 237 ml \u212e 8 oz liq. Prix de d\u00e9tail$00.00 $ CA Prix de client VIP$00.00 $ CA Pour en apprendre plus sur le Shampooing Hydratation avanc\u00e9e, veuillez contacter votre partenaire de march\u00e9 MONAT. BIENFAITS Il offre une hydratation additionnelle de 20\" \/>\n\t\t<script type=\"application\/ld+json\" class=\"aioseo-schema\">\n\t\t\t{\"@context\":\"https:\\\/\\\/schema.org\",\"@graph\":[{\"@type\":\"BreadcrumbList\",\"@id\":\"https:\\\/\\\/monatglobal.com\\\/ca\\\/advanced-hydrating-shampoo\\\/?lang=fr#breadcrumblist\",\"itemListElement\":[{\"@type\":\"ListItem\",\"@id\":\"https:\\\/\\\/monatglobal.com\\\/ca#listItem\",\"position\":1,\"name\":\"Home\",\"item\":\"https:\\\/\\\/monatglobal.com\\\/ca\",\"nextItem\":{\"@type\":\"ListItem\",\"@id\":\"https:\\\/\\\/monatglobal.com\\\/ca\\\/advanced-hydrating-shampoo\\\/?lang=fr#listItem\",\"name\":\"Shampooing Hydratation avanc\\u00e9e\"}},{\"@type\":\"ListItem\",\"@id\":\"https:\\\/\\\/monatglobal.com\\\/ca\\\/advanced-hydrating-shampoo\\\/?lang=fr#listItem\",\"position\":2,\"name\":\"Shampooing Hydratation avanc\\u00e9e\",\"previousItem\":{\"@type\":\"ListItem\",\"@id\":\"https:\\\/\\\/monatglobal.com\\\/ca#listItem\",\"name\":\"Home\"}}]},{\"@type\":\"Organization\",\"@id\":\"https:\\\/\\\/monatglobal.com\\\/ca\\\/#organization\",\"name\":\"Monat Canada English\",\"description\":\"We Are Modern Nature\",\"url\":\"https:\\\/\\\/monatglobal.com\\\/ca\\\/\"},{\"@type\":\"WebPage\",\"@id\":\"https:\\\/\\\/monatglobal.com\\\/ca\\\/advanced-hydrating-shampoo\\\/?lang=fr#webpage\",\"url\":\"https:\\\/\\\/monatglobal.com\\\/ca\\\/advanced-hydrating-shampoo\\\/?lang=fr\",\"name\":\"Shampooing Hydratation avanc\\u00e9e - Monat Canada English\",\"description\":\"Shampooing Hydratationavanc\\u00e9e Avec REJUVENIQE S\\u2122 Un l\\u00e9ger nettoyant hydratant qui nourrit les cheveux fins \\u00e0 moyens. 237 ml \\u212e 8 oz liq. Prix de d\\u00e9tail$00.00 $ CA Prix de client VIP$00.00 $ CA Pour en apprendre plus sur le Shampooing Hydratation avanc\\u00e9e, veuillez contacter votre partenaire de march\\u00e9 MONAT. BIENFAITS Il offre une hydratation additionnelle de 20\",\"inLanguage\":\"en-US\",\"isPartOf\":{\"@id\":\"https:\\\/\\\/monatglobal.com\\\/ca\\\/#website\"},\"breadcrumb\":{\"@id\":\"https:\\\/\\\/monatglobal.com\\\/ca\\\/advanced-hydrating-shampoo\\\/?lang=fr#breadcrumblist\"},\"image\":{\"@type\":\"ImageObject\",\"url\":\"https:\\\/\\\/monatglobal.com\\\/ca\\\/wp-content\\\/uploads\\\/sites\\\/5\\\/2019\\\/01\\\/ADVANCED-HYDRATING-SHAMPOO-500x438.png\",\"@id\":\"https:\\\/\\\/monatglobal.com\\\/ca\\\/advanced-hydrating-shampoo\\\/?lang=fr\\\/#mainImage\",\"width\":438,\"height\":500},\"primaryImageOfPage\":{\"@id\":\"https:\\\/\\\/monatglobal.com\\\/ca\\\/advanced-hydrating-shampoo\\\/?lang=fr#mainImage\"},\"datePublished\":\"2018-07-31T01:01:00-04:00\",\"dateModified\":\"2026-01-19T09:56:15-05:00\"},{\"@type\":\"WebSite\",\"@id\":\"https:\\\/\\\/monatglobal.com\\\/ca\\\/#website\",\"url\":\"https:\\\/\\\/monatglobal.com\\\/ca\\\/\",\"name\":\"Monat Canada English\",\"description\":\"We Are Modern Nature\",\"inLanguage\":\"en-US\",\"publisher\":{\"@id\":\"https:\\\/\\\/monatglobal.com\\\/ca\\\/#organization\"}}]}\n\t\t<\/script>\n\t\t<!-- All in One SEO Pro -->\r\n\t\t<title>Shampooing Hydratation avanc\u00e9e - Monat Canada English<\/title>\n\n","aioseo_head_json":{"title":"Shampooing Hydratation avanc\u00e9e - Monat Canada English","description":"Shampooing Hydratationavanc\u00e9e Avec REJUVENIQE S\u2122 Un l\u00e9ger nettoyant hydratant qui nourrit les cheveux fins \u00e0 moyens. 237 ml \u212e 8 oz liq. Prix de d\u00e9tail$00.00 $ CA Prix de client VIP$00.00 $ CA Pour en apprendre plus sur le Shampooing Hydratation avanc\u00e9e, veuillez contacter votre partenaire de march\u00e9 MONAT. BIENFAITS Il offre une hydratation additionnelle de 20","canonical_url":"https:\/\/monatglobal.com\/ca\/advanced-hydrating-shampoo\/?lang=fr","robots":"max-image-preview:large","keywords":"","webmasterTools":{"miscellaneous":""},"schema":{"@context":"https:\/\/schema.org","@graph":[{"@type":"BreadcrumbList","@id":"https:\/\/monatglobal.com\/ca\/advanced-hydrating-shampoo\/?lang=fr#breadcrumblist","itemListElement":[{"@type":"ListItem","@id":"https:\/\/monatglobal.com\/ca#listItem","position":1,"name":"Home","item":"https:\/\/monatglobal.com\/ca","nextItem":{"@type":"ListItem","@id":"https:\/\/monatglobal.com\/ca\/advanced-hydrating-shampoo\/?lang=fr#listItem","name":"Shampooing Hydratation avanc\u00e9e"}},{"@type":"ListItem","@id":"https:\/\/monatglobal.com\/ca\/advanced-hydrating-shampoo\/?lang=fr#listItem","position":2,"name":"Shampooing Hydratation avanc\u00e9e","previousItem":{"@type":"ListItem","@id":"https:\/\/monatglobal.com\/ca#listItem","name":"Home"}}]},{"@type":"Organization","@id":"https:\/\/monatglobal.com\/ca\/#organization","name":"Monat Canada English","description":"We Are Modern Nature","url":"https:\/\/monatglobal.com\/ca\/"},{"@type":"WebPage","@id":"https:\/\/monatglobal.com\/ca\/advanced-hydrating-shampoo\/?lang=fr#webpage","url":"https:\/\/monatglobal.com\/ca\/advanced-hydrating-shampoo\/?lang=fr","name":"Shampooing Hydratation avanc\u00e9e - Monat Canada English","description":"Shampooing Hydratationavanc\u00e9e Avec REJUVENIQE S\u2122 Un l\u00e9ger nettoyant hydratant qui nourrit les cheveux fins \u00e0 moyens. 237 ml \u212e 8 oz liq. Prix de d\u00e9tail$00.00 $ CA Prix de client VIP$00.00 $ CA Pour en apprendre plus sur le Shampooing Hydratation avanc\u00e9e, veuillez contacter votre partenaire de march\u00e9 MONAT. BIENFAITS Il offre une hydratation additionnelle de 20","inLanguage":"en-US","isPartOf":{"@id":"https:\/\/monatglobal.com\/ca\/#website"},"breadcrumb":{"@id":"https:\/\/monatglobal.com\/ca\/advanced-hydrating-shampoo\/?lang=fr#breadcrumblist"},"image":{"@type":"ImageObject","url":"https:\/\/monatglobal.com\/ca\/wp-content\/uploads\/sites\/5\/2019\/01\/ADVANCED-HYDRATING-SHAMPOO-500x438.png","@id":"https:\/\/monatglobal.com\/ca\/advanced-hydrating-shampoo\/?lang=fr\/#mainImage","width":438,"height":500},"primaryImageOfPage":{"@id":"https:\/\/monatglobal.com\/ca\/advanced-hydrating-shampoo\/?lang=fr#mainImage"},"datePublished":"2018-07-31T01:01:00-04:00","dateModified":"2026-01-19T09:56:15-05:00"},{"@type":"WebSite","@id":"https:\/\/monatglobal.com\/ca\/#website","url":"https:\/\/monatglobal.com\/ca\/","name":"Monat Canada English","description":"We Are Modern Nature","inLanguage":"en-US","publisher":{"@id":"https:\/\/monatglobal.com\/ca\/#organization"}}]},"og:locale":"en_US","og:site_name":"Monat Canada English - We Are Modern Nature","og:type":"article","og:title":"Shampooing Hydratation avanc\u00e9e - Monat Canada English","og:description":"Shampooing Hydratationavanc\u00e9e Avec REJUVENIQE S\u2122 Un l\u00e9ger nettoyant hydratant qui nourrit les cheveux fins \u00e0 moyens. 237 ml \u212e 8 oz liq. Prix de d\u00e9tail$00.00 $ CA Prix de client VIP$00.00 $ CA Pour en apprendre plus sur le Shampooing Hydratation avanc\u00e9e, veuillez contacter votre partenaire de march\u00e9 MONAT. BIENFAITS Il offre une hydratation additionnelle de 20","og:url":"https:\/\/monatglobal.com\/ca\/advanced-hydrating-shampoo\/?lang=fr","article:published_time":"2018-07-31T01:01:00+00:00","article:modified_time":"2026-01-19T14:56:15+00:00","twitter:card":"summary_large_image","twitter:title":"Shampooing Hydratation avanc\u00e9e - Monat Canada English","twitter:description":"Shampooing Hydratationavanc\u00e9e Avec REJUVENIQE S\u2122 Un l\u00e9ger nettoyant hydratant qui nourrit les cheveux fins \u00e0 moyens. 237 ml \u212e 8 oz liq. Prix de d\u00e9tail$00.00 $ CA Prix de client VIP$00.00 $ CA Pour en apprendre plus sur le Shampooing Hydratation avanc\u00e9e, veuillez contacter votre partenaire de march\u00e9 MONAT. BIENFAITS Il offre une hydratation additionnelle de 20"},"aioseo_meta_data":{"post_id":"34189","title":null,"description":null,"keywords":null,"keyphrases":null,"primary_term":null,"canonical_url":null,"og_title":null,"og_description":null,"og_object_type":"default","og_image_type":"default","og_image_url":null,"og_image_width":null,"og_image_height":null,"og_image_custom_url":null,"og_image_custom_fields":null,"og_video":null,"og_custom_url":null,"og_article_section":null,"og_article_tags":null,"twitter_use_og":false,"twitter_card":"default","twitter_image_type":"default","twitter_image_url":null,"twitter_image_custom_url":null,"twitter_image_custom_fields":null,"twitter_title":null,"twitter_description":null,"schema":{"blockGraphs":[],"customGraphs":[],"default":{"data":{"Article":[],"Course":[],"Dataset":[],"FAQPage":[],"Movie":[],"Person":[],"Product":[],"ProductReview":[],"Car":[],"Recipe":[],"Service":[],"SoftwareApplication":[],"WebPage":[]},"graphName":"WebPage","isEnabled":true},"graphs":[]},"schema_type":"default","schema_type_options":null,"pillar_content":false,"robots_default":true,"robots_noindex":false,"robots_noarchive":false,"robots_nosnippet":false,"robots_nofollow":false,"robots_noimageindex":false,"robots_noodp":false,"robots_notranslate":false,"robots_max_snippet":null,"robots_max_videopreview":null,"robots_max_imagepreview":"large","priority":null,"frequency":null,"local_seo":null,"seo_analyzer_scan_date":"2026-02-10 03:40:36","limit_modified_date":false,"reviewed_by":null,"open_ai":null,"ai":null,"created":"2023-07-26 12:27:06","updated":"2026-02-10 18:41:50"},"aioseo_breadcrumb":"<div class=\"aioseo-breadcrumbs\"><span class=\"aioseo-breadcrumb\">\n\t<a href=\"https:\/\/monatglobal.com\/ca\" title=\"Home\">Home<\/a>\n<\/span><span class=\"aioseo-breadcrumb-separator\">&raquo;<\/span><span class=\"aioseo-breadcrumb\">\n\tShampooing Hydratation avanc\u00e9e\n<\/span><\/div>","aioseo_breadcrumb_json":[{"label":"Home","link":"https:\/\/monatglobal.com\/ca"},{"label":"Shampooing Hydratation avanc\u00e9e","link":"https:\/\/monatglobal.com\/ca\/advanced-hydrating-shampoo\/?lang=fr"}],"_links":{"self":[{"href":"https:\/\/monatglobal.com\/ca\/wp-json\/wp\/v2\/pages\/34189","targetHints":{"allow":["GET"]}}],"collection":[{"href":"https:\/\/monatglobal.com\/ca\/wp-json\/wp\/v2\/pages"}],"about":[{"href":"https:\/\/monatglobal.com\/ca\/wp-json\/wp\/v2\/types\/page"}],"author":[{"embeddable":true,"href":"https:\/\/monatglobal.com\/ca\/wp-json\/wp\/v2\/users\/20"}],"replies":[{"embeddable":true,"href":"https:\/\/monatglobal.com\/ca\/wp-json\/wp\/v2\/comments?post=34189"}],"version-history":[{"count":43,"href":"https:\/\/monatglobal.com\/ca\/wp-json\/wp\/v2\/pages\/34189\/revisions"}],"predecessor-version":[{"id":110109,"href":"https:\/\/monatglobal.com\/ca\/wp-json\/wp\/v2\/pages\/34189\/revisions\/110109"}],"wp:featuredmedia":[{"embeddable":true,"href":"https:\/\/monatglobal.com\/ca\/wp-json\/wp\/v2\/media\/40601"}],"wp:attachment":[{"href":"https:\/\/monatglobal.com\/ca\/wp-json\/wp\/v2\/media?parent=34189"}],"wp:term":[{"taxonomy":"category","embeddable":true,"href":"https:\/\/monatglobal.com\/ca\/wp-json\/wp\/v2\/categories?post=34189"},{"taxonomy":"post_tag","embeddable":true,"href":"https:\/\/monatglobal.com\/ca\/wp-json\/wp\/v2\/tags?post=34189"}],"curies":[{"name":"wp","href":"https:\/\/api.w.org\/{rel}","templated":true}]}}