{"id":34005,"date":"2018-07-11T22:19:14","date_gmt":"2018-07-11T22:19:14","guid":{"rendered":"https:\/\/monatglobal.com\/ca\/?page_id=34005"},"modified":"2022-10-14T00:29:35","modified_gmt":"2022-10-14T04:29:35","slug":"serum-hydratant-a-double-action","status":"publish","type":"page","link":"https:\/\/monatglobal.com\/ca\/serum-hydratant-a-double-action\/?lang=fr","title":{"rendered":"s\u00e9rum hydratant \u00e0 double action"},"content":{"rendered":"\n\n\t<img loading=\"lazy\" decoding=\"async\" src=\"https:\/\/monatglobal.com\/ca\/wp-content\/uploads\/sites\/5\/2019\/01\/DOUBLE-ACTION-HYDRATING-SERUM-500x438.png\" alt=\"Serum Hydratant \u00e0 Double Action\" width=\"350\" height=\"400\" \/>\n<h1>S\u00c9RUM <br \/><strong>HYDRATANT \u00c0 <br \/>DOUBLE ACTION<\/strong><\/h1>\n<em>Avec REJUVENIQE S\u2122<\/em>\n<hr \/>\n\t<p><em>Un traitement sans rin\u00e7age pour cheveux ternes, sans vie et assoiff\u00e9s combinant une hydratation de longue dur\u00e9e \u00e0 des ingr\u00e9dients favorisant le volume pour redonner vitalit\u00e9, rebond et brillance aux cheveux!<\/em><\/p>\nComprend 3 flacons de 15 ml\/0,5 oz liq. ch. + bonnet de douche r\u00e9utilisable\n   <strong>Prix de VIP<\/strong><br \/>\n   84,00 $ CA<br \/>\n     <strong>Prix de d\u00e9tail<\/strong><br \/>\n     99,00 $ CA<br \/>\n\t<p>Pour en savoir plus sur le s\u00e9rum hydratant \u00e0 double action, veuillez contacter votre partenaire de march\u00e9 MONAT.<\/p>\n\t<a target=\"_blank\" href=\"https:\/\/corp.mymonat.com\/shop\/products\/double-action-hydrating-serum?globallanguage=fr&#038;globalmarket=ca\" rel=\"noopener\">MAGASINEZ<\/a>\n<h2>\n\t\tBIENFAITS\n\t<\/h2>\n\t<p>Ce puissant traitement intensif sans rin\u00e7age est offert sous forme de trois flacons. Chaque flacon contient une formule en deux \u00e9tapes : l&#8217;\u00e9tape \u00e0 base d&#8217;eau et l&#8217;\u00e9tape \u00e0 base d&#8217;huile, plus l\u00e9g\u00e8re. Aliment\u00e9 par une technologie \u00e0 base d&#8217;acide hyaluronique et le panth\u00e9nol (la provitamine B5) favorisant le volume, chaque \u00e9tape est suraliment\u00e9e \u00e0 l&#8217;aide de l&#8217;assortiment le plus performant et le plus concentr\u00e9 d&#8217;ingr\u00e9dients actifs, dont la toute derni\u00e8re innovation exclusive de MONAT en mati\u00e8re d&#8217;huiles &#8211; REJUVENIQE S\u2122.<\/p>\n<h2>\n\t\tCe petit flacon donne des r\u00e9sultats impressionnants! \n\t<\/h2>\n\t<p>Les apparences peuvent \u00eatre trompeuses. Ne vous laissez pas tromper par sa texture fluide ultra-l\u00e9g\u00e8re. En fait, il s&#8217;agit de notre produit vedette en mati\u00e8re d&#8217;hydratation avanc\u00e9e! En secouant le flacon, les deux \u00e9tapes ne font qu&#8217;une; le contenu du flacon se transforme en puissante substance laiteuse ultra-hydratante, pr\u00eate \u00e0 hydrater les cheveux assoiff\u00e9s \u00e0 l&#8217;int\u00e9rieur et \u00e0 l&#8217;ext\u00e9rieur.<\/p>\n\t<p>Chaque application du s\u00e9rum hydratant \u00e0 double action transforme les cheveux ternes, sans vie, assoiff\u00e9s et dess\u00e9ch\u00e9s en belles m\u00e8ches d&#8217;apparence saine, rayonnant de corps, de rebond et d&#8217;\u00e9clat. \u00c0 la fois doux et puissant, vous ne pourrez plus vous passer de ce s\u00e9rum transformateur.<\/p>\n<h2>\n\t\tCARACT\u00c9RISTIQUES\n\t<\/h2>\n\t<ul>\n<li>Traitement intensif sans rin\u00e7age \u00e0 utiliser pendant 3 semaines cons\u00e9cutives.<\/li>\n<li>Aide \u00e0 am\u00e9liorer et \u00e0 maintenir une hydratation optimale.<\/li>\n<li>Favorise l&#8217;apparence saine des cheveux et du cuir chevelu.<\/li>\n<li>Am\u00e9liore l&#8217;\u00e9lasticit\u00e9 des cheveux pour aider \u00e0 pr\u00e9venir les dommages caus\u00e9s par les facteurs externes, le coiffage, etc.<\/li>\n<li>P\u00e9n\u00e8tre et hydrate la cuticule du cheveu en plus d&#8217;hydrater la surface de la tige pour une hydratation double action \u00e0 l&#8217;int\u00e9rieur et \u00e0 l&#8217;ext\u00e9rieur.<\/li>\n<li>L\u00e9ger, agr\u00e9able, application facile par vaporisation.<\/li>\n<li>Absorb\u00e9 rapidement sans laisser de r\u00e9sidus collants ou de pellicules et sans ternir l&#8217;\u00e9clat des cheveux. <\/li>\n<li>La formule \u00e0 deux \u00e9tapes se m\u00e9lange rapidement avant l&#8217;application.<\/li>\n<\/ul>\n\t<ul>\n<li>L&#8217;hydratation accrue aide \u00e0 am\u00e9liorer l&#8217;\u00e9lasticit\u00e9 des cheveux, ce qui aide \u00e0 pr\u00e9venir les dommages et la cassure.<\/li>\n<li>Formule non huileuse et non grasse \u00e0 absorption rapide.<\/li>\n<li>N&#8217;alourdit pas les cheveux.<\/li>\n<li>Compatible avec tous les produits capillaires MONAT.<\/li>\n<li>Bonnet de traitement r\u00e9utilisable compris.<\/li>\n<li>Convient \u00e0 tous les types de cheveux, m\u00eame les cheveux gras.<\/li>\n<li>S\u00e9curitaire pour les cheveux color\u00e9s.<\/li>\n<li>Test\u00e9 par des dermatologues, v\u00e9g\u00e9talien et sans cruaut\u00e9.<\/li>\n<\/ul>\n\t<p>Les r\u00e9sultats g\u00e9n\u00e9raux de l&#8217;\u00e9tude d&#8217;utilisation de 3 semaines aupr\u00e8s des consommateurs sur le s\u00e9rum hydratant \u00e0 double action* ont d\u00e9montr\u00e9 que les sujets ont connu les r\u00e9sultats durables suivants :<\/p>\n\t<ul>\n<li>Une hydratation am\u00e9lior\u00e9e imm\u00e9diate et de longue dur\u00e9e, jusqu&#8217;\u00e0 72 heures<\/li>\n<li>Augmente imm\u00e9diatement l&#8217;hydratation de 195 % apr\u00e8s la premi\u00e8re application.<\/li>\n<li>Augmente la luminosit\u00e9 et l&#8217;\u00e9clat de 53 %<\/li>\n<li>Hydrate la cuticule du cheveu et l&#8217;ext\u00e9rieur de la tige du cheveu pour une hydratation \u00e0 l&#8217;int\u00e9rieur et \u00e0 l&#8217;ext\u00e9rieur qui augmente l&#8217;\u00e9lasticit\u00e9, la souplesse et la r\u00e9silience des cheveux.<\/li>\n<li>Augmente la maniabilit\u00e9.<\/li>\n<\/ul>\n\t<p>*Bas\u00e9 sur les r\u00e9sultats d&#8217;une \u00e9tude d&#8217;utilisation ind\u00e9pendante aupr\u00e8s des consommateurs compl\u00e9t\u00e9e par 25 sujets, de 24 \u00e0 60 ans, appliquant le s\u00e9rum hydratant \u00e0 double action 1 fois par semaine sur une p\u00e9riode de 3 semaines.<\/p>\n<h2>\n\t\tMODE D&#8217;EMPLOI\n\t<\/h2>\n\t<ul>\n<li>Laver les cheveux et les s\u00e9cher l\u00e9g\u00e8rement \u00e0 l&#8217;aide d&#8217;une serviette, pour qu&#8217;il soient encore humides.<\/li>\n<li>Secouer le flacon pour bien m\u00e9langer son contenu.<\/li>\n<li>Diviser les cheveux en sections et vaporiser le s\u00e9rum secou\u00e9 sur chaque section, des racines jusqu&#8217;aux pointes.<\/li>\n<li>Utiliser la moiti\u00e9 d&#8217;un flacon sur les cheveux courts ou de longueur moyenne; utiliser un flacon entier sur les cheveux longs ou tr\u00e8s \u00e9pais.<\/li>\n<li>Masser la t\u00eate pour distribuer le s\u00e9rum de fa\u00e7on uniforme.<\/li>\n<li>Porter le bonnet de 5 \u00e0 10 minutes. Pour de meilleurs r\u00e9sultats, ne pas rincer.<\/li>\n<li>Le produit peut \u00eatre rinc\u00e9, si d\u00e9sir\u00e9.<\/li>\n<li>S\u00e9cher au s\u00e8che-cheveux et coiffer comme \u00e0 l&#8217;habitude.<\/li>\n<li>Utiliser sur 3 semaines cons\u00e9cutives chaque mois.<\/li>\n<li>Peut \u00e9galement \u00eatre utilis\u00e9 3 jours de suite pour une hydratation encore plus intensive.<\/li>\n<\/ul>\n<h2>\n\t\tINGR\u00c9DIENTS CL\u00c9S\n\t<\/h2>\n\t<p><img loading=\"lazy\" decoding=\"async\" src=\"https:\/\/monatglobal.com\/wp-content\/uploads\/2018\/07\/REJUVENIQE-S.png\" alt=\"\" width=\"183\" height=\"174\" \/><\/p>\n\t<p><strong>REJUVENIQE S\u2122<\/strong><\/p>\n\t<p><strong>PatcH20\u2122<\/strong><\/p>\n\t<p><strong>Panth\u00e9nol (pro-vitamine B5)<\/strong><\/p>\n<h2>\n\t\tLISTE D&#8217;INGR\u00c9DIENTS\n\t<\/h2>\n\t<p>Aqua\/Water\/Eau, Isononyl Isononanoate, Betaine, Sodium Hyaluronate, Limnanthes Alba (Meadowfoam) Seed Oil, Crambe Abyssinica Seed Oil, Camellia Oleifera Seed Oil, Solanum Lycopersicum (Tomato) Seed Oil, Daucus Carota Sativa (Carrot) Seed Oil, Citrus Limon (Lemon) Peel Oil, Citrus Aurantifolia (Lime) Oil, Citrus Aurantium Bergamia (Bergamot) Fruit Oil, Adansonia Digitata Oil, Mauritia Flexuosa Fruit Oil, Cocos Nucifera (Coconut) Oil, Gardenia Taitensis Flower Extract, Moringa Oleifera Seed Oil, Caryocar Brasiliense Fruit Oil, Helianthus Annuus (Sunflower) Seed Oil, Olea Europaea (Olive) Fruit Oil, Simmondsia Chinensis (Jojoba) Seed Extract, Tocopherol, Panthenol, Glycerin, Trehalose, Urea, Serine, Pentylene Glycol, Glyceryl Polyacrylate, Algin, Caprylyl Glycol, Pullulan, Pisum Sativum (Pea) Extract, Disodium EDTA-Copper, Disodium Phosphate, Potassium Phosphate, Citric Acid, Fragrance\/ Parfum, Sodium Benzoate, Potassium Sorbate, Benzyl Alcohol, Ethylhexylglycerin.<\/p>\n<h2>\n\t\tVOUS POURRIEZ AUSSI AIMER\n\t<\/h2>\n<h2>\n\t\t<a href=\"https:\/\/monatglobal.com\/ca\/tous-les-produits\/\" title=\"TOUS LES PRODUITS\" target=\"_self\" rel=\"noopener\">\n\t\tTOUS LES PRODUITS\n\t\t<\/a>\n\t<\/h2>\n\n","protected":false},"excerpt":{"rendered":"<p>S\u00c9RUM HYDRATANT \u00c0 DOUBLE ACTION Avec REJUVENIQE S\u2122 Un traitement sans rin\u00e7age pour cheveux ternes, sans vie et assoiff\u00e9s combinant une hydratation de longue dur\u00e9e \u00e0 des ingr\u00e9dients favorisant le volume pour redonner vitalit\u00e9, rebond et brillance aux cheveux! Comprend 3 flacons de 15 ml\/0,5 oz liq. ch. + bonnet de douche r\u00e9utilisable Prix de&hellip;<\/p>\n","protected":false},"author":20,"featured_media":40604,"parent":0,"menu_order":0,"comment_status":"closed","ping_status":"closed","template":"template-full-custom.php","meta":{"inline_featured_image":false,"om_disable_all_campaigns":false,"_monsterinsights_skip_tracking":false,"_monsterinsights_sitenote_active":false,"_monsterinsights_sitenote_note":"","_monsterinsights_sitenote_category":0,"footnotes":""},"categories":[],"tags":[],"class_list":["post-34005","page","type-page","status-publish","has-post-thumbnail","hentry"],"aioseo_notices":[],"aioseo_head":"\n\t\t<!-- All in One SEO Pro 4.9.6 - aioseo.com -->\n\t<meta name=\"description\" content=\"S\u00c9RUM HYDRATANT \u00c0 DOUBLE ACTION Avec REJUVENIQE S\u2122 Un traitement sans rin\u00e7age pour cheveux ternes, sans vie et assoiff\u00e9s combinant une hydratation de longue dur\u00e9e \u00e0 des ingr\u00e9dients favorisant le volume pour redonner vitalit\u00e9, rebond et brillance aux cheveux! Comprend 3 flacons de 15 ml\/0,5 oz liq. ch. + bonnet de douche r\u00e9utilisable Prix de\" \/>\n\t<meta name=\"robots\" content=\"max-image-preview:large\" \/>\n\t<link rel=\"canonical\" href=\"https:\/\/monatglobal.com\/ca\/serum-hydratant-a-double-action\/?lang=fr\" \/>\n\t<meta name=\"generator\" content=\"All in One SEO Pro (AIOSEO) 4.9.6\" \/>\n\t\t<meta property=\"og:locale\" content=\"en_US\" \/>\n\t\t<meta property=\"og:site_name\" content=\"Monat Canada English - We Are Modern Nature\" \/>\n\t\t<meta property=\"og:type\" content=\"article\" \/>\n\t\t<meta property=\"og:title\" content=\"s\u00e9rum hydratant \u00e0 double action - Monat Canada English\" \/>\n\t\t<meta property=\"og:description\" content=\"S\u00c9RUM HYDRATANT \u00c0 DOUBLE ACTION Avec REJUVENIQE S\u2122 Un traitement sans rin\u00e7age pour cheveux ternes, sans vie et assoiff\u00e9s combinant une hydratation de longue dur\u00e9e \u00e0 des ingr\u00e9dients favorisant le volume pour redonner vitalit\u00e9, rebond et brillance aux cheveux! Comprend 3 flacons de 15 ml\/0,5 oz liq. ch. + bonnet de douche r\u00e9utilisable Prix de\" \/>\n\t\t<meta property=\"og:url\" content=\"https:\/\/monatglobal.com\/ca\/serum-hydratant-a-double-action\/?lang=fr\" \/>\n\t\t<meta property=\"article:published_time\" content=\"2018-07-11T22:19:14+00:00\" \/>\n\t\t<meta property=\"article:modified_time\" content=\"2022-10-14T04:29:35+00:00\" \/>\n\t\t<meta name=\"twitter:card\" content=\"summary_large_image\" \/>\n\t\t<meta name=\"twitter:title\" content=\"s\u00e9rum hydratant \u00e0 double action - Monat Canada English\" \/>\n\t\t<meta name=\"twitter:description\" content=\"S\u00c9RUM HYDRATANT \u00c0 DOUBLE ACTION Avec REJUVENIQE S\u2122 Un traitement sans rin\u00e7age pour cheveux ternes, sans vie et assoiff\u00e9s combinant une hydratation de longue dur\u00e9e \u00e0 des ingr\u00e9dients favorisant le volume pour redonner vitalit\u00e9, rebond et brillance aux cheveux! Comprend 3 flacons de 15 ml\/0,5 oz liq. ch. + bonnet de douche r\u00e9utilisable Prix de\" \/>\n\t\t<script type=\"application\/ld+json\" class=\"aioseo-schema\">\n\t\t\t{\"@context\":\"https:\\\/\\\/schema.org\",\"@graph\":[{\"@type\":\"BreadcrumbList\",\"@id\":\"https:\\\/\\\/monatglobal.com\\\/ca\\\/serum-hydratant-a-double-action\\\/?lang=fr#breadcrumblist\",\"itemListElement\":[{\"@type\":\"ListItem\",\"@id\":\"https:\\\/\\\/monatglobal.com\\\/ca#listItem\",\"position\":1,\"name\":\"Home\",\"item\":\"https:\\\/\\\/monatglobal.com\\\/ca\",\"nextItem\":{\"@type\":\"ListItem\",\"@id\":\"https:\\\/\\\/monatglobal.com\\\/ca\\\/serum-hydratant-a-double-action\\\/?lang=fr#listItem\",\"name\":\"s\\u00e9rum hydratant \\u00e0 double action\"}},{\"@type\":\"ListItem\",\"@id\":\"https:\\\/\\\/monatglobal.com\\\/ca\\\/serum-hydratant-a-double-action\\\/?lang=fr#listItem\",\"position\":2,\"name\":\"s\\u00e9rum hydratant \\u00e0 double action\",\"previousItem\":{\"@type\":\"ListItem\",\"@id\":\"https:\\\/\\\/monatglobal.com\\\/ca#listItem\",\"name\":\"Home\"}}]},{\"@type\":\"Organization\",\"@id\":\"https:\\\/\\\/monatglobal.com\\\/ca\\\/#organization\",\"name\":\"Monat Canada English\",\"description\":\"We Are Modern Nature\",\"url\":\"https:\\\/\\\/monatglobal.com\\\/ca\\\/\"},{\"@type\":\"WebPage\",\"@id\":\"https:\\\/\\\/monatglobal.com\\\/ca\\\/serum-hydratant-a-double-action\\\/?lang=fr#webpage\",\"url\":\"https:\\\/\\\/monatglobal.com\\\/ca\\\/serum-hydratant-a-double-action\\\/?lang=fr\",\"name\":\"s\\u00e9rum hydratant \\u00e0 double action - Monat Canada English\",\"description\":\"S\\u00c9RUM HYDRATANT \\u00c0 DOUBLE ACTION Avec REJUVENIQE S\\u2122 Un traitement sans rin\\u00e7age pour cheveux ternes, sans vie et assoiff\\u00e9s combinant une hydratation de longue dur\\u00e9e \\u00e0 des ingr\\u00e9dients favorisant le volume pour redonner vitalit\\u00e9, rebond et brillance aux cheveux! Comprend 3 flacons de 15 ml\\\/0,5 oz liq. ch. + bonnet de douche r\\u00e9utilisable Prix de\",\"inLanguage\":\"en-US\",\"isPartOf\":{\"@id\":\"https:\\\/\\\/monatglobal.com\\\/ca\\\/#website\"},\"breadcrumb\":{\"@id\":\"https:\\\/\\\/monatglobal.com\\\/ca\\\/serum-hydratant-a-double-action\\\/?lang=fr#breadcrumblist\"},\"image\":{\"@type\":\"ImageObject\",\"url\":\"https:\\\/\\\/monatglobal.com\\\/ca\\\/wp-content\\\/uploads\\\/sites\\\/5\\\/2019\\\/01\\\/DOUBLE-ACTION-HYDRATING-SERUM-500x438.png\",\"@id\":\"https:\\\/\\\/monatglobal.com\\\/ca\\\/serum-hydratant-a-double-action\\\/?lang=fr\\\/#mainImage\",\"width\":438,\"height\":500},\"primaryImageOfPage\":{\"@id\":\"https:\\\/\\\/monatglobal.com\\\/ca\\\/serum-hydratant-a-double-action\\\/?lang=fr#mainImage\"},\"datePublished\":\"2018-07-11T22:19:14-04:00\",\"dateModified\":\"2022-10-14T00:29:35-04:00\"},{\"@type\":\"WebSite\",\"@id\":\"https:\\\/\\\/monatglobal.com\\\/ca\\\/#website\",\"url\":\"https:\\\/\\\/monatglobal.com\\\/ca\\\/\",\"name\":\"Monat Canada English\",\"description\":\"We Are Modern Nature\",\"inLanguage\":\"en-US\",\"publisher\":{\"@id\":\"https:\\\/\\\/monatglobal.com\\\/ca\\\/#organization\"}}]}\n\t\t<\/script>\n\t\t<!-- All in One SEO Pro -->\r\n\t\t<title>s\u00e9rum hydratant \u00e0 double action - Monat Canada English<\/title>\n\n","aioseo_head_json":{"title":"s\u00e9rum hydratant \u00e0 double action - Monat Canada English","description":"S\u00c9RUM HYDRATANT \u00c0 DOUBLE ACTION Avec REJUVENIQE S\u2122 Un traitement sans rin\u00e7age pour cheveux ternes, sans vie et assoiff\u00e9s combinant une hydratation de longue dur\u00e9e \u00e0 des ingr\u00e9dients favorisant le volume pour redonner vitalit\u00e9, rebond et brillance aux cheveux! Comprend 3 flacons de 15 ml\/0,5 oz liq. ch. + bonnet de douche r\u00e9utilisable Prix de","canonical_url":"https:\/\/monatglobal.com\/ca\/serum-hydratant-a-double-action\/?lang=fr","robots":"max-image-preview:large","keywords":"","webmasterTools":{"miscellaneous":""},"schema":{"@context":"https:\/\/schema.org","@graph":[{"@type":"BreadcrumbList","@id":"https:\/\/monatglobal.com\/ca\/serum-hydratant-a-double-action\/?lang=fr#breadcrumblist","itemListElement":[{"@type":"ListItem","@id":"https:\/\/monatglobal.com\/ca#listItem","position":1,"name":"Home","item":"https:\/\/monatglobal.com\/ca","nextItem":{"@type":"ListItem","@id":"https:\/\/monatglobal.com\/ca\/serum-hydratant-a-double-action\/?lang=fr#listItem","name":"s\u00e9rum hydratant \u00e0 double action"}},{"@type":"ListItem","@id":"https:\/\/monatglobal.com\/ca\/serum-hydratant-a-double-action\/?lang=fr#listItem","position":2,"name":"s\u00e9rum hydratant \u00e0 double action","previousItem":{"@type":"ListItem","@id":"https:\/\/monatglobal.com\/ca#listItem","name":"Home"}}]},{"@type":"Organization","@id":"https:\/\/monatglobal.com\/ca\/#organization","name":"Monat Canada English","description":"We Are Modern Nature","url":"https:\/\/monatglobal.com\/ca\/"},{"@type":"WebPage","@id":"https:\/\/monatglobal.com\/ca\/serum-hydratant-a-double-action\/?lang=fr#webpage","url":"https:\/\/monatglobal.com\/ca\/serum-hydratant-a-double-action\/?lang=fr","name":"s\u00e9rum hydratant \u00e0 double action - Monat Canada English","description":"S\u00c9RUM HYDRATANT \u00c0 DOUBLE ACTION Avec REJUVENIQE S\u2122 Un traitement sans rin\u00e7age pour cheveux ternes, sans vie et assoiff\u00e9s combinant une hydratation de longue dur\u00e9e \u00e0 des ingr\u00e9dients favorisant le volume pour redonner vitalit\u00e9, rebond et brillance aux cheveux! Comprend 3 flacons de 15 ml\/0,5 oz liq. ch. + bonnet de douche r\u00e9utilisable Prix de","inLanguage":"en-US","isPartOf":{"@id":"https:\/\/monatglobal.com\/ca\/#website"},"breadcrumb":{"@id":"https:\/\/monatglobal.com\/ca\/serum-hydratant-a-double-action\/?lang=fr#breadcrumblist"},"image":{"@type":"ImageObject","url":"https:\/\/monatglobal.com\/ca\/wp-content\/uploads\/sites\/5\/2019\/01\/DOUBLE-ACTION-HYDRATING-SERUM-500x438.png","@id":"https:\/\/monatglobal.com\/ca\/serum-hydratant-a-double-action\/?lang=fr\/#mainImage","width":438,"height":500},"primaryImageOfPage":{"@id":"https:\/\/monatglobal.com\/ca\/serum-hydratant-a-double-action\/?lang=fr#mainImage"},"datePublished":"2018-07-11T22:19:14-04:00","dateModified":"2022-10-14T00:29:35-04:00"},{"@type":"WebSite","@id":"https:\/\/monatglobal.com\/ca\/#website","url":"https:\/\/monatglobal.com\/ca\/","name":"Monat Canada English","description":"We Are Modern Nature","inLanguage":"en-US","publisher":{"@id":"https:\/\/monatglobal.com\/ca\/#organization"}}]},"og:locale":"en_US","og:site_name":"Monat Canada English - We Are Modern Nature","og:type":"article","og:title":"s\u00e9rum hydratant \u00e0 double action - Monat Canada English","og:description":"S\u00c9RUM HYDRATANT \u00c0 DOUBLE ACTION Avec REJUVENIQE S\u2122 Un traitement sans rin\u00e7age pour cheveux ternes, sans vie et assoiff\u00e9s combinant une hydratation de longue dur\u00e9e \u00e0 des ingr\u00e9dients favorisant le volume pour redonner vitalit\u00e9, rebond et brillance aux cheveux! Comprend 3 flacons de 15 ml\/0,5 oz liq. ch. + bonnet de douche r\u00e9utilisable Prix de","og:url":"https:\/\/monatglobal.com\/ca\/serum-hydratant-a-double-action\/?lang=fr","article:published_time":"2018-07-11T22:19:14+00:00","article:modified_time":"2022-10-14T04:29:35+00:00","twitter:card":"summary_large_image","twitter:title":"s\u00e9rum hydratant \u00e0 double action - Monat Canada English","twitter:description":"S\u00c9RUM HYDRATANT \u00c0 DOUBLE ACTION Avec REJUVENIQE S\u2122 Un traitement sans rin\u00e7age pour cheveux ternes, sans vie et assoiff\u00e9s combinant une hydratation de longue dur\u00e9e \u00e0 des ingr\u00e9dients favorisant le volume pour redonner vitalit\u00e9, rebond et brillance aux cheveux! Comprend 3 flacons de 15 ml\/0,5 oz liq. ch. + bonnet de douche r\u00e9utilisable Prix de"},"aioseo_meta_data":{"post_id":"34005","title":null,"description":null,"keywords":null,"keyphrases":null,"primary_term":null,"canonical_url":null,"og_title":null,"og_description":null,"og_object_type":"default","og_image_type":"default","og_image_url":null,"og_image_width":null,"og_image_height":null,"og_image_custom_url":null,"og_image_custom_fields":null,"og_video":null,"og_custom_url":null,"og_article_section":null,"og_article_tags":null,"twitter_use_og":false,"twitter_card":"default","twitter_image_type":"default","twitter_image_url":null,"twitter_image_custom_url":null,"twitter_image_custom_fields":null,"twitter_title":null,"twitter_description":null,"schema":{"blockGraphs":[],"customGraphs":[],"default":{"data":{"Article":[],"Course":[],"Dataset":[],"FAQPage":[],"Movie":[],"Person":[],"Product":[],"ProductReview":[],"Car":[],"Recipe":[],"Service":[],"SoftwareApplication":[],"WebPage":[]},"graphName":"","isEnabled":true},"graphs":[]},"schema_type":"default","schema_type_options":null,"pillar_content":false,"robots_default":true,"robots_noindex":false,"robots_noarchive":false,"robots_nosnippet":false,"robots_nofollow":false,"robots_noimageindex":false,"robots_noodp":false,"robots_notranslate":false,"robots_max_snippet":null,"robots_max_videopreview":null,"robots_max_imagepreview":"large","priority":null,"frequency":null,"local_seo":null,"seo_analyzer_scan_date":"2026-02-10 03:40:26","limit_modified_date":false,"reviewed_by":null,"open_ai":null,"ai":null,"created":"2023-07-26 12:27:06","updated":"2026-02-10 03:40:26"},"aioseo_breadcrumb":"<div class=\"aioseo-breadcrumbs\"><span class=\"aioseo-breadcrumb\">\n\t<a href=\"https:\/\/monatglobal.com\/ca\" title=\"Home\">Home<\/a>\n<\/span><span class=\"aioseo-breadcrumb-separator\">&raquo;<\/span><span class=\"aioseo-breadcrumb\">\n\ts\u00e9rum hydratant \u00e0 double action\n<\/span><\/div>","aioseo_breadcrumb_json":[{"label":"Home","link":"https:\/\/monatglobal.com\/ca"},{"label":"s\u00e9rum hydratant \u00e0 double action","link":"https:\/\/monatglobal.com\/ca\/serum-hydratant-a-double-action\/?lang=fr"}],"_links":{"self":[{"href":"https:\/\/monatglobal.com\/ca\/wp-json\/wp\/v2\/pages\/34005","targetHints":{"allow":["GET"]}}],"collection":[{"href":"https:\/\/monatglobal.com\/ca\/wp-json\/wp\/v2\/pages"}],"about":[{"href":"https:\/\/monatglobal.com\/ca\/wp-json\/wp\/v2\/types\/page"}],"author":[{"embeddable":true,"href":"https:\/\/monatglobal.com\/ca\/wp-json\/wp\/v2\/users\/20"}],"replies":[{"embeddable":true,"href":"https:\/\/monatglobal.com\/ca\/wp-json\/wp\/v2\/comments?post=34005"}],"version-history":[{"count":21,"href":"https:\/\/monatglobal.com\/ca\/wp-json\/wp\/v2\/pages\/34005\/revisions"}],"predecessor-version":[{"id":75274,"href":"https:\/\/monatglobal.com\/ca\/wp-json\/wp\/v2\/pages\/34005\/revisions\/75274"}],"wp:featuredmedia":[{"embeddable":true,"href":"https:\/\/monatglobal.com\/ca\/wp-json\/wp\/v2\/media\/40604"}],"wp:attachment":[{"href":"https:\/\/monatglobal.com\/ca\/wp-json\/wp\/v2\/media?parent=34005"}],"wp:term":[{"taxonomy":"category","embeddable":true,"href":"https:\/\/monatglobal.com\/ca\/wp-json\/wp\/v2\/categories?post=34005"},{"taxonomy":"post_tag","embeddable":true,"href":"https:\/\/monatglobal.com\/ca\/wp-json\/wp\/v2\/tags?post=34005"}],"curies":[{"name":"wp","href":"https:\/\/api.w.org\/{rel}","templated":true}]}}