{"id":33995,"date":"2018-07-11T20:01:32","date_gmt":"2018-07-11T20:01:32","guid":{"rendered":"https:\/\/monatglobal.com\/ca\/?page_id=33995"},"modified":"2026-01-19T10:54:02","modified_gmt":"2026-01-19T15:54:02","slug":"super-moisture-masque","status":"publish","type":"page","link":"https:\/\/monatglobal.com\/ca\/super-moisture-masque\/?lang=fr","title":{"rendered":"Masque super hydratant"},"content":{"rendered":"\n\n\t<link rel=\"stylesheet\" href=\"https:\/\/monatglobal.com\/wp-content\/creative_css\/product_styles_sheet.css\" \/>\n   <!--==================================================== ECOMM SECTION ====================================================-->\n      <!--==================================================== Ecomm image ====================================================-->\n         NEW\n               <img decoding=\"async\" alt=\"Product shot of the Super Moisture Masque\" src=\"https:\/\/monatglobal.com\/wp-content\/uploads\/2024\/01\/A-tube-Renew-Conditioner-on-a-purple-surface.-Super-Moisture-Masque-ecomm-min.png\" loading=\"lazy\"\/> \n               <img decoding=\"async\" alt=\"A woman holding a jar of Super Moisture Masque in her hand, ready to apply it on her hair for moisturizing purposes.\" src=\"https:\/\/monatglobal.com\/wp-content\/uploads\/2024\/01\/Super-Moisture-Masque-ecomm-closeup-min.jpg\" loading=\"lazy\"\/>\n                  <img decoding=\"async\" alt=\"Product shot of Super Moisture Masque\" src=\"https:\/\/monatglobal.com\/wp-content\/uploads\/2024\/01\/A-tube-Renew-Conditioner-on-a-purple-surface.-Super-Moisture-Masque-ecomm-min.png\" data-lbxp=\"\" loading=\"lazy\"\/>\n                  <img decoding=\"async\" alt=\"A woman holding a jar of Super Moisture Masque in her hand, ready to apply it on her hair for moisturizing purposes.\" src=\"https:\/\/monatglobal.com\/wp-content\/uploads\/2024\/01\/Super-Moisture-Masque-ecomm-closeup-min.jpg\" loading=\"lazy\"\/>\n      <!--==================================================== Ecomm information  ====================================================-->\n         NEW\n         <h1>Masque ultra<br \/> hydratant<\/h1>\n         <p>Cette riche formule nourrit les cheveux secs, ternes et fragiles, les laissant doux et soyeux.<\/p>\n         <p>134 ml \u212e 4,5 oz liq.<\/p>\n     <!--==================================================== pricing box ====================================================-->         \n<p>Retail Price<br \/>$00.00 (USD)<\/p>\n<p>VIP Customer Price<br \/>$00.00 (USD)<\/p>\n     <!--==================================================== pricing box ====================================================-->         \n         <p>Pour en savoir plus sur le Masque ultra hydratant, veuillez contacter votre partenaire de march\u00e9 MONAT. <\/p>\n           <a href=\"\" target=\"_blank\" role=\"button\" aria-label=\"\" rel=\"noopener\"><\/a>\n   <!--==================================================== \/ECOMM SECTION  ====================================================-->\n    <!--==================================================== Benefits image ====================================================-->\n   \n      <source media=\"(max-width: 700px)\" srcset=\"https:\/\/monatglobal.com\/wp-content\/uploads\/2024\/01\/Super-Moisture-Masque-benefits-mobile-min-min.jpg\" loading=\"lazy\"\/>\n      <img decoding=\"async\" alt=\"A brunette female in a white shirt is posing in front of a green leaf.\" \n      src=\"https:\/\/monatglobal.com\/wp-content\/uploads\/2024\/01\/Super-Moisture-Masque-benefits-desktop-min-min.jpg\" loading=\"lazy\"\/>\n   \n   <!--==================================================== Benefits text ====================================================-->\n         <h2>BIENFAITS<\/h2>\n         <h3>Il offre aux cheveux secs et ternes l&#8217;hydratation et l&#8217;alimentation dont ils ont besoin, les laissant plus doux, plus brillants et plus maniables.\n <\/h3>\n         <!--==================================================== features image  ====================================================-->\n         <img decoding=\"async\" alt=\" A jar Super Moisture Masque with a yellow powder next to it on a white backgorund.\" src=\"https:\/\/monatglobal.com\/wp-content\/uploads\/2024\/01\/Super-Moisture-Masque-features-min.jpg\" loading=\"lazy\"\/>\n      <!--==================================================== features text ====================================================-->\n            <h3>Caract\u00e9ristiques<\/h3>\n               <p>\/ Il nourrit les cheveux et les laisse doux et soyeux <\/p>\n               <p>\/ Il r\u00e9g\u00e9n\u00e8re les cheveux en les nourrissant et les hydratant en profondeur  <\/p>\n               <p>\/ Il aide \u00e0 am\u00e9liorer la texture, l&#8217;\u00e9lasticit\u00e9 et la maniabilit\u00e9 des cheveux<\/p>\n               <p>\/ Il r\u00e9tablit l&#8217;\u00e9quilibre d&#8217;hydratation pour lutter contre la casse <\/p>\n               <p>\/ Il rend les cheveux plus faciles \u00e0 coiffer <\/p>\n               <br \/>\n            <p>Parfum \/ Grenade et sauge <\/p>\n            <p> Texture \/ Cr\u00e8me  <\/p>\n   <!--==================================================== composition image mobile ====================================================-->\n   <img decoding=\"async\" alt=\"a woman holding a Super Moisture Masque \" src=\"https:\/\/monatglobal.com\/wp-content\/uploads\/2024\/01\/Super-Moisture-Masque-standalone-min.jpg\" loading=\"lazy\"\/>\n   <!--==================================================== Why it works text  ====================================================-->\n      <h2>IL R\u00c9TABLIT L&#8217;HYDRATATION ESSENTIELLE<\/h2>\n      <h3>Ce masque ultra hydratant contient du REJUVENIQE<sup>\u00ae<\/sup> et un complexe d&#8217;acides amin\u00e9s pour lisser, adoucir et donner de la brillance aux cheveux.<\/h3>\n      <p> Sa riche formule lutte aussi contre la fragilit\u00e9 et am\u00e9liore l&#8217;hydratation et la maniabilit\u00e9. <\/p>\n<!--==================================================== Composition section ====================================================-->\n      <img decoding=\"async\" alt=\"a woman holding a Super Moisture Masque \" src=\"https:\/\/monatglobal.com\/wp-content\/uploads\/2024\/01\/Super-Moisture-Masque-standalone-min.jpg\" loading=\"lazy\"\/>\n      <img decoding=\"async\" alt=\"A female holding a jar of Super Moisture Masque\" src=\"https:\/\/monatglobal.com\/wp-content\/uploads\/2024\/01\/Super-Moisture-Masque-comp-min.jpg\" loading=\"lazy\"\/>\n            <!--==================================================== Directions text ====================================================--> \n               <h3>Mode d&#8217;emploi<\/h3>\n               <p>\/ Appliquer sur cheveux propres, humides ou s\u00e9ch\u00e9s \u00e0 l&#8217;aide d&#8217;une serviette.  <\/p>\n               <p>\/ Laisser agir de 5 \u00e0 10 minutes, puis bien rincer.  <\/p>\n               <p>\/ Utiliser 1 ou 2 fois par semaine. <\/p>\n            <!--==================================================== Directions video ====================================================-->\n      <p>MONAT IR Clinical\u2122 <br \/> Clear Brow Gel <br \/>7:21<\/p>\n      <a href=\"\" target=\"_blank\" role=\"button\" aria-label=\"\" rel=\"noopener\"><\/a>\n   <!--==================================================== Ingredients section  ====================================================-->\n      <h2>INGR\u00c9DIENTS CL\u00c9S<\/h2>\n              <img decoding=\"async\" src=\"https:\/\/monatglobal.com\/wp-content\/uploads\/2022\/11\/REJUVENIQE\u2122.svg\" alt=\"REJUVENIQE Icon\"\/>\n               <p>REJUVENIQE<sup>\u00ae<\/sup><\/p>\n\t\t\t<img decoding=\"async\" src=\"https:\/\/monatglobal.com\/wp-content\/uploads\/2022\/11\/Macadamia-Seed-Oil.svg\" alt=\"Macadamia Seed Oil\"\/>\n               <p>Huile de graines de macadamia<\/p>\n\t\t\t<img decoding=\"async\" src=\"https:\/\/monatglobal.com\/wp-content\/uploads\/2022\/11\/Amino-Acid-Complex.svg\" alt=\"Amino-Acid-Complex\"\/>\n               <p>Complexe d&#8217;acides amin\u00e9s<\/p>\n\t\t\t<img decoding=\"async\" src=\"https:\/\/monatglobal.com\/wp-content\/uploads\/2022\/11\/Coconut-Oil.svg\" alt=\"Coconut-Oil\"\/>\n               <p>Huile de noix de coco <\/p>\n      <button id=\"myBtn\" type=\"button\">LISTE D&#8217;INGR\u00c9DIENTS<\/button>\n      <!--==================================================== Modal content  ====================================================-->\n         &times;\n         <p>Water (Aqua), Cetearyl Alcohol, Brassicamidopropyl Dimethylamine, Behentrimonium Chloride, Orbignya Speciosa Kernel Oil, Fragrance (Parfum), Pisum Sativum (Pea) Extract, Prunus Amygdalus Dulcis (Sweet Almond) Oil, Macadamia Integrifolia Seed Oil, Linum Usitatissimum (Linseed) Seed Oil, Hydrogenated Soybean Oil, Limnanthes Alba (Meadowfoam) Seed Oil, Crambe Abyssinica Seed Oil, Camellia Oleifera Seed Oil, Solanum Lycopersicum (Tomato) Seed Oil, Daucus Carota Sativa (Carrot) Seed Oil, Citrus Limon (Lemon) Peel Oil, Citrus Aurantifolia (Lime) Oil, Citrus Aurantium Bergamia (Bergamot) Fruit Oil, Adansonia Digitata Oil, Mauritia Flexuosa Fruit Oil, Cocos Nucifera (Coconut) Oil, Gardenia Taitensis Flower Extract, Moringa Oleifera Seed Oil, Caryocar Brasiliense Fruit Oil, Helianthus Annuus (Sunflower) Seed Oil, Glycerin, Wheat Amino Acids, Soy Amino Acids, Arginine HCl, Serine, Threonine, Disodium EDTA, Limonene, Citric Acid, Benzyl Alcohol, Dehydroacetic Acid.<\/p>\n   <!--==================================================== You might also like section ====================================================-->\n      <h2>VOUS POURRIEZ AUSSI AIMER<\/h2>\n      <!--==================================================== Slider YOU MIGHT ALSO LIKE ====================================================-->\n    <!--  -->\n    <!--     -->\n            <!--==================================================== Slides products ====================================================-->\n    <!--        -->\n    <!--           <a href=\"https:\/\/monatglobal.com\/ca\/renew-shampoo\/?lang=fr\" aria-label=\"Go to Renew Shampoo page\">-->\n    <!--              <img decoding=\"async\" src=\"https:\/\/monatglobal.com\/wp-content\/uploads\/2022\/06\/renew-shampoo-e-comm.png\" alt=\"Renew Shampoo\" loading=\"lazy\"\/>-->\n    <!--              <p>Shampooing Renew\u2122<\/p>-->\n    <!--           <\/a>-->\n    <!--        -->\n    <!--        -->\n    <!--         \t<a href=\"https:\/\/monatglobal.com\/ca\/intense-repair-serum\/?lang=fr\" aria-label=\"Go to IR Clinical\u2122 Thinning Defense Scalp Serum page\">-->\n\t\t\t\t<!--\t<img decoding=\"async\" src=\"https:\/\/monatglobal.com\/wp-content\/uploads\/2022\/12\/IR-CLINICAL-HAIR-THINNING-DEFENSE-SERUM_E_comm-min.png\" alt=\"IR Clinical\u2122 Thinning Defense Scalp Serum\" loading=\"lazy\"\/>-->\n\t\t\t\t<!--\t<p>Soin pour cheveux amincissants IR Clinical\u2122 <\/p>-->\n\t\t\t\t<!--<\/a>-->\n    <!--        -->\n    <!--        -->\n    <!--       <a href=\"https:\/\/monatglobal.com\/ca\/hair-damage-repair-shampoo\/?lang=fr\" aria-label=\"Go to Damage Repair Bond Support Shampoo page\">-->\n    <!--              <img decoding=\"async\" src=\"https:\/\/monatglobal.com\/wp-content\/uploads\/2022\/12\/DR_Bond-Support-Shampoo.png\" alt=\"Damage Repair Bond Support Shampoo\" loading=\"lazy\"\/>-->\n    <!--              <p>Shampooing favorisant la coh\u00e9sion R\u00e9paration des dommages<\/p>-->\n    <!--           <\/a>-->\n    <!--        -->\n    <!--     -->\n         <!--==================================================== If we need navigation buttons  ====================================================-->\n    <!--     -->\n    <!--     -->\n         <!--==================================================== If we need paginations  ====================================================-->\n    <!--     -->\n    <!--  -->\n<!-- If we need navigation buttons -->\n<!-- If we need paginations -->\n<a href=\"\" aria-label=\"\"><\/a>\n\n","protected":false},"excerpt":{"rendered":"<p>NEW NEW Masque ultra hydratant Cette riche formule nourrit les cheveux secs, ternes et fragiles, les laissant doux et soyeux. 134 ml \u212e 4,5 oz liq. Retail Price$00.00 (USD) VIP Customer Price$00.00 (USD) Pour en savoir plus sur le Masque ultra hydratant, veuillez contacter votre partenaire de march\u00e9 MONAT. BIENFAITS Il offre aux cheveux secs&hellip;<\/p>\n","protected":false},"author":20,"featured_media":40623,"parent":0,"menu_order":0,"comment_status":"closed","ping_status":"closed","template":"","meta":{"inline_featured_image":false,"om_disable_all_campaigns":false,"_monsterinsights_skip_tracking":false,"_monsterinsights_sitenote_active":false,"_monsterinsights_sitenote_note":"","_monsterinsights_sitenote_category":0,"footnotes":""},"categories":[3629],"tags":[],"class_list":["post-33995","page","type-page","status-publish","has-post-thumbnail","hentry","category-product-fra"],"aioseo_notices":[],"aioseo_head":"\n\t\t<!-- All in One SEO Pro 4.9.6 - aioseo.com -->\n\t<meta name=\"description\" content=\"NEW NEW Masque ultra hydratant Cette riche formule nourrit les cheveux secs, ternes et fragiles, les laissant doux et soyeux. 134 ml \u212e 4,5 oz liq. Retail Price$00.00 (USD) VIP Customer Price$00.00 (USD) Pour en savoir plus sur le Masque ultra hydratant, veuillez contacter votre partenaire de march\u00e9 MONAT. BIENFAITS Il offre aux cheveux secs\" \/>\n\t<meta name=\"robots\" content=\"max-image-preview:large\" \/>\n\t<link rel=\"canonical\" href=\"https:\/\/monatglobal.com\/ca\/super-moisture-masque\/?lang=fr\" \/>\n\t<meta name=\"generator\" content=\"All in One SEO Pro (AIOSEO) 4.9.6\" \/>\n\t\t<meta property=\"og:locale\" content=\"en_US\" \/>\n\t\t<meta property=\"og:site_name\" content=\"Monat Canada English - We Are Modern Nature\" \/>\n\t\t<meta property=\"og:type\" content=\"article\" \/>\n\t\t<meta property=\"og:title\" content=\"Masque super hydratant - Monat Canada English\" \/>\n\t\t<meta property=\"og:description\" content=\"NEW NEW Masque ultra hydratant Cette riche formule nourrit les cheveux secs, ternes et fragiles, les laissant doux et soyeux. 134 ml \u212e 4,5 oz liq. Retail Price$00.00 (USD) VIP Customer Price$00.00 (USD) Pour en savoir plus sur le Masque ultra hydratant, veuillez contacter votre partenaire de march\u00e9 MONAT. BIENFAITS Il offre aux cheveux secs\" \/>\n\t\t<meta property=\"og:url\" content=\"https:\/\/monatglobal.com\/ca\/super-moisture-masque\/?lang=fr\" \/>\n\t\t<meta property=\"article:published_time\" content=\"2018-07-11T20:01:32+00:00\" \/>\n\t\t<meta property=\"article:modified_time\" content=\"2026-01-19T15:54:02+00:00\" \/>\n\t\t<meta name=\"twitter:card\" content=\"summary_large_image\" \/>\n\t\t<meta name=\"twitter:title\" content=\"Masque super hydratant - Monat Canada English\" \/>\n\t\t<meta name=\"twitter:description\" content=\"NEW NEW Masque ultra hydratant Cette riche formule nourrit les cheveux secs, ternes et fragiles, les laissant doux et soyeux. 134 ml \u212e 4,5 oz liq. Retail Price$00.00 (USD) VIP Customer Price$00.00 (USD) Pour en savoir plus sur le Masque ultra hydratant, veuillez contacter votre partenaire de march\u00e9 MONAT. BIENFAITS Il offre aux cheveux secs\" \/>\n\t\t<script type=\"application\/ld+json\" class=\"aioseo-schema\">\n\t\t\t{\"@context\":\"https:\\\/\\\/schema.org\",\"@graph\":[{\"@type\":\"BreadcrumbList\",\"@id\":\"https:\\\/\\\/monatglobal.com\\\/ca\\\/super-moisture-masque\\\/?lang=fr#breadcrumblist\",\"itemListElement\":[{\"@type\":\"ListItem\",\"@id\":\"https:\\\/\\\/monatglobal.com\\\/ca#listItem\",\"position\":1,\"name\":\"Home\",\"item\":\"https:\\\/\\\/monatglobal.com\\\/ca\",\"nextItem\":{\"@type\":\"ListItem\",\"@id\":\"https:\\\/\\\/monatglobal.com\\\/ca\\\/super-moisture-masque\\\/?lang=fr#listItem\",\"name\":\"Masque super hydratant\"}},{\"@type\":\"ListItem\",\"@id\":\"https:\\\/\\\/monatglobal.com\\\/ca\\\/super-moisture-masque\\\/?lang=fr#listItem\",\"position\":2,\"name\":\"Masque super hydratant\",\"previousItem\":{\"@type\":\"ListItem\",\"@id\":\"https:\\\/\\\/monatglobal.com\\\/ca#listItem\",\"name\":\"Home\"}}]},{\"@type\":\"Organization\",\"@id\":\"https:\\\/\\\/monatglobal.com\\\/ca\\\/#organization\",\"name\":\"Monat Canada English\",\"description\":\"We Are Modern Nature\",\"url\":\"https:\\\/\\\/monatglobal.com\\\/ca\\\/\"},{\"@type\":\"WebPage\",\"@id\":\"https:\\\/\\\/monatglobal.com\\\/ca\\\/super-moisture-masque\\\/?lang=fr#webpage\",\"url\":\"https:\\\/\\\/monatglobal.com\\\/ca\\\/super-moisture-masque\\\/?lang=fr\",\"name\":\"Masque super hydratant - Monat Canada English\",\"description\":\"NEW NEW Masque ultra hydratant Cette riche formule nourrit les cheveux secs, ternes et fragiles, les laissant doux et soyeux. 134 ml \\u212e 4,5 oz liq. Retail Price$00.00 (USD) VIP Customer Price$00.00 (USD) Pour en savoir plus sur le Masque ultra hydratant, veuillez contacter votre partenaire de march\\u00e9 MONAT. BIENFAITS Il offre aux cheveux secs\",\"inLanguage\":\"en-US\",\"isPartOf\":{\"@id\":\"https:\\\/\\\/monatglobal.com\\\/ca\\\/#website\"},\"breadcrumb\":{\"@id\":\"https:\\\/\\\/monatglobal.com\\\/ca\\\/super-moisture-masque\\\/?lang=fr#breadcrumblist\"},\"image\":{\"@type\":\"ImageObject\",\"url\":\"https:\\\/\\\/monatglobal.com\\\/ca\\\/wp-content\\\/uploads\\\/sites\\\/5\\\/2019\\\/01\\\/SUPER-MOISTURE-MASQUE-500x438.png\",\"@id\":\"https:\\\/\\\/monatglobal.com\\\/ca\\\/super-moisture-masque\\\/?lang=fr\\\/#mainImage\",\"width\":438,\"height\":500},\"primaryImageOfPage\":{\"@id\":\"https:\\\/\\\/monatglobal.com\\\/ca\\\/super-moisture-masque\\\/?lang=fr#mainImage\"},\"datePublished\":\"2018-07-11T20:01:32-04:00\",\"dateModified\":\"2026-01-19T10:54:02-05:00\"},{\"@type\":\"WebSite\",\"@id\":\"https:\\\/\\\/monatglobal.com\\\/ca\\\/#website\",\"url\":\"https:\\\/\\\/monatglobal.com\\\/ca\\\/\",\"name\":\"Monat Canada English\",\"description\":\"We Are Modern Nature\",\"inLanguage\":\"en-US\",\"publisher\":{\"@id\":\"https:\\\/\\\/monatglobal.com\\\/ca\\\/#organization\"}}]}\n\t\t<\/script>\n\t\t<!-- All in One SEO Pro -->\r\n\t\t<title>Masque super hydratant - Monat Canada English<\/title>\n\n","aioseo_head_json":{"title":"Masque super hydratant - Monat Canada English","description":"NEW NEW Masque ultra hydratant Cette riche formule nourrit les cheveux secs, ternes et fragiles, les laissant doux et soyeux. 134 ml \u212e 4,5 oz liq. Retail Price$00.00 (USD) VIP Customer Price$00.00 (USD) Pour en savoir plus sur le Masque ultra hydratant, veuillez contacter votre partenaire de march\u00e9 MONAT. BIENFAITS Il offre aux cheveux secs","canonical_url":"https:\/\/monatglobal.com\/ca\/super-moisture-masque\/?lang=fr","robots":"max-image-preview:large","keywords":"","webmasterTools":{"miscellaneous":""},"schema":{"@context":"https:\/\/schema.org","@graph":[{"@type":"BreadcrumbList","@id":"https:\/\/monatglobal.com\/ca\/super-moisture-masque\/?lang=fr#breadcrumblist","itemListElement":[{"@type":"ListItem","@id":"https:\/\/monatglobal.com\/ca#listItem","position":1,"name":"Home","item":"https:\/\/monatglobal.com\/ca","nextItem":{"@type":"ListItem","@id":"https:\/\/monatglobal.com\/ca\/super-moisture-masque\/?lang=fr#listItem","name":"Masque super hydratant"}},{"@type":"ListItem","@id":"https:\/\/monatglobal.com\/ca\/super-moisture-masque\/?lang=fr#listItem","position":2,"name":"Masque super hydratant","previousItem":{"@type":"ListItem","@id":"https:\/\/monatglobal.com\/ca#listItem","name":"Home"}}]},{"@type":"Organization","@id":"https:\/\/monatglobal.com\/ca\/#organization","name":"Monat Canada English","description":"We Are Modern Nature","url":"https:\/\/monatglobal.com\/ca\/"},{"@type":"WebPage","@id":"https:\/\/monatglobal.com\/ca\/super-moisture-masque\/?lang=fr#webpage","url":"https:\/\/monatglobal.com\/ca\/super-moisture-masque\/?lang=fr","name":"Masque super hydratant - Monat Canada English","description":"NEW NEW Masque ultra hydratant Cette riche formule nourrit les cheveux secs, ternes et fragiles, les laissant doux et soyeux. 134 ml \u212e 4,5 oz liq. Retail Price$00.00 (USD) VIP Customer Price$00.00 (USD) Pour en savoir plus sur le Masque ultra hydratant, veuillez contacter votre partenaire de march\u00e9 MONAT. BIENFAITS Il offre aux cheveux secs","inLanguage":"en-US","isPartOf":{"@id":"https:\/\/monatglobal.com\/ca\/#website"},"breadcrumb":{"@id":"https:\/\/monatglobal.com\/ca\/super-moisture-masque\/?lang=fr#breadcrumblist"},"image":{"@type":"ImageObject","url":"https:\/\/monatglobal.com\/ca\/wp-content\/uploads\/sites\/5\/2019\/01\/SUPER-MOISTURE-MASQUE-500x438.png","@id":"https:\/\/monatglobal.com\/ca\/super-moisture-masque\/?lang=fr\/#mainImage","width":438,"height":500},"primaryImageOfPage":{"@id":"https:\/\/monatglobal.com\/ca\/super-moisture-masque\/?lang=fr#mainImage"},"datePublished":"2018-07-11T20:01:32-04:00","dateModified":"2026-01-19T10:54:02-05:00"},{"@type":"WebSite","@id":"https:\/\/monatglobal.com\/ca\/#website","url":"https:\/\/monatglobal.com\/ca\/","name":"Monat Canada English","description":"We Are Modern Nature","inLanguage":"en-US","publisher":{"@id":"https:\/\/monatglobal.com\/ca\/#organization"}}]},"og:locale":"en_US","og:site_name":"Monat Canada English - We Are Modern Nature","og:type":"article","og:title":"Masque super hydratant - Monat Canada English","og:description":"NEW NEW Masque ultra hydratant Cette riche formule nourrit les cheveux secs, ternes et fragiles, les laissant doux et soyeux. 134 ml \u212e 4,5 oz liq. Retail Price$00.00 (USD) VIP Customer Price$00.00 (USD) Pour en savoir plus sur le Masque ultra hydratant, veuillez contacter votre partenaire de march\u00e9 MONAT. BIENFAITS Il offre aux cheveux secs","og:url":"https:\/\/monatglobal.com\/ca\/super-moisture-masque\/?lang=fr","article:published_time":"2018-07-11T20:01:32+00:00","article:modified_time":"2026-01-19T15:54:02+00:00","twitter:card":"summary_large_image","twitter:title":"Masque super hydratant - Monat Canada English","twitter:description":"NEW NEW Masque ultra hydratant Cette riche formule nourrit les cheveux secs, ternes et fragiles, les laissant doux et soyeux. 134 ml \u212e 4,5 oz liq. Retail Price$00.00 (USD) VIP Customer Price$00.00 (USD) Pour en savoir plus sur le Masque ultra hydratant, veuillez contacter votre partenaire de march\u00e9 MONAT. BIENFAITS Il offre aux cheveux secs"},"aioseo_meta_data":{"post_id":"33995","title":null,"description":null,"keywords":[],"keyphrases":{"focus":{"keyphrase":"","score":0,"analysis":{"keyphraseInTitle":{"score":0,"maxScore":9,"error":1}}},"additional":[]},"primary_term":null,"canonical_url":null,"og_title":null,"og_description":null,"og_object_type":"default","og_image_type":"default","og_image_url":null,"og_image_width":null,"og_image_height":null,"og_image_custom_url":null,"og_image_custom_fields":null,"og_video":"","og_custom_url":null,"og_article_section":null,"og_article_tags":[],"twitter_use_og":false,"twitter_card":"default","twitter_image_type":"default","twitter_image_url":null,"twitter_image_custom_url":null,"twitter_image_custom_fields":null,"twitter_title":null,"twitter_description":null,"schema":{"blockGraphs":[],"customGraphs":[],"default":{"data":{"Article":[],"Course":[],"Dataset":[],"FAQPage":[],"Movie":[],"Person":[],"Product":[],"ProductReview":[],"Car":[],"Recipe":[],"Service":[],"SoftwareApplication":[],"WebPage":[]},"graphName":"WebPage","isEnabled":true},"graphs":[]},"schema_type":"default","schema_type_options":null,"pillar_content":false,"robots_default":true,"robots_noindex":false,"robots_noarchive":false,"robots_nosnippet":false,"robots_nofollow":false,"robots_noimageindex":false,"robots_noodp":false,"robots_notranslate":false,"robots_max_snippet":"-1","robots_max_videopreview":"-1","robots_max_imagepreview":"large","priority":null,"frequency":"default","local_seo":null,"seo_analyzer_scan_date":"2026-02-10 03:39:11","limit_modified_date":false,"reviewed_by":null,"open_ai":null,"ai":null,"created":"2023-07-26 12:27:06","updated":"2026-02-10 18:41:50"},"aioseo_breadcrumb":"<div class=\"aioseo-breadcrumbs\"><span class=\"aioseo-breadcrumb\">\n\t<a href=\"https:\/\/monatglobal.com\/ca\" title=\"Home\">Home<\/a>\n<\/span><span class=\"aioseo-breadcrumb-separator\">&raquo;<\/span><span class=\"aioseo-breadcrumb\">\n\tMasque super hydratant\n<\/span><\/div>","aioseo_breadcrumb_json":[{"label":"Home","link":"https:\/\/monatglobal.com\/ca"},{"label":"Masque super hydratant","link":"https:\/\/monatglobal.com\/ca\/super-moisture-masque\/?lang=fr"}],"_links":{"self":[{"href":"https:\/\/monatglobal.com\/ca\/wp-json\/wp\/v2\/pages\/33995","targetHints":{"allow":["GET"]}}],"collection":[{"href":"https:\/\/monatglobal.com\/ca\/wp-json\/wp\/v2\/pages"}],"about":[{"href":"https:\/\/monatglobal.com\/ca\/wp-json\/wp\/v2\/types\/page"}],"author":[{"embeddable":true,"href":"https:\/\/monatglobal.com\/ca\/wp-json\/wp\/v2\/users\/20"}],"replies":[{"embeddable":true,"href":"https:\/\/monatglobal.com\/ca\/wp-json\/wp\/v2\/comments?post=33995"}],"version-history":[{"count":41,"href":"https:\/\/monatglobal.com\/ca\/wp-json\/wp\/v2\/pages\/33995\/revisions"}],"predecessor-version":[{"id":110099,"href":"https:\/\/monatglobal.com\/ca\/wp-json\/wp\/v2\/pages\/33995\/revisions\/110099"}],"wp:featuredmedia":[{"embeddable":true,"href":"https:\/\/monatglobal.com\/ca\/wp-json\/wp\/v2\/media\/40623"}],"wp:attachment":[{"href":"https:\/\/monatglobal.com\/ca\/wp-json\/wp\/v2\/media?parent=33995"}],"wp:term":[{"taxonomy":"category","embeddable":true,"href":"https:\/\/monatglobal.com\/ca\/wp-json\/wp\/v2\/categories?post=33995"},{"taxonomy":"post_tag","embeddable":true,"href":"https:\/\/monatglobal.com\/ca\/wp-json\/wp\/v2\/tags?post=33995"}],"curies":[{"name":"wp","href":"https:\/\/api.w.org\/{rel}","templated":true}]}}