{"id":33563,"date":"2018-06-12T21:53:44","date_gmt":"2018-06-12T21:53:44","guid":{"rendered":"https:\/\/monatglobal.com\/ca\/?page_id=33563"},"modified":"2018-07-26T03:59:31","modified_gmt":"2018-07-26T03:59:31","slug":"palooza-2018","status":"publish","type":"page","link":"https:\/\/monatglobal.com\/ca\/palooza-2018\/?lang=fr","title":{"rendered":"Palooza 2018"},"content":{"rendered":"<p>\t[masterslider id=&#8221;140&#8243;]<br \/>\n\t\t\t\t<img loading=\"lazy\" decoding=\"async\" src=\"https:\/\/monatglobal.com\/wp-content\/uploads\/2018\/06\/HYDRAPALOOZA-2018.png\" alt=\"HYDRAPALOOZA-2018\" itemprop=\"image\" height=\"94\" width=\"300\" title=\"HYDRAPALOOZA-2018\"  \/><\/p>\n<h2>\n\t\tMerci de vous \u00eatre joint \u00e0 nous le samedi 7 juillet 2018.<br \/>\n\t<\/h2>\n<p>\nRegarder l\u2019enregistrement de l\u2019\u00e9v\u00e8nement (en anglais seulement)<\/p>\n<p>\t1<\/p>\n<p>\n\tCr\u00e9ez la page d\u2019inscription pour votre \u00e9v\u00e8nement sur notre page Eventbrite : <a target=\"_blank\" href=\"https:\/\/nvite.com\/community\/monat\"><strong>https:\/\/nvite.com\/community\/monat<\/strong><\/a><br \/>\n\t2<\/p>\n<p>\n\tRemplissez le formulaire ci-dessous.<br \/>\n\t3<\/p>\n<p>\nRecevez un courriel de confirmation contenant des outils excitants pour ASSURER le succ\u00e8s de votre \u00e9v\u00e8nement.<br \/>\n\t4<br \/>\n\t<!-- Begin MailChimp Signup Form -->\n<link href=\"\/\/cdn-images.mailchimp.com\/embedcode\/classic-10_7.css\" rel=\"stylesheet\" type=\"text\/css\">\n<style type=\"text\/css\">\n\t#mc_embed_signup{background:#fff; clear:left; font:14px Helvetica,Arial,sans-serif; }\n\t\/* Add your own MailChimp form style overrides in your site stylesheet or in this style block.\n\t   We recommend moving this block and the preceding CSS link to the HEAD of your HTML file. *\/\n<\/style>\n<form action=\"https:\/\/monatglobal.us9.list-manage.com\/subscribe\/post?u=5b14e3c0bd6372e1d93e9a8f6&amp;id=4e57137d67\" method=\"post\" id=\"mc-embedded-subscribe-form\" name=\"mc-embedded-subscribe-form\" target=\"_blank\" novalidate>\n* indique requis<br \/>\n\t<label for=\"mce-FNAME\">Nom <\/label><br \/>\n\t<input type=\"text\" value=\"\" name=\"FNAME\" id=\"mce-FNAME\"><br \/>\n\t<label for=\"mce-MMERGE3\">Num\u00e9ro d\u2019identification de partenaire de march\u00e9  *<br \/>\n<\/label><br \/>\n\t<input type=\"text\" value=\"\" name=\"MMERGE3\" id=\"mce-MMERGE3\"><br \/>\n\t<label for=\"mce-MMERGE2\">Ville et province ou \u00e9v\u00e8nement <\/label><br \/>\n\t<input type=\"text\" value=\"\" name=\"MMERGE2\" id=\"mce-MMERGE2\"><br \/>\n\t<label for=\"mce-MMERGE5\">Lien Eventbrite <\/label><br \/>\n\t<input type=\"text\" value=\"\" name=\"MMERGE5\" id=\"mce-MMERGE5\"><br \/>\n\t<label for=\"mce-EMAIL\">Courriel  *<br \/>\n<\/label><br \/>\n\t<input type=\"email\" value=\"\" name=\"EMAIL\" id=\"mce-EMAIL\"><br \/>\n\t    <!-- real people should not fill this in and expect good things - do not remove this or risk form bot signups--><br \/>\n    <input type=\"text\" name=\"b_5b14e3c0bd6372e1d93e9a8f6_4e57137d67\" tabindex=\"-1\" value=\"\"><br \/>\n    <input type=\"submit\" value=\"SOUMETTRE\" name=\"subscribe\" id=\"mc-embedded-subscribe\"><br \/>\n<\/form>\n<p><!--End mc_embed_signup--><br \/>\n\t<iframe loading=\"lazy\" src=\"https:\/\/player.vimeo.com\/video\/279565601?app_id=122963\" width=\"1170\" height=\"658\" frameborder=\"0\" title=\"MONAT Palooza 2018 - Replay\" webkitallowfullscreen mozallowfullscreen allowfullscreen><\/iframe><\/p>\n<p>\nCliquez <a href=\"https:\/\/nvite.com\/community\/monat\"><strong>ici<\/strong> <\/a>pour trouver un \u00e9v\u00e8nement pr\u00e8s de chez vous.<\/p>\n","protected":false},"excerpt":{"rendered":"<p>[masterslider id=&#8221;140&#8243;] Merci de vous \u00eatre joint \u00e0 nous le samedi 7 juillet 2018. Regarder l\u2019enregistrement de l\u2019\u00e9v\u00e8nement (en anglais seulement) 1 Cr\u00e9ez la page d\u2019inscription pour votre \u00e9v\u00e8nement sur notre page Eventbrite : https:\/\/nvite.com\/community\/monat 2 Remplissez le formulaire ci-dessous. 3 Recevez un courriel de confirmation contenant des outils excitants pour ASSURER le succ\u00e8s de&hellip;<\/p>\n","protected":false},"author":20,"featured_media":0,"parent":0,"menu_order":0,"comment_status":"closed","ping_status":"closed","template":"template-full-custom.php","meta":{"inline_featured_image":false,"om_disable_all_campaigns":false,"_monsterinsights_skip_tracking":false,"_monsterinsights_sitenote_active":false,"_monsterinsights_sitenote_note":"","_monsterinsights_sitenote_category":0,"footnotes":""},"categories":[],"tags":[],"class_list":["post-33563","page","type-page","status-publish","hentry"],"aioseo_notices":[],"aioseo_head":"\n\t\t<!-- All in One SEO Pro 4.9.6 - aioseo.com -->\n\t<meta name=\"description\" content=\"[masterslider id=&quot;140&quot;] Merci de vous \u00eatre joint \u00e0 nous le samedi 7 juillet 2018. Regarder l\u2019enregistrement de l\u2019\u00e9v\u00e8nement (en anglais seulement) 1 Cr\u00e9ez la page d\u2019inscription pour votre \u00e9v\u00e8nement sur notre page Eventbrite : https:\/\/nvite.com\/community\/monat 2 Remplissez le formulaire ci-dessous. 3 Recevez un courriel de confirmation contenant des outils excitants pour ASSURER le succ\u00e8s de\" \/>\n\t<meta name=\"robots\" content=\"max-image-preview:large\" \/>\n\t<link rel=\"canonical\" href=\"https:\/\/monatglobal.com\/ca\/palooza-2018\/?lang=fr\" \/>\n\t<meta name=\"generator\" content=\"All in One SEO Pro (AIOSEO) 4.9.6\" \/>\n\t\t<meta property=\"og:locale\" content=\"en_US\" \/>\n\t\t<meta property=\"og:site_name\" content=\"Monat Canada English - We Are Modern Nature\" \/>\n\t\t<meta property=\"og:type\" content=\"article\" \/>\n\t\t<meta property=\"og:title\" content=\"Palooza 2018 - Monat Canada English\" \/>\n\t\t<meta property=\"og:description\" content=\"[masterslider id=&quot;140&quot;] Merci de vous \u00eatre joint \u00e0 nous le samedi 7 juillet 2018. Regarder l\u2019enregistrement de l\u2019\u00e9v\u00e8nement (en anglais seulement) 1 Cr\u00e9ez la page d\u2019inscription pour votre \u00e9v\u00e8nement sur notre page Eventbrite : https:\/\/nvite.com\/community\/monat 2 Remplissez le formulaire ci-dessous. 3 Recevez un courriel de confirmation contenant des outils excitants pour ASSURER le succ\u00e8s de\" \/>\n\t\t<meta property=\"og:url\" content=\"https:\/\/monatglobal.com\/ca\/palooza-2018\/?lang=fr\" \/>\n\t\t<meta property=\"article:published_time\" content=\"2018-06-12T21:53:44+00:00\" \/>\n\t\t<meta property=\"article:modified_time\" content=\"2018-07-26T03:59:31+00:00\" \/>\n\t\t<meta name=\"twitter:card\" content=\"summary_large_image\" \/>\n\t\t<meta name=\"twitter:title\" content=\"Palooza 2018 - Monat Canada English\" \/>\n\t\t<meta name=\"twitter:description\" content=\"[masterslider id=&quot;140&quot;] Merci de vous \u00eatre joint \u00e0 nous le samedi 7 juillet 2018. Regarder l\u2019enregistrement de l\u2019\u00e9v\u00e8nement (en anglais seulement) 1 Cr\u00e9ez la page d\u2019inscription pour votre \u00e9v\u00e8nement sur notre page Eventbrite : https:\/\/nvite.com\/community\/monat 2 Remplissez le formulaire ci-dessous. 3 Recevez un courriel de confirmation contenant des outils excitants pour ASSURER le succ\u00e8s de\" \/>\n\t\t<script type=\"application\/ld+json\" class=\"aioseo-schema\">\n\t\t\t{\"@context\":\"https:\\\/\\\/schema.org\",\"@graph\":[{\"@type\":\"BreadcrumbList\",\"@id\":\"https:\\\/\\\/monatglobal.com\\\/ca\\\/palooza-2018\\\/?lang=fr#breadcrumblist\",\"itemListElement\":[{\"@type\":\"ListItem\",\"@id\":\"https:\\\/\\\/monatglobal.com\\\/ca#listItem\",\"position\":1,\"name\":\"Home\",\"item\":\"https:\\\/\\\/monatglobal.com\\\/ca\",\"nextItem\":{\"@type\":\"ListItem\",\"@id\":\"https:\\\/\\\/monatglobal.com\\\/ca\\\/palooza-2018\\\/?lang=fr#listItem\",\"name\":\"Palooza 2018\"}},{\"@type\":\"ListItem\",\"@id\":\"https:\\\/\\\/monatglobal.com\\\/ca\\\/palooza-2018\\\/?lang=fr#listItem\",\"position\":2,\"name\":\"Palooza 2018\",\"previousItem\":{\"@type\":\"ListItem\",\"@id\":\"https:\\\/\\\/monatglobal.com\\\/ca#listItem\",\"name\":\"Home\"}}]},{\"@type\":\"Organization\",\"@id\":\"https:\\\/\\\/monatglobal.com\\\/ca\\\/#organization\",\"name\":\"Monat Canada English\",\"description\":\"We Are Modern Nature\",\"url\":\"https:\\\/\\\/monatglobal.com\\\/ca\\\/\"},{\"@type\":\"WebPage\",\"@id\":\"https:\\\/\\\/monatglobal.com\\\/ca\\\/palooza-2018\\\/?lang=fr#webpage\",\"url\":\"https:\\\/\\\/monatglobal.com\\\/ca\\\/palooza-2018\\\/?lang=fr\",\"name\":\"Palooza 2018 - Monat Canada English\",\"description\":\"[masterslider id=\\\"140\\\"] Merci de vous \\u00eatre joint \\u00e0 nous le samedi 7 juillet 2018. Regarder l\\u2019enregistrement de l\\u2019\\u00e9v\\u00e8nement (en anglais seulement) 1 Cr\\u00e9ez la page d\\u2019inscription pour votre \\u00e9v\\u00e8nement sur notre page Eventbrite : https:\\\/\\\/nvite.com\\\/community\\\/monat 2 Remplissez le formulaire ci-dessous. 3 Recevez un courriel de confirmation contenant des outils excitants pour ASSURER le succ\\u00e8s de\",\"inLanguage\":\"en-US\",\"isPartOf\":{\"@id\":\"https:\\\/\\\/monatglobal.com\\\/ca\\\/#website\"},\"breadcrumb\":{\"@id\":\"https:\\\/\\\/monatglobal.com\\\/ca\\\/palooza-2018\\\/?lang=fr#breadcrumblist\"},\"datePublished\":\"2018-06-12T21:53:44-04:00\",\"dateModified\":\"2018-07-26T03:59:31-04:00\"},{\"@type\":\"WebSite\",\"@id\":\"https:\\\/\\\/monatglobal.com\\\/ca\\\/#website\",\"url\":\"https:\\\/\\\/monatglobal.com\\\/ca\\\/\",\"name\":\"Monat Canada English\",\"description\":\"We Are Modern Nature\",\"inLanguage\":\"en-US\",\"publisher\":{\"@id\":\"https:\\\/\\\/monatglobal.com\\\/ca\\\/#organization\"}}]}\n\t\t<\/script>\n\t\t<!-- All in One SEO Pro -->\r\n\t\t<title>Palooza 2018 - Monat Canada English<\/title>\n\n","aioseo_head_json":{"title":"Palooza 2018 - Monat Canada English","description":"[masterslider id=\"140\"] Merci de vous \u00eatre joint \u00e0 nous le samedi 7 juillet 2018. Regarder l\u2019enregistrement de l\u2019\u00e9v\u00e8nement (en anglais seulement) 1 Cr\u00e9ez la page d\u2019inscription pour votre \u00e9v\u00e8nement sur notre page Eventbrite : https:\/\/nvite.com\/community\/monat 2 Remplissez le formulaire ci-dessous. 3 Recevez un courriel de confirmation contenant des outils excitants pour ASSURER le succ\u00e8s de","canonical_url":"https:\/\/monatglobal.com\/ca\/palooza-2018\/?lang=fr","robots":"max-image-preview:large","keywords":"","webmasterTools":{"miscellaneous":""},"schema":{"@context":"https:\/\/schema.org","@graph":[{"@type":"BreadcrumbList","@id":"https:\/\/monatglobal.com\/ca\/palooza-2018\/?lang=fr#breadcrumblist","itemListElement":[{"@type":"ListItem","@id":"https:\/\/monatglobal.com\/ca#listItem","position":1,"name":"Home","item":"https:\/\/monatglobal.com\/ca","nextItem":{"@type":"ListItem","@id":"https:\/\/monatglobal.com\/ca\/palooza-2018\/?lang=fr#listItem","name":"Palooza 2018"}},{"@type":"ListItem","@id":"https:\/\/monatglobal.com\/ca\/palooza-2018\/?lang=fr#listItem","position":2,"name":"Palooza 2018","previousItem":{"@type":"ListItem","@id":"https:\/\/monatglobal.com\/ca#listItem","name":"Home"}}]},{"@type":"Organization","@id":"https:\/\/monatglobal.com\/ca\/#organization","name":"Monat Canada English","description":"We Are Modern Nature","url":"https:\/\/monatglobal.com\/ca\/"},{"@type":"WebPage","@id":"https:\/\/monatglobal.com\/ca\/palooza-2018\/?lang=fr#webpage","url":"https:\/\/monatglobal.com\/ca\/palooza-2018\/?lang=fr","name":"Palooza 2018 - Monat Canada English","description":"[masterslider id=\"140\"] Merci de vous \u00eatre joint \u00e0 nous le samedi 7 juillet 2018. Regarder l\u2019enregistrement de l\u2019\u00e9v\u00e8nement (en anglais seulement) 1 Cr\u00e9ez la page d\u2019inscription pour votre \u00e9v\u00e8nement sur notre page Eventbrite : https:\/\/nvite.com\/community\/monat 2 Remplissez le formulaire ci-dessous. 3 Recevez un courriel de confirmation contenant des outils excitants pour ASSURER le succ\u00e8s de","inLanguage":"en-US","isPartOf":{"@id":"https:\/\/monatglobal.com\/ca\/#website"},"breadcrumb":{"@id":"https:\/\/monatglobal.com\/ca\/palooza-2018\/?lang=fr#breadcrumblist"},"datePublished":"2018-06-12T21:53:44-04:00","dateModified":"2018-07-26T03:59:31-04:00"},{"@type":"WebSite","@id":"https:\/\/monatglobal.com\/ca\/#website","url":"https:\/\/monatglobal.com\/ca\/","name":"Monat Canada English","description":"We Are Modern Nature","inLanguage":"en-US","publisher":{"@id":"https:\/\/monatglobal.com\/ca\/#organization"}}]},"og:locale":"en_US","og:site_name":"Monat Canada English - We Are Modern Nature","og:type":"article","og:title":"Palooza 2018 - Monat Canada English","og:description":"[masterslider id=&quot;140&quot;] Merci de vous \u00eatre joint \u00e0 nous le samedi 7 juillet 2018. Regarder l\u2019enregistrement de l\u2019\u00e9v\u00e8nement (en anglais seulement) 1 Cr\u00e9ez la page d\u2019inscription pour votre \u00e9v\u00e8nement sur notre page Eventbrite : https:\/\/nvite.com\/community\/monat 2 Remplissez le formulaire ci-dessous. 3 Recevez un courriel de confirmation contenant des outils excitants pour ASSURER le succ\u00e8s de","og:url":"https:\/\/monatglobal.com\/ca\/palooza-2018\/?lang=fr","article:published_time":"2018-06-12T21:53:44+00:00","article:modified_time":"2018-07-26T03:59:31+00:00","twitter:card":"summary_large_image","twitter:title":"Palooza 2018 - Monat Canada English","twitter:description":"[masterslider id=&quot;140&quot;] Merci de vous \u00eatre joint \u00e0 nous le samedi 7 juillet 2018. Regarder l\u2019enregistrement de l\u2019\u00e9v\u00e8nement (en anglais seulement) 1 Cr\u00e9ez la page d\u2019inscription pour votre \u00e9v\u00e8nement sur notre page Eventbrite : https:\/\/nvite.com\/community\/monat 2 Remplissez le formulaire ci-dessous. 3 Recevez un courriel de confirmation contenant des outils excitants pour ASSURER le succ\u00e8s de"},"aioseo_meta_data":{"post_id":"33563","title":null,"description":null,"keywords":null,"keyphrases":null,"primary_term":null,"canonical_url":null,"og_title":null,"og_description":null,"og_object_type":"default","og_image_type":"default","og_image_url":null,"og_image_width":null,"og_image_height":null,"og_image_custom_url":null,"og_image_custom_fields":null,"og_video":null,"og_custom_url":null,"og_article_section":null,"og_article_tags":null,"twitter_use_og":false,"twitter_card":"default","twitter_image_type":"default","twitter_image_url":null,"twitter_image_custom_url":null,"twitter_image_custom_fields":null,"twitter_title":null,"twitter_description":null,"schema":{"blockGraphs":[],"customGraphs":[],"default":{"data":{"Article":[],"Course":[],"Dataset":[],"FAQPage":[],"Movie":[],"Person":[],"Product":[],"ProductReview":[],"Car":[],"Recipe":[],"Service":[],"SoftwareApplication":[],"WebPage":[]},"graphName":"","isEnabled":true},"graphs":[]},"schema_type":"default","schema_type_options":null,"pillar_content":false,"robots_default":true,"robots_noindex":false,"robots_noarchive":false,"robots_nosnippet":false,"robots_nofollow":false,"robots_noimageindex":false,"robots_noodp":false,"robots_notranslate":false,"robots_max_snippet":null,"robots_max_videopreview":null,"robots_max_imagepreview":"large","priority":null,"frequency":null,"local_seo":null,"seo_analyzer_scan_date":"2026-02-10 03:39:07","limit_modified_date":false,"reviewed_by":null,"open_ai":null,"ai":null,"created":"2023-07-26 12:25:09","updated":"2026-02-10 03:39:07"},"aioseo_breadcrumb":"<div class=\"aioseo-breadcrumbs\"><span class=\"aioseo-breadcrumb\">\n\t<a href=\"https:\/\/monatglobal.com\/ca\" title=\"Home\">Home<\/a>\n<\/span><span class=\"aioseo-breadcrumb-separator\">&raquo;<\/span><span class=\"aioseo-breadcrumb\">\n\tPalooza 2018\n<\/span><\/div>","aioseo_breadcrumb_json":[{"label":"Home","link":"https:\/\/monatglobal.com\/ca"},{"label":"Palooza 2018","link":"https:\/\/monatglobal.com\/ca\/palooza-2018\/?lang=fr"}],"_links":{"self":[{"href":"https:\/\/monatglobal.com\/ca\/wp-json\/wp\/v2\/pages\/33563","targetHints":{"allow":["GET"]}}],"collection":[{"href":"https:\/\/monatglobal.com\/ca\/wp-json\/wp\/v2\/pages"}],"about":[{"href":"https:\/\/monatglobal.com\/ca\/wp-json\/wp\/v2\/types\/page"}],"author":[{"embeddable":true,"href":"https:\/\/monatglobal.com\/ca\/wp-json\/wp\/v2\/users\/20"}],"replies":[{"embeddable":true,"href":"https:\/\/monatglobal.com\/ca\/wp-json\/wp\/v2\/comments?post=33563"}],"version-history":[{"count":10,"href":"https:\/\/monatglobal.com\/ca\/wp-json\/wp\/v2\/pages\/33563\/revisions"}],"predecessor-version":[{"id":34154,"href":"https:\/\/monatglobal.com\/ca\/wp-json\/wp\/v2\/pages\/33563\/revisions\/34154"}],"wp:attachment":[{"href":"https:\/\/monatglobal.com\/ca\/wp-json\/wp\/v2\/media?parent=33563"}],"wp:term":[{"taxonomy":"category","embeddable":true,"href":"https:\/\/monatglobal.com\/ca\/wp-json\/wp\/v2\/categories?post=33563"},{"taxonomy":"post_tag","embeddable":true,"href":"https:\/\/monatglobal.com\/ca\/wp-json\/wp\/v2\/tags?post=33563"}],"curies":[{"name":"wp","href":"https:\/\/api.w.org\/{rel}","templated":true}]}}