{"id":32439,"date":"2018-04-24T22:09:49","date_gmt":"2018-04-24T22:09:49","guid":{"rendered":"https:\/\/monatglobal.com\/ca\/?page_id=32439"},"modified":"2022-01-26T13:54:23","modified_gmt":"2022-01-26T18:54:23","slug":"equipe-de-vente","status":"publish","type":"page","link":"https:\/\/monatglobal.com\/ca\/equipe-de-vente\/?lang=fr","title":{"rendered":"\u00c9quipe de Vente"},"content":{"rendered":"\n\t<img decoding=\"async\" src=\"https:\/\/monatglobal.com\/ca\/wp-content\/uploads\/sites\/5\/2018\/03\/bonnie_prieur_bio.jpg\">\n\t\t<p><strong>Greatest Accomplishment:<\/strong><br \/>Her children, Lucas and Emily.<\/p>\n<p><strong>Loves to read<\/strong><br \/>\u2013 and is a member of a book club.<\/p>\n<p><strong>Pleasure &amp; Profession:<\/strong><br \/>Travelling .<\/p>\n\t<h2>Bonnie Prieur<\/h2>\nPremi\u00e8re directrice r\u00e9gionale des ventes<br>\n<hr>\nBonnie apporte chez MONAT plus de 10 ans d\u2019exp\u00e9rience en ventes, en formation et en formation sur le terrain dans l\u2019industrie de la vente directe, en plus de 15 ans d\u2019exp\u00e9rience en gestion. \n<img loading=\"lazy\" decoding=\"async\" src=\"https:\/\/monatglobal.com\/wp-content\/uploads\/2016\/04\/down_arrow1.png\" alt=\"down_arrow1\" width=\"36\" height=\"36\" \/>\nElle a une passion pour l\u2019encadrement et le mentorat des leaders sur le terrain pour les aider \u00e0 r\u00eaver en grand et \u00e0 viser les \u00e9toiles, dans leur vie professionnelle et personnelle. Bonnie croit que les relations \u00e9tablies dans cette industrie sont vraiment in\u00e9gal\u00e9es, autant au si\u00e8ge social que sur le terrain.\n\n\t<img decoding=\"async\" src=\"https:\/\/monatglobal.com\/wp-content\/uploads\/2016\/04\/white-gradient_2.png\">\n\t<img decoding=\"async\" src=\"https:\/\/monatglobal.com\/ca\/wp-content\/uploads\/sites\/5\/2019\/05\/georgina_cruickshank_bio.jpg\">\n\t<h2>Georgina Cruickshank<\/h2>\nDirectrice r\u00e9gionale des ventes, l\u2019Est du Canada<br>\n<hr>\n<p>Georgina est une professionnelle ax\u00e9e sur les r\u00e9sultats poss\u00e9dant plus de 13 ans d\u2019exp\u00e9rience en vente directe et en gestion.<\/p>  \n<img loading=\"lazy\" decoding=\"async\" src=\"https:\/\/monatglobal.com\/wp-content\/uploads\/2016\/04\/down_arrow1.png\" alt=\"down_arrow1\" width=\"36\" height=\"36\" \/>\nSa passion pour l\u2019encadrement et le mentorat lui a permis de remporter plusieurs prix, notamment pour la plus grande augmentation des ventes, pour l\u2019augmentation des affaires nouvelles et pour le d\u00e9veloppement du leadership. <br><br>\nSon attitude positive est contagieuse et elle adore voir les autres r\u00e9aliser leurs r\u00eaves et atteindre leurs objectifs. Elle est motiv\u00e9e par ses valeurs familiales et son d\u00e9sir d\u2019aider les autres.\n\n\t<img decoding=\"async\" src=\"https:\/\/monatglobal.com\/wp-content\/uploads\/2016\/04\/white-gradient_2.png\">\n\t<img decoding=\"async\" src=\"https:\/\/monatglobal.com\/ca\/wp-content\/uploads\/sites\/5\/2022\/01\/Anina-Mullin-sales-team-Canada.jpg\" alt=\"\">\n\t<h2>Anina Mullin<\/h2>\nDirectrice r\u00e9gionale des ventes<br>\n<hr>\n<p>Anina compte 10 ans d\u2019exp\u00e9rience dans l\u2019industrie de la vente de r\u00e9seau et croit que le d\u00e9veloppement des relations et l\u2019encouragement m\u00e8nent au succ\u00e8s.<\/p>  \n<img loading=\"lazy\" decoding=\"async\" src=\"https:\/\/monatglobal.com\/wp-content\/uploads\/2016\/04\/down_arrow1.png\" alt=\"down_arrow1\" width=\"36\" height=\"36\" \/>\nAnina est aussi motiv\u00e9e lorsqu\u2019elle voit les autres atteindre leurs objectifs. Gr\u00e2ce \u00e0 sa passion, elle a remport\u00e9 plusieurs prix, notamment pour l\u2019augmentation des affaires nouvelles, pour le d\u00e9veloppement du leadership et pour la plus grande augmentation des ventes.\n\n\t<img decoding=\"async\" src=\"https:\/\/monatglobal.com\/wp-content\/uploads\/2016\/04\/white-gradient_2.png\">\n\t<img decoding=\"async\" src=\"https:\/\/monatglobal.com\/ca\/wp-content\/uploads\/sites\/5\/2018\/03\/bonnie_prieur_bio.jpg\">\n\t\t<p><strong>Greatest Accomplishment:<\/strong><br \/>Her children, Lucas and Emily.<\/p>\n<p><strong>Loves to read<\/strong><br \/>\u2013 and is a member of a book club.<\/p>\n<p><strong>Pleasure &amp; Profession:<\/strong><br \/>Travelling .<\/p>\n\t<h2>Bonnie Prieur<\/h2>\nDirectrice r\u00e9gionale des ventes<br>\n<hr>\nBonnie apporte chez MONAT plus de 10 ans d\u2019exp\u00e9rience en ventes, en formation et en formation sur le terrain dans l\u2019industrie de la vente directe, en plus de 15 ans d\u2019exp\u00e9rience en gestion. \n<img loading=\"lazy\" decoding=\"async\" src=\"https:\/\/monatglobal.com\/wp-content\/uploads\/2016\/04\/down_arrow1.png\" alt=\"down_arrow1\" width=\"36\" height=\"36\" \/>\nElle a une passion pour l\u2019encadrement et le mentorat des leaders sur le terrain pour les aider \u00e0 r\u00eaver en grand et \u00e0 viser les \u00e9toiles, dans leur vie professionnelle et personnelle. Bonnie croit que les relations \u00e9tablies dans cette industrie sont vraiment in\u00e9gal\u00e9es, autant au si\u00e8ge social que sur le terrain.\n\n\t<img decoding=\"async\" src=\"https:\/\/monatglobal.com\/wp-content\/uploads\/2016\/04\/white-gradient_2.png\">\n\t<img decoding=\"async\" src=\"https:\/\/monatglobal.com\/ca\/wp-content\/uploads\/sites\/5\/2019\/05\/georgina_cruickshank_bio.jpg\">\n\t<h2>Georgina Cruickshank<\/h2>\nDirectrice r\u00e9gionale des ventes, l\u2019Est du Canada<br>\n<hr>\n<p>Georgina est une professionnelle ax\u00e9e sur les r\u00e9sultats poss\u00e9dant plus de 13 ans d\u2019exp\u00e9rience en vente directe et en gestion.<\/p>  \n<img loading=\"lazy\" decoding=\"async\" src=\"https:\/\/monatglobal.com\/wp-content\/uploads\/2016\/04\/down_arrow1.png\" alt=\"down_arrow1\" width=\"36\" height=\"36\" \/>\nSa passion pour l\u2019encadrement et le mentorat lui a permis de remporter plusieurs prix, notamment pour la plus grande augmentation des ventes, pour l\u2019augmentation des affaires nouvelles et pour le d\u00e9veloppement du leadership. <br><br>\nSon attitude positive est contagieuse et elle adore voir les autres r\u00e9aliser leurs r\u00eaves et atteindre leurs objectifs. Elle est motiv\u00e9e par ses valeurs familiales et son d\u00e9sir d\u2019aider les autres.\n\n\t<img decoding=\"async\" src=\"https:\/\/monatglobal.com\/wp-content\/uploads\/2016\/04\/white-gradient_2.png\">\n\t<img decoding=\"async\" src=\"https:\/\/monatglobal.com\/ca\/wp-content\/uploads\/sites\/5\/2022\/01\/Anina-Mullin-sales-team-Canada.jpg\">\n\t<h2>Georgina Cruickshank<\/h2>\nDirectrice r\u00e9gionale des ventes, l\u2019Est du Canada<br>\n<hr>\n<p>Georgina est une professionnelle ax\u00e9e sur les r\u00e9sultats poss\u00e9dant plus de 13 ans d\u2019exp\u00e9rience en vente directe et en gestion.<\/p>  \n<img loading=\"lazy\" decoding=\"async\" src=\"https:\/\/monatglobal.com\/wp-content\/uploads\/2016\/04\/down_arrow1.png\" alt=\"down_arrow1\" width=\"36\" height=\"36\" \/>\nSa passion pour l\u2019encadrement et le mentorat lui a permis de remporter plusieurs prix, notamment pour la plus grande augmentation des ventes, pour l\u2019augmentation des affaires nouvelles et pour le d\u00e9veloppement du leadership. <br><br>\nSon attitude positive est contagieuse et elle adore voir les autres r\u00e9aliser leurs r\u00eaves et atteindre leurs objectifs. Elle est motiv\u00e9e par ses valeurs familiales et son d\u00e9sir d\u2019aider les autres.\n\n\t<img decoding=\"async\" src=\"https:\/\/monatglobal.com\/wp-content\/uploads\/2016\/04\/white-gradient_2.png\">\n","protected":false},"excerpt":{"rendered":"<p>Greatest Accomplishment:Her children, Lucas and Emily. Loves to read\u2013 and is a member of a book club. Pleasure &amp; Profession:Travelling . Bonnie Prieur Premi\u00e8re directrice r\u00e9gionale des ventes Bonnie apporte chez MONAT plus de 10 ans d\u2019exp\u00e9rience en ventes, en formation et en formation sur le terrain dans l\u2019industrie de la vente directe, en plus&hellip;<\/p>\n","protected":false},"author":20,"featured_media":0,"parent":0,"menu_order":0,"comment_status":"closed","ping_status":"closed","template":"template-full-custom.php","meta":{"inline_featured_image":false,"om_disable_all_campaigns":false,"_monsterinsights_skip_tracking":false,"_monsterinsights_sitenote_active":false,"_monsterinsights_sitenote_note":"","_monsterinsights_sitenote_category":0,"footnotes":""},"categories":[],"tags":[],"class_list":["post-32439","page","type-page","status-publish","hentry"],"aioseo_notices":[],"aioseo_head":"\n\t\t<!-- All in One SEO Pro 4.9.5.2 - aioseo.com -->\n\t<meta name=\"description\" content=\"Her children, Lucas and Emily. Loves to read\u2013 and is a member of a book club. Pleasure &amp; Profession:Travelling . Bonnie Prieur Premi\u00e8re directrice r\u00e9gionale des ventes Bonnie apporte chez MONAT plus de 10 ans d\u2019exp\u00e9rience en ventes, en formation et en formation sur le terrain dans l\u2019industrie de la vente directe, en plus de\" \/>\n\t<meta name=\"robots\" content=\"max-image-preview:large\" \/>\n\t<link rel=\"canonical\" href=\"https:\/\/monatglobal.com\/ca\/equipe-de-vente\/?lang=fr\" \/>\n\t<meta name=\"generator\" content=\"All in One SEO Pro (AIOSEO) 4.9.5.2\" \/>\n\t\t<meta property=\"og:locale\" content=\"en_US\" \/>\n\t\t<meta property=\"og:site_name\" content=\"Monat Canada English - We Are Modern Nature\" \/>\n\t\t<meta property=\"og:type\" content=\"article\" \/>\n\t\t<meta property=\"og:title\" content=\"\u00c9quipe de Vente - Monat Canada English\" \/>\n\t\t<meta property=\"og:description\" content=\"Her children, Lucas and Emily. Loves to read\u2013 and is a member of a book club. Pleasure &amp; Profession:Travelling . Bonnie Prieur Premi\u00e8re directrice r\u00e9gionale des ventes Bonnie apporte chez MONAT plus de 10 ans d\u2019exp\u00e9rience en ventes, en formation et en formation sur le terrain dans l\u2019industrie de la vente directe, en plus de\" \/>\n\t\t<meta property=\"og:url\" content=\"https:\/\/monatglobal.com\/ca\/equipe-de-vente\/?lang=fr\" \/>\n\t\t<meta property=\"article:published_time\" content=\"2018-04-24T22:09:49+00:00\" \/>\n\t\t<meta property=\"article:modified_time\" content=\"2022-01-26T18:54:23+00:00\" \/>\n\t\t<meta name=\"twitter:card\" content=\"summary_large_image\" \/>\n\t\t<meta name=\"twitter:title\" content=\"\u00c9quipe de Vente - Monat Canada English\" \/>\n\t\t<meta name=\"twitter:description\" content=\"Her children, Lucas and Emily. Loves to read\u2013 and is a member of a book club. Pleasure &amp; Profession:Travelling . Bonnie Prieur Premi\u00e8re directrice r\u00e9gionale des ventes Bonnie apporte chez MONAT plus de 10 ans d\u2019exp\u00e9rience en ventes, en formation et en formation sur le terrain dans l\u2019industrie de la vente directe, en plus de\" \/>\n\t\t<script type=\"application\/ld+json\" class=\"aioseo-schema\">\n\t\t\t{\"@context\":\"https:\\\/\\\/schema.org\",\"@graph\":[{\"@type\":\"BreadcrumbList\",\"@id\":\"https:\\\/\\\/monatglobal.com\\\/ca\\\/equipe-de-vente\\\/?lang=fr#breadcrumblist\",\"itemListElement\":[{\"@type\":\"ListItem\",\"@id\":\"https:\\\/\\\/monatglobal.com\\\/ca#listItem\",\"position\":1,\"name\":\"Home\",\"item\":\"https:\\\/\\\/monatglobal.com\\\/ca\",\"nextItem\":{\"@type\":\"ListItem\",\"@id\":\"https:\\\/\\\/monatglobal.com\\\/ca\\\/equipe-de-vente\\\/?lang=fr#listItem\",\"name\":\"\\u00c9quipe de Vente\"}},{\"@type\":\"ListItem\",\"@id\":\"https:\\\/\\\/monatglobal.com\\\/ca\\\/equipe-de-vente\\\/?lang=fr#listItem\",\"position\":2,\"name\":\"\\u00c9quipe de Vente\",\"previousItem\":{\"@type\":\"ListItem\",\"@id\":\"https:\\\/\\\/monatglobal.com\\\/ca#listItem\",\"name\":\"Home\"}}]},{\"@type\":\"Organization\",\"@id\":\"https:\\\/\\\/monatglobal.com\\\/ca\\\/#organization\",\"name\":\"Monat Canada English\",\"description\":\"We Are Modern Nature\",\"url\":\"https:\\\/\\\/monatglobal.com\\\/ca\\\/\"},{\"@type\":\"WebPage\",\"@id\":\"https:\\\/\\\/monatglobal.com\\\/ca\\\/equipe-de-vente\\\/?lang=fr#webpage\",\"url\":\"https:\\\/\\\/monatglobal.com\\\/ca\\\/equipe-de-vente\\\/?lang=fr\",\"name\":\"\\u00c9quipe de Vente - Monat Canada English\",\"description\":\"Her children, Lucas and Emily. Loves to read\\u2013 and is a member of a book club. Pleasure & Profession:Travelling . Bonnie Prieur Premi\\u00e8re directrice r\\u00e9gionale des ventes Bonnie apporte chez MONAT plus de 10 ans d\\u2019exp\\u00e9rience en ventes, en formation et en formation sur le terrain dans l\\u2019industrie de la vente directe, en plus de\",\"inLanguage\":\"en-US\",\"isPartOf\":{\"@id\":\"https:\\\/\\\/monatglobal.com\\\/ca\\\/#website\"},\"breadcrumb\":{\"@id\":\"https:\\\/\\\/monatglobal.com\\\/ca\\\/equipe-de-vente\\\/?lang=fr#breadcrumblist\"},\"datePublished\":\"2018-04-24T22:09:49-04:00\",\"dateModified\":\"2022-01-26T13:54:23-05:00\"},{\"@type\":\"WebSite\",\"@id\":\"https:\\\/\\\/monatglobal.com\\\/ca\\\/#website\",\"url\":\"https:\\\/\\\/monatglobal.com\\\/ca\\\/\",\"name\":\"Monat Canada English\",\"description\":\"We Are Modern Nature\",\"inLanguage\":\"en-US\",\"publisher\":{\"@id\":\"https:\\\/\\\/monatglobal.com\\\/ca\\\/#organization\"}}]}\n\t\t<\/script>\n\t\t<!-- All in One SEO Pro -->\r\n\t\t<title>\u00c9quipe de Vente - Monat Canada English<\/title>\n\n","aioseo_head_json":{"title":"\u00c9quipe de Vente - Monat Canada English","description":"Her children, Lucas and Emily. Loves to read\u2013 and is a member of a book club. Pleasure & Profession:Travelling . Bonnie Prieur Premi\u00e8re directrice r\u00e9gionale des ventes Bonnie apporte chez MONAT plus de 10 ans d\u2019exp\u00e9rience en ventes, en formation et en formation sur le terrain dans l\u2019industrie de la vente directe, en plus de","canonical_url":"https:\/\/monatglobal.com\/ca\/equipe-de-vente\/?lang=fr","robots":"max-image-preview:large","keywords":"","webmasterTools":{"miscellaneous":""},"schema":{"@context":"https:\/\/schema.org","@graph":[{"@type":"BreadcrumbList","@id":"https:\/\/monatglobal.com\/ca\/equipe-de-vente\/?lang=fr#breadcrumblist","itemListElement":[{"@type":"ListItem","@id":"https:\/\/monatglobal.com\/ca#listItem","position":1,"name":"Home","item":"https:\/\/monatglobal.com\/ca","nextItem":{"@type":"ListItem","@id":"https:\/\/monatglobal.com\/ca\/equipe-de-vente\/?lang=fr#listItem","name":"\u00c9quipe de Vente"}},{"@type":"ListItem","@id":"https:\/\/monatglobal.com\/ca\/equipe-de-vente\/?lang=fr#listItem","position":2,"name":"\u00c9quipe de Vente","previousItem":{"@type":"ListItem","@id":"https:\/\/monatglobal.com\/ca#listItem","name":"Home"}}]},{"@type":"Organization","@id":"https:\/\/monatglobal.com\/ca\/#organization","name":"Monat Canada English","description":"We Are Modern Nature","url":"https:\/\/monatglobal.com\/ca\/"},{"@type":"WebPage","@id":"https:\/\/monatglobal.com\/ca\/equipe-de-vente\/?lang=fr#webpage","url":"https:\/\/monatglobal.com\/ca\/equipe-de-vente\/?lang=fr","name":"\u00c9quipe de Vente - Monat Canada English","description":"Her children, Lucas and Emily. Loves to read\u2013 and is a member of a book club. Pleasure & Profession:Travelling . Bonnie Prieur Premi\u00e8re directrice r\u00e9gionale des ventes Bonnie apporte chez MONAT plus de 10 ans d\u2019exp\u00e9rience en ventes, en formation et en formation sur le terrain dans l\u2019industrie de la vente directe, en plus de","inLanguage":"en-US","isPartOf":{"@id":"https:\/\/monatglobal.com\/ca\/#website"},"breadcrumb":{"@id":"https:\/\/monatglobal.com\/ca\/equipe-de-vente\/?lang=fr#breadcrumblist"},"datePublished":"2018-04-24T22:09:49-04:00","dateModified":"2022-01-26T13:54:23-05:00"},{"@type":"WebSite","@id":"https:\/\/monatglobal.com\/ca\/#website","url":"https:\/\/monatglobal.com\/ca\/","name":"Monat Canada English","description":"We Are Modern Nature","inLanguage":"en-US","publisher":{"@id":"https:\/\/monatglobal.com\/ca\/#organization"}}]},"og:locale":"en_US","og:site_name":"Monat Canada English - We Are Modern Nature","og:type":"article","og:title":"\u00c9quipe de Vente - Monat Canada English","og:description":"Her children, Lucas and Emily. Loves to read\u2013 and is a member of a book club. Pleasure &amp; Profession:Travelling . Bonnie Prieur Premi\u00e8re directrice r\u00e9gionale des ventes Bonnie apporte chez MONAT plus de 10 ans d\u2019exp\u00e9rience en ventes, en formation et en formation sur le terrain dans l\u2019industrie de la vente directe, en plus de","og:url":"https:\/\/monatglobal.com\/ca\/equipe-de-vente\/?lang=fr","article:published_time":"2018-04-24T22:09:49+00:00","article:modified_time":"2022-01-26T18:54:23+00:00","twitter:card":"summary_large_image","twitter:title":"\u00c9quipe de Vente - Monat Canada English","twitter:description":"Her children, Lucas and Emily. Loves to read\u2013 and is a member of a book club. Pleasure &amp; Profession:Travelling . Bonnie Prieur Premi\u00e8re directrice r\u00e9gionale des ventes Bonnie apporte chez MONAT plus de 10 ans d\u2019exp\u00e9rience en ventes, en formation et en formation sur le terrain dans l\u2019industrie de la vente directe, en plus de"},"aioseo_meta_data":{"post_id":"32439","title":null,"description":null,"keywords":null,"keyphrases":null,"primary_term":null,"canonical_url":null,"og_title":null,"og_description":null,"og_object_type":"default","og_image_type":"default","og_image_url":null,"og_image_width":null,"og_image_height":null,"og_image_custom_url":null,"og_image_custom_fields":null,"og_video":null,"og_custom_url":null,"og_article_section":null,"og_article_tags":null,"twitter_use_og":false,"twitter_card":"default","twitter_image_type":"default","twitter_image_url":null,"twitter_image_custom_url":null,"twitter_image_custom_fields":null,"twitter_title":null,"twitter_description":null,"schema":{"blockGraphs":[],"customGraphs":[],"default":{"data":{"Article":[],"Course":[],"Dataset":[],"FAQPage":[],"Movie":[],"Person":[],"Product":[],"ProductReview":[],"Car":[],"Recipe":[],"Service":[],"SoftwareApplication":[],"WebPage":[]},"graphName":"","isEnabled":true},"graphs":[]},"schema_type":"default","schema_type_options":null,"pillar_content":false,"robots_default":true,"robots_noindex":false,"robots_noarchive":false,"robots_nosnippet":false,"robots_nofollow":false,"robots_noimageindex":false,"robots_noodp":false,"robots_notranslate":false,"robots_max_snippet":null,"robots_max_videopreview":null,"robots_max_imagepreview":"large","priority":null,"frequency":null,"local_seo":null,"seo_analyzer_scan_date":"2026-02-10 03:34:33","limit_modified_date":false,"reviewed_by":null,"open_ai":null,"ai":null,"created":"2023-07-26 12:22:49","updated":"2026-02-10 03:34:33"},"aioseo_breadcrumb":"<div class=\"aioseo-breadcrumbs\"><span class=\"aioseo-breadcrumb\">\n\t<a href=\"https:\/\/monatglobal.com\/ca\" title=\"Home\">Home<\/a>\n<\/span><span class=\"aioseo-breadcrumb-separator\">&raquo;<\/span><span class=\"aioseo-breadcrumb\">\n\t\u00c9quipe de Vente\n<\/span><\/div>","aioseo_breadcrumb_json":[{"label":"Home","link":"https:\/\/monatglobal.com\/ca"},{"label":"\u00c9quipe de Vente","link":"https:\/\/monatglobal.com\/ca\/equipe-de-vente\/?lang=fr"}],"_links":{"self":[{"href":"https:\/\/monatglobal.com\/ca\/wp-json\/wp\/v2\/pages\/32439","targetHints":{"allow":["GET"]}}],"collection":[{"href":"https:\/\/monatglobal.com\/ca\/wp-json\/wp\/v2\/pages"}],"about":[{"href":"https:\/\/monatglobal.com\/ca\/wp-json\/wp\/v2\/types\/page"}],"author":[{"embeddable":true,"href":"https:\/\/monatglobal.com\/ca\/wp-json\/wp\/v2\/users\/20"}],"replies":[{"embeddable":true,"href":"https:\/\/monatglobal.com\/ca\/wp-json\/wp\/v2\/comments?post=32439"}],"version-history":[{"count":63,"href":"https:\/\/monatglobal.com\/ca\/wp-json\/wp\/v2\/pages\/32439\/revisions"}],"predecessor-version":[{"id":67673,"href":"https:\/\/monatglobal.com\/ca\/wp-json\/wp\/v2\/pages\/32439\/revisions\/67673"}],"wp:attachment":[{"href":"https:\/\/monatglobal.com\/ca\/wp-json\/wp\/v2\/media?parent=32439"}],"wp:term":[{"taxonomy":"category","embeddable":true,"href":"https:\/\/monatglobal.com\/ca\/wp-json\/wp\/v2\/categories?post=32439"},{"taxonomy":"post_tag","embeddable":true,"href":"https:\/\/monatglobal.com\/ca\/wp-json\/wp\/v2\/tags?post=32439"}],"curies":[{"name":"wp","href":"https:\/\/api.w.org\/{rel}","templated":true}]}}