{"id":32254,"date":"2018-04-20T20:13:47","date_gmt":"2018-04-20T20:13:47","guid":{"rendered":"https:\/\/monatglobal.com\/ca\/?page_id=32254"},"modified":"2018-05-18T19:35:56","modified_gmt":"2018-05-18T19:35:56","slug":"directeurs","status":"publish","type":"page","link":"https:\/\/monatglobal.com\/ca\/directeurs\/?lang=fr","title":{"rendered":"Directeurs"},"content":{"rendered":"<p><!-- NO PONER ESTA PAGINA EN VISUAL HACER CAMBIOS EN TEXT !!!!!!!!!!!!!!!!!!!!!!!!!!!!!!!!!!!!!!! -->  <\/p>\n<div id=\"content-container\" class=\"content-boxed\">\n<div id=\"full-width\" class=\"content\">\n<div class=\"content-box\">\n<div class=\"dialog\" id=\"pantalla-azul\"><\/div>\n<h1 class=\"header-title-special\">Rencontrez nos directeurs<\/h1>\n<div class=\"directors-info fl-row-content-wrap\">\n<p class=\"p_rewards_directors\">Les directeurs MONAT sont des partenaires de march\u00e9 qui se sont hiss\u00e9s au sommet avec MONAT! Avec le leadership, le d\u00e9vouement, le mentorat et le travail acharn\u00e9, tout est possible, et cela en faut la peine compte tenu des incroyables r\u00e9compenses.<br \/>\n                    <em>Votre place vous attend!<\/em>\n                    <\/p>\n<\/p><\/div>\n<p>             <!-- start coding --><\/p>\n<div id=\"founder-complete-info\">\n                    <span class=\"close-founder-info\">X<\/span><\/p>\n<ul>\n<li class=\"founders-cpt\">\n<section class=\"photoFounder-container insert-iframe\">\n<\/section>\n<div class=\"founders-info-cpt\">\n<section class=\"name\">\n<h3><span id=\"foundername\"><\/span> <strong id=\"founderlastname\"><\/strong><br \/>\n                                      <span class=\"horizontalLine\"><\/span><\/h3>\n<p><strong>JOINED<\/strong> MONAT   |    <span id=\"joined-date\"><\/span><\/p>\n<\/section>\n<p><!-- questions -->\n                                <\/div>\n<\/li>\n<\/ul><\/div>\n<div class=\"founders-container\">\n<ul class=\"founders-list\">\n<\/ul><\/div>\n<p>              <!-- end of code --><\/p>\n<div style=\"margin-top: 20px\">\n<a href=\"http:\/\/monatglobal.com\/experiences\/\" class=\"tips_button_1\">RETOURNER AUX EXP\u00c9RIENCES<\/a>\n<\/div>\n<\/p><\/div>\n<\/p><\/div>\n<\/p><\/div>\n","protected":false},"excerpt":{"rendered":"<p>Rencontrez nos directeurs Les directeurs MONAT sont des partenaires de march\u00e9 qui se sont hiss\u00e9s au sommet avec MONAT! Avec le leadership, le d\u00e9vouement, le mentorat et le travail acharn\u00e9, tout est possible, et cela en faut la peine compte tenu des incroyables r\u00e9compenses. Votre place vous attend! X JOINED MONAT | RETOURNER AUX EXP\u00c9RIENCES<\/p>\n","protected":false},"author":20,"featured_media":0,"parent":0,"menu_order":0,"comment_status":"closed","ping_status":"closed","template":"template-full-custom.php","meta":{"inline_featured_image":false,"om_disable_all_campaigns":false,"_monsterinsights_skip_tracking":false,"_monsterinsights_sitenote_active":false,"_monsterinsights_sitenote_note":"","_monsterinsights_sitenote_category":0,"footnotes":""},"categories":[],"tags":[],"class_list":["post-32254","page","type-page","status-publish","hentry"],"aioseo_notices":[],"aioseo_head":"\n\t\t<!-- All in One SEO Pro 4.9.5.2 - aioseo.com -->\n\t<meta name=\"description\" content=\"Rencontrez nos directeurs Les directeurs MONAT sont des partenaires de march\u00e9 qui se sont hiss\u00e9s au sommet avec MONAT! Avec le leadership, le d\u00e9vouement, le mentorat et le travail acharn\u00e9, tout est possible, et cela en faut la peine compte tenu des incroyables r\u00e9compenses. Votre place vous attend! X JOINED MONAT | RETOURNER AUX EXP\u00c9RIENCES\" \/>\n\t<meta name=\"robots\" content=\"max-image-preview:large\" \/>\n\t<link rel=\"canonical\" href=\"https:\/\/monatglobal.com\/ca\/directeurs\/?lang=fr\" \/>\n\t<meta name=\"generator\" content=\"All in One SEO Pro (AIOSEO) 4.9.5.2\" \/>\n\t\t<meta property=\"og:locale\" content=\"en_US\" \/>\n\t\t<meta property=\"og:site_name\" content=\"Monat Canada English - We Are Modern Nature\" \/>\n\t\t<meta property=\"og:type\" content=\"article\" \/>\n\t\t<meta property=\"og:title\" content=\"Directeurs - Monat Canada English\" \/>\n\t\t<meta property=\"og:description\" content=\"Rencontrez nos directeurs Les directeurs MONAT sont des partenaires de march\u00e9 qui se sont hiss\u00e9s au sommet avec MONAT! Avec le leadership, le d\u00e9vouement, le mentorat et le travail acharn\u00e9, tout est possible, et cela en faut la peine compte tenu des incroyables r\u00e9compenses. Votre place vous attend! X JOINED MONAT | RETOURNER AUX EXP\u00c9RIENCES\" \/>\n\t\t<meta property=\"og:url\" content=\"https:\/\/monatglobal.com\/ca\/directeurs\/?lang=fr\" \/>\n\t\t<meta property=\"article:published_time\" content=\"2018-04-20T20:13:47+00:00\" \/>\n\t\t<meta property=\"article:modified_time\" content=\"2018-05-18T19:35:56+00:00\" \/>\n\t\t<meta name=\"twitter:card\" content=\"summary_large_image\" \/>\n\t\t<meta name=\"twitter:title\" content=\"Directeurs - Monat Canada English\" \/>\n\t\t<meta name=\"twitter:description\" content=\"Rencontrez nos directeurs Les directeurs MONAT sont des partenaires de march\u00e9 qui se sont hiss\u00e9s au sommet avec MONAT! Avec le leadership, le d\u00e9vouement, le mentorat et le travail acharn\u00e9, tout est possible, et cela en faut la peine compte tenu des incroyables r\u00e9compenses. Votre place vous attend! X JOINED MONAT | RETOURNER AUX EXP\u00c9RIENCES\" \/>\n\t\t<script type=\"application\/ld+json\" class=\"aioseo-schema\">\n\t\t\t{\"@context\":\"https:\\\/\\\/schema.org\",\"@graph\":[{\"@type\":\"BreadcrumbList\",\"@id\":\"https:\\\/\\\/monatglobal.com\\\/ca\\\/directeurs\\\/?lang=fr#breadcrumblist\",\"itemListElement\":[{\"@type\":\"ListItem\",\"@id\":\"https:\\\/\\\/monatglobal.com\\\/ca#listItem\",\"position\":1,\"name\":\"Home\",\"item\":\"https:\\\/\\\/monatglobal.com\\\/ca\",\"nextItem\":{\"@type\":\"ListItem\",\"@id\":\"https:\\\/\\\/monatglobal.com\\\/ca\\\/directeurs\\\/?lang=fr#listItem\",\"name\":\"Directeurs\"}},{\"@type\":\"ListItem\",\"@id\":\"https:\\\/\\\/monatglobal.com\\\/ca\\\/directeurs\\\/?lang=fr#listItem\",\"position\":2,\"name\":\"Directeurs\",\"previousItem\":{\"@type\":\"ListItem\",\"@id\":\"https:\\\/\\\/monatglobal.com\\\/ca#listItem\",\"name\":\"Home\"}}]},{\"@type\":\"Organization\",\"@id\":\"https:\\\/\\\/monatglobal.com\\\/ca\\\/#organization\",\"name\":\"Monat Canada English\",\"description\":\"We Are Modern Nature\",\"url\":\"https:\\\/\\\/monatglobal.com\\\/ca\\\/\"},{\"@type\":\"WebPage\",\"@id\":\"https:\\\/\\\/monatglobal.com\\\/ca\\\/directeurs\\\/?lang=fr#webpage\",\"url\":\"https:\\\/\\\/monatglobal.com\\\/ca\\\/directeurs\\\/?lang=fr\",\"name\":\"Directeurs - Monat Canada English\",\"description\":\"Rencontrez nos directeurs Les directeurs MONAT sont des partenaires de march\\u00e9 qui se sont hiss\\u00e9s au sommet avec MONAT! Avec le leadership, le d\\u00e9vouement, le mentorat et le travail acharn\\u00e9, tout est possible, et cela en faut la peine compte tenu des incroyables r\\u00e9compenses. Votre place vous attend! X JOINED MONAT | RETOURNER AUX EXP\\u00c9RIENCES\",\"inLanguage\":\"en-US\",\"isPartOf\":{\"@id\":\"https:\\\/\\\/monatglobal.com\\\/ca\\\/#website\"},\"breadcrumb\":{\"@id\":\"https:\\\/\\\/monatglobal.com\\\/ca\\\/directeurs\\\/?lang=fr#breadcrumblist\"},\"datePublished\":\"2018-04-20T20:13:47-04:00\",\"dateModified\":\"2018-05-18T19:35:56-04:00\"},{\"@type\":\"WebSite\",\"@id\":\"https:\\\/\\\/monatglobal.com\\\/ca\\\/#website\",\"url\":\"https:\\\/\\\/monatglobal.com\\\/ca\\\/\",\"name\":\"Monat Canada English\",\"description\":\"We Are Modern Nature\",\"inLanguage\":\"en-US\",\"publisher\":{\"@id\":\"https:\\\/\\\/monatglobal.com\\\/ca\\\/#organization\"}}]}\n\t\t<\/script>\n\t\t<!-- All in One SEO Pro -->\r\n\t\t<title>Directeurs - Monat Canada English<\/title>\n\n","aioseo_head_json":{"title":"Directeurs - Monat Canada English","description":"Rencontrez nos directeurs Les directeurs MONAT sont des partenaires de march\u00e9 qui se sont hiss\u00e9s au sommet avec MONAT! Avec le leadership, le d\u00e9vouement, le mentorat et le travail acharn\u00e9, tout est possible, et cela en faut la peine compte tenu des incroyables r\u00e9compenses. Votre place vous attend! X JOINED MONAT | RETOURNER AUX EXP\u00c9RIENCES","canonical_url":"https:\/\/monatglobal.com\/ca\/directeurs\/?lang=fr","robots":"max-image-preview:large","keywords":"","webmasterTools":{"miscellaneous":""},"schema":{"@context":"https:\/\/schema.org","@graph":[{"@type":"BreadcrumbList","@id":"https:\/\/monatglobal.com\/ca\/directeurs\/?lang=fr#breadcrumblist","itemListElement":[{"@type":"ListItem","@id":"https:\/\/monatglobal.com\/ca#listItem","position":1,"name":"Home","item":"https:\/\/monatglobal.com\/ca","nextItem":{"@type":"ListItem","@id":"https:\/\/monatglobal.com\/ca\/directeurs\/?lang=fr#listItem","name":"Directeurs"}},{"@type":"ListItem","@id":"https:\/\/monatglobal.com\/ca\/directeurs\/?lang=fr#listItem","position":2,"name":"Directeurs","previousItem":{"@type":"ListItem","@id":"https:\/\/monatglobal.com\/ca#listItem","name":"Home"}}]},{"@type":"Organization","@id":"https:\/\/monatglobal.com\/ca\/#organization","name":"Monat Canada English","description":"We Are Modern Nature","url":"https:\/\/monatglobal.com\/ca\/"},{"@type":"WebPage","@id":"https:\/\/monatglobal.com\/ca\/directeurs\/?lang=fr#webpage","url":"https:\/\/monatglobal.com\/ca\/directeurs\/?lang=fr","name":"Directeurs - Monat Canada English","description":"Rencontrez nos directeurs Les directeurs MONAT sont des partenaires de march\u00e9 qui se sont hiss\u00e9s au sommet avec MONAT! Avec le leadership, le d\u00e9vouement, le mentorat et le travail acharn\u00e9, tout est possible, et cela en faut la peine compte tenu des incroyables r\u00e9compenses. Votre place vous attend! X JOINED MONAT | RETOURNER AUX EXP\u00c9RIENCES","inLanguage":"en-US","isPartOf":{"@id":"https:\/\/monatglobal.com\/ca\/#website"},"breadcrumb":{"@id":"https:\/\/monatglobal.com\/ca\/directeurs\/?lang=fr#breadcrumblist"},"datePublished":"2018-04-20T20:13:47-04:00","dateModified":"2018-05-18T19:35:56-04:00"},{"@type":"WebSite","@id":"https:\/\/monatglobal.com\/ca\/#website","url":"https:\/\/monatglobal.com\/ca\/","name":"Monat Canada English","description":"We Are Modern Nature","inLanguage":"en-US","publisher":{"@id":"https:\/\/monatglobal.com\/ca\/#organization"}}]},"og:locale":"en_US","og:site_name":"Monat Canada English - We Are Modern Nature","og:type":"article","og:title":"Directeurs - Monat Canada English","og:description":"Rencontrez nos directeurs Les directeurs MONAT sont des partenaires de march\u00e9 qui se sont hiss\u00e9s au sommet avec MONAT! Avec le leadership, le d\u00e9vouement, le mentorat et le travail acharn\u00e9, tout est possible, et cela en faut la peine compte tenu des incroyables r\u00e9compenses. Votre place vous attend! X JOINED MONAT | RETOURNER AUX EXP\u00c9RIENCES","og:url":"https:\/\/monatglobal.com\/ca\/directeurs\/?lang=fr","article:published_time":"2018-04-20T20:13:47+00:00","article:modified_time":"2018-05-18T19:35:56+00:00","twitter:card":"summary_large_image","twitter:title":"Directeurs - Monat Canada English","twitter:description":"Rencontrez nos directeurs Les directeurs MONAT sont des partenaires de march\u00e9 qui se sont hiss\u00e9s au sommet avec MONAT! Avec le leadership, le d\u00e9vouement, le mentorat et le travail acharn\u00e9, tout est possible, et cela en faut la peine compte tenu des incroyables r\u00e9compenses. Votre place vous attend! X JOINED MONAT | RETOURNER AUX EXP\u00c9RIENCES"},"aioseo_meta_data":{"post_id":"32254","title":null,"description":null,"keywords":null,"keyphrases":null,"primary_term":null,"canonical_url":null,"og_title":null,"og_description":null,"og_object_type":"default","og_image_type":"default","og_image_url":null,"og_image_width":null,"og_image_height":null,"og_image_custom_url":null,"og_image_custom_fields":null,"og_video":null,"og_custom_url":null,"og_article_section":null,"og_article_tags":null,"twitter_use_og":false,"twitter_card":"default","twitter_image_type":"default","twitter_image_url":null,"twitter_image_custom_url":null,"twitter_image_custom_fields":null,"twitter_title":null,"twitter_description":null,"schema":{"blockGraphs":[],"customGraphs":[],"default":{"data":{"Article":[],"Course":[],"Dataset":[],"FAQPage":[],"Movie":[],"Person":[],"Product":[],"ProductReview":[],"Car":[],"Recipe":[],"Service":[],"SoftwareApplication":[],"WebPage":[]},"graphName":"","isEnabled":true},"graphs":[]},"schema_type":"default","schema_type_options":null,"pillar_content":false,"robots_default":true,"robots_noindex":false,"robots_noarchive":false,"robots_nosnippet":false,"robots_nofollow":false,"robots_noimageindex":false,"robots_noodp":false,"robots_notranslate":false,"robots_max_snippet":null,"robots_max_videopreview":null,"robots_max_imagepreview":"large","priority":null,"frequency":null,"local_seo":null,"seo_analyzer_scan_date":"2026-02-10 03:34:30","limit_modified_date":false,"reviewed_by":null,"open_ai":null,"ai":null,"created":"2023-07-26 12:22:49","updated":"2026-02-10 03:34:30"},"aioseo_breadcrumb":"<div class=\"aioseo-breadcrumbs\"><span class=\"aioseo-breadcrumb\">\n\t<a href=\"https:\/\/monatglobal.com\/ca\" title=\"Home\">Home<\/a>\n<\/span><span class=\"aioseo-breadcrumb-separator\">&raquo;<\/span><span class=\"aioseo-breadcrumb\">\n\tDirecteurs\n<\/span><\/div>","aioseo_breadcrumb_json":[{"label":"Home","link":"https:\/\/monatglobal.com\/ca"},{"label":"Directeurs","link":"https:\/\/monatglobal.com\/ca\/directeurs\/?lang=fr"}],"_links":{"self":[{"href":"https:\/\/monatglobal.com\/ca\/wp-json\/wp\/v2\/pages\/32254","targetHints":{"allow":["GET"]}}],"collection":[{"href":"https:\/\/monatglobal.com\/ca\/wp-json\/wp\/v2\/pages"}],"about":[{"href":"https:\/\/monatglobal.com\/ca\/wp-json\/wp\/v2\/types\/page"}],"author":[{"embeddable":true,"href":"https:\/\/monatglobal.com\/ca\/wp-json\/wp\/v2\/users\/20"}],"replies":[{"embeddable":true,"href":"https:\/\/monatglobal.com\/ca\/wp-json\/wp\/v2\/comments?post=32254"}],"version-history":[{"count":4,"href":"https:\/\/monatglobal.com\/ca\/wp-json\/wp\/v2\/pages\/32254\/revisions"}],"predecessor-version":[{"id":33211,"href":"https:\/\/monatglobal.com\/ca\/wp-json\/wp\/v2\/pages\/32254\/revisions\/33211"}],"wp:attachment":[{"href":"https:\/\/monatglobal.com\/ca\/wp-json\/wp\/v2\/media?parent=32254"}],"wp:term":[{"taxonomy":"category","embeddable":true,"href":"https:\/\/monatglobal.com\/ca\/wp-json\/wp\/v2\/categories?post=32254"},{"taxonomy":"post_tag","embeddable":true,"href":"https:\/\/monatglobal.com\/ca\/wp-json\/wp\/v2\/tags?post=32254"}],"curies":[{"name":"wp","href":"https:\/\/api.w.org\/{rel}","templated":true}]}}