{"id":32202,"date":"2018-04-20T04:31:30","date_gmt":"2018-04-20T04:31:30","guid":{"rendered":"https:\/\/monatglobal.com\/ca\/?page_id=32202"},"modified":"2026-04-01T12:22:19","modified_gmt":"2026-04-01T16:22:19","slug":"vip","status":"publish","type":"page","link":"https:\/\/monatglobal.com\/ca\/vip\/?lang=fr","title":{"rendered":"Programme VIP"},"content":{"rendered":"\n\n\t<style>\n    :root{\n        --gray: #F4F3F2;\n        --green: #8C966A;\n    } \n<\/style>\n    <section id=\"bannerSec\">\n            <h3>BIENVENUE AU PROGRAMME<\/h3>\n            <img decoding=\"async\" id=\"monatLogo_w\" src=\"https:\/\/monatglobal.com\/wp-content\/uploads\/2023\/08\/monat-logo-white-1.svg\" alt=\"monat logo\"\/>\n            <h1>VIP PERKS\u2122<\/h1> \n            <h2>Les r\u00e9compenses vous vont bien.<\/h2>\n            <a href=\"https:\/\/corp.mymonat.com\/pyr_core\/v2_enrollments\/select_market?enroll_params=profile_form_type%3Dvip_for_life&#038;lang_code=fr&#038;market=CA\" target=\"_blank\">S&#8217;INSCRIRE<\/a>\n    <\/section> \n        <a href=\"https:\/\/monatglobal.com\/ca\/vip\/?lang=fr#incredible-savings\">DES RABAIS INCROYABLES<\/a> \n        <a href=\"https:\/\/monatglobal.com\/ca\/vip\/?lang=fr#exclusive-rewards\">DES R\u00c9COMPENSES EXCLUSIVES<\/a>\n        <a href=\"https:\/\/monatglobal.com\/ca\/vip\/?lang=fr#beautiful-results\">DE BEAUX R\u00c9SULTATS<\/a>\n    <img decoding=\"async\" src=\"https:\/\/monatglobal.com\/wp-content\/uploads\/2024\/11\/vip-perks-main-banner-2024-final-min.jpg\" alt=\"A woman with dark brown hair sitting on a couch, smiling while holding a MONAT Product bottle, set in a cozy, natural-lit living room\" loading=\"lazy\"\/>\n        <img decoding=\"async\" src=\"https:\/\/monatglobal.com\/wp-content\/uploads\/2024\/11\/vip-perks-main-banner-2024-mobile-min.jpg\" alt=\"A woman with dark brown hair sitting on a couch, smiling while holding a MONAT Product bottle, set in a cozy, natural-lit living room\" loading=\"lazy\"\/>\n        <p>Devenez VIP MONAT pour profiter de beaucoup d&#8217;avantages, dont des rabais incroyables, des r\u00e9compenses exclusives, de beaux r\u00e9sultats et beaucoup plus.<\/p>\n        Inscrivez-vous aujourd&#8217;hui pour seulement 10 $ et vous recevrez un coupon de 20 $ \u00e0 utiliser sur votre prochaine commande! \n        <br \/> Commencez \u00e0 accumuler des r\u00e9compenses!\n\n    <section id=\"incredible-savings\">\n                <h2>01 DES RABAIS <br \/> INCROYABLES<\/h2>\n            <img decoding=\"async\" src=\"https:\/\/monatglobal.com\/au\/wp-content\/uploads\/sites\/12\/2024\/11\/HEALTHY-SAVINGS-banner-apac-min.jpg\" alt=\"A blonde woman wearing a white top smiling as she holds a yellow bottle of Monat product outdoors near a poolside.\" loading=\"lazy\"\/>\n                <img decoding=\"async\" src=\"https:\/\/monatglobal.com\/wp-content\/uploads\/2024\/11\/15-OFF-FRENCH.svg\" alt=\"15 off icon\"\/>\n                <h3>15 % DE RABAIS<\/h3>\n                <p>Sur tous les articles.<br \/> Tous les jours.<\/p>\n                <p>Vous profiterez toujours d&#8217;un rabais de 15&nbsp;% sur le prix de d\u00e9tail des produits&nbsp;MONAT.<\/p>\n                <img decoding=\"async\" src=\"https:\/\/monatglobal.com\/wp-content\/uploads\/2024\/11\/PURCHASE.svg\" alt=\"PURCHASE+ icon\"\/>\n                <h3>\u00c9CONOMISEZ DAVANTAGE GR\u00c2CE<\/h3>\n                <p>au rabais MONAT Purchase +\u2122<\/p>\n                <p>Vous profiterez d&#8217;un rabais additionnel de 20 % sur les commandes de 165&nbsp;$ et&nbsp;plus.<\/p>\n                <img decoding=\"async\" src=\"https:\/\/monatglobal.com\/wp-content\/uploads\/2024\/11\/FLAT-RATE-SHIPPING.svg\" alt=\"FLAT RATE SHIPPING icon\"\/>\n                <h3>FRAIS DE<br \/> LIVRAISON FIXES<\/h3>\n                <p>Le magasinage rendu facile.<\/p>\n                <p>Des frais de livraison de seulement 5,99&nbsp;$&nbsp;CA s&#8217;appliquent aux commandes de moins de 130&nbsp;$&nbsp;CA. La livraison des commandes de plus de 130&nbsp;$&nbsp;CA est gratuite!<\/p>\n    <\/section>\n    <section id=\"exclusive-rewards\">\n            <img decoding=\"async\" src=\"https:\/\/monatglobal.com\/wp-content\/uploads\/2024\/11\/Exclusive-Rewards-NA-pages-min.jpg\" alt=\"A brunette woman holding and examining two Monat product bottles in a warm, homey setting with light wood tones.\" loading=\"lazy\"\/>\n                <h2>02 DES<br \/> R\u00c9COMPENSES <br \/>EXCLUSIVES<\/h2>\n                <img decoding=\"async\" src=\"https:\/\/monatglobal.com\/wp-content\/uploads\/2024\/11\/VIP-POINTS.svg\" alt=\"VIP POINTS icon\"\/>\n                <h3>POINTS VIP<\/h3>\n                <p>Accumulez, \u00e9changez, \u00e9conomisez.<\/p>\n                <p>Accumulez des points sur chaque achat ensuite \u00e9changez-les contre des r\u00e9compenses exclusives, dont des produits vedettes ou des rabais&nbsp;additionnels.<\/p>\n                <img decoding=\"async\" src=\"https:\/\/monatglobal.com\/wp-content\/uploads\/2024\/11\/BIRTHDAY-GIFT.svg\" alt=\"BIRTHDAY GIFT icon\"\/>\n                <h3>PRIME D&#8217;ANNIVERSAIRE<\/h3>\n                <p>Notre cadeau pour vous.<\/p>\n                <p>Vous recevrez une r\u00e9compense de 32 $ CA votre jour&nbsp;d&#8217;anniversaire.<\/p>\n                <img decoding=\"async\" src=\"https:\/\/monatglobal.com\/wp-content\/uploads\/2024\/11\/ANNI-GIFT.svg\" alt=\"ANNI GIFT icon\"\/>\n                <h3>CADEAU D&#8217;ANNIVERSAIRE<\/h3>\n                <p>Vous comptez beaucoup pour&nbsp;nous.<\/p>\n                <p>C\u00e9l\u00e9brez avec une r\u00e9compense additionnelle de 10 $ CA le jour de votre anniversaire&nbsp;MONAT.<\/p>\n    <\/section>\n    <section id=\"beautiful-results\">\n                <h2>03 DE BEAUX<br \/> R\u00c9SULTATS<\/h2> \n            <img decoding=\"async\" src=\"https:\/\/monatglobal.com\/wp-content\/uploads\/2024\/11\/Beautiful-Results-NA-pages-min.jpg\" alt=\"A dark-haired woman in a bathroom, smiling while reaching for a Monat product on a stylish shelf filled with other beauty products.\" loading=\"lazy\"\/>\n                <img decoding=\"async\" src=\"https:\/\/monatglobal.com\/wp-content\/uploads\/2024\/11\/FLEXSHIP-1.svg\" alt=\"FLEXSHIP icon\"\/>\n                <h3>FLEXSHIP<\/h3>\n                <p>Ne manquez jamais de vos indispensables.<\/p>\n                <p>Choisissez les produits que vous voulez et la fr\u00e9quence des livraisons, soit aux 30 ou aux 60&nbsp;jours. Modifiez votre commande ou la date de traitement \u00e0 tout moment, sans&nbsp;tracas.<\/p>\n                <img decoding=\"async\" src=\"https:\/\/monatglobal.com\/wp-content\/uploads\/2024\/11\/FREE-PRODUCTS-FRENCH.svg\" alt=\"FREE icon\"\/>\n                <h3>PRODUITS<br \/> GRATUITS<\/h3>\n                <p>C&#8217;est payant de profiter du programme Flexship<\/p>\n                <p>Vous recevrez un produit GRATUIT apr\u00e8s avoir pass\u00e9 chacune de vos 2e, 3e et 4e commandes Flexship de 110&nbsp;$&nbsp;CA ou plus.<\/p>\n                <img decoding=\"async\" src=\"https:\/\/monatglobal.com\/wp-content\/uploads\/2024\/11\/SALES-AND-PROMOS.svg\" alt=\"SALES AND PROMOS icon\"\/>\n                <h3>PROMOTIONS ET SOLDES EXCLUSIFS<\/h3>\n                <p>Bienvenue au club.<\/p>\n                <p>Vous profiterez d&#8217;un acc\u00e8s exclusif aux soldes \u00e9clair et aux promotions sp\u00e9ciales afin d&#8217;\u00e9conomiser&nbsp;davantage.<\/p>\n    <\/section>\n    <section id=\"preFooter\">\n        <h2>VOUS \u00caTES PR\u00caTS <br \/>\u00c0 DEVENIR VIP MONAT?<\/h2>\n        <p>Inscrivez-vous aujourd&#8217;hui et faites le premier pas vers vos meilleurs cheveux et votre meilleure peau. <br \/> Vous commencerez \u00e0 accumuler des points VIP sur tous vos achats et vous verrez les r\u00e9compenses s&#8217;accumuler.<\/p>\n        <a href=\"https:\/\/corp.mymonat.com\/pyr_core\/v2_enrollments\/select_market?enroll_params=profile_form_type%3Dvip_for_life&#038;lang_code=fr&#038;market=CA\" target=\"_blank\">S&#8217;INSCRIRE<\/a>\n        <a href=\"https:\/\/monatglobal.com\/ca\/wp-content\/uploads\/sites\/5\/2026\/03\/CAN_MONATVIPPerks\u2122_FAQ_FR-5.pdf\" target=\"_blank\" id=\"faq_btn\">MONAT VIP PERKS\u2122 FAQ<\/a>\n        <a href=\"https:\/\/monatglobal.com\/ca\/wp-content\/uploads\/sites\/5\/2026\/02\/CAN_MONATVIPPerks\u2122_TermsConditions_FR-1.pdf\" target=\"_blank\" id=\"faq_btn\">MONAT VIP PERKS\u2122 CONDITIONS G\u00c9N\u00c9RALES<\/a>\n        <!--<p>*En vigueur \u00e0 compter du 1er janvier 2025<\/p>-->\n<!-- TrustBox widget - Slider -->\n  <a href=\"https:\/\/fr.trustpilot.com\/review\/monatglobal.com\" target=\"_blank\" rel=\"noopener\">Trustpilot<\/a>\n<!-- End TrustBox widget -->\n    <\/section>\n\n","protected":false},"excerpt":{"rendered":"<p>BIENVENUE AU PROGRAMME VIP PERKS\u2122 Les r\u00e9compenses vous vont bien. S&#8217;INSCRIRE DES RABAIS INCROYABLES DES R\u00c9COMPENSES EXCLUSIVES DE BEAUX R\u00c9SULTATS Devenez VIP MONAT pour profiter de beaucoup d&#8217;avantages, dont des rabais incroyables, des r\u00e9compenses exclusives, de beaux r\u00e9sultats et beaucoup plus. Inscrivez-vous aujourd&#8217;hui pour seulement 10 $ et vous recevrez un coupon de 20 $&hellip;<\/p>\n","protected":false},"author":31,"featured_media":41141,"parent":0,"menu_order":0,"comment_status":"closed","ping_status":"closed","template":"","meta":{"inline_featured_image":false,"om_disable_all_campaigns":false,"_monsterinsights_skip_tracking":false,"_monsterinsights_sitenote_active":false,"_monsterinsights_sitenote_note":"","_monsterinsights_sitenote_category":0,"footnotes":""},"categories":[],"tags":[],"class_list":["post-32202","page","type-page","status-publish","has-post-thumbnail","hentry"],"aioseo_notices":[],"aioseo_head":"\n\t\t<!-- All in One SEO Pro 4.9.5.2 - aioseo.com -->\n\t<meta name=\"description\" content=\"Profitez des avantages extraordinaires dont jouissent les VIP de MONAT. Les produits que vous aimez vous sont livr\u00e9s \u00e0 domicile et vous profitez d\u2019un rabais en plus des r\u00e9compenses et des avantages exclusifs!\" \/>\n\t<meta name=\"robots\" content=\"max-image-preview:large\" \/>\n\t<link rel=\"canonical\" href=\"https:\/\/monatglobal.com\/ca\/vip\/?lang=fr\" \/>\n\t<meta name=\"generator\" content=\"All in One SEO Pro (AIOSEO) 4.9.5.2\" \/>\n\t\t<meta property=\"og:locale\" content=\"en_US\" \/>\n\t\t<meta property=\"og:site_name\" content=\"Monat Canada English - We Are Modern Nature\" \/>\n\t\t<meta property=\"og:type\" content=\"article\" \/>\n\t\t<meta property=\"og:title\" content=\"Programme de VIP de MONAT | Devenir VIP | MONAT Global\" \/>\n\t\t<meta property=\"og:description\" content=\"Profitez des avantages extraordinaires dont jouissent les VIP de MONAT. Les produits que vous aimez vous sont livr\u00e9s \u00e0 domicile et vous profitez d\u2019un rabais en plus des r\u00e9compenses et des avantages exclusifs!\" \/>\n\t\t<meta property=\"og:url\" content=\"https:\/\/monatglobal.com\/ca\/vip\/?lang=fr\" \/>\n\t\t<meta property=\"article:published_time\" content=\"2018-04-20T04:31:30+00:00\" \/>\n\t\t<meta property=\"article:modified_time\" content=\"2026-04-01T16:22:19+00:00\" \/>\n\t\t<meta name=\"twitter:card\" content=\"summary_large_image\" \/>\n\t\t<meta name=\"twitter:title\" content=\"Programme de VIP de MONAT | Devenir VIP | MONAT Global\" \/>\n\t\t<meta name=\"twitter:description\" content=\"Profitez des avantages extraordinaires dont jouissent les VIP de MONAT. Les produits que vous aimez vous sont livr\u00e9s \u00e0 domicile et vous profitez d\u2019un rabais en plus des r\u00e9compenses et des avantages exclusifs!\" \/>\n\t\t<script type=\"application\/ld+json\" class=\"aioseo-schema\">\n\t\t\t{\"@context\":\"https:\\\/\\\/schema.org\",\"@graph\":[{\"@type\":\"BreadcrumbList\",\"@id\":\"https:\\\/\\\/monatglobal.com\\\/ca\\\/vip\\\/?lang=fr#breadcrumblist\",\"itemListElement\":[{\"@type\":\"ListItem\",\"@id\":\"https:\\\/\\\/monatglobal.com\\\/ca#listItem\",\"position\":1,\"name\":\"Home\",\"item\":\"https:\\\/\\\/monatglobal.com\\\/ca\",\"nextItem\":{\"@type\":\"ListItem\",\"@id\":\"https:\\\/\\\/monatglobal.com\\\/ca\\\/vip\\\/?lang=fr#listItem\",\"name\":\"Programme VIP\"}},{\"@type\":\"ListItem\",\"@id\":\"https:\\\/\\\/monatglobal.com\\\/ca\\\/vip\\\/?lang=fr#listItem\",\"position\":2,\"name\":\"Programme VIP\",\"previousItem\":{\"@type\":\"ListItem\",\"@id\":\"https:\\\/\\\/monatglobal.com\\\/ca#listItem\",\"name\":\"Home\"}}]},{\"@type\":\"Organization\",\"@id\":\"https:\\\/\\\/monatglobal.com\\\/ca\\\/#organization\",\"name\":\"Monat Canada English\",\"description\":\"We Are Modern Nature\",\"url\":\"https:\\\/\\\/monatglobal.com\\\/ca\\\/\"},{\"@type\":\"WebPage\",\"@id\":\"https:\\\/\\\/monatglobal.com\\\/ca\\\/vip\\\/?lang=fr#webpage\",\"url\":\"https:\\\/\\\/monatglobal.com\\\/ca\\\/vip\\\/?lang=fr\",\"name\":\"Programme de VIP de MONAT | Devenir VIP | MONAT Global\",\"description\":\"Profitez des avantages extraordinaires dont jouissent les VIP de MONAT. Les produits que vous aimez vous sont livr\\u00e9s \\u00e0 domicile et vous profitez d\\u2019un rabais en plus des r\\u00e9compenses et des avantages exclusifs!\",\"inLanguage\":\"en-US\",\"isPartOf\":{\"@id\":\"https:\\\/\\\/monatglobal.com\\\/ca\\\/#website\"},\"breadcrumb\":{\"@id\":\"https:\\\/\\\/monatglobal.com\\\/ca\\\/vip\\\/?lang=fr#breadcrumblist\"},\"image\":{\"@type\":\"ImageObject\",\"url\":\"https:\\\/\\\/monatglobal.com\\\/ca\\\/wp-content\\\/uploads\\\/sites\\\/5\\\/2019\\\/02\\\/refer-a-friend-2.jpg\",\"@id\":\"https:\\\/\\\/monatglobal.com\\\/ca\\\/vip\\\/?lang=fr\\\/#mainImage\",\"width\":1400,\"height\":787},\"primaryImageOfPage\":{\"@id\":\"https:\\\/\\\/monatglobal.com\\\/ca\\\/vip\\\/?lang=fr#mainImage\"},\"datePublished\":\"2018-04-20T04:31:30-04:00\",\"dateModified\":\"2026-04-01T12:22:19-04:00\"},{\"@type\":\"WebSite\",\"@id\":\"https:\\\/\\\/monatglobal.com\\\/ca\\\/#website\",\"url\":\"https:\\\/\\\/monatglobal.com\\\/ca\\\/\",\"name\":\"Monat Canada English\",\"description\":\"We Are Modern Nature\",\"inLanguage\":\"en-US\",\"publisher\":{\"@id\":\"https:\\\/\\\/monatglobal.com\\\/ca\\\/#organization\"}}]}\n\t\t<\/script>\n\t\t<!-- All in One SEO Pro -->\r\n\t\t<title>Programme de VIP de MONAT | Devenir VIP | MONAT Global<\/title>\n\n","aioseo_head_json":{"title":"Programme de VIP de MONAT | Devenir VIP | MONAT Global","description":"Profitez des avantages extraordinaires dont jouissent les VIP de MONAT. Les produits que vous aimez vous sont livr\u00e9s \u00e0 domicile et vous profitez d\u2019un rabais en plus des r\u00e9compenses et des avantages exclusifs!","canonical_url":"https:\/\/monatglobal.com\/ca\/vip\/?lang=fr","robots":"max-image-preview:large","keywords":"","webmasterTools":{"miscellaneous":""},"schema":{"@context":"https:\/\/schema.org","@graph":[{"@type":"BreadcrumbList","@id":"https:\/\/monatglobal.com\/ca\/vip\/?lang=fr#breadcrumblist","itemListElement":[{"@type":"ListItem","@id":"https:\/\/monatglobal.com\/ca#listItem","position":1,"name":"Home","item":"https:\/\/monatglobal.com\/ca","nextItem":{"@type":"ListItem","@id":"https:\/\/monatglobal.com\/ca\/vip\/?lang=fr#listItem","name":"Programme VIP"}},{"@type":"ListItem","@id":"https:\/\/monatglobal.com\/ca\/vip\/?lang=fr#listItem","position":2,"name":"Programme VIP","previousItem":{"@type":"ListItem","@id":"https:\/\/monatglobal.com\/ca#listItem","name":"Home"}}]},{"@type":"Organization","@id":"https:\/\/monatglobal.com\/ca\/#organization","name":"Monat Canada English","description":"We Are Modern Nature","url":"https:\/\/monatglobal.com\/ca\/"},{"@type":"WebPage","@id":"https:\/\/monatglobal.com\/ca\/vip\/?lang=fr#webpage","url":"https:\/\/monatglobal.com\/ca\/vip\/?lang=fr","name":"Programme de VIP de MONAT | Devenir VIP | MONAT Global","description":"Profitez des avantages extraordinaires dont jouissent les VIP de MONAT. Les produits que vous aimez vous sont livr\u00e9s \u00e0 domicile et vous profitez d\u2019un rabais en plus des r\u00e9compenses et des avantages exclusifs!","inLanguage":"en-US","isPartOf":{"@id":"https:\/\/monatglobal.com\/ca\/#website"},"breadcrumb":{"@id":"https:\/\/monatglobal.com\/ca\/vip\/?lang=fr#breadcrumblist"},"image":{"@type":"ImageObject","url":"https:\/\/monatglobal.com\/ca\/wp-content\/uploads\/sites\/5\/2019\/02\/refer-a-friend-2.jpg","@id":"https:\/\/monatglobal.com\/ca\/vip\/?lang=fr\/#mainImage","width":1400,"height":787},"primaryImageOfPage":{"@id":"https:\/\/monatglobal.com\/ca\/vip\/?lang=fr#mainImage"},"datePublished":"2018-04-20T04:31:30-04:00","dateModified":"2026-04-01T12:22:19-04:00"},{"@type":"WebSite","@id":"https:\/\/monatglobal.com\/ca\/#website","url":"https:\/\/monatglobal.com\/ca\/","name":"Monat Canada English","description":"We Are Modern Nature","inLanguage":"en-US","publisher":{"@id":"https:\/\/monatglobal.com\/ca\/#organization"}}]},"og:locale":"en_US","og:site_name":"Monat Canada English - We Are Modern Nature","og:type":"article","og:title":"Programme de VIP de MONAT | Devenir VIP | MONAT Global","og:description":"Profitez des avantages extraordinaires dont jouissent les VIP de MONAT. Les produits que vous aimez vous sont livr\u00e9s \u00e0 domicile et vous profitez d\u2019un rabais en plus des r\u00e9compenses et des avantages exclusifs!","og:url":"https:\/\/monatglobal.com\/ca\/vip\/?lang=fr","article:published_time":"2018-04-20T04:31:30+00:00","article:modified_time":"2026-04-01T16:22:19+00:00","twitter:card":"summary_large_image","twitter:title":"Programme de VIP de MONAT | Devenir VIP | MONAT Global","twitter:description":"Profitez des avantages extraordinaires dont jouissent les VIP de MONAT. Les produits que vous aimez vous sont livr\u00e9s \u00e0 domicile et vous profitez d\u2019un rabais en plus des r\u00e9compenses et des avantages exclusifs!"},"aioseo_meta_data":{"post_id":"32202","title":"Programme de VIP de MONAT | Devenir VIP | MONAT Global","description":"Profitez des avantages extraordinaires dont jouissent les VIP de MONAT. Les produits que vous aimez vous sont livr\u00e9s \u00e0 domicile et vous profitez d\u2019un rabais en plus des r\u00e9compenses et des avantages exclusifs!","keywords":null,"keyphrases":{"focus":{"keyphrase":"","score":0,"analysis":{"keyphraseInTitle":{"score":0,"maxScore":9,"error":1}}},"additional":[]},"primary_term":null,"canonical_url":null,"og_title":null,"og_description":null,"og_object_type":"default","og_image_type":"default","og_image_url":null,"og_image_width":null,"og_image_height":null,"og_image_custom_url":null,"og_image_custom_fields":null,"og_video":"","og_custom_url":null,"og_article_section":null,"og_article_tags":null,"twitter_use_og":false,"twitter_card":"default","twitter_image_type":"default","twitter_image_url":null,"twitter_image_custom_url":null,"twitter_image_custom_fields":null,"twitter_title":null,"twitter_description":null,"schema":{"blockGraphs":[],"customGraphs":[],"default":{"data":{"Article":[],"Course":[],"Dataset":[],"FAQPage":[],"Movie":[],"Person":[],"Product":[],"ProductReview":[],"Car":[],"Recipe":[],"Service":[],"SoftwareApplication":[],"WebPage":[]},"graphName":"WebPage","isEnabled":true},"graphs":[]},"schema_type":"default","schema_type_options":null,"pillar_content":false,"robots_default":true,"robots_noindex":false,"robots_noarchive":false,"robots_nosnippet":false,"robots_nofollow":false,"robots_noimageindex":false,"robots_noodp":false,"robots_notranslate":false,"robots_max_snippet":"-1","robots_max_videopreview":"-1","robots_max_imagepreview":"large","priority":null,"frequency":"default","local_seo":null,"seo_analyzer_scan_date":"2026-04-06 14:47:32","limit_modified_date":false,"reviewed_by":null,"open_ai":"{\"title\":{\"suggestions\":[],\"usage\":0},\"description\":{\"suggestions\":[],\"usage\":0}}","ai":null,"created":"2023-07-26 12:21:49","updated":"2026-04-06 14:47:44"},"aioseo_breadcrumb":"<div class=\"aioseo-breadcrumbs\"><span class=\"aioseo-breadcrumb\">\n\t<a href=\"https:\/\/monatglobal.com\/ca\" title=\"Home\">Home<\/a>\n<\/span><span class=\"aioseo-breadcrumb-separator\">&raquo;<\/span><span class=\"aioseo-breadcrumb\">\n\tProgramme VIP\n<\/span><\/div>","aioseo_breadcrumb_json":[{"label":"Home","link":"https:\/\/monatglobal.com\/ca"},{"label":"Programme VIP","link":"https:\/\/monatglobal.com\/ca\/vip\/?lang=fr"}],"_links":{"self":[{"href":"https:\/\/monatglobal.com\/ca\/wp-json\/wp\/v2\/pages\/32202","targetHints":{"allow":["GET"]}}],"collection":[{"href":"https:\/\/monatglobal.com\/ca\/wp-json\/wp\/v2\/pages"}],"about":[{"href":"https:\/\/monatglobal.com\/ca\/wp-json\/wp\/v2\/types\/page"}],"author":[{"embeddable":true,"href":"https:\/\/monatglobal.com\/ca\/wp-json\/wp\/v2\/users\/31"}],"replies":[{"embeddable":true,"href":"https:\/\/monatglobal.com\/ca\/wp-json\/wp\/v2\/comments?post=32202"}],"version-history":[{"count":91,"href":"https:\/\/monatglobal.com\/ca\/wp-json\/wp\/v2\/pages\/32202\/revisions"}],"predecessor-version":[{"id":110455,"href":"https:\/\/monatglobal.com\/ca\/wp-json\/wp\/v2\/pages\/32202\/revisions\/110455"}],"wp:featuredmedia":[{"embeddable":true,"href":"https:\/\/monatglobal.com\/ca\/wp-json\/wp\/v2\/media\/41141"}],"wp:attachment":[{"href":"https:\/\/monatglobal.com\/ca\/wp-json\/wp\/v2\/media?parent=32202"}],"wp:term":[{"taxonomy":"category","embeddable":true,"href":"https:\/\/monatglobal.com\/ca\/wp-json\/wp\/v2\/categories?post=32202"},{"taxonomy":"post_tag","embeddable":true,"href":"https:\/\/monatglobal.com\/ca\/wp-json\/wp\/v2\/tags?post=32202"}],"curies":[{"name":"wp","href":"https:\/\/api.w.org\/{rel}","templated":true}]}}