{"id":32124,"date":"2018-04-19T04:30:45","date_gmt":"2018-04-19T04:30:45","guid":{"rendered":"https:\/\/monatglobal.com\/ca\/?page_id=32124"},"modified":"2026-01-08T09:58:40","modified_gmt":"2026-01-08T14:58:40","slug":"air-dry-cream","status":"publish","type":"page","link":"https:\/\/monatglobal.com\/ca\/air-dry-cream\/?lang=fr","title":{"rendered":"Cr\u00e8me Air Dry"},"content":{"rendered":"\n\n\t<img decoding=\"async\" src=\"https:\/\/monatglobal.com\/wp-content\/uploads\/2018\/11\/studio-one-bar-1.png\" alt=\"MONAT-COLOR-ENHANCER\" width=\"135\" height=\"\" \/>\n\t<img loading=\"lazy\" decoding=\"async\" src=\"https:\/\/monatglobal.com\/ca\/wp-content\/uploads\/sites\/5\/2019\/03\/STUDIO-ONE-AIR-DRY-CREAM-500x438.png\" alt=\"Cr\u00e8me Coiffante s\u00e9chage \u00e0 l'air libre MONAT Studio One\" width=\"350\" height=\"400\" \/>\n<h1>CR\u00c8ME COIFFANTE S\u00c9CHAGE \u00c0 L&#8217;AIR LIBRE<br \/><strong>\nMONAT STUDIO ONE\u2122<\/strong>\n<\/h1>\n<hr \/>\n\t<em>Domptez, adoucissez et coiffez vos cheveux sans outils chauffants.<br \/>\n<\/em>\n    177 ml \u212e 6 oz liq. \n   <strong>Clients VIP<\/strong><br \/>\n    48,00 $ CA<br \/>\n    <strong>Prix de d\u00e9tail<\/strong><br \/>\n    56,00 $ CA<br \/>\n   <strong>Clients VIP<\/strong><br \/>\n   53,00 $ CA<br \/>\n    <strong>Prix de d\u00e9tail<\/strong><br \/>\n    62,00 $ CA<br \/>\n   <strong>Clients VIP<\/strong><br \/>\n    43,00 $ CA<br \/>\n    <strong>Prix de d\u00e9tail<\/strong><br \/>\n    51,00 $ CA<br \/>\n\t<p>Pour en savoir plus sur la Cr\u00e8me coiffante s\u00e9chage \u00e0 l&#8217;air libre MONAT STUDIO ONE\u2122 veuillez contacter votre partenaire de march\u00e9 MONAT.<\/p>\n\t<a href=\"https:\/\/corp.mymonat.com\/shop\/products\/air-dry-cream-6-oz\/?globallanguage=fr&#038;globalmarket=ca\" target=\"_blank\" role=\"button\" aria-label=\"Go to CR\u00c8ME COIFFANTE S\u00c9CHAGE \u00c0 L'AIR LIBRE MONAT STUDIO ONE\u2122 shop\" rel=\"noopener\">MAGASINEZ<\/a>\n<a>STOCK \u00c9PUIS\u00c9S<\/a>\n<h2>\n\t\tMettez vos outils chauffants de c\u00f4t\u00e9!\n\t<\/h2>\n\t<p>\u00c9vitez les outils chauffants et raccourcissez votre routine matinale. Con\u00e7ue pour convenir \u00e0 toutes les textures et tous les types de cheveux, cette l\u00e9g\u00e8re cr\u00e8me coiffante restaure la brillance naturelle des cheveux et leur donne une texture soyeuse tout en offrant une tenue douce au toucher.<\/p>\n<h2>\n\t\tBIENFAITS\n\t<\/h2>\n\t<ul>\n<li>Donne de la texture et r\u00e9duit les frisottis <\/li>\n<li>Conf\u00e8re brillance et douceur <\/li>\n<li>Donne un aspect sain aux cheveux<\/li>\n<li>Aucune chaleur n\u00e9cessaire<\/li>\n<li>Convient \u00e0 tous les types de cheveux<\/li>\n<\/ul>\n<h2>\n\t\tCONSEILS D&#8217;UTILISATION \n\t<\/h2>\n\t<ul>\n<li>Appliquer une petite quantit\u00e9 de fa\u00e7on uniforme sur cheveux humides <\/li>\n<li>Froisser, torsader ou tresser les cheveux<\/li>\n<li>Laisser les cheveux s\u00e9cher \u00e0 l&#8217;air<\/li>\n<\/ul>\n<h2>\n\t\tINGR\u00c9DIENTS CL\u00c9S\n\t<\/h2>\n\t<p><img loading=\"lazy\" decoding=\"async\" src=\"https:\/\/monatglobal.com\/wp-content\/uploads\/2018\/07\/REJUVENIQE-S.png\" alt=\"\" width=\"183\" height=\"174\" \/><\/p>\n\t<p><strong>REJUVENIQE<sup>\u00ae<\/sup><\/strong><\/p>\n<p>Un m\u00e9lange de 13+ huiles v\u00e9g\u00e9tales et huiles essentielles naturelles riche en acides gras om\u00e9ga, en antioxydants et en nutriments, qui est tr\u00e8s compatible avec la peau et les cheveux.<\/p>\n\t<p><strong>Sensoveil Sil\u2122<\/strong><\/p>\n<p>Une alternative d&#8217;origine v\u00e9g\u00e9tale \u00e0 la silicone &#8211; offre une performance semblable \u00e0 la silicone sans laisser d&#8217;accumulations; laisse les cheveux soyeux et doux<\/p>\n\t<p><strong>Activeshine Amazon\u2122<\/strong><\/p>\n<p>Pour un \u00e9clat et une maniabilit\u00e9 accrus<\/p>\n\t<p><strong>WaveMax\u2122<\/strong><\/p>\n<p>Un m\u00e9lange 100 % naturel d&#8217;extrait de lin et de grains de chia qui dompte les frisottis, lisse et prot\u00e8ge les cheveux <\/p>\n<h2>\n\t\tLISTE D&#8217;INGR\u00c9DIENTS\n\t<\/h2>\n\t<p>Aqua\/Water\/Eau, Cetearyl Alcohol, Orbignya Speciosa Kernel Oil, Behentrimonium Chloride, Glycerin, Astrocaryum Murumuru Seed Butter, Hydrogenated Soybean Oil, Cocos Nucifera (Coconut) Oil, Linum Usitatissimum (Linseed) Seed Oil, Stearamidopropyl Dimethylamine, Limnanthes Alba (Meadowfoam) Seed Oil, Crambe Abyssinica Seed Oil, Camellia Oleifera Seed Oil, Solanum Lycopersicum (Tomato) Seed Oil, Daucus Carota Sativa (Carrot) Seed Oil, Citrus Limon (Lemon) Peel Oil, Citrus Aurantifolia (Lime) Oil, Citrus Aurantium Bergamia (Bergamot) Fruit Oil, Adansonia Digitata Oil, Mauritia Flexuosa Fruit Oil, Gardenia Taitensis Flower Extract, Moringa Oleifera Seed Oil, Caryocar Brasiliense Fruit Oil, Helianthus Annuus (Sunflower) Seed Oil, Fragrance\/Parfum, Ethylhexylglycerin, Tocopherol, Benzyl Alcohol, Limonene.<\/p>\n<h2>\n\t\tVOUS POURRIEZ AUSSI AIMER\n\t<\/h2>\n<h3>\n\t\t<a href=\"https:\/\/monatglobal.com\/ca\/products\/?lang=fr&#038;line=soins-capillaires\" title=\"TOUS LES SOINS CAPILLAIRES\" target=\"_self\" rel=\"noopener\">\n\t\tTOUS LES SOINS CAPILLAIRES\n\t\t<\/a>\n\t<\/h3>\n\n","protected":false},"excerpt":{"rendered":"<p>CR\u00c8ME COIFFANTE S\u00c9CHAGE \u00c0 L&#8217;AIR LIBRE MONAT STUDIO ONE\u2122 Domptez, adoucissez et coiffez vos cheveux sans outils chauffants. 177 ml \u212e 6 oz liq. Clients VIP 48,00 $ CA Prix de d\u00e9tail 56,00 $ CA Clients VIP 53,00 $ CA Prix de d\u00e9tail 62,00 $ CA Clients VIP 43,00 $ CA Prix de d\u00e9tail 51,00&hellip;<\/p>\n","protected":false},"author":20,"featured_media":42268,"parent":0,"menu_order":0,"comment_status":"closed","ping_status":"closed","template":"","meta":{"inline_featured_image":false,"om_disable_all_campaigns":false,"_monsterinsights_skip_tracking":false,"_monsterinsights_sitenote_active":false,"_monsterinsights_sitenote_note":"","_monsterinsights_sitenote_category":0,"footnotes":""},"categories":[3629],"tags":[],"class_list":["post-32124","page","type-page","status-publish","has-post-thumbnail","hentry","category-product-fra"],"aioseo_notices":[],"aioseo_head":"\n\t\t<!-- All in One SEO Pro 4.9.6 - aioseo.com -->\n\t<meta name=\"description\" content=\"CR\u00c8ME COIFFANTE S\u00c9CHAGE \u00c0 L&#039;AIR LIBRE MONAT STUDIO ONE\u2122 Domptez, adoucissez et coiffez vos cheveux sans outils chauffants. 177 ml \u212e 6 oz liq. Clients VIP 48,00 $ CA Prix de d\u00e9tail 56,00 $ CA Clients VIP 53,00 $ CA Prix de d\u00e9tail 62,00 $ CA Clients VIP 43,00 $ CA Prix de d\u00e9tail 51,00\" \/>\n\t<meta name=\"robots\" content=\"max-image-preview:large\" \/>\n\t<link rel=\"canonical\" href=\"https:\/\/monatglobal.com\/ca\/air-dry-cream\/?lang=fr\" \/>\n\t<meta name=\"generator\" content=\"All in One SEO Pro (AIOSEO) 4.9.6\" \/>\n\t\t<meta property=\"og:locale\" content=\"en_US\" \/>\n\t\t<meta property=\"og:site_name\" content=\"Monat Canada English - We Are Modern Nature\" \/>\n\t\t<meta property=\"og:type\" content=\"article\" \/>\n\t\t<meta property=\"og:title\" content=\"Cr\u00e8me Air Dry - Monat Canada English\" \/>\n\t\t<meta property=\"og:description\" content=\"CR\u00c8ME COIFFANTE S\u00c9CHAGE \u00c0 L&#039;AIR LIBRE MONAT STUDIO ONE\u2122 Domptez, adoucissez et coiffez vos cheveux sans outils chauffants. 177 ml \u212e 6 oz liq. Clients VIP 48,00 $ CA Prix de d\u00e9tail 56,00 $ CA Clients VIP 53,00 $ CA Prix de d\u00e9tail 62,00 $ CA Clients VIP 43,00 $ CA Prix de d\u00e9tail 51,00\" \/>\n\t\t<meta property=\"og:url\" content=\"https:\/\/monatglobal.com\/ca\/air-dry-cream\/?lang=fr\" \/>\n\t\t<meta property=\"article:published_time\" content=\"2018-04-19T04:30:45+00:00\" \/>\n\t\t<meta property=\"article:modified_time\" content=\"2026-01-08T14:58:40+00:00\" \/>\n\t\t<meta name=\"twitter:card\" content=\"summary_large_image\" \/>\n\t\t<meta name=\"twitter:title\" content=\"Cr\u00e8me Air Dry - Monat Canada English\" \/>\n\t\t<meta name=\"twitter:description\" content=\"CR\u00c8ME COIFFANTE S\u00c9CHAGE \u00c0 L&#039;AIR LIBRE MONAT STUDIO ONE\u2122 Domptez, adoucissez et coiffez vos cheveux sans outils chauffants. 177 ml \u212e 6 oz liq. Clients VIP 48,00 $ CA Prix de d\u00e9tail 56,00 $ CA Clients VIP 53,00 $ CA Prix de d\u00e9tail 62,00 $ CA Clients VIP 43,00 $ CA Prix de d\u00e9tail 51,00\" \/>\n\t\t<script type=\"application\/ld+json\" class=\"aioseo-schema\">\n\t\t\t{\"@context\":\"https:\\\/\\\/schema.org\",\"@graph\":[{\"@type\":\"BreadcrumbList\",\"@id\":\"https:\\\/\\\/monatglobal.com\\\/ca\\\/air-dry-cream\\\/?lang=fr#breadcrumblist\",\"itemListElement\":[{\"@type\":\"ListItem\",\"@id\":\"https:\\\/\\\/monatglobal.com\\\/ca#listItem\",\"position\":1,\"name\":\"Home\",\"item\":\"https:\\\/\\\/monatglobal.com\\\/ca\",\"nextItem\":{\"@type\":\"ListItem\",\"@id\":\"https:\\\/\\\/monatglobal.com\\\/ca\\\/air-dry-cream\\\/?lang=fr#listItem\",\"name\":\"Cr\\u00e8me Air Dry\"}},{\"@type\":\"ListItem\",\"@id\":\"https:\\\/\\\/monatglobal.com\\\/ca\\\/air-dry-cream\\\/?lang=fr#listItem\",\"position\":2,\"name\":\"Cr\\u00e8me Air Dry\",\"previousItem\":{\"@type\":\"ListItem\",\"@id\":\"https:\\\/\\\/monatglobal.com\\\/ca#listItem\",\"name\":\"Home\"}}]},{\"@type\":\"Organization\",\"@id\":\"https:\\\/\\\/monatglobal.com\\\/ca\\\/#organization\",\"name\":\"Monat Canada English\",\"description\":\"We Are Modern Nature\",\"url\":\"https:\\\/\\\/monatglobal.com\\\/ca\\\/\"},{\"@type\":\"WebPage\",\"@id\":\"https:\\\/\\\/monatglobal.com\\\/ca\\\/air-dry-cream\\\/?lang=fr#webpage\",\"url\":\"https:\\\/\\\/monatglobal.com\\\/ca\\\/air-dry-cream\\\/?lang=fr\",\"name\":\"Cr\\u00e8me Air Dry - Monat Canada English\",\"description\":\"CR\\u00c8ME COIFFANTE S\\u00c9CHAGE \\u00c0 L'AIR LIBRE MONAT STUDIO ONE\\u2122 Domptez, adoucissez et coiffez vos cheveux sans outils chauffants. 177 ml \\u212e 6 oz liq. Clients VIP 48,00 $ CA Prix de d\\u00e9tail 56,00 $ CA Clients VIP 53,00 $ CA Prix de d\\u00e9tail 62,00 $ CA Clients VIP 43,00 $ CA Prix de d\\u00e9tail 51,00\",\"inLanguage\":\"en-US\",\"isPartOf\":{\"@id\":\"https:\\\/\\\/monatglobal.com\\\/ca\\\/#website\"},\"breadcrumb\":{\"@id\":\"https:\\\/\\\/monatglobal.com\\\/ca\\\/air-dry-cream\\\/?lang=fr#breadcrumblist\"},\"image\":{\"@type\":\"ImageObject\",\"url\":\"https:\\\/\\\/monatglobal.com\\\/ca\\\/wp-content\\\/uploads\\\/sites\\\/5\\\/2019\\\/03\\\/STUDIO-ONE-AIR-DRY-CREAM-500x438.png\",\"@id\":\"https:\\\/\\\/monatglobal.com\\\/ca\\\/air-dry-cream\\\/?lang=fr\\\/#mainImage\",\"width\":438,\"height\":500},\"primaryImageOfPage\":{\"@id\":\"https:\\\/\\\/monatglobal.com\\\/ca\\\/air-dry-cream\\\/?lang=fr#mainImage\"},\"datePublished\":\"2018-04-19T04:30:45-04:00\",\"dateModified\":\"2026-01-08T09:58:40-05:00\"},{\"@type\":\"WebSite\",\"@id\":\"https:\\\/\\\/monatglobal.com\\\/ca\\\/#website\",\"url\":\"https:\\\/\\\/monatglobal.com\\\/ca\\\/\",\"name\":\"Monat Canada English\",\"description\":\"We Are Modern Nature\",\"inLanguage\":\"en-US\",\"publisher\":{\"@id\":\"https:\\\/\\\/monatglobal.com\\\/ca\\\/#organization\"}}]}\n\t\t<\/script>\n\t\t<!-- All in One SEO Pro -->\r\n\t\t<title>Cr\u00e8me Air Dry - Monat Canada English<\/title>\n\n","aioseo_head_json":{"title":"Cr\u00e8me Air Dry - Monat Canada English","description":"CR\u00c8ME COIFFANTE S\u00c9CHAGE \u00c0 L'AIR LIBRE MONAT STUDIO ONE\u2122 Domptez, adoucissez et coiffez vos cheveux sans outils chauffants. 177 ml \u212e 6 oz liq. Clients VIP 48,00 $ CA Prix de d\u00e9tail 56,00 $ CA Clients VIP 53,00 $ CA Prix de d\u00e9tail 62,00 $ CA Clients VIP 43,00 $ CA Prix de d\u00e9tail 51,00","canonical_url":"https:\/\/monatglobal.com\/ca\/air-dry-cream\/?lang=fr","robots":"max-image-preview:large","keywords":"","webmasterTools":{"miscellaneous":""},"schema":{"@context":"https:\/\/schema.org","@graph":[{"@type":"BreadcrumbList","@id":"https:\/\/monatglobal.com\/ca\/air-dry-cream\/?lang=fr#breadcrumblist","itemListElement":[{"@type":"ListItem","@id":"https:\/\/monatglobal.com\/ca#listItem","position":1,"name":"Home","item":"https:\/\/monatglobal.com\/ca","nextItem":{"@type":"ListItem","@id":"https:\/\/monatglobal.com\/ca\/air-dry-cream\/?lang=fr#listItem","name":"Cr\u00e8me Air Dry"}},{"@type":"ListItem","@id":"https:\/\/monatglobal.com\/ca\/air-dry-cream\/?lang=fr#listItem","position":2,"name":"Cr\u00e8me Air Dry","previousItem":{"@type":"ListItem","@id":"https:\/\/monatglobal.com\/ca#listItem","name":"Home"}}]},{"@type":"Organization","@id":"https:\/\/monatglobal.com\/ca\/#organization","name":"Monat Canada English","description":"We Are Modern Nature","url":"https:\/\/monatglobal.com\/ca\/"},{"@type":"WebPage","@id":"https:\/\/monatglobal.com\/ca\/air-dry-cream\/?lang=fr#webpage","url":"https:\/\/monatglobal.com\/ca\/air-dry-cream\/?lang=fr","name":"Cr\u00e8me Air Dry - Monat Canada English","description":"CR\u00c8ME COIFFANTE S\u00c9CHAGE \u00c0 L'AIR LIBRE MONAT STUDIO ONE\u2122 Domptez, adoucissez et coiffez vos cheveux sans outils chauffants. 177 ml \u212e 6 oz liq. Clients VIP 48,00 $ CA Prix de d\u00e9tail 56,00 $ CA Clients VIP 53,00 $ CA Prix de d\u00e9tail 62,00 $ CA Clients VIP 43,00 $ CA Prix de d\u00e9tail 51,00","inLanguage":"en-US","isPartOf":{"@id":"https:\/\/monatglobal.com\/ca\/#website"},"breadcrumb":{"@id":"https:\/\/monatglobal.com\/ca\/air-dry-cream\/?lang=fr#breadcrumblist"},"image":{"@type":"ImageObject","url":"https:\/\/monatglobal.com\/ca\/wp-content\/uploads\/sites\/5\/2019\/03\/STUDIO-ONE-AIR-DRY-CREAM-500x438.png","@id":"https:\/\/monatglobal.com\/ca\/air-dry-cream\/?lang=fr\/#mainImage","width":438,"height":500},"primaryImageOfPage":{"@id":"https:\/\/monatglobal.com\/ca\/air-dry-cream\/?lang=fr#mainImage"},"datePublished":"2018-04-19T04:30:45-04:00","dateModified":"2026-01-08T09:58:40-05:00"},{"@type":"WebSite","@id":"https:\/\/monatglobal.com\/ca\/#website","url":"https:\/\/monatglobal.com\/ca\/","name":"Monat Canada English","description":"We Are Modern Nature","inLanguage":"en-US","publisher":{"@id":"https:\/\/monatglobal.com\/ca\/#organization"}}]},"og:locale":"en_US","og:site_name":"Monat Canada English - We Are Modern Nature","og:type":"article","og:title":"Cr\u00e8me Air Dry - Monat Canada English","og:description":"CR\u00c8ME COIFFANTE S\u00c9CHAGE \u00c0 L'AIR LIBRE MONAT STUDIO ONE\u2122 Domptez, adoucissez et coiffez vos cheveux sans outils chauffants. 177 ml \u212e 6 oz liq. Clients VIP 48,00 $ CA Prix de d\u00e9tail 56,00 $ CA Clients VIP 53,00 $ CA Prix de d\u00e9tail 62,00 $ CA Clients VIP 43,00 $ CA Prix de d\u00e9tail 51,00","og:url":"https:\/\/monatglobal.com\/ca\/air-dry-cream\/?lang=fr","article:published_time":"2018-04-19T04:30:45+00:00","article:modified_time":"2026-01-08T14:58:40+00:00","twitter:card":"summary_large_image","twitter:title":"Cr\u00e8me Air Dry - Monat Canada English","twitter:description":"CR\u00c8ME COIFFANTE S\u00c9CHAGE \u00c0 L'AIR LIBRE MONAT STUDIO ONE\u2122 Domptez, adoucissez et coiffez vos cheveux sans outils chauffants. 177 ml \u212e 6 oz liq. Clients VIP 48,00 $ CA Prix de d\u00e9tail 56,00 $ CA Clients VIP 53,00 $ CA Prix de d\u00e9tail 62,00 $ CA Clients VIP 43,00 $ CA Prix de d\u00e9tail 51,00"},"aioseo_meta_data":{"post_id":"32124","title":null,"description":null,"keywords":null,"keyphrases":{"focus":{"keyphrase":"","score":0,"analysis":{"keyphraseInTitle":{"score":0,"maxScore":9,"error":1}}},"additional":[]},"primary_term":null,"canonical_url":null,"og_title":null,"og_description":null,"og_object_type":"default","og_image_type":"default","og_image_url":null,"og_image_width":null,"og_image_height":null,"og_image_custom_url":null,"og_image_custom_fields":null,"og_video":"","og_custom_url":null,"og_article_section":null,"og_article_tags":null,"twitter_use_og":false,"twitter_card":"default","twitter_image_type":"default","twitter_image_url":null,"twitter_image_custom_url":null,"twitter_image_custom_fields":null,"twitter_title":null,"twitter_description":null,"schema":{"blockGraphs":[],"customGraphs":[],"default":{"data":{"Article":[],"Course":[],"Dataset":[],"FAQPage":[],"Movie":[],"Person":[],"Product":[],"ProductReview":[],"Car":[],"Recipe":[],"Service":[],"SoftwareApplication":[],"WebPage":[]},"graphName":"WebPage","isEnabled":true},"graphs":[]},"schema_type":"default","schema_type_options":null,"pillar_content":false,"robots_default":true,"robots_noindex":false,"robots_noarchive":false,"robots_nosnippet":false,"robots_nofollow":false,"robots_noimageindex":false,"robots_noodp":false,"robots_notranslate":false,"robots_max_snippet":"-1","robots_max_videopreview":"-1","robots_max_imagepreview":"large","priority":null,"frequency":"default","local_seo":null,"seo_analyzer_scan_date":"2026-02-10 03:32:51","limit_modified_date":false,"reviewed_by":null,"open_ai":"{\"title\":{\"suggestions\":[],\"usage\":0},\"description\":{\"suggestions\":[],\"usage\":0}}","ai":null,"created":"2023-07-26 12:21:49","updated":"2026-02-10 18:39:32"},"aioseo_breadcrumb":"<div class=\"aioseo-breadcrumbs\"><span class=\"aioseo-breadcrumb\">\n\t<a href=\"https:\/\/monatglobal.com\/ca\" title=\"Home\">Home<\/a>\n<\/span><span class=\"aioseo-breadcrumb-separator\">&raquo;<\/span><span class=\"aioseo-breadcrumb\">\n\tCr\u00e8me Air Dry\n<\/span><\/div>","aioseo_breadcrumb_json":[{"label":"Home","link":"https:\/\/monatglobal.com\/ca"},{"label":"Cr\u00e8me Air Dry","link":"https:\/\/monatglobal.com\/ca\/air-dry-cream\/?lang=fr"}],"_links":{"self":[{"href":"https:\/\/monatglobal.com\/ca\/wp-json\/wp\/v2\/pages\/32124","targetHints":{"allow":["GET"]}}],"collection":[{"href":"https:\/\/monatglobal.com\/ca\/wp-json\/wp\/v2\/pages"}],"about":[{"href":"https:\/\/monatglobal.com\/ca\/wp-json\/wp\/v2\/types\/page"}],"author":[{"embeddable":true,"href":"https:\/\/monatglobal.com\/ca\/wp-json\/wp\/v2\/users\/20"}],"replies":[{"embeddable":true,"href":"https:\/\/monatglobal.com\/ca\/wp-json\/wp\/v2\/comments?post=32124"}],"version-history":[{"count":42,"href":"https:\/\/monatglobal.com\/ca\/wp-json\/wp\/v2\/pages\/32124\/revisions"}],"predecessor-version":[{"id":109705,"href":"https:\/\/monatglobal.com\/ca\/wp-json\/wp\/v2\/pages\/32124\/revisions\/109705"}],"wp:featuredmedia":[{"embeddable":true,"href":"https:\/\/monatglobal.com\/ca\/wp-json\/wp\/v2\/media\/42268"}],"wp:attachment":[{"href":"https:\/\/monatglobal.com\/ca\/wp-json\/wp\/v2\/media?parent=32124"}],"wp:term":[{"taxonomy":"category","embeddable":true,"href":"https:\/\/monatglobal.com\/ca\/wp-json\/wp\/v2\/categories?post=32124"},{"taxonomy":"post_tag","embeddable":true,"href":"https:\/\/monatglobal.com\/ca\/wp-json\/wp\/v2\/tags?post=32124"}],"curies":[{"name":"wp","href":"https:\/\/api.w.org\/{rel}","templated":true}]}}