{"id":32106,"date":"2018-04-19T01:47:47","date_gmt":"2018-04-19T01:47:47","guid":{"rendered":"https:\/\/monatglobal.com\/ca\/?page_id=32106"},"modified":"2022-05-13T01:56:49","modified_gmt":"2022-05-13T05:56:49","slug":"shampooing-smoothing","status":"publish","type":"page","link":"https:\/\/monatglobal.com\/ca\/shampooing-smoothing\/?lang=fr","title":{"rendered":"SHAMPOOING SMOOTHING"},"content":{"rendered":"\n\n\t<img loading=\"lazy\" decoding=\"async\" src=\"https:\/\/monatglobal.com\/ca\/wp-content\/uploads\/sites\/5\/2019\/07\/SMOOTHING-SHAMPOO-2019-500x438.png\" alt=\"Shampooing smoothing\" width=\"350\" height=\"400\" \/>\n<h1>SHAMPOOING<br \/><strong>LISSANT<\/strong><\/h1>\n<hr \/>\n\t<em>Le contr\u00f4leur ultime des cheveux.<br \/>\nIl contient maintenant les puissants ingr\u00e9dients cl\u00e9s de MONAT!<\/em>\n 237 ml | 8,0 oz liq.\n   <strong>Prix de client VIP<\/strong><br \/>\n   48,00 $ CA<br \/>\n     <strong>Prix de d\u00e9tail<\/strong><br \/>\n     57,00 $ CA<br \/>\n   <strong>Prix de client VIP<\/strong><br \/>\n   43,00 $ CA<br \/>\n     <strong>Prix de d\u00e9tail<\/strong><br \/>\n     51,00 $ CA<br \/>\n\t<p>Pour en savoir pous sur le shampooing Lissant, veuillez contacter votre partenaire de march\u00e9.<\/p>\n\t<a target=\"_blank\" href=\"https:\/\/corp.mymonat.com\/shop\/products\/smoothing-shampoo-20031-8-0a?globallanguage=fr&#038;globalmarket=ca\" rel=\"noopener\">MAGASINEZ<\/a>\n<h2>\n\t\tBIENFAITS\n\t<\/h2>\n\t<p>Le Shampooing lissant est un shampooing quotidien qui a \u00e9t\u00e9 con\u00e7u pour nettoyer et nourrir les cheveux tout en douceur, en lissant et en adoucissant la cuticule pour r\u00e9duire les frisotis. Fait avec REJUVENIQE<sup>\u00ae<\/sup> et infus\u00e9 d&#8217;un m\u00e9lange exclusif d&#8217;acides amin\u00e9s pour ma\u00eetriser les frisottis, le Shampooing lissant r\u00e9duit les m\u00e8ches rebelles et les frisottis en plus d&#8217;offrir une r\u00e9sistance \u00e0 l&#8217;humidit\u00e9 pour un look plus raffin\u00e9 et des cheveux plus lisses et soyeux.<\/p>\n<h2>\n\t\tCONSEILS D&#8217;UTILISATION\n\t<\/h2>\n\t<p>\u00c9mulsionner dans les mains et appliquer sur cheveux mouill\u00e9s. Laisser agir 2 minutes. Rincer et r\u00e9p\u00e9ter l&#8217;op\u00e9ration. Pour de meilleurs r\u00e9sultats, compl\u00e9ter avec l&#8217;Apr\u00e8s-shampooing ultra lissant.<\/p>\n<h2>\n\t\tINGR\u00c9DIENTS CL\u00c9S\n\t<\/h2>\n\t<p><img loading=\"lazy\" decoding=\"async\" src=\"https:\/\/monatglobal.com\/wp-content\/uploads\/2018\/10\/ingredient_taffy1.png\" alt=\"ingredient_taffy\" width=\"183\" height=\"174\" \/><\/p>\n\t<p><strong>REJUVENIQE<sup>\u00ae<\/sup><\/strong><\/p>\n<!--\n<p>Un m\u00e9lange de 13+ huiles v\u00e9g\u00e9tales et huiles essentielles naturelles riche en acides gras om\u00e9ga, en antioxydants et en nutriments, qui est tr\u00e8s compatible avec la peau et les cheveux.<\/p>\n-->\n\t<p><strong>CAPIXYL\u2122<\/strong><\/p>\n<!--\n<p>Un m\u00e9lange \u00e9mollient aidant \u00e0 prot\u00e9ger le cuir chevelu, \u00e0 renforcer et \u00e0 \u00e9paissir les cheveux tout en augmentant la densit\u00e9 des cheveux.<\/p>\n-->\n\t<p><strong>Complexe d&#8217;acides amin\u00e9s<\/strong><\/p>\n<!--\n<p>Lisse les cheveux, ma\u00eetrise les frisottis et les m\u00e8ches rebelles.<\/p>\n-->\n\t<p><strong>PROCATALINE\u2122<\/strong><\/p>\n<!--\n<p>Ce m\u00e9lange de pointe contenant l'extrait de pois soutient les cheveux sains et d'apparence plus jeune en aidant \u00e0 prot\u00e9ger vos cheveux des dommages caus\u00e9s par les rayons UV et les facteurs environnementaux.<\/p>\n-->\n\t<p><strong>CRODASORB\u2122<\/strong><\/p>\n<!--\n<p>Un puissant ingr\u00e9dient qui aide \u00e0 prot\u00e9ger contre les rayons UV nuisibles, ce qui aide \u00e0 pr\u00e9server la pigmentation naturelle des cheveux pour des cheveux prot\u00e9g\u00e9s et r\u00e9sistants.<\/p>\n-->\n<h2>\n\t\tLISTE D&#8217;INGR\u00c9DIENTS\n\t<\/h2>\n\t<p>Aqua\/Water\/Eau, Sodium Cocoyl Isethionate, Sodium Lauroyl Methyl Isethionate, Lauramidopropyl Betaine, Acrylates Copolymer, Glycol Distearate, Glycerin, Isoamyl Laurate, Pisum Sativum (Pea) Extract, Acetyl Tetrapeptide-3, Trifolium Pratense (Clover) Flower Extract, Limnanthes Alba (Meadowfoam) Seed Oil, Crambe Abyssinica Seed Oil, Camellia Oleifera Seed Oil, Solanum Lycopersicum (Tomato) Seed Oil, Daucus Carota Sativa (Carrot) Seed Oil, Citrus Limon (Lemon) Peel Oil, Citrus Aurantifolia (Lime) Oil, Citrus Aurantium Bergamia (Bergamot) Fruit Oil, Adansonia Digitata Oil, Mauritia Flexuosa Fruit Oil, Cocos Nucifera (Coconut) Oil, Gardenia Taitensis Flower Extract, Moringa Oleifera Seed Oil, Caryocar Brasiliense Fruit Oil, Helianthus Annuus (Sunflower) Seed Oil, Wheat Amino Acids, Soy Amino Acids, Arginine HCl, Serine, Threonine, Tocopherol, Hydroxyethylcellulose, Behenyl Alcohol, Cetearyl Alcohol, Sodium Phytate, Fragrance\/Parfum, Hydroxyethyl Cetearamidopropyldimonium Chloride, Dextran, Butylene Glycol, Citric Acid, Sodium Hydroxide, Benzyl Alcohol, Ethylhexylglycerin <\/p>\n<h2>\n\t\tVOUS POURRIEZ AUSSI AIMER\n\t<\/h2>\n<h2>\n\t\t<a href=\"\/ca\/?page_id=41692\" title=\"TOUS LES PRODUITS\" target=\"_self\" rel=\"noopener\">\n\t\tTOUS LES PRODUITS\n\t\t<\/a>\n\t<\/h2>\n\n","protected":false},"excerpt":{"rendered":"<p>SHAMPOOINGLISSANT Le contr\u00f4leur ultime des cheveux. Il contient maintenant les puissants ingr\u00e9dients cl\u00e9s de MONAT! 237 ml | 8,0 oz liq. Prix de client VIP 48,00 $ CA Prix de d\u00e9tail 57,00 $ CA Prix de client VIP 43,00 $ CA Prix de d\u00e9tail 51,00 $ CA Pour en savoir pous sur le shampooing Lissant,&hellip;<\/p>\n","protected":false},"author":31,"featured_media":43738,"parent":0,"menu_order":0,"comment_status":"closed","ping_status":"closed","template":"template-full-custom.php","meta":{"inline_featured_image":false,"om_disable_all_campaigns":false,"_monsterinsights_skip_tracking":false,"_monsterinsights_sitenote_active":false,"_monsterinsights_sitenote_note":"","_monsterinsights_sitenote_category":0,"footnotes":""},"categories":[],"tags":[],"class_list":["post-32106","page","type-page","status-publish","has-post-thumbnail","hentry"],"aioseo_notices":[],"aioseo_head":"\n\t\t<!-- All in One SEO Pro 4.9.5.2 - aioseo.com -->\n\t<meta name=\"description\" content=\"SHAMPOOINGLISSANT Le contr\u00f4leur ultime des cheveux. Il contient maintenant les puissants ingr\u00e9dients cl\u00e9s de MONAT! 237 ml | 8,0 oz liq. Prix de client VIP 48,00 $ CA Prix de d\u00e9tail 57,00 $ CA Prix de client VIP 43,00 $ CA Prix de d\u00e9tail 51,00 $ CA Pour en savoir pous sur le shampooing Lissant,\" \/>\n\t<meta name=\"robots\" content=\"max-image-preview:large\" \/>\n\t<link rel=\"canonical\" href=\"https:\/\/monatglobal.com\/ca\/shampooing-smoothing\/?lang=fr\" \/>\n\t<meta name=\"generator\" content=\"All in One SEO Pro (AIOSEO) 4.9.5.2\" \/>\n\t\t<meta property=\"og:locale\" content=\"en_US\" \/>\n\t\t<meta property=\"og:site_name\" content=\"Monat Canada English - We Are Modern Nature\" \/>\n\t\t<meta property=\"og:type\" content=\"article\" \/>\n\t\t<meta property=\"og:title\" content=\"SHAMPOOING SMOOTHING - Monat Canada English\" \/>\n\t\t<meta property=\"og:description\" content=\"SHAMPOOINGLISSANT Le contr\u00f4leur ultime des cheveux. Il contient maintenant les puissants ingr\u00e9dients cl\u00e9s de MONAT! 237 ml | 8,0 oz liq. Prix de client VIP 48,00 $ CA Prix de d\u00e9tail 57,00 $ CA Prix de client VIP 43,00 $ CA Prix de d\u00e9tail 51,00 $ CA Pour en savoir pous sur le shampooing Lissant,\" \/>\n\t\t<meta property=\"og:url\" content=\"https:\/\/monatglobal.com\/ca\/shampooing-smoothing\/?lang=fr\" \/>\n\t\t<meta property=\"article:published_time\" content=\"2018-04-19T01:47:47+00:00\" \/>\n\t\t<meta property=\"article:modified_time\" content=\"2022-05-13T05:56:49+00:00\" \/>\n\t\t<meta name=\"twitter:card\" content=\"summary_large_image\" \/>\n\t\t<meta name=\"twitter:title\" content=\"SHAMPOOING SMOOTHING - Monat Canada English\" \/>\n\t\t<meta name=\"twitter:description\" content=\"SHAMPOOINGLISSANT Le contr\u00f4leur ultime des cheveux. Il contient maintenant les puissants ingr\u00e9dients cl\u00e9s de MONAT! 237 ml | 8,0 oz liq. Prix de client VIP 48,00 $ CA Prix de d\u00e9tail 57,00 $ CA Prix de client VIP 43,00 $ CA Prix de d\u00e9tail 51,00 $ CA Pour en savoir pous sur le shampooing Lissant,\" \/>\n\t\t<script type=\"application\/ld+json\" class=\"aioseo-schema\">\n\t\t\t{\"@context\":\"https:\\\/\\\/schema.org\",\"@graph\":[{\"@type\":\"BreadcrumbList\",\"@id\":\"https:\\\/\\\/monatglobal.com\\\/ca\\\/shampooing-smoothing\\\/?lang=fr#breadcrumblist\",\"itemListElement\":[{\"@type\":\"ListItem\",\"@id\":\"https:\\\/\\\/monatglobal.com\\\/ca#listItem\",\"position\":1,\"name\":\"Home\",\"item\":\"https:\\\/\\\/monatglobal.com\\\/ca\",\"nextItem\":{\"@type\":\"ListItem\",\"@id\":\"https:\\\/\\\/monatglobal.com\\\/ca\\\/shampooing-smoothing\\\/?lang=fr#listItem\",\"name\":\"SHAMPOOING SMOOTHING\"}},{\"@type\":\"ListItem\",\"@id\":\"https:\\\/\\\/monatglobal.com\\\/ca\\\/shampooing-smoothing\\\/?lang=fr#listItem\",\"position\":2,\"name\":\"SHAMPOOING SMOOTHING\",\"previousItem\":{\"@type\":\"ListItem\",\"@id\":\"https:\\\/\\\/monatglobal.com\\\/ca#listItem\",\"name\":\"Home\"}}]},{\"@type\":\"Organization\",\"@id\":\"https:\\\/\\\/monatglobal.com\\\/ca\\\/#organization\",\"name\":\"Monat Canada English\",\"description\":\"We Are Modern Nature\",\"url\":\"https:\\\/\\\/monatglobal.com\\\/ca\\\/\"},{\"@type\":\"WebPage\",\"@id\":\"https:\\\/\\\/monatglobal.com\\\/ca\\\/shampooing-smoothing\\\/?lang=fr#webpage\",\"url\":\"https:\\\/\\\/monatglobal.com\\\/ca\\\/shampooing-smoothing\\\/?lang=fr\",\"name\":\"SHAMPOOING SMOOTHING - Monat Canada English\",\"description\":\"SHAMPOOINGLISSANT Le contr\\u00f4leur ultime des cheveux. Il contient maintenant les puissants ingr\\u00e9dients cl\\u00e9s de MONAT! 237 ml | 8,0 oz liq. Prix de client VIP 48,00 $ CA Prix de d\\u00e9tail 57,00 $ CA Prix de client VIP 43,00 $ CA Prix de d\\u00e9tail 51,00 $ CA Pour en savoir pous sur le shampooing Lissant,\",\"inLanguage\":\"en-US\",\"isPartOf\":{\"@id\":\"https:\\\/\\\/monatglobal.com\\\/ca\\\/#website\"},\"breadcrumb\":{\"@id\":\"https:\\\/\\\/monatglobal.com\\\/ca\\\/shampooing-smoothing\\\/?lang=fr#breadcrumblist\"},\"image\":{\"@type\":\"ImageObject\",\"url\":\"https:\\\/\\\/monatglobal.com\\\/ca\\\/wp-content\\\/uploads\\\/sites\\\/5\\\/2019\\\/07\\\/SMOOTHING-SHAMPOO-2019-500x438.png\",\"@id\":\"https:\\\/\\\/monatglobal.com\\\/ca\\\/shampooing-smoothing\\\/?lang=fr\\\/#mainImage\",\"width\":438,\"height\":500},\"primaryImageOfPage\":{\"@id\":\"https:\\\/\\\/monatglobal.com\\\/ca\\\/shampooing-smoothing\\\/?lang=fr#mainImage\"},\"datePublished\":\"2018-04-19T01:47:47-04:00\",\"dateModified\":\"2022-05-13T01:56:49-04:00\"},{\"@type\":\"WebSite\",\"@id\":\"https:\\\/\\\/monatglobal.com\\\/ca\\\/#website\",\"url\":\"https:\\\/\\\/monatglobal.com\\\/ca\\\/\",\"name\":\"Monat Canada English\",\"description\":\"We Are Modern Nature\",\"inLanguage\":\"en-US\",\"publisher\":{\"@id\":\"https:\\\/\\\/monatglobal.com\\\/ca\\\/#organization\"}}]}\n\t\t<\/script>\n\t\t<!-- All in One SEO Pro -->\r\n\t\t<title>SHAMPOOING SMOOTHING - Monat Canada English<\/title>\n\n","aioseo_head_json":{"title":"SHAMPOOING SMOOTHING - Monat Canada English","description":"SHAMPOOINGLISSANT Le contr\u00f4leur ultime des cheveux. Il contient maintenant les puissants ingr\u00e9dients cl\u00e9s de MONAT! 237 ml | 8,0 oz liq. Prix de client VIP 48,00 $ CA Prix de d\u00e9tail 57,00 $ CA Prix de client VIP 43,00 $ CA Prix de d\u00e9tail 51,00 $ CA Pour en savoir pous sur le shampooing Lissant,","canonical_url":"https:\/\/monatglobal.com\/ca\/shampooing-smoothing\/?lang=fr","robots":"max-image-preview:large","keywords":"","webmasterTools":{"miscellaneous":""},"schema":{"@context":"https:\/\/schema.org","@graph":[{"@type":"BreadcrumbList","@id":"https:\/\/monatglobal.com\/ca\/shampooing-smoothing\/?lang=fr#breadcrumblist","itemListElement":[{"@type":"ListItem","@id":"https:\/\/monatglobal.com\/ca#listItem","position":1,"name":"Home","item":"https:\/\/monatglobal.com\/ca","nextItem":{"@type":"ListItem","@id":"https:\/\/monatglobal.com\/ca\/shampooing-smoothing\/?lang=fr#listItem","name":"SHAMPOOING SMOOTHING"}},{"@type":"ListItem","@id":"https:\/\/monatglobal.com\/ca\/shampooing-smoothing\/?lang=fr#listItem","position":2,"name":"SHAMPOOING SMOOTHING","previousItem":{"@type":"ListItem","@id":"https:\/\/monatglobal.com\/ca#listItem","name":"Home"}}]},{"@type":"Organization","@id":"https:\/\/monatglobal.com\/ca\/#organization","name":"Monat Canada English","description":"We Are Modern Nature","url":"https:\/\/monatglobal.com\/ca\/"},{"@type":"WebPage","@id":"https:\/\/monatglobal.com\/ca\/shampooing-smoothing\/?lang=fr#webpage","url":"https:\/\/monatglobal.com\/ca\/shampooing-smoothing\/?lang=fr","name":"SHAMPOOING SMOOTHING - Monat Canada English","description":"SHAMPOOINGLISSANT Le contr\u00f4leur ultime des cheveux. Il contient maintenant les puissants ingr\u00e9dients cl\u00e9s de MONAT! 237 ml | 8,0 oz liq. Prix de client VIP 48,00 $ CA Prix de d\u00e9tail 57,00 $ CA Prix de client VIP 43,00 $ CA Prix de d\u00e9tail 51,00 $ CA Pour en savoir pous sur le shampooing Lissant,","inLanguage":"en-US","isPartOf":{"@id":"https:\/\/monatglobal.com\/ca\/#website"},"breadcrumb":{"@id":"https:\/\/monatglobal.com\/ca\/shampooing-smoothing\/?lang=fr#breadcrumblist"},"image":{"@type":"ImageObject","url":"https:\/\/monatglobal.com\/ca\/wp-content\/uploads\/sites\/5\/2019\/07\/SMOOTHING-SHAMPOO-2019-500x438.png","@id":"https:\/\/monatglobal.com\/ca\/shampooing-smoothing\/?lang=fr\/#mainImage","width":438,"height":500},"primaryImageOfPage":{"@id":"https:\/\/monatglobal.com\/ca\/shampooing-smoothing\/?lang=fr#mainImage"},"datePublished":"2018-04-19T01:47:47-04:00","dateModified":"2022-05-13T01:56:49-04:00"},{"@type":"WebSite","@id":"https:\/\/monatglobal.com\/ca\/#website","url":"https:\/\/monatglobal.com\/ca\/","name":"Monat Canada English","description":"We Are Modern Nature","inLanguage":"en-US","publisher":{"@id":"https:\/\/monatglobal.com\/ca\/#organization"}}]},"og:locale":"en_US","og:site_name":"Monat Canada English - We Are Modern Nature","og:type":"article","og:title":"SHAMPOOING SMOOTHING - Monat Canada English","og:description":"SHAMPOOINGLISSANT Le contr\u00f4leur ultime des cheveux. Il contient maintenant les puissants ingr\u00e9dients cl\u00e9s de MONAT! 237 ml | 8,0 oz liq. Prix de client VIP 48,00 $ CA Prix de d\u00e9tail 57,00 $ CA Prix de client VIP 43,00 $ CA Prix de d\u00e9tail 51,00 $ CA Pour en savoir pous sur le shampooing Lissant,","og:url":"https:\/\/monatglobal.com\/ca\/shampooing-smoothing\/?lang=fr","article:published_time":"2018-04-19T01:47:47+00:00","article:modified_time":"2022-05-13T05:56:49+00:00","twitter:card":"summary_large_image","twitter:title":"SHAMPOOING SMOOTHING - Monat Canada English","twitter:description":"SHAMPOOINGLISSANT Le contr\u00f4leur ultime des cheveux. Il contient maintenant les puissants ingr\u00e9dients cl\u00e9s de MONAT! 237 ml | 8,0 oz liq. Prix de client VIP 48,00 $ CA Prix de d\u00e9tail 57,00 $ CA Prix de client VIP 43,00 $ CA Prix de d\u00e9tail 51,00 $ CA Pour en savoir pous sur le shampooing Lissant,"},"aioseo_meta_data":{"post_id":"32106","title":null,"description":null,"keywords":null,"keyphrases":null,"primary_term":null,"canonical_url":null,"og_title":null,"og_description":null,"og_object_type":"default","og_image_type":"default","og_image_url":null,"og_image_width":null,"og_image_height":null,"og_image_custom_url":null,"og_image_custom_fields":null,"og_video":null,"og_custom_url":null,"og_article_section":null,"og_article_tags":null,"twitter_use_og":false,"twitter_card":"default","twitter_image_type":"default","twitter_image_url":null,"twitter_image_custom_url":null,"twitter_image_custom_fields":null,"twitter_title":null,"twitter_description":null,"schema":{"blockGraphs":[],"customGraphs":[],"default":{"data":{"Article":[],"Course":[],"Dataset":[],"FAQPage":[],"Movie":[],"Person":[],"Product":[],"ProductReview":[],"Car":[],"Recipe":[],"Service":[],"SoftwareApplication":[],"WebPage":[]},"graphName":"","isEnabled":true},"graphs":[]},"schema_type":"default","schema_type_options":null,"pillar_content":false,"robots_default":true,"robots_noindex":false,"robots_noarchive":false,"robots_nosnippet":false,"robots_nofollow":false,"robots_noimageindex":false,"robots_noodp":false,"robots_notranslate":false,"robots_max_snippet":null,"robots_max_videopreview":null,"robots_max_imagepreview":"large","priority":null,"frequency":null,"local_seo":null,"seo_analyzer_scan_date":"2026-02-10 03:32:44","limit_modified_date":false,"reviewed_by":null,"open_ai":null,"ai":null,"created":"2023-07-26 12:21:49","updated":"2026-02-10 03:32:44"},"aioseo_breadcrumb":"<div class=\"aioseo-breadcrumbs\"><span class=\"aioseo-breadcrumb\">\n\t<a href=\"https:\/\/monatglobal.com\/ca\" title=\"Home\">Home<\/a>\n<\/span><span class=\"aioseo-breadcrumb-separator\">&raquo;<\/span><span class=\"aioseo-breadcrumb\">\n\tSHAMPOOING SMOOTHING\n<\/span><\/div>","aioseo_breadcrumb_json":[{"label":"Home","link":"https:\/\/monatglobal.com\/ca"},{"label":"SHAMPOOING SMOOTHING","link":"https:\/\/monatglobal.com\/ca\/shampooing-smoothing\/?lang=fr"}],"_links":{"self":[{"href":"https:\/\/monatglobal.com\/ca\/wp-json\/wp\/v2\/pages\/32106","targetHints":{"allow":["GET"]}}],"collection":[{"href":"https:\/\/monatglobal.com\/ca\/wp-json\/wp\/v2\/pages"}],"about":[{"href":"https:\/\/monatglobal.com\/ca\/wp-json\/wp\/v2\/types\/page"}],"author":[{"embeddable":true,"href":"https:\/\/monatglobal.com\/ca\/wp-json\/wp\/v2\/users\/31"}],"replies":[{"embeddable":true,"href":"https:\/\/monatglobal.com\/ca\/wp-json\/wp\/v2\/comments?post=32106"}],"version-history":[{"count":23,"href":"https:\/\/monatglobal.com\/ca\/wp-json\/wp\/v2\/pages\/32106\/revisions"}],"predecessor-version":[{"id":70268,"href":"https:\/\/monatglobal.com\/ca\/wp-json\/wp\/v2\/pages\/32106\/revisions\/70268"}],"wp:featuredmedia":[{"embeddable":true,"href":"https:\/\/monatglobal.com\/ca\/wp-json\/wp\/v2\/media\/43738"}],"wp:attachment":[{"href":"https:\/\/monatglobal.com\/ca\/wp-json\/wp\/v2\/media?parent=32106"}],"wp:term":[{"taxonomy":"category","embeddable":true,"href":"https:\/\/monatglobal.com\/ca\/wp-json\/wp\/v2\/categories?post=32106"},{"taxonomy":"post_tag","embeddable":true,"href":"https:\/\/monatglobal.com\/ca\/wp-json\/wp\/v2\/tags?post=32106"}],"curies":[{"name":"wp","href":"https:\/\/api.w.org\/{rel}","templated":true}]}}