{"id":32088,"date":"2018-04-18T21:57:48","date_gmt":"2018-04-18T21:57:48","guid":{"rendered":"https:\/\/monatglobal.com\/ca\/?page_id=32088"},"modified":"2020-06-30T17:30:52","modified_gmt":"2020-06-30T17:30:52","slug":"systeme-style-sans-effort","status":"publish","type":"page","link":"https:\/\/monatglobal.com\/ca\/systeme-style-sans-effort\/?lang=fr","title":{"rendered":"Syst\u00e8me Style sans effort"},"content":{"rendered":"\n\t<img loading=\"lazy\" decoding=\"async\" src=\"https:\/\/monatglobal.com\/ca\/wp-content\/uploads\/sites\/5\/2019\/07\/Effortless-Style-System-500x438-STUDIO-ONE-2019.png\" alt=\"Syst\u00e8me style sans effort\" width=\"370\" height=\"400\" \/>\n<h1>Syst\u00e8me <br><strong>Style sans <br>effort<\/strong><\/h1>\n<hr>\n\t<p><em>Obtenez facilement la chevelure lisse, soyeuse et parfaite dont vous r\u00eavez!<\/em><\/p>\n   <strong>Prix de client VIP<\/strong><br>\n   110,00 $ CA<br>\n     <strong>Prix de d\u00e9tail<\/strong><br>\n     129,00 $ CA<br>\n\t<p>Pour en savoir plus sur le syst\u00e8me Style sans effort, veuillez contacter votre partenaire de march\u00e9 MONAT.<\/p>\n\t<a target=\"_blank\" href=\"https:\/\/corp.mymonat.com\/shop\/products\/effortless-style-system-limited-edition\">ACHETER D\u00c8S MAINTENANT<\/a>\n<h2>\n\t\tBIENFAITS\n\t<\/h2>\n\t<p><strong>Shampooing Smoothing<\/strong> <br \/>Il ma\u00eetrise les frisottis et ajoute de l\u2019\u00e9clat pour un look liss\u00e9.<\/p>\n<p><strong>Revitalisant Smoothing Deep <\/strong> <br \/>Il restaure douceur et brillance et prot\u00e8ge les cheveux contre les frisottis pour des cheveux liss\u00e9s.<\/p>\n<p><strong>Cr\u00e8me Blow Out <\/strong> <br \/>Elle r\u00e9duit le temps n\u00e9cessaire pour s\u00e9cher les cheveux, restaure douceur et brillance et prot\u00e8ge contre la chaleur basse.<\/p>\n\t<a href=\"https:\/\/player.vimeo.com\/video\/170206412?autoplay=1&amp;color=ffffff&amp;title=0&amp;byline=0&amp;portrait=0\">VOIR LA VID\u00c9O<\/a>\n<h2>\n\t\tFatigu\u00e9s de lutter contre les frisottis et l\u2019humidit\u00e9?\n\t<\/h2>\n\t\u00c0 la recherche d\u2019une magnifique mise en plis qui dure? Ne cherchez pas plus loin! Le syst\u00e8me Style sans effort vous aidera \u00e0 remporter la bataille contre les frisottis chaque jour!\n\n<h2>\n\t\tLISTE DES PRODUITS\n\t<\/h2>\n    <a href=\"https:\/\/monatglobal.com\/ca\/shampooing-smoothing\/\">VOIR LES D\u00c9TAILS<\/a>\n    <a href=\"https:\/\/monatglobal.com\/ca\/shampooing-smoothing\/\"><img loading=\"lazy\" decoding=\"async\" src=\"https:\/\/monatglobal.com\/ca\/wp-content\/uploads\/sites\/5\/2019\/07\/SMOOTHING-SHAMPOO-2019-500x438.png\" alt=\"SHAMPOOING SMOOTHING\" width=\"250\" height=\"300\" \/>\n    <\/a>\nSHAMPOOING<br \/>\nSMOOTHING\n\t<a target=\"_blank\"  href=\"https:\/\/corp.mymonat.com\/shop\/products\/smoothing-shampoo-20031-8-0a?globallanguage=fr&#038;globalmarket=ca\">MAGASINEZ<\/a>\n    <a href=\"https:\/\/monatglobal.com\/ca\/revitalisant-smoothing-deep\/\">VOIR LES D\u00c9TAILS<\/a>\n    <a href=\"https:\/\/monatglobal.com\/ca\/revitalisant-smoothing-deep\/\">\n        <img loading=\"lazy\" decoding=\"async\" src=\"https:\/\/monatglobal.com\/ca\/wp-content\/uploads\/sites\/5\/2019\/07\/SMOOTHING-DEEP-CONDITIONER-2019-500x438.png\" alt=\"REVITALISANT SMOOTHING DEEP\" width=\"250\" height=\"300\" \/>\n    <\/a>\nREVITALISANT<br \/>\nSMOOTHING DEEP\n\t<a target=\"_blank\" href=\"https:\/\/corp.mymonat.com\/shop\/products\/smoothing-deep-conditioner?globallanguage=fr&#038;globalmarket=ca\">MAGASINEZ<\/a>\n    <a href=\"https:\/\/monatglobal.com\/ca\/creme-blow-out\/\">VOIR LES D\u00c9TAILS<\/a>\n    <a href=\"https:\/\/monatglobal.com\/ca\/creme-blow-out\/\">\n        <img loading=\"lazy\" decoding=\"async\" src=\"https:\/\/monatglobal.com\/ca\/wp-content\/uploads\/sites\/5\/2019\/03\/STUDIO-ONE-BLOW-OUT-CREAM-500x438.png\" alt=\"CR\u00c8ME LISSANTE\nMONAT STUDIO ONE\u2122\" width=\"210\" height=\"300\" \/>\n    <\/a>\nCR\u00c8ME LISSANTE<br \/>\nMONAT STUDIO ONE\u2122\n\t<a target=\"_blank\"  href=\"https:\/\/corp.mymonat.com\/shop\/products\/blow-out-cream?globallanguage=fr&#038;globalmarket=ca\">MAGASINEZ<\/a>\n<h2>\n\t\tNOUS DISONS <br\/>\u00ab NON \u00bb AUX INGR\u00c9DIENTS TOXIQUES.\n\t<\/h2>\n\t<ul>\n<li>Parab\u00e8nes\n<\/li>\n<li>Silicones cycliques\n<\/li>\n<li>Phthalates \n<\/li>\n<li>Microbilles de plastique\n<\/li> \n<li>Colorants nocifs<\/li>\n<li>Parfums nocifs<\/li>\n<li>Tests sur les animaux <\/li>\n    <\/ul>\n\t\t\t\t<img loading=\"lazy\" decoding=\"async\" src=\"https:\/\/monatglobal.com\/ca\/wp-content\/uploads\/sites\/5\/2020\/06\/our-no-icons.png\" alt=\"our no icons\" itemprop=\"image\" height=\"76\" width=\"348\" title=\"our no icons\"  \/>\n<h2>\n\t\tINGR\u00c9DIENTS CL\u00c9S\n\t<\/h2>\n\t<p><img loading=\"lazy\" decoding=\"async\" src=\"https:\/\/monatglobal.com\/wp-content\/uploads\/2016\/07\/ingredient_balancesys.png\" alt=\"magnify_ingredients\" width=\"183\" height=\"174\" \/><\/p>\n\t<strong>REJUVENIQE\u2122<\/strong><br \/>\nUn m\u00e9lange de 13+ huiles v\u00e9g\u00e9tales et huiles essentielles naturelles riche en acides gras om\u00e9ga, en antioxydants et en nutriments, qui est tr\u00e8s compatible avec la peau et les cheveux.\n\t<strong>CAPIXYL\u2122<\/strong><br \/>\nUn m\u00e9lange \u00e9mollient aidant \u00e0 prot\u00e9ger le cuir chevelu, \u00e0 renforcer et \u00e0 \u00e9paissir les cheveux tout en augmentant la densit\u00e9 des cheveux.\n\t<strong>PROCATALINE\u2122<\/strong><br \/>\nCe m\u00e9lange de pointe contenant l\u2019extrait de pois soutient les cheveux sains et d\u2019apparence plus jeune en aidant \u00e0 prot\u00e9ger vos cheveux des dommages caus\u00e9s par les rayons UV et les facteurs environnementaux.\n\t<strong>CRODASORB\u2122<\/strong><br \/>\nUn puissant ingr\u00e9dient qui aide \u00e0 prot\u00e9ger contre les rayons UV nuisibles, ce qui aide \u00e0 pr\u00e9server la pigmentation naturelle des cheveux pour des cheveux prot\u00e9g\u00e9s et r\u00e9sistants.\n\t<p><strong>LISTE D\u2019INGR\u00c9DIENTS : <\/strong> Voir la liste d\u2019ingr\u00e9dients sur chaque produit.<\/p>\n<h2>\n\t\tD\u2019AUTRES SYST\u00c8MES\n\t<\/h2>\n<h2>\n\t\t<a href=\"https:\/\/monatglobal.com\/ca\/tous-les-produits\/\" title=\"TOUS LES PRODUITS\" target=\"_self\">\n\t\tTOUS LES PRODUITS\n\t\t<\/a>\n\t<\/h2>\n","protected":false},"excerpt":{"rendered":"<p>Syst\u00e8me Style sans effort Obtenez facilement la chevelure lisse, soyeuse et parfaite dont vous r\u00eavez! Prix de client VIP 110,00 $ CA Prix de d\u00e9tail 129,00 $ CA Pour en savoir plus sur le syst\u00e8me Style sans effort, veuillez contacter votre partenaire de march\u00e9 MONAT. ACHETER D\u00c8S MAINTENANT BIENFAITS Shampooing Smoothing Il ma\u00eetrise les frisottis&hellip;<\/p>\n","protected":false},"author":31,"featured_media":43755,"parent":0,"menu_order":0,"comment_status":"closed","ping_status":"closed","template":"template-full-custom.php","meta":{"inline_featured_image":false,"om_disable_all_campaigns":false,"_monsterinsights_skip_tracking":false,"_monsterinsights_sitenote_active":false,"_monsterinsights_sitenote_note":"","_monsterinsights_sitenote_category":0,"footnotes":""},"categories":[],"tags":[],"class_list":["post-32088","page","type-page","status-publish","has-post-thumbnail","hentry"],"aioseo_notices":[],"aioseo_head":"\n\t\t<!-- All in One SEO Pro 4.9.5.2 - aioseo.com -->\n\t<meta name=\"description\" content=\"Syst\u00e8me Style sans effort Obtenez facilement la chevelure lisse, soyeuse et parfaite dont vous r\u00eavez! Prix de client VIP 110,00 $ CA Prix de d\u00e9tail 129,00 $ CA Pour en savoir plus sur le syst\u00e8me Style sans effort, veuillez contacter votre partenaire de march\u00e9 MONAT. ACHETER D\u00c8S MAINTENANT BIENFAITS Shampooing Smoothing Il ma\u00eetrise les frisottis\" \/>\n\t<meta name=\"robots\" content=\"max-image-preview:large\" \/>\n\t<link rel=\"canonical\" href=\"https:\/\/monatglobal.com\/ca\/systeme-style-sans-effort\/?lang=fr\" \/>\n\t<meta name=\"generator\" content=\"All in One SEO Pro (AIOSEO) 4.9.5.2\" \/>\n\t\t<meta property=\"og:locale\" content=\"en_US\" \/>\n\t\t<meta property=\"og:site_name\" content=\"Monat Canada English - We Are Modern Nature\" \/>\n\t\t<meta property=\"og:type\" content=\"article\" \/>\n\t\t<meta property=\"og:title\" content=\"Syst\u00e8me Style sans effort - Monat Canada English\" \/>\n\t\t<meta property=\"og:description\" content=\"Syst\u00e8me Style sans effort Obtenez facilement la chevelure lisse, soyeuse et parfaite dont vous r\u00eavez! Prix de client VIP 110,00 $ CA Prix de d\u00e9tail 129,00 $ CA Pour en savoir plus sur le syst\u00e8me Style sans effort, veuillez contacter votre partenaire de march\u00e9 MONAT. ACHETER D\u00c8S MAINTENANT BIENFAITS Shampooing Smoothing Il ma\u00eetrise les frisottis\" \/>\n\t\t<meta property=\"og:url\" content=\"https:\/\/monatglobal.com\/ca\/systeme-style-sans-effort\/?lang=fr\" \/>\n\t\t<meta property=\"article:published_time\" content=\"2018-04-18T21:57:48+00:00\" \/>\n\t\t<meta property=\"article:modified_time\" content=\"2020-06-30T17:30:52+00:00\" \/>\n\t\t<meta name=\"twitter:card\" content=\"summary_large_image\" \/>\n\t\t<meta name=\"twitter:title\" content=\"Syst\u00e8me Style sans effort - Monat Canada English\" \/>\n\t\t<meta name=\"twitter:description\" content=\"Syst\u00e8me Style sans effort Obtenez facilement la chevelure lisse, soyeuse et parfaite dont vous r\u00eavez! Prix de client VIP 110,00 $ CA Prix de d\u00e9tail 129,00 $ CA Pour en savoir plus sur le syst\u00e8me Style sans effort, veuillez contacter votre partenaire de march\u00e9 MONAT. ACHETER D\u00c8S MAINTENANT BIENFAITS Shampooing Smoothing Il ma\u00eetrise les frisottis\" \/>\n\t\t<script type=\"application\/ld+json\" class=\"aioseo-schema\">\n\t\t\t{\"@context\":\"https:\\\/\\\/schema.org\",\"@graph\":[{\"@type\":\"BreadcrumbList\",\"@id\":\"https:\\\/\\\/monatglobal.com\\\/ca\\\/systeme-style-sans-effort\\\/?lang=fr#breadcrumblist\",\"itemListElement\":[{\"@type\":\"ListItem\",\"@id\":\"https:\\\/\\\/monatglobal.com\\\/ca#listItem\",\"position\":1,\"name\":\"Home\",\"item\":\"https:\\\/\\\/monatglobal.com\\\/ca\",\"nextItem\":{\"@type\":\"ListItem\",\"@id\":\"https:\\\/\\\/monatglobal.com\\\/ca\\\/systeme-style-sans-effort\\\/?lang=fr#listItem\",\"name\":\"Syst\\u00e8me Style sans effort\"}},{\"@type\":\"ListItem\",\"@id\":\"https:\\\/\\\/monatglobal.com\\\/ca\\\/systeme-style-sans-effort\\\/?lang=fr#listItem\",\"position\":2,\"name\":\"Syst\\u00e8me Style sans effort\",\"previousItem\":{\"@type\":\"ListItem\",\"@id\":\"https:\\\/\\\/monatglobal.com\\\/ca#listItem\",\"name\":\"Home\"}}]},{\"@type\":\"Organization\",\"@id\":\"https:\\\/\\\/monatglobal.com\\\/ca\\\/#organization\",\"name\":\"Monat Canada English\",\"description\":\"We Are Modern Nature\",\"url\":\"https:\\\/\\\/monatglobal.com\\\/ca\\\/\"},{\"@type\":\"WebPage\",\"@id\":\"https:\\\/\\\/monatglobal.com\\\/ca\\\/systeme-style-sans-effort\\\/?lang=fr#webpage\",\"url\":\"https:\\\/\\\/monatglobal.com\\\/ca\\\/systeme-style-sans-effort\\\/?lang=fr\",\"name\":\"Syst\\u00e8me Style sans effort - Monat Canada English\",\"description\":\"Syst\\u00e8me Style sans effort Obtenez facilement la chevelure lisse, soyeuse et parfaite dont vous r\\u00eavez! Prix de client VIP 110,00 $ CA Prix de d\\u00e9tail 129,00 $ CA Pour en savoir plus sur le syst\\u00e8me Style sans effort, veuillez contacter votre partenaire de march\\u00e9 MONAT. ACHETER D\\u00c8S MAINTENANT BIENFAITS Shampooing Smoothing Il ma\\u00eetrise les frisottis\",\"inLanguage\":\"en-US\",\"isPartOf\":{\"@id\":\"https:\\\/\\\/monatglobal.com\\\/ca\\\/#website\"},\"breadcrumb\":{\"@id\":\"https:\\\/\\\/monatglobal.com\\\/ca\\\/systeme-style-sans-effort\\\/?lang=fr#breadcrumblist\"},\"image\":{\"@type\":\"ImageObject\",\"url\":\"https:\\\/\\\/monatglobal.com\\\/ca\\\/wp-content\\\/uploads\\\/sites\\\/5\\\/2019\\\/07\\\/Effortless-Style-System-500x438-STUDIO-ONE-2019.png\",\"@id\":\"https:\\\/\\\/monatglobal.com\\\/ca\\\/systeme-style-sans-effort\\\/?lang=fr\\\/#mainImage\",\"width\":438,\"height\":500},\"primaryImageOfPage\":{\"@id\":\"https:\\\/\\\/monatglobal.com\\\/ca\\\/systeme-style-sans-effort\\\/?lang=fr#mainImage\"},\"datePublished\":\"2018-04-18T21:57:48-04:00\",\"dateModified\":\"2020-06-30T17:30:52-04:00\"},{\"@type\":\"WebSite\",\"@id\":\"https:\\\/\\\/monatglobal.com\\\/ca\\\/#website\",\"url\":\"https:\\\/\\\/monatglobal.com\\\/ca\\\/\",\"name\":\"Monat Canada English\",\"description\":\"We Are Modern Nature\",\"inLanguage\":\"en-US\",\"publisher\":{\"@id\":\"https:\\\/\\\/monatglobal.com\\\/ca\\\/#organization\"}}]}\n\t\t<\/script>\n\t\t<!-- All in One SEO Pro -->\r\n\t\t<title>Syst\u00e8me Style sans effort - Monat Canada English<\/title>\n\n","aioseo_head_json":{"title":"Syst\u00e8me Style sans effort - Monat Canada English","description":"Syst\u00e8me Style sans effort Obtenez facilement la chevelure lisse, soyeuse et parfaite dont vous r\u00eavez! Prix de client VIP 110,00 $ CA Prix de d\u00e9tail 129,00 $ CA Pour en savoir plus sur le syst\u00e8me Style sans effort, veuillez contacter votre partenaire de march\u00e9 MONAT. ACHETER D\u00c8S MAINTENANT BIENFAITS Shampooing Smoothing Il ma\u00eetrise les frisottis","canonical_url":"https:\/\/monatglobal.com\/ca\/systeme-style-sans-effort\/?lang=fr","robots":"max-image-preview:large","keywords":"","webmasterTools":{"miscellaneous":""},"schema":{"@context":"https:\/\/schema.org","@graph":[{"@type":"BreadcrumbList","@id":"https:\/\/monatglobal.com\/ca\/systeme-style-sans-effort\/?lang=fr#breadcrumblist","itemListElement":[{"@type":"ListItem","@id":"https:\/\/monatglobal.com\/ca#listItem","position":1,"name":"Home","item":"https:\/\/monatglobal.com\/ca","nextItem":{"@type":"ListItem","@id":"https:\/\/monatglobal.com\/ca\/systeme-style-sans-effort\/?lang=fr#listItem","name":"Syst\u00e8me Style sans effort"}},{"@type":"ListItem","@id":"https:\/\/monatglobal.com\/ca\/systeme-style-sans-effort\/?lang=fr#listItem","position":2,"name":"Syst\u00e8me Style sans effort","previousItem":{"@type":"ListItem","@id":"https:\/\/monatglobal.com\/ca#listItem","name":"Home"}}]},{"@type":"Organization","@id":"https:\/\/monatglobal.com\/ca\/#organization","name":"Monat Canada English","description":"We Are Modern Nature","url":"https:\/\/monatglobal.com\/ca\/"},{"@type":"WebPage","@id":"https:\/\/monatglobal.com\/ca\/systeme-style-sans-effort\/?lang=fr#webpage","url":"https:\/\/monatglobal.com\/ca\/systeme-style-sans-effort\/?lang=fr","name":"Syst\u00e8me Style sans effort - Monat Canada English","description":"Syst\u00e8me Style sans effort Obtenez facilement la chevelure lisse, soyeuse et parfaite dont vous r\u00eavez! Prix de client VIP 110,00 $ CA Prix de d\u00e9tail 129,00 $ CA Pour en savoir plus sur le syst\u00e8me Style sans effort, veuillez contacter votre partenaire de march\u00e9 MONAT. ACHETER D\u00c8S MAINTENANT BIENFAITS Shampooing Smoothing Il ma\u00eetrise les frisottis","inLanguage":"en-US","isPartOf":{"@id":"https:\/\/monatglobal.com\/ca\/#website"},"breadcrumb":{"@id":"https:\/\/monatglobal.com\/ca\/systeme-style-sans-effort\/?lang=fr#breadcrumblist"},"image":{"@type":"ImageObject","url":"https:\/\/monatglobal.com\/ca\/wp-content\/uploads\/sites\/5\/2019\/07\/Effortless-Style-System-500x438-STUDIO-ONE-2019.png","@id":"https:\/\/monatglobal.com\/ca\/systeme-style-sans-effort\/?lang=fr\/#mainImage","width":438,"height":500},"primaryImageOfPage":{"@id":"https:\/\/monatglobal.com\/ca\/systeme-style-sans-effort\/?lang=fr#mainImage"},"datePublished":"2018-04-18T21:57:48-04:00","dateModified":"2020-06-30T17:30:52-04:00"},{"@type":"WebSite","@id":"https:\/\/monatglobal.com\/ca\/#website","url":"https:\/\/monatglobal.com\/ca\/","name":"Monat Canada English","description":"We Are Modern Nature","inLanguage":"en-US","publisher":{"@id":"https:\/\/monatglobal.com\/ca\/#organization"}}]},"og:locale":"en_US","og:site_name":"Monat Canada English - We Are Modern Nature","og:type":"article","og:title":"Syst\u00e8me Style sans effort - Monat Canada English","og:description":"Syst\u00e8me Style sans effort Obtenez facilement la chevelure lisse, soyeuse et parfaite dont vous r\u00eavez! Prix de client VIP 110,00 $ CA Prix de d\u00e9tail 129,00 $ CA Pour en savoir plus sur le syst\u00e8me Style sans effort, veuillez contacter votre partenaire de march\u00e9 MONAT. ACHETER D\u00c8S MAINTENANT BIENFAITS Shampooing Smoothing Il ma\u00eetrise les frisottis","og:url":"https:\/\/monatglobal.com\/ca\/systeme-style-sans-effort\/?lang=fr","article:published_time":"2018-04-18T21:57:48+00:00","article:modified_time":"2020-06-30T17:30:52+00:00","twitter:card":"summary_large_image","twitter:title":"Syst\u00e8me Style sans effort - Monat Canada English","twitter:description":"Syst\u00e8me Style sans effort Obtenez facilement la chevelure lisse, soyeuse et parfaite dont vous r\u00eavez! Prix de client VIP 110,00 $ CA Prix de d\u00e9tail 129,00 $ CA Pour en savoir plus sur le syst\u00e8me Style sans effort, veuillez contacter votre partenaire de march\u00e9 MONAT. ACHETER D\u00c8S MAINTENANT BIENFAITS Shampooing Smoothing Il ma\u00eetrise les frisottis"},"aioseo_meta_data":{"post_id":"32088","title":null,"description":null,"keywords":null,"keyphrases":null,"primary_term":null,"canonical_url":null,"og_title":null,"og_description":null,"og_object_type":"default","og_image_type":"default","og_image_url":null,"og_image_width":null,"og_image_height":null,"og_image_custom_url":null,"og_image_custom_fields":null,"og_video":null,"og_custom_url":null,"og_article_section":null,"og_article_tags":null,"twitter_use_og":false,"twitter_card":"default","twitter_image_type":"default","twitter_image_url":null,"twitter_image_custom_url":null,"twitter_image_custom_fields":null,"twitter_title":null,"twitter_description":null,"schema":{"blockGraphs":[],"customGraphs":[],"default":{"data":{"Article":[],"Course":[],"Dataset":[],"FAQPage":[],"Movie":[],"Person":[],"Product":[],"ProductReview":[],"Car":[],"Recipe":[],"Service":[],"SoftwareApplication":[],"WebPage":[]},"graphName":"","isEnabled":true},"graphs":[]},"schema_type":"default","schema_type_options":null,"pillar_content":false,"robots_default":true,"robots_noindex":false,"robots_noarchive":false,"robots_nosnippet":false,"robots_nofollow":false,"robots_noimageindex":false,"robots_noodp":false,"robots_notranslate":false,"robots_max_snippet":null,"robots_max_videopreview":null,"robots_max_imagepreview":"large","priority":null,"frequency":null,"local_seo":null,"seo_analyzer_scan_date":"2026-02-10 03:32:40","limit_modified_date":false,"reviewed_by":null,"open_ai":null,"ai":null,"created":"2023-07-26 12:21:49","updated":"2026-02-10 03:32:40"},"aioseo_breadcrumb":"<div class=\"aioseo-breadcrumbs\"><span class=\"aioseo-breadcrumb\">\n\t<a href=\"https:\/\/monatglobal.com\/ca\" title=\"Home\">Home<\/a>\n<\/span><span class=\"aioseo-breadcrumb-separator\">&raquo;<\/span><span class=\"aioseo-breadcrumb\">\n\tSyst\u00e8me Style sans effort\n<\/span><\/div>","aioseo_breadcrumb_json":[{"label":"Home","link":"https:\/\/monatglobal.com\/ca"},{"label":"Syst\u00e8me Style sans effort","link":"https:\/\/monatglobal.com\/ca\/systeme-style-sans-effort\/?lang=fr"}],"_links":{"self":[{"href":"https:\/\/monatglobal.com\/ca\/wp-json\/wp\/v2\/pages\/32088","targetHints":{"allow":["GET"]}}],"collection":[{"href":"https:\/\/monatglobal.com\/ca\/wp-json\/wp\/v2\/pages"}],"about":[{"href":"https:\/\/monatglobal.com\/ca\/wp-json\/wp\/v2\/types\/page"}],"author":[{"embeddable":true,"href":"https:\/\/monatglobal.com\/ca\/wp-json\/wp\/v2\/users\/31"}],"replies":[{"embeddable":true,"href":"https:\/\/monatglobal.com\/ca\/wp-json\/wp\/v2\/comments?post=32088"}],"version-history":[{"count":27,"href":"https:\/\/monatglobal.com\/ca\/wp-json\/wp\/v2\/pages\/32088\/revisions"}],"predecessor-version":[{"id":52462,"href":"https:\/\/monatglobal.com\/ca\/wp-json\/wp\/v2\/pages\/32088\/revisions\/52462"}],"wp:featuredmedia":[{"embeddable":true,"href":"https:\/\/monatglobal.com\/ca\/wp-json\/wp\/v2\/media\/43755"}],"wp:attachment":[{"href":"https:\/\/monatglobal.com\/ca\/wp-json\/wp\/v2\/media?parent=32088"}],"wp:term":[{"taxonomy":"category","embeddable":true,"href":"https:\/\/monatglobal.com\/ca\/wp-json\/wp\/v2\/categories?post=32088"},{"taxonomy":"post_tag","embeddable":true,"href":"https:\/\/monatglobal.com\/ca\/wp-json\/wp\/v2\/tags?post=32088"}],"curies":[{"name":"wp","href":"https:\/\/api.w.org\/{rel}","templated":true}]}}