{"id":32073,"date":"2018-04-18T20:11:44","date_gmt":"2018-04-18T20:11:44","guid":{"rendered":"https:\/\/monatglobal.com\/ca\/?page_id=32073"},"modified":"2020-08-06T20:28:41","modified_gmt":"2020-08-06T20:28:41","slug":"colour-enhance-blond","status":"publish","type":"page","link":"https:\/\/monatglobal.com\/ca\/colour-enhance-blond\/?lang=fr","title":{"rendered":"BLOND BRILLANT COLOUR ENHANCE"},"content":{"rendered":"\n\t<p><img loading=\"lazy\" decoding=\"async\" src=\"https:\/\/monatglobal.com\/wp-content\/uploads\/2018\/02\/MONAT-COLOR-ENHANCER-150x69.png\" alt=\"MONAT-COLOR-ENHANCER\" width=\"150\" height=\"69\" \/><\/p>\n\t<img loading=\"lazy\" decoding=\"async\" src=\"https:\/\/monatglobal.com\/ca\/wp-content\/uploads\/sites\/5\/2019\/01\/Colour-enhance-blonde-500x438.png\" alt=\"Blond brillant Colour Enhance\" width=\"350\" height=\"400\" \/>\n<h1>SHAMPOOING ET <br>REVITALISANT<br>\n<strong>BLOND BRILLANT<br> COLOUR ENHANCE<\/strong>\n<\/h1>\n<hr>\n\t<p><em>Rehaussez vos cheveux \u00e0 l\u2019aide d\u2019ingr\u00e9dients v\u00e9g\u00e9taux aux chauds tons ambr\u00e9s!<\/em><\/p>\n<strong>Shampooing :<\/strong> 237 ml \u212e 8,0 oz liq.\n<br><strong>Revitalisant :<\/strong> 178 ml \u212e 6,0 oz liq. \n   <strong>Prix de client VIP<\/strong><br>\n     82,00 $ CA<br>\n     <strong>Prix de d\u00e9tail<\/strong><br>\n    96,00 $ CA<br>\n\t<p>Pour en savoir plus sur le shampooing et le revitalisant Colour Enhance Blond brillant, veuillez contacter votre partenaire de march\u00e9 MONAT.<\/p>\n\t<a target=\"_blank\" href=\"https:\/\/corp.mymonat.com\/shop\/products\/brilliant-blonde-shampoo-conditioner-duo-brillduo?globallanguage=fr&#038;globalmarket=ca\">MAGASINEZ<\/a>\n<h2>\n\t\tBIENFAITS\n\t<\/h2>\n\t<p>Fait ressortir les reflets blonds et dor\u00e9s. Fait \u00e0 partir d\u2019un m\u00e9lange complexe de substances v\u00e9g\u00e9tales actives et de phytopigments naturels provenant de fleurs de camomille, de crocus et de souci (Calendula) biologiques afin de faire ressortir les reflets dor\u00e9s et mettre en valeur la couleur.<\/p>\n\t<a href=\"https:\/\/player.vimeo.com\/video\/216195785?autoplay=1&amp;color=ffffff&amp;title=0&amp;byline=0&amp;portrait=0\">VOIR LA VID\u00c9O<\/a>\n<h2>\n\t\tMODE D\u2019EMPLOI\n\t<\/h2>\n\t<p><strong>Shampooing :<\/strong> Masser doucement une quantit\u00e9 de la taille d\u2019une pi\u00e8ce de 25 cents dans les cheveux mouill\u00e9s, faire mousser et attendre 1 ou 2 minutes. Bien rincer. Pour les meilleurs r\u00e9sultats, utiliser ensuite le revitalisant Blond brillant de MONAT.<\/p>\n<p><strong>Revitalisant :<\/strong> Apr\u00e8s avoir utilis\u00e9 le shampooing Blond brillant de MONAT, appliquer une quantit\u00e9 de la taille d\u2019une pi\u00e8ce de 25 cents sur les cheveux et la travailler jusqu\u2019aux pointes. Attendre 1 ou 2 minutes avant de rincer abondamment les cheveux.<\/p>\n<h2>\n\t\tNOUS DISONS <br\/>\u00ab NON \u00bb AUX INGR\u00c9DIENTS TOXIQUES.\n\t<\/h2>\n\t<ul>\n<li>Parab\u00e8nes\n<\/li>\n<li>Silicones cycliques\n<\/li>\n<li>Phthalates \n<\/li>\n<li>Microbilles de plastique\n<\/li> \n<li>Colorants nocifs<\/li>\n<li>Parfums nocifs<\/li>\n<li>Tests sur les animaux <\/li>\n    <\/ul>\n\t\t\t\t<img loading=\"lazy\" decoding=\"async\" src=\"https:\/\/monatglobal.com\/ca\/wp-content\/uploads\/sites\/5\/2020\/06\/our-no-icons.png\" alt=\"our no icons\" itemprop=\"image\" height=\"76\" width=\"348\" title=\"our no icons\"  \/>\n\t<p><img loading=\"lazy\" decoding=\"async\" src=\"https:\/\/monatglobal.com\/wp-content\/uploads\/2018\/08\/calendula.png\" alt=\"calendula\" width=\"176\" height=\"174\" \/><\/p>\n<h2>\n\t\tINGR\u00c9DIENTS CL\u00c9S\n\t<\/h2>\n\t<p><!--<\/p>\n<p><strong>CRODASORB\u2122<\/strong><\/p>\n<p>--><\/p>\n<strong>Extraits de fleur de crocus et de racine de curcuma<br \/>Extrait de fleur de camomille<br \/>Extrait de fleur de souci (Calendula)<br \/>\n<\/strong>\n<p>&nbsp;<\/p>\n<p><strong> INGR\u00c9DIENTS :<\/strong><\/p>\n<p>Voir la liste d\u2019ingr\u00e9dients sur chaque produit.<\/p>\n<h2>\n\t\tLISTE D\u2019INGR\u00c9DIENTS\n\t<\/h2>\n\t<p>Water, Cetearyl Alcohol, Behentrimonium Chloride, Astrocaryum Murumuru Seed Butter, Glycerin, Curcuma Longa (Turmeric) Root Extract, Crocus Sativus Flower Extract, Orbignya Speciosa Kernel Oil, Hydrogenated Soybean Oil, Cocos Nucifera (Coconut) Oil, Linum Usitatissimum (Linseed) Seed Oil, Brassicamidopropyl Dimethylamine, Cetearyl Alcohol, Cetearyl Glucoside, Cetyl Alcohol, Benzyl Alcohol, Dehydroacetic Acid, Fragrance, Wheat Amino Acids, Soy Amino Acids, Arginine HCL, Serine, Threonine, Cinnamidopropyltrimonium Chloride, Prunus Amygdalus Dulcis (Sweet Almond) Oil, Macadamia Integrifolia Seed Oil, Maltodextrin, Calendula Officinalis Flower Extract, Chamomilla Recutita (Matricaria) Flower Extract, Sodium Phytate\t<\/p>\n<h2>\n\t\tVOUS POURRIEZ AUSSI AIMER\n\t<\/h2>\n<h2>\n\t\t<a href=\"https:\/\/monatglobal.com\/ca\/tous-les-produits\/\" title=\"TOUS LES PRODUITS\" target=\"_self\">\n\t\tTOUS LES PRODUITS\n\t\t<\/a>\n\t<\/h2>\n","protected":false},"excerpt":{"rendered":"<p>SHAMPOOING ET REVITALISANT BLOND BRILLANT COLOUR ENHANCE Rehaussez vos cheveux \u00e0 l\u2019aide d\u2019ingr\u00e9dients v\u00e9g\u00e9taux aux chauds tons ambr\u00e9s! Shampooing : 237 ml \u212e 8,0 oz liq. Revitalisant : 178 ml \u212e 6,0 oz liq. Prix de client VIP 82,00 $ CA Prix de d\u00e9tail 96,00 $ CA Pour en savoir plus sur le shampooing et&hellip;<\/p>\n","protected":false},"author":20,"featured_media":40552,"parent":0,"menu_order":0,"comment_status":"closed","ping_status":"closed","template":"template-full-custom.php","meta":{"inline_featured_image":false,"om_disable_all_campaigns":false,"_monsterinsights_skip_tracking":false,"_monsterinsights_sitenote_active":false,"_monsterinsights_sitenote_note":"","_monsterinsights_sitenote_category":0,"footnotes":""},"categories":[],"tags":[],"class_list":["post-32073","page","type-page","status-publish","has-post-thumbnail","hentry"],"aioseo_notices":[],"aioseo_head":"\n\t\t<!-- All in One SEO Pro 4.9.6 - aioseo.com -->\n\t<meta name=\"description\" content=\"SHAMPOOING ET REVITALISANT BLOND BRILLANT COLOUR ENHANCE Rehaussez vos cheveux \u00e0 l\u2019aide d\u2019ingr\u00e9dients v\u00e9g\u00e9taux aux chauds tons ambr\u00e9s! Shampooing : 237 ml \u212e 8,0 oz liq. Revitalisant : 178 ml \u212e 6,0 oz liq. Prix de client VIP 82,00 $ CA Prix de d\u00e9tail 96,00 $ CA Pour en savoir plus sur le shampooing et\" \/>\n\t<meta name=\"robots\" content=\"max-image-preview:large\" \/>\n\t<link rel=\"canonical\" href=\"https:\/\/monatglobal.com\/ca\/colour-enhance-blond\/?lang=fr\" \/>\n\t<meta name=\"generator\" content=\"All in One SEO Pro (AIOSEO) 4.9.6\" \/>\n\t\t<meta property=\"og:locale\" content=\"en_US\" \/>\n\t\t<meta property=\"og:site_name\" content=\"Monat Canada English - We Are Modern Nature\" \/>\n\t\t<meta property=\"og:type\" content=\"article\" \/>\n\t\t<meta property=\"og:title\" content=\"BLOND BRILLANT COLOUR ENHANCE - Monat Canada English\" \/>\n\t\t<meta property=\"og:description\" content=\"SHAMPOOING ET REVITALISANT BLOND BRILLANT COLOUR ENHANCE Rehaussez vos cheveux \u00e0 l\u2019aide d\u2019ingr\u00e9dients v\u00e9g\u00e9taux aux chauds tons ambr\u00e9s! Shampooing : 237 ml \u212e 8,0 oz liq. Revitalisant : 178 ml \u212e 6,0 oz liq. Prix de client VIP 82,00 $ CA Prix de d\u00e9tail 96,00 $ CA Pour en savoir plus sur le shampooing et\" \/>\n\t\t<meta property=\"og:url\" content=\"https:\/\/monatglobal.com\/ca\/colour-enhance-blond\/?lang=fr\" \/>\n\t\t<meta property=\"article:published_time\" content=\"2018-04-18T20:11:44+00:00\" \/>\n\t\t<meta property=\"article:modified_time\" content=\"2020-08-06T20:28:41+00:00\" \/>\n\t\t<meta name=\"twitter:card\" content=\"summary_large_image\" \/>\n\t\t<meta name=\"twitter:title\" content=\"BLOND BRILLANT COLOUR ENHANCE - Monat Canada English\" \/>\n\t\t<meta name=\"twitter:description\" content=\"SHAMPOOING ET REVITALISANT BLOND BRILLANT COLOUR ENHANCE Rehaussez vos cheveux \u00e0 l\u2019aide d\u2019ingr\u00e9dients v\u00e9g\u00e9taux aux chauds tons ambr\u00e9s! Shampooing : 237 ml \u212e 8,0 oz liq. Revitalisant : 178 ml \u212e 6,0 oz liq. Prix de client VIP 82,00 $ CA Prix de d\u00e9tail 96,00 $ CA Pour en savoir plus sur le shampooing et\" \/>\n\t\t<script type=\"application\/ld+json\" class=\"aioseo-schema\">\n\t\t\t{\"@context\":\"https:\\\/\\\/schema.org\",\"@graph\":[{\"@type\":\"BreadcrumbList\",\"@id\":\"https:\\\/\\\/monatglobal.com\\\/ca\\\/colour-enhance-blond\\\/?lang=fr#breadcrumblist\",\"itemListElement\":[{\"@type\":\"ListItem\",\"@id\":\"https:\\\/\\\/monatglobal.com\\\/ca#listItem\",\"position\":1,\"name\":\"Home\",\"item\":\"https:\\\/\\\/monatglobal.com\\\/ca\",\"nextItem\":{\"@type\":\"ListItem\",\"@id\":\"https:\\\/\\\/monatglobal.com\\\/ca\\\/colour-enhance-blond\\\/?lang=fr#listItem\",\"name\":\"BLOND BRILLANT COLOUR ENHANCE\"}},{\"@type\":\"ListItem\",\"@id\":\"https:\\\/\\\/monatglobal.com\\\/ca\\\/colour-enhance-blond\\\/?lang=fr#listItem\",\"position\":2,\"name\":\"BLOND BRILLANT COLOUR ENHANCE\",\"previousItem\":{\"@type\":\"ListItem\",\"@id\":\"https:\\\/\\\/monatglobal.com\\\/ca#listItem\",\"name\":\"Home\"}}]},{\"@type\":\"Organization\",\"@id\":\"https:\\\/\\\/monatglobal.com\\\/ca\\\/#organization\",\"name\":\"Monat Canada English\",\"description\":\"We Are Modern Nature\",\"url\":\"https:\\\/\\\/monatglobal.com\\\/ca\\\/\"},{\"@type\":\"WebPage\",\"@id\":\"https:\\\/\\\/monatglobal.com\\\/ca\\\/colour-enhance-blond\\\/?lang=fr#webpage\",\"url\":\"https:\\\/\\\/monatglobal.com\\\/ca\\\/colour-enhance-blond\\\/?lang=fr\",\"name\":\"BLOND BRILLANT COLOUR ENHANCE - Monat Canada English\",\"description\":\"SHAMPOOING ET REVITALISANT BLOND BRILLANT COLOUR ENHANCE Rehaussez vos cheveux \\u00e0 l\\u2019aide d\\u2019ingr\\u00e9dients v\\u00e9g\\u00e9taux aux chauds tons ambr\\u00e9s! Shampooing : 237 ml \\u212e 8,0 oz liq. Revitalisant : 178 ml \\u212e 6,0 oz liq. Prix de client VIP 82,00 $ CA Prix de d\\u00e9tail 96,00 $ CA Pour en savoir plus sur le shampooing et\",\"inLanguage\":\"en-US\",\"isPartOf\":{\"@id\":\"https:\\\/\\\/monatglobal.com\\\/ca\\\/#website\"},\"breadcrumb\":{\"@id\":\"https:\\\/\\\/monatglobal.com\\\/ca\\\/colour-enhance-blond\\\/?lang=fr#breadcrumblist\"},\"image\":{\"@type\":\"ImageObject\",\"url\":\"https:\\\/\\\/monatglobal.com\\\/ca\\\/wp-content\\\/uploads\\\/sites\\\/5\\\/2019\\\/01\\\/Colour-enhance-blonde-500x438.png\",\"@id\":\"https:\\\/\\\/monatglobal.com\\\/ca\\\/colour-enhance-blond\\\/?lang=fr\\\/#mainImage\",\"width\":438,\"height\":500},\"primaryImageOfPage\":{\"@id\":\"https:\\\/\\\/monatglobal.com\\\/ca\\\/colour-enhance-blond\\\/?lang=fr#mainImage\"},\"datePublished\":\"2018-04-18T20:11:44-04:00\",\"dateModified\":\"2020-08-06T20:28:41-04:00\"},{\"@type\":\"WebSite\",\"@id\":\"https:\\\/\\\/monatglobal.com\\\/ca\\\/#website\",\"url\":\"https:\\\/\\\/monatglobal.com\\\/ca\\\/\",\"name\":\"Monat Canada English\",\"description\":\"We Are Modern Nature\",\"inLanguage\":\"en-US\",\"publisher\":{\"@id\":\"https:\\\/\\\/monatglobal.com\\\/ca\\\/#organization\"}}]}\n\t\t<\/script>\n\t\t<!-- All in One SEO Pro -->\r\n\t\t<title>BLOND BRILLANT COLOUR ENHANCE - Monat Canada English<\/title>\n\n","aioseo_head_json":{"title":"BLOND BRILLANT COLOUR ENHANCE - Monat Canada English","description":"SHAMPOOING ET REVITALISANT BLOND BRILLANT COLOUR ENHANCE Rehaussez vos cheveux \u00e0 l\u2019aide d\u2019ingr\u00e9dients v\u00e9g\u00e9taux aux chauds tons ambr\u00e9s! Shampooing : 237 ml \u212e 8,0 oz liq. Revitalisant : 178 ml \u212e 6,0 oz liq. Prix de client VIP 82,00 $ CA Prix de d\u00e9tail 96,00 $ CA Pour en savoir plus sur le shampooing et","canonical_url":"https:\/\/monatglobal.com\/ca\/colour-enhance-blond\/?lang=fr","robots":"max-image-preview:large","keywords":"","webmasterTools":{"miscellaneous":""},"schema":{"@context":"https:\/\/schema.org","@graph":[{"@type":"BreadcrumbList","@id":"https:\/\/monatglobal.com\/ca\/colour-enhance-blond\/?lang=fr#breadcrumblist","itemListElement":[{"@type":"ListItem","@id":"https:\/\/monatglobal.com\/ca#listItem","position":1,"name":"Home","item":"https:\/\/monatglobal.com\/ca","nextItem":{"@type":"ListItem","@id":"https:\/\/monatglobal.com\/ca\/colour-enhance-blond\/?lang=fr#listItem","name":"BLOND BRILLANT COLOUR ENHANCE"}},{"@type":"ListItem","@id":"https:\/\/monatglobal.com\/ca\/colour-enhance-blond\/?lang=fr#listItem","position":2,"name":"BLOND BRILLANT COLOUR ENHANCE","previousItem":{"@type":"ListItem","@id":"https:\/\/monatglobal.com\/ca#listItem","name":"Home"}}]},{"@type":"Organization","@id":"https:\/\/monatglobal.com\/ca\/#organization","name":"Monat Canada English","description":"We Are Modern Nature","url":"https:\/\/monatglobal.com\/ca\/"},{"@type":"WebPage","@id":"https:\/\/monatglobal.com\/ca\/colour-enhance-blond\/?lang=fr#webpage","url":"https:\/\/monatglobal.com\/ca\/colour-enhance-blond\/?lang=fr","name":"BLOND BRILLANT COLOUR ENHANCE - Monat Canada English","description":"SHAMPOOING ET REVITALISANT BLOND BRILLANT COLOUR ENHANCE Rehaussez vos cheveux \u00e0 l\u2019aide d\u2019ingr\u00e9dients v\u00e9g\u00e9taux aux chauds tons ambr\u00e9s! Shampooing : 237 ml \u212e 8,0 oz liq. Revitalisant : 178 ml \u212e 6,0 oz liq. Prix de client VIP 82,00 $ CA Prix de d\u00e9tail 96,00 $ CA Pour en savoir plus sur le shampooing et","inLanguage":"en-US","isPartOf":{"@id":"https:\/\/monatglobal.com\/ca\/#website"},"breadcrumb":{"@id":"https:\/\/monatglobal.com\/ca\/colour-enhance-blond\/?lang=fr#breadcrumblist"},"image":{"@type":"ImageObject","url":"https:\/\/monatglobal.com\/ca\/wp-content\/uploads\/sites\/5\/2019\/01\/Colour-enhance-blonde-500x438.png","@id":"https:\/\/monatglobal.com\/ca\/colour-enhance-blond\/?lang=fr\/#mainImage","width":438,"height":500},"primaryImageOfPage":{"@id":"https:\/\/monatglobal.com\/ca\/colour-enhance-blond\/?lang=fr#mainImage"},"datePublished":"2018-04-18T20:11:44-04:00","dateModified":"2020-08-06T20:28:41-04:00"},{"@type":"WebSite","@id":"https:\/\/monatglobal.com\/ca\/#website","url":"https:\/\/monatglobal.com\/ca\/","name":"Monat Canada English","description":"We Are Modern Nature","inLanguage":"en-US","publisher":{"@id":"https:\/\/monatglobal.com\/ca\/#organization"}}]},"og:locale":"en_US","og:site_name":"Monat Canada English - We Are Modern Nature","og:type":"article","og:title":"BLOND BRILLANT COLOUR ENHANCE - Monat Canada English","og:description":"SHAMPOOING ET REVITALISANT BLOND BRILLANT COLOUR ENHANCE Rehaussez vos cheveux \u00e0 l\u2019aide d\u2019ingr\u00e9dients v\u00e9g\u00e9taux aux chauds tons ambr\u00e9s! Shampooing : 237 ml \u212e 8,0 oz liq. Revitalisant : 178 ml \u212e 6,0 oz liq. Prix de client VIP 82,00 $ CA Prix de d\u00e9tail 96,00 $ CA Pour en savoir plus sur le shampooing et","og:url":"https:\/\/monatglobal.com\/ca\/colour-enhance-blond\/?lang=fr","article:published_time":"2018-04-18T20:11:44+00:00","article:modified_time":"2020-08-06T20:28:41+00:00","twitter:card":"summary_large_image","twitter:title":"BLOND BRILLANT COLOUR ENHANCE - Monat Canada English","twitter:description":"SHAMPOOING ET REVITALISANT BLOND BRILLANT COLOUR ENHANCE Rehaussez vos cheveux \u00e0 l\u2019aide d\u2019ingr\u00e9dients v\u00e9g\u00e9taux aux chauds tons ambr\u00e9s! Shampooing : 237 ml \u212e 8,0 oz liq. Revitalisant : 178 ml \u212e 6,0 oz liq. Prix de client VIP 82,00 $ CA Prix de d\u00e9tail 96,00 $ CA Pour en savoir plus sur le shampooing et"},"aioseo_meta_data":{"post_id":"32073","title":null,"description":null,"keywords":null,"keyphrases":null,"primary_term":null,"canonical_url":null,"og_title":null,"og_description":null,"og_object_type":"default","og_image_type":"default","og_image_url":null,"og_image_width":null,"og_image_height":null,"og_image_custom_url":null,"og_image_custom_fields":null,"og_video":null,"og_custom_url":null,"og_article_section":null,"og_article_tags":null,"twitter_use_og":false,"twitter_card":"default","twitter_image_type":"default","twitter_image_url":null,"twitter_image_custom_url":null,"twitter_image_custom_fields":null,"twitter_title":null,"twitter_description":null,"schema":{"blockGraphs":[],"customGraphs":[],"default":{"data":{"Article":[],"Course":[],"Dataset":[],"FAQPage":[],"Movie":[],"Person":[],"Product":[],"ProductReview":[],"Car":[],"Recipe":[],"Service":[],"SoftwareApplication":[],"WebPage":[]},"graphName":"","isEnabled":true},"graphs":[]},"schema_type":"default","schema_type_options":null,"pillar_content":false,"robots_default":true,"robots_noindex":false,"robots_noarchive":false,"robots_nosnippet":false,"robots_nofollow":false,"robots_noimageindex":false,"robots_noodp":false,"robots_notranslate":false,"robots_max_snippet":null,"robots_max_videopreview":null,"robots_max_imagepreview":"large","priority":null,"frequency":null,"local_seo":null,"seo_analyzer_scan_date":"2026-02-10 03:30:33","limit_modified_date":false,"reviewed_by":null,"open_ai":null,"ai":null,"created":"2023-07-26 12:21:49","updated":"2026-02-10 03:30:33"},"aioseo_breadcrumb":"<div class=\"aioseo-breadcrumbs\"><span class=\"aioseo-breadcrumb\">\n\t<a href=\"https:\/\/monatglobal.com\/ca\" title=\"Home\">Home<\/a>\n<\/span><span class=\"aioseo-breadcrumb-separator\">&raquo;<\/span><span class=\"aioseo-breadcrumb\">\n\tBLOND BRILLANT COLOUR ENHANCE\n<\/span><\/div>","aioseo_breadcrumb_json":[{"label":"Home","link":"https:\/\/monatglobal.com\/ca"},{"label":"BLOND BRILLANT COLOUR ENHANCE","link":"https:\/\/monatglobal.com\/ca\/colour-enhance-blond\/?lang=fr"}],"_links":{"self":[{"href":"https:\/\/monatglobal.com\/ca\/wp-json\/wp\/v2\/pages\/32073","targetHints":{"allow":["GET"]}}],"collection":[{"href":"https:\/\/monatglobal.com\/ca\/wp-json\/wp\/v2\/pages"}],"about":[{"href":"https:\/\/monatglobal.com\/ca\/wp-json\/wp\/v2\/types\/page"}],"author":[{"embeddable":true,"href":"https:\/\/monatglobal.com\/ca\/wp-json\/wp\/v2\/users\/20"}],"replies":[{"embeddable":true,"href":"https:\/\/monatglobal.com\/ca\/wp-json\/wp\/v2\/comments?post=32073"}],"version-history":[{"count":19,"href":"https:\/\/monatglobal.com\/ca\/wp-json\/wp\/v2\/pages\/32073\/revisions"}],"predecessor-version":[{"id":52489,"href":"https:\/\/monatglobal.com\/ca\/wp-json\/wp\/v2\/pages\/32073\/revisions\/52489"}],"wp:featuredmedia":[{"embeddable":true,"href":"https:\/\/monatglobal.com\/ca\/wp-json\/wp\/v2\/media\/40552"}],"wp:attachment":[{"href":"https:\/\/monatglobal.com\/ca\/wp-json\/wp\/v2\/media?parent=32073"}],"wp:term":[{"taxonomy":"category","embeddable":true,"href":"https:\/\/monatglobal.com\/ca\/wp-json\/wp\/v2\/categories?post=32073"},{"taxonomy":"post_tag","embeddable":true,"href":"https:\/\/monatglobal.com\/ca\/wp-json\/wp\/v2\/tags?post=32073"}],"curies":[{"name":"wp","href":"https:\/\/api.w.org\/{rel}","templated":true}]}}