{"id":31990,"date":"2018-04-18T15:18:46","date_gmt":"2018-04-18T15:18:46","guid":{"rendered":"https:\/\/monatglobal.com\/ca\/?page_id=31990"},"modified":"2026-01-08T09:59:09","modified_gmt":"2026-01-08T14:59:09","slug":"monat-junior-gentle-conditioner","status":"publish","type":"page","link":"https:\/\/monatglobal.com\/ca\/monat-junior-gentle-conditioner\/?lang=fr","title":{"rendered":"APR\u00c8S-SHAMPOOING DOUX MONAT JUNIOR"},"content":{"rendered":"\n\n\t\t\t\t<img loading=\"lazy\" decoding=\"async\" src=\"https:\/\/monatglobal.com\/wp-content\/uploads\/2017\/02\/MONAT-junior.png\" alt=\"MONAT-junior\" itemprop=\"image\" height=\"83\" width=\"125\" title=\"MONAT-junior\" onerror=\"this.style.display='none'\"  \/>\n\t<img loading=\"lazy\" decoding=\"async\" src=\"https:\/\/monatglobal.com\/ca\/wp-content\/uploads\/sites\/5\/2021\/01\/MONAT-JUNIOR-CONDITIONER-2021-500x438.png\" alt=\"Doux revitalisant Monat Junior\" width=\"350\" height=\"400\" \/>\n<h1><strong>Apr\u00e8s-shampooing<\/strong><br \/>doux MONAT Junior<\/h1>\n<hr \/>\n\t<em>Apprivoisez cette crini\u00e8re!\n<\/em>\n177 ml e \/ 6 oz liq.\n   <strong>Prix de client VIP<\/strong><br \/>\n   31,00 $ CA<br \/>\n     <strong>Prix de d\u00e9tail<\/strong><br \/>\n     36,00 $ CA<br \/>\n   <strong>Prix de client VIP<\/strong><br \/>\n   34,00 $ CA<br \/>\n     <strong>Prix de d\u00e9tail<\/strong><br \/>\n     40,00 $ CA<br \/>\n   <strong>Prix de client VIP<\/strong><br \/>\n   28,00 $ CA<br \/>\n     <strong>Prix de d\u00e9tail<\/strong><br \/>\n     33,00 $ CA<br \/>\n\t<p>Pour en savoir plus sur l&#8217;Apr\u00e8s-shampooing doux MONAT Junior, veuillez contacter votre partenaire de march\u00e9 MONAT.<\/p>\n\t<a href=\"https:\/\/corp.mymonat.com\/shop\/products\/junior-gentle-conditioner-6000000151?taxon_id=30\/?globallanguage=fr&#038;globalmarket=ca\" target=\"_blank\" role=\"button\" aria-label=\"Go to Apr\u00e8s-shampooingdoux MONAT Junior shop\" rel=\"noopener\">MAGASINEZ<\/a>\n<h2>\n\t\tBIENFAITS\n\t<\/h2>\n\t<p>Il donne aux cheveux des enfants de la brillance, de la maniabilit\u00e9 et il aide \u00e0 combattre les frisottis. Il se rince plus rapidement et facilement que les autres revitalisants.<\/p>\n<p><strong>Le doux revitalisant MONAT Junior est sans larmes, il est s\u00e9curitaire et assez doux pour convenir aux enfants \u00e2g\u00e9s de un an et plus. Il a \u00e9t\u00e9 test\u00e9 par un dermatologue et un ophtalmologue.<\/strong><\/p>\n<h2>\n\t\tMODE D&#8217;EMPLOI\n\t<\/h2>\n\t<ul>\n<li>Massez une quantit\u00e9 de la taille d&#8217;une pi\u00e8ce de 25 cents dans les cheveux humides.<\/li>\n<li>Rincez abondamment.<\/li>\n<li>Utiliser ensuite le doux d\u00e9m\u00ealant MONAT Junior.<\/li>\n<\/ul>\n<h2>\n\t\tINGR\u00c9DIENTS CL\u00c9S\n\t<\/h2>\n\t<strong>Huile d&#8217;olive, huile d&#8217;\u00e9glantier, th\u00e9 vert, camomille, glyc\u00e9rine.<br \/>\n<\/strong>\n<h2>\n\t\tLISTE D&#8217;INGR\u00c9DIENTS\n\t<\/h2>\n\t<p>Water, Cetearyl Alcohol, Isoamyl Laurate, Behentrimonium Chloride, Propanediol, Chamomilla Recutita (Matricaria) Leaf Extract, Camellia Sinensis Leaf Extract, Rosa Canina Fruit Extract, Olea Europaea (Olive) Fruit Oil, Glycerin, Tocopherol, Sodium Phytate, Stearamidopropyl Dimethylamine, Citric Acid, Fragrance, Benzyl Alcohol, Ethylhexylglycerin.<\/p>\n<h2>\n\t\tVOUS POURRIEZ AUSSI AIMER\n\t<\/h2>\n<h3>\n\t\t<a href=\"https:\/\/monatglobal.com\/ca\/products\/?lang=fr&#038;line=soins-capillaires\" title=\"TOUS LES SOINS CAPILLAIRES\" target=\"_self\" rel=\"noopener\">\n\t\tTOUS LES SOINS CAPILLAIRES\n\t\t<\/a>\n\t<\/h3>\n\n","protected":false},"excerpt":{"rendered":"<p>Apr\u00e8s-shampooingdoux MONAT Junior Apprivoisez cette crini\u00e8re! 177 ml e \/ 6 oz liq. Prix de client VIP 31,00 $ CA Prix de d\u00e9tail 36,00 $ CA Prix de client VIP 34,00 $ CA Prix de d\u00e9tail 40,00 $ CA Prix de client VIP 28,00 $ CA Prix de d\u00e9tail 33,00 $ CA Pour en savoir&hellip;<\/p>\n","protected":false},"author":34,"featured_media":58747,"parent":0,"menu_order":0,"comment_status":"closed","ping_status":"closed","template":"","meta":{"inline_featured_image":false,"om_disable_all_campaigns":false,"_monsterinsights_skip_tracking":false,"_monsterinsights_sitenote_active":false,"_monsterinsights_sitenote_note":"","_monsterinsights_sitenote_category":0,"footnotes":""},"categories":[3629],"tags":[],"class_list":["post-31990","page","type-page","status-publish","has-post-thumbnail","hentry","category-product-fra"],"aioseo_notices":[],"aioseo_head":"\n\t\t<!-- All in One SEO Pro 4.9.6 - aioseo.com -->\n\t<meta name=\"description\" content=\"Apr\u00e8s-shampooingdoux MONAT Junior Apprivoisez cette crini\u00e8re! 177 ml e \/ 6 oz liq. Prix de client VIP 31,00 $ CA Prix de d\u00e9tail 36,00 $ CA Prix de client VIP 34,00 $ CA Prix de d\u00e9tail 40,00 $ CA Prix de client VIP 28,00 $ CA Prix de d\u00e9tail 33,00 $ CA Pour en savoir\" \/>\n\t<meta name=\"robots\" content=\"max-image-preview:large\" \/>\n\t<link rel=\"canonical\" href=\"https:\/\/monatglobal.com\/ca\/monat-junior-gentle-conditioner\/?lang=fr\" \/>\n\t<meta name=\"generator\" content=\"All in One SEO Pro (AIOSEO) 4.9.6\" \/>\n\t\t<meta property=\"og:locale\" content=\"en_US\" \/>\n\t\t<meta property=\"og:site_name\" content=\"Monat Canada English - We Are Modern Nature\" \/>\n\t\t<meta property=\"og:type\" content=\"article\" \/>\n\t\t<meta property=\"og:title\" content=\"APR\u00c8S-SHAMPOOING DOUX MONAT JUNIOR - Monat Canada English\" \/>\n\t\t<meta property=\"og:description\" content=\"Apr\u00e8s-shampooingdoux MONAT Junior Apprivoisez cette crini\u00e8re! 177 ml e \/ 6 oz liq. Prix de client VIP 31,00 $ CA Prix de d\u00e9tail 36,00 $ CA Prix de client VIP 34,00 $ CA Prix de d\u00e9tail 40,00 $ CA Prix de client VIP 28,00 $ CA Prix de d\u00e9tail 33,00 $ CA Pour en savoir\" \/>\n\t\t<meta property=\"og:url\" content=\"https:\/\/monatglobal.com\/ca\/monat-junior-gentle-conditioner\/?lang=fr\" \/>\n\t\t<meta property=\"article:published_time\" content=\"2018-04-18T15:18:46+00:00\" \/>\n\t\t<meta property=\"article:modified_time\" content=\"2026-01-08T14:59:09+00:00\" \/>\n\t\t<meta name=\"twitter:card\" content=\"summary_large_image\" \/>\n\t\t<meta name=\"twitter:title\" content=\"APR\u00c8S-SHAMPOOING DOUX MONAT JUNIOR - Monat Canada English\" \/>\n\t\t<meta name=\"twitter:description\" content=\"Apr\u00e8s-shampooingdoux MONAT Junior Apprivoisez cette crini\u00e8re! 177 ml e \/ 6 oz liq. Prix de client VIP 31,00 $ CA Prix de d\u00e9tail 36,00 $ CA Prix de client VIP 34,00 $ CA Prix de d\u00e9tail 40,00 $ CA Prix de client VIP 28,00 $ CA Prix de d\u00e9tail 33,00 $ CA Pour en savoir\" \/>\n\t\t<script type=\"application\/ld+json\" class=\"aioseo-schema\">\n\t\t\t{\"@context\":\"https:\\\/\\\/schema.org\",\"@graph\":[{\"@type\":\"BreadcrumbList\",\"@id\":\"https:\\\/\\\/monatglobal.com\\\/ca\\\/monat-junior-gentle-conditioner\\\/?lang=fr#breadcrumblist\",\"itemListElement\":[{\"@type\":\"ListItem\",\"@id\":\"https:\\\/\\\/monatglobal.com\\\/ca#listItem\",\"position\":1,\"name\":\"Home\",\"item\":\"https:\\\/\\\/monatglobal.com\\\/ca\",\"nextItem\":{\"@type\":\"ListItem\",\"@id\":\"https:\\\/\\\/monatglobal.com\\\/ca\\\/monat-junior-gentle-conditioner\\\/?lang=fr#listItem\",\"name\":\"APR\\u00c8S-SHAMPOOING DOUX MONAT JUNIOR\"}},{\"@type\":\"ListItem\",\"@id\":\"https:\\\/\\\/monatglobal.com\\\/ca\\\/monat-junior-gentle-conditioner\\\/?lang=fr#listItem\",\"position\":2,\"name\":\"APR\\u00c8S-SHAMPOOING DOUX MONAT JUNIOR\",\"previousItem\":{\"@type\":\"ListItem\",\"@id\":\"https:\\\/\\\/monatglobal.com\\\/ca#listItem\",\"name\":\"Home\"}}]},{\"@type\":\"Organization\",\"@id\":\"https:\\\/\\\/monatglobal.com\\\/ca\\\/#organization\",\"name\":\"Monat Canada English\",\"description\":\"We Are Modern Nature\",\"url\":\"https:\\\/\\\/monatglobal.com\\\/ca\\\/\"},{\"@type\":\"WebPage\",\"@id\":\"https:\\\/\\\/monatglobal.com\\\/ca\\\/monat-junior-gentle-conditioner\\\/?lang=fr#webpage\",\"url\":\"https:\\\/\\\/monatglobal.com\\\/ca\\\/monat-junior-gentle-conditioner\\\/?lang=fr\",\"name\":\"APR\\u00c8S-SHAMPOOING DOUX MONAT JUNIOR - Monat Canada English\",\"description\":\"Apr\\u00e8s-shampooingdoux MONAT Junior Apprivoisez cette crini\\u00e8re! 177 ml e \\\/ 6 oz liq. Prix de client VIP 31,00 $ CA Prix de d\\u00e9tail 36,00 $ CA Prix de client VIP 34,00 $ CA Prix de d\\u00e9tail 40,00 $ CA Prix de client VIP 28,00 $ CA Prix de d\\u00e9tail 33,00 $ CA Pour en savoir\",\"inLanguage\":\"en-US\",\"isPartOf\":{\"@id\":\"https:\\\/\\\/monatglobal.com\\\/ca\\\/#website\"},\"breadcrumb\":{\"@id\":\"https:\\\/\\\/monatglobal.com\\\/ca\\\/monat-junior-gentle-conditioner\\\/?lang=fr#breadcrumblist\"},\"image\":{\"@type\":\"ImageObject\",\"url\":\"https:\\\/\\\/monatglobal.com\\\/ca\\\/wp-content\\\/uploads\\\/sites\\\/5\\\/2021\\\/01\\\/MONAT-JUNIOR-CONDITIONER-2021-500x438.png\",\"@id\":\"https:\\\/\\\/monatglobal.com\\\/ca\\\/monat-junior-gentle-conditioner\\\/?lang=fr\\\/#mainImage\",\"width\":438,\"height\":500},\"primaryImageOfPage\":{\"@id\":\"https:\\\/\\\/monatglobal.com\\\/ca\\\/monat-junior-gentle-conditioner\\\/?lang=fr#mainImage\"},\"datePublished\":\"2018-04-18T15:18:46-04:00\",\"dateModified\":\"2026-01-08T09:59:09-05:00\"},{\"@type\":\"WebSite\",\"@id\":\"https:\\\/\\\/monatglobal.com\\\/ca\\\/#website\",\"url\":\"https:\\\/\\\/monatglobal.com\\\/ca\\\/\",\"name\":\"Monat Canada English\",\"description\":\"We Are Modern Nature\",\"inLanguage\":\"en-US\",\"publisher\":{\"@id\":\"https:\\\/\\\/monatglobal.com\\\/ca\\\/#organization\"}}]}\n\t\t<\/script>\n\t\t<!-- All in One SEO Pro -->\r\n\t\t<title>APR\u00c8S-SHAMPOOING DOUX MONAT JUNIOR - Monat Canada English<\/title>\n\n","aioseo_head_json":{"title":"APR\u00c8S-SHAMPOOING DOUX MONAT JUNIOR - Monat Canada English","description":"Apr\u00e8s-shampooingdoux MONAT Junior Apprivoisez cette crini\u00e8re! 177 ml e \/ 6 oz liq. Prix de client VIP 31,00 $ CA Prix de d\u00e9tail 36,00 $ CA Prix de client VIP 34,00 $ CA Prix de d\u00e9tail 40,00 $ CA Prix de client VIP 28,00 $ CA Prix de d\u00e9tail 33,00 $ CA Pour en savoir","canonical_url":"https:\/\/monatglobal.com\/ca\/monat-junior-gentle-conditioner\/?lang=fr","robots":"max-image-preview:large","keywords":"","webmasterTools":{"miscellaneous":""},"schema":{"@context":"https:\/\/schema.org","@graph":[{"@type":"BreadcrumbList","@id":"https:\/\/monatglobal.com\/ca\/monat-junior-gentle-conditioner\/?lang=fr#breadcrumblist","itemListElement":[{"@type":"ListItem","@id":"https:\/\/monatglobal.com\/ca#listItem","position":1,"name":"Home","item":"https:\/\/monatglobal.com\/ca","nextItem":{"@type":"ListItem","@id":"https:\/\/monatglobal.com\/ca\/monat-junior-gentle-conditioner\/?lang=fr#listItem","name":"APR\u00c8S-SHAMPOOING DOUX MONAT JUNIOR"}},{"@type":"ListItem","@id":"https:\/\/monatglobal.com\/ca\/monat-junior-gentle-conditioner\/?lang=fr#listItem","position":2,"name":"APR\u00c8S-SHAMPOOING DOUX MONAT JUNIOR","previousItem":{"@type":"ListItem","@id":"https:\/\/monatglobal.com\/ca#listItem","name":"Home"}}]},{"@type":"Organization","@id":"https:\/\/monatglobal.com\/ca\/#organization","name":"Monat Canada English","description":"We Are Modern Nature","url":"https:\/\/monatglobal.com\/ca\/"},{"@type":"WebPage","@id":"https:\/\/monatglobal.com\/ca\/monat-junior-gentle-conditioner\/?lang=fr#webpage","url":"https:\/\/monatglobal.com\/ca\/monat-junior-gentle-conditioner\/?lang=fr","name":"APR\u00c8S-SHAMPOOING DOUX MONAT JUNIOR - Monat Canada English","description":"Apr\u00e8s-shampooingdoux MONAT Junior Apprivoisez cette crini\u00e8re! 177 ml e \/ 6 oz liq. Prix de client VIP 31,00 $ CA Prix de d\u00e9tail 36,00 $ CA Prix de client VIP 34,00 $ CA Prix de d\u00e9tail 40,00 $ CA Prix de client VIP 28,00 $ CA Prix de d\u00e9tail 33,00 $ CA Pour en savoir","inLanguage":"en-US","isPartOf":{"@id":"https:\/\/monatglobal.com\/ca\/#website"},"breadcrumb":{"@id":"https:\/\/monatglobal.com\/ca\/monat-junior-gentle-conditioner\/?lang=fr#breadcrumblist"},"image":{"@type":"ImageObject","url":"https:\/\/monatglobal.com\/ca\/wp-content\/uploads\/sites\/5\/2021\/01\/MONAT-JUNIOR-CONDITIONER-2021-500x438.png","@id":"https:\/\/monatglobal.com\/ca\/monat-junior-gentle-conditioner\/?lang=fr\/#mainImage","width":438,"height":500},"primaryImageOfPage":{"@id":"https:\/\/monatglobal.com\/ca\/monat-junior-gentle-conditioner\/?lang=fr#mainImage"},"datePublished":"2018-04-18T15:18:46-04:00","dateModified":"2026-01-08T09:59:09-05:00"},{"@type":"WebSite","@id":"https:\/\/monatglobal.com\/ca\/#website","url":"https:\/\/monatglobal.com\/ca\/","name":"Monat Canada English","description":"We Are Modern Nature","inLanguage":"en-US","publisher":{"@id":"https:\/\/monatglobal.com\/ca\/#organization"}}]},"og:locale":"en_US","og:site_name":"Monat Canada English - We Are Modern Nature","og:type":"article","og:title":"APR\u00c8S-SHAMPOOING DOUX MONAT JUNIOR - Monat Canada English","og:description":"Apr\u00e8s-shampooingdoux MONAT Junior Apprivoisez cette crini\u00e8re! 177 ml e \/ 6 oz liq. Prix de client VIP 31,00 $ CA Prix de d\u00e9tail 36,00 $ CA Prix de client VIP 34,00 $ CA Prix de d\u00e9tail 40,00 $ CA Prix de client VIP 28,00 $ CA Prix de d\u00e9tail 33,00 $ CA Pour en savoir","og:url":"https:\/\/monatglobal.com\/ca\/monat-junior-gentle-conditioner\/?lang=fr","article:published_time":"2018-04-18T15:18:46+00:00","article:modified_time":"2026-01-08T14:59:09+00:00","twitter:card":"summary_large_image","twitter:title":"APR\u00c8S-SHAMPOOING DOUX MONAT JUNIOR - Monat Canada English","twitter:description":"Apr\u00e8s-shampooingdoux MONAT Junior Apprivoisez cette crini\u00e8re! 177 ml e \/ 6 oz liq. Prix de client VIP 31,00 $ CA Prix de d\u00e9tail 36,00 $ CA Prix de client VIP 34,00 $ CA Prix de d\u00e9tail 40,00 $ CA Prix de client VIP 28,00 $ CA Prix de d\u00e9tail 33,00 $ CA Pour en savoir"},"aioseo_meta_data":{"post_id":"31990","title":null,"description":null,"keywords":null,"keyphrases":{"focus":{"keyphrase":"","score":0,"analysis":{"keyphraseInTitle":{"score":0,"maxScore":9,"error":1}}},"additional":[]},"primary_term":null,"canonical_url":null,"og_title":null,"og_description":null,"og_object_type":"default","og_image_type":"default","og_image_url":null,"og_image_width":null,"og_image_height":null,"og_image_custom_url":null,"og_image_custom_fields":null,"og_video":"","og_custom_url":null,"og_article_section":null,"og_article_tags":null,"twitter_use_og":false,"twitter_card":"default","twitter_image_type":"default","twitter_image_url":null,"twitter_image_custom_url":null,"twitter_image_custom_fields":null,"twitter_title":null,"twitter_description":null,"schema":{"blockGraphs":[],"customGraphs":[],"default":{"data":{"Article":[],"Course":[],"Dataset":[],"FAQPage":[],"Movie":[],"Person":[],"Product":[],"ProductReview":[],"Car":[],"Recipe":[],"Service":[],"SoftwareApplication":[],"WebPage":[]},"graphName":"WebPage","isEnabled":true},"graphs":[]},"schema_type":"default","schema_type_options":null,"pillar_content":false,"robots_default":true,"robots_noindex":false,"robots_noarchive":false,"robots_nosnippet":false,"robots_nofollow":false,"robots_noimageindex":false,"robots_noodp":false,"robots_notranslate":false,"robots_max_snippet":"-1","robots_max_videopreview":"-1","robots_max_imagepreview":"large","priority":null,"frequency":"default","local_seo":null,"seo_analyzer_scan_date":"2026-02-10 03:30:25","limit_modified_date":false,"reviewed_by":null,"open_ai":"{\"title\":{\"suggestions\":[],\"usage\":0},\"description\":{\"suggestions\":[],\"usage\":0}}","ai":null,"created":"2023-07-26 12:20:57","updated":"2026-02-10 18:39:17"},"aioseo_breadcrumb":"<div class=\"aioseo-breadcrumbs\"><span class=\"aioseo-breadcrumb\">\n\t<a href=\"https:\/\/monatglobal.com\/ca\" title=\"Home\">Home<\/a>\n<\/span><span class=\"aioseo-breadcrumb-separator\">&raquo;<\/span><span class=\"aioseo-breadcrumb\">\n\tAPR\u00c8S-SHAMPOOING DOUX MONAT JUNIOR\n<\/span><\/div>","aioseo_breadcrumb_json":[{"label":"Home","link":"https:\/\/monatglobal.com\/ca"},{"label":"APR\u00c8S-SHAMPOOING DOUX MONAT JUNIOR","link":"https:\/\/monatglobal.com\/ca\/monat-junior-gentle-conditioner\/?lang=fr"}],"_links":{"self":[{"href":"https:\/\/monatglobal.com\/ca\/wp-json\/wp\/v2\/pages\/31990","targetHints":{"allow":["GET"]}}],"collection":[{"href":"https:\/\/monatglobal.com\/ca\/wp-json\/wp\/v2\/pages"}],"about":[{"href":"https:\/\/monatglobal.com\/ca\/wp-json\/wp\/v2\/types\/page"}],"author":[{"embeddable":true,"href":"https:\/\/monatglobal.com\/ca\/wp-json\/wp\/v2\/users\/34"}],"replies":[{"embeddable":true,"href":"https:\/\/monatglobal.com\/ca\/wp-json\/wp\/v2\/comments?post=31990"}],"version-history":[{"count":52,"href":"https:\/\/monatglobal.com\/ca\/wp-json\/wp\/v2\/pages\/31990\/revisions"}],"predecessor-version":[{"id":109708,"href":"https:\/\/monatglobal.com\/ca\/wp-json\/wp\/v2\/pages\/31990\/revisions\/109708"}],"wp:featuredmedia":[{"embeddable":true,"href":"https:\/\/monatglobal.com\/ca\/wp-json\/wp\/v2\/media\/58747"}],"wp:attachment":[{"href":"https:\/\/monatglobal.com\/ca\/wp-json\/wp\/v2\/media?parent=31990"}],"wp:term":[{"taxonomy":"category","embeddable":true,"href":"https:\/\/monatglobal.com\/ca\/wp-json\/wp\/v2\/categories?post=31990"},{"taxonomy":"post_tag","embeddable":true,"href":"https:\/\/monatglobal.com\/ca\/wp-json\/wp\/v2\/tags?post=31990"}],"curies":[{"name":"wp","href":"https:\/\/api.w.org\/{rel}","templated":true}]}}