{"id":31954,"date":"2018-04-18T04:37:35","date_gmt":"2018-04-18T04:37:35","guid":{"rendered":"https:\/\/monatglobal.com\/ca\/?page_id=31954"},"modified":"2026-01-19T09:27:28","modified_gmt":"2026-01-19T14:27:28","slug":"lash-brow-enhancing-serum","status":"publish","type":"page","link":"https:\/\/monatglobal.com\/ca\/lash-brow-enhancing-serum\/?lang=fr","title":{"rendered":"S\u00c9RUM POUR LES CILS ET LES SOURCILS EYE WONDER"},"content":{"rendered":"\n\n\t<link rel=\"stylesheet\" href=\"https:\/\/unpkg.com\/swiper\/swiper-bundle.min.css\" \/>\n<link rel=\"stylesheet\" href=\"https:\/\/monatglobal.com\/wp-content\/creative_css\/product_styles_sheet.css\" \/>\n   <!--==================================================== ECOMM SECTION ====================================================-->\n      <!--==================================================== Ecomm image ====================================================-->\n      <img decoding=\"async\" src=\"https:\/\/monatglobal.com\/es\/wp-content\/uploads\/sites\/10\/2021\/10\/LASH-BROW-ENHANCING-SERUM-BY-MONAT-ecomm.png\" alt=\"Product shot of Lash &#038; Brow Enhancing Serum\" loading=\"lazy\"\/>\n      <!--==================================================== Ecomm information  ====================================================-->\n         \n         <h1>Lash &#038; Brow<br \/>Enhancing Serum by&nbsp;MONAT\u2122<\/h1>\n         \n         <p>Un s\u00e9rum pour donner une apparence plus \u00e9paisse aux cils et aux&nbsp;sourcils.*<\/p>\n         <p> *Bas\u00e9 sur les r\u00e9sultats d&#8217;un test de perception effectu\u00e9 apr\u00e8s 28&nbsp;jours.<\/p>\n         <p>9 ml \u212e 0,30 oz liq.<\/p>\n      <!--==================================================== pricing box ====================================================-->    \n   <p>Prix de d\u00e9tail<br \/>$00.00 $ CA<\/p>\n   <p>Prix de client VIP<br \/>$00.00 $ CA<\/p> \n      <!--==================================================== pricing box ====================================================-->    \n         <p>Pour en savoir plus sur le Lash &#038; Brow Enhancing Serum by MONAT\u2122, veuillez contacter votre partenaire de march\u00e9&nbsp;MONAT.<\/p>\n           <a href=\"\" target=\"_blank\" role=\"button\" aria-label=\"\" rel=\"noopener\"><\/a>\n   <!--==================================================== \/ECOMM SECTION  ====================================================-->\n   <!--==================================================== Benefits image ====================================================-->\n \n  <source media=\"(max-width: 700px)\" srcset=\"https:\/\/monatglobal.com\/nz\/wp-content\/uploads\/sites\/15\/2022\/10\/Lash-brow-benefits_mobile.jpg\" loading=\"lazy\"\/>\n    <img decoding=\"async\" src=\"https:\/\/monatglobal.com\/nz\/wp-content\/uploads\/sites\/15\/2022\/11\/Lash-Brow-Enhancing-Serum-by-MONAT-benefits.jpg\" \n    alt=\"Blonde female applying the Lash &#038; Brow Enhancing Serum to her lashes.\" loading=\"lazy\"\/>\n  \n   <!--==================================================== Benefits text ====================================================-->\n         <h2>BIENFAITS<\/h2>\n         <h3>Am\u00e9liorez l&#8217;apparence des sourcils et des cils gr\u00e2ce \u00e0 ce s\u00e9rum&nbsp;quotidien.<\/h3>\n         <p>Les ingr\u00e9dients \u00e9prouv\u00e9s cliniquement renforcent les sourcils et les cils tout en les nourrissant. D&#8217;apr\u00e8s les tests cliniques, il laisse les cils jusqu&#8217;\u00e0 8 % plus longs et augmente le volume des sourcils de 20 % en seulement 28&nbsp;jours. <\/p>\n         <!--==================================================== features image  ====================================================-->\n         <img decoding=\"async\" alt=\"Lash &#038; Brow Enhancing Serum standing against a concrete wall\" src=\"https:\/\/monatglobal.com\/nz\/wp-content\/uploads\/sites\/15\/2022\/10\/Lash-brow-features.jpg\" loading=\"lazy\"\/>\n      <!--==================================================== features text ====================================================-->\n            <h3>Caract\u00e9ristiques\n<\/h3>\n               <p>\/ Cette formule densifie les cils et les sourcils gr\u00e2ce au&nbsp;CAPIXYL\u2122<\/p>\n               <p>\/ Dot\u00e9 d&#8217;un applicateur doux et mince pour plus de&nbsp;pr\u00e9cision <\/p>\n               <br \/>\n            <p>Parfum \/ Non parfum\u00e9<\/p>\n            <p> Texture \/ S\u00e9rum l\u00e9ger<\/p>\n   <!--==================================================== composition image mobile ====================================================-->\n   <img decoding=\"async\" alt=\"Lash &#038; Brow Enhancing Serum laying on a flat surface with water droplets\" src=\"https:\/\/monatglobal.com\/nz\/wp-content\/uploads\/sites\/15\/2022\/10\/lash-brow-Composition-1-Recovered.jpg\" loading=\"lazy\"\/>\n   <!--==================================================== Why it works text ====================================================-->\n      <h2>Ses ingr\u00e9dients \u00e9prouv\u00e9s cliniquement donnent des r\u00e9sultats visibles au niveau des cils et des&nbsp;sourcils. <\/h2>\n      <h3>Ce s\u00e9rum sans parfum est test\u00e9 sous contr\u00f4le dermatologique et ophtalmologique pour aider \u00e0 allonger et \u00e0 augmenter le volume des cils en 28&nbsp;jours.<\/h3>\n      <p>Il aide aussi \u00e0 renforcer et \u00e0 nourrir les&nbsp;sourcils.<\/p>\n<!--==================================================== Composition section ====================================================-->\n      <img decoding=\"async\" alt=\"Lash &#038; Brow Enhancing Serum laying on a flat surface with water droplets\" src=\"https:\/\/monatglobal.com\/nz\/wp-content\/uploads\/sites\/15\/2022\/10\/lash-brow-Composition-1-Recovered.jpg\" loading=\"lazy\"\/>\n      <img decoding=\"async\" alt=\"Blonde female smiling while holding Lash &#038; Brow Enhancing Serum, overlaying a texture shot.\" \n      src=\"https:\/\/monatglobal.com\/nz\/wp-content\/uploads\/sites\/15\/2022\/10\/Lash-brow-enhancing-Composition-3.jpg\" loading=\"lazy\"\/>\n            <!--==================================================== Directions text ====================================================--> \n               <h3>Mode d&#8217;emploi<\/h3>\n                    <p>\/ POUR LES CILS : Appliquer une mince couche du produit deux fois par jour sur la peau non maquill\u00e9e le long de la ligne des cils sup\u00e9rieure et inf\u00e9rieure (o\u00f9 les cils rencontrent la peau). Pour de meilleurs r\u00e9sultats, appliquer matin et soir pendant 28 jours&nbsp;cons\u00e9cutifs.<\/p>\n                    <p>\/ POUR LES SOURCILS : Appliquer deux fois par jour sur une peau non maquill\u00e9e en utilisant de courts traits en diagonale sur le sourcil. Utiliser le bout du doigt pour aider l&#8217;absorption du produit et retirer les r\u00e9sidus. Pour de meilleurs r\u00e9sultats, appliquer matin et soir pendant 28 jours&nbsp;cons\u00e9cutifs.<\/p><br \/>\n                    <p>\/ Permettre au produit de s\u00e9cher de 7 \u00e0 10 minutes avant d&#8217;appliquer le&nbsp;maquillage.<\/p>\n            <!--==================================================== Directions video ====================================================-->\n      <p>REJUVENIQE<sup>\u00ae<\/sup> <br \/>0:00<\/p>\n   <a href=\"\" target=\"_blank\" role=\"button\" aria-label=\"\" rel=\"noopener\"><\/a>\n   <!--==================================================== Ingredients section  ====================================================-->\n      <h2>INGR\u00c9DIENTS CL\u00c9S<\/h2>\n   <p>Capixyl<sup>\u2122<\/sup><\/p>\n    <img decoding=\"async\" src=\"https:\/\/monatglobal.com\/wp-content\/uploads\/2022\/11\/Vegetable-Derived-Keratin.svg\" alt=\"Vegetable-Derived Keratin\"\/>\n <p>K\u00e9ratine v\u00e9g\u00e9talienne<\/p>\n        <button id=\"myBtn\" type=\"button\">LISTE D&#8217;INGR\u00c9DIENTS<\/button>\n      <!--==================================================== Modal content  ====================================================-->\n         &times;\n         <p>&#8220;Aqua\/Water\/Eau, Butylene Glycol, Hydroxyethylcellulose, Trifolium Pratense (Clover) Flower Extract, Acetyl Tetrapeptide-3, Tocopherol, Wheat Amino Acids, Soy Amino Acids, Arginine HCl, Serine, Threonine, Dextran, Benzyl Alcohol, Ethylhexylglycerin. &#8220;<\/p>\n   <!--==================================================== You might also like section ====================================================-->\n      <h2>VOUS POURRIEZ AUSSI&nbsp;AIMER<\/h2>\n      <!--==================================================== Slider YOU MIGHT ALSO LIKE ====================================================-->\n      <!---->\n      <!--   -->\n            <!--==================================================== Slides products ====================================================-->\n      <!--      -->\n      <!--         <a href=\"\/ca\/collagen\/?lang=fr\" aria-label=\"Go to Collagen Key\u2122 page\">-->\n      <!--          <img decoding=\"async\" src=\"https:\/\/monatglobal.com\/es\/wp-content\/uploads\/sites\/10\/2021\/12\/collagen-key-EU-ecomm-2022.png\" alt=\"Collagen Key\u2122\" loading=\"lazy\"\/>-->\n      <!--          <p>Collagen Key\u2122<\/p>-->\n      <!--        <\/a>-->\n      <!--      -->\n      <!--      -->\n      <!--         <a href=\"\/ca\/skincare-perfector\/?lang=fr\" aria-label=\"Go to Perfecteur instantan\u00e9 30 Second Miracle\u2122 page\">-->\n      <!--            <img decoding=\"async\" src=\"https:\/\/monatglobal.com\/wp-content\/uploads\/2019\/11\/30-second-miracle.png\" alt=\"Perfecteur instantan\u00e9 30 Second Miracle\u2122\" loading=\"lazy\"\/>-->\n      <!--            <p>Perfecteur instantan\u00e9<br \/>30 Second Miracle\u2122<\/p>-->\n      <!--         <\/a>-->\n      <!--      -->\n      <!--      -->\n      <!--         <a href=\"\/ca\/eye-smooth\/?lang=fr\" aria-label=\"Go to  Cr\u00e8me nourrissante pour les yeux Eye Smooth\u2122 page\">-->\n      <!--            <img decoding=\"async\" src=\"https:\/\/monatglobal.com\/wp-content\/uploads\/2022\/12\/Eye-smooth-ecomm-2022-min.png\" alt=\" Cr\u00e8me nourrissante pour les yeux Eye Smooth\u2122\" loading=\"lazy\"\/>-->\n      <!--            <p>Cr\u00e8me nourrissante pour<br \/>les yeux Eye Smooth\u2122<\/p>-->\n      <!--         <\/a>-->\n      <!--      -->\n      <!--   -->\n         <!--==================================================== If we need navigation buttons  ====================================================-->\n      <!--   -->\n      <!--   -->\n         <!--==================================================== If we need paginations  ====================================================-->\n      <!--   -->\n      <!---->\n             <!-- If we need navigation buttons -->\n             <!-- If we need paginations -->\n    <a href=\"\" aria-label=\"\"><\/a>\n<!--==================================================== this link has to go last for it to work   ====================================================-->\n\n","protected":false},"excerpt":{"rendered":"<p>Lash &#038; BrowEnhancing Serum by&nbsp;MONAT\u2122 Un s\u00e9rum pour donner une apparence plus \u00e9paisse aux cils et aux&nbsp;sourcils.* *Bas\u00e9 sur les r\u00e9sultats d&#8217;un test de perception effectu\u00e9 apr\u00e8s 28&nbsp;jours. 9 ml \u212e 0,30 oz liq. Prix de d\u00e9tail$00.00 $ CA Prix de client VIP$00.00 $ CA Pour en savoir plus sur le Lash &#038; Brow Enhancing&hellip;<\/p>\n","protected":false},"author":20,"featured_media":40632,"parent":0,"menu_order":0,"comment_status":"closed","ping_status":"closed","template":"","meta":{"inline_featured_image":false,"om_disable_all_campaigns":false,"_monsterinsights_skip_tracking":false,"_monsterinsights_sitenote_active":false,"_monsterinsights_sitenote_note":"","_monsterinsights_sitenote_category":0,"footnotes":""},"categories":[3629],"tags":[],"class_list":["post-31954","page","type-page","status-publish","has-post-thumbnail","hentry","category-product-fra"],"aioseo_notices":[],"aioseo_head":"\n\t\t<!-- All in One SEO Pro 4.9.6 - aioseo.com -->\n\t<meta name=\"description\" content=\"Lash &amp; BrowEnhancing Serum by MONAT\u2122 Un s\u00e9rum pour donner une apparence plus \u00e9paisse aux cils et aux sourcils.* *Bas\u00e9 sur les r\u00e9sultats d&#039;un test de perception effectu\u00e9 apr\u00e8s 28 jours. 9 ml \u212e 0,30 oz liq. Prix de d\u00e9tail$00.00 $ CA Prix de client VIP$00.00 $ CA Pour en savoir plus sur le Lash &amp; Brow Enhancing\" \/>\n\t<meta name=\"robots\" content=\"max-image-preview:large\" \/>\n\t<link rel=\"canonical\" href=\"https:\/\/monatglobal.com\/ca\/lash-brow-enhancing-serum\/?lang=fr\" \/>\n\t<meta name=\"generator\" content=\"All in One SEO Pro (AIOSEO) 4.9.6\" \/>\n\t\t<meta property=\"og:locale\" content=\"en_US\" \/>\n\t\t<meta property=\"og:site_name\" content=\"Monat Canada English - We Are Modern Nature\" \/>\n\t\t<meta property=\"og:type\" content=\"article\" \/>\n\t\t<meta property=\"og:title\" content=\"S\u00c9RUM POUR LES CILS ET LES SOURCILS EYE WONDER - Monat Canada English\" \/>\n\t\t<meta property=\"og:description\" content=\"Lash &amp; BrowEnhancing Serum by MONAT\u2122 Un s\u00e9rum pour donner une apparence plus \u00e9paisse aux cils et aux sourcils.* *Bas\u00e9 sur les r\u00e9sultats d&#039;un test de perception effectu\u00e9 apr\u00e8s 28 jours. 9 ml \u212e 0,30 oz liq. Prix de d\u00e9tail$00.00 $ CA Prix de client VIP$00.00 $ CA Pour en savoir plus sur le Lash &amp; Brow Enhancing\" \/>\n\t\t<meta property=\"og:url\" content=\"https:\/\/monatglobal.com\/ca\/lash-brow-enhancing-serum\/?lang=fr\" \/>\n\t\t<meta property=\"article:published_time\" content=\"2018-04-18T04:37:35+00:00\" \/>\n\t\t<meta property=\"article:modified_time\" content=\"2026-01-19T14:27:28+00:00\" \/>\n\t\t<meta name=\"twitter:card\" content=\"summary_large_image\" \/>\n\t\t<meta name=\"twitter:title\" content=\"S\u00c9RUM POUR LES CILS ET LES SOURCILS EYE WONDER - Monat Canada English\" \/>\n\t\t<meta name=\"twitter:description\" content=\"Lash &amp; BrowEnhancing Serum by MONAT\u2122 Un s\u00e9rum pour donner une apparence plus \u00e9paisse aux cils et aux sourcils.* *Bas\u00e9 sur les r\u00e9sultats d&#039;un test de perception effectu\u00e9 apr\u00e8s 28 jours. 9 ml \u212e 0,30 oz liq. Prix de d\u00e9tail$00.00 $ CA Prix de client VIP$00.00 $ CA Pour en savoir plus sur le Lash &amp; Brow Enhancing\" \/>\n\t\t<script type=\"application\/ld+json\" class=\"aioseo-schema\">\n\t\t\t{\"@context\":\"https:\\\/\\\/schema.org\",\"@graph\":[{\"@type\":\"BreadcrumbList\",\"@id\":\"https:\\\/\\\/monatglobal.com\\\/ca\\\/lash-brow-enhancing-serum\\\/?lang=fr#breadcrumblist\",\"itemListElement\":[{\"@type\":\"ListItem\",\"@id\":\"https:\\\/\\\/monatglobal.com\\\/ca#listItem\",\"position\":1,\"name\":\"Home\",\"item\":\"https:\\\/\\\/monatglobal.com\\\/ca\",\"nextItem\":{\"@type\":\"ListItem\",\"@id\":\"https:\\\/\\\/monatglobal.com\\\/ca\\\/lash-brow-enhancing-serum\\\/?lang=fr#listItem\",\"name\":\"S\\u00c9RUM POUR LES CILS ET LES SOURCILS EYE WONDER\"}},{\"@type\":\"ListItem\",\"@id\":\"https:\\\/\\\/monatglobal.com\\\/ca\\\/lash-brow-enhancing-serum\\\/?lang=fr#listItem\",\"position\":2,\"name\":\"S\\u00c9RUM POUR LES CILS ET LES SOURCILS EYE WONDER\",\"previousItem\":{\"@type\":\"ListItem\",\"@id\":\"https:\\\/\\\/monatglobal.com\\\/ca#listItem\",\"name\":\"Home\"}}]},{\"@type\":\"Organization\",\"@id\":\"https:\\\/\\\/monatglobal.com\\\/ca\\\/#organization\",\"name\":\"Monat Canada English\",\"description\":\"We Are Modern Nature\",\"url\":\"https:\\\/\\\/monatglobal.com\\\/ca\\\/\"},{\"@type\":\"WebPage\",\"@id\":\"https:\\\/\\\/monatglobal.com\\\/ca\\\/lash-brow-enhancing-serum\\\/?lang=fr#webpage\",\"url\":\"https:\\\/\\\/monatglobal.com\\\/ca\\\/lash-brow-enhancing-serum\\\/?lang=fr\",\"name\":\"S\\u00c9RUM POUR LES CILS ET LES SOURCILS EYE WONDER - Monat Canada English\",\"description\":\"Lash & BrowEnhancing Serum by MONAT\\u2122 Un s\\u00e9rum pour donner une apparence plus \\u00e9paisse aux cils et aux sourcils.* *Bas\\u00e9 sur les r\\u00e9sultats d'un test de perception effectu\\u00e9 apr\\u00e8s 28 jours. 9 ml \\u212e 0,30 oz liq. Prix de d\\u00e9tail$00.00 $ CA Prix de client VIP$00.00 $ CA Pour en savoir plus sur le Lash & Brow Enhancing\",\"inLanguage\":\"en-US\",\"isPartOf\":{\"@id\":\"https:\\\/\\\/monatglobal.com\\\/ca\\\/#website\"},\"breadcrumb\":{\"@id\":\"https:\\\/\\\/monatglobal.com\\\/ca\\\/lash-brow-enhancing-serum\\\/?lang=fr#breadcrumblist\"},\"image\":{\"@type\":\"ImageObject\",\"url\":\"https:\\\/\\\/monatglobal.com\\\/ca\\\/wp-content\\\/uploads\\\/sites\\\/5\\\/2019\\\/01\\\/EYE-WONDER-500x438.png\",\"@id\":\"https:\\\/\\\/monatglobal.com\\\/ca\\\/lash-brow-enhancing-serum\\\/?lang=fr\\\/#mainImage\",\"width\":438,\"height\":500},\"primaryImageOfPage\":{\"@id\":\"https:\\\/\\\/monatglobal.com\\\/ca\\\/lash-brow-enhancing-serum\\\/?lang=fr#mainImage\"},\"datePublished\":\"2018-04-18T04:37:35-04:00\",\"dateModified\":\"2026-01-19T09:27:28-05:00\"},{\"@type\":\"WebSite\",\"@id\":\"https:\\\/\\\/monatglobal.com\\\/ca\\\/#website\",\"url\":\"https:\\\/\\\/monatglobal.com\\\/ca\\\/\",\"name\":\"Monat Canada English\",\"description\":\"We Are Modern Nature\",\"inLanguage\":\"en-US\",\"publisher\":{\"@id\":\"https:\\\/\\\/monatglobal.com\\\/ca\\\/#organization\"}}]}\n\t\t<\/script>\n\t\t<!-- All in One SEO Pro -->\r\n\t\t<title>S\u00c9RUM POUR LES CILS ET LES SOURCILS EYE WONDER - Monat Canada English<\/title>\n\n","aioseo_head_json":{"title":"S\u00c9RUM POUR LES CILS ET LES SOURCILS EYE WONDER - Monat Canada English","description":"Lash & BrowEnhancing Serum by MONAT\u2122 Un s\u00e9rum pour donner une apparence plus \u00e9paisse aux cils et aux sourcils.* *Bas\u00e9 sur les r\u00e9sultats d'un test de perception effectu\u00e9 apr\u00e8s 28 jours. 9 ml \u212e 0,30 oz liq. Prix de d\u00e9tail$00.00 $ CA Prix de client VIP$00.00 $ CA Pour en savoir plus sur le Lash & Brow Enhancing","canonical_url":"https:\/\/monatglobal.com\/ca\/lash-brow-enhancing-serum\/?lang=fr","robots":"max-image-preview:large","keywords":"","webmasterTools":{"miscellaneous":""},"schema":{"@context":"https:\/\/schema.org","@graph":[{"@type":"BreadcrumbList","@id":"https:\/\/monatglobal.com\/ca\/lash-brow-enhancing-serum\/?lang=fr#breadcrumblist","itemListElement":[{"@type":"ListItem","@id":"https:\/\/monatglobal.com\/ca#listItem","position":1,"name":"Home","item":"https:\/\/monatglobal.com\/ca","nextItem":{"@type":"ListItem","@id":"https:\/\/monatglobal.com\/ca\/lash-brow-enhancing-serum\/?lang=fr#listItem","name":"S\u00c9RUM POUR LES CILS ET LES SOURCILS EYE WONDER"}},{"@type":"ListItem","@id":"https:\/\/monatglobal.com\/ca\/lash-brow-enhancing-serum\/?lang=fr#listItem","position":2,"name":"S\u00c9RUM POUR LES CILS ET LES SOURCILS EYE WONDER","previousItem":{"@type":"ListItem","@id":"https:\/\/monatglobal.com\/ca#listItem","name":"Home"}}]},{"@type":"Organization","@id":"https:\/\/monatglobal.com\/ca\/#organization","name":"Monat Canada English","description":"We Are Modern Nature","url":"https:\/\/monatglobal.com\/ca\/"},{"@type":"WebPage","@id":"https:\/\/monatglobal.com\/ca\/lash-brow-enhancing-serum\/?lang=fr#webpage","url":"https:\/\/monatglobal.com\/ca\/lash-brow-enhancing-serum\/?lang=fr","name":"S\u00c9RUM POUR LES CILS ET LES SOURCILS EYE WONDER - Monat Canada English","description":"Lash & BrowEnhancing Serum by MONAT\u2122 Un s\u00e9rum pour donner une apparence plus \u00e9paisse aux cils et aux sourcils.* *Bas\u00e9 sur les r\u00e9sultats d'un test de perception effectu\u00e9 apr\u00e8s 28 jours. 9 ml \u212e 0,30 oz liq. Prix de d\u00e9tail$00.00 $ CA Prix de client VIP$00.00 $ CA Pour en savoir plus sur le Lash & Brow Enhancing","inLanguage":"en-US","isPartOf":{"@id":"https:\/\/monatglobal.com\/ca\/#website"},"breadcrumb":{"@id":"https:\/\/monatglobal.com\/ca\/lash-brow-enhancing-serum\/?lang=fr#breadcrumblist"},"image":{"@type":"ImageObject","url":"https:\/\/monatglobal.com\/ca\/wp-content\/uploads\/sites\/5\/2019\/01\/EYE-WONDER-500x438.png","@id":"https:\/\/monatglobal.com\/ca\/lash-brow-enhancing-serum\/?lang=fr\/#mainImage","width":438,"height":500},"primaryImageOfPage":{"@id":"https:\/\/monatglobal.com\/ca\/lash-brow-enhancing-serum\/?lang=fr#mainImage"},"datePublished":"2018-04-18T04:37:35-04:00","dateModified":"2026-01-19T09:27:28-05:00"},{"@type":"WebSite","@id":"https:\/\/monatglobal.com\/ca\/#website","url":"https:\/\/monatglobal.com\/ca\/","name":"Monat Canada English","description":"We Are Modern Nature","inLanguage":"en-US","publisher":{"@id":"https:\/\/monatglobal.com\/ca\/#organization"}}]},"og:locale":"en_US","og:site_name":"Monat Canada English - We Are Modern Nature","og:type":"article","og:title":"S\u00c9RUM POUR LES CILS ET LES SOURCILS EYE WONDER - Monat Canada English","og:description":"Lash &amp; BrowEnhancing Serum by MONAT\u2122 Un s\u00e9rum pour donner une apparence plus \u00e9paisse aux cils et aux sourcils.* *Bas\u00e9 sur les r\u00e9sultats d'un test de perception effectu\u00e9 apr\u00e8s 28 jours. 9 ml \u212e 0,30 oz liq. Prix de d\u00e9tail$00.00 $ CA Prix de client VIP$00.00 $ CA Pour en savoir plus sur le Lash &amp; Brow Enhancing","og:url":"https:\/\/monatglobal.com\/ca\/lash-brow-enhancing-serum\/?lang=fr","article:published_time":"2018-04-18T04:37:35+00:00","article:modified_time":"2026-01-19T14:27:28+00:00","twitter:card":"summary_large_image","twitter:title":"S\u00c9RUM POUR LES CILS ET LES SOURCILS EYE WONDER - Monat Canada English","twitter:description":"Lash &amp; BrowEnhancing Serum by MONAT\u2122 Un s\u00e9rum pour donner une apparence plus \u00e9paisse aux cils et aux sourcils.* *Bas\u00e9 sur les r\u00e9sultats d'un test de perception effectu\u00e9 apr\u00e8s 28 jours. 9 ml \u212e 0,30 oz liq. Prix de d\u00e9tail$00.00 $ CA Prix de client VIP$00.00 $ CA Pour en savoir plus sur le Lash &amp; Brow Enhancing"},"aioseo_meta_data":{"post_id":"31954","title":null,"description":null,"keywords":null,"keyphrases":null,"primary_term":null,"canonical_url":null,"og_title":null,"og_description":null,"og_object_type":"default","og_image_type":"default","og_image_url":null,"og_image_width":null,"og_image_height":null,"og_image_custom_url":null,"og_image_custom_fields":null,"og_video":null,"og_custom_url":null,"og_article_section":null,"og_article_tags":null,"twitter_use_og":false,"twitter_card":"default","twitter_image_type":"default","twitter_image_url":null,"twitter_image_custom_url":null,"twitter_image_custom_fields":null,"twitter_title":null,"twitter_description":null,"schema":{"blockGraphs":[],"customGraphs":[],"default":{"data":{"Article":[],"Course":[],"Dataset":[],"FAQPage":[],"Movie":[],"Person":[],"Product":[],"ProductReview":[],"Car":[],"Recipe":[],"Service":[],"SoftwareApplication":[],"WebPage":[]},"graphName":"WebPage","isEnabled":true},"graphs":[]},"schema_type":"default","schema_type_options":null,"pillar_content":false,"robots_default":true,"robots_noindex":false,"robots_noarchive":false,"robots_nosnippet":false,"robots_nofollow":false,"robots_noimageindex":false,"robots_noodp":false,"robots_notranslate":false,"robots_max_snippet":null,"robots_max_videopreview":null,"robots_max_imagepreview":"large","priority":null,"frequency":null,"local_seo":null,"seo_analyzer_scan_date":"2026-02-10 03:28:37","limit_modified_date":false,"reviewed_by":null,"open_ai":null,"ai":null,"created":"2023-07-26 12:20:57","updated":"2026-02-10 18:39:09"},"aioseo_breadcrumb":"<div class=\"aioseo-breadcrumbs\"><span class=\"aioseo-breadcrumb\">\n\t<a href=\"https:\/\/monatglobal.com\/ca\" title=\"Home\">Home<\/a>\n<\/span><span class=\"aioseo-breadcrumb-separator\">&raquo;<\/span><span class=\"aioseo-breadcrumb\">\n\tS\u00c9RUM POUR LES CILS ET LES SOURCILS EYE WONDER\n<\/span><\/div>","aioseo_breadcrumb_json":[{"label":"Home","link":"https:\/\/monatglobal.com\/ca"},{"label":"S\u00c9RUM POUR LES CILS ET LES SOURCILS EYE WONDER","link":"https:\/\/monatglobal.com\/ca\/lash-brow-enhancing-serum\/?lang=fr"}],"_links":{"self":[{"href":"https:\/\/monatglobal.com\/ca\/wp-json\/wp\/v2\/pages\/31954","targetHints":{"allow":["GET"]}}],"collection":[{"href":"https:\/\/monatglobal.com\/ca\/wp-json\/wp\/v2\/pages"}],"about":[{"href":"https:\/\/monatglobal.com\/ca\/wp-json\/wp\/v2\/types\/page"}],"author":[{"embeddable":true,"href":"https:\/\/monatglobal.com\/ca\/wp-json\/wp\/v2\/users\/20"}],"replies":[{"embeddable":true,"href":"https:\/\/monatglobal.com\/ca\/wp-json\/wp\/v2\/comments?post=31954"}],"version-history":[{"count":48,"href":"https:\/\/monatglobal.com\/ca\/wp-json\/wp\/v2\/pages\/31954\/revisions"}],"predecessor-version":[{"id":110105,"href":"https:\/\/monatglobal.com\/ca\/wp-json\/wp\/v2\/pages\/31954\/revisions\/110105"}],"wp:featuredmedia":[{"embeddable":true,"href":"https:\/\/monatglobal.com\/ca\/wp-json\/wp\/v2\/media\/40632"}],"wp:attachment":[{"href":"https:\/\/monatglobal.com\/ca\/wp-json\/wp\/v2\/media?parent=31954"}],"wp:term":[{"taxonomy":"category","embeddable":true,"href":"https:\/\/monatglobal.com\/ca\/wp-json\/wp\/v2\/categories?post=31954"},{"taxonomy":"post_tag","embeddable":true,"href":"https:\/\/monatglobal.com\/ca\/wp-json\/wp\/v2\/tags?post=31954"}],"curies":[{"name":"wp","href":"https:\/\/api.w.org\/{rel}","templated":true}]}}