{"id":31928,"date":"2018-04-17T22:03:32","date_gmt":"2018-04-17T22:03:32","guid":{"rendered":"https:\/\/monatglobal.com\/ca\/?page_id=31928"},"modified":"2026-01-19T10:41:48","modified_gmt":"2026-01-19T15:41:48","slug":"conditioning-dry-shampoo","status":"publish","type":"page","link":"https:\/\/monatglobal.com\/ca\/conditioning-dry-shampoo\/?lang=fr","title":{"rendered":"Shampooing sec The Champ\u2122 MONAT STUDIO ONE\u2122"},"content":{"rendered":"\n\n\t<link rel=\"stylesheet\" href=\"https:\/\/unpkg.com\/swiper\/swiper-bundle.min.css\" \/>\n<link rel=\"stylesheet\" href=\"https:\/\/monatglobal.com\/wp-content\/creative_css\/product_styles_sheet.css\" \/>\n   <!--==================================================== ECOMM SECTION ====================================================--> \n   <p>MEILLEUR VENDEUR<\/p> \n      <!--==================================================== Ecomm image ====================================================-->\n      <img decoding=\"async\" src=\"https:\/\/monatglobal.com\/es\/wp-content\/uploads\/sites\/10\/2021\/10\/CHAMPU-ACONDICIONADOR-EN-SECO-MONAT-STUDIO-ONE-THE-CHAMP-ecomm.png\" alt=\"Product shot of MONAT STUDIO ONE\u2122 The Champ Conditioning Dry Shampoo.\ufe0f\" loading=\"lazy\"\/>\n      <!--==================================================== Ecomm information  ====================================================-->\n          <p>MEILLEUR VENDEUR<\/p>\n         <h1>Shampooing sec<br \/>The Champ\u2122<\/h1>\n         <p>MONAT STUDIO ONE\u2122<\/p>\n         <p>Avec REJUVENIQE<sup>\u00ae<\/sup><\/p>\n         <p>Un shampooing sec qui absorbe les huiles, la salet\u00e9 et les impuret\u00e9s entre deux&nbsp;lavages.<\/p>\n         <p>Poids net 113 g\/4 oz e 108 ml\/3,7 oz liq.<\/p>\n      <!--==================================================== pricing box ====================================================-->      \n   <p>Prix de d\u00e9tail<br \/>$00.00 $ CA<\/p>\n   <p>Prix de client VIP<br \/>$00.00 $ CA<\/p> \n       <!--==================================================== pricing box ====================================================-->    \n         <p>Pour en savoir plus sur le Shampooing sec The Champ\u2122, veuillez contacter votre partenaire de march\u00e9&nbsp;MONAT.<\/p>\n           <a href=\"\" target=\"_blank\" role=\"button\" aria-label=\"\" rel=\"noopener\"><\/a>\n   <!--==================================================== \/ECOMM SECTION  ====================================================-->\n   <!--==================================================== Benefits image ====================================================-->\n \n  <source media=\"(max-width: 700px)\" srcset=\"https:\/\/monatglobal.com\/nz\/wp-content\/uploads\/sites\/15\/2022\/10\/benefits-the-champ-mobile.jpg\" loading=\"lazy\"\/>\n    <img decoding=\"async\" src=\"https:\/\/monatglobal.com\/nz\/wp-content\/uploads\/sites\/15\/2022\/10\/benefits-the-champ-desk.jpg\" \n    alt=\"Blonde female smiling while holding MONAT STUDIO ONE\u2122 The Champ Conditioning Dry Shampoo.\" loading=\"lazy\"\/>\n  \n   <!--==================================================== Benefits text ====================================================-->\n         <h2>BIENFAITS<\/h2>\n         <h3>Ce shampooing sec utilise de l&#8217;amidon de riz tr\u00e8s fin pour absorber le s\u00e9bum afin de prolonger votre coiffure et d&#8217;espacer les&nbsp;lavages.<\/h3>\n         <p>Il convient \u00e0 tous les types et toutes les textures de cheveux et est s\u00e9curitaire pour les cheveux color\u00e9s. Ce produit est hypoallerg\u00e9nique et test\u00e9 sous contr\u00f4le&nbsp;dermatologique. <\/p>\n         <!--==================================================== features image  ====================================================-->\n         <img decoding=\"async\" alt=\"MONAT STUDIO ONE\u2122 The Champ Conditioning Dry Shampoo laying on a flat surface, along with ingredients such as lemon and lime slices, tomatoes, coconut pieces and sunflower seeds.\" src=\"https:\/\/monatglobal.com\/nz\/wp-content\/uploads\/sites\/15\/2022\/10\/The-champ-features.jpg\" loading=\"lazy\"\/>\n      <!--==================================================== features text ====================================================-->\n            <h3>Caract\u00e9ristiques<\/h3>\n                <p>\/ Absorbe le s\u00e9bum \u00e0 la&nbsp;racine<\/p>\n                <p>\/ Ajoute volume et&nbsp;texture<\/p>\n               <br \/>\n            <p>Parfum \/ Un parfum d&#8217;agrumes rehauss\u00e9 de notes de fleurs printani\u00e8res dont le jasmin et la rose, aux accents de mandarine et d&#8217;orange&nbsp;satsuma.<\/p>\n            <p> Texture \/ Poudre&nbsp;s\u00e8che <\/p>\n   <!--==================================================== composition image mobile ====================================================-->\n   <img decoding=\"async\" alt=\"MONAT STUDIO ONE\u2122 The Champ Conditioning Dry Shampoo laying on a purple surface with hair rollers and small pumpkins.\" src=\"https:\/\/monatglobal.com\/nz\/wp-content\/uploads\/sites\/15\/2022\/10\/The-champ-comp1.jpg\" loading=\"lazy\"\/>\n   <!--==================================================== Why it works text ====================================================-->\n      <h2>\u00c9liminez le s\u00e9bum gr\u00e2ce au Shampooing sec The Champ\u2122 MONAT STUDIO&nbsp;ONE \u2122.<\/h2>\n      <h3>The Champ\u2122 vous permet de rafra\u00eechir facilement votre coiffure la deuxi\u00e8me&nbsp;journ\u00e9e. <\/h3>\n      <p>Ce shampooing sec \u00e9limine la salet\u00e9, l&#8217;huile et les impuret\u00e9s pour un look&nbsp;gagnant.<\/p>\n<!--==================================================== Composition section ====================================================-->\n      <img decoding=\"async\" alt=\"MONAT STUDIO ONE\u2122 The Champ Conditioning Dry Shampoo laying on a purple surface with hair rollers and small pumpkins.\" src=\"https:\/\/monatglobal.com\/nz\/wp-content\/uploads\/sites\/15\/2022\/10\/The-champ-comp1.jpg\" loading=\"lazy\"\/>\n      <img decoding=\"async\" alt=\"Blonde female smiling while touching her hair, overlaying a purple background.\" \n      src=\"https:\/\/monatglobal.com\/nz\/wp-content\/uploads\/sites\/15\/2022\/10\/The-champ-comp2.jpg\" loading=\"lazy\"\/>\n            <!--==================================================== Directions text ====================================================--> \n               <h3>Mode d&#8217;emploi<\/h3>\n                    <p>\/ Bien secouer avant&nbsp;l&#8217;utilisation.<\/p>\n                    <p>\/ Vaporiser \u00e0 une distance de 10 \u00e0 12 pouces des cheveux, en insistant sur les&nbsp;racines.<\/p>\n                    <p>\/ Laisser s\u00e9cher 1 ou 2&nbsp;minutes.<\/p>\n            <!--==================================================== Directions video ====================================================-->\n      <p>REJUVENIQE<sup>\u00ae<\/sup> <br \/>0:00<\/p>\n            <a href=\"\" target=\"_blank\" role=\"button\" aria-label=\"\" rel=\"noopener\"><\/a>\n   <!--==================================================== Ingredients section  ====================================================-->\n      <h2>INGR\u00c9DIENTS CL\u00c9S<\/h2>\n   <p>REJUVENIQE<sup>\u00ae<\/sup><\/p>\n <p>Amidon de riz agrana<\/p>\n        <button id=\"myBtn\" type=\"button\">LISTE D&#8217;INGR\u00c9DIENTS<\/button>\n      <!--==================================================== Modal content  ====================================================-->\n         &times;\n         <p>Tetrafluoropropene, Alcohol Denat., Oryza Sativa (Rice) Starch, Quaternium-90 Sepiolite, Isopropyl Myristate, Fragrance\/Parfum, Limnanthes Alba (Meadowfoam) Seed Oil, Crambe Abyssinica Seed Oil, Cocos Nucifera (Coconut) Oil, Camellia Oleifera Seed Oil, Solanum Lycopersicum (Tomato) Seed Oil, Daucus Carota Sativa (Carrot) Seed Oil, Citrus Limon (Lemon) Peel Oil, Citrus Aurantifolia (Lime) Oil, Citrus Aurantium Bergamia (Bergamot) Fruit Oil, Adansonia Digitata Oil, Mauritia Flexuosa Fruit Oil, Gardenia Taitensis Flower Extract, Moringa Oleifera Seed Oil, Caryocar Brasiliense Fruit Oil, Helianthus Annuus (Sunflower) Seed Oil, Cetrimonium Chloride, Quaternium-90 Montmorillonite, Hydroxycitronellal, Limonene, Linalool.<\/p>\n   <!--==================================================== You might also like section ====================================================-->\n      <h2>VOUS POURRIEZ AUSSI AIMER<\/h2>\n      <!--==================================================== Slider YOU MIGHT ALSO LIKE ====================================================-->\n      <!---->\n      <!--   -->\n            <!--==================================================== Slides products ====================================================-->\n      <!--          -->\n      <!--               <a href=\"\/ca\/soothing-micellar-shampoo\/?lang=fr\" aria-label=\"Go to Shampooing micellaire apaisant page\">-->\n      <!--                <img decoding=\"async\" src=\"https:\/\/monatglobal.com\/ca\/wp-content\/uploads\/sites\/5\/2021\/04\/soothing-micellar-shampoo_876x1000-800x913.png\" alt=\"Shampooing micellaire apaisant\" loading=\"lazy\"\/>-->\n      <!--                <p>Shampooing micellaire<br \/>apaisant<\/p>-->\n      <!--              <\/a>-->\n      <!--          -->\n      <!--          -->\n      <!--             <a href=\"\/ca\/volume-spray\/?lang=fr\" aria-label=\"Go to Spray volumisant et amplifiant MONAT STUDIO ONE\u2122 page\">-->\n      <!--              <img decoding=\"async\" src=\"https:\/\/monatglobal.com\/wp-content\/uploads\/2021\/07\/VOLUME-LIFT-SPRAY.png\" alt=\"Spray volumisant et amplifiant MONAT STUDIO ONE\u2122\" loading=\"lazy\"\/>-->\n      <!--              <p>Spray volumisant<br \/>et amplifiant<br \/>MONAT STUDIO ONE\u2122<\/p>-->\n      <!--            <\/a>-->\n      <!--          -->\n      <!--          -->\n      <!--           <a href=\"\/ca\/makeup-vanishing-balm\/?lang=fr\" aria-label=\"Go to Makeup Vanishing Balm\u2122 page\">-->\n      <!--              <img decoding=\"async\" src=\"https:\/\/monatglobal.com\/wp-content\/uploads\/2021\/06\/Makeup-Vanishing-Balm_web_.png\" alt=\"Makeup Vanishing Balm\u2122\" loading=\"lazy\"\/>-->\n      <!--              <p>Makeup Vanishing Balm\u2122<\/p>-->\n      <!--           <\/a>-->\n      <!--          -->\n      <!--   -->\n         <!--==================================================== If we need navigation buttons  ====================================================-->\n      <!--   -->\n      <!--   -->\n         <!--==================================================== If we need paginations  ====================================================-->\n      <!--   -->\n      <!---->\n             <!-- If we need navigation buttons -->\n             <!-- If we need paginations -->\n    <a href=\"\" aria-label=\"\"><\/a>\n<!--==================================================== this link has to go last for it to work   ====================================================-->\n\n","protected":false},"excerpt":{"rendered":"<p>MEILLEUR VENDEUR MEILLEUR VENDEUR Shampooing secThe Champ\u2122 MONAT STUDIO ONE\u2122 Avec REJUVENIQE\u00ae Un shampooing sec qui absorbe les huiles, la salet\u00e9 et les impuret\u00e9s entre deux&nbsp;lavages. Poids net 113 g\/4 oz e 108 ml\/3,7 oz liq. Prix de d\u00e9tail$00.00 $ CA Prix de client VIP$00.00 $ CA Pour en savoir plus sur le Shampooing sec&hellip;<\/p>\n","protected":false},"author":20,"featured_media":40253,"parent":0,"menu_order":0,"comment_status":"closed","ping_status":"closed","template":"","meta":{"inline_featured_image":false,"om_disable_all_campaigns":false,"_monsterinsights_skip_tracking":false,"_monsterinsights_sitenote_active":false,"_monsterinsights_sitenote_note":"","_monsterinsights_sitenote_category":0,"footnotes":""},"categories":[3629],"tags":[],"class_list":["post-31928","page","type-page","status-publish","has-post-thumbnail","hentry","category-product-fra"],"aioseo_notices":[],"aioseo_head":"\n\t\t<!-- All in One SEO Pro 4.9.6 - aioseo.com -->\n\t<meta name=\"description\" content=\"MEILLEUR VENDEUR MEILLEUR VENDEUR Shampooing secThe Champ\u2122 MONAT STUDIO ONE\u2122 Avec REJUVENIQE\u00ae Un shampooing sec qui absorbe les huiles, la salet\u00e9 et les impuret\u00e9s entre deux lavages. Poids net 113 g\/4 oz e 108 ml\/3,7 oz liq. Prix de d\u00e9tail$00.00 $ CA Prix de client VIP$00.00 $ CA Pour en savoir plus sur le Shampooing sec\" \/>\n\t<meta name=\"robots\" content=\"max-image-preview:large\" \/>\n\t<link rel=\"canonical\" href=\"https:\/\/monatglobal.com\/ca\/conditioning-dry-shampoo\/?lang=fr\" \/>\n\t<meta name=\"generator\" content=\"All in One SEO Pro (AIOSEO) 4.9.6\" \/>\n\t\t<meta property=\"og:locale\" content=\"en_US\" \/>\n\t\t<meta property=\"og:site_name\" content=\"Monat Canada English - We Are Modern Nature\" \/>\n\t\t<meta property=\"og:type\" content=\"article\" \/>\n\t\t<meta property=\"og:title\" content=\"Shampooing sec The Champ\u2122 MONAT STUDIO ONE\u2122 - Monat Canada English\" \/>\n\t\t<meta property=\"og:description\" content=\"MEILLEUR VENDEUR MEILLEUR VENDEUR Shampooing secThe Champ\u2122 MONAT STUDIO ONE\u2122 Avec REJUVENIQE\u00ae Un shampooing sec qui absorbe les huiles, la salet\u00e9 et les impuret\u00e9s entre deux lavages. Poids net 113 g\/4 oz e 108 ml\/3,7 oz liq. Prix de d\u00e9tail$00.00 $ CA Prix de client VIP$00.00 $ CA Pour en savoir plus sur le Shampooing sec\" \/>\n\t\t<meta property=\"og:url\" content=\"https:\/\/monatglobal.com\/ca\/conditioning-dry-shampoo\/?lang=fr\" \/>\n\t\t<meta property=\"article:published_time\" content=\"2018-04-17T22:03:32+00:00\" \/>\n\t\t<meta property=\"article:modified_time\" content=\"2026-01-19T15:41:48+00:00\" \/>\n\t\t<meta name=\"twitter:card\" content=\"summary_large_image\" \/>\n\t\t<meta name=\"twitter:title\" content=\"Shampooing sec The Champ\u2122 MONAT STUDIO ONE\u2122 - Monat Canada English\" \/>\n\t\t<meta name=\"twitter:description\" content=\"MEILLEUR VENDEUR MEILLEUR VENDEUR Shampooing secThe Champ\u2122 MONAT STUDIO ONE\u2122 Avec REJUVENIQE\u00ae Un shampooing sec qui absorbe les huiles, la salet\u00e9 et les impuret\u00e9s entre deux lavages. Poids net 113 g\/4 oz e 108 ml\/3,7 oz liq. Prix de d\u00e9tail$00.00 $ CA Prix de client VIP$00.00 $ CA Pour en savoir plus sur le Shampooing sec\" \/>\n\t\t<script type=\"application\/ld+json\" class=\"aioseo-schema\">\n\t\t\t{\"@context\":\"https:\\\/\\\/schema.org\",\"@graph\":[{\"@type\":\"BreadcrumbList\",\"@id\":\"https:\\\/\\\/monatglobal.com\\\/ca\\\/conditioning-dry-shampoo\\\/?lang=fr#breadcrumblist\",\"itemListElement\":[{\"@type\":\"ListItem\",\"@id\":\"https:\\\/\\\/monatglobal.com\\\/ca#listItem\",\"position\":1,\"name\":\"Home\",\"item\":\"https:\\\/\\\/monatglobal.com\\\/ca\",\"nextItem\":{\"@type\":\"ListItem\",\"@id\":\"https:\\\/\\\/monatglobal.com\\\/ca\\\/conditioning-dry-shampoo\\\/?lang=fr#listItem\",\"name\":\"Shampooing sec The Champ\\u2122 MONAT STUDIO ONE\\u2122\"}},{\"@type\":\"ListItem\",\"@id\":\"https:\\\/\\\/monatglobal.com\\\/ca\\\/conditioning-dry-shampoo\\\/?lang=fr#listItem\",\"position\":2,\"name\":\"Shampooing sec The Champ\\u2122 MONAT STUDIO ONE\\u2122\",\"previousItem\":{\"@type\":\"ListItem\",\"@id\":\"https:\\\/\\\/monatglobal.com\\\/ca#listItem\",\"name\":\"Home\"}}]},{\"@type\":\"Organization\",\"@id\":\"https:\\\/\\\/monatglobal.com\\\/ca\\\/#organization\",\"name\":\"Monat Canada English\",\"description\":\"We Are Modern Nature\",\"url\":\"https:\\\/\\\/monatglobal.com\\\/ca\\\/\"},{\"@type\":\"WebPage\",\"@id\":\"https:\\\/\\\/monatglobal.com\\\/ca\\\/conditioning-dry-shampoo\\\/?lang=fr#webpage\",\"url\":\"https:\\\/\\\/monatglobal.com\\\/ca\\\/conditioning-dry-shampoo\\\/?lang=fr\",\"name\":\"Shampooing sec The Champ\\u2122 MONAT STUDIO ONE\\u2122 - Monat Canada English\",\"description\":\"MEILLEUR VENDEUR MEILLEUR VENDEUR Shampooing secThe Champ\\u2122 MONAT STUDIO ONE\\u2122 Avec REJUVENIQE\\u00ae Un shampooing sec qui absorbe les huiles, la salet\\u00e9 et les impuret\\u00e9s entre deux lavages. Poids net 113 g\\\/4 oz e 108 ml\\\/3,7 oz liq. Prix de d\\u00e9tail$00.00 $ CA Prix de client VIP$00.00 $ CA Pour en savoir plus sur le Shampooing sec\",\"inLanguage\":\"en-US\",\"isPartOf\":{\"@id\":\"https:\\\/\\\/monatglobal.com\\\/ca\\\/#website\"},\"breadcrumb\":{\"@id\":\"https:\\\/\\\/monatglobal.com\\\/ca\\\/conditioning-dry-shampoo\\\/?lang=fr#breadcrumblist\"},\"image\":{\"@type\":\"ImageObject\",\"url\":\"https:\\\/\\\/monatglobal.com\\\/ca\\\/wp-content\\\/uploads\\\/sites\\\/5\\\/2018\\\/12\\\/the-champ-studio-ca.png\",\"@id\":\"https:\\\/\\\/monatglobal.com\\\/ca\\\/conditioning-dry-shampoo\\\/?lang=fr\\\/#mainImage\",\"width\":438,\"height\":500},\"primaryImageOfPage\":{\"@id\":\"https:\\\/\\\/monatglobal.com\\\/ca\\\/conditioning-dry-shampoo\\\/?lang=fr#mainImage\"},\"datePublished\":\"2018-04-17T22:03:32-04:00\",\"dateModified\":\"2026-01-19T10:41:48-05:00\"},{\"@type\":\"WebSite\",\"@id\":\"https:\\\/\\\/monatglobal.com\\\/ca\\\/#website\",\"url\":\"https:\\\/\\\/monatglobal.com\\\/ca\\\/\",\"name\":\"Monat Canada English\",\"description\":\"We Are Modern Nature\",\"inLanguage\":\"en-US\",\"publisher\":{\"@id\":\"https:\\\/\\\/monatglobal.com\\\/ca\\\/#organization\"}}]}\n\t\t<\/script>\n\t\t<!-- All in One SEO Pro -->\r\n\t\t<title>Shampooing sec The Champ\u2122 MONAT STUDIO ONE\u2122 - Monat Canada English<\/title>\n\n","aioseo_head_json":{"title":"Shampooing sec The Champ\u2122 MONAT STUDIO ONE\u2122 - Monat Canada English","description":"MEILLEUR VENDEUR MEILLEUR VENDEUR Shampooing secThe Champ\u2122 MONAT STUDIO ONE\u2122 Avec REJUVENIQE\u00ae Un shampooing sec qui absorbe les huiles, la salet\u00e9 et les impuret\u00e9s entre deux lavages. Poids net 113 g\/4 oz e 108 ml\/3,7 oz liq. Prix de d\u00e9tail$00.00 $ CA Prix de client VIP$00.00 $ CA Pour en savoir plus sur le Shampooing sec","canonical_url":"https:\/\/monatglobal.com\/ca\/conditioning-dry-shampoo\/?lang=fr","robots":"max-image-preview:large","keywords":"","webmasterTools":{"miscellaneous":""},"schema":{"@context":"https:\/\/schema.org","@graph":[{"@type":"BreadcrumbList","@id":"https:\/\/monatglobal.com\/ca\/conditioning-dry-shampoo\/?lang=fr#breadcrumblist","itemListElement":[{"@type":"ListItem","@id":"https:\/\/monatglobal.com\/ca#listItem","position":1,"name":"Home","item":"https:\/\/monatglobal.com\/ca","nextItem":{"@type":"ListItem","@id":"https:\/\/monatglobal.com\/ca\/conditioning-dry-shampoo\/?lang=fr#listItem","name":"Shampooing sec The Champ\u2122 MONAT STUDIO ONE\u2122"}},{"@type":"ListItem","@id":"https:\/\/monatglobal.com\/ca\/conditioning-dry-shampoo\/?lang=fr#listItem","position":2,"name":"Shampooing sec The Champ\u2122 MONAT STUDIO ONE\u2122","previousItem":{"@type":"ListItem","@id":"https:\/\/monatglobal.com\/ca#listItem","name":"Home"}}]},{"@type":"Organization","@id":"https:\/\/monatglobal.com\/ca\/#organization","name":"Monat Canada English","description":"We Are Modern Nature","url":"https:\/\/monatglobal.com\/ca\/"},{"@type":"WebPage","@id":"https:\/\/monatglobal.com\/ca\/conditioning-dry-shampoo\/?lang=fr#webpage","url":"https:\/\/monatglobal.com\/ca\/conditioning-dry-shampoo\/?lang=fr","name":"Shampooing sec The Champ\u2122 MONAT STUDIO ONE\u2122 - Monat Canada English","description":"MEILLEUR VENDEUR MEILLEUR VENDEUR Shampooing secThe Champ\u2122 MONAT STUDIO ONE\u2122 Avec REJUVENIQE\u00ae Un shampooing sec qui absorbe les huiles, la salet\u00e9 et les impuret\u00e9s entre deux lavages. Poids net 113 g\/4 oz e 108 ml\/3,7 oz liq. Prix de d\u00e9tail$00.00 $ CA Prix de client VIP$00.00 $ CA Pour en savoir plus sur le Shampooing sec","inLanguage":"en-US","isPartOf":{"@id":"https:\/\/monatglobal.com\/ca\/#website"},"breadcrumb":{"@id":"https:\/\/monatglobal.com\/ca\/conditioning-dry-shampoo\/?lang=fr#breadcrumblist"},"image":{"@type":"ImageObject","url":"https:\/\/monatglobal.com\/ca\/wp-content\/uploads\/sites\/5\/2018\/12\/the-champ-studio-ca.png","@id":"https:\/\/monatglobal.com\/ca\/conditioning-dry-shampoo\/?lang=fr\/#mainImage","width":438,"height":500},"primaryImageOfPage":{"@id":"https:\/\/monatglobal.com\/ca\/conditioning-dry-shampoo\/?lang=fr#mainImage"},"datePublished":"2018-04-17T22:03:32-04:00","dateModified":"2026-01-19T10:41:48-05:00"},{"@type":"WebSite","@id":"https:\/\/monatglobal.com\/ca\/#website","url":"https:\/\/monatglobal.com\/ca\/","name":"Monat Canada English","description":"We Are Modern Nature","inLanguage":"en-US","publisher":{"@id":"https:\/\/monatglobal.com\/ca\/#organization"}}]},"og:locale":"en_US","og:site_name":"Monat Canada English - We Are Modern Nature","og:type":"article","og:title":"Shampooing sec The Champ\u2122 MONAT STUDIO ONE\u2122 - Monat Canada English","og:description":"MEILLEUR VENDEUR MEILLEUR VENDEUR Shampooing secThe Champ\u2122 MONAT STUDIO ONE\u2122 Avec REJUVENIQE\u00ae Un shampooing sec qui absorbe les huiles, la salet\u00e9 et les impuret\u00e9s entre deux lavages. Poids net 113 g\/4 oz e 108 ml\/3,7 oz liq. Prix de d\u00e9tail$00.00 $ CA Prix de client VIP$00.00 $ CA Pour en savoir plus sur le Shampooing sec","og:url":"https:\/\/monatglobal.com\/ca\/conditioning-dry-shampoo\/?lang=fr","article:published_time":"2018-04-17T22:03:32+00:00","article:modified_time":"2026-01-19T15:41:48+00:00","twitter:card":"summary_large_image","twitter:title":"Shampooing sec The Champ\u2122 MONAT STUDIO ONE\u2122 - Monat Canada English","twitter:description":"MEILLEUR VENDEUR MEILLEUR VENDEUR Shampooing secThe Champ\u2122 MONAT STUDIO ONE\u2122 Avec REJUVENIQE\u00ae Un shampooing sec qui absorbe les huiles, la salet\u00e9 et les impuret\u00e9s entre deux lavages. Poids net 113 g\/4 oz e 108 ml\/3,7 oz liq. Prix de d\u00e9tail$00.00 $ CA Prix de client VIP$00.00 $ CA Pour en savoir plus sur le Shampooing sec"},"aioseo_meta_data":{"post_id":"31928","title":null,"description":null,"keywords":null,"keyphrases":null,"primary_term":null,"canonical_url":null,"og_title":null,"og_description":null,"og_object_type":"default","og_image_type":"default","og_image_url":null,"og_image_width":null,"og_image_height":null,"og_image_custom_url":null,"og_image_custom_fields":null,"og_video":null,"og_custom_url":null,"og_article_section":null,"og_article_tags":null,"twitter_use_og":false,"twitter_card":"default","twitter_image_type":"default","twitter_image_url":null,"twitter_image_custom_url":null,"twitter_image_custom_fields":null,"twitter_title":null,"twitter_description":null,"schema":{"blockGraphs":[],"customGraphs":[],"default":{"data":{"Article":[],"Course":[],"Dataset":[],"FAQPage":[],"Movie":[],"Person":[],"Product":[],"ProductReview":[],"Car":[],"Recipe":[],"Service":[],"SoftwareApplication":[],"WebPage":[]},"graphName":"WebPage","isEnabled":true},"graphs":[]},"schema_type":"default","schema_type_options":null,"pillar_content":false,"robots_default":true,"robots_noindex":false,"robots_noarchive":false,"robots_nosnippet":false,"robots_nofollow":false,"robots_noimageindex":false,"robots_noodp":false,"robots_notranslate":false,"robots_max_snippet":null,"robots_max_videopreview":null,"robots_max_imagepreview":"large","priority":null,"frequency":null,"local_seo":null,"seo_analyzer_scan_date":"2026-02-10 03:28:30","limit_modified_date":false,"reviewed_by":null,"open_ai":null,"ai":null,"created":"2023-07-26 12:20:57","updated":"2026-02-10 18:39:08"},"aioseo_breadcrumb":"<div class=\"aioseo-breadcrumbs\"><span class=\"aioseo-breadcrumb\">\n\t<a href=\"https:\/\/monatglobal.com\/ca\" title=\"Home\">Home<\/a>\n<\/span><span class=\"aioseo-breadcrumb-separator\">&raquo;<\/span><span class=\"aioseo-breadcrumb\">\n\tShampooing sec The Champ\u2122 MONAT STUDIO ONE\u2122\n<\/span><\/div>","aioseo_breadcrumb_json":[{"label":"Home","link":"https:\/\/monatglobal.com\/ca"},{"label":"Shampooing sec The Champ\u2122 MONAT STUDIO ONE\u2122","link":"https:\/\/monatglobal.com\/ca\/conditioning-dry-shampoo\/?lang=fr"}],"_links":{"self":[{"href":"https:\/\/monatglobal.com\/ca\/wp-json\/wp\/v2\/pages\/31928","targetHints":{"allow":["GET"]}}],"collection":[{"href":"https:\/\/monatglobal.com\/ca\/wp-json\/wp\/v2\/pages"}],"about":[{"href":"https:\/\/monatglobal.com\/ca\/wp-json\/wp\/v2\/types\/page"}],"author":[{"embeddable":true,"href":"https:\/\/monatglobal.com\/ca\/wp-json\/wp\/v2\/users\/20"}],"replies":[{"embeddable":true,"href":"https:\/\/monatglobal.com\/ca\/wp-json\/wp\/v2\/comments?post=31928"}],"version-history":[{"count":64,"href":"https:\/\/monatglobal.com\/ca\/wp-json\/wp\/v2\/pages\/31928\/revisions"}],"predecessor-version":[{"id":110119,"href":"https:\/\/monatglobal.com\/ca\/wp-json\/wp\/v2\/pages\/31928\/revisions\/110119"}],"wp:featuredmedia":[{"embeddable":true,"href":"https:\/\/monatglobal.com\/ca\/wp-json\/wp\/v2\/media\/40253"}],"wp:attachment":[{"href":"https:\/\/monatglobal.com\/ca\/wp-json\/wp\/v2\/media?parent=31928"}],"wp:term":[{"taxonomy":"category","embeddable":true,"href":"https:\/\/monatglobal.com\/ca\/wp-json\/wp\/v2\/categories?post=31928"},{"taxonomy":"post_tag","embeddable":true,"href":"https:\/\/monatglobal.com\/ca\/wp-json\/wp\/v2\/tags?post=31928"}],"curies":[{"name":"wp","href":"https:\/\/api.w.org\/{rel}","templated":true}]}}