{"id":31911,"date":"2018-04-17T17:33:02","date_gmt":"2018-04-17T17:33:02","guid":{"rendered":"https:\/\/monatglobal.com\/ca\/?page_id=31911"},"modified":"2026-03-09T12:30:42","modified_gmt":"2026-03-09T16:30:42","slug":"intense-repair-treatment-conditioner","status":"publish","type":"page","link":"https:\/\/monatglobal.com\/ca\/intense-repair-treatment-conditioner\/?lang=fr","title":{"rendered":"REVITALISANT INTENSE REPAIR"},"content":{"rendered":"\n\n\t<link rel=\"stylesheet\" href=\"https:\/\/unpkg.com\/swiper\/swiper-bundle.min.css\" \/>\n<link rel=\"stylesheet\" href=\"https:\/\/monatglobal.com\/wp-content\/creative_css\/product_styles_sheet.css\" \/> \n\t<!--==================================================== ECOMM SECTION ====================================================-->\n\t<p>MEILLEUR VENDEUR<\/p>\n\t\t<!--==================================================== Ecomm image ====================================================-->\n\t\t<img decoding=\"async\" src=\"https:\/\/monatglobal.com\/wp-content\/uploads\/2022\/08\/IR-CLINICAL-THICKENING-CONDITIONER_ecomm-2022_web_page.png\" alt=\"Product shot of IR CLINICAL\u2122 Thickening Conditioner\" loading=\"lazy\"\/>\n\t\t<!--==================================================== Ecomm information  ====================================================-->\n\t\t\t\n\t\t\t<p>MEILLEUR VENDEUR<\/p>\n\t\t\t\n\t\t\t<h1>Apr\u00e8s-shampooing <br \/>\u00e9paississant<\/h1> \n\t\t\t<p>IR Clinical\u2122<\/p>\n\t\t\t<p>Offre une exp\u00e9rience revitalisante et rafra\u00eechissante, laissant les cheveux plus \u00e9pais et d&#8217;apparence plus volumineuse.*<\/p>\n\t\t\t<p>*Bas\u00e9 sur les tests instrumentaux mesurant le diam\u00e8tre de la fibre capillaire apr\u00e8s l&#8217;application du produit.<\/p>\n\t\t\t<p>178 ml \u212e 6 oz liq.<\/p>   \n      <!--==================================================== pricing box ====================================================-->    \n   <p>Prix de d\u00e9tail<br \/>$00.00 $ CA<\/p>\n   <p>Prix de client VIP<br \/>$00.00 $ CA<\/p> \n\t <!--==================================================== pricing box ====================================================-->    \n\t\t\t<p>Pour en savoir plus sur le Shampooing \u00e9paississant IR Clinical\u2122, veuillez contacter votre partenaire de march\u00e9&nbsp;MONAT.<\/p>\n\t\t\t <a href=\"\" target=\"_blank\" role=\"button\" aria-label=\"\" rel=\"noopener\"><\/a>\n\t<!--==================================================== \/ECOMM SECTION  ====================================================-->\n\t<!--==================================================== Benefits image ====================================================-->\n\t\n\t\t<source media=\"(max-width: 700px)\" srcset=\"https:\/\/monatglobal.com\/wp-content\/uploads\/2022\/08\/benefits-mobile-Ir-clinical-CONDITIONER-BENEFITS.jpg\" loading=\"lazy\"\/>\n\t\t\t<img decoding=\"async\" alt=\"Brunette female smirking while looking down.\" src=\"https:\/\/monatglobal.com\/wp-content\/uploads\/2022\/08\/Smooth-Renew-Body-Lotion-benefits-1.jpg\" loading=\"lazy\"\/>\n\t\t\n\t\t<!--==================================================== Benefits text ====================================================-->\n\t\t\t\t<h2>BIENFAITS<\/h2>\n\t\t\t\t<h3>Il renforce les cheveux affaiblis pour lutter contre la chute de cheveux et r\u00e9v\u00e9ler des cheveux plus volumineux et plus radieux!* Cette formule con\u00e7ue cliniquement d\u00e9m\u00eale et \u00e9paissit les cheveux avec l&#8217;utilisation&nbsp;r\u00e9p\u00e9t\u00e9e.**<\/h3>\n                    *Bas\u00e9 sur une \u00e9tude \u00e9valuant la cassure des cheveux en raison du peignage et du brossage. <br \/>\n                    **Bas\u00e9 sur les tests instrumentaux mesurant le diam\u00e8tre de la fibre capillaire apr\u00e8s deux applications du produit. \n\t\t\t\t<!--==================================================== features image  ====================================================-->\n\t\t\t\t<img decoding=\"async\" alt=\"Petri dishes with different ingredients sitting on a lavendar surface.\" src=\"https:\/\/monatglobal.com\/wp-content\/uploads\/2022\/09\/IR-Clinical-Composition-2-2.jpg\" loading=\"lazy\"\/>\n\t\t\t<!--==================================================== features text ====================================================-->\n\t\t\t\t\t<h3>Caract\u00e9ristiques<\/h3> \n\t\t\t\t\t    <p>\/ Le CAPIXYL\u2122 aide \u00e0 renforcer, \u00e0 \u00e9paissir et \u00e0 augmenter la densit\u00e9 des&nbsp;cheveux<\/p>\n\t\t\t\t\t\t<p>\/ Le REJUVENIQE<sup>\u00ae<\/sup> est riche en acides gras Om\u00e9ga, en antioxydants et en&nbsp;nutriments<\/p>\n\t\t\t\t\t\t<p>\/ L&#8217;extrait de pois favorise l&#8217;apparence saine des&nbsp;cheveux<\/p>\n\t\t\t\t\t\t<br \/>\n\t\t\t\t\t<p>Parfum \/ Aux notes rafra\u00eechissantes d&#8217;huile de romarin et de&nbsp;menthe<\/p>\n\t\t\t\t\t<p> Texture \/ Un riche apr\u00e8s-shampooing<\/p>\n\t\t<!--==================================================== composition image mobile ====================================================-->\n\t\t<img decoding=\"async\" alt=\"IR CLINICAL\u2122 Thickening Conditioner on a white surface, infront of test tubes filled with purple liquid.\" src=\"https:\/\/monatglobal.com\/wp-content\/uploads\/2022\/08\/IR-Clinical-Aconditioner-Comp1.jpg\" loading=\"lazy\"\/>\n\t\t<!--==================================================== Why it works text ====================================================-->\n\t\t\t\n\t\t\t<h3>Pour des cheveux plus \u00e9pais et d&#8217;apparence plus&nbsp;volumineuse*<\/h3>\n             <p>*Bas\u00e9 sur les tests instrumentaux mesurant le diam\u00e8tre de la fibre capillaire apr\u00e8s l&#8217;application du&nbsp;produit.<\/p> \n              <p>Un m\u00e9lange unique d&#8217;ingr\u00e9dients actifs, d&#8217;extraits et de REJUVENIQE<sup>\u00ae<\/sup> aide \u00e0 \u00e9paissir et \u00e0 renforcer les cheveux, les laissant plus \u00e9pais et d&#8217;apparence plus volumineuse, tout en offrant une exp\u00e9rience nourrissante et&nbsp;vivifiante.<\/p>\n\t<!--==================================================== Composition section ====================================================-->\n\t\t\t<img decoding=\"async\" alt=\"MIR CLINICAL\u2122 Thickening Conditioner on a white surface, infront of test tubes filled with purple liquid.\" src=\"https:\/\/monatglobal.com\/wp-content\/uploads\/2022\/08\/IR-Clinical-Aconditioner-Comp1.jpg\" loading=\"lazy\"\/>\n\t\t\t<img decoding=\"async\" alt=\"A female washing her hair in the shower, overlaying a photo of bubbles on an iridescent background.\" src=\"https:\/\/monatglobal.com\/wp-content\/uploads\/2022\/08\/IR-Clinical-Comps-Recovered.jpg\" loading=\"lazy\"\/>\n\t\t\t\t\t<!--==================================================== Directions text ====================================================--> \n\t\t\t\t\t\t<h3>Mode d&#8217;emploi<\/h3>\n\t\t\t\t\t\t\t<p>\/ Utiliser apr\u00e8s le Shampooing \u00e9paississant IR Clinical\u2122. Essorer les cheveux et appliquer le produit du cuir chevelu jusqu&#8217;aux&nbsp;pointes.<\/p>\n\t\t\t\t\t\t\t<p>\/ Laisser agir 3 \u00e0 5&nbsp;minutes. <\/p>\n\t\t\t\t\t\t\t<p>\/ Bien rincer.<\/p>\n\t\t\t\t\t<!--==================================================== Directions video ====================================================-->\n\t\t<p>Apr\u00e8s-shampooing \u00e9paississant<br \/>IR Clinical\u2122<br \/>0:43<\/p>\n\t<a href=\"\" target=\"_blank\" role=\"button\" aria-label=\"\" rel=\"noopener\"><\/a>\n\t<!--==================================================== Ingredients section  ====================================================-->\n\t\t<h2>INGR\u00c9DIENTS CL\u00c9S<\/h2>\n\t\t\t\t\t<img decoding=\"async\" src=\"https:\/\/monatglobal.com\/wp-content\/uploads\/2022\/11\/REJUVENIQE\u2122.svg\" alt=\"REJUVENIQE\u2122\"\/>\n\t\t\t\t<p>REJUVENIQE<sup>\u00ae<\/sup><\/p>\n\t\t\t<img decoding=\"async\" src=\"https:\/\/monatglobal.com\/wp-content\/uploads\/2022\/11\/capixyl.svg\" alt=\"Capixyl\u2122 Icon\"\/>\n\t\t\t<p>CAPIXYL\u2122 <\/p>\n\t\t<img decoding=\"async\" src=\"https:\/\/monatglobal.com\/wp-content\/uploads\/2022\/11\/Pea-extract.svg\" alt=\"Extrait de pois\"\/>\n\t\t<p>Extrait de pois<\/p>\n\t\t<img decoding=\"async\" src=\"https:\/\/monatglobal.com\/wp-content\/uploads\/2022\/08\/Vegan-uv-protect.svg\"\/>\n\t<p>Protecteur UV v\u00e9gan<\/p>\n\t\t<img decoding=\"async\" src=\"https:\/\/monatglobal.com\/wp-content\/uploads\/2022\/11\/Peppermint-Oil.svg\" alt=\"Essence de menthe poivr\u00e9e\"\/>\n\t<p>Essence de menthe poivr\u00e9e<\/p>\n<img decoding=\"async\" src=\"https:\/\/monatglobal.com\/wp-content\/uploads\/2022\/11\/Rosemary-Oil.svg\" alt=\"Essence de romarin\"\/>\n\t<p>Essence de romarin<\/p>\n\t<button id=\"myBtn\" type=\"button\">LISTE D&#8217;INGR\u00c9DIENTS<\/button>\n\t<!--==================================================== Modal content  ====================================================-->\n\t\t&times;\n\t\t<p>Aqua\/Water\/Eau, Cetearyl Alcohol, Isoamyl Laurate, Behentrimonium Chloride, Glycerin, Stearamidopropyl Dimethylamine,  Linum Usitatissimum (Linseed) Seed Extract, , Pisum Sativum (Pea) Extract, Acetyl Tetrapeptide-3, Trifolium Pratense (Clover) Flower Extract, Limnanthes Alba (Meadowfoam) Seed Oil, Crambe Abyssinica Seed Oil, Camellia Oleifera Seed Oil, Solanum Lycopersicum (Tomato) Seed Oil, Daucus Carota Sativa (Carrot) Seed Oil, Citrus Limon (Lemon) Peel Oil, Citrus Aurantifolia (Lime) Oil, Citrus Aurantium Bergamia (Bergamot) Fruit Oil, Adansonia Digitata Oil, Mauritia Flexuosa Fruit Oil, Cocos Nucifera (Coconut) Oil, Gardenia Taitensis Flower Extract, Moringa Oleifera Seed Oil, Caryocar Brasiliense Fruit Oil, Helianthus Annuus (Sunflower) Seed Oil, Mentha Piperita (Peppermint) Oil, Rosmarinus Officinalis (Rosemary) Leaf Oil, Salvia Hispanica Seed Extract, Cinnamidopropyltrimonium Chloride, Dextran, Citric Acid, Glyceryl Caprylate, Caprylhydroxamic Acid, Butylene Glycol, Benzyl Alcohol, Dehydroacetic Acid, Xylitol, Caprylic Acid, Sodium Benzoate.<\/p>\n<!--==================================================== You might also like section ====================================================-->\n\t<h2>VOUS POURRIEZ AUSSI AIMER<\/h2>\n\t<!--==================================================== Slider YOU MIGHT ALSO LIKE ====================================================-->\n\t<!---->\n\t<!--\t-->\n\t\t\t<!--==================================================== Slides products ====================================================-->\n\t<!--\t\t-->\n\t<!--\t\t\t<a href=\"\/ca\/irt-shampoo\/?lang=fr\" aria-label=\"Go to Shampooing \u00e9paississant IR Clinical\u2122 page\">-->\n\t<!--\t\t\t\t<img decoding=\"async\" src=\"https:\/\/monatglobal.com\/wp-content\/uploads\/2022\/12\/IR-CLINICAL-THICKENING-SHAMPOO_Ecomm-min-1.png\" alt=\"Shampooing \u00e9paississant IR Clinical\u2122\" loading=\"lazy\"\/>-->\n\t<!--\t\t\t\t<p>Shampooing \u00e9paississant<br \/>IR Clinical\u2122<\/p>-->\n\t<!--\t\t\t<\/a>-->\n\t<!--\t\t-->\n\t<!--\t\t-->\n\t<!--\t\t\t<a href=\"\/ca\/intense-repair-serum\/?lang=fr\" aria-label=\"Go to Soin pour cheveux amincissants IR Clinical\u2122 page\">-->\n\t<!--\t\t\t\t<img decoding=\"async\" src=\"https:\/\/monatglobal.com\/wp-content\/uploads\/2022\/12\/IR-CLINICAL-HAIR-THINNING-DEFENSE-SERUM_E_comm-min.png\" alt=\"Soin pour cheveux amincissants IR Clinical\u2122\" loading=\"lazy\"\/>-->\n\t<!--\t\t\t\t<p>Soin pour cheveux amincissants <br \/>IR Clinical\u2122<\/p>-->\n\t<!--\t\t\t<\/a>-->\n\t<!--\t\t-->\n\t<!--\t\t-->\n\t<!--\t\t\t<a href=\"\/ca\/volume-spray\/?lang=fr\" aria-label=\"Go to Spray volumisant et amplifiant MONAT STUDIO ONE\u2122 page\">-->\n\t<!--\t\t\t\t<img decoding=\"async\" src=\"https:\/\/monatglobal.com\/wp-content\/uploads\/2022\/12\/STUDIO-ONE-VOLUME-LIFT-SPRAY_-ecomm-min.png\" alt=\"Spray volumisant et amplifiant MONAT STUDIO ONE\u2122\" loading=\"lazy\"\/>-->\n\t<!--\t\t\t\t<p>Spray volumisant et amplifiant<br \/>MONAT STUDIO ONE\u2122<\/p>-->\n\t<!--\t\t\t<\/a>-->\n\t<!--\t\t-->\n\t<!--\t-->\n\t\t<!--==================================================== If we need navigation buttons  ====================================================-->\n\t<!--\t-->\n\t<!--\t-->\n\t\t<!--==================================================== If we need paginations  ====================================================-->\n\t<!--\t-->\n\t<!---->\n             <!-- If we need navigation buttons -->\n             <!-- If we need paginations -->\n    <a href=\"\" aria-label=\"\"><\/a>\n<!--==================================================== this link has to go last for it to work   ====================================================-->\n\n","protected":false},"excerpt":{"rendered":"<p>MEILLEUR VENDEUR MEILLEUR VENDEUR Apr\u00e8s-shampooing \u00e9paississant IR Clinical\u2122 Offre une exp\u00e9rience revitalisante et rafra\u00eechissante, laissant les cheveux plus \u00e9pais et d&#8217;apparence plus volumineuse.* *Bas\u00e9 sur les tests instrumentaux mesurant le diam\u00e8tre de la fibre capillaire apr\u00e8s l&#8217;application du produit. 178 ml \u212e 6 oz liq. Prix de d\u00e9tail$00.00 $ CA Prix de client VIP$00.00 $&hellip;<\/p>\n","protected":false},"author":20,"featured_media":110332,"parent":0,"menu_order":0,"comment_status":"closed","ping_status":"closed","template":"","meta":{"inline_featured_image":false,"om_disable_all_campaigns":false,"_monsterinsights_skip_tracking":false,"_monsterinsights_sitenote_active":false,"_monsterinsights_sitenote_note":"","_monsterinsights_sitenote_category":0,"footnotes":""},"categories":[3629],"tags":[],"class_list":["post-31911","page","type-page","status-publish","has-post-thumbnail","hentry","category-product-fra"],"aioseo_notices":[],"aioseo_head":"\n\t\t<!-- All in One SEO Pro 4.9.6 - aioseo.com -->\n\t<meta name=\"description\" content=\"MEILLEUR VENDEUR MEILLEUR VENDEUR Apr\u00e8s-shampooing \u00e9paississant IR Clinical\u2122 Offre une exp\u00e9rience revitalisante et rafra\u00eechissante, laissant les cheveux plus \u00e9pais et d&#039;apparence plus volumineuse.* *Bas\u00e9 sur les tests instrumentaux mesurant le diam\u00e8tre de la fibre capillaire apr\u00e8s l&#039;application du produit. 178 ml \u212e 6 oz liq. Prix de d\u00e9tail$00.00 $ CA Prix de client VIP$00.00 $\" \/>\n\t<meta name=\"robots\" content=\"max-image-preview:large\" \/>\n\t<link rel=\"canonical\" href=\"https:\/\/monatglobal.com\/ca\/intense-repair-treatment-conditioner\/?lang=fr\" \/>\n\t<meta name=\"generator\" content=\"All in One SEO Pro (AIOSEO) 4.9.6\" \/>\n\t\t<meta property=\"og:locale\" content=\"en_US\" \/>\n\t\t<meta property=\"og:site_name\" content=\"Monat Canada English - We Are Modern Nature\" \/>\n\t\t<meta property=\"og:type\" content=\"article\" \/>\n\t\t<meta property=\"og:title\" content=\"REVITALISANT INTENSE REPAIR - Monat Canada English\" \/>\n\t\t<meta property=\"og:description\" content=\"MEILLEUR VENDEUR MEILLEUR VENDEUR Apr\u00e8s-shampooing \u00e9paississant IR Clinical\u2122 Offre une exp\u00e9rience revitalisante et rafra\u00eechissante, laissant les cheveux plus \u00e9pais et d&#039;apparence plus volumineuse.* *Bas\u00e9 sur les tests instrumentaux mesurant le diam\u00e8tre de la fibre capillaire apr\u00e8s l&#039;application du produit. 178 ml \u212e 6 oz liq. Prix de d\u00e9tail$00.00 $ CA Prix de client VIP$00.00 $\" \/>\n\t\t<meta property=\"og:url\" content=\"https:\/\/monatglobal.com\/ca\/intense-repair-treatment-conditioner\/?lang=fr\" \/>\n\t\t<meta property=\"article:published_time\" content=\"2018-04-17T17:33:02+00:00\" \/>\n\t\t<meta property=\"article:modified_time\" content=\"2026-03-09T16:30:42+00:00\" \/>\n\t\t<meta name=\"twitter:card\" content=\"summary_large_image\" \/>\n\t\t<meta name=\"twitter:title\" content=\"REVITALISANT INTENSE REPAIR - Monat Canada English\" \/>\n\t\t<meta name=\"twitter:description\" content=\"MEILLEUR VENDEUR MEILLEUR VENDEUR Apr\u00e8s-shampooing \u00e9paississant IR Clinical\u2122 Offre une exp\u00e9rience revitalisante et rafra\u00eechissante, laissant les cheveux plus \u00e9pais et d&#039;apparence plus volumineuse.* *Bas\u00e9 sur les tests instrumentaux mesurant le diam\u00e8tre de la fibre capillaire apr\u00e8s l&#039;application du produit. 178 ml \u212e 6 oz liq. Prix de d\u00e9tail$00.00 $ CA Prix de client VIP$00.00 $\" \/>\n\t\t<script type=\"application\/ld+json\" class=\"aioseo-schema\">\n\t\t\t{\"@context\":\"https:\\\/\\\/schema.org\",\"@graph\":[{\"@type\":\"BreadcrumbList\",\"@id\":\"https:\\\/\\\/monatglobal.com\\\/ca\\\/intense-repair-treatment-conditioner\\\/?lang=fr#breadcrumblist\",\"itemListElement\":[{\"@type\":\"ListItem\",\"@id\":\"https:\\\/\\\/monatglobal.com\\\/ca#listItem\",\"position\":1,\"name\":\"Home\",\"item\":\"https:\\\/\\\/monatglobal.com\\\/ca\",\"nextItem\":{\"@type\":\"ListItem\",\"@id\":\"https:\\\/\\\/monatglobal.com\\\/ca\\\/intense-repair-treatment-conditioner\\\/?lang=fr#listItem\",\"name\":\"REVITALISANT INTENSE REPAIR\"}},{\"@type\":\"ListItem\",\"@id\":\"https:\\\/\\\/monatglobal.com\\\/ca\\\/intense-repair-treatment-conditioner\\\/?lang=fr#listItem\",\"position\":2,\"name\":\"REVITALISANT INTENSE REPAIR\",\"previousItem\":{\"@type\":\"ListItem\",\"@id\":\"https:\\\/\\\/monatglobal.com\\\/ca#listItem\",\"name\":\"Home\"}}]},{\"@type\":\"Organization\",\"@id\":\"https:\\\/\\\/monatglobal.com\\\/ca\\\/#organization\",\"name\":\"Monat Canada English\",\"description\":\"We Are Modern Nature\",\"url\":\"https:\\\/\\\/monatglobal.com\\\/ca\\\/\"},{\"@type\":\"WebPage\",\"@id\":\"https:\\\/\\\/monatglobal.com\\\/ca\\\/intense-repair-treatment-conditioner\\\/?lang=fr#webpage\",\"url\":\"https:\\\/\\\/monatglobal.com\\\/ca\\\/intense-repair-treatment-conditioner\\\/?lang=fr\",\"name\":\"REVITALISANT INTENSE REPAIR - Monat Canada English\",\"description\":\"MEILLEUR VENDEUR MEILLEUR VENDEUR Apr\\u00e8s-shampooing \\u00e9paississant IR Clinical\\u2122 Offre une exp\\u00e9rience revitalisante et rafra\\u00eechissante, laissant les cheveux plus \\u00e9pais et d'apparence plus volumineuse.* *Bas\\u00e9 sur les tests instrumentaux mesurant le diam\\u00e8tre de la fibre capillaire apr\\u00e8s l'application du produit. 178 ml \\u212e 6 oz liq. Prix de d\\u00e9tail$00.00 $ CA Prix de client VIP$00.00 $\",\"inLanguage\":\"en-US\",\"isPartOf\":{\"@id\":\"https:\\\/\\\/monatglobal.com\\\/ca\\\/#website\"},\"breadcrumb\":{\"@id\":\"https:\\\/\\\/monatglobal.com\\\/ca\\\/intense-repair-treatment-conditioner\\\/?lang=fr#breadcrumblist\"},\"image\":{\"@type\":\"ImageObject\",\"url\":\"https:\\\/\\\/monatglobal.com\\\/ca\\\/wp-content\\\/uploads\\\/sites\\\/5\\\/2026\\\/03\\\/IR-CLINICAL-THICKENING-CONDITIONER_ecomm-2022_web_page.png\",\"@id\":\"https:\\\/\\\/monatglobal.com\\\/ca\\\/intense-repair-treatment-conditioner\\\/?lang=fr\\\/#mainImage\",\"width\":641,\"height\":800},\"primaryImageOfPage\":{\"@id\":\"https:\\\/\\\/monatglobal.com\\\/ca\\\/intense-repair-treatment-conditioner\\\/?lang=fr#mainImage\"},\"datePublished\":\"2018-04-17T17:33:02-04:00\",\"dateModified\":\"2026-03-09T12:30:42-04:00\"},{\"@type\":\"WebSite\",\"@id\":\"https:\\\/\\\/monatglobal.com\\\/ca\\\/#website\",\"url\":\"https:\\\/\\\/monatglobal.com\\\/ca\\\/\",\"name\":\"Monat Canada English\",\"description\":\"We Are Modern Nature\",\"inLanguage\":\"en-US\",\"publisher\":{\"@id\":\"https:\\\/\\\/monatglobal.com\\\/ca\\\/#organization\"}}]}\n\t\t<\/script>\n\t\t<!-- All in One SEO Pro -->\r\n\t\t<title>REVITALISANT INTENSE REPAIR - Monat Canada English<\/title>\n\n","aioseo_head_json":{"title":"REVITALISANT INTENSE REPAIR - Monat Canada English","description":"MEILLEUR VENDEUR MEILLEUR VENDEUR Apr\u00e8s-shampooing \u00e9paississant IR Clinical\u2122 Offre une exp\u00e9rience revitalisante et rafra\u00eechissante, laissant les cheveux plus \u00e9pais et d'apparence plus volumineuse.* *Bas\u00e9 sur les tests instrumentaux mesurant le diam\u00e8tre de la fibre capillaire apr\u00e8s l'application du produit. 178 ml \u212e 6 oz liq. Prix de d\u00e9tail$00.00 $ CA Prix de client VIP$00.00 $","canonical_url":"https:\/\/monatglobal.com\/ca\/intense-repair-treatment-conditioner\/?lang=fr","robots":"max-image-preview:large","keywords":"","webmasterTools":{"miscellaneous":""},"schema":{"@context":"https:\/\/schema.org","@graph":[{"@type":"BreadcrumbList","@id":"https:\/\/monatglobal.com\/ca\/intense-repair-treatment-conditioner\/?lang=fr#breadcrumblist","itemListElement":[{"@type":"ListItem","@id":"https:\/\/monatglobal.com\/ca#listItem","position":1,"name":"Home","item":"https:\/\/monatglobal.com\/ca","nextItem":{"@type":"ListItem","@id":"https:\/\/monatglobal.com\/ca\/intense-repair-treatment-conditioner\/?lang=fr#listItem","name":"REVITALISANT INTENSE REPAIR"}},{"@type":"ListItem","@id":"https:\/\/monatglobal.com\/ca\/intense-repair-treatment-conditioner\/?lang=fr#listItem","position":2,"name":"REVITALISANT INTENSE REPAIR","previousItem":{"@type":"ListItem","@id":"https:\/\/monatglobal.com\/ca#listItem","name":"Home"}}]},{"@type":"Organization","@id":"https:\/\/monatglobal.com\/ca\/#organization","name":"Monat Canada English","description":"We Are Modern Nature","url":"https:\/\/monatglobal.com\/ca\/"},{"@type":"WebPage","@id":"https:\/\/monatglobal.com\/ca\/intense-repair-treatment-conditioner\/?lang=fr#webpage","url":"https:\/\/monatglobal.com\/ca\/intense-repair-treatment-conditioner\/?lang=fr","name":"REVITALISANT INTENSE REPAIR - Monat Canada English","description":"MEILLEUR VENDEUR MEILLEUR VENDEUR Apr\u00e8s-shampooing \u00e9paississant IR Clinical\u2122 Offre une exp\u00e9rience revitalisante et rafra\u00eechissante, laissant les cheveux plus \u00e9pais et d'apparence plus volumineuse.* *Bas\u00e9 sur les tests instrumentaux mesurant le diam\u00e8tre de la fibre capillaire apr\u00e8s l'application du produit. 178 ml \u212e 6 oz liq. Prix de d\u00e9tail$00.00 $ CA Prix de client VIP$00.00 $","inLanguage":"en-US","isPartOf":{"@id":"https:\/\/monatglobal.com\/ca\/#website"},"breadcrumb":{"@id":"https:\/\/monatglobal.com\/ca\/intense-repair-treatment-conditioner\/?lang=fr#breadcrumblist"},"image":{"@type":"ImageObject","url":"https:\/\/monatglobal.com\/ca\/wp-content\/uploads\/sites\/5\/2026\/03\/IR-CLINICAL-THICKENING-CONDITIONER_ecomm-2022_web_page.png","@id":"https:\/\/monatglobal.com\/ca\/intense-repair-treatment-conditioner\/?lang=fr\/#mainImage","width":641,"height":800},"primaryImageOfPage":{"@id":"https:\/\/monatglobal.com\/ca\/intense-repair-treatment-conditioner\/?lang=fr#mainImage"},"datePublished":"2018-04-17T17:33:02-04:00","dateModified":"2026-03-09T12:30:42-04:00"},{"@type":"WebSite","@id":"https:\/\/monatglobal.com\/ca\/#website","url":"https:\/\/monatglobal.com\/ca\/","name":"Monat Canada English","description":"We Are Modern Nature","inLanguage":"en-US","publisher":{"@id":"https:\/\/monatglobal.com\/ca\/#organization"}}]},"og:locale":"en_US","og:site_name":"Monat Canada English - We Are Modern Nature","og:type":"article","og:title":"REVITALISANT INTENSE REPAIR - Monat Canada English","og:description":"MEILLEUR VENDEUR MEILLEUR VENDEUR Apr\u00e8s-shampooing \u00e9paississant IR Clinical\u2122 Offre une exp\u00e9rience revitalisante et rafra\u00eechissante, laissant les cheveux plus \u00e9pais et d'apparence plus volumineuse.* *Bas\u00e9 sur les tests instrumentaux mesurant le diam\u00e8tre de la fibre capillaire apr\u00e8s l'application du produit. 178 ml \u212e 6 oz liq. Prix de d\u00e9tail$00.00 $ CA Prix de client VIP$00.00 $","og:url":"https:\/\/monatglobal.com\/ca\/intense-repair-treatment-conditioner\/?lang=fr","article:published_time":"2018-04-17T17:33:02+00:00","article:modified_time":"2026-03-09T16:30:42+00:00","twitter:card":"summary_large_image","twitter:title":"REVITALISANT INTENSE REPAIR - Monat Canada English","twitter:description":"MEILLEUR VENDEUR MEILLEUR VENDEUR Apr\u00e8s-shampooing \u00e9paississant IR Clinical\u2122 Offre une exp\u00e9rience revitalisante et rafra\u00eechissante, laissant les cheveux plus \u00e9pais et d'apparence plus volumineuse.* *Bas\u00e9 sur les tests instrumentaux mesurant le diam\u00e8tre de la fibre capillaire apr\u00e8s l'application du produit. 178 ml \u212e 6 oz liq. Prix de d\u00e9tail$00.00 $ CA Prix de client VIP$00.00 $"},"aioseo_meta_data":{"post_id":"31911","title":null,"description":null,"keywords":null,"keyphrases":{"focus":{"keyphrase":"","score":0,"analysis":{"keyphraseInTitle":{"score":0,"maxScore":9,"error":1}}},"additional":[]},"primary_term":null,"canonical_url":null,"og_title":null,"og_description":null,"og_object_type":"default","og_image_type":"default","og_image_url":null,"og_image_width":null,"og_image_height":null,"og_image_custom_url":null,"og_image_custom_fields":null,"og_video":"","og_custom_url":null,"og_article_section":null,"og_article_tags":null,"twitter_use_og":false,"twitter_card":"default","twitter_image_type":"default","twitter_image_url":null,"twitter_image_custom_url":null,"twitter_image_custom_fields":null,"twitter_title":null,"twitter_description":null,"schema":{"blockGraphs":[],"customGraphs":[],"default":{"data":{"Article":[],"Course":[],"Dataset":[],"FAQPage":[],"Movie":[],"Person":[],"Product":[],"ProductReview":[],"Car":[],"Recipe":[],"Service":[],"SoftwareApplication":[],"WebPage":[]},"graphName":"WebPage","isEnabled":true},"graphs":[]},"schema_type":"default","schema_type_options":null,"pillar_content":false,"robots_default":true,"robots_noindex":false,"robots_noarchive":false,"robots_nosnippet":false,"robots_nofollow":false,"robots_noimageindex":false,"robots_noodp":false,"robots_notranslate":false,"robots_max_snippet":"-1","robots_max_videopreview":"-1","robots_max_imagepreview":"large","priority":null,"frequency":"default","local_seo":null,"seo_analyzer_scan_date":"2026-03-09 17:20:12","limit_modified_date":false,"reviewed_by":"0","open_ai":"{\"title\":{\"suggestions\":[],\"usage\":0},\"description\":{\"suggestions\":[],\"usage\":0}}","ai":{"faqs":[],"keyPoints":[],"titles":[],"descriptions":[],"socialPosts":{"email":[],"linkedin":[],"twitter":[],"facebook":[],"instagram":[]}},"created":"2023-07-26 12:20:57","updated":"2026-03-09 17:22:12"},"aioseo_breadcrumb":"<div class=\"aioseo-breadcrumbs\"><span class=\"aioseo-breadcrumb\">\n\t<a href=\"https:\/\/monatglobal.com\/ca\" title=\"Home\">Home<\/a>\n<\/span><span class=\"aioseo-breadcrumb-separator\">&raquo;<\/span><span class=\"aioseo-breadcrumb\">\n\tREVITALISANT INTENSE REPAIR\n<\/span><\/div>","aioseo_breadcrumb_json":[{"label":"Home","link":"https:\/\/monatglobal.com\/ca"},{"label":"REVITALISANT INTENSE REPAIR","link":"https:\/\/monatglobal.com\/ca\/intense-repair-treatment-conditioner\/?lang=fr"}],"_links":{"self":[{"href":"https:\/\/monatglobal.com\/ca\/wp-json\/wp\/v2\/pages\/31911","targetHints":{"allow":["GET"]}}],"collection":[{"href":"https:\/\/monatglobal.com\/ca\/wp-json\/wp\/v2\/pages"}],"about":[{"href":"https:\/\/monatglobal.com\/ca\/wp-json\/wp\/v2\/types\/page"}],"author":[{"embeddable":true,"href":"https:\/\/monatglobal.com\/ca\/wp-json\/wp\/v2\/users\/20"}],"replies":[{"embeddable":true,"href":"https:\/\/monatglobal.com\/ca\/wp-json\/wp\/v2\/comments?post=31911"}],"version-history":[{"count":55,"href":"https:\/\/monatglobal.com\/ca\/wp-json\/wp\/v2\/pages\/31911\/revisions"}],"predecessor-version":[{"id":110102,"href":"https:\/\/monatglobal.com\/ca\/wp-json\/wp\/v2\/pages\/31911\/revisions\/110102"}],"wp:featuredmedia":[{"embeddable":true,"href":"https:\/\/monatglobal.com\/ca\/wp-json\/wp\/v2\/media\/110332"}],"wp:attachment":[{"href":"https:\/\/monatglobal.com\/ca\/wp-json\/wp\/v2\/media?parent=31911"}],"wp:term":[{"taxonomy":"category","embeddable":true,"href":"https:\/\/monatglobal.com\/ca\/wp-json\/wp\/v2\/categories?post=31911"},{"taxonomy":"post_tag","embeddable":true,"href":"https:\/\/monatglobal.com\/ca\/wp-json\/wp\/v2\/tags?post=31911"}],"curies":[{"name":"wp","href":"https:\/\/api.w.org\/{rel}","templated":true}]}}