{"id":31872,"date":"2018-04-16T21:58:22","date_gmt":"2018-04-16T21:58:22","guid":{"rendered":"https:\/\/monatglobal.com\/ca\/?page_id=31872"},"modified":"2026-03-09T12:32:39","modified_gmt":"2026-03-09T16:32:39","slug":"monat-black-shampoo-conditioner","status":"publish","type":"page","link":"https:\/\/monatglobal.com\/ca\/monat-black-shampoo-conditioner\/?lang=fr","title":{"rendered":"SHAMPOOING + REVITALISANT MONAT BLACK"},"content":{"rendered":"\n\n\t<link rel=\"stylesheet\" href=\"https:\/\/unpkg.com\/swiper\/swiper-bundle.min.css\" \/>\n<link rel=\"stylesheet\" href=\"https:\/\/monatglobal.com\/wp-content\/creative_css\/product_styles_sheet.css\" \/>\n   <!--==================================================== ECOMM SECTION ====================================================-->\n   <p>MEILLEUR VENDEUR<\/p>\n      <!--==================================================== Ecomm image ====================================================-->\n      <img decoding=\"async\" src=\"https:\/\/monatglobal.com\/es\/wp-content\/uploads\/sites\/10\/2021\/10\/MONAT-BLACK-SHAMPOO-CONDITIONER-ecomm.png\" alt=\"Product shot of MONAT Black Shampoo + Conditioner\ufe0f\" loading=\"lazy\"\/>\n      <!--==================================================== Ecomm information  ====================================================-->\n         \n         <p>MEILLEUR VENDEUR<\/p>\n         <h1>Shampooing et<br \/>apr\u00e8s-shampooing<br \/>MONAT BLACK\u2122<\/h1> \n         <p>Avec REJUVENIQE\u2122 <\/p>\n         <p>Un shampooing et revitalisant 2-en-1 pour une sant\u00e9 optimale des cheveux en une seule&nbsp;\u00e9tape.<\/p>\n         <p>237 ml \u212e 8,0 oz liq.<\/p>\n    <!--==================================================== pricing box ====================================================-->    \n   <p>Prix de d\u00e9tail<br \/>$00.00 $ CA<\/p>\n   <p>Prix de client VIP<br \/>$00.00 $ CA<\/p> \n      <!--==================================================== pricing box ====================================================-->    \n         <p>Pour en savoir plus sur le Shampooing et apr\u00e8s-shampooing MONAT BLACK\u2122, veuillez contacter votre partenaire de march\u00e9&nbsp;MONAT.<\/p>\n           <a href=\"\" target=\"_blank\" role=\"button\" aria-label=\"\" rel=\"noopener\"><\/a>\n   <!--==================================================== \/ECOMM SECTION  ====================================================-->\n   <!--==================================================== Benefits image ====================================================-->\n      \n         <source media=\"(max-width: 700px)\" srcset=\"https:\/\/monatglobal.com\/es\/wp-content\/uploads\/sites\/10\/2021\/10\/MONAT-BLACK-SHAMPOO-CONDITIONER-benefits_mobile.jpg\" loading=\"lazy\"\/>\n            <img decoding=\"async\" src=\"https:\/\/monatglobal.com\/es\/wp-content\/uploads\/sites\/10\/2021\/10\/MONAT-BLACK-SHAMPOO-CONDITIONER-benefits-benefits.jpg\" \n            alt=\"Male with long, brown hair washing his hair with MONAT Black Shampoo + Conditioner\" loading=\"lazy\"\/>\n         \n   <!--==================================================== Benefits text ====================================================-->\n         <h2>BIENFAITS<\/h2>\n         <h3>Il nettoie les cheveux et les nourrit sans les d\u00e9caper ou les&nbsp;ass\u00e9cher.<\/h3>\n         <p>Il aide \u00e0 renforcer les cheveux et \u00e0 favoriser une apparence plus saine. Il convient \u00e0 tous les types et toutes les textures de cheveux et il est s\u00e9curitaire pour les cheveux color\u00e9s. Ce produit est soumis \u00e0 des tests d&#8217;allergie et&nbsp;dermatologiques.<\/p>\n         <!--==================================================== features image  ====================================================-->\n         <img decoding=\"async\" alt=\"MONAT Black Shampoo + Conditioner floating and splashing over water \" src=\"https:\/\/monatglobal.com\/nz\/wp-content\/uploads\/sites\/15\/2022\/10\/MONAT-BLACK-SHAMPOO-CONDITIONER-features.jpg\" loading=\"lazy\"\/>\n      <!--==================================================== features text ====================================================-->\n            <h3>Caract\u00e9ristiques<\/h3>\n               <p>\/ Nettoie et revitalise en une seule&nbsp;\u00e9tape<\/p>\n               <p>\/ Parfum rafra\u00eechissant de&nbsp;romarin<\/p>\n               <br \/>\n            <p>Fragrance \/ Unwind and enjoy a coconut-forward, citrusy aroma with notes of blood orange, coconut husk, cashew nut and&nbsp;sandalwood. <\/p>\n            <p> Texture \/ Cream <\/p>\n   <!--==================================================== composition image mobile ====================================================-->\n   <img decoding=\"async\" alt=\"MONAT Black Shampoo + Conditioner standing on a piece of stone\" src=\"https:\/\/monatglobal.com\/wp-content\/uploads\/2022\/07\/2-monat-black.jpg\" loading=\"lazy\"\/>\n   <!--==================================================== Why it works text ====================================================-->\n            <h2>DES CHEVEUX D&#8217;ASPECT SAIN, EN TOUT&nbsp;SIMPLICIT\u00c9!<\/h2>\n            <h3>Le Shampooing + apr\u00e8s-shampooing MONAT BLACK\u2122 permet de nourrir, d&#8217;\u00e9quilibrer et de renforcer les cheveux, en une seule&nbsp;\u00e9tape.<\/h3>\n            <p>Il dynamise vos cheveux pour vous permettre de para\u00eetre \u00e0 votre&nbsp;meilleur.<\/p>\n<!--==================================================== Composition section ====================================================-->\n      <img decoding=\"async\" alt=\"MONAT Black Shampoo + Conditioner standing on a piece of stone\" src=\"https:\/\/monatglobal.com\/nz\/wp-content\/uploads\/sites\/15\/2022\/10\/Monat-black-directions.jpg\" loading=\"lazy\"\/>\n      <img decoding=\"async\" alt=\"Male washing his hair with MONAT Black Shampoo + Conditioner, overlaying a photo of water\" \n      src=\"https:\/\/monatglobal.com\/nz\/wp-content\/uploads\/sites\/15\/2022\/10\/black-shampoo-directions.jpg\" loading=\"lazy\"\/>\n            <!--==================================================== Directions text ====================================================--> \n               <h3>Mode d&#8217;emploi<\/h3>\n                    <p>\/ \u00c9mulsionner dans les mains et appliquer sur cheveux&nbsp;mouill\u00e9s.<\/p>\n                    <p>\/ Laisser agir 2 ou 3&nbsp;minutes.<\/p>\n                    <p>\/ Rincer et r\u00e9p\u00e9ter&nbsp;l&#8217;op\u00e9ration.<\/p>\n            <!--==================================================== Directions video ====================================================-->\n      <p>REJUVENIQE<sup>\u00ae<\/sup> <br \/>0:00<\/p>\n   <a href=\"\" target=\"_blank\" role=\"button\" aria-label=\"\" rel=\"noopener\"><\/a>\n   <!--==================================================== Ingredients section  ====================================================-->\n      <h2>INGR\u00c9DIENTS CL\u00c9S<\/h2>\n               <p>REJUVENIQE<sup>\u00ae<\/sup><\/p>\n               <p>CAPIXYL\u2122<\/p>\n               <p>PROCATALINE\u2122<\/p>\n               <p>CRODASORB\u2122<\/p>\n        <button id=\"myBtn\" type=\"button\">LISTE D&#8217;INGR\u00c9DIENTS<\/button>\n      <!--==================================================== Modal content  ====================================================-->\n         &times;\n         <p>Aqua\/Water\/Eau, Lauramidopropyl Betaine, Sodium C14-16 Olefin Sulfonate, Guar Hydroxypropyltrimonium Chloride, Acrylates Copolymer, Sodium Methyl Cocoyl Taurate, Sodium Cocoamphoacetate, Stearyldimoniumhydroxypropyl Decylglucosides Chloride, Pisum Sativum (Pea) Extract, Acetyl Tetrapeptide-3, Trifolium Pratense (Clover) Flower Extract, Limnanthes Alba (Meadowfoam) Seed Oil, Crambe Abyssinica Seed Oil, Camellia Oleifera Seed Oil, Solanum Lycopersicum (Tomato) Seed Oil, Daucus Carota Sativa (Carrot) Seed Oil, Citrus Limon (Lemon) Peel Oil, Citrus Aurantifolia (Lime) Oil, Citrus Aurantium Bergamia (Bergamot) Fruit Oil, Adansonia Digitata Oil, Mauritia Flexuosa Fruit Oil, Cocos Nucifera (Coconut) Oil, Gardenia Taitensis Flower Extract, Moringa Oleifera Seed Oil, Caryocar Brasiliense Fruit Oil, Helianthus Annuus (Sunflower) Seed Oil, Mentha Piperita (Peppermint) Oil, Mentha Arvensis Leaf Oil, Eucalyptus Globulus Leaf Oil, Mentha Viridis (Spearmint) Leaf Oil, Thymus Vulgaris (Thyme) Oil, Lavandula Angustifolia (Lavender) Oil, Glycerin, Tocopherol, Menthol, Cinnamidopropyltrimonium Chloride, Dextran, Propanediol, Glycol Distearate, Sodium Hydroxypropylphosphate Decylglucoside Crosspolymer, Lauramide MIPA, Sodium Hydroxypropylphosphate Laurylglucoside Crosspolymer, Cocamidopropyl Betaine, Butylene Glycol, Oleth-5 Phosphate, Dioleyl Phosphate, Cocamidopropyl Hydroxysultaine, Citric Acid, Trideceth-12, Cetrimonium Chloride, Amodimethicone, Aminomethyl Propanol, Phenethyl Alcohol, Undecyl Alcohol, Benzyl Alcohol.<\/p>\n   <!--==================================================== You might also like section ====================================================-->\n      <h2>VOUS POURRIEZ AUSSI AIMER<\/h2>\n      <!--==================================================== Slider YOU MIGHT ALSO LIKE ====================================================-->\n      <!---->\n      <!--   -->\n            <!--==================================================== Slides products ====================================================-->\n      <!--      -->\n      <!--         <a href=\"\/ca\/rejuveniqe-oil\/?lang=fr\" aria-label=\"Go to REJUVENIQE\u00ae page\">-->\n      <!--            <img decoding=\"async\" src=\"https:\/\/monatglobal.com\/wp-content\/uploads\/2022\/12\/rejuveniqe_2021-ecomm.png\" alt=\"REJUVENIQE\u00ae\" loading=\"lazy\"\/>-->\n      <!--            <p>REJUVENIQE<sup>\u00ae<\/sup><\/p>-->\n      <!--         <\/a>-->\n      <!--      -->\n      <!--      -->\n      <!--         <a href=\"\/ca\/men-face-moisturizer\/?lang=fr\" aria-label=\"Go to HYDRATANT POUR LE VISAGE ESSENTIEL MONAT FOR MEN\u2122 page\">-->\n      <!--            <img decoding=\"async\" src=\"https:\/\/monatglobal.com\/wp-content\/uploads\/2022\/12\/essential-face-moisturizer-ecomm-2022-min.png\" alt=\"HYDRATANT POUR LE VISAGE ESSENTIEL MONAT FOR MEN\u2122\" loading=\"lazy\"\/>-->\n      <!--            <p>HYDRATANT POUR<br \/>LE VISAGE ESSENTIEL<br \/>MONAT FOR MEN\u2122<\/p>-->\n      <!--         <\/a>-->\n      <!--      -->\n      <!--            -->\n      <!--         <a href=\"\/ca\/men-face-wash\/?lang=fr\" aria-label=\"Go to NETTOYANT POUR LE VISAGE ESSENTIEL MONAT FOR MEN\u2122 page\">-->\n      <!--            <img decoding=\"async\" src=\"https:\/\/monatglobal.com\/wp-content\/uploads\/2022\/12\/essential-face-wash-ecomm-2022-min.png\" alt=\"NETTOYANT POUR LE VISAGE ESSENTIEL MONAT FOR MEN\u2122\" loading=\"lazy\"\/>-->\n      <!--            <p>NETTOYANT POUR<br \/>LE VISAGE ESSENTIEL<br \/>MONAT FOR MEN\u2122<\/p>-->\n      <!--         <\/a>-->\n      <!--      -->\n      <!--   -->\n         <!--==================================================== If we need navigation buttons  ====================================================-->\n      <!--   -->\n      <!--   -->\n         <!--==================================================== If we need paginations  ====================================================-->\n      <!--   -->\n      <!---->\n             <!-- If we need navigation buttons -->\n             <!-- If we need paginations -->\n    <a href=\"\" aria-label=\"\"><\/a>\n<!--==================================================== this link has to go last for it to work   ====================================================-->\n\n","protected":false},"excerpt":{"rendered":"<p>MEILLEUR VENDEUR MEILLEUR VENDEUR Shampooing etapr\u00e8s-shampooingMONAT BLACK\u2122 Avec REJUVENIQE\u2122 Un shampooing et revitalisant 2-en-1 pour une sant\u00e9 optimale des cheveux en une seule&nbsp;\u00e9tape. 237 ml \u212e 8,0 oz liq. Prix de d\u00e9tail$00.00 $ CA Prix de client VIP$00.00 $ CA Pour en savoir plus sur le Shampooing et apr\u00e8s-shampooing MONAT BLACK\u2122, veuillez contacter votre partenaire&hellip;<\/p>\n","protected":false},"author":31,"featured_media":110348,"parent":0,"menu_order":0,"comment_status":"closed","ping_status":"closed","template":"","meta":{"inline_featured_image":false,"om_disable_all_campaigns":false,"_monsterinsights_skip_tracking":false,"_monsterinsights_sitenote_active":false,"_monsterinsights_sitenote_note":"","_monsterinsights_sitenote_category":0,"footnotes":""},"categories":[3629],"tags":[],"class_list":["post-31872","page","type-page","status-publish","has-post-thumbnail","hentry","category-product-fra"],"aioseo_notices":[],"aioseo_head":"\n\t\t<!-- All in One SEO Pro 4.9.5.2 - aioseo.com -->\n\t<meta name=\"description\" content=\"MEILLEUR VENDEUR MEILLEUR VENDEUR Shampooing etapr\u00e8s-shampooingMONAT BLACK\u2122 Avec REJUVENIQE\u2122 Un shampooing et revitalisant 2-en-1 pour une sant\u00e9 optimale des cheveux en une seule \u00e9tape. 237 ml \u212e 8,0 oz liq. Prix de d\u00e9tail$00.00 $ CA Prix de client VIP$00.00 $ CA Pour en savoir plus sur le Shampooing et apr\u00e8s-shampooing MONAT BLACK\u2122, veuillez contacter votre partenaire\" \/>\n\t<meta name=\"robots\" content=\"max-image-preview:large\" \/>\n\t<link rel=\"canonical\" href=\"https:\/\/monatglobal.com\/ca\/monat-black-shampoo-conditioner\/?lang=fr\" \/>\n\t<meta name=\"generator\" content=\"All in One SEO Pro (AIOSEO) 4.9.5.2\" \/>\n\t\t<meta property=\"og:locale\" content=\"en_US\" \/>\n\t\t<meta property=\"og:site_name\" content=\"Monat Canada English - We Are Modern Nature\" \/>\n\t\t<meta property=\"og:type\" content=\"article\" \/>\n\t\t<meta property=\"og:title\" content=\"SHAMPOOING + REVITALISANT MONAT BLACK - Monat Canada English\" \/>\n\t\t<meta property=\"og:description\" content=\"MEILLEUR VENDEUR MEILLEUR VENDEUR Shampooing etapr\u00e8s-shampooingMONAT BLACK\u2122 Avec REJUVENIQE\u2122 Un shampooing et revitalisant 2-en-1 pour une sant\u00e9 optimale des cheveux en une seule \u00e9tape. 237 ml \u212e 8,0 oz liq. Prix de d\u00e9tail$00.00 $ CA Prix de client VIP$00.00 $ CA Pour en savoir plus sur le Shampooing et apr\u00e8s-shampooing MONAT BLACK\u2122, veuillez contacter votre partenaire\" \/>\n\t\t<meta property=\"og:url\" content=\"https:\/\/monatglobal.com\/ca\/monat-black-shampoo-conditioner\/?lang=fr\" \/>\n\t\t<meta property=\"article:published_time\" content=\"2018-04-16T21:58:22+00:00\" \/>\n\t\t<meta property=\"article:modified_time\" content=\"2026-03-09T16:32:39+00:00\" \/>\n\t\t<meta name=\"twitter:card\" content=\"summary_large_image\" \/>\n\t\t<meta name=\"twitter:title\" content=\"SHAMPOOING + REVITALISANT MONAT BLACK - Monat Canada English\" \/>\n\t\t<meta name=\"twitter:description\" content=\"MEILLEUR VENDEUR MEILLEUR VENDEUR Shampooing etapr\u00e8s-shampooingMONAT BLACK\u2122 Avec REJUVENIQE\u2122 Un shampooing et revitalisant 2-en-1 pour une sant\u00e9 optimale des cheveux en une seule \u00e9tape. 237 ml \u212e 8,0 oz liq. Prix de d\u00e9tail$00.00 $ CA Prix de client VIP$00.00 $ CA Pour en savoir plus sur le Shampooing et apr\u00e8s-shampooing MONAT BLACK\u2122, veuillez contacter votre partenaire\" \/>\n\t\t<script type=\"application\/ld+json\" class=\"aioseo-schema\">\n\t\t\t{\"@context\":\"https:\\\/\\\/schema.org\",\"@graph\":[{\"@type\":\"BreadcrumbList\",\"@id\":\"https:\\\/\\\/monatglobal.com\\\/ca\\\/monat-black-shampoo-conditioner\\\/?lang=fr#breadcrumblist\",\"itemListElement\":[{\"@type\":\"ListItem\",\"@id\":\"https:\\\/\\\/monatglobal.com\\\/ca#listItem\",\"position\":1,\"name\":\"Home\",\"item\":\"https:\\\/\\\/monatglobal.com\\\/ca\",\"nextItem\":{\"@type\":\"ListItem\",\"@id\":\"https:\\\/\\\/monatglobal.com\\\/ca\\\/monat-black-shampoo-conditioner\\\/?lang=fr#listItem\",\"name\":\"SHAMPOOING + REVITALISANT MONAT BLACK\"}},{\"@type\":\"ListItem\",\"@id\":\"https:\\\/\\\/monatglobal.com\\\/ca\\\/monat-black-shampoo-conditioner\\\/?lang=fr#listItem\",\"position\":2,\"name\":\"SHAMPOOING + REVITALISANT MONAT BLACK\",\"previousItem\":{\"@type\":\"ListItem\",\"@id\":\"https:\\\/\\\/monatglobal.com\\\/ca#listItem\",\"name\":\"Home\"}}]},{\"@type\":\"Organization\",\"@id\":\"https:\\\/\\\/monatglobal.com\\\/ca\\\/#organization\",\"name\":\"Monat Canada English\",\"description\":\"We Are Modern Nature\",\"url\":\"https:\\\/\\\/monatglobal.com\\\/ca\\\/\"},{\"@type\":\"WebPage\",\"@id\":\"https:\\\/\\\/monatglobal.com\\\/ca\\\/monat-black-shampoo-conditioner\\\/?lang=fr#webpage\",\"url\":\"https:\\\/\\\/monatglobal.com\\\/ca\\\/monat-black-shampoo-conditioner\\\/?lang=fr\",\"name\":\"SHAMPOOING + REVITALISANT MONAT BLACK - Monat Canada English\",\"description\":\"MEILLEUR VENDEUR MEILLEUR VENDEUR Shampooing etapr\\u00e8s-shampooingMONAT BLACK\\u2122 Avec REJUVENIQE\\u2122 Un shampooing et revitalisant 2-en-1 pour une sant\\u00e9 optimale des cheveux en une seule \\u00e9tape. 237 ml \\u212e 8,0 oz liq. Prix de d\\u00e9tail$00.00 $ CA Prix de client VIP$00.00 $ CA Pour en savoir plus sur le Shampooing et apr\\u00e8s-shampooing MONAT BLACK\\u2122, veuillez contacter votre partenaire\",\"inLanguage\":\"en-US\",\"isPartOf\":{\"@id\":\"https:\\\/\\\/monatglobal.com\\\/ca\\\/#website\"},\"breadcrumb\":{\"@id\":\"https:\\\/\\\/monatglobal.com\\\/ca\\\/monat-black-shampoo-conditioner\\\/?lang=fr#breadcrumblist\"},\"image\":{\"@type\":\"ImageObject\",\"url\":\"https:\\\/\\\/monatglobal.com\\\/ca\\\/wp-content\\\/uploads\\\/sites\\\/5\\\/2026\\\/03\\\/MONAT-BLACK-SHAMPOO-CONDITIONER-ecomm.png\",\"@id\":\"https:\\\/\\\/monatglobal.com\\\/ca\\\/monat-black-shampoo-conditioner\\\/?lang=fr\\\/#mainImage\",\"width\":641,\"height\":800},\"primaryImageOfPage\":{\"@id\":\"https:\\\/\\\/monatglobal.com\\\/ca\\\/monat-black-shampoo-conditioner\\\/?lang=fr#mainImage\"},\"datePublished\":\"2018-04-16T21:58:22-04:00\",\"dateModified\":\"2026-03-09T12:32:39-04:00\"},{\"@type\":\"WebSite\",\"@id\":\"https:\\\/\\\/monatglobal.com\\\/ca\\\/#website\",\"url\":\"https:\\\/\\\/monatglobal.com\\\/ca\\\/\",\"name\":\"Monat Canada English\",\"description\":\"We Are Modern Nature\",\"inLanguage\":\"en-US\",\"publisher\":{\"@id\":\"https:\\\/\\\/monatglobal.com\\\/ca\\\/#organization\"}}]}\n\t\t<\/script>\n\t\t<!-- All in One SEO Pro -->\r\n\t\t<title>SHAMPOOING + REVITALISANT MONAT BLACK - Monat Canada English<\/title>\n\n","aioseo_head_json":{"title":"SHAMPOOING + REVITALISANT MONAT BLACK - Monat Canada English","description":"MEILLEUR VENDEUR MEILLEUR VENDEUR Shampooing etapr\u00e8s-shampooingMONAT BLACK\u2122 Avec REJUVENIQE\u2122 Un shampooing et revitalisant 2-en-1 pour une sant\u00e9 optimale des cheveux en une seule \u00e9tape. 237 ml \u212e 8,0 oz liq. Prix de d\u00e9tail$00.00 $ CA Prix de client VIP$00.00 $ CA Pour en savoir plus sur le Shampooing et apr\u00e8s-shampooing MONAT BLACK\u2122, veuillez contacter votre partenaire","canonical_url":"https:\/\/monatglobal.com\/ca\/monat-black-shampoo-conditioner\/?lang=fr","robots":"max-image-preview:large","keywords":"","webmasterTools":{"miscellaneous":""},"schema":{"@context":"https:\/\/schema.org","@graph":[{"@type":"BreadcrumbList","@id":"https:\/\/monatglobal.com\/ca\/monat-black-shampoo-conditioner\/?lang=fr#breadcrumblist","itemListElement":[{"@type":"ListItem","@id":"https:\/\/monatglobal.com\/ca#listItem","position":1,"name":"Home","item":"https:\/\/monatglobal.com\/ca","nextItem":{"@type":"ListItem","@id":"https:\/\/monatglobal.com\/ca\/monat-black-shampoo-conditioner\/?lang=fr#listItem","name":"SHAMPOOING + REVITALISANT MONAT BLACK"}},{"@type":"ListItem","@id":"https:\/\/monatglobal.com\/ca\/monat-black-shampoo-conditioner\/?lang=fr#listItem","position":2,"name":"SHAMPOOING + REVITALISANT MONAT BLACK","previousItem":{"@type":"ListItem","@id":"https:\/\/monatglobal.com\/ca#listItem","name":"Home"}}]},{"@type":"Organization","@id":"https:\/\/monatglobal.com\/ca\/#organization","name":"Monat Canada English","description":"We Are Modern Nature","url":"https:\/\/monatglobal.com\/ca\/"},{"@type":"WebPage","@id":"https:\/\/monatglobal.com\/ca\/monat-black-shampoo-conditioner\/?lang=fr#webpage","url":"https:\/\/monatglobal.com\/ca\/monat-black-shampoo-conditioner\/?lang=fr","name":"SHAMPOOING + REVITALISANT MONAT BLACK - Monat Canada English","description":"MEILLEUR VENDEUR MEILLEUR VENDEUR Shampooing etapr\u00e8s-shampooingMONAT BLACK\u2122 Avec REJUVENIQE\u2122 Un shampooing et revitalisant 2-en-1 pour une sant\u00e9 optimale des cheveux en une seule \u00e9tape. 237 ml \u212e 8,0 oz liq. Prix de d\u00e9tail$00.00 $ CA Prix de client VIP$00.00 $ CA Pour en savoir plus sur le Shampooing et apr\u00e8s-shampooing MONAT BLACK\u2122, veuillez contacter votre partenaire","inLanguage":"en-US","isPartOf":{"@id":"https:\/\/monatglobal.com\/ca\/#website"},"breadcrumb":{"@id":"https:\/\/monatglobal.com\/ca\/monat-black-shampoo-conditioner\/?lang=fr#breadcrumblist"},"image":{"@type":"ImageObject","url":"https:\/\/monatglobal.com\/ca\/wp-content\/uploads\/sites\/5\/2026\/03\/MONAT-BLACK-SHAMPOO-CONDITIONER-ecomm.png","@id":"https:\/\/monatglobal.com\/ca\/monat-black-shampoo-conditioner\/?lang=fr\/#mainImage","width":641,"height":800},"primaryImageOfPage":{"@id":"https:\/\/monatglobal.com\/ca\/monat-black-shampoo-conditioner\/?lang=fr#mainImage"},"datePublished":"2018-04-16T21:58:22-04:00","dateModified":"2026-03-09T12:32:39-04:00"},{"@type":"WebSite","@id":"https:\/\/monatglobal.com\/ca\/#website","url":"https:\/\/monatglobal.com\/ca\/","name":"Monat Canada English","description":"We Are Modern Nature","inLanguage":"en-US","publisher":{"@id":"https:\/\/monatglobal.com\/ca\/#organization"}}]},"og:locale":"en_US","og:site_name":"Monat Canada English - We Are Modern Nature","og:type":"article","og:title":"SHAMPOOING + REVITALISANT MONAT BLACK - Monat Canada English","og:description":"MEILLEUR VENDEUR MEILLEUR VENDEUR Shampooing etapr\u00e8s-shampooingMONAT BLACK\u2122 Avec REJUVENIQE\u2122 Un shampooing et revitalisant 2-en-1 pour une sant\u00e9 optimale des cheveux en une seule \u00e9tape. 237 ml \u212e 8,0 oz liq. Prix de d\u00e9tail$00.00 $ CA Prix de client VIP$00.00 $ CA Pour en savoir plus sur le Shampooing et apr\u00e8s-shampooing MONAT BLACK\u2122, veuillez contacter votre partenaire","og:url":"https:\/\/monatglobal.com\/ca\/monat-black-shampoo-conditioner\/?lang=fr","article:published_time":"2018-04-16T21:58:22+00:00","article:modified_time":"2026-03-09T16:32:39+00:00","twitter:card":"summary_large_image","twitter:title":"SHAMPOOING + REVITALISANT MONAT BLACK - Monat Canada English","twitter:description":"MEILLEUR VENDEUR MEILLEUR VENDEUR Shampooing etapr\u00e8s-shampooingMONAT BLACK\u2122 Avec REJUVENIQE\u2122 Un shampooing et revitalisant 2-en-1 pour une sant\u00e9 optimale des cheveux en une seule \u00e9tape. 237 ml \u212e 8,0 oz liq. Prix de d\u00e9tail$00.00 $ CA Prix de client VIP$00.00 $ CA Pour en savoir plus sur le Shampooing et apr\u00e8s-shampooing MONAT BLACK\u2122, veuillez contacter votre partenaire"},"aioseo_meta_data":{"post_id":"31872","title":null,"description":null,"keywords":null,"keyphrases":{"focus":{"keyphrase":"","score":0,"analysis":{"keyphraseInTitle":{"score":0,"maxScore":9,"error":1}}},"additional":[]},"primary_term":null,"canonical_url":null,"og_title":null,"og_description":null,"og_object_type":"default","og_image_type":"default","og_image_url":null,"og_image_width":null,"og_image_height":null,"og_image_custom_url":null,"og_image_custom_fields":null,"og_video":"","og_custom_url":null,"og_article_section":null,"og_article_tags":null,"twitter_use_og":false,"twitter_card":"default","twitter_image_type":"default","twitter_image_url":null,"twitter_image_custom_url":null,"twitter_image_custom_fields":null,"twitter_title":null,"twitter_description":null,"schema":{"blockGraphs":[],"customGraphs":[],"default":{"data":{"Article":[],"Course":[],"Dataset":[],"FAQPage":[],"Movie":[],"Person":[],"Product":[],"ProductReview":[],"Car":[],"Recipe":[],"Service":[],"SoftwareApplication":[],"WebPage":[]},"graphName":"WebPage","isEnabled":true},"graphs":[]},"schema_type":"default","schema_type_options":null,"pillar_content":false,"robots_default":true,"robots_noindex":false,"robots_noarchive":false,"robots_nosnippet":false,"robots_nofollow":false,"robots_noimageindex":false,"robots_noodp":false,"robots_notranslate":false,"robots_max_snippet":"-1","robots_max_videopreview":"-1","robots_max_imagepreview":"large","priority":null,"frequency":"default","local_seo":null,"seo_analyzer_scan_date":"2026-03-09 17:20:10","limit_modified_date":false,"reviewed_by":"0","open_ai":null,"ai":{"faqs":[],"keyPoints":[],"titles":[],"descriptions":[],"socialPosts":{"email":[],"linkedin":[],"twitter":[],"facebook":[],"instagram":[]}},"created":"2023-07-26 12:20:57","updated":"2026-03-09 17:20:31"},"aioseo_breadcrumb":"<div class=\"aioseo-breadcrumbs\"><span class=\"aioseo-breadcrumb\">\n\t<a href=\"https:\/\/monatglobal.com\/ca\" title=\"Home\">Home<\/a>\n<\/span><span class=\"aioseo-breadcrumb-separator\">&raquo;<\/span><span class=\"aioseo-breadcrumb\">\n\tSHAMPOOING + REVITALISANT MONAT BLACK\n<\/span><\/div>","aioseo_breadcrumb_json":[{"label":"Home","link":"https:\/\/monatglobal.com\/ca"},{"label":"SHAMPOOING + REVITALISANT MONAT BLACK","link":"https:\/\/monatglobal.com\/ca\/monat-black-shampoo-conditioner\/?lang=fr"}],"_links":{"self":[{"href":"https:\/\/monatglobal.com\/ca\/wp-json\/wp\/v2\/pages\/31872","targetHints":{"allow":["GET"]}}],"collection":[{"href":"https:\/\/monatglobal.com\/ca\/wp-json\/wp\/v2\/pages"}],"about":[{"href":"https:\/\/monatglobal.com\/ca\/wp-json\/wp\/v2\/types\/page"}],"author":[{"embeddable":true,"href":"https:\/\/monatglobal.com\/ca\/wp-json\/wp\/v2\/users\/31"}],"replies":[{"embeddable":true,"href":"https:\/\/monatglobal.com\/ca\/wp-json\/wp\/v2\/comments?post=31872"}],"version-history":[{"count":57,"href":"https:\/\/monatglobal.com\/ca\/wp-json\/wp\/v2\/pages\/31872\/revisions"}],"predecessor-version":[{"id":110106,"href":"https:\/\/monatglobal.com\/ca\/wp-json\/wp\/v2\/pages\/31872\/revisions\/110106"}],"wp:featuredmedia":[{"embeddable":true,"href":"https:\/\/monatglobal.com\/ca\/wp-json\/wp\/v2\/media\/110348"}],"wp:attachment":[{"href":"https:\/\/monatglobal.com\/ca\/wp-json\/wp\/v2\/media?parent=31872"}],"wp:term":[{"taxonomy":"category","embeddable":true,"href":"https:\/\/monatglobal.com\/ca\/wp-json\/wp\/v2\/categories?post=31872"},{"taxonomy":"post_tag","embeddable":true,"href":"https:\/\/monatglobal.com\/ca\/wp-json\/wp\/v2\/tags?post=31872"}],"curies":[{"name":"wp","href":"https:\/\/api.w.org\/{rel}","templated":true}]}}