{"id":31839,"date":"2018-04-16T19:49:15","date_gmt":"2018-04-16T19:49:15","guid":{"rendered":"https:\/\/monatglobal.com\/ca\/?page_id=31839"},"modified":"2026-01-08T10:00:25","modified_gmt":"2026-01-08T15:00:25","slug":"monat-junior-gentle-shampoo","status":"publish","type":"page","link":"https:\/\/monatglobal.com\/ca\/monat-junior-gentle-shampoo\/?lang=fr","title":{"rendered":"Shampooing doux MONAT junior"},"content":{"rendered":"\n\n\t\t\t\t<img loading=\"lazy\" decoding=\"async\" src=\"https:\/\/monatglobal.com\/wp-content\/uploads\/2017\/02\/MONAT-junior.png\" alt=\"MONAT-junior\" itemprop=\"image\" height=\"83\" width=\"125\" title=\"MONAT-junior\" onerror=\"this.style.display='none'\"  \/>\n\t<img loading=\"lazy\" decoding=\"async\" src=\"https:\/\/monatglobal.com\/ca\/wp-content\/uploads\/sites\/5\/2021\/01\/MONAT-JUNIOR-SHAMPOO-2021-500x438.png\" alt=\"Doux Shampooing MONAT Junior\" width=\"350\" height=\"400\" \/>\n    <h1><strong>Shampooing doux<\/strong><br \/>MONAT Junior<\/h1>\n<hr \/>\n\t<p><em>Faites de l&#8217;heure du bain une partie de plaisir!<\/em><\/p>\n237 ml \/ 8 oz liq.\n   <strong>Prix de client VIP<\/strong><br \/>\n   31,00 $ CA<br \/>\n     <strong>Prix de d\u00e9tail <\/strong><br \/>\n     36,00 $ CA<br \/>\n   <strong>Prix de client VIP<\/strong><br \/>\n   34,00 $ CA<br \/>\n     <strong>Prix de d\u00e9tail <\/strong><br \/>\n     40,00 $ CA<br \/>\n   <strong>Prix de client VIP<\/strong><br \/>\n   28,00 $ CA<br \/>\n     <strong>Prix de d\u00e9tail <\/strong><br \/>\n     33,00 $ CA<br \/>\n\t<p>Pour en savoir plus sur le shampooing doux  MONAT Junior, veuillez contacter votre partenaire de march\u00e9 MONAT.<\/p>\n\t<a href=\"https:\/\/corp.mymonat.com\/shop\/products\/junior-gentle-shampoo-8-oz\/?globallanguage=fr&#038;globalmarket=ca\" target=\"_blank\" role=\"button\" aria-label=\"Go to Shampooing doux MONAT Junior shop\" rel=\"noopener\">MAGASINEZ<\/a>\n<!--<a target=\"_blank\" href=\"\" rel=\"noopener\">BIENT\u00d4T DISPONIBLE<\/a>-->\n<h2>\n\t\tBIENFAITS\n\t<\/h2>\n\t<p>Un doux shampooing non irritant qui nettoie les cheveux des enfants sans les ass\u00e9cher. Il est g\u00e9nial pour les enfants actifs qui adorent jouer \u00e0 l&#8217;ext\u00e9rieur!<\/p>\n<p><strong>Le doux shampooing MONAT Junior est sans larmes, sans sulfates et sans parab\u00e8nes, et il est s\u00e9curitaire pour les enfants \u00e2g\u00e9s de un an et plus. Il a \u00e9t\u00e9 test\u00e9 par un dermatologue et un ophtalmologue. <\/strong><\/p>\n<h2>\n\t\tAper\u00e7u :\n\t<\/h2>\n\t<ul>\n<li>S\u00e9curitaire pour les enfants de un an et plus<\/li>\n<li>Sans larmes, sans sulfates et sans parab\u00e8nes<\/li>\n<li>Pour les meilleurs r\u00e9sultats, utiliser ensuite le doux revitalisant MONAT Junior<\/li>\n<\/ul>\n<h2>\n\t\tMODE D&#8217;EMPLOI\n\t<\/h2>\n\t<ul>\n<li>Versez une petite quantit\u00e9 de shampooing, de la taille d&#8217;une pi\u00e8ce de 5 cents.<\/li>\n<li>Massez dans vos mains pour le faire mousser.<\/li>\n<li>Massez dans les cheveux humides des racines jusqu&#8217;aux pointes et rincez compl\u00e8tement.<\/li>\n<li>Utilisez ensuite le doux revitalisant MONAT Junior.<\/li>\n<\/ul>\n<h2>\n\t\tINGR\u00c9DIENTS CL\u00c9S\n\t<\/h2>\n\t<p><strong>SugaNate 160 NC<\/strong><\/p>\n<h2>\n\t\tLISTE D&#8217;INGR\u00c9DIENTS\n\t<\/h2>\n\t<p>Aqua\/Water\/Eau, Sodium Laurylglucosides Hydroxypropylsulfonate, Cocamidopropyl Hydroxysultaine, Sodium Chloride, Sodium Methyl Cocoyl Taurate, Sodium Bis-Hydroxyethylglycinate Coco-Glucosides Crosspolymer, Cocamidopropyl PG-Dimonium Chloride Phosphate, Glycerin, Coconut Acid, Cocamidopropyl Dimethylamine, Tetrasodium EDTA, Sodium Stearoyl Lactylate, Fragrance\/Parfum, Sodium Benzoate, Potassium Sorbate, Citric Acid, Linalool, Amyl Cinnamal.<\/p>\n<p>Water, Sodium Laurylglucosides Hydroxypropylsulfonate, Cocamidopropyl Hydroxysultaine, Sodium Methyl Cocoyl Taurate, Sodium Bis-Hydroxyethylglycinate Coco-Glucosides Crosspolymer, Cocamidopropyl PG-Dimonium Chloride Phosphate, Caprylyl\/Capryl Glucoside, Sodium Stearoyl Lactylate, Sodium Cocoyl Glutamate, Polyglyceryl-5 Oleate, Glyceryl Caprylate, Citric Acid, Fragrance, Sodium Benzoate, Potassium Sorbate.<\/p>\n<h2>\n\t\tVOUS POURRIEZ AUSSI AIMER\n\t<\/h2>\n<h2>\n\t\t<a href=\"https:\/\/monatglobal.com\/ca\/products\/?lang=fr&#038;line=soins-capillaires\" title=\"TOUS LES SOINS CAPILLAIRES\" target=\"_self\" rel=\"noopener\">\n\t\tTOUS LES SOINS CAPILLAIRES\n\t\t<\/a>\n\t<\/h2>\n\n","protected":false},"excerpt":{"rendered":"<p>Shampooing douxMONAT Junior Faites de l&#8217;heure du bain une partie de plaisir! 237 ml \/ 8 oz liq. Prix de client VIP 31,00 $ CA Prix de d\u00e9tail 36,00 $ CA Prix de client VIP 34,00 $ CA Prix de d\u00e9tail 40,00 $ CA Prix de client VIP 28,00 $ CA Prix de d\u00e9tail 33,00&hellip;<\/p>\n","protected":false},"author":34,"featured_media":58746,"parent":0,"menu_order":0,"comment_status":"closed","ping_status":"closed","template":"","meta":{"inline_featured_image":false,"om_disable_all_campaigns":false,"_monsterinsights_skip_tracking":false,"_monsterinsights_sitenote_active":false,"_monsterinsights_sitenote_note":"","_monsterinsights_sitenote_category":0,"footnotes":""},"categories":[3629],"tags":[],"class_list":["post-31839","page","type-page","status-publish","has-post-thumbnail","hentry","category-product-fra"],"aioseo_notices":[],"aioseo_head":"\n\t\t<!-- All in One SEO Pro 4.9.6 - aioseo.com -->\n\t<meta name=\"description\" content=\"Shampooing douxMONAT Junior Faites de l&#039;heure du bain une partie de plaisir! 237 ml \/ 8 oz liq. Prix de client VIP 31,00 $ CA Prix de d\u00e9tail 36,00 $ CA Prix de client VIP 34,00 $ CA Prix de d\u00e9tail 40,00 $ CA Prix de client VIP 28,00 $ CA Prix de d\u00e9tail 33,00\" \/>\n\t<meta name=\"robots\" content=\"max-image-preview:large\" \/>\n\t<link rel=\"canonical\" href=\"https:\/\/monatglobal.com\/ca\/monat-junior-gentle-shampoo\/?lang=fr\" \/>\n\t<meta name=\"generator\" content=\"All in One SEO Pro (AIOSEO) 4.9.6\" \/>\n\t\t<meta property=\"og:locale\" content=\"en_US\" \/>\n\t\t<meta property=\"og:site_name\" content=\"Monat Canada English - We Are Modern Nature\" \/>\n\t\t<meta property=\"og:type\" content=\"article\" \/>\n\t\t<meta property=\"og:title\" content=\"Shampooing doux MONAT junior - Monat Canada English\" \/>\n\t\t<meta property=\"og:description\" content=\"Shampooing douxMONAT Junior Faites de l&#039;heure du bain une partie de plaisir! 237 ml \/ 8 oz liq. Prix de client VIP 31,00 $ CA Prix de d\u00e9tail 36,00 $ CA Prix de client VIP 34,00 $ CA Prix de d\u00e9tail 40,00 $ CA Prix de client VIP 28,00 $ CA Prix de d\u00e9tail 33,00\" \/>\n\t\t<meta property=\"og:url\" content=\"https:\/\/monatglobal.com\/ca\/monat-junior-gentle-shampoo\/?lang=fr\" \/>\n\t\t<meta property=\"article:published_time\" content=\"2018-04-16T19:49:15+00:00\" \/>\n\t\t<meta property=\"article:modified_time\" content=\"2026-01-08T15:00:25+00:00\" \/>\n\t\t<meta name=\"twitter:card\" content=\"summary_large_image\" \/>\n\t\t<meta name=\"twitter:title\" content=\"Shampooing doux MONAT junior - Monat Canada English\" \/>\n\t\t<meta name=\"twitter:description\" content=\"Shampooing douxMONAT Junior Faites de l&#039;heure du bain une partie de plaisir! 237 ml \/ 8 oz liq. Prix de client VIP 31,00 $ CA Prix de d\u00e9tail 36,00 $ CA Prix de client VIP 34,00 $ CA Prix de d\u00e9tail 40,00 $ CA Prix de client VIP 28,00 $ CA Prix de d\u00e9tail 33,00\" \/>\n\t\t<script type=\"application\/ld+json\" class=\"aioseo-schema\">\n\t\t\t{\"@context\":\"https:\\\/\\\/schema.org\",\"@graph\":[{\"@type\":\"BreadcrumbList\",\"@id\":\"https:\\\/\\\/monatglobal.com\\\/ca\\\/monat-junior-gentle-shampoo\\\/?lang=fr#breadcrumblist\",\"itemListElement\":[{\"@type\":\"ListItem\",\"@id\":\"https:\\\/\\\/monatglobal.com\\\/ca#listItem\",\"position\":1,\"name\":\"Home\",\"item\":\"https:\\\/\\\/monatglobal.com\\\/ca\",\"nextItem\":{\"@type\":\"ListItem\",\"@id\":\"https:\\\/\\\/monatglobal.com\\\/ca\\\/monat-junior-gentle-shampoo\\\/?lang=fr#listItem\",\"name\":\"Shampooing doux MONAT junior\"}},{\"@type\":\"ListItem\",\"@id\":\"https:\\\/\\\/monatglobal.com\\\/ca\\\/monat-junior-gentle-shampoo\\\/?lang=fr#listItem\",\"position\":2,\"name\":\"Shampooing doux MONAT junior\",\"previousItem\":{\"@type\":\"ListItem\",\"@id\":\"https:\\\/\\\/monatglobal.com\\\/ca#listItem\",\"name\":\"Home\"}}]},{\"@type\":\"Organization\",\"@id\":\"https:\\\/\\\/monatglobal.com\\\/ca\\\/#organization\",\"name\":\"Monat Canada English\",\"description\":\"We Are Modern Nature\",\"url\":\"https:\\\/\\\/monatglobal.com\\\/ca\\\/\"},{\"@type\":\"WebPage\",\"@id\":\"https:\\\/\\\/monatglobal.com\\\/ca\\\/monat-junior-gentle-shampoo\\\/?lang=fr#webpage\",\"url\":\"https:\\\/\\\/monatglobal.com\\\/ca\\\/monat-junior-gentle-shampoo\\\/?lang=fr\",\"name\":\"Shampooing doux MONAT junior - Monat Canada English\",\"description\":\"Shampooing douxMONAT Junior Faites de l'heure du bain une partie de plaisir! 237 ml \\\/ 8 oz liq. Prix de client VIP 31,00 $ CA Prix de d\\u00e9tail 36,00 $ CA Prix de client VIP 34,00 $ CA Prix de d\\u00e9tail 40,00 $ CA Prix de client VIP 28,00 $ CA Prix de d\\u00e9tail 33,00\",\"inLanguage\":\"en-US\",\"isPartOf\":{\"@id\":\"https:\\\/\\\/monatglobal.com\\\/ca\\\/#website\"},\"breadcrumb\":{\"@id\":\"https:\\\/\\\/monatglobal.com\\\/ca\\\/monat-junior-gentle-shampoo\\\/?lang=fr#breadcrumblist\"},\"image\":{\"@type\":\"ImageObject\",\"url\":\"https:\\\/\\\/monatglobal.com\\\/ca\\\/wp-content\\\/uploads\\\/sites\\\/5\\\/2021\\\/01\\\/MONAT-JUNIOR-SHAMPOO-2021-500x438.png\",\"@id\":\"https:\\\/\\\/monatglobal.com\\\/ca\\\/monat-junior-gentle-shampoo\\\/?lang=fr\\\/#mainImage\",\"width\":438,\"height\":500},\"primaryImageOfPage\":{\"@id\":\"https:\\\/\\\/monatglobal.com\\\/ca\\\/monat-junior-gentle-shampoo\\\/?lang=fr#mainImage\"},\"datePublished\":\"2018-04-16T19:49:15-04:00\",\"dateModified\":\"2026-01-08T10:00:25-05:00\"},{\"@type\":\"WebSite\",\"@id\":\"https:\\\/\\\/monatglobal.com\\\/ca\\\/#website\",\"url\":\"https:\\\/\\\/monatglobal.com\\\/ca\\\/\",\"name\":\"Monat Canada English\",\"description\":\"We Are Modern Nature\",\"inLanguage\":\"en-US\",\"publisher\":{\"@id\":\"https:\\\/\\\/monatglobal.com\\\/ca\\\/#organization\"}}]}\n\t\t<\/script>\n\t\t<!-- All in One SEO Pro -->\r\n\t\t<title>Shampooing doux MONAT junior - Monat Canada English<\/title>\n\n","aioseo_head_json":{"title":"Shampooing doux MONAT junior - Monat Canada English","description":"Shampooing douxMONAT Junior Faites de l'heure du bain une partie de plaisir! 237 ml \/ 8 oz liq. Prix de client VIP 31,00 $ CA Prix de d\u00e9tail 36,00 $ CA Prix de client VIP 34,00 $ CA Prix de d\u00e9tail 40,00 $ CA Prix de client VIP 28,00 $ CA Prix de d\u00e9tail 33,00","canonical_url":"https:\/\/monatglobal.com\/ca\/monat-junior-gentle-shampoo\/?lang=fr","robots":"max-image-preview:large","keywords":"","webmasterTools":{"miscellaneous":""},"schema":{"@context":"https:\/\/schema.org","@graph":[{"@type":"BreadcrumbList","@id":"https:\/\/monatglobal.com\/ca\/monat-junior-gentle-shampoo\/?lang=fr#breadcrumblist","itemListElement":[{"@type":"ListItem","@id":"https:\/\/monatglobal.com\/ca#listItem","position":1,"name":"Home","item":"https:\/\/monatglobal.com\/ca","nextItem":{"@type":"ListItem","@id":"https:\/\/monatglobal.com\/ca\/monat-junior-gentle-shampoo\/?lang=fr#listItem","name":"Shampooing doux MONAT junior"}},{"@type":"ListItem","@id":"https:\/\/monatglobal.com\/ca\/monat-junior-gentle-shampoo\/?lang=fr#listItem","position":2,"name":"Shampooing doux MONAT junior","previousItem":{"@type":"ListItem","@id":"https:\/\/monatglobal.com\/ca#listItem","name":"Home"}}]},{"@type":"Organization","@id":"https:\/\/monatglobal.com\/ca\/#organization","name":"Monat Canada English","description":"We Are Modern Nature","url":"https:\/\/monatglobal.com\/ca\/"},{"@type":"WebPage","@id":"https:\/\/monatglobal.com\/ca\/monat-junior-gentle-shampoo\/?lang=fr#webpage","url":"https:\/\/monatglobal.com\/ca\/monat-junior-gentle-shampoo\/?lang=fr","name":"Shampooing doux MONAT junior - Monat Canada English","description":"Shampooing douxMONAT Junior Faites de l'heure du bain une partie de plaisir! 237 ml \/ 8 oz liq. Prix de client VIP 31,00 $ CA Prix de d\u00e9tail 36,00 $ CA Prix de client VIP 34,00 $ CA Prix de d\u00e9tail 40,00 $ CA Prix de client VIP 28,00 $ CA Prix de d\u00e9tail 33,00","inLanguage":"en-US","isPartOf":{"@id":"https:\/\/monatglobal.com\/ca\/#website"},"breadcrumb":{"@id":"https:\/\/monatglobal.com\/ca\/monat-junior-gentle-shampoo\/?lang=fr#breadcrumblist"},"image":{"@type":"ImageObject","url":"https:\/\/monatglobal.com\/ca\/wp-content\/uploads\/sites\/5\/2021\/01\/MONAT-JUNIOR-SHAMPOO-2021-500x438.png","@id":"https:\/\/monatglobal.com\/ca\/monat-junior-gentle-shampoo\/?lang=fr\/#mainImage","width":438,"height":500},"primaryImageOfPage":{"@id":"https:\/\/monatglobal.com\/ca\/monat-junior-gentle-shampoo\/?lang=fr#mainImage"},"datePublished":"2018-04-16T19:49:15-04:00","dateModified":"2026-01-08T10:00:25-05:00"},{"@type":"WebSite","@id":"https:\/\/monatglobal.com\/ca\/#website","url":"https:\/\/monatglobal.com\/ca\/","name":"Monat Canada English","description":"We Are Modern Nature","inLanguage":"en-US","publisher":{"@id":"https:\/\/monatglobal.com\/ca\/#organization"}}]},"og:locale":"en_US","og:site_name":"Monat Canada English - We Are Modern Nature","og:type":"article","og:title":"Shampooing doux MONAT junior - Monat Canada English","og:description":"Shampooing douxMONAT Junior Faites de l'heure du bain une partie de plaisir! 237 ml \/ 8 oz liq. Prix de client VIP 31,00 $ CA Prix de d\u00e9tail 36,00 $ CA Prix de client VIP 34,00 $ CA Prix de d\u00e9tail 40,00 $ CA Prix de client VIP 28,00 $ CA Prix de d\u00e9tail 33,00","og:url":"https:\/\/monatglobal.com\/ca\/monat-junior-gentle-shampoo\/?lang=fr","article:published_time":"2018-04-16T19:49:15+00:00","article:modified_time":"2026-01-08T15:00:25+00:00","twitter:card":"summary_large_image","twitter:title":"Shampooing doux MONAT junior - Monat Canada English","twitter:description":"Shampooing douxMONAT Junior Faites de l'heure du bain une partie de plaisir! 237 ml \/ 8 oz liq. Prix de client VIP 31,00 $ CA Prix de d\u00e9tail 36,00 $ CA Prix de client VIP 34,00 $ CA Prix de d\u00e9tail 40,00 $ CA Prix de client VIP 28,00 $ CA Prix de d\u00e9tail 33,00"},"aioseo_meta_data":{"post_id":"31839","title":null,"description":null,"keywords":null,"keyphrases":{"focus":{"keyphrase":"","score":0,"analysis":{"keyphraseInTitle":{"score":0,"maxScore":9,"error":1}}},"additional":[]},"primary_term":null,"canonical_url":null,"og_title":null,"og_description":null,"og_object_type":"default","og_image_type":"default","og_image_url":null,"og_image_width":null,"og_image_height":null,"og_image_custom_url":null,"og_image_custom_fields":null,"og_video":"","og_custom_url":null,"og_article_section":null,"og_article_tags":null,"twitter_use_og":false,"twitter_card":"default","twitter_image_type":"default","twitter_image_url":null,"twitter_image_custom_url":null,"twitter_image_custom_fields":null,"twitter_title":null,"twitter_description":null,"schema":{"blockGraphs":[],"customGraphs":[],"default":{"data":{"Article":[],"Course":[],"Dataset":[],"FAQPage":[],"Movie":[],"Person":[],"Product":[],"ProductReview":[],"Car":[],"Recipe":[],"Service":[],"SoftwareApplication":[],"WebPage":[]},"graphName":"WebPage","isEnabled":true},"graphs":[]},"schema_type":"default","schema_type_options":null,"pillar_content":false,"robots_default":true,"robots_noindex":false,"robots_noarchive":false,"robots_nosnippet":false,"robots_nofollow":false,"robots_noimageindex":false,"robots_noodp":false,"robots_notranslate":false,"robots_max_snippet":"-1","robots_max_videopreview":"-1","robots_max_imagepreview":"large","priority":null,"frequency":"default","local_seo":null,"seo_analyzer_scan_date":"2026-02-10 03:26:38","limit_modified_date":false,"reviewed_by":null,"open_ai":"{\"title\":{\"suggestions\":[],\"usage\":0},\"description\":{\"suggestions\":[],\"usage\":0}}","ai":null,"created":"2023-07-26 12:20:57","updated":"2026-02-10 18:38:56"},"aioseo_breadcrumb":"<div class=\"aioseo-breadcrumbs\"><span class=\"aioseo-breadcrumb\">\n\t<a href=\"https:\/\/monatglobal.com\/ca\" title=\"Home\">Home<\/a>\n<\/span><span class=\"aioseo-breadcrumb-separator\">&raquo;<\/span><span class=\"aioseo-breadcrumb\">\n\tShampooing doux MONAT junior\n<\/span><\/div>","aioseo_breadcrumb_json":[{"label":"Home","link":"https:\/\/monatglobal.com\/ca"},{"label":"Shampooing doux MONAT junior","link":"https:\/\/monatglobal.com\/ca\/monat-junior-gentle-shampoo\/?lang=fr"}],"_links":{"self":[{"href":"https:\/\/monatglobal.com\/ca\/wp-json\/wp\/v2\/pages\/31839","targetHints":{"allow":["GET"]}}],"collection":[{"href":"https:\/\/monatglobal.com\/ca\/wp-json\/wp\/v2\/pages"}],"about":[{"href":"https:\/\/monatglobal.com\/ca\/wp-json\/wp\/v2\/types\/page"}],"author":[{"embeddable":true,"href":"https:\/\/monatglobal.com\/ca\/wp-json\/wp\/v2\/users\/34"}],"replies":[{"embeddable":true,"href":"https:\/\/monatglobal.com\/ca\/wp-json\/wp\/v2\/comments?post=31839"}],"version-history":[{"count":48,"href":"https:\/\/monatglobal.com\/ca\/wp-json\/wp\/v2\/pages\/31839\/revisions"}],"predecessor-version":[{"id":109716,"href":"https:\/\/monatglobal.com\/ca\/wp-json\/wp\/v2\/pages\/31839\/revisions\/109716"}],"wp:featuredmedia":[{"embeddable":true,"href":"https:\/\/monatglobal.com\/ca\/wp-json\/wp\/v2\/media\/58746"}],"wp:attachment":[{"href":"https:\/\/monatglobal.com\/ca\/wp-json\/wp\/v2\/media?parent=31839"}],"wp:term":[{"taxonomy":"category","embeddable":true,"href":"https:\/\/monatglobal.com\/ca\/wp-json\/wp\/v2\/categories?post=31839"},{"taxonomy":"post_tag","embeddable":true,"href":"https:\/\/monatglobal.com\/ca\/wp-json\/wp\/v2\/tags?post=31839"}],"curies":[{"name":"wp","href":"https:\/\/api.w.org\/{rel}","templated":true}]}}