{"id":31777,"date":"2018-04-16T15:27:48","date_gmt":"2018-04-16T15:27:48","guid":{"rendered":"https:\/\/monatglobal.com\/ca\/?page_id=31777"},"modified":"2026-01-02T11:18:38","modified_gmt":"2026-01-02T16:18:38","slug":"restyle-instant-sculpting-taffy","status":"publish","type":"page","link":"https:\/\/monatglobal.com\/ca\/restyle-instant-sculpting-taffy\/?lang=fr","title":{"rendered":"POMMADE SCULPTANTE INSTANTAN\u00c9E RESTYLE"},"content":{"rendered":"\n<img loading=\"lazy\" decoding=\"async\" src=\"https:\/\/monatglobal.com\/ca\/wp-content\/uploads\/sites\/5\/2019\/01\/TAFFY-500x438.png\" alt=\"Pommade sculptante instantane\u00e9 restyle\" width=\"350\" height=\"400\">\n<h1>POMMADE <br>SCULPTANTE INSTANTAN\u00c9E <br><strong>RESTYLE<\/strong><\/h1>\n<hr>\n\t<p><em>Pour amplifier et rehausser avec des r\u00e9sultats instantan\u00e9s. Infus\u00e9e de REJUVENIQE<sup>\u00ae<\/sup><\/em><\/p>\n   30 ml \u212e 1,7 oz liq.\n   <strong>Prix de client VIP<\/strong><br>\n   43,00 $ CA\n     <strong>Prix de d\u00e9tail<\/strong><br>\n     50,00 $ CA\n   <strong>Prix de client VIP<\/strong><br>\n   43,00 $ CA\n     <strong>Prix de d\u00e9tail<\/strong><br>\n     51,00 $ CA\n   <strong>Prix de client VIP<\/strong><br>\n   39,00 $ CA\n     <strong>Prix de d\u00e9tail<\/strong><br>\n     46,00 $ CA\n\t<p>Pour en savoir plus sur la pommade sculptante instantan\u00e9e Restyle, veuillez contacter votre partenaire de march\u00e9 MONAT.<\/p>\n\t<a href=\"https:\/\/corp.mymonat.com\/shop\/products\/restyle-instant-sculpting-taffy-6000000118\/?globallanguage=fr&amp;globalmarket=ca\" target=\"_blank\" role=\"button\" aria-label=\"Go to POMMADE SCULPTANTE INSTANTAN\u00c9E RESTYLE shop\" rel=\"noopener\">MAGASINEZ<\/a>\n<h2>\n\t\tBIENFAITS\n\t<\/h2>\n\t<p>Elle apporte instantan\u00e9ment de la vitalit\u00e9 aux cheveux avec son unique combinaison de substances v\u00e9g\u00e9tales ajout\u00e9e \u00e0 une base mall\u00e9able. Elle amplifie et rehausse les coiffures avec des r\u00e9sultats imm\u00e9diats qui peuvent durer du matin jusqu&#8217;au soir.<\/p>\n<h2>\n\t\tMODE D&#8217;EMPLOI\n\t<\/h2>\n<ul>\n<li>Pour l&#8217;activer, massez une petite quantit\u00e9 entre vos paumes jusqu&#8217;\u00e0 ce que le produit devienne chaud et transparent.<\/li>\n<li>Distribuez-le dans les cheveux pour cr\u00e9er la coiffure d\u00e9sir\u00e9e.<\/li>\n<\/ul>\n<h2>\n\t\tINGR\u00c9DIENTS CL\u00c9S\n\t<\/h2>\n\t<p><img loading=\"lazy\" decoding=\"async\" src=\"https:\/\/monatglobal.com\/wp-content\/uploads\/2018\/10\/ingredient_taffy1.png\" alt=\"ingredient_taffy\" width=\"183\" height=\"174\"><\/p>\n\t<p><strong>REJUVENIQE<sup>\u00ae<\/sup><\/strong><\/p>\n<p>Un m\u00e9lange de 13+ huiles v\u00e9g\u00e9tales et huiles essentielles naturelles riche en acides gras om\u00e9ga, en antioxydants et en nutriments, qui est tr\u00e8s compatible avec la peau et les cheveux.<\/p>\n\t<p><strong>CAPIXYL\u2122<\/strong><\/p>\n<p>Un m\u00e9lange \u00e9mollient aidant \u00e0 prot\u00e9ger le cuir chevelu, \u00e0 renforcer et \u00e0 \u00e9paissir les cheveux tout en augmentant la densit\u00e9 des cheveux.<\/p>\n\t<p><strong>PROCATALINE\u2122<\/strong><\/p>\n<p>Ce m\u00e9lange de pointe contenant l&#8217;extrait de pois soutient les cheveux sains et d&#8217;apparence plus jeune en aidant \u00e0 prot\u00e9ger vos cheveux des dommages caus\u00e9s par les rayons UV et les facteurs environnementaux.<\/p>\n\t<p><strong>CRODASORB\u2122<\/strong><\/p>\n<p>Un puissant ingr\u00e9dient qui aide \u00e0 prot\u00e9ger contre les rayons UV nuisibles, ce qui aide \u00e0 pr\u00e9server la pigmentation naturelle des cheveux pour des cheveux prot\u00e9g\u00e9s et r\u00e9sistants.<\/p>\n<h2>\n\t\tLISTE D&#8217;INGR\u00c9DIENTS\n\t<\/h2>\n\t<p>Aqua\/Water\/Eau, Maltodextrin\/VP Copolymer, Butyrospermum Parkii (Shea) Butter, Cetyl Alcohol, Heptyl Undecylenate, Propanediol, Hydrogenated Castor Oil, Copernicia Cerifera (Carnauba) Wax, Cetearyl Alcohol, Cetyl Hydroxyethylcellulose, Steareth-21, Glycerin, Trifolium Pratense (Clover) Flower Extract, Pisum Sativum (Pea) Extract, Limnanthes Alba (Meadowfoam) Seed Oil, Crambe Abyssinica Seed Oil, Camellia Oleifera Seed Oil, Solanum Lycopersicum (Tomato) Seed Oil, Daucus Carota Sativa (Carrot) Seed Oil, Citrus Limon (Lemon) Peel Oil, Citrus Aurantifolia (Lime) Oil, Citrus Aurantium Bergamia (Bergamot) Fruit Oil, Adansonia Digitata Oil, Mauritia Flexuosa Fruit Oil, Cocos Nucifera (Coconut) Oil, Gardenia Taitensis Flower Extract, Moringa Oleifera Seed Oil, Caryocar Brasiliense Fruit Oil, Helianthus Annuus (Sunflower) Seed Oil, Tocopherol, Wheat Amino Acids, Soy Amino Acids, Arginine HCl, Serine, Threonine, Acetyl Tetrapeptide-3,  Cinnamidopropyltrimonium Chloride, Dextran, Ceteareth-20, Polyquaternium-10, Fragrance\/Parfum, Butylene Glycol, Ethylhexylglycerin, Benzyl Alcohol, Citronellol, Limonene, Hexyl Cinnamal, Linalool.<\/p>\n<h2>\n\t\tVOUS POURRIEZ AUSSI AIMER\n\t<\/h2>\n<h3>\n\t\t<a href=\"https:\/\/monatglobal.com\/ca\/products\/?lang=fr&#038;line=soins-capillaires\" title=\"TOUS LES SOINS CAPILLAIRES\" target=\"_self\" rel=\"noopener\">\n\t\tTOUS LES SOINS CAPILLAIRES\n\t\t<\/a>\n\t<\/h3>\n","protected":false},"excerpt":{"rendered":"<p>POMMADE SCULPTANTE INSTANTAN\u00c9E RESTYLE Pour amplifier et rehausser avec des r\u00e9sultats instantan\u00e9s. Infus\u00e9e de REJUVENIQE\u00ae 30 ml \u212e 1,7 oz liq. Prix de client VIP 43,00 $ CA Prix de d\u00e9tail 50,00 $ CA Prix de client VIP 43,00 $ CA Prix de d\u00e9tail 51,00 $ CA Prix de client VIP 39,00 $ CA Prix&hellip;<\/p>\n","protected":false},"author":20,"featured_media":40451,"parent":0,"menu_order":0,"comment_status":"closed","ping_status":"closed","template":"","meta":{"inline_featured_image":false,"om_disable_all_campaigns":false,"_monsterinsights_skip_tracking":false,"_monsterinsights_sitenote_active":false,"_monsterinsights_sitenote_note":"","_monsterinsights_sitenote_category":0,"footnotes":""},"categories":[3629],"tags":[],"class_list":["post-31777","page","type-page","status-publish","has-post-thumbnail","hentry","category-product-fra"],"aioseo_notices":[],"aioseo_head":"\n\t\t<!-- All in One SEO Pro 4.9.6 - aioseo.com -->\n\t<meta name=\"description\" content=\"POMMADE SCULPTANTE INSTANTAN\u00c9E RESTYLE Pour amplifier et rehausser avec des r\u00e9sultats instantan\u00e9s. Infus\u00e9e de REJUVENIQE\u00ae 30 ml \u212e 1,7 oz liq. Prix de client VIP 43,00 $ CA Prix de d\u00e9tail 50,00 $ CA Prix de client VIP 43,00 $ CA Prix de d\u00e9tail 51,00 $ CA Prix de client VIP 39,00 $ CA Prix\" \/>\n\t<meta name=\"robots\" content=\"max-image-preview:large\" \/>\n\t<link rel=\"canonical\" href=\"https:\/\/monatglobal.com\/ca\/restyle-instant-sculpting-taffy\/?lang=fr\" \/>\n\t<meta name=\"generator\" content=\"All in One SEO Pro (AIOSEO) 4.9.6\" \/>\n\t\t<meta property=\"og:locale\" content=\"en_US\" \/>\n\t\t<meta property=\"og:site_name\" content=\"Monat Canada English - We Are Modern Nature\" \/>\n\t\t<meta property=\"og:type\" content=\"article\" \/>\n\t\t<meta property=\"og:title\" content=\"POMMADE SCULPTANTE INSTANTAN\u00c9E RESTYLE - Monat Canada English\" \/>\n\t\t<meta property=\"og:description\" content=\"POMMADE SCULPTANTE INSTANTAN\u00c9E RESTYLE Pour amplifier et rehausser avec des r\u00e9sultats instantan\u00e9s. Infus\u00e9e de REJUVENIQE\u00ae 30 ml \u212e 1,7 oz liq. Prix de client VIP 43,00 $ CA Prix de d\u00e9tail 50,00 $ CA Prix de client VIP 43,00 $ CA Prix de d\u00e9tail 51,00 $ CA Prix de client VIP 39,00 $ CA Prix\" \/>\n\t\t<meta property=\"og:url\" content=\"https:\/\/monatglobal.com\/ca\/restyle-instant-sculpting-taffy\/?lang=fr\" \/>\n\t\t<meta property=\"article:published_time\" content=\"2018-04-16T15:27:48+00:00\" \/>\n\t\t<meta property=\"article:modified_time\" content=\"2026-01-02T16:18:38+00:00\" \/>\n\t\t<meta name=\"twitter:card\" content=\"summary_large_image\" \/>\n\t\t<meta name=\"twitter:title\" content=\"POMMADE SCULPTANTE INSTANTAN\u00c9E RESTYLE - Monat Canada English\" \/>\n\t\t<meta name=\"twitter:description\" content=\"POMMADE SCULPTANTE INSTANTAN\u00c9E RESTYLE Pour amplifier et rehausser avec des r\u00e9sultats instantan\u00e9s. Infus\u00e9e de REJUVENIQE\u00ae 30 ml \u212e 1,7 oz liq. Prix de client VIP 43,00 $ CA Prix de d\u00e9tail 50,00 $ CA Prix de client VIP 43,00 $ CA Prix de d\u00e9tail 51,00 $ CA Prix de client VIP 39,00 $ CA Prix\" \/>\n\t\t<script type=\"application\/ld+json\" class=\"aioseo-schema\">\n\t\t\t{\"@context\":\"https:\\\/\\\/schema.org\",\"@graph\":[{\"@type\":\"BreadcrumbList\",\"@id\":\"https:\\\/\\\/monatglobal.com\\\/ca\\\/restyle-instant-sculpting-taffy\\\/?lang=fr#breadcrumblist\",\"itemListElement\":[{\"@type\":\"ListItem\",\"@id\":\"https:\\\/\\\/monatglobal.com\\\/ca#listItem\",\"position\":1,\"name\":\"Home\",\"item\":\"https:\\\/\\\/monatglobal.com\\\/ca\",\"nextItem\":{\"@type\":\"ListItem\",\"@id\":\"https:\\\/\\\/monatglobal.com\\\/ca\\\/restyle-instant-sculpting-taffy\\\/?lang=fr#listItem\",\"name\":\"POMMADE SCULPTANTE INSTANTAN\\u00c9E RESTYLE\"}},{\"@type\":\"ListItem\",\"@id\":\"https:\\\/\\\/monatglobal.com\\\/ca\\\/restyle-instant-sculpting-taffy\\\/?lang=fr#listItem\",\"position\":2,\"name\":\"POMMADE SCULPTANTE INSTANTAN\\u00c9E RESTYLE\",\"previousItem\":{\"@type\":\"ListItem\",\"@id\":\"https:\\\/\\\/monatglobal.com\\\/ca#listItem\",\"name\":\"Home\"}}]},{\"@type\":\"Organization\",\"@id\":\"https:\\\/\\\/monatglobal.com\\\/ca\\\/#organization\",\"name\":\"Monat Canada English\",\"description\":\"We Are Modern Nature\",\"url\":\"https:\\\/\\\/monatglobal.com\\\/ca\\\/\"},{\"@type\":\"WebPage\",\"@id\":\"https:\\\/\\\/monatglobal.com\\\/ca\\\/restyle-instant-sculpting-taffy\\\/?lang=fr#webpage\",\"url\":\"https:\\\/\\\/monatglobal.com\\\/ca\\\/restyle-instant-sculpting-taffy\\\/?lang=fr\",\"name\":\"POMMADE SCULPTANTE INSTANTAN\\u00c9E RESTYLE - Monat Canada English\",\"description\":\"POMMADE SCULPTANTE INSTANTAN\\u00c9E RESTYLE Pour amplifier et rehausser avec des r\\u00e9sultats instantan\\u00e9s. Infus\\u00e9e de REJUVENIQE\\u00ae 30 ml \\u212e 1,7 oz liq. Prix de client VIP 43,00 $ CA Prix de d\\u00e9tail 50,00 $ CA Prix de client VIP 43,00 $ CA Prix de d\\u00e9tail 51,00 $ CA Prix de client VIP 39,00 $ CA Prix\",\"inLanguage\":\"en-US\",\"isPartOf\":{\"@id\":\"https:\\\/\\\/monatglobal.com\\\/ca\\\/#website\"},\"breadcrumb\":{\"@id\":\"https:\\\/\\\/monatglobal.com\\\/ca\\\/restyle-instant-sculpting-taffy\\\/?lang=fr#breadcrumblist\"},\"image\":{\"@type\":\"ImageObject\",\"url\":\"https:\\\/\\\/monatglobal.com\\\/ca\\\/wp-content\\\/uploads\\\/sites\\\/5\\\/2019\\\/01\\\/TAFFY-500x438.png\",\"@id\":\"https:\\\/\\\/monatglobal.com\\\/ca\\\/restyle-instant-sculpting-taffy\\\/?lang=fr\\\/#mainImage\",\"width\":438,\"height\":500},\"primaryImageOfPage\":{\"@id\":\"https:\\\/\\\/monatglobal.com\\\/ca\\\/restyle-instant-sculpting-taffy\\\/?lang=fr#mainImage\"},\"datePublished\":\"2018-04-16T15:27:48-04:00\",\"dateModified\":\"2026-01-02T11:18:38-05:00\"},{\"@type\":\"WebSite\",\"@id\":\"https:\\\/\\\/monatglobal.com\\\/ca\\\/#website\",\"url\":\"https:\\\/\\\/monatglobal.com\\\/ca\\\/\",\"name\":\"Monat Canada English\",\"description\":\"We Are Modern Nature\",\"inLanguage\":\"en-US\",\"publisher\":{\"@id\":\"https:\\\/\\\/monatglobal.com\\\/ca\\\/#organization\"}}]}\n\t\t<\/script>\n\t\t<!-- All in One SEO Pro -->\r\n\t\t<title>POMMADE SCULPTANTE INSTANTAN\u00c9E RESTYLE - Monat Canada English<\/title>\n\n","aioseo_head_json":{"title":"POMMADE SCULPTANTE INSTANTAN\u00c9E RESTYLE - Monat Canada English","description":"POMMADE SCULPTANTE INSTANTAN\u00c9E RESTYLE Pour amplifier et rehausser avec des r\u00e9sultats instantan\u00e9s. Infus\u00e9e de REJUVENIQE\u00ae 30 ml \u212e 1,7 oz liq. Prix de client VIP 43,00 $ CA Prix de d\u00e9tail 50,00 $ CA Prix de client VIP 43,00 $ CA Prix de d\u00e9tail 51,00 $ CA Prix de client VIP 39,00 $ CA Prix","canonical_url":"https:\/\/monatglobal.com\/ca\/restyle-instant-sculpting-taffy\/?lang=fr","robots":"max-image-preview:large","keywords":"","webmasterTools":{"miscellaneous":""},"schema":{"@context":"https:\/\/schema.org","@graph":[{"@type":"BreadcrumbList","@id":"https:\/\/monatglobal.com\/ca\/restyle-instant-sculpting-taffy\/?lang=fr#breadcrumblist","itemListElement":[{"@type":"ListItem","@id":"https:\/\/monatglobal.com\/ca#listItem","position":1,"name":"Home","item":"https:\/\/monatglobal.com\/ca","nextItem":{"@type":"ListItem","@id":"https:\/\/monatglobal.com\/ca\/restyle-instant-sculpting-taffy\/?lang=fr#listItem","name":"POMMADE SCULPTANTE INSTANTAN\u00c9E RESTYLE"}},{"@type":"ListItem","@id":"https:\/\/monatglobal.com\/ca\/restyle-instant-sculpting-taffy\/?lang=fr#listItem","position":2,"name":"POMMADE SCULPTANTE INSTANTAN\u00c9E RESTYLE","previousItem":{"@type":"ListItem","@id":"https:\/\/monatglobal.com\/ca#listItem","name":"Home"}}]},{"@type":"Organization","@id":"https:\/\/monatglobal.com\/ca\/#organization","name":"Monat Canada English","description":"We Are Modern Nature","url":"https:\/\/monatglobal.com\/ca\/"},{"@type":"WebPage","@id":"https:\/\/monatglobal.com\/ca\/restyle-instant-sculpting-taffy\/?lang=fr#webpage","url":"https:\/\/monatglobal.com\/ca\/restyle-instant-sculpting-taffy\/?lang=fr","name":"POMMADE SCULPTANTE INSTANTAN\u00c9E RESTYLE - Monat Canada English","description":"POMMADE SCULPTANTE INSTANTAN\u00c9E RESTYLE Pour amplifier et rehausser avec des r\u00e9sultats instantan\u00e9s. Infus\u00e9e de REJUVENIQE\u00ae 30 ml \u212e 1,7 oz liq. Prix de client VIP 43,00 $ CA Prix de d\u00e9tail 50,00 $ CA Prix de client VIP 43,00 $ CA Prix de d\u00e9tail 51,00 $ CA Prix de client VIP 39,00 $ CA Prix","inLanguage":"en-US","isPartOf":{"@id":"https:\/\/monatglobal.com\/ca\/#website"},"breadcrumb":{"@id":"https:\/\/monatglobal.com\/ca\/restyle-instant-sculpting-taffy\/?lang=fr#breadcrumblist"},"image":{"@type":"ImageObject","url":"https:\/\/monatglobal.com\/ca\/wp-content\/uploads\/sites\/5\/2019\/01\/TAFFY-500x438.png","@id":"https:\/\/monatglobal.com\/ca\/restyle-instant-sculpting-taffy\/?lang=fr\/#mainImage","width":438,"height":500},"primaryImageOfPage":{"@id":"https:\/\/monatglobal.com\/ca\/restyle-instant-sculpting-taffy\/?lang=fr#mainImage"},"datePublished":"2018-04-16T15:27:48-04:00","dateModified":"2026-01-02T11:18:38-05:00"},{"@type":"WebSite","@id":"https:\/\/monatglobal.com\/ca\/#website","url":"https:\/\/monatglobal.com\/ca\/","name":"Monat Canada English","description":"We Are Modern Nature","inLanguage":"en-US","publisher":{"@id":"https:\/\/monatglobal.com\/ca\/#organization"}}]},"og:locale":"en_US","og:site_name":"Monat Canada English - We Are Modern Nature","og:type":"article","og:title":"POMMADE SCULPTANTE INSTANTAN\u00c9E RESTYLE - Monat Canada English","og:description":"POMMADE SCULPTANTE INSTANTAN\u00c9E RESTYLE Pour amplifier et rehausser avec des r\u00e9sultats instantan\u00e9s. Infus\u00e9e de REJUVENIQE\u00ae 30 ml \u212e 1,7 oz liq. Prix de client VIP 43,00 $ CA Prix de d\u00e9tail 50,00 $ CA Prix de client VIP 43,00 $ CA Prix de d\u00e9tail 51,00 $ CA Prix de client VIP 39,00 $ CA Prix","og:url":"https:\/\/monatglobal.com\/ca\/restyle-instant-sculpting-taffy\/?lang=fr","article:published_time":"2018-04-16T15:27:48+00:00","article:modified_time":"2026-01-02T16:18:38+00:00","twitter:card":"summary_large_image","twitter:title":"POMMADE SCULPTANTE INSTANTAN\u00c9E RESTYLE - Monat Canada English","twitter:description":"POMMADE SCULPTANTE INSTANTAN\u00c9E RESTYLE Pour amplifier et rehausser avec des r\u00e9sultats instantan\u00e9s. Infus\u00e9e de REJUVENIQE\u00ae 30 ml \u212e 1,7 oz liq. Prix de client VIP 43,00 $ CA Prix de d\u00e9tail 50,00 $ CA Prix de client VIP 43,00 $ CA Prix de d\u00e9tail 51,00 $ CA Prix de client VIP 39,00 $ CA Prix"},"aioseo_meta_data":{"post_id":"31777","title":null,"description":null,"keywords":null,"keyphrases":{"focus":{"keyphrase":"","score":0,"analysis":{"keyphraseInTitle":{"score":0,"maxScore":9,"error":1}}},"additional":[]},"primary_term":null,"canonical_url":null,"og_title":null,"og_description":null,"og_object_type":"default","og_image_type":"default","og_image_url":null,"og_image_width":null,"og_image_height":null,"og_image_custom_url":null,"og_image_custom_fields":null,"og_video":"","og_custom_url":null,"og_article_section":null,"og_article_tags":null,"twitter_use_og":false,"twitter_card":"default","twitter_image_type":"default","twitter_image_url":null,"twitter_image_custom_url":null,"twitter_image_custom_fields":null,"twitter_title":null,"twitter_description":null,"schema":{"blockGraphs":[],"customGraphs":[],"default":{"data":{"Article":[],"Course":[],"Dataset":[],"FAQPage":[],"Movie":[],"Person":[],"Product":[],"ProductReview":[],"Car":[],"Recipe":[],"Service":[],"SoftwareApplication":[],"WebPage":[]},"graphName":"WebPage","isEnabled":true},"graphs":[]},"schema_type":"default","schema_type_options":null,"pillar_content":false,"robots_default":true,"robots_noindex":false,"robots_noarchive":false,"robots_nosnippet":false,"robots_nofollow":false,"robots_noimageindex":false,"robots_noodp":false,"robots_notranslate":false,"robots_max_snippet":"-1","robots_max_videopreview":"-1","robots_max_imagepreview":"large","priority":null,"frequency":"default","local_seo":null,"seo_analyzer_scan_date":"2026-02-10 03:26:36","limit_modified_date":false,"reviewed_by":null,"open_ai":"{\"title\":{\"suggestions\":[],\"usage\":0},\"description\":{\"suggestions\":[],\"usage\":0}}","ai":null,"created":"2023-07-26 12:19:00","updated":"2026-02-10 18:38:47"},"aioseo_breadcrumb":"<div class=\"aioseo-breadcrumbs\"><span class=\"aioseo-breadcrumb\">\n\t<a href=\"https:\/\/monatglobal.com\/ca\" title=\"Home\">Home<\/a>\n<\/span><span class=\"aioseo-breadcrumb-separator\">&raquo;<\/span><span class=\"aioseo-breadcrumb\">\n\tPOMMADE SCULPTANTE INSTANTAN\u00c9E RESTYLE\n<\/span><\/div>","aioseo_breadcrumb_json":[{"label":"Home","link":"https:\/\/monatglobal.com\/ca"},{"label":"POMMADE SCULPTANTE INSTANTAN\u00c9E RESTYLE","link":"https:\/\/monatglobal.com\/ca\/restyle-instant-sculpting-taffy\/?lang=fr"}],"_links":{"self":[{"href":"https:\/\/monatglobal.com\/ca\/wp-json\/wp\/v2\/pages\/31777","targetHints":{"allow":["GET"]}}],"collection":[{"href":"https:\/\/monatglobal.com\/ca\/wp-json\/wp\/v2\/pages"}],"about":[{"href":"https:\/\/monatglobal.com\/ca\/wp-json\/wp\/v2\/types\/page"}],"author":[{"embeddable":true,"href":"https:\/\/monatglobal.com\/ca\/wp-json\/wp\/v2\/users\/20"}],"replies":[{"embeddable":true,"href":"https:\/\/monatglobal.com\/ca\/wp-json\/wp\/v2\/comments?post=31777"}],"version-history":[{"count":41,"href":"https:\/\/monatglobal.com\/ca\/wp-json\/wp\/v2\/pages\/31777\/revisions"}],"predecessor-version":[{"id":109328,"href":"https:\/\/monatglobal.com\/ca\/wp-json\/wp\/v2\/pages\/31777\/revisions\/109328"}],"wp:featuredmedia":[{"embeddable":true,"href":"https:\/\/monatglobal.com\/ca\/wp-json\/wp\/v2\/media\/40451"}],"wp:attachment":[{"href":"https:\/\/monatglobal.com\/ca\/wp-json\/wp\/v2\/media?parent=31777"}],"wp:term":[{"taxonomy":"category","embeddable":true,"href":"https:\/\/monatglobal.com\/ca\/wp-json\/wp\/v2\/categories?post=31777"},{"taxonomy":"post_tag","embeddable":true,"href":"https:\/\/monatglobal.com\/ca\/wp-json\/wp\/v2\/tags?post=31777"}],"curies":[{"name":"wp","href":"https:\/\/api.w.org\/{rel}","templated":true}]}}