{"id":31743,"date":"2018-04-15T05:26:04","date_gmt":"2018-04-15T05:26:04","guid":{"rendered":"https:\/\/monatglobal.com\/ca\/?page_id=31743"},"modified":"2022-07-12T13:02:10","modified_gmt":"2022-07-12T17:02:10","slug":"traitement-intense-repair","status":"publish","type":"page","link":"https:\/\/monatglobal.com\/ca\/traitement-intense-repair\/?lang=fr","title":{"rendered":"TRAITEMENT INTENSE REPAIR"},"content":{"rendered":"\n\n\t<img loading=\"lazy\" decoding=\"async\" src=\"https:\/\/monatglobal.com\/ca\/wp-content\/uploads\/sites\/5\/2019\/01\/INTENSE-REPAIR-TREATMENT-500x438.png\" alt=\"Traitement Intense Repair\" width=\"350\" height=\"400\" \/>\n<h1>TRAITEMENT <br \/><strong>R\u00c9PARATION INTENSE<\/strong><\/h1>\n<hr \/>\n\t<em>Un traitement revitalisant pour des cheveux d&#8217;apparence plus volumineuse, plus \u00e9paisse et plus saine.<br \/>\n<\/em>\n   74 ml e \/ 2,5 oz liq.\n   <strong>Prix de client VIP<\/strong><br \/>\n   88,00 $ CA\n     <strong>Prix de d\u00e9tail<\/strong><br \/>\n   103,00 $ CA\n   <strong>Prix de client VIP<\/strong><br \/>\n   78,00 $ CA\n     <strong>Prix de d\u00e9tail<\/strong><br \/>\n   92,00 $ CA\n\t<p>Pour en savoir plus sur le traitement r\u00e9paration intense, veuillez contacter votre partenaire de march\u00e9 MONAT.<\/p>\n\t<a target=\"_blank\" href=\"https:\/\/corp.mymonat.com\/shop\/products\/intense-repair-treatment?globallanguage=fr&#038;globalmarket=ca\" rel=\"noopener\">MAGASINEZ<\/a>\n<h2>\n\t\tBIENFAITS\n\t<\/h2>\n\tUn traitement quotidien intense sans rin\u00e7age qui aide \u00e0 stimuler le cuir chevelu pour des cheveux d&#8217;apparence plus volumineuse et plus \u00e9paisse. Ce m\u00e9lange intense d&#8217;extraits de tr\u00e8fles rouges, de vitamines essentielles et de nutriments actifs aide \u00e0 contrer la formation de DHT.\n<h2>\n\t\tMODE D&#8217;EMPLOI\n\t<\/h2>\n<ul>\n<li>Apr\u00e8s avoir utilis\u00e9 le shampooing et essor\u00e9 les cheveux \u00e0 l&#8217;aide d&#8217;une serviette, vaporisez sur le cuir chevelu &#8211; une section \u00e0 la fois &#8211; en massant pour une distribution uniforme.<\/li>\n<li>Ne rincez pas les cheveux.<\/li>\n<li>S\u00e9chez et coiffez comme \u00e0 l&#8217;habitude.<\/li>\n<li>Pour les meilleurs r\u00e9sultats, utilisez le produit deux fois par jour.<\/li>\n<\/ul>\n<p>Pour obtenir de meilleurs r\u00e9sultats, utilisez en combinaison avec les autres produits de MONAT.<\/p>\n\t<p><img loading=\"lazy\" decoding=\"async\" src=\"https:\/\/monatglobal.com\/wp-content\/uploads\/2018\/10\/ingredient_taffy1.png\" alt=\"ingredient_taffy\" width=\"183\" height=\"174\" \/><\/p>\n<h2>\n\t\tINGR\u00c9DIENT CL\u00c9\n\t<\/h2>\n\t<p><strong>CAPIXYL\u2122<\/strong><\/p>\n<p>Un m\u00e9lange \u00e9mollient aidant \u00e0 prot\u00e9ger le cuir chevelu, \u00e0 renforcer et \u00e0 \u00e9paissir les cheveux tout en augmentant la densit\u00e9 des cheveux.<\/p>\n<h2>\n\t\tLISTE D&#8217;INGR\u00c9DIENTS\n\t<\/h2>\n\t<p>Water (Aqua), Butylene Glycol, Acetyl Tetrapeptide-3, Trifolium Pratense (Clover) Flower Extract, Hydrolyzed Wheat Protein, Glycerin, Dextran, Xanthan Gum, PVP, Benzyl Alcohol, Dehydroacetic Acid.<\/p>\n<h2>\n\t\tVOUS POURRIEZ AUSSI AIMER\n\t<\/h2>\n<h2>\n\t\t<a href=\"\/ca\/?page_id=41692\" title=\"TOUS LES PRODUITS\" target=\"_self\" rel=\"noopener\">\n\t\tTOUS LES PRODUITS\n\t\t<\/a>\n\t<\/h2>\n\n","protected":false},"excerpt":{"rendered":"<p>TRAITEMENT R\u00c9PARATION INTENSE Un traitement revitalisant pour des cheveux d&#8217;apparence plus volumineuse, plus \u00e9paisse et plus saine. 74 ml e \/ 2,5 oz liq. Prix de client VIP 88,00 $ CA Prix de d\u00e9tail 103,00 $ CA Prix de client VIP 78,00 $ CA Prix de d\u00e9tail 92,00 $ CA Pour en savoir plus sur&hellip;<\/p>\n","protected":false},"author":31,"featured_media":40437,"parent":0,"menu_order":0,"comment_status":"closed","ping_status":"closed","template":"","meta":{"inline_featured_image":false,"om_disable_all_campaigns":false,"_monsterinsights_skip_tracking":false,"_monsterinsights_sitenote_active":false,"_monsterinsights_sitenote_note":"","_monsterinsights_sitenote_category":0,"footnotes":""},"categories":[],"tags":[],"class_list":["post-31743","page","type-page","status-publish","has-post-thumbnail","hentry"],"aioseo_notices":[],"aioseo_head":"\n\t\t<!-- All in One SEO Pro 4.9.6 - aioseo.com -->\n\t<meta name=\"description\" content=\"TRAITEMENT R\u00c9PARATION INTENSE Un traitement revitalisant pour des cheveux d&#039;apparence plus volumineuse, plus \u00e9paisse et plus saine. 74 ml e \/ 2,5 oz liq. Prix de client VIP 88,00 $ CA Prix de d\u00e9tail 103,00 $ CA Prix de client VIP 78,00 $ CA Prix de d\u00e9tail 92,00 $ CA Pour en savoir plus sur\" \/>\n\t<meta name=\"robots\" content=\"max-image-preview:large\" \/>\n\t<link rel=\"canonical\" href=\"https:\/\/monatglobal.com\/ca\/traitement-intense-repair\/?lang=fr\" \/>\n\t<meta name=\"generator\" content=\"All in One SEO Pro (AIOSEO) 4.9.6\" \/>\n\t\t<meta property=\"og:locale\" content=\"en_US\" \/>\n\t\t<meta property=\"og:site_name\" content=\"Monat Canada English - We Are Modern Nature\" \/>\n\t\t<meta property=\"og:type\" content=\"article\" \/>\n\t\t<meta property=\"og:title\" content=\"TRAITEMENT INTENSE REPAIR - Monat Canada English\" \/>\n\t\t<meta property=\"og:description\" content=\"TRAITEMENT R\u00c9PARATION INTENSE Un traitement revitalisant pour des cheveux d&#039;apparence plus volumineuse, plus \u00e9paisse et plus saine. 74 ml e \/ 2,5 oz liq. Prix de client VIP 88,00 $ CA Prix de d\u00e9tail 103,00 $ CA Prix de client VIP 78,00 $ CA Prix de d\u00e9tail 92,00 $ CA Pour en savoir plus sur\" \/>\n\t\t<meta property=\"og:url\" content=\"https:\/\/monatglobal.com\/ca\/traitement-intense-repair\/?lang=fr\" \/>\n\t\t<meta property=\"article:published_time\" content=\"2018-04-15T05:26:04+00:00\" \/>\n\t\t<meta property=\"article:modified_time\" content=\"2022-07-12T17:02:10+00:00\" \/>\n\t\t<meta name=\"twitter:card\" content=\"summary_large_image\" \/>\n\t\t<meta name=\"twitter:title\" content=\"TRAITEMENT INTENSE REPAIR - Monat Canada English\" \/>\n\t\t<meta name=\"twitter:description\" content=\"TRAITEMENT R\u00c9PARATION INTENSE Un traitement revitalisant pour des cheveux d&#039;apparence plus volumineuse, plus \u00e9paisse et plus saine. 74 ml e \/ 2,5 oz liq. Prix de client VIP 88,00 $ CA Prix de d\u00e9tail 103,00 $ CA Prix de client VIP 78,00 $ CA Prix de d\u00e9tail 92,00 $ CA Pour en savoir plus sur\" \/>\n\t\t<script type=\"application\/ld+json\" class=\"aioseo-schema\">\n\t\t\t{\"@context\":\"https:\\\/\\\/schema.org\",\"@graph\":[{\"@type\":\"BreadcrumbList\",\"@id\":\"https:\\\/\\\/monatglobal.com\\\/ca\\\/traitement-intense-repair\\\/?lang=fr#breadcrumblist\",\"itemListElement\":[{\"@type\":\"ListItem\",\"@id\":\"https:\\\/\\\/monatglobal.com\\\/ca#listItem\",\"position\":1,\"name\":\"Home\",\"item\":\"https:\\\/\\\/monatglobal.com\\\/ca\",\"nextItem\":{\"@type\":\"ListItem\",\"@id\":\"https:\\\/\\\/monatglobal.com\\\/ca\\\/traitement-intense-repair\\\/?lang=fr#listItem\",\"name\":\"TRAITEMENT INTENSE REPAIR\"}},{\"@type\":\"ListItem\",\"@id\":\"https:\\\/\\\/monatglobal.com\\\/ca\\\/traitement-intense-repair\\\/?lang=fr#listItem\",\"position\":2,\"name\":\"TRAITEMENT INTENSE REPAIR\",\"previousItem\":{\"@type\":\"ListItem\",\"@id\":\"https:\\\/\\\/monatglobal.com\\\/ca#listItem\",\"name\":\"Home\"}}]},{\"@type\":\"Organization\",\"@id\":\"https:\\\/\\\/monatglobal.com\\\/ca\\\/#organization\",\"name\":\"Monat Canada English\",\"description\":\"We Are Modern Nature\",\"url\":\"https:\\\/\\\/monatglobal.com\\\/ca\\\/\"},{\"@type\":\"WebPage\",\"@id\":\"https:\\\/\\\/monatglobal.com\\\/ca\\\/traitement-intense-repair\\\/?lang=fr#webpage\",\"url\":\"https:\\\/\\\/monatglobal.com\\\/ca\\\/traitement-intense-repair\\\/?lang=fr\",\"name\":\"TRAITEMENT INTENSE REPAIR - Monat Canada English\",\"description\":\"TRAITEMENT R\\u00c9PARATION INTENSE Un traitement revitalisant pour des cheveux d'apparence plus volumineuse, plus \\u00e9paisse et plus saine. 74 ml e \\\/ 2,5 oz liq. Prix de client VIP 88,00 $ CA Prix de d\\u00e9tail 103,00 $ CA Prix de client VIP 78,00 $ CA Prix de d\\u00e9tail 92,00 $ CA Pour en savoir plus sur\",\"inLanguage\":\"en-US\",\"isPartOf\":{\"@id\":\"https:\\\/\\\/monatglobal.com\\\/ca\\\/#website\"},\"breadcrumb\":{\"@id\":\"https:\\\/\\\/monatglobal.com\\\/ca\\\/traitement-intense-repair\\\/?lang=fr#breadcrumblist\"},\"image\":{\"@type\":\"ImageObject\",\"url\":\"https:\\\/\\\/monatglobal.com\\\/ca\\\/wp-content\\\/uploads\\\/sites\\\/5\\\/2019\\\/01\\\/INTENSE-REPAIR-TREATMENT-500x438.png\",\"@id\":\"https:\\\/\\\/monatglobal.com\\\/ca\\\/traitement-intense-repair\\\/?lang=fr\\\/#mainImage\",\"width\":438,\"height\":500},\"primaryImageOfPage\":{\"@id\":\"https:\\\/\\\/monatglobal.com\\\/ca\\\/traitement-intense-repair\\\/?lang=fr#mainImage\"},\"datePublished\":\"2018-04-15T05:26:04-04:00\",\"dateModified\":\"2022-07-12T13:02:10-04:00\"},{\"@type\":\"WebSite\",\"@id\":\"https:\\\/\\\/monatglobal.com\\\/ca\\\/#website\",\"url\":\"https:\\\/\\\/monatglobal.com\\\/ca\\\/\",\"name\":\"Monat Canada English\",\"description\":\"We Are Modern Nature\",\"inLanguage\":\"en-US\",\"publisher\":{\"@id\":\"https:\\\/\\\/monatglobal.com\\\/ca\\\/#organization\"}}]}\n\t\t<\/script>\n\t\t<!-- All in One SEO Pro -->\r\n\t\t<title>TRAITEMENT INTENSE REPAIR - Monat Canada English<\/title>\n\n","aioseo_head_json":{"title":"TRAITEMENT INTENSE REPAIR - Monat Canada English","description":"TRAITEMENT R\u00c9PARATION INTENSE Un traitement revitalisant pour des cheveux d'apparence plus volumineuse, plus \u00e9paisse et plus saine. 74 ml e \/ 2,5 oz liq. Prix de client VIP 88,00 $ CA Prix de d\u00e9tail 103,00 $ CA Prix de client VIP 78,00 $ CA Prix de d\u00e9tail 92,00 $ CA Pour en savoir plus sur","canonical_url":"https:\/\/monatglobal.com\/ca\/traitement-intense-repair\/?lang=fr","robots":"max-image-preview:large","keywords":"","webmasterTools":{"miscellaneous":""},"schema":{"@context":"https:\/\/schema.org","@graph":[{"@type":"BreadcrumbList","@id":"https:\/\/monatglobal.com\/ca\/traitement-intense-repair\/?lang=fr#breadcrumblist","itemListElement":[{"@type":"ListItem","@id":"https:\/\/monatglobal.com\/ca#listItem","position":1,"name":"Home","item":"https:\/\/monatglobal.com\/ca","nextItem":{"@type":"ListItem","@id":"https:\/\/monatglobal.com\/ca\/traitement-intense-repair\/?lang=fr#listItem","name":"TRAITEMENT INTENSE REPAIR"}},{"@type":"ListItem","@id":"https:\/\/monatglobal.com\/ca\/traitement-intense-repair\/?lang=fr#listItem","position":2,"name":"TRAITEMENT INTENSE REPAIR","previousItem":{"@type":"ListItem","@id":"https:\/\/monatglobal.com\/ca#listItem","name":"Home"}}]},{"@type":"Organization","@id":"https:\/\/monatglobal.com\/ca\/#organization","name":"Monat Canada English","description":"We Are Modern Nature","url":"https:\/\/monatglobal.com\/ca\/"},{"@type":"WebPage","@id":"https:\/\/monatglobal.com\/ca\/traitement-intense-repair\/?lang=fr#webpage","url":"https:\/\/monatglobal.com\/ca\/traitement-intense-repair\/?lang=fr","name":"TRAITEMENT INTENSE REPAIR - Monat Canada English","description":"TRAITEMENT R\u00c9PARATION INTENSE Un traitement revitalisant pour des cheveux d'apparence plus volumineuse, plus \u00e9paisse et plus saine. 74 ml e \/ 2,5 oz liq. Prix de client VIP 88,00 $ CA Prix de d\u00e9tail 103,00 $ CA Prix de client VIP 78,00 $ CA Prix de d\u00e9tail 92,00 $ CA Pour en savoir plus sur","inLanguage":"en-US","isPartOf":{"@id":"https:\/\/monatglobal.com\/ca\/#website"},"breadcrumb":{"@id":"https:\/\/monatglobal.com\/ca\/traitement-intense-repair\/?lang=fr#breadcrumblist"},"image":{"@type":"ImageObject","url":"https:\/\/monatglobal.com\/ca\/wp-content\/uploads\/sites\/5\/2019\/01\/INTENSE-REPAIR-TREATMENT-500x438.png","@id":"https:\/\/monatglobal.com\/ca\/traitement-intense-repair\/?lang=fr\/#mainImage","width":438,"height":500},"primaryImageOfPage":{"@id":"https:\/\/monatglobal.com\/ca\/traitement-intense-repair\/?lang=fr#mainImage"},"datePublished":"2018-04-15T05:26:04-04:00","dateModified":"2022-07-12T13:02:10-04:00"},{"@type":"WebSite","@id":"https:\/\/monatglobal.com\/ca\/#website","url":"https:\/\/monatglobal.com\/ca\/","name":"Monat Canada English","description":"We Are Modern Nature","inLanguage":"en-US","publisher":{"@id":"https:\/\/monatglobal.com\/ca\/#organization"}}]},"og:locale":"en_US","og:site_name":"Monat Canada English - We Are Modern Nature","og:type":"article","og:title":"TRAITEMENT INTENSE REPAIR - Monat Canada English","og:description":"TRAITEMENT R\u00c9PARATION INTENSE Un traitement revitalisant pour des cheveux d'apparence plus volumineuse, plus \u00e9paisse et plus saine. 74 ml e \/ 2,5 oz liq. Prix de client VIP 88,00 $ CA Prix de d\u00e9tail 103,00 $ CA Prix de client VIP 78,00 $ CA Prix de d\u00e9tail 92,00 $ CA Pour en savoir plus sur","og:url":"https:\/\/monatglobal.com\/ca\/traitement-intense-repair\/?lang=fr","article:published_time":"2018-04-15T05:26:04+00:00","article:modified_time":"2022-07-12T17:02:10+00:00","twitter:card":"summary_large_image","twitter:title":"TRAITEMENT INTENSE REPAIR - Monat Canada English","twitter:description":"TRAITEMENT R\u00c9PARATION INTENSE Un traitement revitalisant pour des cheveux d'apparence plus volumineuse, plus \u00e9paisse et plus saine. 74 ml e \/ 2,5 oz liq. Prix de client VIP 88,00 $ CA Prix de d\u00e9tail 103,00 $ CA Prix de client VIP 78,00 $ CA Prix de d\u00e9tail 92,00 $ CA Pour en savoir plus sur"},"aioseo_meta_data":{"post_id":"31743","title":null,"description":null,"keywords":null,"keyphrases":null,"primary_term":null,"canonical_url":null,"og_title":null,"og_description":null,"og_object_type":"default","og_image_type":"default","og_image_url":null,"og_image_width":null,"og_image_height":null,"og_image_custom_url":null,"og_image_custom_fields":null,"og_video":null,"og_custom_url":null,"og_article_section":null,"og_article_tags":null,"twitter_use_og":false,"twitter_card":"default","twitter_image_type":"default","twitter_image_url":null,"twitter_image_custom_url":null,"twitter_image_custom_fields":null,"twitter_title":null,"twitter_description":null,"schema":{"blockGraphs":[],"customGraphs":[],"default":{"data":{"Article":[],"Course":[],"Dataset":[],"FAQPage":[],"Movie":[],"Person":[],"Product":[],"ProductReview":[],"Car":[],"Recipe":[],"Service":[],"SoftwareApplication":[],"WebPage":[]},"graphName":"","isEnabled":true},"graphs":[]},"schema_type":"default","schema_type_options":null,"pillar_content":false,"robots_default":true,"robots_noindex":false,"robots_noarchive":false,"robots_nosnippet":false,"robots_nofollow":false,"robots_noimageindex":false,"robots_noodp":false,"robots_notranslate":false,"robots_max_snippet":null,"robots_max_videopreview":null,"robots_max_imagepreview":"large","priority":null,"frequency":null,"local_seo":null,"seo_analyzer_scan_date":"2026-02-10 03:25:03","limit_modified_date":false,"reviewed_by":null,"open_ai":null,"ai":null,"created":"2023-07-26 12:19:00","updated":"2026-02-10 03:25:03"},"aioseo_breadcrumb":"<div class=\"aioseo-breadcrumbs\"><span class=\"aioseo-breadcrumb\">\n\t<a href=\"https:\/\/monatglobal.com\/ca\" title=\"Home\">Home<\/a>\n<\/span><span class=\"aioseo-breadcrumb-separator\">&raquo;<\/span><span class=\"aioseo-breadcrumb\">\n\tTRAITEMENT INTENSE REPAIR\n<\/span><\/div>","aioseo_breadcrumb_json":[{"label":"Home","link":"https:\/\/monatglobal.com\/ca"},{"label":"TRAITEMENT INTENSE REPAIR","link":"https:\/\/monatglobal.com\/ca\/traitement-intense-repair\/?lang=fr"}],"_links":{"self":[{"href":"https:\/\/monatglobal.com\/ca\/wp-json\/wp\/v2\/pages\/31743","targetHints":{"allow":["GET"]}}],"collection":[{"href":"https:\/\/monatglobal.com\/ca\/wp-json\/wp\/v2\/pages"}],"about":[{"href":"https:\/\/monatglobal.com\/ca\/wp-json\/wp\/v2\/types\/page"}],"author":[{"embeddable":true,"href":"https:\/\/monatglobal.com\/ca\/wp-json\/wp\/v2\/users\/31"}],"replies":[{"embeddable":true,"href":"https:\/\/monatglobal.com\/ca\/wp-json\/wp\/v2\/comments?post=31743"}],"version-history":[{"count":28,"href":"https:\/\/monatglobal.com\/ca\/wp-json\/wp\/v2\/pages\/31743\/revisions"}],"predecessor-version":[{"id":71856,"href":"https:\/\/monatglobal.com\/ca\/wp-json\/wp\/v2\/pages\/31743\/revisions\/71856"}],"wp:featuredmedia":[{"embeddable":true,"href":"https:\/\/monatglobal.com\/ca\/wp-json\/wp\/v2\/media\/40437"}],"wp:attachment":[{"href":"https:\/\/monatglobal.com\/ca\/wp-json\/wp\/v2\/media?parent=31743"}],"wp:term":[{"taxonomy":"category","embeddable":true,"href":"https:\/\/monatglobal.com\/ca\/wp-json\/wp\/v2\/categories?post=31743"},{"taxonomy":"post_tag","embeddable":true,"href":"https:\/\/monatglobal.com\/ca\/wp-json\/wp\/v2\/tags?post=31743"}],"curies":[{"name":"wp","href":"https:\/\/api.w.org\/{rel}","templated":true}]}}