{"id":31711,"date":"2018-04-13T22:23:06","date_gmt":"2018-04-13T22:23:06","guid":{"rendered":"https:\/\/monatglobal.com\/ca\/?page_id=31711"},"modified":"2020-06-30T17:25:58","modified_gmt":"2020-06-30T17:25:58","slug":"amplificateur-de-racines-reshape","status":"publish","type":"page","link":"https:\/\/monatglobal.com\/ca\/amplificateur-de-racines-reshape\/?lang=fr","title":{"rendered":"AMPLIFICATEUR DE RACINES RESHAPE"},"content":{"rendered":"\n\t<img loading=\"lazy\" decoding=\"async\" src=\"https:\/\/monatglobal.com\/ca\/wp-content\/uploads\/sites\/5\/2019\/01\/RESHAPE-ROOT-LIFTER-500x438.png\" alt=\"Amplificateur de racines reshape\" width=\"350\" height=\"400\" \/>\n<h1>AMPLIFICATEUR <br>DE RACINES <br><strong>RESHAPE<\/strong><\/h1>\n<hr>\n\t<p><em>Aide \u00e0 augmenter la densit\u00e9, la r\u00e9sistance et la maniabilit\u00e9 des cheveux.<\/em><\/p>\n     134 ml e \/ 4,5 oz liq.\n<strong>Prix de client VIP<\/strong> <br \/>36,00 $ CA\n<strong>Prix de d\u00e9tail<\/strong> <br \/>43,00 $ CA\n\t<p>Pour en savoir plus sur l\u2019amplificateur de racines Reshape, veuillez contacter votre partenaire de march\u00e9 MONAT. <\/p>\n\t<a target=\"_blank\" href=\"https:\/\/corp.mymonat.com\/shop\/products\/reshape-root-lifter?globallanguage=fr&#038;globalmarket=ca\">MAGASINEZ<\/a>\n<h2>\n\t\tBIENFAITS\n\t<\/h2>\n\t<p>Pour cr\u00e9er une coiffure volumineuse de longue dur\u00e9e, cet amplificateur de racines sans alcool rehausse le volume aux racines. Une formule qui ne colle pas pour des cheveux doux au toucher et d\u2019une apparence visiblement plus dense. Il aide \u00e0 prolonger la vie de la couleur des cheveux. <\/p>\n\t<a href=\"https:\/\/player.vimeo.com\/video\/230072028?autoplay=1&amp;color=ffffff&amp;title=0&amp;byline=0&amp;portrait=0\">VOIR LA VID\u00c9O<\/a>\n<h2>\n\t\tBIENFAITS\n\t<\/h2>\n\t<p>Pour cr\u00e9er une coiffure volumineuse de longue dur\u00e9e, cet amplificateur de racines sans alcool rehausse le volume aux racines. Une formule qui ne colle pas pour des cheveux doux au toucher et d\u2019une apparence visiblement plus dense. Il aide \u00e0 prolonger la vie de la couleur des cheveux. <\/p>\n<h2>\n\t\t\u00c9levez vos standards pour vos cheveux\n\t<\/h2>\n\t<p>Obtenez un coup de pouce de l\u2019amplificateur de racines Reshape, l\u2019ami par excellence du shampooing Revive et du revitalisant Revitalize. Que vos cheveux soient ternes ou que vous ayez simplement besoin de rehausser l\u2019apparence de vos cheveux lors de leur 2e journ\u00e9e, ce vaporisateur unique maximise l\u2019amplification \u00e0 la racine.<\/p><br>\n<p>De plus, il hydrate et \u00e9paissit sans les r\u00e9sidus collants souvent associ\u00e9s aux produits semblables. Vaporisez simplement avant d\u2019utiliser le s\u00e9choir \u00e0 cheveux; Reshape s\u2019entend bien avec la chaleur! Mieux encore, c\u2019est un absorbeur de rayons UVA\/UVB, ce qui signifie que les dames qui ont des cheveux color\u00e9s peuvent allonger le temps entre leurs visites au salon de coiffure.<\/p>\n<h2>\n\t\tEn un coup d\u2019\u0153il:\n\t<\/h2>\n\t<ul>\n<li>Il peut \u00eatre utilis\u00e9 sur les cheveux humides ou secs pour stimuler la racine<\/li>\n<li>Il peut \u00eatre utilis\u00e9 partout pour aider \u00e0 augmenter le volume <\/li>\n<li>Il prot\u00e8ge des rayons UVA\/UVB <\/li>\n<\/ul>\n<h2>\n\t\tMODE D\u2019EMPLOI\n\t<\/h2>\n<ul>\n<li>Vaporisez sur les cheveux humides, en vous concentrant sur les racines.<\/li>\n<li>S\u00e9chez les cheveux et coiffez comme \u00e0 l\u2019habitude.<\/li>\n<li>Pour les meilleurs r\u00e9sultats, utilisez en combinaison avec les autres produits de MONAT.<\/li>\n<\/ul>\n<h2>\n\t\tNOUS DISONS <br\/>\u00ab NON \u00bb AUX INGR\u00c9DIENTS TOXIQUES.\n\t<\/h2>\n\t<ul>\n<li>Parab\u00e8nes\n<\/li>\n<li>Silicones cycliques\n<\/li>\n<li>Phthalates \n<\/li>\n<li>Microbilles de plastique\n<\/li> \n<li>Colorants nocifs<\/li>\n<li>Parfums nocifs<\/li>\n<li>Tests sur les animaux <\/li>\n    <\/ul>\n\t\t\t\t<img loading=\"lazy\" decoding=\"async\" src=\"https:\/\/monatglobal.com\/ca\/wp-content\/uploads\/sites\/5\/2020\/06\/our-no-icons.png\" alt=\"our no icons\" itemprop=\"image\" height=\"76\" width=\"348\" title=\"our no icons\"  \/>\n<h2>\n\t\tINGR\u00c9DIENTS CL\u00c9S\n\t<\/h2>\n\t<p><img loading=\"lazy\" decoding=\"async\" src=\"https:\/\/monatglobal.com\/wp-content\/uploads\/2018\/10\/ingredient_root_lifter-1.png\" alt=\"ingredient_root_lifter\" width=\"183\" height=\"174\" \/><\/p>\n\t<p><strong>CAPIXYL\u2122<\/strong><\/p>\n<p>Un m\u00e9lange \u00e9mollient aidant \u00e0 prot\u00e9ger le cuir chevelu, \u00e0 renforcer et \u00e0 \u00e9paissir les cheveux tout en augmentant la densit\u00e9 des cheveux.<\/p>\n\t<p><strong>PROCATALINE\u2122<\/strong><\/p>\n<p>Ce m\u00e9lange de pointe contenant l\u2019extrait de pois soutient les cheveux sains et d\u2019apparence plus jeune en aidant \u00e0 prot\u00e9ger vos cheveux des dommages caus\u00e9s par les rayons UV et les facteurs environnementaux.<\/p>\n\t<p><strong>CRODASORB\u2122<\/strong><\/p>\n<p>Un puissant ingr\u00e9dient qui aide \u00e0 prot\u00e9ger contre les rayons UV nuisibles, ce qui aide \u00e0 pr\u00e9server la pigmentation naturelle des cheveux pour des cheveux prot\u00e9g\u00e9s et r\u00e9sistants.<\/p>\n<h2>\n\t\tLISTE D\u2019INGR\u00c9DIENTS\n\t<\/h2>\n\t<p>Water (Aqua), Polyimide-1, Polyquaternium-69, Cinnamidopropyltrimonium Chloride, Pisum Sativum (Pea) Extract, Acetyl Tetrapeptide-3, Trifolium Pratense (Clover) Flower Extract, Hydrolyzed Wheat Protein, Glycerin, Dextran, Butylene Glycol, Dehydroacetic Acid.<\/p>\n<h2>\n\t\tVOUS POURRIEZ AUSSI AIMER\n\t<\/h2>\n<h2>\n\t\t<a href=\"https:\/\/monatglobal.com\/ca\/tous-les-produits\/\" title=\"TOUS LES PRODUITS\" target=\"_self\">\n\t\tTOUS LES PRODUITS\n\t\t<\/a>\n\t<\/h2>\n","protected":false},"excerpt":{"rendered":"<p>AMPLIFICATEUR DE RACINES RESHAPE Aide \u00e0 augmenter la densit\u00e9, la r\u00e9sistance et la maniabilit\u00e9 des cheveux. 134 ml e \/ 4,5 oz liq. Prix de client VIP 36,00 $ CA Prix de d\u00e9tail 43,00 $ CA Pour en savoir plus sur l\u2019amplificateur de racines Reshape, veuillez contacter votre partenaire de march\u00e9 MONAT. MAGASINEZ BIENFAITS Pour&hellip;<\/p>\n","protected":false},"author":20,"featured_media":40423,"parent":0,"menu_order":0,"comment_status":"closed","ping_status":"closed","template":"template-full-custom.php","meta":{"inline_featured_image":false,"om_disable_all_campaigns":false,"_monsterinsights_skip_tracking":false,"_monsterinsights_sitenote_active":false,"_monsterinsights_sitenote_note":"","_monsterinsights_sitenote_category":0,"footnotes":""},"categories":[],"tags":[],"class_list":["post-31711","page","type-page","status-publish","has-post-thumbnail","hentry"],"aioseo_notices":[],"aioseo_head":"\n\t\t<!-- All in One SEO Pro 4.9.6 - aioseo.com -->\n\t<meta name=\"description\" content=\"AMPLIFICATEUR DE RACINES RESHAPE Aide \u00e0 augmenter la densit\u00e9, la r\u00e9sistance et la maniabilit\u00e9 des cheveux. 134 ml e \/ 4,5 oz liq. Prix de client VIP 36,00 $ CA Prix de d\u00e9tail 43,00 $ CA Pour en savoir plus sur l\u2019amplificateur de racines Reshape, veuillez contacter votre partenaire de march\u00e9 MONAT. MAGASINEZ BIENFAITS Pour\" \/>\n\t<meta name=\"robots\" content=\"max-image-preview:large\" \/>\n\t<link rel=\"canonical\" href=\"https:\/\/monatglobal.com\/ca\/amplificateur-de-racines-reshape\/?lang=fr\" \/>\n\t<meta name=\"generator\" content=\"All in One SEO Pro (AIOSEO) 4.9.6\" \/>\n\t\t<meta property=\"og:locale\" content=\"en_US\" \/>\n\t\t<meta property=\"og:site_name\" content=\"Monat Canada English - We Are Modern Nature\" \/>\n\t\t<meta property=\"og:type\" content=\"article\" \/>\n\t\t<meta property=\"og:title\" content=\"AMPLIFICATEUR DE RACINES RESHAPE - Monat Canada English\" \/>\n\t\t<meta property=\"og:description\" content=\"AMPLIFICATEUR DE RACINES RESHAPE Aide \u00e0 augmenter la densit\u00e9, la r\u00e9sistance et la maniabilit\u00e9 des cheveux. 134 ml e \/ 4,5 oz liq. Prix de client VIP 36,00 $ CA Prix de d\u00e9tail 43,00 $ CA Pour en savoir plus sur l\u2019amplificateur de racines Reshape, veuillez contacter votre partenaire de march\u00e9 MONAT. MAGASINEZ BIENFAITS Pour\" \/>\n\t\t<meta property=\"og:url\" content=\"https:\/\/monatglobal.com\/ca\/amplificateur-de-racines-reshape\/?lang=fr\" \/>\n\t\t<meta property=\"article:published_time\" content=\"2018-04-13T22:23:06+00:00\" \/>\n\t\t<meta property=\"article:modified_time\" content=\"2020-06-30T17:25:58+00:00\" \/>\n\t\t<meta name=\"twitter:card\" content=\"summary_large_image\" \/>\n\t\t<meta name=\"twitter:title\" content=\"AMPLIFICATEUR DE RACINES RESHAPE - Monat Canada English\" \/>\n\t\t<meta name=\"twitter:description\" content=\"AMPLIFICATEUR DE RACINES RESHAPE Aide \u00e0 augmenter la densit\u00e9, la r\u00e9sistance et la maniabilit\u00e9 des cheveux. 134 ml e \/ 4,5 oz liq. Prix de client VIP 36,00 $ CA Prix de d\u00e9tail 43,00 $ CA Pour en savoir plus sur l\u2019amplificateur de racines Reshape, veuillez contacter votre partenaire de march\u00e9 MONAT. MAGASINEZ BIENFAITS Pour\" \/>\n\t\t<script type=\"application\/ld+json\" class=\"aioseo-schema\">\n\t\t\t{\"@context\":\"https:\\\/\\\/schema.org\",\"@graph\":[{\"@type\":\"BreadcrumbList\",\"@id\":\"https:\\\/\\\/monatglobal.com\\\/ca\\\/amplificateur-de-racines-reshape\\\/?lang=fr#breadcrumblist\",\"itemListElement\":[{\"@type\":\"ListItem\",\"@id\":\"https:\\\/\\\/monatglobal.com\\\/ca#listItem\",\"position\":1,\"name\":\"Home\",\"item\":\"https:\\\/\\\/monatglobal.com\\\/ca\",\"nextItem\":{\"@type\":\"ListItem\",\"@id\":\"https:\\\/\\\/monatglobal.com\\\/ca\\\/amplificateur-de-racines-reshape\\\/?lang=fr#listItem\",\"name\":\"AMPLIFICATEUR DE RACINES RESHAPE\"}},{\"@type\":\"ListItem\",\"@id\":\"https:\\\/\\\/monatglobal.com\\\/ca\\\/amplificateur-de-racines-reshape\\\/?lang=fr#listItem\",\"position\":2,\"name\":\"AMPLIFICATEUR DE RACINES RESHAPE\",\"previousItem\":{\"@type\":\"ListItem\",\"@id\":\"https:\\\/\\\/monatglobal.com\\\/ca#listItem\",\"name\":\"Home\"}}]},{\"@type\":\"Organization\",\"@id\":\"https:\\\/\\\/monatglobal.com\\\/ca\\\/#organization\",\"name\":\"Monat Canada English\",\"description\":\"We Are Modern Nature\",\"url\":\"https:\\\/\\\/monatglobal.com\\\/ca\\\/\"},{\"@type\":\"WebPage\",\"@id\":\"https:\\\/\\\/monatglobal.com\\\/ca\\\/amplificateur-de-racines-reshape\\\/?lang=fr#webpage\",\"url\":\"https:\\\/\\\/monatglobal.com\\\/ca\\\/amplificateur-de-racines-reshape\\\/?lang=fr\",\"name\":\"AMPLIFICATEUR DE RACINES RESHAPE - Monat Canada English\",\"description\":\"AMPLIFICATEUR DE RACINES RESHAPE Aide \\u00e0 augmenter la densit\\u00e9, la r\\u00e9sistance et la maniabilit\\u00e9 des cheveux. 134 ml e \\\/ 4,5 oz liq. Prix de client VIP 36,00 $ CA Prix de d\\u00e9tail 43,00 $ CA Pour en savoir plus sur l\\u2019amplificateur de racines Reshape, veuillez contacter votre partenaire de march\\u00e9 MONAT. MAGASINEZ BIENFAITS Pour\",\"inLanguage\":\"en-US\",\"isPartOf\":{\"@id\":\"https:\\\/\\\/monatglobal.com\\\/ca\\\/#website\"},\"breadcrumb\":{\"@id\":\"https:\\\/\\\/monatglobal.com\\\/ca\\\/amplificateur-de-racines-reshape\\\/?lang=fr#breadcrumblist\"},\"image\":{\"@type\":\"ImageObject\",\"url\":\"https:\\\/\\\/monatglobal.com\\\/ca\\\/wp-content\\\/uploads\\\/sites\\\/5\\\/2019\\\/01\\\/RESHAPE-ROOT-LIFTER-500x438.png\",\"@id\":\"https:\\\/\\\/monatglobal.com\\\/ca\\\/amplificateur-de-racines-reshape\\\/?lang=fr\\\/#mainImage\",\"width\":438,\"height\":500},\"primaryImageOfPage\":{\"@id\":\"https:\\\/\\\/monatglobal.com\\\/ca\\\/amplificateur-de-racines-reshape\\\/?lang=fr#mainImage\"},\"datePublished\":\"2018-04-13T22:23:06-04:00\",\"dateModified\":\"2020-06-30T17:25:58-04:00\"},{\"@type\":\"WebSite\",\"@id\":\"https:\\\/\\\/monatglobal.com\\\/ca\\\/#website\",\"url\":\"https:\\\/\\\/monatglobal.com\\\/ca\\\/\",\"name\":\"Monat Canada English\",\"description\":\"We Are Modern Nature\",\"inLanguage\":\"en-US\",\"publisher\":{\"@id\":\"https:\\\/\\\/monatglobal.com\\\/ca\\\/#organization\"}}]}\n\t\t<\/script>\n\t\t<!-- All in One SEO Pro -->\r\n\t\t<title>AMPLIFICATEUR DE RACINES RESHAPE - Monat Canada English<\/title>\n\n","aioseo_head_json":{"title":"AMPLIFICATEUR DE RACINES RESHAPE - Monat Canada English","description":"AMPLIFICATEUR DE RACINES RESHAPE Aide \u00e0 augmenter la densit\u00e9, la r\u00e9sistance et la maniabilit\u00e9 des cheveux. 134 ml e \/ 4,5 oz liq. Prix de client VIP 36,00 $ CA Prix de d\u00e9tail 43,00 $ CA Pour en savoir plus sur l\u2019amplificateur de racines Reshape, veuillez contacter votre partenaire de march\u00e9 MONAT. MAGASINEZ BIENFAITS Pour","canonical_url":"https:\/\/monatglobal.com\/ca\/amplificateur-de-racines-reshape\/?lang=fr","robots":"max-image-preview:large","keywords":"","webmasterTools":{"miscellaneous":""},"schema":{"@context":"https:\/\/schema.org","@graph":[{"@type":"BreadcrumbList","@id":"https:\/\/monatglobal.com\/ca\/amplificateur-de-racines-reshape\/?lang=fr#breadcrumblist","itemListElement":[{"@type":"ListItem","@id":"https:\/\/monatglobal.com\/ca#listItem","position":1,"name":"Home","item":"https:\/\/monatglobal.com\/ca","nextItem":{"@type":"ListItem","@id":"https:\/\/monatglobal.com\/ca\/amplificateur-de-racines-reshape\/?lang=fr#listItem","name":"AMPLIFICATEUR DE RACINES RESHAPE"}},{"@type":"ListItem","@id":"https:\/\/monatglobal.com\/ca\/amplificateur-de-racines-reshape\/?lang=fr#listItem","position":2,"name":"AMPLIFICATEUR DE RACINES RESHAPE","previousItem":{"@type":"ListItem","@id":"https:\/\/monatglobal.com\/ca#listItem","name":"Home"}}]},{"@type":"Organization","@id":"https:\/\/monatglobal.com\/ca\/#organization","name":"Monat Canada English","description":"We Are Modern Nature","url":"https:\/\/monatglobal.com\/ca\/"},{"@type":"WebPage","@id":"https:\/\/monatglobal.com\/ca\/amplificateur-de-racines-reshape\/?lang=fr#webpage","url":"https:\/\/monatglobal.com\/ca\/amplificateur-de-racines-reshape\/?lang=fr","name":"AMPLIFICATEUR DE RACINES RESHAPE - Monat Canada English","description":"AMPLIFICATEUR DE RACINES RESHAPE Aide \u00e0 augmenter la densit\u00e9, la r\u00e9sistance et la maniabilit\u00e9 des cheveux. 134 ml e \/ 4,5 oz liq. Prix de client VIP 36,00 $ CA Prix de d\u00e9tail 43,00 $ CA Pour en savoir plus sur l\u2019amplificateur de racines Reshape, veuillez contacter votre partenaire de march\u00e9 MONAT. MAGASINEZ BIENFAITS Pour","inLanguage":"en-US","isPartOf":{"@id":"https:\/\/monatglobal.com\/ca\/#website"},"breadcrumb":{"@id":"https:\/\/monatglobal.com\/ca\/amplificateur-de-racines-reshape\/?lang=fr#breadcrumblist"},"image":{"@type":"ImageObject","url":"https:\/\/monatglobal.com\/ca\/wp-content\/uploads\/sites\/5\/2019\/01\/RESHAPE-ROOT-LIFTER-500x438.png","@id":"https:\/\/monatglobal.com\/ca\/amplificateur-de-racines-reshape\/?lang=fr\/#mainImage","width":438,"height":500},"primaryImageOfPage":{"@id":"https:\/\/monatglobal.com\/ca\/amplificateur-de-racines-reshape\/?lang=fr#mainImage"},"datePublished":"2018-04-13T22:23:06-04:00","dateModified":"2020-06-30T17:25:58-04:00"},{"@type":"WebSite","@id":"https:\/\/monatglobal.com\/ca\/#website","url":"https:\/\/monatglobal.com\/ca\/","name":"Monat Canada English","description":"We Are Modern Nature","inLanguage":"en-US","publisher":{"@id":"https:\/\/monatglobal.com\/ca\/#organization"}}]},"og:locale":"en_US","og:site_name":"Monat Canada English - We Are Modern Nature","og:type":"article","og:title":"AMPLIFICATEUR DE RACINES RESHAPE - Monat Canada English","og:description":"AMPLIFICATEUR DE RACINES RESHAPE Aide \u00e0 augmenter la densit\u00e9, la r\u00e9sistance et la maniabilit\u00e9 des cheveux. 134 ml e \/ 4,5 oz liq. Prix de client VIP 36,00 $ CA Prix de d\u00e9tail 43,00 $ CA Pour en savoir plus sur l\u2019amplificateur de racines Reshape, veuillez contacter votre partenaire de march\u00e9 MONAT. MAGASINEZ BIENFAITS Pour","og:url":"https:\/\/monatglobal.com\/ca\/amplificateur-de-racines-reshape\/?lang=fr","article:published_time":"2018-04-13T22:23:06+00:00","article:modified_time":"2020-06-30T17:25:58+00:00","twitter:card":"summary_large_image","twitter:title":"AMPLIFICATEUR DE RACINES RESHAPE - Monat Canada English","twitter:description":"AMPLIFICATEUR DE RACINES RESHAPE Aide \u00e0 augmenter la densit\u00e9, la r\u00e9sistance et la maniabilit\u00e9 des cheveux. 134 ml e \/ 4,5 oz liq. Prix de client VIP 36,00 $ CA Prix de d\u00e9tail 43,00 $ CA Pour en savoir plus sur l\u2019amplificateur de racines Reshape, veuillez contacter votre partenaire de march\u00e9 MONAT. MAGASINEZ BIENFAITS Pour"},"aioseo_meta_data":{"post_id":"31711","title":null,"description":null,"keywords":null,"keyphrases":null,"primary_term":null,"canonical_url":null,"og_title":null,"og_description":null,"og_object_type":"default","og_image_type":"default","og_image_url":null,"og_image_width":null,"og_image_height":null,"og_image_custom_url":null,"og_image_custom_fields":null,"og_video":null,"og_custom_url":null,"og_article_section":null,"og_article_tags":null,"twitter_use_og":false,"twitter_card":"default","twitter_image_type":"default","twitter_image_url":null,"twitter_image_custom_url":null,"twitter_image_custom_fields":null,"twitter_title":null,"twitter_description":null,"schema":{"blockGraphs":[],"customGraphs":[],"default":{"data":{"Article":[],"Course":[],"Dataset":[],"FAQPage":[],"Movie":[],"Person":[],"Product":[],"ProductReview":[],"Car":[],"Recipe":[],"Service":[],"SoftwareApplication":[],"WebPage":[]},"graphName":"","isEnabled":true},"graphs":[]},"schema_type":"default","schema_type_options":null,"pillar_content":false,"robots_default":true,"robots_noindex":false,"robots_noarchive":false,"robots_nosnippet":false,"robots_nofollow":false,"robots_noimageindex":false,"robots_noodp":false,"robots_notranslate":false,"robots_max_snippet":null,"robots_max_videopreview":null,"robots_max_imagepreview":"large","priority":null,"frequency":null,"local_seo":null,"seo_analyzer_scan_date":"2026-02-10 03:24:54","limit_modified_date":false,"reviewed_by":null,"open_ai":null,"ai":null,"created":"2023-07-26 12:18:59","updated":"2026-02-10 03:24:54"},"aioseo_breadcrumb":"<div class=\"aioseo-breadcrumbs\"><span class=\"aioseo-breadcrumb\">\n\t<a href=\"https:\/\/monatglobal.com\/ca\" title=\"Home\">Home<\/a>\n<\/span><span class=\"aioseo-breadcrumb-separator\">&raquo;<\/span><span class=\"aioseo-breadcrumb\">\n\tAMPLIFICATEUR DE RACINES RESHAPE\n<\/span><\/div>","aioseo_breadcrumb_json":[{"label":"Home","link":"https:\/\/monatglobal.com\/ca"},{"label":"AMPLIFICATEUR DE RACINES RESHAPE","link":"https:\/\/monatglobal.com\/ca\/amplificateur-de-racines-reshape\/?lang=fr"}],"_links":{"self":[{"href":"https:\/\/monatglobal.com\/ca\/wp-json\/wp\/v2\/pages\/31711","targetHints":{"allow":["GET"]}}],"collection":[{"href":"https:\/\/monatglobal.com\/ca\/wp-json\/wp\/v2\/pages"}],"about":[{"href":"https:\/\/monatglobal.com\/ca\/wp-json\/wp\/v2\/types\/page"}],"author":[{"embeddable":true,"href":"https:\/\/monatglobal.com\/ca\/wp-json\/wp\/v2\/users\/20"}],"replies":[{"embeddable":true,"href":"https:\/\/monatglobal.com\/ca\/wp-json\/wp\/v2\/comments?post=31711"}],"version-history":[{"count":20,"href":"https:\/\/monatglobal.com\/ca\/wp-json\/wp\/v2\/pages\/31711\/revisions"}],"predecessor-version":[{"id":52455,"href":"https:\/\/monatglobal.com\/ca\/wp-json\/wp\/v2\/pages\/31711\/revisions\/52455"}],"wp:featuredmedia":[{"embeddable":true,"href":"https:\/\/monatglobal.com\/ca\/wp-json\/wp\/v2\/media\/40423"}],"wp:attachment":[{"href":"https:\/\/monatglobal.com\/ca\/wp-json\/wp\/v2\/media?parent=31711"}],"wp:term":[{"taxonomy":"category","embeddable":true,"href":"https:\/\/monatglobal.com\/ca\/wp-json\/wp\/v2\/categories?post=31711"},{"taxonomy":"post_tag","embeddable":true,"href":"https:\/\/monatglobal.com\/ca\/wp-json\/wp\/v2\/tags?post=31711"}],"curies":[{"name":"wp","href":"https:\/\/api.w.org\/{rel}","templated":true}]}}