{"id":31703,"date":"2018-04-13T21:43:01","date_gmt":"2018-04-13T21:43:01","guid":{"rendered":"https:\/\/monatglobal.com\/ca\/?page_id=31703"},"modified":"2026-01-19T10:53:15","modified_gmt":"2026-01-19T15:53:15","slug":"volumizing-revive-shampoo","status":"publish","type":"page","link":"https:\/\/monatglobal.com\/ca\/volumizing-revive-shampoo\/?lang=fr","title":{"rendered":"SHAMPOOING VOLUME BOOST\u00c9"},"content":{"rendered":"\n<link rel=\"stylesheet\" href=\"https:\/\/unpkg.com\/swiper\/swiper-bundle.min.css\">\n<link rel=\"stylesheet\" href=\"https:\/\/monatglobal.com\/wp-content\/creative_css\/product_styles_sheet.css\"> \n   <!--==================================================== ECOMM SECTION ====================================================-->\n   <p>MEILLEUR VENDEUR<\/p>\n      <!--==================================================== Ecomm image ====================================================-->\n      <img decoding=\"async\" src=\"https:\/\/monatglobal.com\/nz\/wp-content\/uploads\/sites\/15\/2022\/10\/volumizing-revive-shampoo-ecomm.jpg\" alt=\"Product shot of Volumizing Revive Shampoo.\" loading=\"lazy\">\n      <!--==================================================== Ecomm information  ====================================================-->\n         \n         <p>MEILLEUR VENDEUR<\/p>\n         <h1>Shampooing<br>volumisant Revive\u2122<\/h1>\n         <p>Avec REJUVENIQE<sup>\u00ae<\/sup><\/p>\n         <p>Un shampooing qui amplifie les cheveux fins et plats sans les&nbsp;alourdir.<\/p>\n         <p>237 ml \u212e 8 oz liq.<\/p>\n     <!--==================================================== pricing box ====================================================-->    \n   <p>Prix de d\u00e9tail<br>$00.00 $ CA<\/p>\n   <p>Prix de client VIP<br>$00.00 $ CA<\/p> \n      <!--==================================================== pricing box ====================================================-->    \n         <p>Pour en savoir plus sur le Shampooing volumisant Revive\u2122, veuillez contacter votre partenaire de march\u00e9&nbsp;MONAT.<\/p>\n         <a href=\"\" target=\"_blank\" role=\"button\" aria-label=\"\" rel=\"noopener\"><\/a>\n   <!--==================================================== \/ECOMM SECTION  ====================================================-->\n   <!--==================================================== Benefits image ====================================================-->\n   \n      <source media=\"(max-width: 700px)\" srcset=\"https:\/\/monatglobal.com\/nz\/wp-content\/uploads\/sites\/15\/2022\/10\/volumizing-revive-shampoo-benefits-mobile.jpg\" loading=\"lazy\">\n      <img decoding=\"async\" alt=\"Brunette female smiling and holding the Volumizing Revive Shampoo against her face.\" src=\"https:\/\/monatglobal.com\/nz\/wp-content\/uploads\/sites\/15\/2022\/10\/volumizing-revive-shampoo-benefits.jpg\" loading=\"lazy\">\n   \n   <!--==================================================== Benefits text ====================================================-->\n         <h2>BIENFAITS<\/h2>\n         <h3>Il retire la salet\u00e9, l&#8217;huile et les d\u00e9p\u00f4ts de produits coiffants, laissant les cheveux fins et plats volumineux, doux et&nbsp;brillants.<\/h3>\n         <p> Il maintient l&#8217;hydratation des cheveux tout en aidant \u00e0 les renforcer et \u00e0 pr\u00e9venir la casse caus\u00e9e par le brossage ou le peignage. Id\u00e9al pour les cheveux fins \u00e0 moyens et pour tous les types de cheveux en manque de corps et de&nbsp;volume.<\/p>\n         <!--==================================================== features image  ====================================================-->\n         <img decoding=\"async\" alt=\"Volumizing Revive Shampoo laying on a flat surface, along with ingredients such as emon slices, coconut pieces, tomatoes, carrots and oil.\" src=\"https:\/\/monatglobal.com\/nz\/wp-content\/uploads\/sites\/15\/2022\/10\/volumizing-revive-shampoo-features.jpg\" loading=\"lazy\">\n      <!--==================================================== features text ====================================================-->\n            <h3>Caract\u00e9ristiques<\/h3>\n               <p>\/ Avec REJUVENIQE<sup>\u00ae<\/sup><\/p>\n               <p>\/ Formule volumisante contenant du&nbsp;CAPIXYL\u2122<\/p>\n               <p>*Based on instrumental tests by a third-party&nbsp;laboratory. <\/p>\n               <br>\n            <p>Parfum \/ Au parfum rafra\u00eechissant de fleurs et d&#8217;herbes fra\u00eeches aux notes de jasmin, de citron Meyer, de n\u00e9roli et de th\u00e9&nbsp;vert.<\/p>\n            <p> Texture \/ Cr\u00e8me<\/p>\n   <!--==================================================== composition image mobile ====================================================-->\n   <img decoding=\"async\" alt=\"Volumizing Revive Shampoo and Volumizing Revitalize Conditioner laying on a flat marble surface.\" src=\"https:\/\/monatglobal.com\/nz\/wp-content\/uploads\/sites\/15\/2022\/10\/Volumizing-Revive-Shampoo-standalone.jpg\" loading=\"lazy\">\n   <!--==================================================== Why it works text ====================================================-->\n      <h2>Il amplifie les cheveux et les \u00e9veille en leur donnant volume, douceur et&nbsp;\u00e9clat.<\/h2>\n      <h3>Il transforme les cheveux fins, plats et sans vie gr\u00e2ce \u00e0 un m\u00e9lange d&#8217;ingr\u00e9dients dont le REJUVENIQE<sup>\u00ae<\/sup>, l&#8217;extrait de pois et un protecteur UV v\u00e9gan, leur donnant plus de corps et de&nbsp;volume.<\/h3>\n      <p>Designed for medium to thick hair delivers our exclusive REJUVENIQE<sup>\u00ae<\/sup> oil blend, omega-fatty acids, and pea extract for healthier-looking&nbsp;strands. <\/p>\n<!--==================================================== Composition section ====================================================-->\n      <img decoding=\"async\" alt=\"Volumizing Revive Shampoo and Volumizing Revitalize Conditioner laying on a flat marble surface.\" src=\"https:\/\/monatglobal.com\/nz\/wp-content\/uploads\/sites\/15\/2022\/10\/Volumizing-Revive-Shampoo-standalone.jpg\" loading=\"lazy\">\n      <img decoding=\"async\" alt=\"Brunette female washing her hair in the shower with Volumizing Revive Shampoo.\" src=\"https:\/\/monatglobal.com\/nz\/wp-content\/uploads\/sites\/15\/2022\/10\/volumizing-revive-shampoo-comp2.jpg\" loading=\"lazy\">\n            <!--==================================================== Directions text ====================================================--> \n               <h3>Mode d&#8217;emploi<\/h3>\n               <p>\/ \u00c9mulsionner dans les mains et appliquer sur cheveux&nbsp;mouill\u00e9s.<\/p>\n               <p>\/ Laisser agir 2 \u00e0 3 minutes.<\/p>\n               <p>\/ Rincer et r\u00e9p\u00e9ter l&#8217;op\u00e9ration.<\/p>\n               <p>\/ Pour de meilleurs r\u00e9sultats, compl\u00e9ter avec l&#8217;Apr\u00e8s-shampooing volumisant Revitalize\u2122 de&nbsp;MONAT.<\/p>\n            <!--==================================================== Directions video ====================================================-->\n      <p>Damage Repair <br>Bond-Fortifying Hair Leave-In Cr\u00e8me  <br>1:28<\/p>\n   <a href=\"\" target=\"_blank\" role=\"button\" aria-label=\"\" rel=\"noopener\"><\/a>\n   <!--==================================================== Ingredients section  ====================================================-->\n      <h2>INGR\u00c9DIENTS CL\u00c9S<\/h2>\n               <p>REJUVENIQE<sup>\u00ae<\/sup><\/p>\n               <p>CAPIXYL<sup>\u2122<\/sup><\/p>\n               <p>PROCATALINE<sup>\u2122<\/sup> (extrait de pois)<\/p>\n               <p>Protecteur UV v\u00e9gan<\/p>\n        <button id=\"myBtn\" type=\"button\">LISTE D&#8217;INGR\u00c9DIENTS<\/button>\n      <!--==================================================== Modal content  ====================================================-->\n         \u00d7\n         <p>&#8220;Aqua\/Water\/Eau, Sodium C14-16 Olefin Sulfonate, Sodium Methyl Cocoyl Taurate, Lauramidopropyl Betaine, Sodium Cocoamphoacetate, Acrylates Copolymer, Cinnamidopropyltrimonium Chloride, Sodium Chloride, Hydrolyzed Rice Protein, Polyquaternium-11, Pisum Sativum (Pea) Extract, Acetyl Tetrapeptide-3, Trifolium Pratense (Clover) Flower Extract, Limnanthes Alba (Meadowfoam) Seed Oil, Crambe Abyssinica Seed Oil, Camellia Oleifera Seed Oil, Solanum Lycopersicum (Tomato) Seed Oil, Daucus Carota Sativa (Carrot) Seed Oil, Citrus Limon (Lemon) Peel Oil, Citrus Aurantifolia (Lime) Oil, Citrus Aurantium Bergamia (Bergamot) Fruit Oil, Adansonia Digitata Oil, Mauritia Flexuosa Fruit Oil, Cocos Nucifera (Coconut) Oil, Gardenia Taitensis Flower Extract, Moringa Oleifera Seed Oil, Caryocar Brasiliense Fruit Oil, Helianthus Annuus (Sunflower) Seed Oil, Glycerin, Guar Hydroxypropyltrimonium Chloride, Dextran, Glycol Distearate, Cocamidopropyl Hydroxysultaine, Sodium  Hydroxypropylphosphate Decylglucoside Crosspolymer, Sodium Hydroxypropylphosphate Laurylglucoside Crosspolymer, Lauramide MIPA, Cocamidopropyl Betaine, Propanediol, Stearyldimoniumhydroxypropyl Laurylglucosides Chloride, Propylene Glycol, Butylene Glycol, Coconut Acid, Benzoic Acid, Dehydroacetic Acid, Sodium Benzoate, Caprylhydroxamic Acid, Ethylhexylglycerin, Fragrance\/Parfum, Benzyl Alcohol, Phenoxyethanol, Glyceryl Caprylate, Citric Acid, Potassium Sorbate, Aminomethyl Propanol,  Citronellol, Limonene, Hexyl Cinnamal, Linalool.<\/p>\n   <!--==================================================== You might also like section ====================================================-->\n      <h2>VOUS POURRIEZ AUSSI AIMER<\/h2>\n      <!--==================================================== Slider YOU MIGHT ALSO LIKE ====================================================-->\n      <!---->\n      <!--   -->\n            <!--==================================================== Slides products ====================================================-->\n      <!--      -->\n      <!--         <a href=\"https:\/\/monatglobal.com\/ca\/volumizing-revitalize-conditioner\/?lang=fr\" target=\"_blank\" aria-label=\"Go to Apr\u00e8s-shampooing volumisant Revitalize\u2122 page\" rel=\"noopener\">-->\n      <!--            <img decoding=\"async\" src=\"https:\/\/monatglobal.com\/nz\/wp-content\/uploads\/sites\/15\/2022\/10\/IR-CLINICAL-THICKENING-CONDITIONER_ecomm-2022_web_page-1.jpg\" alt=\"Apr\u00e8s-shampooing volumisant Revitalize\u2122\" loading=\"lazy\"\/>-->\n      <!--            <p>Apr\u00e8s-shampooing<br \/>volumisant Revitalize\u2122<\/p>-->\n      <!--         <\/a>-->\n      <!--      -->\n      <!--      -->\n      <!--         <a href=\"https:\/\/monatglobal.com\/ca\/volume-spray\/?lang=fr\" aria-label=\"Go to Spray volumisant et amplifiant MONAT STUDIO ONE\u2122   page\">-->\n      <!--            <img decoding=\"async\" src=\"https:\/\/monatglobal.com\/wp-content\/uploads\/2021\/07\/VOLUME-LIFT-SPRAY.png\" alt=\"Spray volumisant et amplifiant MONAT STUDIO ONE\u2122\" loading=\"lazy\"\/>-->\n      <!--            <p>Spray volumisant et amplifiant<br \/> MONAT STUDIO ONE\u2122<\/p>-->\n      <!--         <\/a>-->\n      <!--      -->\n      <!--   -->\n         <!--==================================================== If we need navigation buttons  ====================================================-->\n      <!--   -->\n      <!--   -->\n         <!--==================================================== If we need paginations  ====================================================-->\n      <!--   -->\n      <!---->\n             <!-- If we need navigation buttons -->\n             <!-- If we need paginations -->\n    <a href=\"\" aria-label=\"\"><\/a>\n<!--==================================================== this link has to go last for it to work   ====================================================-->\n","protected":false},"excerpt":{"rendered":"<p>MEILLEUR VENDEUR MEILLEUR VENDEUR Shampooingvolumisant Revive\u2122 Avec REJUVENIQE\u00ae Un shampooing qui amplifie les cheveux fins et plats sans les&nbsp;alourdir. 237 ml \u212e 8 oz liq. Prix de d\u00e9tail$00.00 $ CA Prix de client VIP$00.00 $ CA Pour en savoir plus sur le Shampooing volumisant Revive\u2122, veuillez contacter votre partenaire de march\u00e9&nbsp;MONAT. BIENFAITS Il retire la&hellip;<\/p>\n","protected":false},"author":31,"featured_media":43639,"parent":0,"menu_order":0,"comment_status":"closed","ping_status":"closed","template":"","meta":{"inline_featured_image":false,"om_disable_all_campaigns":false,"_monsterinsights_skip_tracking":false,"_monsterinsights_sitenote_active":false,"_monsterinsights_sitenote_note":"","_monsterinsights_sitenote_category":0,"footnotes":""},"categories":[3629],"tags":[],"class_list":["post-31703","page","type-page","status-publish","has-post-thumbnail","hentry","category-product-fra"],"aioseo_notices":[],"aioseo_head":"\n\t\t<!-- All in One SEO Pro 4.9.6 - aioseo.com -->\n\t<meta name=\"description\" content=\"MEILLEUR VENDEUR --&gt;\" \/>\n\t<meta name=\"robots\" content=\"max-image-preview:large\" \/>\n\t<link rel=\"canonical\" href=\"https:\/\/monatglobal.com\/ca\/volumizing-revive-shampoo\/?lang=fr\" \/>\n\t<meta name=\"generator\" content=\"All in One SEO Pro (AIOSEO) 4.9.6\" \/>\n\t\t<meta property=\"og:locale\" content=\"en_US\" \/>\n\t\t<meta property=\"og:site_name\" content=\"Monat Canada English - We Are Modern Nature\" \/>\n\t\t<meta property=\"og:type\" content=\"article\" \/>\n\t\t<meta property=\"og:title\" content=\"SHAMPOOING VOLUME BOOST\u00c9 - Monat Canada English\" \/>\n\t\t<meta property=\"og:description\" content=\"MEILLEUR VENDEUR --&gt;\" \/>\n\t\t<meta property=\"og:url\" content=\"https:\/\/monatglobal.com\/ca\/volumizing-revive-shampoo\/?lang=fr\" \/>\n\t\t<meta property=\"article:published_time\" content=\"2018-04-13T21:43:01+00:00\" \/>\n\t\t<meta property=\"article:modified_time\" content=\"2026-01-19T15:53:15+00:00\" \/>\n\t\t<meta name=\"twitter:card\" content=\"summary_large_image\" \/>\n\t\t<meta name=\"twitter:title\" content=\"SHAMPOOING VOLUME BOOST\u00c9 - Monat Canada English\" \/>\n\t\t<meta name=\"twitter:description\" content=\"MEILLEUR VENDEUR --&gt;\" \/>\n\t\t<script type=\"application\/ld+json\" class=\"aioseo-schema\">\n\t\t\t{\"@context\":\"https:\\\/\\\/schema.org\",\"@graph\":[{\"@type\":\"BreadcrumbList\",\"@id\":\"https:\\\/\\\/monatglobal.com\\\/ca\\\/volumizing-revive-shampoo\\\/?lang=fr#breadcrumblist\",\"itemListElement\":[{\"@type\":\"ListItem\",\"@id\":\"https:\\\/\\\/monatglobal.com\\\/ca#listItem\",\"position\":1,\"name\":\"Home\",\"item\":\"https:\\\/\\\/monatglobal.com\\\/ca\",\"nextItem\":{\"@type\":\"ListItem\",\"@id\":\"https:\\\/\\\/monatglobal.com\\\/ca\\\/volumizing-revive-shampoo\\\/?lang=fr#listItem\",\"name\":\"SHAMPOOING VOLUME BOOST\\u00c9\"}},{\"@type\":\"ListItem\",\"@id\":\"https:\\\/\\\/monatglobal.com\\\/ca\\\/volumizing-revive-shampoo\\\/?lang=fr#listItem\",\"position\":2,\"name\":\"SHAMPOOING VOLUME BOOST\\u00c9\",\"previousItem\":{\"@type\":\"ListItem\",\"@id\":\"https:\\\/\\\/monatglobal.com\\\/ca#listItem\",\"name\":\"Home\"}}]},{\"@type\":\"Organization\",\"@id\":\"https:\\\/\\\/monatglobal.com\\\/ca\\\/#organization\",\"name\":\"Monat Canada English\",\"description\":\"We Are Modern Nature\",\"url\":\"https:\\\/\\\/monatglobal.com\\\/ca\\\/\"},{\"@type\":\"WebPage\",\"@id\":\"https:\\\/\\\/monatglobal.com\\\/ca\\\/volumizing-revive-shampoo\\\/?lang=fr#webpage\",\"url\":\"https:\\\/\\\/monatglobal.com\\\/ca\\\/volumizing-revive-shampoo\\\/?lang=fr\",\"name\":\"SHAMPOOING VOLUME BOOST\\u00c9 - Monat Canada English\",\"description\":\"MEILLEUR VENDEUR -->\",\"inLanguage\":\"en-US\",\"isPartOf\":{\"@id\":\"https:\\\/\\\/monatglobal.com\\\/ca\\\/#website\"},\"breadcrumb\":{\"@id\":\"https:\\\/\\\/monatglobal.com\\\/ca\\\/volumizing-revive-shampoo\\\/?lang=fr#breadcrumblist\"},\"image\":{\"@type\":\"ImageObject\",\"url\":\"https:\\\/\\\/monatglobal.com\\\/ca\\\/wp-content\\\/uploads\\\/sites\\\/5\\\/2019\\\/07\\\/VOLUMIZING-REVIVE-SHAMPOO-500x438.png\",\"@id\":\"https:\\\/\\\/monatglobal.com\\\/ca\\\/volumizing-revive-shampoo\\\/?lang=fr\\\/#mainImage\",\"width\":438,\"height\":500},\"primaryImageOfPage\":{\"@id\":\"https:\\\/\\\/monatglobal.com\\\/ca\\\/volumizing-revive-shampoo\\\/?lang=fr#mainImage\"},\"datePublished\":\"2018-04-13T21:43:01-04:00\",\"dateModified\":\"2026-01-19T10:53:15-05:00\"},{\"@type\":\"WebSite\",\"@id\":\"https:\\\/\\\/monatglobal.com\\\/ca\\\/#website\",\"url\":\"https:\\\/\\\/monatglobal.com\\\/ca\\\/\",\"name\":\"Monat Canada English\",\"description\":\"We Are Modern Nature\",\"inLanguage\":\"en-US\",\"publisher\":{\"@id\":\"https:\\\/\\\/monatglobal.com\\\/ca\\\/#organization\"}}]}\n\t\t<\/script>\n\t\t<!-- All in One SEO Pro -->\r\n\t\t<title>SHAMPOOING VOLUME BOOST\u00c9 - Monat Canada English<\/title>\n\n","aioseo_head_json":{"title":"SHAMPOOING VOLUME BOOST\u00c9 - Monat Canada English","description":"MEILLEUR VENDEUR -->","canonical_url":"https:\/\/monatglobal.com\/ca\/volumizing-revive-shampoo\/?lang=fr","robots":"max-image-preview:large","keywords":"","webmasterTools":{"miscellaneous":""},"schema":{"@context":"https:\/\/schema.org","@graph":[{"@type":"BreadcrumbList","@id":"https:\/\/monatglobal.com\/ca\/volumizing-revive-shampoo\/?lang=fr#breadcrumblist","itemListElement":[{"@type":"ListItem","@id":"https:\/\/monatglobal.com\/ca#listItem","position":1,"name":"Home","item":"https:\/\/monatglobal.com\/ca","nextItem":{"@type":"ListItem","@id":"https:\/\/monatglobal.com\/ca\/volumizing-revive-shampoo\/?lang=fr#listItem","name":"SHAMPOOING VOLUME BOOST\u00c9"}},{"@type":"ListItem","@id":"https:\/\/monatglobal.com\/ca\/volumizing-revive-shampoo\/?lang=fr#listItem","position":2,"name":"SHAMPOOING VOLUME BOOST\u00c9","previousItem":{"@type":"ListItem","@id":"https:\/\/monatglobal.com\/ca#listItem","name":"Home"}}]},{"@type":"Organization","@id":"https:\/\/monatglobal.com\/ca\/#organization","name":"Monat Canada English","description":"We Are Modern Nature","url":"https:\/\/monatglobal.com\/ca\/"},{"@type":"WebPage","@id":"https:\/\/monatglobal.com\/ca\/volumizing-revive-shampoo\/?lang=fr#webpage","url":"https:\/\/monatglobal.com\/ca\/volumizing-revive-shampoo\/?lang=fr","name":"SHAMPOOING VOLUME BOOST\u00c9 - Monat Canada English","description":"MEILLEUR VENDEUR -->","inLanguage":"en-US","isPartOf":{"@id":"https:\/\/monatglobal.com\/ca\/#website"},"breadcrumb":{"@id":"https:\/\/monatglobal.com\/ca\/volumizing-revive-shampoo\/?lang=fr#breadcrumblist"},"image":{"@type":"ImageObject","url":"https:\/\/monatglobal.com\/ca\/wp-content\/uploads\/sites\/5\/2019\/07\/VOLUMIZING-REVIVE-SHAMPOO-500x438.png","@id":"https:\/\/monatglobal.com\/ca\/volumizing-revive-shampoo\/?lang=fr\/#mainImage","width":438,"height":500},"primaryImageOfPage":{"@id":"https:\/\/monatglobal.com\/ca\/volumizing-revive-shampoo\/?lang=fr#mainImage"},"datePublished":"2018-04-13T21:43:01-04:00","dateModified":"2026-01-19T10:53:15-05:00"},{"@type":"WebSite","@id":"https:\/\/monatglobal.com\/ca\/#website","url":"https:\/\/monatglobal.com\/ca\/","name":"Monat Canada English","description":"We Are Modern Nature","inLanguage":"en-US","publisher":{"@id":"https:\/\/monatglobal.com\/ca\/#organization"}}]},"og:locale":"en_US","og:site_name":"Monat Canada English - We Are Modern Nature","og:type":"article","og:title":"SHAMPOOING VOLUME BOOST\u00c9 - Monat Canada English","og:description":"MEILLEUR VENDEUR --&gt;","og:url":"https:\/\/monatglobal.com\/ca\/volumizing-revive-shampoo\/?lang=fr","article:published_time":"2018-04-13T21:43:01+00:00","article:modified_time":"2026-01-19T15:53:15+00:00","twitter:card":"summary_large_image","twitter:title":"SHAMPOOING VOLUME BOOST\u00c9 - Monat Canada English","twitter:description":"MEILLEUR VENDEUR --&gt;"},"aioseo_meta_data":{"post_id":"31703","title":null,"description":null,"keywords":null,"keyphrases":null,"primary_term":null,"canonical_url":null,"og_title":null,"og_description":null,"og_object_type":"default","og_image_type":"default","og_image_url":null,"og_image_width":null,"og_image_height":null,"og_image_custom_url":null,"og_image_custom_fields":null,"og_video":null,"og_custom_url":null,"og_article_section":null,"og_article_tags":null,"twitter_use_og":false,"twitter_card":"default","twitter_image_type":"default","twitter_image_url":null,"twitter_image_custom_url":null,"twitter_image_custom_fields":null,"twitter_title":null,"twitter_description":null,"schema":{"blockGraphs":[],"customGraphs":[],"default":{"data":{"Article":[],"Course":[],"Dataset":[],"FAQPage":[],"Movie":[],"Person":[],"Product":[],"ProductReview":[],"Car":[],"Recipe":[],"Service":[],"SoftwareApplication":[],"WebPage":[]},"graphName":"WebPage","isEnabled":true},"graphs":[]},"schema_type":"default","schema_type_options":null,"pillar_content":false,"robots_default":true,"robots_noindex":false,"robots_noarchive":false,"robots_nosnippet":false,"robots_nofollow":false,"robots_noimageindex":false,"robots_noodp":false,"robots_notranslate":false,"robots_max_snippet":null,"robots_max_videopreview":null,"robots_max_imagepreview":"large","priority":null,"frequency":null,"local_seo":null,"seo_analyzer_scan_date":"2026-02-10 03:24:52","limit_modified_date":false,"reviewed_by":null,"open_ai":null,"ai":null,"created":"2023-07-26 12:18:59","updated":"2026-02-10 18:38:43"},"aioseo_breadcrumb":"<div class=\"aioseo-breadcrumbs\"><span class=\"aioseo-breadcrumb\">\n\t<a href=\"https:\/\/monatglobal.com\/ca\" title=\"Home\">Home<\/a>\n<\/span><span class=\"aioseo-breadcrumb-separator\">&raquo;<\/span><span class=\"aioseo-breadcrumb\">\n\tSHAMPOOING VOLUME BOOST\u00c9\n<\/span><\/div>","aioseo_breadcrumb_json":[{"label":"Home","link":"https:\/\/monatglobal.com\/ca"},{"label":"SHAMPOOING VOLUME BOOST\u00c9","link":"https:\/\/monatglobal.com\/ca\/volumizing-revive-shampoo\/?lang=fr"}],"_links":{"self":[{"href":"https:\/\/monatglobal.com\/ca\/wp-json\/wp\/v2\/pages\/31703","targetHints":{"allow":["GET"]}}],"collection":[{"href":"https:\/\/monatglobal.com\/ca\/wp-json\/wp\/v2\/pages"}],"about":[{"href":"https:\/\/monatglobal.com\/ca\/wp-json\/wp\/v2\/types\/page"}],"author":[{"embeddable":true,"href":"https:\/\/monatglobal.com\/ca\/wp-json\/wp\/v2\/users\/31"}],"replies":[{"embeddable":true,"href":"https:\/\/monatglobal.com\/ca\/wp-json\/wp\/v2\/comments?post=31703"}],"version-history":[{"count":54,"href":"https:\/\/monatglobal.com\/ca\/wp-json\/wp\/v2\/pages\/31703\/revisions"}],"predecessor-version":[{"id":110127,"href":"https:\/\/monatglobal.com\/ca\/wp-json\/wp\/v2\/pages\/31703\/revisions\/110127"}],"wp:featuredmedia":[{"embeddable":true,"href":"https:\/\/monatglobal.com\/ca\/wp-json\/wp\/v2\/media\/43639"}],"wp:attachment":[{"href":"https:\/\/monatglobal.com\/ca\/wp-json\/wp\/v2\/media?parent=31703"}],"wp:term":[{"taxonomy":"category","embeddable":true,"href":"https:\/\/monatglobal.com\/ca\/wp-json\/wp\/v2\/categories?post=31703"},{"taxonomy":"post_tag","embeddable":true,"href":"https:\/\/monatglobal.com\/ca\/wp-json\/wp\/v2\/tags?post=31703"}],"curies":[{"name":"wp","href":"https:\/\/api.w.org\/{rel}","templated":true}]}}