{"id":31673,"date":"2018-04-13T17:49:50","date_gmt":"2018-04-13T17:49:50","guid":{"rendered":"https:\/\/monatglobal.com\/ca\/?page_id=31673"},"modified":"2026-01-16T18:11:14","modified_gmt":"2026-01-16T23:11:14","slug":"replenish-masque","status":"publish","type":"page","link":"https:\/\/monatglobal.com\/ca\/replenish-masque\/?lang=fr","title":{"rendered":"MASQUE REPLENISH"},"content":{"rendered":"\n\n\t<link rel=\"stylesheet\" href=\"https:\/\/unpkg.com\/swiper\/swiper-bundle.min.css\" \/>\n<link rel=\"stylesheet\" href=\"https:\/\/monatglobal.com\/wp-content\/creative_css\/product_styles_sheet.css\" \/>\n   <!--==================================================== ECOMM SECTION ====================================================-->\n   <p>MEILLEUR VENDEUR<\/p>\n      <!--==================================================== Ecomm image ====================================================-->\n      <img decoding=\"async\" src=\"https:\/\/monatglobal.com\/wp-content\/uploads\/2022\/06\/replenish-masque-e-comm.png\" alt=\"Replenish Masque\" loading=\"lazy\"\/>\n      <!--==================================================== Ecomm information  ====================================================-->\n         \n         <p>MEILLEUR VENDEUR<\/p>\n         <h1>Masque Replenish\u2122<\/h1>\n         <p>Avec REJUVENIQE<sup>\u00ae<\/sup><\/p>\n         <p>Un riche masque qui revitalise en profondeur les cheveux moyens \u00e0&nbsp;\u00e9pais.<\/p>\n         <p>148 ml \u212e \/ 5 oz liq.<\/p>\n      <!--==================================================== pricing box ====================================================-->     \n<p>Retail Price<br \/>$00.00 (USD)<\/p>\n<p>VIP Customer Price<br \/>$00.00 (USD)<\/p>\n      <!--==================================================== pricing box ====================================================-->    \n         <p>Pour en savoir plus sur le Masque Replenish\u2122, veuillez contacter votre partenaire de march\u00e9&nbsp;MONAT.<\/p>\n            <a href=\"\" target=\"_blank\" role=\"button\" aria-label=\"\" rel=\"noopener\"><\/a>\n   <!--==================================================== \/ECOMM SECTION  ====================================================-->\n   <!--==================================================== Benefits image ====================================================-->\n   \n      <source media=\"(max-width: 700px)\" srcset=\"https:\/\/monatglobal.com\/wp-content\/uploads\/2022\/06\/replenish-masque-benefits-mobile.jpg\" loading=\"lazy\"\/>\n      <img decoding=\"async\" alt=\"Brunette woman with damp hair wearing a robe and holding Replenish Masque.\" \n      src=\"https:\/\/monatglobal.com\/wp-content\/uploads\/2022\/06\/replenish-masque-benefits.jpg\" loading=\"lazy\"\/>\n   \n   <!--==================================================== Benefits text ====================================================-->\n         <h2>BIENFAITS\n<\/h2>\n         <h3>Il hydrate les cheveux moyens \u00e0 \u00e9pais dess\u00e9ch\u00e9s et les transforme apr\u00e8s une&nbsp;utilisation.<\/h3>\n         <p>Ce riche masque permet aux cheveux de retrouver leur vitalit\u00e9 et leur aspect&nbsp;lustr\u00e9.<\/p>\n         <!--==================================================== features image  ====================================================-->\n         <img decoding=\"async\" alt=\"Replenish Masque sitting on slices of lemons, limes, and oranges.\" \n         src=\"https:\/\/monatglobal.com\/wp-content\/uploads\/2022\/06\/replenish-masque-features.jpg\" loading=\"lazy\"\/>\n      <!--==================================================== features text ====================================================-->\n            <h3>Caract\u00e9ristiques<\/h3>\n               <p>\/ Il hydrate en profondeur gr\u00e2ce au&nbsp;REJUVENIQE<sup>\u00ae<\/sup><\/p>\n               <p>\/ Il est riche en acides gras&nbsp;om\u00e9ga<\/p>\n               <p>\/ L&#8217;extrait de pois aide \u00e0 maintenir des cheveux d&#8217;apparence plus saine et plus&nbsp;jeune<\/p>\n               <br \/>\n            <p>Parfum \/ Au parfum rafra\u00eechissant de fleurs et d&#8217;herbes fra\u00eeches aux notes de jasmin, de citron Meyer, de n\u00e9roli et de th\u00e9&nbsp;vert.<\/p>\n            <p> Texture \/ Riche cr\u00e8me <\/p>\n   <!--==================================================== composition image mobile ====================================================-->\n   <img decoding=\"async\" alt=\"Replenish Masque on a white bed sheet.\" src=\"https:\/\/monatglobal.com\/wp-content\/uploads\/2022\/06\/replenish-masque-comp1.jpg\" loading=\"lazy\"\/>\n   <!--==================================================== Why it works text ====================================================-->\n      <h2>Restaurez la sant\u00e9 de vos cheveux gr\u00e2ce au Masque&nbsp;Replenish\u2122.<\/h2>\n      <h3>Il procure des huiles nourrissantes essentielles aux cheveux secs, ternes et en manque de nutriments gr\u00e2ce au REJUVENIQE<sup>\u00ae<\/sup>, \u00e0 l&#8217;extrait de pois et \u00e0 un protecteur UV&nbsp;v\u00e9gan. <\/h3>\n      <p>With hints of neroli and orange flower fragrances, it protects hair from heat styling and environmental elements while giving strands radiant shine.<\/p>\n<!--==================================================== Composition section ====================================================-->\n      <img decoding=\"async\" alt=\"Replenish Masque on a white bed sheet.\" src=\"https:\/\/monatglobal.com\/wp-content\/uploads\/2022\/06\/replenish-masque-comp1.jpg\" loading=\"lazy\"\/>\n      <img decoding=\"async\" alt=\"Brunette woman with damp hair applying Replenish Masque to her hair, while overlapping a texture shot of the Replenish Masque.\" src=\"https:\/\/monatglobal.com\/wp-content\/uploads\/2022\/06\/replenish-masque-comp3.jpg\" loading=\"lazy\"\/>\n            <!--==================================================== Directions text ====================================================--> \n               <h3>Mode d&#8217;emploi<\/h3>\n               <p>\/ Apr\u00e8s le shampooing, appliquer le masque sur les&nbsp;cheveux. <\/p>\n               <p>\/ Laisser agir de 5 \u00e0 10&nbsp;minutes. <\/p>\n               <p>\/ Bien rincer. <\/p>\n               <p>\/ Utiliser 1 ou 2 fois par&nbsp;semaine. <\/p>\n            <!--==================================================== Directions video ====================================================-->\n      <p>Damage Repair <br \/>Bond-Fortifying Hair Leave-In Cr\u00e8me  <br \/>1:28<\/p>\n  <a href=\"\" target=\"_blank\" role=\"button\" aria-label=\"\" rel=\"noopener\"><\/a>\n   <!--==================================================== Ingredients section  ====================================================-->\n      <h2>INGR\u00c9DIENTS CL\u00c9S<\/h2>\n               <p>REJUVENIQE<sup>\u00ae<\/sup><\/p>\n               <p>CAPIXYL\u2122<\/p>\n               <p>Extrait de pois<\/p>\n               <p>Protecteur UV v\u00e9gan<\/p>\n        <button id=\"myBtn\" type=\"button\">LISTE D&#8217;INGR\u00c9DIENTS<\/button>\n      <!--==================================================== Modal content  ====================================================-->\n         &times;\n         <p>Aqua\/Water\/Eau, Cetearyl Alcohol, Cetyl Esters, Behentrimonium Chloride, Isoamyl Laurate, Cinnamidopropyltrimonium Chloride, Pisum Sativum (Pea) Extract, Acetyl Tetrapeptide-3, Trifolium Pratense (Clover) Flower Extract, Limnanthes Alba (Meadowfoam) Seed Oil, Crambe Abyssinica Seed Oil, Camellia Oleifera Seed Oil, Solanum Lycopersicum (Tomato) Seed Oil, Daucus Carota Sativa (Carrot) Seed Oil, Citrus Limon (Lemon) Peel Oil, Citrus Aurantifolia (Lime) Oil, Citrus Aurantium Bergamia (Bergamot) Fruit Oil, Adansonia Digitata Oil, Mauritia Flexuosa Fruit Oil, Cocos Nucifera (Coconut) Oil, Gardenia Taitensis Flower Extract, Moringa Oleifera Seed Oil, Caryocar Brasiliense Fruit Oil, Helianthus Annuus (Sunflower) Seed Oil, Glycerin, Fragrance\/Parfum, Dextran, Butylene Glycol, Dehydroacetic Acid, Benzyl Alcohol, Sodium Benzoate, Citronellol, Limonene, Hexyl Cinnamal, Linalool.<\/p>\n   <!--==================================================== You might also like section ====================================================-->\n      <h2>VOUS POURRIEZ AUSSI AIMER<\/h2>\n      <!--==================================================== Slider YOU MIGHT ALSO LIKE ====================================================-->\n      <!---->\n      <!--   -->\n            <!--==================================================== Slides products ====================================================-->\n      <!--      -->\n      <!--         <a href=\"\/ca\/rejuvabeads\/?lang=fr\" aria-label=\"Go to REJUVABEADS\u00ae page\">-->\n      <!--            <img decoding=\"async\" src=\"https:\/\/monatglobal.com\/es\/wp-content\/uploads\/sites\/10\/2021\/10\/Rejevabeads-ecomm.png\" alt=\"REJUVABEADS\u00ae\" loading=\"lazy\"\/>-->\n      <!--            <p>REJUVABEADS<sup>\u00ae<\/sup><\/p>-->\n      <!--         <\/a>-->\n      <!--      -->\n      <!--      -->\n      <!--         <a href=\"\/ca\/renew-shampoo\/?lang=fr\" aria-label=\"Go to SHAMPOOING RENEW\u2122 page\">-->\n      <!--            <img decoding=\"async\" src=\"https:\/\/monatglobal.com\/wp-content\/uploads\/2022\/06\/renew-shampoo-e-comm.png\" alt=\"SHAMPOOING RENEW\u2122\" loading=\"lazy\"\/>-->\n      <!--            <p>SHAMPOOING RENEW<sup>\u2122<\/sup><\/p>-->\n      <!--         <\/a>-->\n      <!--      -->\n      <!--      -->\n      <!--         <a href=\"\/ca\/lightweight-moisturizer\/?lang=fr\" aria-label=\"Go to Cr\u00e8me hydratante l\u00e9g\u00e8re BE BALANCED\u2122  page\">-->\n      <!--            <img decoding=\"async\" src=\"https:\/\/monatglobal.com\/wp-content\/uploads\/2019\/09\/be-balanced-lightweight-moisturizer.png\" alt=\"Cr\u00e8me hydratante l\u00e9g\u00e8re BE BALANCED\u2122\" loading=\"lazy\"\/>-->\n      <!--            <p>Cr\u00e8me hydratante l\u00e9g\u00e8re<br \/>BE BALANCED\u2122<\/p>-->\n      <!--         <\/a>-->\n      <!--      -->\n      <!--   -->\n         <!--==================================================== If we need navigation buttons  ====================================================-->\n      <!--   -->\n      <!--   -->\n         <!--==================================================== If we need paginations  ====================================================-->\n      <!--   -->\n      <!---->\n<!-- If we need navigation buttons -->\n<!-- If we need paginations -->\n<a href=\"\" aria-label=\"\"><\/a>\n<!--==================================================== this link has to go last for it to work   ====================================================-->\n\n","protected":false},"excerpt":{"rendered":"<p>MEILLEUR VENDEUR MEILLEUR VENDEUR Masque Replenish\u2122 Avec REJUVENIQE\u00ae Un riche masque qui revitalise en profondeur les cheveux moyens \u00e0&nbsp;\u00e9pais. 148 ml \u212e \/ 5 oz liq. Retail Price$00.00 (USD) VIP Customer Price$00.00 (USD) Pour en savoir plus sur le Masque Replenish\u2122, veuillez contacter votre partenaire de march\u00e9&nbsp;MONAT. BIENFAITS Il hydrate les cheveux moyens \u00e0 \u00e9pais&hellip;<\/p>\n","protected":false},"author":20,"featured_media":40408,"parent":0,"menu_order":0,"comment_status":"closed","ping_status":"closed","template":"","meta":{"inline_featured_image":false,"om_disable_all_campaigns":false,"_monsterinsights_skip_tracking":false,"_monsterinsights_sitenote_active":false,"_monsterinsights_sitenote_note":"","_monsterinsights_sitenote_category":0,"footnotes":""},"categories":[3629],"tags":[],"class_list":["post-31673","page","type-page","status-publish","has-post-thumbnail","hentry","category-product-fra"],"aioseo_notices":[],"aioseo_head":"\n\t\t<!-- All in One SEO Pro 4.9.6 - aioseo.com -->\n\t<meta name=\"description\" content=\"MEILLEUR VENDEUR MEILLEUR VENDEUR Masque Replenish\u2122 Avec REJUVENIQE\u00ae Un riche masque qui revitalise en profondeur les cheveux moyens \u00e0 \u00e9pais. 148 ml \u212e \/ 5 oz liq. Retail Price$00.00 (USD) VIP Customer Price$00.00 (USD) Pour en savoir plus sur le Masque Replenish\u2122, veuillez contacter votre partenaire de march\u00e9 MONAT. BIENFAITS Il hydrate les cheveux moyens \u00e0 \u00e9pais\" \/>\n\t<meta name=\"robots\" content=\"max-image-preview:large\" \/>\n\t<link rel=\"canonical\" href=\"https:\/\/monatglobal.com\/ca\/replenish-masque\/?lang=fr\" \/>\n\t<meta name=\"generator\" content=\"All in One SEO Pro (AIOSEO) 4.9.6\" \/>\n\t\t<meta property=\"og:locale\" content=\"en_US\" \/>\n\t\t<meta property=\"og:site_name\" content=\"Monat Canada English - We Are Modern Nature\" \/>\n\t\t<meta property=\"og:type\" content=\"article\" \/>\n\t\t<meta property=\"og:title\" content=\"MASQUE REPLENISH - Monat Canada English\" \/>\n\t\t<meta property=\"og:description\" content=\"MEILLEUR VENDEUR MEILLEUR VENDEUR Masque Replenish\u2122 Avec REJUVENIQE\u00ae Un riche masque qui revitalise en profondeur les cheveux moyens \u00e0 \u00e9pais. 148 ml \u212e \/ 5 oz liq. Retail Price$00.00 (USD) VIP Customer Price$00.00 (USD) Pour en savoir plus sur le Masque Replenish\u2122, veuillez contacter votre partenaire de march\u00e9 MONAT. BIENFAITS Il hydrate les cheveux moyens \u00e0 \u00e9pais\" \/>\n\t\t<meta property=\"og:url\" content=\"https:\/\/monatglobal.com\/ca\/replenish-masque\/?lang=fr\" \/>\n\t\t<meta property=\"article:published_time\" content=\"2018-04-13T17:49:50+00:00\" \/>\n\t\t<meta property=\"article:modified_time\" content=\"2026-01-16T23:11:14+00:00\" \/>\n\t\t<meta name=\"twitter:card\" content=\"summary_large_image\" \/>\n\t\t<meta name=\"twitter:title\" content=\"MASQUE REPLENISH - Monat Canada English\" \/>\n\t\t<meta name=\"twitter:description\" content=\"MEILLEUR VENDEUR MEILLEUR VENDEUR Masque Replenish\u2122 Avec REJUVENIQE\u00ae Un riche masque qui revitalise en profondeur les cheveux moyens \u00e0 \u00e9pais. 148 ml \u212e \/ 5 oz liq. Retail Price$00.00 (USD) VIP Customer Price$00.00 (USD) Pour en savoir plus sur le Masque Replenish\u2122, veuillez contacter votre partenaire de march\u00e9 MONAT. BIENFAITS Il hydrate les cheveux moyens \u00e0 \u00e9pais\" \/>\n\t\t<script type=\"application\/ld+json\" class=\"aioseo-schema\">\n\t\t\t{\"@context\":\"https:\\\/\\\/schema.org\",\"@graph\":[{\"@type\":\"BreadcrumbList\",\"@id\":\"https:\\\/\\\/monatglobal.com\\\/ca\\\/replenish-masque\\\/?lang=fr#breadcrumblist\",\"itemListElement\":[{\"@type\":\"ListItem\",\"@id\":\"https:\\\/\\\/monatglobal.com\\\/ca#listItem\",\"position\":1,\"name\":\"Home\",\"item\":\"https:\\\/\\\/monatglobal.com\\\/ca\",\"nextItem\":{\"@type\":\"ListItem\",\"@id\":\"https:\\\/\\\/monatglobal.com\\\/ca\\\/replenish-masque\\\/?lang=fr#listItem\",\"name\":\"MASQUE REPLENISH\"}},{\"@type\":\"ListItem\",\"@id\":\"https:\\\/\\\/monatglobal.com\\\/ca\\\/replenish-masque\\\/?lang=fr#listItem\",\"position\":2,\"name\":\"MASQUE REPLENISH\",\"previousItem\":{\"@type\":\"ListItem\",\"@id\":\"https:\\\/\\\/monatglobal.com\\\/ca#listItem\",\"name\":\"Home\"}}]},{\"@type\":\"Organization\",\"@id\":\"https:\\\/\\\/monatglobal.com\\\/ca\\\/#organization\",\"name\":\"Monat Canada English\",\"description\":\"We Are Modern Nature\",\"url\":\"https:\\\/\\\/monatglobal.com\\\/ca\\\/\"},{\"@type\":\"WebPage\",\"@id\":\"https:\\\/\\\/monatglobal.com\\\/ca\\\/replenish-masque\\\/?lang=fr#webpage\",\"url\":\"https:\\\/\\\/monatglobal.com\\\/ca\\\/replenish-masque\\\/?lang=fr\",\"name\":\"MASQUE REPLENISH - Monat Canada English\",\"description\":\"MEILLEUR VENDEUR MEILLEUR VENDEUR Masque Replenish\\u2122 Avec REJUVENIQE\\u00ae Un riche masque qui revitalise en profondeur les cheveux moyens \\u00e0 \\u00e9pais. 148 ml \\u212e \\\/ 5 oz liq. Retail Price$00.00 (USD) VIP Customer Price$00.00 (USD) Pour en savoir plus sur le Masque Replenish\\u2122, veuillez contacter votre partenaire de march\\u00e9 MONAT. BIENFAITS Il hydrate les cheveux moyens \\u00e0 \\u00e9pais\",\"inLanguage\":\"en-US\",\"isPartOf\":{\"@id\":\"https:\\\/\\\/monatglobal.com\\\/ca\\\/#website\"},\"breadcrumb\":{\"@id\":\"https:\\\/\\\/monatglobal.com\\\/ca\\\/replenish-masque\\\/?lang=fr#breadcrumblist\"},\"image\":{\"@type\":\"ImageObject\",\"url\":\"https:\\\/\\\/monatglobal.com\\\/ca\\\/wp-content\\\/uploads\\\/sites\\\/5\\\/2019\\\/01\\\/REPLENISH-MASQUE-500x438.png\",\"@id\":\"https:\\\/\\\/monatglobal.com\\\/ca\\\/replenish-masque\\\/?lang=fr\\\/#mainImage\",\"width\":438,\"height\":500},\"primaryImageOfPage\":{\"@id\":\"https:\\\/\\\/monatglobal.com\\\/ca\\\/replenish-masque\\\/?lang=fr#mainImage\"},\"datePublished\":\"2018-04-13T17:49:50-04:00\",\"dateModified\":\"2026-01-16T18:11:14-05:00\"},{\"@type\":\"WebSite\",\"@id\":\"https:\\\/\\\/monatglobal.com\\\/ca\\\/#website\",\"url\":\"https:\\\/\\\/monatglobal.com\\\/ca\\\/\",\"name\":\"Monat Canada English\",\"description\":\"We Are Modern Nature\",\"inLanguage\":\"en-US\",\"publisher\":{\"@id\":\"https:\\\/\\\/monatglobal.com\\\/ca\\\/#organization\"}}]}\n\t\t<\/script>\n\t\t<!-- All in One SEO Pro -->\r\n\t\t<title>MASQUE REPLENISH - Monat Canada English<\/title>\n\n","aioseo_head_json":{"title":"MASQUE REPLENISH - Monat Canada English","description":"MEILLEUR VENDEUR MEILLEUR VENDEUR Masque Replenish\u2122 Avec REJUVENIQE\u00ae Un riche masque qui revitalise en profondeur les cheveux moyens \u00e0 \u00e9pais. 148 ml \u212e \/ 5 oz liq. Retail Price$00.00 (USD) VIP Customer Price$00.00 (USD) Pour en savoir plus sur le Masque Replenish\u2122, veuillez contacter votre partenaire de march\u00e9 MONAT. BIENFAITS Il hydrate les cheveux moyens \u00e0 \u00e9pais","canonical_url":"https:\/\/monatglobal.com\/ca\/replenish-masque\/?lang=fr","robots":"max-image-preview:large","keywords":"","webmasterTools":{"miscellaneous":""},"schema":{"@context":"https:\/\/schema.org","@graph":[{"@type":"BreadcrumbList","@id":"https:\/\/monatglobal.com\/ca\/replenish-masque\/?lang=fr#breadcrumblist","itemListElement":[{"@type":"ListItem","@id":"https:\/\/monatglobal.com\/ca#listItem","position":1,"name":"Home","item":"https:\/\/monatglobal.com\/ca","nextItem":{"@type":"ListItem","@id":"https:\/\/monatglobal.com\/ca\/replenish-masque\/?lang=fr#listItem","name":"MASQUE REPLENISH"}},{"@type":"ListItem","@id":"https:\/\/monatglobal.com\/ca\/replenish-masque\/?lang=fr#listItem","position":2,"name":"MASQUE REPLENISH","previousItem":{"@type":"ListItem","@id":"https:\/\/monatglobal.com\/ca#listItem","name":"Home"}}]},{"@type":"Organization","@id":"https:\/\/monatglobal.com\/ca\/#organization","name":"Monat Canada English","description":"We Are Modern Nature","url":"https:\/\/monatglobal.com\/ca\/"},{"@type":"WebPage","@id":"https:\/\/monatglobal.com\/ca\/replenish-masque\/?lang=fr#webpage","url":"https:\/\/monatglobal.com\/ca\/replenish-masque\/?lang=fr","name":"MASQUE REPLENISH - Monat Canada English","description":"MEILLEUR VENDEUR MEILLEUR VENDEUR Masque Replenish\u2122 Avec REJUVENIQE\u00ae Un riche masque qui revitalise en profondeur les cheveux moyens \u00e0 \u00e9pais. 148 ml \u212e \/ 5 oz liq. Retail Price$00.00 (USD) VIP Customer Price$00.00 (USD) Pour en savoir plus sur le Masque Replenish\u2122, veuillez contacter votre partenaire de march\u00e9 MONAT. BIENFAITS Il hydrate les cheveux moyens \u00e0 \u00e9pais","inLanguage":"en-US","isPartOf":{"@id":"https:\/\/monatglobal.com\/ca\/#website"},"breadcrumb":{"@id":"https:\/\/monatglobal.com\/ca\/replenish-masque\/?lang=fr#breadcrumblist"},"image":{"@type":"ImageObject","url":"https:\/\/monatglobal.com\/ca\/wp-content\/uploads\/sites\/5\/2019\/01\/REPLENISH-MASQUE-500x438.png","@id":"https:\/\/monatglobal.com\/ca\/replenish-masque\/?lang=fr\/#mainImage","width":438,"height":500},"primaryImageOfPage":{"@id":"https:\/\/monatglobal.com\/ca\/replenish-masque\/?lang=fr#mainImage"},"datePublished":"2018-04-13T17:49:50-04:00","dateModified":"2026-01-16T18:11:14-05:00"},{"@type":"WebSite","@id":"https:\/\/monatglobal.com\/ca\/#website","url":"https:\/\/monatglobal.com\/ca\/","name":"Monat Canada English","description":"We Are Modern Nature","inLanguage":"en-US","publisher":{"@id":"https:\/\/monatglobal.com\/ca\/#organization"}}]},"og:locale":"en_US","og:site_name":"Monat Canada English - We Are Modern Nature","og:type":"article","og:title":"MASQUE REPLENISH - Monat Canada English","og:description":"MEILLEUR VENDEUR MEILLEUR VENDEUR Masque Replenish\u2122 Avec REJUVENIQE\u00ae Un riche masque qui revitalise en profondeur les cheveux moyens \u00e0 \u00e9pais. 148 ml \u212e \/ 5 oz liq. Retail Price$00.00 (USD) VIP Customer Price$00.00 (USD) Pour en savoir plus sur le Masque Replenish\u2122, veuillez contacter votre partenaire de march\u00e9 MONAT. BIENFAITS Il hydrate les cheveux moyens \u00e0 \u00e9pais","og:url":"https:\/\/monatglobal.com\/ca\/replenish-masque\/?lang=fr","article:published_time":"2018-04-13T17:49:50+00:00","article:modified_time":"2026-01-16T23:11:14+00:00","twitter:card":"summary_large_image","twitter:title":"MASQUE REPLENISH - Monat Canada English","twitter:description":"MEILLEUR VENDEUR MEILLEUR VENDEUR Masque Replenish\u2122 Avec REJUVENIQE\u00ae Un riche masque qui revitalise en profondeur les cheveux moyens \u00e0 \u00e9pais. 148 ml \u212e \/ 5 oz liq. Retail Price$00.00 (USD) VIP Customer Price$00.00 (USD) Pour en savoir plus sur le Masque Replenish\u2122, veuillez contacter votre partenaire de march\u00e9 MONAT. BIENFAITS Il hydrate les cheveux moyens \u00e0 \u00e9pais"},"aioseo_meta_data":{"post_id":"31673","title":null,"description":null,"keywords":null,"keyphrases":null,"primary_term":null,"canonical_url":null,"og_title":null,"og_description":null,"og_object_type":"default","og_image_type":"default","og_image_url":null,"og_image_width":null,"og_image_height":null,"og_image_custom_url":null,"og_image_custom_fields":null,"og_video":null,"og_custom_url":null,"og_article_section":null,"og_article_tags":null,"twitter_use_og":false,"twitter_card":"default","twitter_image_type":"default","twitter_image_url":null,"twitter_image_custom_url":null,"twitter_image_custom_fields":null,"twitter_title":null,"twitter_description":null,"schema":{"blockGraphs":[],"customGraphs":[],"default":{"data":{"Article":[],"Course":[],"Dataset":[],"FAQPage":[],"Movie":[],"Person":[],"Product":[],"ProductReview":[],"Car":[],"Recipe":[],"Service":[],"SoftwareApplication":[],"WebPage":[]},"graphName":"WebPage","isEnabled":true},"graphs":[]},"schema_type":"default","schema_type_options":null,"pillar_content":false,"robots_default":true,"robots_noindex":false,"robots_noarchive":false,"robots_nosnippet":false,"robots_nofollow":false,"robots_noimageindex":false,"robots_noodp":false,"robots_notranslate":false,"robots_max_snippet":null,"robots_max_videopreview":null,"robots_max_imagepreview":"large","priority":null,"frequency":null,"local_seo":null,"seo_analyzer_scan_date":"2026-02-10 03:22:32","limit_modified_date":false,"reviewed_by":null,"open_ai":null,"ai":null,"created":"2023-07-26 12:18:59","updated":"2026-02-10 18:38:40"},"aioseo_breadcrumb":"<div class=\"aioseo-breadcrumbs\"><span class=\"aioseo-breadcrumb\">\n\t<a href=\"https:\/\/monatglobal.com\/ca\" title=\"Home\">Home<\/a>\n<\/span><span class=\"aioseo-breadcrumb-separator\">&raquo;<\/span><span class=\"aioseo-breadcrumb\">\n\tMASQUE REPLENISH\n<\/span><\/div>","aioseo_breadcrumb_json":[{"label":"Home","link":"https:\/\/monatglobal.com\/ca"},{"label":"MASQUE REPLENISH","link":"https:\/\/monatglobal.com\/ca\/replenish-masque\/?lang=fr"}],"_links":{"self":[{"href":"https:\/\/monatglobal.com\/ca\/wp-json\/wp\/v2\/pages\/31673","targetHints":{"allow":["GET"]}}],"collection":[{"href":"https:\/\/monatglobal.com\/ca\/wp-json\/wp\/v2\/pages"}],"about":[{"href":"https:\/\/monatglobal.com\/ca\/wp-json\/wp\/v2\/types\/page"}],"author":[{"embeddable":true,"href":"https:\/\/monatglobal.com\/ca\/wp-json\/wp\/v2\/users\/20"}],"replies":[{"embeddable":true,"href":"https:\/\/monatglobal.com\/ca\/wp-json\/wp\/v2\/comments?post=31673"}],"version-history":[{"count":51,"href":"https:\/\/monatglobal.com\/ca\/wp-json\/wp\/v2\/pages\/31673\/revisions"}],"predecessor-version":[{"id":110095,"href":"https:\/\/monatglobal.com\/ca\/wp-json\/wp\/v2\/pages\/31673\/revisions\/110095"}],"wp:featuredmedia":[{"embeddable":true,"href":"https:\/\/monatglobal.com\/ca\/wp-json\/wp\/v2\/media\/40408"}],"wp:attachment":[{"href":"https:\/\/monatglobal.com\/ca\/wp-json\/wp\/v2\/media?parent=31673"}],"wp:term":[{"taxonomy":"category","embeddable":true,"href":"https:\/\/monatglobal.com\/ca\/wp-json\/wp\/v2\/categories?post=31673"},{"taxonomy":"post_tag","embeddable":true,"href":"https:\/\/monatglobal.com\/ca\/wp-json\/wp\/v2\/tags?post=31673"}],"curies":[{"name":"wp","href":"https:\/\/api.w.org\/{rel}","templated":true}]}}