{"id":31665,"date":"2018-04-13T17:20:16","date_gmt":"2018-04-13T17:20:16","guid":{"rendered":"https:\/\/monatglobal.com\/ca\/?page_id=31665"},"modified":"2026-01-19T10:20:13","modified_gmt":"2026-01-19T15:20:13","slug":"restore-leave-in-conditioner","status":"publish","type":"page","link":"https:\/\/monatglobal.com\/ca\/restore-leave-in-conditioner\/?lang=fr","title":{"rendered":"REVITALISANT SANS RIN\u00c7AGE RESTORE"},"content":{"rendered":"\n\n\t<link rel=\"stylesheet\" href=\"https:\/\/unpkg.com\/swiper\/swiper-bundle.min.css\" \/>\n<link rel=\"stylesheet\" href=\"https:\/\/monatglobal.com\/wp-content\/creative_css\/product_styles_sheet.css\" \/> \n   <!--==================================================== ECOMM SECTION ====================================================-->\n   <p>MEILLEUR VENDEUR<\/p>\n      <!--==================================================== Ecomm image ====================================================-->\n      <img decoding=\"async\" src=\"https:\/\/monatglobal.com\/nz\/wp-content\/uploads\/sites\/15\/2022\/10\/RESTORE-LEAVE-IN-CONDITIONER-ecomm.png\" alt=\"Product shot of Restore Leave-In Conditioner.\" loading=\"lazy\"\/>\n      <!--==================================================== Ecomm information  ====================================================--> \n         \n         <p>MEILLEUR VENDEUR<\/p>\n         <h1>Apr\u00e8s-shampooing<br \/>sans rin\u00e7age&nbsp;Restore\u2122<\/h1>\n         <p>Avec REJUVENIQE<sup>\u00ae<\/sup><\/p>\n         <p>Un revitalisant sans rin\u00e7age qui hydrate les cheveux&nbsp;secs.<\/p>\n         <p>134 ml \u212e \/ 4,5 oz liq.<\/p>\n      <!--==================================================== pricing box ====================================================-->    \n   <p>Prix de d\u00e9tail<br \/>$00.00 $ CA<\/p>\n   <p>Prix de client VIP<br \/>$00.00 $ CA<\/p> \n       <!--==================================================== pricing box ====================================================-->    \n         <p>Pour en savoir plus sur l&#8217;Apr\u00e8s-shampooing sans rin\u00e7age Restore\u2122, veuillez contacter votre partenaire de march\u00e9&nbsp;MONAT.<\/p>\n           <a href=\"\" target=\"_blank\" role=\"button\" aria-label=\"\" rel=\"noopener\"><\/a>\n   <!--==================================================== \/ECOMM SECTION  ====================================================-->\n   <!--==================================================== Benefits image ====================================================-->\n   \n      <source media=\"(max-width: 700px)\" srcset=\"https:\/\/monatglobal.com\/nz\/wp-content\/uploads\/sites\/15\/2022\/10\/Restore-leave-in-benefits-mobile.jpg\" loading=\"lazy\"\/>\n      <img decoding=\"async\" alt=\"A brunette female smiling.\" \n      src=\"https:\/\/monatglobal.com\/nz\/wp-content\/uploads\/sites\/15\/2022\/10\/Restore-leave-in-benefits-desktop.jpg\" loading=\"lazy\"\/>\n   \n   <!--==================================================== Benefits text ====================================================-->\n         <h2>BIENFAITS<\/h2>\n         <h3>Ce revitalisant sans rin\u00e7age est nourrissant et r\u00e9tablit l&#8217;humidit\u00e9 essentielle, sans alourdir les&nbsp;cheveux. <\/h3>\n         <p>86 % des utilisatrices sont d&#8217;accord que le produit d\u00e9m\u00eale les&nbsp;cheveux.*<\/p>\n         <p>83 % des utilisatrices sont d&#8217;accord que le produit offre une l\u00e9g\u00e8re hydratation&nbsp;instantan\u00e9e.*<\/p>\n         <p>* Selon une \u00e9tude men\u00e9e par un dermatologue aupr\u00e8s de 35 femmes de 38 \u00e0 60&nbsp;ans.<\/p>\n         <!--==================================================== features image  ====================================================-->\n         <img decoding=\"async\" alt=\"Restore Leave-In Conditioner laying on a flat surface, along with ingredients such as lemon and orange slices, a flower and green beans.\" \n         src=\"https:\/\/monatglobal.com\/nz\/wp-content\/uploads\/sites\/15\/2022\/10\/Restore-leave-in-features.jpg\" loading=\"lazy\"\/>\n      <!--==================================================== features text ====================================================-->\n            <h3>Caract\u00e9ristiques<\/h3>\n               <p>\/ Il hydrate gr\u00e2ce au&nbsp;REJUVENIQE<sup>\u00ae<\/sup> <\/p>\n               <p>\/ Il est riche en acides gras&nbsp;om\u00e9ga<\/p>\n               <p>*Based on instrumental tests by a third-party laboratory. <\/p>\n               <br \/>\n            <p>Parfum \/ Au parfum rafra\u00eechissant de fleurs et d&#8217;herbes fra\u00eeches aux notes de jasmin, de citron Meyer, de n\u00e9roli et de th\u00e9&nbsp;vert.<\/p>\n            <p> Texture \/ Vaporisateur&nbsp;liquide<\/p>\n   <!--==================================================== composition image mobile ====================================================-->\n   <img decoding=\"async\" alt=\"Renew Shampoo and Restore Leave-In Conditioner on a marble surface, next to a white towel.\" src=\"https:\/\/monatglobal.com\/nz\/wp-content\/uploads\/sites\/15\/2022\/10\/Restore-leave-in-benefits-comp1.jpg\" loading=\"lazy\"\/>\n   <!--==================================================== Why it works text ====================================================-->\n      <h2>CETTE L\u00c9G\u00c8RE CR\u00c8ME NOURRISSANTE MULTIFONCTION LUTTE CONTRE LA S\u00c9CHERESSE DES CHEVEUX MOYENS \u00c0&nbsp;\u00c9PAIS.<\/h2>\n      <h3>Notre formule sans rin\u00e7age offre une hydratation de longue dur\u00e9e pour am\u00e9liorer la maniabilit\u00e9, laissant les cheveux plus doux au toucher, plus forts et plus&nbsp;brillants.<\/h3>\n      <p>Designed for medium to thick hair delivers our exclusive REJUVENIQE<sup>\u00ae<\/sup> oil blend, omega-fatty acids, and pea extract for healthier-looking&nbsp;strands. <\/p>\n<!--==================================================== Composition section ====================================================-->\n      <img decoding=\"async\" alt=\"Renew Shampoo and Restore Leave-In Conditioner on a marble surface, next to a white towel.\" src=\"https:\/\/monatglobal.com\/nz\/wp-content\/uploads\/sites\/15\/2022\/10\/Restore-leave-in-benefits-comp1.jpg\" loading=\"lazy\"\/>\n      <img decoding=\"async\" alt=\"A blonde female smiling, overlapping a photo of a texture shot of Renew Shampoo.\" src=\"https:\/\/monatglobal.com\/nz\/wp-content\/uploads\/sites\/15\/2022\/10\/Restore-leave-in-comp3.jpg\" loading=\"lazy\"\/>\n            <!--==================================================== Directions text ====================================================--> \n               <h3>Mode d&#8217;emploi<\/h3>\n               <p>\/ Appliquer sur la longueur et les pointes des cheveux&nbsp;humides.<\/p>\n               <p>\/ Peigner les cheveux et coiffer comme&nbsp;d&#8217;habitude.<\/p>\n            <!--==================================================== Directions video ====================================================-->\n      <p>Damage Repair <br \/>Bond-Fortifying Hair Leave-In Cr\u00e8me  <br \/>1:28<\/p>\n   <a href=\"\" target=\"_blank\" role=\"button\" aria-label=\"\" rel=\"noopener\"><\/a>\n   <!--==================================================== Ingredients section  ====================================================-->\n      <h2>INGR\u00c9DIENTS CL\u00c9S<\/h2>\n               <p>REJUVENIQE<sup>\u00ae<\/sup><\/p>\n               <p>CAPIXYL<sup>\u2122<\/sup><\/p>\n               <p>PROCATALINE<sup>\u2122<\/sup> (extrait de pois)<\/p>\n               <p>Protecteur UV v\u00e9gan <\/p>\n        <button id=\"myBtn\" type=\"button\">LISTE D&#8217;INGR\u00c9DIENTS<\/button>\n      <!--==================================================== Modal content  ====================================================-->\n         &times;\n         <p>Aqua\/Water\/Eau, Cetearyl Alcohol, Quaternium-91, Isoamyl Laurate, Cinnamidopropyltrimonium Chloride,Pisum Sativum (Pea) Extract, Acetyl Tetrapeptide-3,Trifolium Pratense (Clover) Flower Extract, Limnanthes Alba (Meadowfoam) Seed Oil, Crambe Abyssinica Seed Oil      ,Camellia Oleifera Seed Oil, Solanum Lycopersicum (Tomato) Seed Oil, Daucus Carota Sativa (Carrot) Seed Oil, Citrus Limon (Lemon) Peel Oil, Citrus Aurantifolia (Lime) Oil, Citrus Aurantium Bergamia (Bergamot) Fruit Oil, Adansonia Digitata Oil, Mauritia Flexuosa Fruit Oil,Cocos Nucifera (Coconut) Oil, Gardenia Taitensis Flower Extract, Moringa Oleifera Seed Oil, Caryocar Brasiliense Fruit Oil, Helianthus Annuus (Sunflower) Seed Oil, Hydrolyzed Wheat Protein, Myristyl Myristate, Glycerin, Dextran, Citric Acid, Behentrimonium Chloride, Fragrance\/Parfum, Butylene Glycol, Glyceryl Caprylate, Caprylhydroxamic Acid, Benzyl Alcohol, Dehydroacetic Acid, Sodium Benzoate, Potassium Sorbate, Citronellol, Limonene, Hexyl Cinnamal, Linalool, Citral. <\/p>\n   <!--==================================================== You might also like section ====================================================-->\n      <h2>VOUS POURRIEZ AUSSI AIMER<\/h2>\n      <!--==================================================== Slider YOU MIGHT ALSO LIKE ====================================================-->\n      <!---->\n      <!--   -->\n            <!--==================================================== Slides products ====================================================-->\n      <!--      -->\n      <!--         <a href=\"\/ca\/renew-shampoo\/?lang=fr\" aria-label=\"Go to Shampooing Renew\u2122 page\">-->\n      <!--            <img decoding=\"async\" src=\"https:\/\/monatglobal.com\/wp-content\/uploads\/2022\/06\/renew-shampoo-e-comm.png\" alt=\"Shampooing Renew\u2122\" loading=\"lazy\"\/>-->\n      <!--            <p>Shampooing<br \/>Renew\u2122<\/p>-->\n      <!--         <\/a>-->\n      <!--      -->\n      <!--      -->\n      <!--         <a href=\"\/ca\/replenish-masque\/?lang=fr\" aria-label=\"Go to Masque Replenish\u2122 page\">-->\n      <!--            <img decoding=\"async\" src=\"https:\/\/monatglobal.com\/wp-content\/uploads\/2022\/06\/replenish-masque-e-comm.png\" alt=\"Masque Replenish\u2122\" loading=\"lazy\"\/>-->\n      <!--            <p>Masque<br \/>Replenish\u2122<\/p>-->\n      <!--         <\/a>-->\n      <!--      -->\n      <!--      -->\n      <!--         <a href=\"\/ca\/rejuveniqe-oil\/?lang=fr\" aria-label=\"Go to REJUVENIQE\u00ae page\">-->\n      <!--            <img decoding=\"async\" src=\"https:\/\/monatglobal.com\/es\/wp-content\/uploads\/sites\/10\/2021\/10\/rejuveniqe_2021-ecomm.png\" alt=\"REJUVENIQE\u00ae\" loading=\"lazy\"\/>-->\n      <!--            <p>REJUVENIQE<sup>\u00ae<\/sup><\/p>-->\n      <!--         <\/a>-->\n      <!--      -->\n      <!--   -->\n         <!--==================================================== If we need navigation buttons  ====================================================-->\n      <!--   -->\n      <!--   -->\n         <!--==================================================== If we need paginations  ====================================================-->\n      <!--   -->\n      <!---->\n             <!-- If we need navigation buttons -->\n             <!-- If we need paginations -->\n    <a href=\"\" aria-label=\"\"><\/a>\n<!--==================================================== this link has to go last for it to work   ====================================================-->\n\n","protected":false},"excerpt":{"rendered":"<p>MEILLEUR VENDEUR MEILLEUR VENDEUR Apr\u00e8s-shampooingsans rin\u00e7age&nbsp;Restore\u2122 Avec REJUVENIQE\u00ae Un revitalisant sans rin\u00e7age qui hydrate les cheveux&nbsp;secs. 134 ml \u212e \/ 4,5 oz liq. Prix de d\u00e9tail$00.00 $ CA Prix de client VIP$00.00 $ CA Pour en savoir plus sur l&#8217;Apr\u00e8s-shampooing sans rin\u00e7age Restore\u2122, veuillez contacter votre partenaire de march\u00e9&nbsp;MONAT. BIENFAITS Ce revitalisant sans rin\u00e7age est&hellip;<\/p>\n","protected":false},"author":20,"featured_media":40403,"parent":0,"menu_order":0,"comment_status":"closed","ping_status":"closed","template":"","meta":{"inline_featured_image":false,"om_disable_all_campaigns":false,"_monsterinsights_skip_tracking":false,"_monsterinsights_sitenote_active":false,"_monsterinsights_sitenote_note":"","_monsterinsights_sitenote_category":0,"footnotes":""},"categories":[3629],"tags":[],"class_list":["post-31665","page","type-page","status-publish","has-post-thumbnail","hentry","category-product-fra"],"aioseo_notices":[],"aioseo_head":"\n\t\t<!-- All in One SEO Pro 4.9.5.2 - aioseo.com -->\n\t<meta name=\"description\" content=\"MEILLEUR VENDEUR MEILLEUR VENDEUR Apr\u00e8s-shampooingsans rin\u00e7age Restore\u2122 Avec REJUVENIQE\u00ae Un revitalisant sans rin\u00e7age qui hydrate les cheveux secs. 134 ml \u212e \/ 4,5 oz liq. Prix de d\u00e9tail$00.00 $ CA Prix de client VIP$00.00 $ CA Pour en savoir plus sur l&#039;Apr\u00e8s-shampooing sans rin\u00e7age Restore\u2122, veuillez contacter votre partenaire de march\u00e9 MONAT. BIENFAITS Ce revitalisant sans rin\u00e7age est\" \/>\n\t<meta name=\"robots\" content=\"max-image-preview:large\" \/>\n\t<link rel=\"canonical\" href=\"https:\/\/monatglobal.com\/ca\/restore-leave-in-conditioner\/?lang=fr\" \/>\n\t<meta name=\"generator\" content=\"All in One SEO Pro (AIOSEO) 4.9.5.2\" \/>\n\t\t<meta property=\"og:locale\" content=\"en_US\" \/>\n\t\t<meta property=\"og:site_name\" content=\"Monat Canada English - We Are Modern Nature\" \/>\n\t\t<meta property=\"og:type\" content=\"article\" \/>\n\t\t<meta property=\"og:title\" content=\"REVITALISANT SANS RIN\u00c7AGE RESTORE - Monat Canada English\" \/>\n\t\t<meta property=\"og:description\" content=\"MEILLEUR VENDEUR MEILLEUR VENDEUR Apr\u00e8s-shampooingsans rin\u00e7age Restore\u2122 Avec REJUVENIQE\u00ae Un revitalisant sans rin\u00e7age qui hydrate les cheveux secs. 134 ml \u212e \/ 4,5 oz liq. Prix de d\u00e9tail$00.00 $ CA Prix de client VIP$00.00 $ CA Pour en savoir plus sur l&#039;Apr\u00e8s-shampooing sans rin\u00e7age Restore\u2122, veuillez contacter votre partenaire de march\u00e9 MONAT. BIENFAITS Ce revitalisant sans rin\u00e7age est\" \/>\n\t\t<meta property=\"og:url\" content=\"https:\/\/monatglobal.com\/ca\/restore-leave-in-conditioner\/?lang=fr\" \/>\n\t\t<meta property=\"article:published_time\" content=\"2018-04-13T17:20:16+00:00\" \/>\n\t\t<meta property=\"article:modified_time\" content=\"2026-01-19T15:20:13+00:00\" \/>\n\t\t<meta name=\"twitter:card\" content=\"summary_large_image\" \/>\n\t\t<meta name=\"twitter:title\" content=\"REVITALISANT SANS RIN\u00c7AGE RESTORE - Monat Canada English\" \/>\n\t\t<meta name=\"twitter:description\" content=\"MEILLEUR VENDEUR MEILLEUR VENDEUR Apr\u00e8s-shampooingsans rin\u00e7age Restore\u2122 Avec REJUVENIQE\u00ae Un revitalisant sans rin\u00e7age qui hydrate les cheveux secs. 134 ml \u212e \/ 4,5 oz liq. Prix de d\u00e9tail$00.00 $ CA Prix de client VIP$00.00 $ CA Pour en savoir plus sur l&#039;Apr\u00e8s-shampooing sans rin\u00e7age Restore\u2122, veuillez contacter votre partenaire de march\u00e9 MONAT. BIENFAITS Ce revitalisant sans rin\u00e7age est\" \/>\n\t\t<script type=\"application\/ld+json\" class=\"aioseo-schema\">\n\t\t\t{\"@context\":\"https:\\\/\\\/schema.org\",\"@graph\":[{\"@type\":\"BreadcrumbList\",\"@id\":\"https:\\\/\\\/monatglobal.com\\\/ca\\\/restore-leave-in-conditioner\\\/?lang=fr#breadcrumblist\",\"itemListElement\":[{\"@type\":\"ListItem\",\"@id\":\"https:\\\/\\\/monatglobal.com\\\/ca#listItem\",\"position\":1,\"name\":\"Home\",\"item\":\"https:\\\/\\\/monatglobal.com\\\/ca\",\"nextItem\":{\"@type\":\"ListItem\",\"@id\":\"https:\\\/\\\/monatglobal.com\\\/ca\\\/restore-leave-in-conditioner\\\/?lang=fr#listItem\",\"name\":\"REVITALISANT SANS RIN\\u00c7AGE RESTORE\"}},{\"@type\":\"ListItem\",\"@id\":\"https:\\\/\\\/monatglobal.com\\\/ca\\\/restore-leave-in-conditioner\\\/?lang=fr#listItem\",\"position\":2,\"name\":\"REVITALISANT SANS RIN\\u00c7AGE RESTORE\",\"previousItem\":{\"@type\":\"ListItem\",\"@id\":\"https:\\\/\\\/monatglobal.com\\\/ca#listItem\",\"name\":\"Home\"}}]},{\"@type\":\"Organization\",\"@id\":\"https:\\\/\\\/monatglobal.com\\\/ca\\\/#organization\",\"name\":\"Monat Canada English\",\"description\":\"We Are Modern Nature\",\"url\":\"https:\\\/\\\/monatglobal.com\\\/ca\\\/\"},{\"@type\":\"WebPage\",\"@id\":\"https:\\\/\\\/monatglobal.com\\\/ca\\\/restore-leave-in-conditioner\\\/?lang=fr#webpage\",\"url\":\"https:\\\/\\\/monatglobal.com\\\/ca\\\/restore-leave-in-conditioner\\\/?lang=fr\",\"name\":\"REVITALISANT SANS RIN\\u00c7AGE RESTORE - Monat Canada English\",\"description\":\"MEILLEUR VENDEUR MEILLEUR VENDEUR Apr\\u00e8s-shampooingsans rin\\u00e7age Restore\\u2122 Avec REJUVENIQE\\u00ae Un revitalisant sans rin\\u00e7age qui hydrate les cheveux secs. 134 ml \\u212e \\\/ 4,5 oz liq. Prix de d\\u00e9tail$00.00 $ CA Prix de client VIP$00.00 $ CA Pour en savoir plus sur l'Apr\\u00e8s-shampooing sans rin\\u00e7age Restore\\u2122, veuillez contacter votre partenaire de march\\u00e9 MONAT. BIENFAITS Ce revitalisant sans rin\\u00e7age est\",\"inLanguage\":\"en-US\",\"isPartOf\":{\"@id\":\"https:\\\/\\\/monatglobal.com\\\/ca\\\/#website\"},\"breadcrumb\":{\"@id\":\"https:\\\/\\\/monatglobal.com\\\/ca\\\/restore-leave-in-conditioner\\\/?lang=fr#breadcrumblist\"},\"image\":{\"@type\":\"ImageObject\",\"url\":\"https:\\\/\\\/monatglobal.com\\\/ca\\\/wp-content\\\/uploads\\\/sites\\\/5\\\/2019\\\/01\\\/RESTORE-LEAVE-IN-CONDITIONER-500x438.png\",\"@id\":\"https:\\\/\\\/monatglobal.com\\\/ca\\\/restore-leave-in-conditioner\\\/?lang=fr\\\/#mainImage\",\"width\":438,\"height\":500},\"primaryImageOfPage\":{\"@id\":\"https:\\\/\\\/monatglobal.com\\\/ca\\\/restore-leave-in-conditioner\\\/?lang=fr#mainImage\"},\"datePublished\":\"2018-04-13T17:20:16-04:00\",\"dateModified\":\"2026-01-19T10:20:13-05:00\"},{\"@type\":\"WebSite\",\"@id\":\"https:\\\/\\\/monatglobal.com\\\/ca\\\/#website\",\"url\":\"https:\\\/\\\/monatglobal.com\\\/ca\\\/\",\"name\":\"Monat Canada English\",\"description\":\"We Are Modern Nature\",\"inLanguage\":\"en-US\",\"publisher\":{\"@id\":\"https:\\\/\\\/monatglobal.com\\\/ca\\\/#organization\"}}]}\n\t\t<\/script>\n\t\t<!-- All in One SEO Pro -->\r\n\t\t<title>REVITALISANT SANS RIN\u00c7AGE RESTORE - Monat Canada English<\/title>\n\n","aioseo_head_json":{"title":"REVITALISANT SANS RIN\u00c7AGE RESTORE - Monat Canada English","description":"MEILLEUR VENDEUR MEILLEUR VENDEUR Apr\u00e8s-shampooingsans rin\u00e7age Restore\u2122 Avec REJUVENIQE\u00ae Un revitalisant sans rin\u00e7age qui hydrate les cheveux secs. 134 ml \u212e \/ 4,5 oz liq. Prix de d\u00e9tail$00.00 $ CA Prix de client VIP$00.00 $ CA Pour en savoir plus sur l'Apr\u00e8s-shampooing sans rin\u00e7age Restore\u2122, veuillez contacter votre partenaire de march\u00e9 MONAT. BIENFAITS Ce revitalisant sans rin\u00e7age est","canonical_url":"https:\/\/monatglobal.com\/ca\/restore-leave-in-conditioner\/?lang=fr","robots":"max-image-preview:large","keywords":"","webmasterTools":{"miscellaneous":""},"schema":{"@context":"https:\/\/schema.org","@graph":[{"@type":"BreadcrumbList","@id":"https:\/\/monatglobal.com\/ca\/restore-leave-in-conditioner\/?lang=fr#breadcrumblist","itemListElement":[{"@type":"ListItem","@id":"https:\/\/monatglobal.com\/ca#listItem","position":1,"name":"Home","item":"https:\/\/monatglobal.com\/ca","nextItem":{"@type":"ListItem","@id":"https:\/\/monatglobal.com\/ca\/restore-leave-in-conditioner\/?lang=fr#listItem","name":"REVITALISANT SANS RIN\u00c7AGE RESTORE"}},{"@type":"ListItem","@id":"https:\/\/monatglobal.com\/ca\/restore-leave-in-conditioner\/?lang=fr#listItem","position":2,"name":"REVITALISANT SANS RIN\u00c7AGE RESTORE","previousItem":{"@type":"ListItem","@id":"https:\/\/monatglobal.com\/ca#listItem","name":"Home"}}]},{"@type":"Organization","@id":"https:\/\/monatglobal.com\/ca\/#organization","name":"Monat Canada English","description":"We Are Modern Nature","url":"https:\/\/monatglobal.com\/ca\/"},{"@type":"WebPage","@id":"https:\/\/monatglobal.com\/ca\/restore-leave-in-conditioner\/?lang=fr#webpage","url":"https:\/\/monatglobal.com\/ca\/restore-leave-in-conditioner\/?lang=fr","name":"REVITALISANT SANS RIN\u00c7AGE RESTORE - Monat Canada English","description":"MEILLEUR VENDEUR MEILLEUR VENDEUR Apr\u00e8s-shampooingsans rin\u00e7age Restore\u2122 Avec REJUVENIQE\u00ae Un revitalisant sans rin\u00e7age qui hydrate les cheveux secs. 134 ml \u212e \/ 4,5 oz liq. Prix de d\u00e9tail$00.00 $ CA Prix de client VIP$00.00 $ CA Pour en savoir plus sur l'Apr\u00e8s-shampooing sans rin\u00e7age Restore\u2122, veuillez contacter votre partenaire de march\u00e9 MONAT. BIENFAITS Ce revitalisant sans rin\u00e7age est","inLanguage":"en-US","isPartOf":{"@id":"https:\/\/monatglobal.com\/ca\/#website"},"breadcrumb":{"@id":"https:\/\/monatglobal.com\/ca\/restore-leave-in-conditioner\/?lang=fr#breadcrumblist"},"image":{"@type":"ImageObject","url":"https:\/\/monatglobal.com\/ca\/wp-content\/uploads\/sites\/5\/2019\/01\/RESTORE-LEAVE-IN-CONDITIONER-500x438.png","@id":"https:\/\/monatglobal.com\/ca\/restore-leave-in-conditioner\/?lang=fr\/#mainImage","width":438,"height":500},"primaryImageOfPage":{"@id":"https:\/\/monatglobal.com\/ca\/restore-leave-in-conditioner\/?lang=fr#mainImage"},"datePublished":"2018-04-13T17:20:16-04:00","dateModified":"2026-01-19T10:20:13-05:00"},{"@type":"WebSite","@id":"https:\/\/monatglobal.com\/ca\/#website","url":"https:\/\/monatglobal.com\/ca\/","name":"Monat Canada English","description":"We Are Modern Nature","inLanguage":"en-US","publisher":{"@id":"https:\/\/monatglobal.com\/ca\/#organization"}}]},"og:locale":"en_US","og:site_name":"Monat Canada English - We Are Modern Nature","og:type":"article","og:title":"REVITALISANT SANS RIN\u00c7AGE RESTORE - Monat Canada English","og:description":"MEILLEUR VENDEUR MEILLEUR VENDEUR Apr\u00e8s-shampooingsans rin\u00e7age Restore\u2122 Avec REJUVENIQE\u00ae Un revitalisant sans rin\u00e7age qui hydrate les cheveux secs. 134 ml \u212e \/ 4,5 oz liq. Prix de d\u00e9tail$00.00 $ CA Prix de client VIP$00.00 $ CA Pour en savoir plus sur l'Apr\u00e8s-shampooing sans rin\u00e7age Restore\u2122, veuillez contacter votre partenaire de march\u00e9 MONAT. BIENFAITS Ce revitalisant sans rin\u00e7age est","og:url":"https:\/\/monatglobal.com\/ca\/restore-leave-in-conditioner\/?lang=fr","article:published_time":"2018-04-13T17:20:16+00:00","article:modified_time":"2026-01-19T15:20:13+00:00","twitter:card":"summary_large_image","twitter:title":"REVITALISANT SANS RIN\u00c7AGE RESTORE - Monat Canada English","twitter:description":"MEILLEUR VENDEUR MEILLEUR VENDEUR Apr\u00e8s-shampooingsans rin\u00e7age Restore\u2122 Avec REJUVENIQE\u00ae Un revitalisant sans rin\u00e7age qui hydrate les cheveux secs. 134 ml \u212e \/ 4,5 oz liq. Prix de d\u00e9tail$00.00 $ CA Prix de client VIP$00.00 $ CA Pour en savoir plus sur l'Apr\u00e8s-shampooing sans rin\u00e7age Restore\u2122, veuillez contacter votre partenaire de march\u00e9 MONAT. BIENFAITS Ce revitalisant sans rin\u00e7age est"},"aioseo_meta_data":{"post_id":"31665","title":null,"description":null,"keywords":null,"keyphrases":null,"primary_term":null,"canonical_url":null,"og_title":null,"og_description":null,"og_object_type":"default","og_image_type":"default","og_image_url":null,"og_image_width":null,"og_image_height":null,"og_image_custom_url":null,"og_image_custom_fields":null,"og_video":null,"og_custom_url":null,"og_article_section":null,"og_article_tags":null,"twitter_use_og":false,"twitter_card":"default","twitter_image_type":"default","twitter_image_url":null,"twitter_image_custom_url":null,"twitter_image_custom_fields":null,"twitter_title":null,"twitter_description":null,"schema":{"blockGraphs":[],"customGraphs":[],"default":{"data":{"Article":[],"Course":[],"Dataset":[],"FAQPage":[],"Movie":[],"Person":[],"Product":[],"ProductReview":[],"Car":[],"Recipe":[],"Service":[],"SoftwareApplication":[],"WebPage":[]},"graphName":"WebPage","isEnabled":true},"graphs":[]},"schema_type":"default","schema_type_options":null,"pillar_content":false,"robots_default":true,"robots_noindex":false,"robots_noarchive":false,"robots_nosnippet":false,"robots_nofollow":false,"robots_noimageindex":false,"robots_noodp":false,"robots_notranslate":false,"robots_max_snippet":null,"robots_max_videopreview":null,"robots_max_imagepreview":"large","priority":null,"frequency":null,"local_seo":null,"seo_analyzer_scan_date":"2026-02-10 03:22:31","limit_modified_date":false,"reviewed_by":null,"open_ai":null,"ai":null,"created":"2023-07-26 12:18:59","updated":"2026-02-10 18:38:40"},"aioseo_breadcrumb":"<div class=\"aioseo-breadcrumbs\"><span class=\"aioseo-breadcrumb\">\n\t<a href=\"https:\/\/monatglobal.com\/ca\" title=\"Home\">Home<\/a>\n<\/span><span class=\"aioseo-breadcrumb-separator\">&raquo;<\/span><span class=\"aioseo-breadcrumb\">\n\tREVITALISANT SANS RIN\u00c7AGE RESTORE\n<\/span><\/div>","aioseo_breadcrumb_json":[{"label":"Home","link":"https:\/\/monatglobal.com\/ca"},{"label":"REVITALISANT SANS RIN\u00c7AGE RESTORE","link":"https:\/\/monatglobal.com\/ca\/restore-leave-in-conditioner\/?lang=fr"}],"_links":{"self":[{"href":"https:\/\/monatglobal.com\/ca\/wp-json\/wp\/v2\/pages\/31665","targetHints":{"allow":["GET"]}}],"collection":[{"href":"https:\/\/monatglobal.com\/ca\/wp-json\/wp\/v2\/pages"}],"about":[{"href":"https:\/\/monatglobal.com\/ca\/wp-json\/wp\/v2\/types\/page"}],"author":[{"embeddable":true,"href":"https:\/\/monatglobal.com\/ca\/wp-json\/wp\/v2\/users\/20"}],"replies":[{"embeddable":true,"href":"https:\/\/monatglobal.com\/ca\/wp-json\/wp\/v2\/comments?post=31665"}],"version-history":[{"count":49,"href":"https:\/\/monatglobal.com\/ca\/wp-json\/wp\/v2\/pages\/31665\/revisions"}],"predecessor-version":[{"id":110112,"href":"https:\/\/monatglobal.com\/ca\/wp-json\/wp\/v2\/pages\/31665\/revisions\/110112"}],"wp:featuredmedia":[{"embeddable":true,"href":"https:\/\/monatglobal.com\/ca\/wp-json\/wp\/v2\/media\/40403"}],"wp:attachment":[{"href":"https:\/\/monatglobal.com\/ca\/wp-json\/wp\/v2\/media?parent=31665"}],"wp:term":[{"taxonomy":"category","embeddable":true,"href":"https:\/\/monatglobal.com\/ca\/wp-json\/wp\/v2\/categories?post=31665"},{"taxonomy":"post_tag","embeddable":true,"href":"https:\/\/monatglobal.com\/ca\/wp-json\/wp\/v2\/tags?post=31665"}],"curies":[{"name":"wp","href":"https:\/\/api.w.org\/{rel}","templated":true}]}}