{"id":31655,"date":"2018-04-13T16:58:05","date_gmt":"2018-04-13T16:58:05","guid":{"rendered":"https:\/\/monatglobal.com\/ca\/?page_id=31655"},"modified":"2026-01-19T09:52:12","modified_gmt":"2026-01-19T14:52:12","slug":"renew-shampoo","status":"publish","type":"page","link":"https:\/\/monatglobal.com\/ca\/renew-shampoo\/?lang=fr","title":{"rendered":"Renew\u2122 Shampoo"},"content":{"rendered":"\n\n\t<link rel=\"stylesheet\" href=\"https:\/\/unpkg.com\/swiper\/swiper-bundle.min.css\" \/>\n<link rel=\"stylesheet\" href=\"https:\/\/monatglobal.com\/wp-content\/creative_css\/product_styles_sheet.css\" \/> \n   <!--==================================================== ECOMM SECTION ====================================================-->\n   <p>MEILLEUR VENDEUR<\/p>\n      <!--==================================================== Ecomm image ====================================================-->\n      <img decoding=\"async\" src=\"https:\/\/monatglobal.com\/wp-content\/uploads\/2022\/06\/renew-shampoo-e-comm.png\" alt=\"Renew Shampoo\" loading=\"lazy\"\/>\n      <!--==================================================== Ecomm information  ====================================================-->\n         \n         <p>MEILLEUR VENDEUR<\/p>\n         <h1>Shampooing<br \/>Renew\u2122<\/h1>\n         <p>Avec REJUVENIQE<sup>\u00ae<\/sup><\/p>\n         <p>Un shampooing hydratant aux acides gras om\u00e9ga pour cheveux moyens \u00e0&nbsp;\u00e9pais.<\/p>\n         <p>237 ml \u212e 8,0 oz liq.<\/p>\n       <!--==================================================== pricing box ====================================================-->    \n   <p>Prix de d\u00e9tail<br \/>$00.00 $ CA<\/p>\n   <p>Prix de client VIP<br \/>$00.00 $ CA<\/p> \n      <!--==================================================== pricing box ====================================================-->    \n         <p>Pour en savoir plus sur le Shampooing Renew\u2122, veuillez contacter votre partenaire de march\u00e9&nbsp;MONAT.<\/p>\n            <a href=\"\" target=\"_blank\" role=\"button\" aria-label=\"\" rel=\"noopener\"><\/a>\n   <!--==================================================== \/ECOMM SECTION  ====================================================-->\n   <!--==================================================== Benefits image ====================================================-->\n   \n      <source media=\"(max-width: 700px)\" srcset=\"https:\/\/monatglobal.com\/wp-content\/uploads\/2022\/06\/renew-shampoo-benefits-mobile.jpg\" loading=\"lazy\"\/>\n      <img decoding=\"async\" alt=\"A blonde female smiling and wearing a purple blouse.\" \n      src=\"https:\/\/monatglobal.com\/wp-content\/uploads\/2022\/06\/renew-shampoo-benefits.jpg\" loading=\"lazy\"\/>\n   \n   <!--==================================================== Benefits text ====================================================-->\n         <h2>BIENFAITS<\/h2>\n         <h3>Hydratez \u00e0 fond les cheveux moyens \u00e0 \u00e9pais gr\u00e2ce \u00e0 ce doux shampooing ultra-hydratant qui forme une mousse cr\u00e9meuse et laisse les cheveux doux, plus maniables et&nbsp;resplendissants.<\/h3>\n         <p>This richly textured leave-in cr\u00e8me reduces breakage and protects hair from future&nbsp;damage.<\/p>\n         <!--==================================================== features image  ====================================================-->\n         <img decoding=\"async\" alt=\"Renew Shampoo on a beige surface, sitting next to lemon slices, an orange slice, cranberry seeds, and a white flower.\" \n         src=\"https:\/\/monatglobal.com\/wp-content\/uploads\/2022\/06\/renew-shampoo-features.jpg\" loading=\"lazy\"\/>\n      <!--==================================================== features text ====================================================-->\n            <h3>CARACT\u00c9RISTIQUES<\/h3>\n               <p>\/ Forme une riche mousse&nbsp;hydratante<\/p>\n               <p>\/ Formule am\u00e9liorant la&nbsp;brillance<\/p>\n               <p>*Based on instrumental tests by a third-party laboratory. <\/p>\n               <br \/>\n            <p>Parfum \/ un parfum floral aux notes de jasmin, de citron Meyer, de n\u00e9roli et de th\u00e9&nbsp;vert<\/p>\n            <p> Texture \/ cr\u00e8me<\/p>\n   <!--==================================================== composition image mobile ====================================================-->\n   <img decoding=\"async\" alt=\"Renew Shampoo and Restore Leave-In Conditioner on a marble surface, next to a white towel.\" src=\"https:\/\/monatglobal.com\/wp-content\/uploads\/2022\/06\/renew-shampoo-comp1.jpg\" loading=\"lazy\"\/>\n   <!--==================================================== Why it works text ====================================================-->\n      <h2>SA RICHE TEXTURE OFFRE UNE EXP\u00c9RIENCE HYDRATANTE GR\u00c2CE AUX INGR\u00c9DIENTS&nbsp;EXCLUSIFS.<\/h2>\n      <h3>Con\u00e7ue pour cheveux moyens \u00e0 \u00e9pais, cette formule contient du REJUVENIQE<sup>\u00ae<\/sup>, notre m\u00e9lange d&#8217;huiles exclusif, ainsi que des acides gras om\u00e9ga et de l&#8217;extrait de pois pour des cheveux d&#8217;apparence plus&nbsp;saine.<\/h3>\n      <p>Designed for medium to thick hair delivers our exclusive REJUVENIQE<sup>\u00ae<\/sup> oil blend, omega-fatty acids, and pea extract for healthier-looking&nbsp;strands. <\/p>\n<!--==================================================== Composition section ====================================================-->\n      <img decoding=\"async\" alt=\"Renew Shampoo and Restore Leave-In Conditioner on a marble surface, next to a white towel.\" src=\"https:\/\/monatglobal.com\/wp-content\/uploads\/2022\/06\/renew-shampoo-comp1.jpg\" loading=\"lazy\"\/>\n      <img decoding=\"async\" alt=\"A blonde female smiling, overlapping a photo of a texture shot of Renew Shampoo.\" src=\"https:\/\/monatglobal.com\/wp-content\/uploads\/2022\/06\/renew-shampoo-comp3.jpg\" loading=\"lazy\"\/>\n            <!--==================================================== Directions text ====================================================--> \n               <h3>MODE D&#8217;EMPLOI<\/h3>\n               <p>\/ \u00c9mulsionner dans les mains et appliquer sur cheveux&nbsp;mouill\u00e9s.<\/p>\n               <p>\/ Laisser agir 2 ou 3&nbsp;minutes.<\/p>\n               <p>\/ Rincer et r\u00e9p\u00e9ter&nbsp;l&#8217;op\u00e9ration.<\/p>\n               <p>\/ Pour de meilleurs r\u00e9sultats, compl\u00e9ter avec le Masque Replenish\u2122 et l&#8217;Apr\u00e8s-shampooing sans rin\u00e7age&nbsp;Restore\u2122.<\/p>\n            <!--==================================================== Directions video ====================================================--> \n      <p>Damage Repair <br \/>Bond-Fortifying Hair Leave-In Cr\u00e8me  <br \/>1:28<\/p>\n   <a href=\"\" target=\"_blank\" role=\"button\" aria-label=\"\" rel=\"noopener\"><\/a>\n   <!--==================================================== Ingredients section  ====================================================-->\n      <h2>INGR\u00c9DIENTS CL\u00c9S<\/h2>\n               <p>REJUVENIQE<sup>\u00ae<\/sup><\/p>\n               <p>CAPIXYL<sup>\u2122<\/sup><\/p>\n               <p>Extrait de pois<\/p>\n               <p>Agent de protection UV \u00e0 base de&nbsp;plantes<\/p>\n        <button id=\"myBtn\" type=\"button\">LISTE D&#8217;INGR\u00c9DIENTS<\/button>\n      <!--==================================================== Modal content  ====================================================-->\n         &times;\n         <p>Aqua\/Water\/Eau, Sodium C14-16 Olefin Sulfonate, Lauramidopropyl Betaine, Sodium Methyl Cocoyl Taurate, Sodium Cocoamphoacetate, Sodium Chloride, Fragrance\/Parfum, Cinnamidopropyltrimonium Chloride, Guar Hydroxypropyltrimonium Chloride, Stearyldimoniumhydroxypropyl Laurylglucosides Chloride, Pisum Sativum (Pea) Extract, Acetyl Tetrapeptide-3, Trifolium Pratense (Clover) Flower Extract, Limnanthes Alba (Meadowfoam) Seed Oil, Crambe Abyssinica Seed Oil, Camellia Oleifera Seed Oil, Solanum Lycopersicum (Tomato) Seed Oil, Daucus Carota Sativa (Carrot) Seed Oil, Citrus Limon (Lemon) Peel Oil, Citrus Aurantifolia (Lime) Oil, Citrus Aurantium Bergamia (Bergamot) Fruit Oil, Adansonia Digitata Oil, Mauritia Flexuosa Fruit Oil, Cocos Nucifera (Coconut) Oil, Gardenia Taitensis Flower Extract, Moringa Oleifera Seed Oil, Caryocar Brasiliense Fruit Oil, Helianthus Annuus (Sunflower) Seed Oil, Glycerin, Dextran, Citric Acid, Sodium Hydroxide, Cocamidopropyl Hydroxysultaine, Propanediol, Glycol Distearate, Sodium Hydroxypropylphosphate Decylglucoside Crosspolymer, Sodium Stearoyl Lactylate, Cocamidopropyl Betaine, Butylene Glycol, Amodimethicone, Trideceth-12, Cetrimonium Chloride, Coconut Acid, Benzoic Acid, Caprylyl Glycol, Benzyl Alcohol, Ethylhexylglycerin, Sodium Benzoate, Propylene Glycol, Lauramidopropyl Dimethylamine, Citronellol, Limonene, Hexyl Cinnamal, Linalool.<\/p>\n   <!--==================================================== You might also like section ====================================================-->\n      <h2>VOUS POURRIEZ AUSSI AIMER<\/h2>\n      <!--==================================================== Slider YOU MIGHT ALSO LIKE ====================================================-->\n      <!---->\n      <!--   -->\n            <!--==================================================== Slides products ====================================================-->\n      <!--      -->\n      <!--         <a href=\"\/ca\/replenish-masque\/?lang=fr\" aria-label=\"Go to Masque Replenish\u2122 page\">-->\n      <!--            <img decoding=\"async\" src=\"https:\/\/monatglobal.com\/wp-content\/uploads\/2022\/12\/replenish-masque-e-comm-min.png\" alt=\"Masque Replenish\u2122\" loading=\"lazy\"\/>-->\n      <!--            <p>Masque Replenish\u2122<\/p>-->\n      <!--         <\/a>-->\n      <!--      -->\n      <!--      -->\n      <!--         <a href=\"\/ca\/restore-leave-in-conditioner\/?lang=fr\" aria-label=\"Go to Apr\u00e8s-shampooing sans rin\u00e7age Restore\u2122 page\">-->\n      <!--            <img decoding=\"async\" src=\"https:\/\/monatglobal.com\/wp-content\/uploads\/2022\/12\/RESTORE-LEAVE-IN-CONDITIONER-ecomm-min.png\" alt=\"Apr\u00e8s-shampooing sans rin\u00e7age Restore\u2122\" loading=\"lazy\"\/>-->\n      <!--            <p>Apr\u00e8s-shampooing sans rin\u00e7age Restore\u2122<\/p>-->\n      <!--         <\/a>-->\n      <!--      -->\n      <!--      -->\n      <!--         <a href=\"\/ca\/rejuveniqe-oil\/?lang=fr\" aria-label=\"Go to REJUVENIQE\u00ae page\">-->\n      <!--            <img decoding=\"async\" src=\"https:\/\/monatglobal.com\/wp-content\/uploads\/2022\/12\/rejuveniqe_2021-ecomm.png\" alt=\"REJUVENIQE\u00ae\" loading=\"lazy\"\/>-->\n      <!--            <p>REJUVENIQE<sup>\u00ae<\/sup><\/p>-->\n      <!--         <\/a>-->\n      <!--      -->\n      <!--   -->\n         <!--==================================================== If we need navigation buttons  ====================================================-->\n      <!--   -->\n      <!--   -->\n         <!--==================================================== If we need paginations  ====================================================-->\n      <!--   -->\n      <!---->\n             <!-- If we need navigation buttons -->\n             <!-- If we need paginations -->\n    <a href=\"\" aria-label=\"\"><\/a>\n<!--==================================================== this link has to go last for it to work   ====================================================-->\n\n","protected":false},"excerpt":{"rendered":"<p>MEILLEUR VENDEUR MEILLEUR VENDEUR ShampooingRenew\u2122 Avec REJUVENIQE\u00ae Un shampooing hydratant aux acides gras om\u00e9ga pour cheveux moyens \u00e0&nbsp;\u00e9pais. 237 ml \u212e 8,0 oz liq. Prix de d\u00e9tail$00.00 $ CA Prix de client VIP$00.00 $ CA Pour en savoir plus sur le Shampooing Renew\u2122, veuillez contacter votre partenaire de march\u00e9&nbsp;MONAT. BIENFAITS Hydratez \u00e0 fond les cheveux&hellip;<\/p>\n","protected":false},"author":20,"featured_media":40395,"parent":0,"menu_order":0,"comment_status":"closed","ping_status":"closed","template":"","meta":{"inline_featured_image":false,"om_disable_all_campaigns":false,"_monsterinsights_skip_tracking":false,"_monsterinsights_sitenote_active":false,"_monsterinsights_sitenote_note":"","_monsterinsights_sitenote_category":0,"footnotes":""},"categories":[3629],"tags":[],"class_list":["post-31655","page","type-page","status-publish","has-post-thumbnail","hentry","category-product-fra"],"aioseo_notices":[],"aioseo_head":"\n\t\t<!-- All in One SEO Pro 4.9.5.2 - aioseo.com -->\n\t<meta name=\"description\" content=\"MEILLEUR VENDEUR MEILLEUR VENDEUR ShampooingRenew\u2122 Avec REJUVENIQE\u00ae Un shampooing hydratant aux acides gras om\u00e9ga pour cheveux moyens \u00e0 \u00e9pais. 237 ml \u212e 8,0 oz liq. Prix de d\u00e9tail$00.00 $ CA Prix de client VIP$00.00 $ CA Pour en savoir plus sur le Shampooing Renew\u2122, veuillez contacter votre partenaire de march\u00e9 MONAT. BIENFAITS Hydratez \u00e0 fond les cheveux\" \/>\n\t<meta name=\"robots\" content=\"max-image-preview:large\" \/>\n\t<link rel=\"canonical\" href=\"https:\/\/monatglobal.com\/ca\/renew-shampoo\/?lang=fr\" \/>\n\t<meta name=\"generator\" content=\"All in One SEO Pro (AIOSEO) 4.9.5.2\" \/>\n\t\t<meta property=\"og:locale\" content=\"en_US\" \/>\n\t\t<meta property=\"og:site_name\" content=\"Monat Canada English - We Are Modern Nature\" \/>\n\t\t<meta property=\"og:type\" content=\"article\" \/>\n\t\t<meta property=\"og:title\" content=\"Renew\u2122 Shampoo - Monat Canada English\" \/>\n\t\t<meta property=\"og:description\" content=\"MEILLEUR VENDEUR MEILLEUR VENDEUR ShampooingRenew\u2122 Avec REJUVENIQE\u00ae Un shampooing hydratant aux acides gras om\u00e9ga pour cheveux moyens \u00e0 \u00e9pais. 237 ml \u212e 8,0 oz liq. Prix de d\u00e9tail$00.00 $ CA Prix de client VIP$00.00 $ CA Pour en savoir plus sur le Shampooing Renew\u2122, veuillez contacter votre partenaire de march\u00e9 MONAT. BIENFAITS Hydratez \u00e0 fond les cheveux\" \/>\n\t\t<meta property=\"og:url\" content=\"https:\/\/monatglobal.com\/ca\/renew-shampoo\/?lang=fr\" \/>\n\t\t<meta property=\"article:published_time\" content=\"2018-04-13T16:58:05+00:00\" \/>\n\t\t<meta property=\"article:modified_time\" content=\"2026-01-19T14:52:12+00:00\" \/>\n\t\t<meta name=\"twitter:card\" content=\"summary_large_image\" \/>\n\t\t<meta name=\"twitter:title\" content=\"Renew\u2122 Shampoo - Monat Canada English\" \/>\n\t\t<meta name=\"twitter:description\" content=\"MEILLEUR VENDEUR MEILLEUR VENDEUR ShampooingRenew\u2122 Avec REJUVENIQE\u00ae Un shampooing hydratant aux acides gras om\u00e9ga pour cheveux moyens \u00e0 \u00e9pais. 237 ml \u212e 8,0 oz liq. Prix de d\u00e9tail$00.00 $ CA Prix de client VIP$00.00 $ CA Pour en savoir plus sur le Shampooing Renew\u2122, veuillez contacter votre partenaire de march\u00e9 MONAT. BIENFAITS Hydratez \u00e0 fond les cheveux\" \/>\n\t\t<script type=\"application\/ld+json\" class=\"aioseo-schema\">\n\t\t\t{\"@context\":\"https:\\\/\\\/schema.org\",\"@graph\":[{\"@type\":\"BreadcrumbList\",\"@id\":\"https:\\\/\\\/monatglobal.com\\\/ca\\\/renew-shampoo\\\/?lang=fr#breadcrumblist\",\"itemListElement\":[{\"@type\":\"ListItem\",\"@id\":\"https:\\\/\\\/monatglobal.com\\\/ca#listItem\",\"position\":1,\"name\":\"Home\",\"item\":\"https:\\\/\\\/monatglobal.com\\\/ca\",\"nextItem\":{\"@type\":\"ListItem\",\"@id\":\"https:\\\/\\\/monatglobal.com\\\/ca\\\/renew-shampoo\\\/?lang=fr#listItem\",\"name\":\"Renew\\u2122 Shampoo\"}},{\"@type\":\"ListItem\",\"@id\":\"https:\\\/\\\/monatglobal.com\\\/ca\\\/renew-shampoo\\\/?lang=fr#listItem\",\"position\":2,\"name\":\"Renew\\u2122 Shampoo\",\"previousItem\":{\"@type\":\"ListItem\",\"@id\":\"https:\\\/\\\/monatglobal.com\\\/ca#listItem\",\"name\":\"Home\"}}]},{\"@type\":\"Organization\",\"@id\":\"https:\\\/\\\/monatglobal.com\\\/ca\\\/#organization\",\"name\":\"Monat Canada English\",\"description\":\"We Are Modern Nature\",\"url\":\"https:\\\/\\\/monatglobal.com\\\/ca\\\/\"},{\"@type\":\"WebPage\",\"@id\":\"https:\\\/\\\/monatglobal.com\\\/ca\\\/renew-shampoo\\\/?lang=fr#webpage\",\"url\":\"https:\\\/\\\/monatglobal.com\\\/ca\\\/renew-shampoo\\\/?lang=fr\",\"name\":\"Renew\\u2122 Shampoo - Monat Canada English\",\"description\":\"MEILLEUR VENDEUR MEILLEUR VENDEUR ShampooingRenew\\u2122 Avec REJUVENIQE\\u00ae Un shampooing hydratant aux acides gras om\\u00e9ga pour cheveux moyens \\u00e0 \\u00e9pais. 237 ml \\u212e 8,0 oz liq. Prix de d\\u00e9tail$00.00 $ CA Prix de client VIP$00.00 $ CA Pour en savoir plus sur le Shampooing Renew\\u2122, veuillez contacter votre partenaire de march\\u00e9 MONAT. BIENFAITS Hydratez \\u00e0 fond les cheveux\",\"inLanguage\":\"en-US\",\"isPartOf\":{\"@id\":\"https:\\\/\\\/monatglobal.com\\\/ca\\\/#website\"},\"breadcrumb\":{\"@id\":\"https:\\\/\\\/monatglobal.com\\\/ca\\\/renew-shampoo\\\/?lang=fr#breadcrumblist\"},\"image\":{\"@type\":\"ImageObject\",\"url\":\"https:\\\/\\\/monatglobal.com\\\/ca\\\/wp-content\\\/uploads\\\/sites\\\/5\\\/2019\\\/01\\\/RENEW-SHAMPOO-500x438.png\",\"@id\":\"https:\\\/\\\/monatglobal.com\\\/ca\\\/renew-shampoo\\\/?lang=fr\\\/#mainImage\",\"width\":438,\"height\":500},\"primaryImageOfPage\":{\"@id\":\"https:\\\/\\\/monatglobal.com\\\/ca\\\/renew-shampoo\\\/?lang=fr#mainImage\"},\"datePublished\":\"2018-04-13T16:58:05-04:00\",\"dateModified\":\"2026-01-19T09:52:12-05:00\"},{\"@type\":\"WebSite\",\"@id\":\"https:\\\/\\\/monatglobal.com\\\/ca\\\/#website\",\"url\":\"https:\\\/\\\/monatglobal.com\\\/ca\\\/\",\"name\":\"Monat Canada English\",\"description\":\"We Are Modern Nature\",\"inLanguage\":\"en-US\",\"publisher\":{\"@id\":\"https:\\\/\\\/monatglobal.com\\\/ca\\\/#organization\"}}]}\n\t\t<\/script>\n\t\t<!-- All in One SEO Pro -->\r\n\t\t<title>Renew\u2122 Shampoo - Monat Canada English<\/title>\n\n","aioseo_head_json":{"title":"Renew\u2122 Shampoo - Monat Canada English","description":"MEILLEUR VENDEUR MEILLEUR VENDEUR ShampooingRenew\u2122 Avec REJUVENIQE\u00ae Un shampooing hydratant aux acides gras om\u00e9ga pour cheveux moyens \u00e0 \u00e9pais. 237 ml \u212e 8,0 oz liq. Prix de d\u00e9tail$00.00 $ CA Prix de client VIP$00.00 $ CA Pour en savoir plus sur le Shampooing Renew\u2122, veuillez contacter votre partenaire de march\u00e9 MONAT. BIENFAITS Hydratez \u00e0 fond les cheveux","canonical_url":"https:\/\/monatglobal.com\/ca\/renew-shampoo\/?lang=fr","robots":"max-image-preview:large","keywords":"","webmasterTools":{"miscellaneous":""},"schema":{"@context":"https:\/\/schema.org","@graph":[{"@type":"BreadcrumbList","@id":"https:\/\/monatglobal.com\/ca\/renew-shampoo\/?lang=fr#breadcrumblist","itemListElement":[{"@type":"ListItem","@id":"https:\/\/monatglobal.com\/ca#listItem","position":1,"name":"Home","item":"https:\/\/monatglobal.com\/ca","nextItem":{"@type":"ListItem","@id":"https:\/\/monatglobal.com\/ca\/renew-shampoo\/?lang=fr#listItem","name":"Renew\u2122 Shampoo"}},{"@type":"ListItem","@id":"https:\/\/monatglobal.com\/ca\/renew-shampoo\/?lang=fr#listItem","position":2,"name":"Renew\u2122 Shampoo","previousItem":{"@type":"ListItem","@id":"https:\/\/monatglobal.com\/ca#listItem","name":"Home"}}]},{"@type":"Organization","@id":"https:\/\/monatglobal.com\/ca\/#organization","name":"Monat Canada English","description":"We Are Modern Nature","url":"https:\/\/monatglobal.com\/ca\/"},{"@type":"WebPage","@id":"https:\/\/monatglobal.com\/ca\/renew-shampoo\/?lang=fr#webpage","url":"https:\/\/monatglobal.com\/ca\/renew-shampoo\/?lang=fr","name":"Renew\u2122 Shampoo - Monat Canada English","description":"MEILLEUR VENDEUR MEILLEUR VENDEUR ShampooingRenew\u2122 Avec REJUVENIQE\u00ae Un shampooing hydratant aux acides gras om\u00e9ga pour cheveux moyens \u00e0 \u00e9pais. 237 ml \u212e 8,0 oz liq. Prix de d\u00e9tail$00.00 $ CA Prix de client VIP$00.00 $ CA Pour en savoir plus sur le Shampooing Renew\u2122, veuillez contacter votre partenaire de march\u00e9 MONAT. BIENFAITS Hydratez \u00e0 fond les cheveux","inLanguage":"en-US","isPartOf":{"@id":"https:\/\/monatglobal.com\/ca\/#website"},"breadcrumb":{"@id":"https:\/\/monatglobal.com\/ca\/renew-shampoo\/?lang=fr#breadcrumblist"},"image":{"@type":"ImageObject","url":"https:\/\/monatglobal.com\/ca\/wp-content\/uploads\/sites\/5\/2019\/01\/RENEW-SHAMPOO-500x438.png","@id":"https:\/\/monatglobal.com\/ca\/renew-shampoo\/?lang=fr\/#mainImage","width":438,"height":500},"primaryImageOfPage":{"@id":"https:\/\/monatglobal.com\/ca\/renew-shampoo\/?lang=fr#mainImage"},"datePublished":"2018-04-13T16:58:05-04:00","dateModified":"2026-01-19T09:52:12-05:00"},{"@type":"WebSite","@id":"https:\/\/monatglobal.com\/ca\/#website","url":"https:\/\/monatglobal.com\/ca\/","name":"Monat Canada English","description":"We Are Modern Nature","inLanguage":"en-US","publisher":{"@id":"https:\/\/monatglobal.com\/ca\/#organization"}}]},"og:locale":"en_US","og:site_name":"Monat Canada English - We Are Modern Nature","og:type":"article","og:title":"Renew\u2122 Shampoo - Monat Canada English","og:description":"MEILLEUR VENDEUR MEILLEUR VENDEUR ShampooingRenew\u2122 Avec REJUVENIQE\u00ae Un shampooing hydratant aux acides gras om\u00e9ga pour cheveux moyens \u00e0 \u00e9pais. 237 ml \u212e 8,0 oz liq. Prix de d\u00e9tail$00.00 $ CA Prix de client VIP$00.00 $ CA Pour en savoir plus sur le Shampooing Renew\u2122, veuillez contacter votre partenaire de march\u00e9 MONAT. BIENFAITS Hydratez \u00e0 fond les cheveux","og:url":"https:\/\/monatglobal.com\/ca\/renew-shampoo\/?lang=fr","article:published_time":"2018-04-13T16:58:05+00:00","article:modified_time":"2026-01-19T14:52:12+00:00","twitter:card":"summary_large_image","twitter:title":"Renew\u2122 Shampoo - Monat Canada English","twitter:description":"MEILLEUR VENDEUR MEILLEUR VENDEUR ShampooingRenew\u2122 Avec REJUVENIQE\u00ae Un shampooing hydratant aux acides gras om\u00e9ga pour cheveux moyens \u00e0 \u00e9pais. 237 ml \u212e 8,0 oz liq. Prix de d\u00e9tail$00.00 $ CA Prix de client VIP$00.00 $ CA Pour en savoir plus sur le Shampooing Renew\u2122, veuillez contacter votre partenaire de march\u00e9 MONAT. BIENFAITS Hydratez \u00e0 fond les cheveux"},"aioseo_meta_data":{"post_id":"31655","title":null,"description":null,"keywords":null,"keyphrases":null,"primary_term":null,"canonical_url":null,"og_title":null,"og_description":null,"og_object_type":"default","og_image_type":"default","og_image_url":null,"og_image_width":null,"og_image_height":null,"og_image_custom_url":null,"og_image_custom_fields":null,"og_video":null,"og_custom_url":null,"og_article_section":null,"og_article_tags":null,"twitter_use_og":false,"twitter_card":"default","twitter_image_type":"default","twitter_image_url":null,"twitter_image_custom_url":null,"twitter_image_custom_fields":null,"twitter_title":null,"twitter_description":null,"schema":{"blockGraphs":[],"customGraphs":[],"default":{"data":{"Article":[],"Course":[],"Dataset":[],"FAQPage":[],"Movie":[],"Person":[],"Product":[],"ProductReview":[],"Car":[],"Recipe":[],"Service":[],"SoftwareApplication":[],"WebPage":[]},"graphName":"WebPage","isEnabled":true},"graphs":[]},"schema_type":"default","schema_type_options":null,"pillar_content":false,"robots_default":true,"robots_noindex":false,"robots_noarchive":false,"robots_nosnippet":false,"robots_nofollow":false,"robots_noimageindex":false,"robots_noodp":false,"robots_notranslate":false,"robots_max_snippet":null,"robots_max_videopreview":null,"robots_max_imagepreview":"large","priority":null,"frequency":null,"local_seo":null,"seo_analyzer_scan_date":"2026-02-10 03:22:29","limit_modified_date":false,"reviewed_by":null,"open_ai":null,"ai":null,"created":"2023-07-26 12:17:54","updated":"2026-02-10 18:38:39"},"aioseo_breadcrumb":"<div class=\"aioseo-breadcrumbs\"><span class=\"aioseo-breadcrumb\">\n\t<a href=\"https:\/\/monatglobal.com\/ca\" title=\"Home\">Home<\/a>\n<\/span><span class=\"aioseo-breadcrumb-separator\">&raquo;<\/span><span class=\"aioseo-breadcrumb\">\n\tRenew\u2122 Shampoo\n<\/span><\/div>","aioseo_breadcrumb_json":[{"label":"Home","link":"https:\/\/monatglobal.com\/ca"},{"label":"Renew\u2122 Shampoo","link":"https:\/\/monatglobal.com\/ca\/renew-shampoo\/?lang=fr"}],"_links":{"self":[{"href":"https:\/\/monatglobal.com\/ca\/wp-json\/wp\/v2\/pages\/31655","targetHints":{"allow":["GET"]}}],"collection":[{"href":"https:\/\/monatglobal.com\/ca\/wp-json\/wp\/v2\/pages"}],"about":[{"href":"https:\/\/monatglobal.com\/ca\/wp-json\/wp\/v2\/types\/page"}],"author":[{"embeddable":true,"href":"https:\/\/monatglobal.com\/ca\/wp-json\/wp\/v2\/users\/20"}],"replies":[{"embeddable":true,"href":"https:\/\/monatglobal.com\/ca\/wp-json\/wp\/v2\/comments?post=31655"}],"version-history":[{"count":55,"href":"https:\/\/monatglobal.com\/ca\/wp-json\/wp\/v2\/pages\/31655\/revisions"}],"predecessor-version":[{"id":110108,"href":"https:\/\/monatglobal.com\/ca\/wp-json\/wp\/v2\/pages\/31655\/revisions\/110108"}],"wp:featuredmedia":[{"embeddable":true,"href":"https:\/\/monatglobal.com\/ca\/wp-json\/wp\/v2\/media\/40395"}],"wp:attachment":[{"href":"https:\/\/monatglobal.com\/ca\/wp-json\/wp\/v2\/media?parent=31655"}],"wp:term":[{"taxonomy":"category","embeddable":true,"href":"https:\/\/monatglobal.com\/ca\/wp-json\/wp\/v2\/categories?post=31655"},{"taxonomy":"post_tag","embeddable":true,"href":"https:\/\/monatglobal.com\/ca\/wp-json\/wp\/v2\/tags?post=31655"}],"curies":[{"name":"wp","href":"https:\/\/api.w.org\/{rel}","templated":true}]}}