{"id":31450,"date":"2018-04-10T18:22:54","date_gmt":"2018-04-10T18:22:54","guid":{"rendered":"https:\/\/monatglobal.com\/ca\/?page_id=31450"},"modified":"2018-04-19T20:09:15","modified_gmt":"2018-04-19T20:09:15","slug":"stylistes-couverture","status":"publish","type":"page","link":"https:\/\/monatglobal.com\/ca\/stylistes-couverture\/?lang=fr","title":{"rendered":"Stylistes Couverture"},"content":{"rendered":"<h2>\n\t\tSTYLISTES<br \/>\n\t<\/h2>\n<ul>\n<li><a href=\"https:\/\/monatglobal.com\/ca\/prix-couverture\/?lang=fr\">PRIX<\/a><\/li>\n<li><a href=\"https:\/\/monatglobal.com\/ca\/tv-couverture\/?lang=fr\">T\u00c9L\u00c9VISION<\/a><\/li>\n<li><a href=\"https:\/\/monatglobal.com\/ca\/materiel-imprime-couverture\/?lang=fr\">MAT\u00c9RIEL IMPRIM\u00c9<\/a><\/li>\n<li><a href=\"https:\/\/monatglobal.com\/ca\/numerique-couverture\/?lang=fr\">NUM\u00c9RIQUE<\/a><\/li>\n<li><a href=\"https:\/\/monatglobal.com\/ca\/celebrites-couverture\/?lang=fr\">C\u00c9L\u00c9BRIT\u00c9S<\/a><\/li>\n<\/ul>\n<p>\t\t\tSTYLISTES<\/p>\n<ul>\n<li><a href=\"https:\/\/monatglobal.com\/ca\/prix-couverture\/?lang=fr\">PRIX<\/a><\/li>\n<li><a href=\"https:\/\/monatglobal.com\/ca\/tv-couverture\/?lang=fr\">T\u00c9L\u00c9VISION<\/a><\/li>\n<li><a href=\"https:\/\/monatglobal.com\/ca\/materiel-imprime-couverture\/?lang=fr\">MAT\u00c9RIEL IMPRIM\u00c9<\/a><\/li>\n<li><a href=\"https:\/\/monatglobal.com\/ca\/numerique-couverture\/?lang=fr\">NUM\u00c9RIQUE<\/a><\/li>\n<li><a href=\"https:\/\/monatglobal.com\/ca\/celebrites-couverture\/?lang=fr\">C\u00c9L\u00c9BRIT\u00c9S<\/a><\/li>\n<\/ul>\n<p>\t<a href=\"https:\/\/www.instagram.com\/p\/BEmdEXANJBT\/?amp%3Bhl=en\" target=\"_blank\"><img loading=\"lazy\" decoding=\"async\" src=\"https:\/\/monatglobal.com\/ca\/wp-content\/uploads\/sites\/5\/2016\/06\/link_icon.png\" alt=\"play_video\" width=\"50\" height=\"50\" \/><\/a><br \/>\n<a href=\"https:\/\/www.instagram.com\/p\/BEmdEXANJBT\/?amp%3Bhl=en\" target=\"_blank\"><\/p>\n<h2>Makeup By Anni<\/h2>\n<p><\/a><\/p>\n<hr>\n<p>\t<a href=\"https:\/\/www.instagram.com\/p\/BBVtGK6hW61\/?taken-by=vladamua\" target=\"_blank\"><img loading=\"lazy\" decoding=\"async\" src=\"https:\/\/monatglobal.com\/ca\/wp-content\/uploads\/sites\/5\/2016\/06\/link_icon.png\" alt=\"play_video\" width=\"50\" height=\"50\" \/><\/a><br \/>\n<a href=\"https:\/\/www.instagram.com\/p\/BBVtGK6hW61\/?taken-by=vladamua\" target=\"_blank\"><\/p>\n<h2>Vlada Haggerty<\/h2>\n<p><\/a><\/p>\n<hr>\n<p>\t<a href=\"https:\/\/www.instagram.com\/p\/BAkqgiUlDjz\/?taken-by=hairbyelm\" target=\"_blank\"><img loading=\"lazy\" decoding=\"async\" src=\"https:\/\/monatglobal.com\/ca\/wp-content\/uploads\/sites\/5\/2016\/06\/link_icon.png\" alt=\"play_video\" width=\"50\" height=\"50\" \/><\/a><br \/>\n<a href=\"https:\/\/www.instagram.com\/p\/BAkqgiUlDjz\/?taken-by=hairbyelm\" target=\"_blank\"><\/p>\n<h2>Elise Le\u00f3n Melnick<\/h2>\n<p><\/a><\/p>\n<hr>\n<p>\t<a href=\"https:\/\/www.instagram.com\/p\/BAaOQW9K4cO\/\" target=\"_blank\"><img loading=\"lazy\" decoding=\"async\" src=\"https:\/\/monatglobal.com\/ca\/wp-content\/uploads\/sites\/5\/2016\/06\/link_icon.png\" alt=\"play_video\" width=\"50\" height=\"50\" \/><\/a><br \/>\n<a href=\"https:\/\/www.instagram.com\/p\/BAaOQW9K4cO\/\" target=\"_blank\"><\/p>\n<h2>Dina Raphaelle<\/h2>\n<p><\/a><\/p>\n<hr>\n<p>\t<a href=\"https:\/\/www.instagram.com\/p\/BDgKbePjOhc\/\" target=\"_blank\"><img loading=\"lazy\" decoding=\"async\" src=\"https:\/\/monatglobal.com\/ca\/wp-content\/uploads\/sites\/5\/2016\/06\/link_icon.png\" alt=\"play_video\" width=\"50\" height=\"50\" \/><\/a><br \/>\n<a href=\"https:\/\/www.instagram.com\/p\/BDgKbePjOhc\/\" target=\"_blank\"><\/p>\n<h2>Stephie Lawrence<\/h2>\n<p><\/a><\/p>\n<hr>\n<p>\t<a href=\"https:\/\/www.instagram.com\/p\/BDzIMRWPSSj\/\" target=\"_blank\"><img loading=\"lazy\" decoding=\"async\" src=\"https:\/\/monatglobal.com\/ca\/wp-content\/uploads\/sites\/5\/2016\/06\/link_icon.png\" alt=\"play_video\" width=\"50\" height=\"50\" \/><\/a><br \/>\n<a href=\"https:\/\/www.instagram.com\/p\/BDzIMRWPSSj\/?taken-by=clairevcoleman\" target=\"_blank\"><\/p>\n<h2>Claire Coleman<\/h2>\n<p><\/a><\/p>\n<hr>\n<p>\t<a href=\"https:\/\/www.instagram.com\/p\/BDDsvZZhqHV\/\" target=\"_blank\"><img loading=\"lazy\" decoding=\"async\" src=\"https:\/\/monatglobal.com\/ca\/wp-content\/uploads\/sites\/5\/2016\/06\/link_icon.png\" alt=\"play_video\" width=\"50\" height=\"50\" \/><\/a><br \/>\n<a href=\"https:\/\/www.instagram.com\/p\/BDDsvZZhqHV\/?taken-by=leauxmane\" target=\"_blank\"><\/p>\n<h2>Leaux Mane<\/h2>\n<p><\/a><\/p>\n<hr>\n<p>\t<a href=\"https:\/\/www.instagram.com\/p\/BCvv33mxyGG\/\" target=\"_blank\"><img loading=\"lazy\" decoding=\"async\" src=\"https:\/\/monatglobal.com\/ca\/wp-content\/uploads\/sites\/5\/2016\/06\/link_icon.png\" alt=\"play_video\" width=\"50\" height=\"50\" \/><\/a><br \/>\n<a href=\"https:\/\/www.instagram.com\/p\/BCvv33mxyGG\/?taken-by=adriana_andaluz\" target=\"_blank\"><\/p>\n<h2>Adriana Andaluz<\/h2>\n<p><\/a><\/p>\n<hr>\n<p>\t<a href=\"https:\/\/www.instagram.com\/p\/BEmdEXANJBT\/?amp%3Bhl=en\" target=\"_blank\"><img loading=\"lazy\" decoding=\"async\" src=\"https:\/\/monatglobal.com\/ca\/wp-content\/uploads\/sites\/5\/2016\/06\/link_icon.png\" alt=\"play_video\" width=\"50\" height=\"50\" \/><\/a><br \/>\n\t<a  href=\"https:\/\/www.instagram.com\/p\/BEmdEXANJBT\/?amp%3Bhl=en\" target=\"_blank\"><img loading=\"lazy\" decoding=\"async\" src=\"https:\/\/monatglobal.com\/ca\/wp-content\/uploads\/sites\/5\/2016\/06\/blue_link-icon.png\" alt=\"play_video\" width=\"35\" height=\"35\" \/><\/a><br \/>\n<a href=\"https:\/\/www.instagram.com\/p\/BEmdEXANJBT\/?amp%3Bhl=en\" target=\"_blank\"><\/p>\n<h2>Makeup By Anni<\/h2>\n<p><\/a><\/p>\n<hr>\n<p>\t<a  href=\"https:\/\/www.instagram.com\/p\/BBVtGK6hW61\/ \" target=\"_blank\"><img loading=\"lazy\" decoding=\"async\" src=\"https:\/\/monatglobal.com\/ca\/wp-content\/uploads\/sites\/5\/2016\/06\/blue_link-icon.png\" alt=\"play_video\" width=\"35\" height=\"35\" \/><\/a><br \/>\n<a href=\"https:\/\/www.instagram.com\/p\/BBVtGK6hW61\/\" target=\"_blank\"><\/p>\n<h2>Vlada Haggerty<\/h2>\n<p><\/a><\/p>\n<hr>\n<p>\t<a  href=\"https:\/\/www.instagram.com\/p\/BAkqgiUlDjz\/?taken-by=hairbyelm \" target=\"_blank\"><img loading=\"lazy\" decoding=\"async\" src=\"https:\/\/monatglobal.com\/ca\/wp-content\/uploads\/sites\/5\/2016\/06\/blue_link-icon.png\" alt=\"play_video\" width=\"35\" height=\"35\" \/><\/a><br \/>\n<a href=\"https:\/\/www.instagram.com\/p\/BAkqgiUlDjz\/?taken-by=hairbyelm\" target=\"_blank\"><\/p>\n<h2>Elise Le\u00f3n Melnick<\/h2>\n<p><\/a><\/p>\n<hr>\n<p>\t<a  href=\"https:\/\/www.instagram.com\/p\/BAaOQW9K4cO\/ \" target=\"_blank\"><img loading=\"lazy\" decoding=\"async\" src=\"https:\/\/monatglobal.com\/ca\/wp-content\/uploads\/sites\/5\/2016\/06\/blue_link-icon.png\" alt=\"play_video\" width=\"35\" height=\"35\" \/><\/a><br \/>\n<a href=\"https:\/\/www.instagram.com\/p\/BAaOQW9K4cO\/\" target=\"_blank\"><\/p>\n<h2>Dina Raphaelle<\/h2>\n<p><\/a><\/p>\n<hr>\n<p>\t<a  href=\"https:\/\/www.instagram.com\/p\/BDgKbePjOhc\/ \" target=\"_blank\"><img loading=\"lazy\" decoding=\"async\" src=\"https:\/\/monatglobal.com\/ca\/wp-content\/uploads\/sites\/5\/2016\/06\/blue_link-icon.png\" alt=\"play_video\" width=\"35\" height=\"35\" \/><\/a><br \/>\n<a href=\"https:\/\/www.instagram.com\/p\/BDgKbePjOhc\/\" target=\"_blank\"><\/p>\n<h2>Stephie Lawrence<\/h2>\n<p><\/a><\/p>\n<hr>\n<p>\t<a  href=\"https:\/\/www.instagram.com\/p\/BDzIMRWPSSj\/?taken-by=clairevcoleman \" target=\"_blank\"><img loading=\"lazy\" decoding=\"async\" src=\"https:\/\/monatglobal.com\/ca\/wp-content\/uploads\/sites\/5\/2016\/06\/blue_link-icon.png\" alt=\"play_video\" width=\"35\" height=\"35\" \/><\/a><br \/>\n<a href=\"https:\/\/www.instagram.com\/p\/BDzIMRWPSSj\/?taken-by=clairevcoleman\" target=\"_blank\"><\/p>\n<h2>Claire Coleman<\/h2>\n<p><\/a><\/p>\n<hr>\n<p>\t<a  href=\"https:\/\/www.instagram.com\/p\/BDDsvZZhqHV\/?taken-by=leauxmane \" target=\"_blank\"><img loading=\"lazy\" decoding=\"async\" src=\"https:\/\/monatglobal.com\/ca\/wp-content\/uploads\/sites\/5\/2016\/06\/blue_link-icon.png\" alt=\"play_video\" width=\"35\" height=\"35\" \/><\/a><br \/>\n<a href=\"https:\/\/www.instagram.com\/p\/BDDsvZZhqHV\/?taken-by=leauxmane\" target=\"_blank\"><\/p>\n<h2>Leaux Mane<\/h2>\n<p><\/a><\/p>\n<hr>\n<p>\t<a  href=\"https:\/\/www.instagram.com\/p\/BCvv33mxyGG\/?taken-by=adriana_andaluz \" target=\"_blank\"><img loading=\"lazy\" decoding=\"async\" src=\"https:\/\/monatglobal.com\/ca\/wp-content\/uploads\/sites\/5\/2016\/06\/blue_link-icon.png\" alt=\"play_video\" width=\"35\" height=\"35\" \/><\/a><br \/>\n<a href=\"https:\/\/www.instagram.com\/p\/BCvv33mxyGG\/?taken-by=adriana_andaluz\" target=\"_blank\"><\/p>\n<h2>Adriana Andaluz<\/h2>\n<p><\/a><\/p>\n<hr>\n<p>\t<a href=\"https:\/\/monatglobal.com\/ca\/couverture-mediatique\/?lang=fr\">TOUS LES M\u00c9DIAS<\/a><\/p>\n<h1>\n\t\tSTART<br \/> YOUR MONAT BUSINESS<br \/>\n\t<\/h1>\n<h1>\n\t\tSTART<br \/> YOUR MONAT BUSINESS<br \/>\n\t<\/h1>\n<p>Ready to build something special? Start your MONAT business now. Just $99 USD\/ $125 CAD will open<br \/>\nthe next chapter in your life (with an annual $19.95 renewal fee). When you join, you\u2019ll receive the<br \/>\nMONAT Starter Kit, which includes:<\/p>\n","protected":false},"excerpt":{"rendered":"<p>STYLISTES PRIX T\u00c9L\u00c9VISION MAT\u00c9RIEL IMPRIM\u00c9 NUM\u00c9RIQUE C\u00c9L\u00c9BRIT\u00c9S STYLISTES PRIX T\u00c9L\u00c9VISION MAT\u00c9RIEL IMPRIM\u00c9 NUM\u00c9RIQUE C\u00c9L\u00c9BRIT\u00c9S Makeup By Anni Vlada Haggerty Elise Le\u00f3n Melnick Dina Raphaelle Stephie Lawrence Claire Coleman Leaux Mane Adriana Andaluz Makeup By Anni Vlada Haggerty Elise Le\u00f3n Melnick Dina Raphaelle Stephie Lawrence Claire Coleman Leaux Mane Adriana Andaluz TOUS LES M\u00c9DIAS START YOUR&hellip;<\/p>\n","protected":false},"author":20,"featured_media":0,"parent":0,"menu_order":0,"comment_status":"closed","ping_status":"closed","template":"template-full-custom.php","meta":{"inline_featured_image":false,"om_disable_all_campaigns":false,"_monsterinsights_skip_tracking":false,"_monsterinsights_sitenote_active":false,"_monsterinsights_sitenote_note":"","_monsterinsights_sitenote_category":0,"footnotes":""},"categories":[],"tags":[],"class_list":["post-31450","page","type-page","status-publish","hentry"],"aioseo_notices":[],"aioseo_head":"\n\t\t<!-- All in One SEO Pro 4.9.6 - aioseo.com -->\n\t<meta name=\"description\" content=\"STYLISTES PRIX T\u00c9L\u00c9VISION MAT\u00c9RIEL IMPRIM\u00c9 NUM\u00c9RIQUE C\u00c9L\u00c9BRIT\u00c9S STYLISTES PRIX T\u00c9L\u00c9VISION MAT\u00c9RIEL IMPRIM\u00c9 NUM\u00c9RIQUE C\u00c9L\u00c9BRIT\u00c9S Makeup By Anni Vlada Haggerty Elise Le\u00f3n Melnick Dina Raphaelle Stephie Lawrence Claire Coleman Leaux Mane Adriana Andaluz Makeup By Anni Vlada Haggerty Elise Le\u00f3n Melnick Dina Raphaelle Stephie Lawrence Claire Coleman Leaux Mane Adriana Andaluz TOUS LES M\u00c9DIAS START YOUR\" \/>\n\t<meta name=\"robots\" content=\"max-image-preview:large\" \/>\n\t<link rel=\"canonical\" href=\"https:\/\/monatglobal.com\/ca\/stylistes-couverture\/?lang=fr\" \/>\n\t<meta name=\"generator\" content=\"All in One SEO Pro (AIOSEO) 4.9.6\" \/>\n\t\t<meta property=\"og:locale\" content=\"en_US\" \/>\n\t\t<meta property=\"og:site_name\" content=\"Monat Canada English - We Are Modern Nature\" \/>\n\t\t<meta property=\"og:type\" content=\"article\" \/>\n\t\t<meta property=\"og:title\" content=\"Stylistes Couverture - Monat Canada English\" \/>\n\t\t<meta property=\"og:description\" content=\"STYLISTES PRIX T\u00c9L\u00c9VISION MAT\u00c9RIEL IMPRIM\u00c9 NUM\u00c9RIQUE C\u00c9L\u00c9BRIT\u00c9S STYLISTES PRIX T\u00c9L\u00c9VISION MAT\u00c9RIEL IMPRIM\u00c9 NUM\u00c9RIQUE C\u00c9L\u00c9BRIT\u00c9S Makeup By Anni Vlada Haggerty Elise Le\u00f3n Melnick Dina Raphaelle Stephie Lawrence Claire Coleman Leaux Mane Adriana Andaluz Makeup By Anni Vlada Haggerty Elise Le\u00f3n Melnick Dina Raphaelle Stephie Lawrence Claire Coleman Leaux Mane Adriana Andaluz TOUS LES M\u00c9DIAS START YOUR\" \/>\n\t\t<meta property=\"og:url\" content=\"https:\/\/monatglobal.com\/ca\/stylistes-couverture\/?lang=fr\" \/>\n\t\t<meta property=\"article:published_time\" content=\"2018-04-10T18:22:54+00:00\" \/>\n\t\t<meta property=\"article:modified_time\" content=\"2018-04-19T20:09:15+00:00\" \/>\n\t\t<meta name=\"twitter:card\" content=\"summary_large_image\" \/>\n\t\t<meta name=\"twitter:title\" content=\"Stylistes Couverture - Monat Canada English\" \/>\n\t\t<meta name=\"twitter:description\" content=\"STYLISTES PRIX T\u00c9L\u00c9VISION MAT\u00c9RIEL IMPRIM\u00c9 NUM\u00c9RIQUE C\u00c9L\u00c9BRIT\u00c9S STYLISTES PRIX T\u00c9L\u00c9VISION MAT\u00c9RIEL IMPRIM\u00c9 NUM\u00c9RIQUE C\u00c9L\u00c9BRIT\u00c9S Makeup By Anni Vlada Haggerty Elise Le\u00f3n Melnick Dina Raphaelle Stephie Lawrence Claire Coleman Leaux Mane Adriana Andaluz Makeup By Anni Vlada Haggerty Elise Le\u00f3n Melnick Dina Raphaelle Stephie Lawrence Claire Coleman Leaux Mane Adriana Andaluz TOUS LES M\u00c9DIAS START YOUR\" \/>\n\t\t<script type=\"application\/ld+json\" class=\"aioseo-schema\">\n\t\t\t{\"@context\":\"https:\\\/\\\/schema.org\",\"@graph\":[{\"@type\":\"BreadcrumbList\",\"@id\":\"https:\\\/\\\/monatglobal.com\\\/ca\\\/stylistes-couverture\\\/?lang=fr#breadcrumblist\",\"itemListElement\":[{\"@type\":\"ListItem\",\"@id\":\"https:\\\/\\\/monatglobal.com\\\/ca#listItem\",\"position\":1,\"name\":\"Home\",\"item\":\"https:\\\/\\\/monatglobal.com\\\/ca\",\"nextItem\":{\"@type\":\"ListItem\",\"@id\":\"https:\\\/\\\/monatglobal.com\\\/ca\\\/stylistes-couverture\\\/?lang=fr#listItem\",\"name\":\"Stylistes Couverture\"}},{\"@type\":\"ListItem\",\"@id\":\"https:\\\/\\\/monatglobal.com\\\/ca\\\/stylistes-couverture\\\/?lang=fr#listItem\",\"position\":2,\"name\":\"Stylistes Couverture\",\"previousItem\":{\"@type\":\"ListItem\",\"@id\":\"https:\\\/\\\/monatglobal.com\\\/ca#listItem\",\"name\":\"Home\"}}]},{\"@type\":\"Organization\",\"@id\":\"https:\\\/\\\/monatglobal.com\\\/ca\\\/#organization\",\"name\":\"Monat Canada English\",\"description\":\"We Are Modern Nature\",\"url\":\"https:\\\/\\\/monatglobal.com\\\/ca\\\/\"},{\"@type\":\"WebPage\",\"@id\":\"https:\\\/\\\/monatglobal.com\\\/ca\\\/stylistes-couverture\\\/?lang=fr#webpage\",\"url\":\"https:\\\/\\\/monatglobal.com\\\/ca\\\/stylistes-couverture\\\/?lang=fr\",\"name\":\"Stylistes Couverture - Monat Canada English\",\"description\":\"STYLISTES PRIX T\\u00c9L\\u00c9VISION MAT\\u00c9RIEL IMPRIM\\u00c9 NUM\\u00c9RIQUE C\\u00c9L\\u00c9BRIT\\u00c9S STYLISTES PRIX T\\u00c9L\\u00c9VISION MAT\\u00c9RIEL IMPRIM\\u00c9 NUM\\u00c9RIQUE C\\u00c9L\\u00c9BRIT\\u00c9S Makeup By Anni Vlada Haggerty Elise Le\\u00f3n Melnick Dina Raphaelle Stephie Lawrence Claire Coleman Leaux Mane Adriana Andaluz Makeup By Anni Vlada Haggerty Elise Le\\u00f3n Melnick Dina Raphaelle Stephie Lawrence Claire Coleman Leaux Mane Adriana Andaluz TOUS LES M\\u00c9DIAS START YOUR\",\"inLanguage\":\"en-US\",\"isPartOf\":{\"@id\":\"https:\\\/\\\/monatglobal.com\\\/ca\\\/#website\"},\"breadcrumb\":{\"@id\":\"https:\\\/\\\/monatglobal.com\\\/ca\\\/stylistes-couverture\\\/?lang=fr#breadcrumblist\"},\"datePublished\":\"2018-04-10T18:22:54-04:00\",\"dateModified\":\"2018-04-19T20:09:15-04:00\"},{\"@type\":\"WebSite\",\"@id\":\"https:\\\/\\\/monatglobal.com\\\/ca\\\/#website\",\"url\":\"https:\\\/\\\/monatglobal.com\\\/ca\\\/\",\"name\":\"Monat Canada English\",\"description\":\"We Are Modern Nature\",\"inLanguage\":\"en-US\",\"publisher\":{\"@id\":\"https:\\\/\\\/monatglobal.com\\\/ca\\\/#organization\"}}]}\n\t\t<\/script>\n\t\t<!-- All in One SEO Pro -->\r\n\t\t<title>Stylistes Couverture - Monat Canada English<\/title>\n\n","aioseo_head_json":{"title":"Stylistes Couverture - Monat Canada English","description":"STYLISTES PRIX T\u00c9L\u00c9VISION MAT\u00c9RIEL IMPRIM\u00c9 NUM\u00c9RIQUE C\u00c9L\u00c9BRIT\u00c9S STYLISTES PRIX T\u00c9L\u00c9VISION MAT\u00c9RIEL IMPRIM\u00c9 NUM\u00c9RIQUE C\u00c9L\u00c9BRIT\u00c9S Makeup By Anni Vlada Haggerty Elise Le\u00f3n Melnick Dina Raphaelle Stephie Lawrence Claire Coleman Leaux Mane Adriana Andaluz Makeup By Anni Vlada Haggerty Elise Le\u00f3n Melnick Dina Raphaelle Stephie Lawrence Claire Coleman Leaux Mane Adriana Andaluz TOUS LES M\u00c9DIAS START YOUR","canonical_url":"https:\/\/monatglobal.com\/ca\/stylistes-couverture\/?lang=fr","robots":"max-image-preview:large","keywords":"","webmasterTools":{"miscellaneous":""},"schema":{"@context":"https:\/\/schema.org","@graph":[{"@type":"BreadcrumbList","@id":"https:\/\/monatglobal.com\/ca\/stylistes-couverture\/?lang=fr#breadcrumblist","itemListElement":[{"@type":"ListItem","@id":"https:\/\/monatglobal.com\/ca#listItem","position":1,"name":"Home","item":"https:\/\/monatglobal.com\/ca","nextItem":{"@type":"ListItem","@id":"https:\/\/monatglobal.com\/ca\/stylistes-couverture\/?lang=fr#listItem","name":"Stylistes Couverture"}},{"@type":"ListItem","@id":"https:\/\/monatglobal.com\/ca\/stylistes-couverture\/?lang=fr#listItem","position":2,"name":"Stylistes Couverture","previousItem":{"@type":"ListItem","@id":"https:\/\/monatglobal.com\/ca#listItem","name":"Home"}}]},{"@type":"Organization","@id":"https:\/\/monatglobal.com\/ca\/#organization","name":"Monat Canada English","description":"We Are Modern Nature","url":"https:\/\/monatglobal.com\/ca\/"},{"@type":"WebPage","@id":"https:\/\/monatglobal.com\/ca\/stylistes-couverture\/?lang=fr#webpage","url":"https:\/\/monatglobal.com\/ca\/stylistes-couverture\/?lang=fr","name":"Stylistes Couverture - Monat Canada English","description":"STYLISTES PRIX T\u00c9L\u00c9VISION MAT\u00c9RIEL IMPRIM\u00c9 NUM\u00c9RIQUE C\u00c9L\u00c9BRIT\u00c9S STYLISTES PRIX T\u00c9L\u00c9VISION MAT\u00c9RIEL IMPRIM\u00c9 NUM\u00c9RIQUE C\u00c9L\u00c9BRIT\u00c9S Makeup By Anni Vlada Haggerty Elise Le\u00f3n Melnick Dina Raphaelle Stephie Lawrence Claire Coleman Leaux Mane Adriana Andaluz Makeup By Anni Vlada Haggerty Elise Le\u00f3n Melnick Dina Raphaelle Stephie Lawrence Claire Coleman Leaux Mane Adriana Andaluz TOUS LES M\u00c9DIAS START YOUR","inLanguage":"en-US","isPartOf":{"@id":"https:\/\/monatglobal.com\/ca\/#website"},"breadcrumb":{"@id":"https:\/\/monatglobal.com\/ca\/stylistes-couverture\/?lang=fr#breadcrumblist"},"datePublished":"2018-04-10T18:22:54-04:00","dateModified":"2018-04-19T20:09:15-04:00"},{"@type":"WebSite","@id":"https:\/\/monatglobal.com\/ca\/#website","url":"https:\/\/monatglobal.com\/ca\/","name":"Monat Canada English","description":"We Are Modern Nature","inLanguage":"en-US","publisher":{"@id":"https:\/\/monatglobal.com\/ca\/#organization"}}]},"og:locale":"en_US","og:site_name":"Monat Canada English - We Are Modern Nature","og:type":"article","og:title":"Stylistes Couverture - Monat Canada English","og:description":"STYLISTES PRIX T\u00c9L\u00c9VISION MAT\u00c9RIEL IMPRIM\u00c9 NUM\u00c9RIQUE C\u00c9L\u00c9BRIT\u00c9S STYLISTES PRIX T\u00c9L\u00c9VISION MAT\u00c9RIEL IMPRIM\u00c9 NUM\u00c9RIQUE C\u00c9L\u00c9BRIT\u00c9S Makeup By Anni Vlada Haggerty Elise Le\u00f3n Melnick Dina Raphaelle Stephie Lawrence Claire Coleman Leaux Mane Adriana Andaluz Makeup By Anni Vlada Haggerty Elise Le\u00f3n Melnick Dina Raphaelle Stephie Lawrence Claire Coleman Leaux Mane Adriana Andaluz TOUS LES M\u00c9DIAS START YOUR","og:url":"https:\/\/monatglobal.com\/ca\/stylistes-couverture\/?lang=fr","article:published_time":"2018-04-10T18:22:54+00:00","article:modified_time":"2018-04-19T20:09:15+00:00","twitter:card":"summary_large_image","twitter:title":"Stylistes Couverture - Monat Canada English","twitter:description":"STYLISTES PRIX T\u00c9L\u00c9VISION MAT\u00c9RIEL IMPRIM\u00c9 NUM\u00c9RIQUE C\u00c9L\u00c9BRIT\u00c9S STYLISTES PRIX T\u00c9L\u00c9VISION MAT\u00c9RIEL IMPRIM\u00c9 NUM\u00c9RIQUE C\u00c9L\u00c9BRIT\u00c9S Makeup By Anni Vlada Haggerty Elise Le\u00f3n Melnick Dina Raphaelle Stephie Lawrence Claire Coleman Leaux Mane Adriana Andaluz Makeup By Anni Vlada Haggerty Elise Le\u00f3n Melnick Dina Raphaelle Stephie Lawrence Claire Coleman Leaux Mane Adriana Andaluz TOUS LES M\u00c9DIAS START YOUR"},"aioseo_meta_data":{"post_id":"31450","title":null,"description":null,"keywords":null,"keyphrases":null,"primary_term":null,"canonical_url":null,"og_title":null,"og_description":null,"og_object_type":"default","og_image_type":"default","og_image_url":null,"og_image_width":null,"og_image_height":null,"og_image_custom_url":null,"og_image_custom_fields":null,"og_video":null,"og_custom_url":null,"og_article_section":null,"og_article_tags":null,"twitter_use_og":false,"twitter_card":"default","twitter_image_type":"default","twitter_image_url":null,"twitter_image_custom_url":null,"twitter_image_custom_fields":null,"twitter_title":null,"twitter_description":null,"schema":{"blockGraphs":[],"customGraphs":[],"default":{"data":{"Article":[],"Course":[],"Dataset":[],"FAQPage":[],"Movie":[],"Person":[],"Product":[],"ProductReview":[],"Car":[],"Recipe":[],"Service":[],"SoftwareApplication":[],"WebPage":[]},"graphName":"","isEnabled":true},"graphs":[]},"schema_type":"default","schema_type_options":null,"pillar_content":false,"robots_default":true,"robots_noindex":false,"robots_noarchive":false,"robots_nosnippet":false,"robots_nofollow":false,"robots_noimageindex":false,"robots_noodp":false,"robots_notranslate":false,"robots_max_snippet":null,"robots_max_videopreview":null,"robots_max_imagepreview":"large","priority":null,"frequency":null,"local_seo":null,"seo_analyzer_scan_date":"2026-02-10 03:21:01","limit_modified_date":false,"reviewed_by":null,"open_ai":null,"ai":null,"created":"2023-07-26 12:17:54","updated":"2026-02-10 03:21:01"},"aioseo_breadcrumb":"<div class=\"aioseo-breadcrumbs\"><span class=\"aioseo-breadcrumb\">\n\t<a href=\"https:\/\/monatglobal.com\/ca\" title=\"Home\">Home<\/a>\n<\/span><span class=\"aioseo-breadcrumb-separator\">&raquo;<\/span><span class=\"aioseo-breadcrumb\">\n\tStylistes Couverture\n<\/span><\/div>","aioseo_breadcrumb_json":[{"label":"Home","link":"https:\/\/monatglobal.com\/ca"},{"label":"Stylistes Couverture","link":"https:\/\/monatglobal.com\/ca\/stylistes-couverture\/?lang=fr"}],"_links":{"self":[{"href":"https:\/\/monatglobal.com\/ca\/wp-json\/wp\/v2\/pages\/31450","targetHints":{"allow":["GET"]}}],"collection":[{"href":"https:\/\/monatglobal.com\/ca\/wp-json\/wp\/v2\/pages"}],"about":[{"href":"https:\/\/monatglobal.com\/ca\/wp-json\/wp\/v2\/types\/page"}],"author":[{"embeddable":true,"href":"https:\/\/monatglobal.com\/ca\/wp-json\/wp\/v2\/users\/20"}],"replies":[{"embeddable":true,"href":"https:\/\/monatglobal.com\/ca\/wp-json\/wp\/v2\/comments?post=31450"}],"version-history":[{"count":5,"href":"https:\/\/monatglobal.com\/ca\/wp-json\/wp\/v2\/pages\/31450\/revisions"}],"predecessor-version":[{"id":32181,"href":"https:\/\/monatglobal.com\/ca\/wp-json\/wp\/v2\/pages\/31450\/revisions\/32181"}],"wp:attachment":[{"href":"https:\/\/monatglobal.com\/ca\/wp-json\/wp\/v2\/media?parent=31450"}],"wp:term":[{"taxonomy":"category","embeddable":true,"href":"https:\/\/monatglobal.com\/ca\/wp-json\/wp\/v2\/categories?post=31450"},{"taxonomy":"post_tag","embeddable":true,"href":"https:\/\/monatglobal.com\/ca\/wp-json\/wp\/v2\/tags?post=31450"}],"curies":[{"name":"wp","href":"https:\/\/api.w.org\/{rel}","templated":true}]}}