{"id":31446,"date":"2018-04-10T18:15:27","date_gmt":"2018-04-10T18:15:27","guid":{"rendered":"https:\/\/monatglobal.com\/ca\/?page_id=31446"},"modified":"2018-04-19T20:08:41","modified_gmt":"2018-04-19T20:08:41","slug":"celebrites-couverture","status":"publish","type":"page","link":"https:\/\/monatglobal.com\/ca\/celebrites-couverture\/?lang=fr","title":{"rendered":"C\u00e9l\u00e9brit\u00e9s Couverture"},"content":{"rendered":"<h2>\n\t\tC\u00c9L\u00c9BRIT\u00c9S<br \/>\n\t<\/h2>\n<ul>\n<li><a href=\"https:\/\/monatglobal.com\/ca\/stylistes-couverture\/?lang=fr\">STYLISTES<\/a><\/li>\n<li><a  href=\"https:\/\/monatglobal.com\/ca\/prix-couverture\/?lang=fr\">PRIX<\/a><\/li>\n<li><a href=\"https:\/\/monatglobal.com\/ca\/tv-couverture\/?lang=fr\">T\u00c9L\u00c9VISION<\/a><\/li>\n<li><a href=\"https:\/\/monatglobal.com\/ca\/materiel-imprime-couverture\/?lang=fr\">MAT\u00c9RIEL IMPRIM\u00c9<\/a><\/li>\n<li><a href=\"https:\/\/monatglobal.com\/ca\/numerique-couverture\/?lang=fr\">NUM\u00c9RIQUE<\/a><\/li>\n<\/ul>\n<p>\t\t\tC\u00c9L\u00c9BRIT\u00c9S<\/p>\n<ul>\n<li><a href=\"https:\/\/monatglobal.com\/ca\/stylistes-couverture\/?lang=fr\/\">STYLISTES<\/a><\/li>\n<li><a href=\"https:\/\/monatglobal.com\/ca\/prix-couverture\/?lang=fr\">PRIX<\/a><\/li>\n<li><a href=\"https:\/\/monatglobal.com\/ca\/tv-couverture\/?lang=fr\">T\u00c9L\u00c9VISION<\/a><\/li>\n<li><a href=\"https:\/\/monatglobal.com\/ca\/materiel-imprime-couverture\/?lang=fr\">MAT\u00c9RIEL IMPRIM\u00c9<\/a><\/li>\n<li><a href=\"https:\/\/monatglobal.com\/ca\/numerique-couverture\/?lang=fr\">NUM\u00c9RIQUE<\/a><\/li>\n<\/ul>\n<p>\t<a  href=\"https:\/\/www.instagram.com\/p\/BDoioXHnVCn\/\" target=\"_blank\"><img loading=\"lazy\" decoding=\"async\" src=\"https:\/\/monatglobal.com\/ca\/wp-content\/uploads\/sites\/5\/2016\/06\/link_icon.png\" alt=\"play_video\" width=\"50\" height=\"50\" \/><\/a><br \/>\n<a href=\"https:\/\/www.instagram.com\/p\/BDoioXHnVCn\/\" target=\"_blank\"> <\/p>\n<h2>Jennifer Gould<\/h2>\n<p> <\/a><br \/>\nReporteure prim\u00e9e, KTLA Morning News<\/p>\n<hr>\n<p>\t<a  href=\"https:\/\/twitter.com\/ArdenMyrin\/status\/742605176373010432\" target=\"_blank\"><img loading=\"lazy\" decoding=\"async\" src=\"https:\/\/monatglobal.com\/ca\/wp-content\/uploads\/sites\/5\/2016\/06\/link_icon.png\" alt=\"play_video\" width=\"50\" height=\"50\" \/><\/a><br \/>\n<a href=\"https:\/\/twitter.com\/ArdenMyrin\/status\/742605176373010432\" target=\"_blank\"> <\/p>\n<h2>Arden Myrin<\/h2>\n<p> <\/a><br \/>\nHumoriste<\/p>\n<hr>\n<p>\t<a  href=\"https:\/\/www.facebook.com\/monatofficial\/videos\/vb.1503847333161212\/1743722819173661\/?type=2&#038;theater \" target=\"_blank\"><img loading=\"lazy\" decoding=\"async\" src=\"https:\/\/monatglobal.com\/ca\/wp-content\/uploads\/sites\/5\/2016\/06\/link_icon.png\" alt=\"play_video\" width=\"50\" height=\"50\" \/><\/a><\/p>\n<h2>Fortune Feimster<\/h2>\n<p>Humoriste<\/p>\n<hr>\n<p>\t<a  href=\"https:\/\/www.instagram.com\/p\/BA27mHrqpJY\/?taken-by=tanyamemme\" target=\"_blank\"><img loading=\"lazy\" decoding=\"async\" src=\"https:\/\/monatglobal.com\/ca\/wp-content\/uploads\/sites\/5\/2016\/06\/link_icon.png\" alt=\"play_video\" width=\"50\" height=\"50\" \/><\/a><br \/>\n<a href=\"https:\/\/www.instagram.com\/p\/BA27mHrqpJY\/?taken-by=tanyamemme\" target=\"_blank\"> <\/p>\n<h2>Tanya Memme<\/h2>\n<p> <\/a><br \/>\nDe \u00ab Sell This House \u00bb d\u2019A&#038;E et \u00ab Home &#038; Family \u00bb de Hallmark Channel<\/p>\n<hr>\n<p>\t<a  href=\"https:\/\/www.instagram.com\/p\/BCBj8BeQx73\/\" target=\"_blank\"><img loading=\"lazy\" decoding=\"async\" src=\"https:\/\/monatglobal.com\/ca\/wp-content\/uploads\/sites\/5\/2016\/06\/link_icon.png\" alt=\"play_video\" width=\"50\" height=\"50\" \/><\/a><br \/>\n<a href=\"https:\/\/www.instagram.com\/p\/BCBj8BeQx73\/\" target=\"_blank\"> <\/p>\n<h2>Danica Kennedy<\/h2>\n<p> <\/a><br \/>\nPr\u00e9sentatrice \u00e0 TMZ et Afterbuzz TV<\/p>\n<hr>\n<p>\t<a  href=\"https:\/\/www.instagram.com\/p\/BEJD3LPwmtZ\/?taken-by=beckymotivates\" target=\"_blank\"><img loading=\"lazy\" decoding=\"async\" src=\"https:\/\/monatglobal.com\/ca\/wp-content\/uploads\/sites\/5\/2016\/06\/link_icon.png\" alt=\"play_video\" width=\"50\" height=\"50\" \/><\/a><br \/>\n<a href=\"https:\/\/www.instagram.com\/p\/BEJD3LPwmtZ\/?taken-by=beckymotivates\" target=\"_blank\"> <\/p>\n<h2>Becky Curran<\/h2>\n<p> <\/a><br \/>\nConf\u00e9renci\u00e8re motivationnelle internationale<\/p>\n<hr>\n<p>\t<a  href=\"https:\/\/www.instagram.com\/p\/_VM5_kifwO\/\" target=\"_blank\"><img loading=\"lazy\" decoding=\"async\" src=\"https:\/\/monatglobal.com\/ca\/wp-content\/uploads\/sites\/5\/2016\/06\/link_icon.png\" alt=\"play_video\" width=\"50\" height=\"50\" \/><\/a><br \/>\n<a href=\"https:\/\/www.instagram.com\/p\/_VM5_kifwO\/\" target=\"_blank\"> <\/p>\n<h2>Amelia Neo<\/h2>\n<p> <\/a><br \/>\nChanteuse et mannequin canadienne<\/p>\n<hr>\n<p>\t<a  href=\"https:\/\/www.instagram.com\/p\/BDoioXHnVCn\/ \" target=\"_blank\"><img loading=\"lazy\" decoding=\"async\" src=\"https:\/\/monatglobal.com\/ca\/wp-content\/uploads\/sites\/5\/2016\/06\/blue_link-icon.png\" alt=\"play_video\" width=\"35\" height=\"35\" \/><\/a><br \/>\n<a href=\"https:\/\/www.instagram.com\/p\/BDoioXHnVCn\/\" target=\"_blank\"> <\/p>\n<h2>Jennifer Gould<\/h2>\n<p> <\/a><br \/>\nAward-winning reporter from KTLA Morning News<\/p>\n<hr>\n<p>\t<a  href=\"https:\/\/twitter.com\/ArdenMyrin\/status\/742605176373010432\" target=\"_blank\"><img loading=\"lazy\" decoding=\"async\" src=\"https:\/\/monatglobal.com\/ca\/wp-content\/uploads\/sites\/5\/2016\/06\/blue_link-icon.png\" alt=\"play_video\" width=\"35\" height=\"35\" \/><\/a><br \/>\n<a href=\"https:\/\/twitter.com\/ArdenMyrin\/status\/742605176373010432\" target=\"_blank\"> <\/p>\n<h2>Arden Myrin<\/h2>\n<p> <\/a><br \/>\nComedian<\/p>\n<hr>\n<p>\t<a  href=\"https:\/\/www.facebook.com\/monatofficial\/videos\/vb.1503847333161212\/1743722819173661\/?type=2&#038;theater \" target=\"_blank\"><img loading=\"lazy\" decoding=\"async\" src=\"https:\/\/monatglobal.com\/ca\/wp-content\/uploads\/sites\/5\/2016\/06\/blue_link-icon.png\" alt=\"play_video\" width=\"35\" height=\"35\" \/><\/a><\/p>\n<h2>Fortune Feimster<\/h2>\n<p>Comedian<\/p>\n<hr>\n<p>\t<a  href=\"https:\/\/www.instagram.com\/p\/BA27mHrqpJY\/?taken-by=tanyamemme\" target=\"_blank\"><img loading=\"lazy\" decoding=\"async\" src=\"https:\/\/monatglobal.com\/ca\/wp-content\/uploads\/sites\/5\/2016\/06\/blue_link-icon.png\" alt=\"play_video\" width=\"35\" height=\"35\" \/><\/a><br \/>\n<a href=\"https:\/\/www.instagram.com\/p\/BA27mHrqpJY\/?taken-by=tanyamemme\" target=\"_blank\"> <\/p>\n<h2>Tanya Memme<\/h2>\n<p> <\/a><br \/>\nFrom A&amp;E\u2019s Sell This House and Hallmark Channels\u2019 Home &amp; Family<\/p>\n<hr>\n<p>\t<a  href=\"https:\/\/www.instagram.com\/p\/BCBj8BeQx73\/\" target=\"_blank\"><img loading=\"lazy\" decoding=\"async\" src=\"https:\/\/monatglobal.com\/ca\/wp-content\/uploads\/sites\/5\/2016\/06\/blue_link-icon.png\" alt=\"play_video\" width=\"35\" height=\"35\" \/><\/a><br \/>\n<a href=\"https:\/\/www.instagram.com\/p\/BCBj8BeQx73\/\" target=\"_blank\"> <\/p>\n<h2>Danica Kennedy<\/h2>\n<p> <\/a><br \/>\nPresenter at TMZ and Afterbuzz TV<\/p>\n<hr>\n<p>\t<a  href=\"https:\/\/www.instagram.com\/p\/BEJD3LPwmtZ\/?taken-by=beckymotivates\" target=\"_blank\"><img loading=\"lazy\" decoding=\"async\" src=\"https:\/\/monatglobal.com\/ca\/wp-content\/uploads\/sites\/5\/2016\/06\/blue_link-icon.png\" alt=\"play_video\" width=\"35\" height=\"35\" \/><\/a><br \/>\n<a href=\"https:\/\/www.instagram.com\/p\/BEJD3LPwmtZ\/?taken-by=beckymotivates\" target=\"_blank\"> <\/p>\n<h2>Becky Curran<\/h2>\n<p> <\/a><br \/>\nInternational Motivational Speaker<\/p>\n<hr>\n<p>\t<a  href=\"https:\/\/www.instagram.com\/p\/_VM5_kifwO\/\" target=\"_blank\"><img loading=\"lazy\" decoding=\"async\" src=\"https:\/\/monatglobal.com\/ca\/wp-content\/uploads\/sites\/5\/2016\/06\/blue_link-icon.png\" alt=\"play_video\" width=\"35\" height=\"35\" \/><\/a><br \/>\n<a href=\"https:\/\/www.instagram.com\/p\/_VM5_kifwO\/\" target=\"_blank\"> <\/p>\n<h2>Amelia Neo<\/h2>\n<p> <\/a><br \/>\nCanadian singer and model<\/p>\n<hr>\n<p>\t<a href=\"https:\/\/monatglobal.com\/ca\/couverture-mediatique\/?lang=fr\">TOUS LES M\u00c9DIAS<\/a><\/p>\n<h1>\n\t\tSTART<br \/> YOUR MONAT BUSINESS<br \/>\n\t<\/h1>\n<h1>\n\t\tSTART<br \/> YOUR MONAT BUSINESS<br \/>\n\t<\/h1>\n<p>Ready to build something special? Start your MONAT business now. Just $99 USD\/ $125 CAD will open<br \/>\nthe next chapter in your life (with an annual $19.95 renewal fee). When you join, you\u2019ll receive the<br \/>\nMONAT Starter Kit, which includes:<\/p>\n","protected":false},"excerpt":{"rendered":"<p>C\u00c9L\u00c9BRIT\u00c9S STYLISTES PRIX T\u00c9L\u00c9VISION MAT\u00c9RIEL IMPRIM\u00c9 NUM\u00c9RIQUE C\u00c9L\u00c9BRIT\u00c9S STYLISTES PRIX T\u00c9L\u00c9VISION MAT\u00c9RIEL IMPRIM\u00c9 NUM\u00c9RIQUE Jennifer Gould Reporteure prim\u00e9e, KTLA Morning News Arden Myrin Humoriste Fortune Feimster Humoriste Tanya Memme De \u00ab Sell This House \u00bb d\u2019A&#038;E et \u00ab Home &#038; Family \u00bb de Hallmark Channel Danica Kennedy Pr\u00e9sentatrice \u00e0 TMZ et Afterbuzz TV Becky Curran&hellip;<\/p>\n","protected":false},"author":20,"featured_media":0,"parent":0,"menu_order":0,"comment_status":"closed","ping_status":"closed","template":"template-full-custom.php","meta":{"inline_featured_image":false,"om_disable_all_campaigns":false,"_monsterinsights_skip_tracking":false,"_monsterinsights_sitenote_active":false,"_monsterinsights_sitenote_note":"","_monsterinsights_sitenote_category":0,"footnotes":""},"categories":[],"tags":[],"class_list":["post-31446","page","type-page","status-publish","hentry"],"aioseo_notices":[],"aioseo_head":"\n\t\t<!-- All in One SEO Pro 4.9.6 - aioseo.com -->\n\t<meta name=\"description\" content=\"C\u00c9L\u00c9BRIT\u00c9S STYLISTES PRIX T\u00c9L\u00c9VISION MAT\u00c9RIEL IMPRIM\u00c9 NUM\u00c9RIQUE C\u00c9L\u00c9BRIT\u00c9S STYLISTES PRIX T\u00c9L\u00c9VISION MAT\u00c9RIEL IMPRIM\u00c9 NUM\u00c9RIQUE Jennifer Gould Reporteure prim\u00e9e, KTLA Morning News Arden Myrin Humoriste Fortune Feimster Humoriste Tanya Memme De \u00ab Sell This House \u00bb d\u2019A&amp;E et \u00ab Home &amp; Family \u00bb de Hallmark Channel Danica Kennedy Pr\u00e9sentatrice \u00e0 TMZ et Afterbuzz TV Becky Curran\" \/>\n\t<meta name=\"robots\" content=\"max-image-preview:large\" \/>\n\t<link rel=\"canonical\" href=\"https:\/\/monatglobal.com\/ca\/celebrites-couverture\/?lang=fr\" \/>\n\t<meta name=\"generator\" content=\"All in One SEO Pro (AIOSEO) 4.9.6\" \/>\n\t\t<meta property=\"og:locale\" content=\"en_US\" \/>\n\t\t<meta property=\"og:site_name\" content=\"Monat Canada English - We Are Modern Nature\" \/>\n\t\t<meta property=\"og:type\" content=\"article\" \/>\n\t\t<meta property=\"og:title\" content=\"C\u00e9l\u00e9brit\u00e9s Couverture - Monat Canada English\" \/>\n\t\t<meta property=\"og:description\" content=\"C\u00c9L\u00c9BRIT\u00c9S STYLISTES PRIX T\u00c9L\u00c9VISION MAT\u00c9RIEL IMPRIM\u00c9 NUM\u00c9RIQUE C\u00c9L\u00c9BRIT\u00c9S STYLISTES PRIX T\u00c9L\u00c9VISION MAT\u00c9RIEL IMPRIM\u00c9 NUM\u00c9RIQUE Jennifer Gould Reporteure prim\u00e9e, KTLA Morning News Arden Myrin Humoriste Fortune Feimster Humoriste Tanya Memme De \u00ab Sell This House \u00bb d\u2019A&amp;E et \u00ab Home &amp; Family \u00bb de Hallmark Channel Danica Kennedy Pr\u00e9sentatrice \u00e0 TMZ et Afterbuzz TV Becky Curran\" \/>\n\t\t<meta property=\"og:url\" content=\"https:\/\/monatglobal.com\/ca\/celebrites-couverture\/?lang=fr\" \/>\n\t\t<meta property=\"article:published_time\" content=\"2018-04-10T18:15:27+00:00\" \/>\n\t\t<meta property=\"article:modified_time\" content=\"2018-04-19T20:08:41+00:00\" \/>\n\t\t<meta name=\"twitter:card\" content=\"summary_large_image\" \/>\n\t\t<meta name=\"twitter:title\" content=\"C\u00e9l\u00e9brit\u00e9s Couverture - Monat Canada English\" \/>\n\t\t<meta name=\"twitter:description\" content=\"C\u00c9L\u00c9BRIT\u00c9S STYLISTES PRIX T\u00c9L\u00c9VISION MAT\u00c9RIEL IMPRIM\u00c9 NUM\u00c9RIQUE C\u00c9L\u00c9BRIT\u00c9S STYLISTES PRIX T\u00c9L\u00c9VISION MAT\u00c9RIEL IMPRIM\u00c9 NUM\u00c9RIQUE Jennifer Gould Reporteure prim\u00e9e, KTLA Morning News Arden Myrin Humoriste Fortune Feimster Humoriste Tanya Memme De \u00ab Sell This House \u00bb d\u2019A&amp;E et \u00ab Home &amp; Family \u00bb de Hallmark Channel Danica Kennedy Pr\u00e9sentatrice \u00e0 TMZ et Afterbuzz TV Becky Curran\" \/>\n\t\t<script type=\"application\/ld+json\" class=\"aioseo-schema\">\n\t\t\t{\"@context\":\"https:\\\/\\\/schema.org\",\"@graph\":[{\"@type\":\"BreadcrumbList\",\"@id\":\"https:\\\/\\\/monatglobal.com\\\/ca\\\/celebrites-couverture\\\/?lang=fr#breadcrumblist\",\"itemListElement\":[{\"@type\":\"ListItem\",\"@id\":\"https:\\\/\\\/monatglobal.com\\\/ca#listItem\",\"position\":1,\"name\":\"Home\",\"item\":\"https:\\\/\\\/monatglobal.com\\\/ca\",\"nextItem\":{\"@type\":\"ListItem\",\"@id\":\"https:\\\/\\\/monatglobal.com\\\/ca\\\/celebrites-couverture\\\/?lang=fr#listItem\",\"name\":\"C\\u00e9l\\u00e9brit\\u00e9s Couverture\"}},{\"@type\":\"ListItem\",\"@id\":\"https:\\\/\\\/monatglobal.com\\\/ca\\\/celebrites-couverture\\\/?lang=fr#listItem\",\"position\":2,\"name\":\"C\\u00e9l\\u00e9brit\\u00e9s Couverture\",\"previousItem\":{\"@type\":\"ListItem\",\"@id\":\"https:\\\/\\\/monatglobal.com\\\/ca#listItem\",\"name\":\"Home\"}}]},{\"@type\":\"Organization\",\"@id\":\"https:\\\/\\\/monatglobal.com\\\/ca\\\/#organization\",\"name\":\"Monat Canada English\",\"description\":\"We Are Modern Nature\",\"url\":\"https:\\\/\\\/monatglobal.com\\\/ca\\\/\"},{\"@type\":\"WebPage\",\"@id\":\"https:\\\/\\\/monatglobal.com\\\/ca\\\/celebrites-couverture\\\/?lang=fr#webpage\",\"url\":\"https:\\\/\\\/monatglobal.com\\\/ca\\\/celebrites-couverture\\\/?lang=fr\",\"name\":\"C\\u00e9l\\u00e9brit\\u00e9s Couverture - Monat Canada English\",\"description\":\"C\\u00c9L\\u00c9BRIT\\u00c9S STYLISTES PRIX T\\u00c9L\\u00c9VISION MAT\\u00c9RIEL IMPRIM\\u00c9 NUM\\u00c9RIQUE C\\u00c9L\\u00c9BRIT\\u00c9S STYLISTES PRIX T\\u00c9L\\u00c9VISION MAT\\u00c9RIEL IMPRIM\\u00c9 NUM\\u00c9RIQUE Jennifer Gould Reporteure prim\\u00e9e, KTLA Morning News Arden Myrin Humoriste Fortune Feimster Humoriste Tanya Memme De \\u00ab Sell This House \\u00bb d\\u2019A&E et \\u00ab Home & Family \\u00bb de Hallmark Channel Danica Kennedy Pr\\u00e9sentatrice \\u00e0 TMZ et Afterbuzz TV Becky Curran\",\"inLanguage\":\"en-US\",\"isPartOf\":{\"@id\":\"https:\\\/\\\/monatglobal.com\\\/ca\\\/#website\"},\"breadcrumb\":{\"@id\":\"https:\\\/\\\/monatglobal.com\\\/ca\\\/celebrites-couverture\\\/?lang=fr#breadcrumblist\"},\"datePublished\":\"2018-04-10T18:15:27-04:00\",\"dateModified\":\"2018-04-19T20:08:41-04:00\"},{\"@type\":\"WebSite\",\"@id\":\"https:\\\/\\\/monatglobal.com\\\/ca\\\/#website\",\"url\":\"https:\\\/\\\/monatglobal.com\\\/ca\\\/\",\"name\":\"Monat Canada English\",\"description\":\"We Are Modern Nature\",\"inLanguage\":\"en-US\",\"publisher\":{\"@id\":\"https:\\\/\\\/monatglobal.com\\\/ca\\\/#organization\"}}]}\n\t\t<\/script>\n\t\t<!-- All in One SEO Pro -->\r\n\t\t<title>C\u00e9l\u00e9brit\u00e9s Couverture - Monat Canada English<\/title>\n\n","aioseo_head_json":{"title":"C\u00e9l\u00e9brit\u00e9s Couverture - Monat Canada English","description":"C\u00c9L\u00c9BRIT\u00c9S STYLISTES PRIX T\u00c9L\u00c9VISION MAT\u00c9RIEL IMPRIM\u00c9 NUM\u00c9RIQUE C\u00c9L\u00c9BRIT\u00c9S STYLISTES PRIX T\u00c9L\u00c9VISION MAT\u00c9RIEL IMPRIM\u00c9 NUM\u00c9RIQUE Jennifer Gould Reporteure prim\u00e9e, KTLA Morning News Arden Myrin Humoriste Fortune Feimster Humoriste Tanya Memme De \u00ab Sell This House \u00bb d\u2019A&E et \u00ab Home & Family \u00bb de Hallmark Channel Danica Kennedy Pr\u00e9sentatrice \u00e0 TMZ et Afterbuzz TV Becky Curran","canonical_url":"https:\/\/monatglobal.com\/ca\/celebrites-couverture\/?lang=fr","robots":"max-image-preview:large","keywords":"","webmasterTools":{"miscellaneous":""},"schema":{"@context":"https:\/\/schema.org","@graph":[{"@type":"BreadcrumbList","@id":"https:\/\/monatglobal.com\/ca\/celebrites-couverture\/?lang=fr#breadcrumblist","itemListElement":[{"@type":"ListItem","@id":"https:\/\/monatglobal.com\/ca#listItem","position":1,"name":"Home","item":"https:\/\/monatglobal.com\/ca","nextItem":{"@type":"ListItem","@id":"https:\/\/monatglobal.com\/ca\/celebrites-couverture\/?lang=fr#listItem","name":"C\u00e9l\u00e9brit\u00e9s Couverture"}},{"@type":"ListItem","@id":"https:\/\/monatglobal.com\/ca\/celebrites-couverture\/?lang=fr#listItem","position":2,"name":"C\u00e9l\u00e9brit\u00e9s Couverture","previousItem":{"@type":"ListItem","@id":"https:\/\/monatglobal.com\/ca#listItem","name":"Home"}}]},{"@type":"Organization","@id":"https:\/\/monatglobal.com\/ca\/#organization","name":"Monat Canada English","description":"We Are Modern Nature","url":"https:\/\/monatglobal.com\/ca\/"},{"@type":"WebPage","@id":"https:\/\/monatglobal.com\/ca\/celebrites-couverture\/?lang=fr#webpage","url":"https:\/\/monatglobal.com\/ca\/celebrites-couverture\/?lang=fr","name":"C\u00e9l\u00e9brit\u00e9s Couverture - Monat Canada English","description":"C\u00c9L\u00c9BRIT\u00c9S STYLISTES PRIX T\u00c9L\u00c9VISION MAT\u00c9RIEL IMPRIM\u00c9 NUM\u00c9RIQUE C\u00c9L\u00c9BRIT\u00c9S STYLISTES PRIX T\u00c9L\u00c9VISION MAT\u00c9RIEL IMPRIM\u00c9 NUM\u00c9RIQUE Jennifer Gould Reporteure prim\u00e9e, KTLA Morning News Arden Myrin Humoriste Fortune Feimster Humoriste Tanya Memme De \u00ab Sell This House \u00bb d\u2019A&E et \u00ab Home & Family \u00bb de Hallmark Channel Danica Kennedy Pr\u00e9sentatrice \u00e0 TMZ et Afterbuzz TV Becky Curran","inLanguage":"en-US","isPartOf":{"@id":"https:\/\/monatglobal.com\/ca\/#website"},"breadcrumb":{"@id":"https:\/\/monatglobal.com\/ca\/celebrites-couverture\/?lang=fr#breadcrumblist"},"datePublished":"2018-04-10T18:15:27-04:00","dateModified":"2018-04-19T20:08:41-04:00"},{"@type":"WebSite","@id":"https:\/\/monatglobal.com\/ca\/#website","url":"https:\/\/monatglobal.com\/ca\/","name":"Monat Canada English","description":"We Are Modern Nature","inLanguage":"en-US","publisher":{"@id":"https:\/\/monatglobal.com\/ca\/#organization"}}]},"og:locale":"en_US","og:site_name":"Monat Canada English - We Are Modern Nature","og:type":"article","og:title":"C\u00e9l\u00e9brit\u00e9s Couverture - Monat Canada English","og:description":"C\u00c9L\u00c9BRIT\u00c9S STYLISTES PRIX T\u00c9L\u00c9VISION MAT\u00c9RIEL IMPRIM\u00c9 NUM\u00c9RIQUE C\u00c9L\u00c9BRIT\u00c9S STYLISTES PRIX T\u00c9L\u00c9VISION MAT\u00c9RIEL IMPRIM\u00c9 NUM\u00c9RIQUE Jennifer Gould Reporteure prim\u00e9e, KTLA Morning News Arden Myrin Humoriste Fortune Feimster Humoriste Tanya Memme De \u00ab Sell This House \u00bb d\u2019A&amp;E et \u00ab Home &amp; Family \u00bb de Hallmark Channel Danica Kennedy Pr\u00e9sentatrice \u00e0 TMZ et Afterbuzz TV Becky Curran","og:url":"https:\/\/monatglobal.com\/ca\/celebrites-couverture\/?lang=fr","article:published_time":"2018-04-10T18:15:27+00:00","article:modified_time":"2018-04-19T20:08:41+00:00","twitter:card":"summary_large_image","twitter:title":"C\u00e9l\u00e9brit\u00e9s Couverture - Monat Canada English","twitter:description":"C\u00c9L\u00c9BRIT\u00c9S STYLISTES PRIX T\u00c9L\u00c9VISION MAT\u00c9RIEL IMPRIM\u00c9 NUM\u00c9RIQUE C\u00c9L\u00c9BRIT\u00c9S STYLISTES PRIX T\u00c9L\u00c9VISION MAT\u00c9RIEL IMPRIM\u00c9 NUM\u00c9RIQUE Jennifer Gould Reporteure prim\u00e9e, KTLA Morning News Arden Myrin Humoriste Fortune Feimster Humoriste Tanya Memme De \u00ab Sell This House \u00bb d\u2019A&amp;E et \u00ab Home &amp; Family \u00bb de Hallmark Channel Danica Kennedy Pr\u00e9sentatrice \u00e0 TMZ et Afterbuzz TV Becky Curran"},"aioseo_meta_data":{"post_id":"31446","title":null,"description":null,"keywords":null,"keyphrases":null,"primary_term":null,"canonical_url":null,"og_title":null,"og_description":null,"og_object_type":"default","og_image_type":"default","og_image_url":null,"og_image_width":null,"og_image_height":null,"og_image_custom_url":null,"og_image_custom_fields":null,"og_video":null,"og_custom_url":null,"og_article_section":null,"og_article_tags":null,"twitter_use_og":false,"twitter_card":"default","twitter_image_type":"default","twitter_image_url":null,"twitter_image_custom_url":null,"twitter_image_custom_fields":null,"twitter_title":null,"twitter_description":null,"schema":{"blockGraphs":[],"customGraphs":[],"default":{"data":{"Article":[],"Course":[],"Dataset":[],"FAQPage":[],"Movie":[],"Person":[],"Product":[],"ProductReview":[],"Car":[],"Recipe":[],"Service":[],"SoftwareApplication":[],"WebPage":[]},"graphName":"","isEnabled":true},"graphs":[]},"schema_type":"default","schema_type_options":null,"pillar_content":false,"robots_default":true,"robots_noindex":false,"robots_noarchive":false,"robots_nosnippet":false,"robots_nofollow":false,"robots_noimageindex":false,"robots_noodp":false,"robots_notranslate":false,"robots_max_snippet":null,"robots_max_videopreview":null,"robots_max_imagepreview":"large","priority":null,"frequency":null,"local_seo":null,"seo_analyzer_scan_date":"2026-02-10 03:20:59","limit_modified_date":false,"reviewed_by":null,"open_ai":null,"ai":null,"created":"2023-07-26 12:17:53","updated":"2026-02-10 03:20:59"},"aioseo_breadcrumb":"<div class=\"aioseo-breadcrumbs\"><span class=\"aioseo-breadcrumb\">\n\t<a href=\"https:\/\/monatglobal.com\/ca\" title=\"Home\">Home<\/a>\n<\/span><span class=\"aioseo-breadcrumb-separator\">&raquo;<\/span><span class=\"aioseo-breadcrumb\">\n\tC\u00e9l\u00e9brit\u00e9s Couverture\n<\/span><\/div>","aioseo_breadcrumb_json":[{"label":"Home","link":"https:\/\/monatglobal.com\/ca"},{"label":"C\u00e9l\u00e9brit\u00e9s Couverture","link":"https:\/\/monatglobal.com\/ca\/celebrites-couverture\/?lang=fr"}],"_links":{"self":[{"href":"https:\/\/monatglobal.com\/ca\/wp-json\/wp\/v2\/pages\/31446","targetHints":{"allow":["GET"]}}],"collection":[{"href":"https:\/\/monatglobal.com\/ca\/wp-json\/wp\/v2\/pages"}],"about":[{"href":"https:\/\/monatglobal.com\/ca\/wp-json\/wp\/v2\/types\/page"}],"author":[{"embeddable":true,"href":"https:\/\/monatglobal.com\/ca\/wp-json\/wp\/v2\/users\/20"}],"replies":[{"embeddable":true,"href":"https:\/\/monatglobal.com\/ca\/wp-json\/wp\/v2\/comments?post=31446"}],"version-history":[{"count":5,"href":"https:\/\/monatglobal.com\/ca\/wp-json\/wp\/v2\/pages\/31446\/revisions"}],"predecessor-version":[{"id":32180,"href":"https:\/\/monatglobal.com\/ca\/wp-json\/wp\/v2\/pages\/31446\/revisions\/32180"}],"wp:attachment":[{"href":"https:\/\/monatglobal.com\/ca\/wp-json\/wp\/v2\/media?parent=31446"}],"wp:term":[{"taxonomy":"category","embeddable":true,"href":"https:\/\/monatglobal.com\/ca\/wp-json\/wp\/v2\/categories?post=31446"},{"taxonomy":"post_tag","embeddable":true,"href":"https:\/\/monatglobal.com\/ca\/wp-json\/wp\/v2\/tags?post=31446"}],"curies":[{"name":"wp","href":"https:\/\/api.w.org\/{rel}","templated":true}]}}