{"id":31430,"date":"2018-04-10T17:31:11","date_gmt":"2018-04-10T17:31:11","guid":{"rendered":"https:\/\/monatglobal.com\/ca\/?page_id=31430"},"modified":"2020-01-31T22:49:50","modified_gmt":"2020-01-31T22:49:50","slug":"tv-couverture","status":"publish","type":"page","link":"https:\/\/monatglobal.com\/ca\/tv-couverture\/?lang=fr","title":{"rendered":"Tv couverture"},"content":{"rendered":"<h2>\n\t\tT\u00c9L\u00c9VISION\n\t<\/h2>\n\t<ul>\n    <li><a href=\"https:\/\/monatglobal.com\/ca\/materiel-imprime-couverture\/?lang=fr\">MAT\u00c9RIEL IMPRIM\u00c9<\/a><\/li>\n    <li><a href=\"https:\/\/monatglobal.com\/ca\/numerique-couverture\/?lang=fr\">NUM\u00c9RIQUE<\/a><\/li>\n    <li><a href=\"https:\/\/monatglobal.com\/ca\/celebrites-couverture\/?lang=fr\">C\u00c9L\u00c9BRIT\u00c9S<\/a><\/li>\n    <li><a href=\"https:\/\/monatglobal.com\/ca\/stylistes-couverture\/?lang=fr\">STYLISTES<\/a><\/li>\n    <li><a href=\"https:\/\/monatglobal.com\/ca\/prix-couverture\/?lang=fr\">PRIX<\/a><\/li>\n<\/ul>\n\t\t\tT\u00c9L\u00c9VISION\n\t\t<ul>\n<li><a href=\"https:\/\/monatglobal.com\/ca\/materiel-imprime-couverture\/?lang=fr\">MAT\u00c9RIEL IMPRIM\u00c9<\/a><\/li>\n<li><a href=\"https:\/\/monatglobal.com\/ca\/numerique-couverture\/?lang=fr\">NUM\u00c9RIQUE<\/a><\/li>\n<li><a href=\"https:\/\/monatglobal.com\/ca\/celebrites-couverture\/?lang=fr\">C\u00c9L\u00c9BRIT\u00c9S<\/a><\/li>\n<li><a href=\"https:\/\/monatglobal.com\/ca\/stylistes-couverture\/?lang=fr\">STYLISTES<\/a><\/li>\n<li><a href=\"https:\/\/monatglobal.com\/ca\/prix-couverture\/?lang=fr\">PRIX<\/a><\/li>\n<\/ul>\n\t<a href=\"https:\/\/www.cityline.tv\/video\/10-homemade-to-high-end-winter-skincare-options\/\" target=\"_blank\"><img loading=\"lazy\" decoding=\"async\" src=\"https:\/\/monatglobal.com\/wp-content\/uploads\/2016\/03\/play_btn_lines.png\" alt=\"play_video\" width=\"50\" height=\"50\" \/><\/a>\n\t<p>JANVIER 2020<\/p>\n<h2>CityLine<\/h2>\n10 options faits maison pour les soins de la peau pour tous le budgets<br>\n<hr>\n\n\n\t<a href=\"https:\/\/www.cbc.ca\/player\/play\/1438956611578\/\" target=\"_blank\"><img loading=\"lazy\" decoding=\"async\" src=\"https:\/\/monatglobal.com\/wp-content\/uploads\/2016\/03\/play_btn_lines.png\" alt=\"play_video\" width=\"50\" height=\"50\" \/><\/a>\n\t<a href=\"https:\/\/www.ctvnews.ca\/video?clipId=1840565\" target=\"_blank\" ><img loading=\"lazy\" decoding=\"async\" src=\"https:\/\/monatglobal.com\/wp-content\/uploads\/2016\/03\/play_btn_lines.png\" alt=\"play_video\" width=\"50\" height=\"50\" \/><\/a>\n<p>NOVEMBRE 2019<\/p>\n<h2>CTV News<\/h2>\nMeilleures aubaines du Vendredi fou<br>\n<hr>\n\t<a href=\"https:\/\/calgary.ctvnews.ca\/video?clipId=1811089\" target=\"_blank\" ><img loading=\"lazy\" decoding=\"async\" src=\"https:\/\/monatglobal.com\/wp-content\/uploads\/2016\/03\/play_btn_lines.png\" alt=\"play_video\" width=\"50\" height=\"50\" \/><\/a>\n<p>OCTOBRE 2019<\/p>\n<h2>CTV News Calgary<\/h2>\nBeaut\u00e9 \u00e0 saveur indienne<br>\n<hr>\n\t<a href=\"https:\/\/www.chch.com\/hair-to-stay\/\" target=\"_blank\" ><img loading=\"lazy\" decoding=\"async\" src=\"https:\/\/monatglobal.com\/wp-content\/uploads\/2016\/03\/play_btn_lines.png\" alt=\"play_video\" width=\"50\" height=\"50\" \/><\/a>\n<p>JUIN 2019<\/p>\n<h2>CHCH<\/h2>\nHair to Stay<br>\n<hr>\n\t<a href=\"https:\/\/www.cbc.ca\/player\/play\/1438956611578\/\" target=\"_blank\"><img loading=\"lazy\" decoding=\"async\" src=\"https:\/\/monatglobal.com\/wp-content\/uploads\/2016\/03\/play_btn_lines.png\" alt=\"play_video\" width=\"50\" height=\"50\" \/><\/a>\n<p>F\u00c9VRIER 2019<\/p>\n<h2>CBC<\/h2>\nOffrez le cadeau d&#8217;une exp\u00e9rience pour la St-Valentin\n<br>\n<hr>\n<p>Sasha DeVoretz offre des id\u00e9es-cadeaux uniques pour vous et vos \u00eatres chers. (En anglais)<\/p>\n\t<a href=\"https:\/\/www.youtube.com\/embed\/I0bd6oCQ-Lo?autoplay=1\"><img loading=\"lazy\" decoding=\"async\" src=\"https:\/\/monatglobal.com\/wp-content\/uploads\/2016\/03\/play_btn_lines.png\" alt=\"play_video\" width=\"50\" height=\"50\" \/><\/a>\n<p>JANVIER 2019<\/p>\n<h2>Cityline<\/h2>\nComment hydrater vos cheveux cet hiver\n<br>\n<hr>\n<p>Les produits capillaires MONAT : le traitement hivernal qu\u2019il vous faut pour vos cheveux. (En anglais)<\/p>\n\t<a href=\"https:\/\/player.vimeo.com\/video\/253429877?autoplay=1&amp;color=ffffff&amp;title=0&amp;byline=0&amp;portrait=0\"><img loading=\"lazy\" decoding=\"async\" src=\"https:\/\/monatglobal.com\/wp-content\/uploads\/2016\/03\/play_btn_lines.png\" alt=\"play_video\" width=\"50\" height=\"50\" \/><\/a>\n<p>MARS 2016<\/p>\n<h2>CNN en Espa\u00f1ol<\/h2>\nLatino triunfador<br>\n<hr>\nEntretien avec Rayner Urdaneta, PDG\n\n\t<a href=\"https:\/\/www.youtube.com\/embed\/I0bd6oCQ-Lo?autoplay=1\"><img loading=\"lazy\" decoding=\"async\" src=\"https:\/\/monatglobal.com\/wp-content\/uploads\/2016\/03\/play_btn_lines.png\" alt=\"play_video\" width=\"50\" height=\"50\" \/><\/a>\n<p>F\u00c9VRIER 2016<\/p>\n<h2>NBC<\/h2>\nSacramento 3 Morning News<br>\n<hr>\n<p>Cadeaux de Saint-Valentin pour les hommes, avec Sadie Murray<\/p>\n\t<a href=\"https:\/\/player.vimeo.com\/video\/171654840?autoplay=1&amp;color=ffffff&amp;title=0&amp;byline=0&amp;portrait=0\"><img loading=\"lazy\" decoding=\"async\" src=\"https:\/\/monatglobal.com\/wp-content\/uploads\/2016\/03\/play_btn_lines.png\" alt=\"play_video\" width=\"50\" height=\"50\" \/><\/a>\n<p>AO\u00dbT 2015<\/p>\n<h2>ABC<\/h2>\nGood Things Utah<br>\n<hr>\n10 produits incontournables, avec Dawn McCarthy\n\n\t<a href=\"https:\/\/player.vimeo.com\/video\/171654831?autoplay=1&amp;color=ffffff&amp;title=0&amp;byline=0&amp;portrait=0\"><img loading=\"lazy\" decoding=\"async\" src=\"https:\/\/monatglobal.com\/wp-content\/uploads\/2016\/03\/play_btn_lines.png\" alt=\"play_video\" width=\"50\" height=\"50\" \/><\/a>\n<p>JUILLET 2015<\/p>\n<h2>Hallmark Channel<\/h2>\nHome &amp; Family<br>\n<hr>\n<p>Produits de beaut\u00e9 pour les f\u00eates, avec Kym Doublas<\/p>\n\t<a href=\"https:\/\/www.youtube.com\/embed\/xvAY15C4mNU?autoplay=1\"><img loading=\"lazy\" decoding=\"async\" src=\"https:\/\/monatglobal.com\/wp-content\/uploads\/2016\/03\/play_btn_lines.png\" alt=\"play_video\" width=\"50\" height=\"50\" \/><\/a>\n<p>F\u00c9VRIER 2016<\/p>\n<h2>NBC<\/h2>\nArizona Midday<br>\n<hr>\n<p>Bazaar estival, avec Dawn McCarthy<\/p>\n\t<a  href=\"#\"><img loading=\"lazy\" decoding=\"async\" src=\"https:\/\/monatglobal.com\/wp-content\/uploads\/2016\/03\/play_btn_lines.png\" alt=\"play_video\" width=\"50\" height=\"50\" \/><\/a>\n<p>OCTOBRE 2014<\/p>\n<h2>11Alive<\/h2>\nAtlanta &amp; Company<br>\n<hr>\n<p>Entretien avdec Teresa Epps<\/p>\n\t<a target=\"_blank\" href=\"https:\/\/www.ctvnews.ca\/video?clipId=1840565\"><img loading=\"lazy\" decoding=\"async\" src=\"https:\/\/monatglobal.com\/wp-content\/uploads\/2016\/04\/play_btn_blue.png\" alt=\"play_video\" width=\"35\" height=\"35\" \/><\/a>\n<p>CTV News<\/p>\nMeilleures aubaines du Vendredi fou<br>\n<p>NOV 2019<\/p>\n\t<a target=\"_blank\" href=\"https:\/\/calgary.ctvnews.ca\/video?clipId=1811089\"><img loading=\"lazy\" decoding=\"async\" src=\"https:\/\/monatglobal.com\/wp-content\/uploads\/2016\/04\/play_btn_blue.png\" alt=\"play_video\" width=\"35\" height=\"35\" \/><\/a>\n<p>CTV News Calgary<\/p>\nBeaut\u00e9 \u00e0 saveur indienne<br>\n<p>OCT 2019<\/p>\n\t<a target=\"_blank\"  href=\"https:\/\/www.chch.com\/hair-to-stay\/\"><img loading=\"lazy\" decoding=\"async\" src=\"https:\/\/monatglobal.com\/wp-content\/uploads\/2016\/04\/play_btn_blue.png\" alt=\"play_video\" width=\"35\" height=\"35\" \/><\/a>\n<p>CHCH<\/p>\nHair to Stay<br>\n<p>JUIN 2019<\/p>\n\t<a target=\"_blank\" href=\"https:\/\/www.cbc.ca\/player\/play\/1438956611578\/\"><img loading=\"lazy\" decoding=\"async\" src=\"https:\/\/monatglobal.com\/wp-content\/uploads\/2016\/04\/play_btn_blue.png\" alt=\"play_video\" width=\"35\" height=\"35\" \/><\/a>\n<p>CBC NEWS<\/p>\nOffrez le cadeau d&#8217;une exp\u00e9rience pour la St-Valentin<br>\n<p>FEB 2019<\/p>\n\t<a href=\"https:\/\/www.youtube.com\/embed\/1AXUjFUxW8c?autoplay=1&amp;color=ffffff&amp;title=0&amp;byline=0&amp;portrait=0\"><img loading=\"lazy\" decoding=\"async\" src=\"https:\/\/monatglobal.com\/wp-content\/uploads\/2016\/04\/play_btn_blue.png\" alt=\"play_video\" width=\"35\" height=\"35\" \/><\/a>\n<p>Cityline<\/p>\nComment hydrater vos cheveux cet hiver<br>\n<p>JAN 2019<\/p>\n\t<a  href=\"https:\/\/player.vimeo.com\/video\/253429877?autoplay=1&amp;color=ffffff&amp;title=0&amp;byline=0&amp;portrait=0\"><img loading=\"lazy\" decoding=\"async\" src=\"https:\/\/monatglobal.com\/wp-content\/uploads\/2016\/04\/play_btn_blue.png\" alt=\"play_video\" width=\"35\" height=\"35\" \/><\/a>\n<p>CNN en Espa\u00f1ol<\/p>\nLatino Triunfador<br>\n<p>MARS 2016<\/p>\n\t<a href=\"https:\/\/www.youtube.com\/embed\/I0bd6oCQ-Lo?autoplay=1\"><img loading=\"lazy\" decoding=\"async\" src=\"https:\/\/monatglobal.com\/wp-content\/uploads\/2016\/04\/play_btn_blue.png\" alt=\"play_video\" width=\"35\" height=\"35\" \/><\/a>\n<p>NBC<\/p>\nSacramento 3 Morning News<br>\n<p>F\u00c9V 2016<\/p>\n\t<a  href=\"https:\/\/player.vimeo.com\/video\/171654840?autoplay=1&amp;color=ffffff&amp;title=0&amp;byline=0&amp;portrait=0\"><img loading=\"lazy\" decoding=\"async\" src=\"https:\/\/monatglobal.com\/wp-content\/uploads\/2016\/04\/play_btn_blue.png\" alt=\"play_video\" width=\"35\" height=\"35\" \/><\/a>\n<p>ABC<\/p>\nGood Things Utah<br>\n<p>AO\u00dbT 2015<\/p>\n\t<a href=\"https:\/\/player.vimeo.com\/video\/171654831?autoplay=1&amp;color=ffffff&amp;title=0&amp;byline=0&amp;portrait=0\"><img loading=\"lazy\" decoding=\"async\" src=\"https:\/\/monatglobal.com\/wp-content\/uploads\/2016\/04\/play_btn_blue.png\" alt=\"play_video\" width=\"35\" height=\"35\" \/><\/a>\n<p>Hallmark Channel<\/p>\nHome &#038; Family<br>\n<p>JUI 2015<\/p>\n\t<a href=\"https:\/\/www.youtube.com\/embed\/xvAY15C4mNU?autoplay=1&amp;color=ffffff&amp;title=0&amp;byline=0&amp;portrait=0\"><img loading=\"lazy\" decoding=\"async\" src=\"https:\/\/monatglobal.com\/wp-content\/uploads\/2016\/04\/play_btn_blue.png\" alt=\"play_video\" width=\"35\" height=\"35\" \/><\/a>\n<p>NBC<\/p>\nArizona Midday<br>\n<p>F\u00caV 2015<\/p>\n<p>11Alive<\/p>\nAtlanta &amp; Company<br>\n<p>OCT 2014<\/p>\n\t<a href=\"https:\/\/monatglobal.com\/ca\/couverture-mediatique\/?lang=fr\">TOUS LES M\u00c9DIAS<\/a>\n<h1>\n\t\tSTART<br> YOUR MONAT BUSINESS\n\t<\/h1>\n<h1>\n\t\tSTART<br> YOUR MONAT BUSINESS\n\t<\/h1>\n\tReady to build something special? Start your MONAT business now. Just $99 USD\/ $125 CAD will open \nthe next chapter in your life (with an annual $19.95 renewal fee). When you join, you\u2019ll receive the \nMONAT Starter Kit, which includes:\n","protected":false},"excerpt":{"rendered":"<p>T\u00c9L\u00c9VISION MAT\u00c9RIEL IMPRIM\u00c9 NUM\u00c9RIQUE C\u00c9L\u00c9BRIT\u00c9S STYLISTES PRIX T\u00c9L\u00c9VISION MAT\u00c9RIEL IMPRIM\u00c9 NUM\u00c9RIQUE C\u00c9L\u00c9BRIT\u00c9S STYLISTES PRIX JANVIER 2020 CityLine 10 options faits maison pour les soins de la peau pour tous le budgets NOVEMBRE 2019 CTV News Meilleures aubaines du Vendredi fou OCTOBRE 2019 CTV News Calgary Beaut\u00e9 \u00e0 saveur indienne JUIN 2019 CHCH Hair to Stay&hellip;<\/p>\n","protected":false},"author":20,"featured_media":0,"parent":0,"menu_order":0,"comment_status":"closed","ping_status":"closed","template":"template-full-custom.php","meta":{"inline_featured_image":false,"om_disable_all_campaigns":false,"_monsterinsights_skip_tracking":false,"_monsterinsights_sitenote_active":false,"_monsterinsights_sitenote_note":"","_monsterinsights_sitenote_category":0,"footnotes":""},"categories":[],"tags":[],"class_list":["post-31430","page","type-page","status-publish","hentry"],"aioseo_notices":[],"aioseo_head":"\n\t\t<!-- All in One SEO Pro 4.9.6 - aioseo.com -->\n\t<meta name=\"description\" content=\"T\u00c9L\u00c9VISION MAT\u00c9RIEL IMPRIM\u00c9 NUM\u00c9RIQUE C\u00c9L\u00c9BRIT\u00c9S STYLISTES PRIX T\u00c9L\u00c9VISION MAT\u00c9RIEL IMPRIM\u00c9 NUM\u00c9RIQUE C\u00c9L\u00c9BRIT\u00c9S STYLISTES PRIX JANVIER 2020 CityLine 10 options faits maison pour les soins de la peau pour tous le budgets NOVEMBRE 2019 CTV News Meilleures aubaines du Vendredi fou OCTOBRE 2019 CTV News Calgary Beaut\u00e9 \u00e0 saveur indienne JUIN 2019 CHCH Hair to Stay\" \/>\n\t<meta name=\"robots\" content=\"max-image-preview:large\" \/>\n\t<link rel=\"canonical\" href=\"https:\/\/monatglobal.com\/ca\/tv-couverture\/?lang=fr\" \/>\n\t<meta name=\"generator\" content=\"All in One SEO Pro (AIOSEO) 4.9.6\" \/>\n\t\t<meta property=\"og:locale\" content=\"en_US\" \/>\n\t\t<meta property=\"og:site_name\" content=\"Monat Canada English - We Are Modern Nature\" \/>\n\t\t<meta property=\"og:type\" content=\"article\" \/>\n\t\t<meta property=\"og:title\" content=\"Tv couverture - Monat Canada English\" \/>\n\t\t<meta property=\"og:description\" content=\"T\u00c9L\u00c9VISION MAT\u00c9RIEL IMPRIM\u00c9 NUM\u00c9RIQUE C\u00c9L\u00c9BRIT\u00c9S STYLISTES PRIX T\u00c9L\u00c9VISION MAT\u00c9RIEL IMPRIM\u00c9 NUM\u00c9RIQUE C\u00c9L\u00c9BRIT\u00c9S STYLISTES PRIX JANVIER 2020 CityLine 10 options faits maison pour les soins de la peau pour tous le budgets NOVEMBRE 2019 CTV News Meilleures aubaines du Vendredi fou OCTOBRE 2019 CTV News Calgary Beaut\u00e9 \u00e0 saveur indienne JUIN 2019 CHCH Hair to Stay\" \/>\n\t\t<meta property=\"og:url\" content=\"https:\/\/monatglobal.com\/ca\/tv-couverture\/?lang=fr\" \/>\n\t\t<meta property=\"article:published_time\" content=\"2018-04-10T17:31:11+00:00\" \/>\n\t\t<meta property=\"article:modified_time\" content=\"2020-01-31T22:49:50+00:00\" \/>\n\t\t<meta name=\"twitter:card\" content=\"summary_large_image\" \/>\n\t\t<meta name=\"twitter:title\" content=\"Tv couverture - Monat Canada English\" \/>\n\t\t<meta name=\"twitter:description\" content=\"T\u00c9L\u00c9VISION MAT\u00c9RIEL IMPRIM\u00c9 NUM\u00c9RIQUE C\u00c9L\u00c9BRIT\u00c9S STYLISTES PRIX T\u00c9L\u00c9VISION MAT\u00c9RIEL IMPRIM\u00c9 NUM\u00c9RIQUE C\u00c9L\u00c9BRIT\u00c9S STYLISTES PRIX JANVIER 2020 CityLine 10 options faits maison pour les soins de la peau pour tous le budgets NOVEMBRE 2019 CTV News Meilleures aubaines du Vendredi fou OCTOBRE 2019 CTV News Calgary Beaut\u00e9 \u00e0 saveur indienne JUIN 2019 CHCH Hair to Stay\" \/>\n\t\t<script type=\"application\/ld+json\" class=\"aioseo-schema\">\n\t\t\t{\"@context\":\"https:\\\/\\\/schema.org\",\"@graph\":[{\"@type\":\"BreadcrumbList\",\"@id\":\"https:\\\/\\\/monatglobal.com\\\/ca\\\/tv-couverture\\\/?lang=fr#breadcrumblist\",\"itemListElement\":[{\"@type\":\"ListItem\",\"@id\":\"https:\\\/\\\/monatglobal.com\\\/ca#listItem\",\"position\":1,\"name\":\"Home\",\"item\":\"https:\\\/\\\/monatglobal.com\\\/ca\",\"nextItem\":{\"@type\":\"ListItem\",\"@id\":\"https:\\\/\\\/monatglobal.com\\\/ca\\\/tv-couverture\\\/?lang=fr#listItem\",\"name\":\"Tv couverture\"}},{\"@type\":\"ListItem\",\"@id\":\"https:\\\/\\\/monatglobal.com\\\/ca\\\/tv-couverture\\\/?lang=fr#listItem\",\"position\":2,\"name\":\"Tv couverture\",\"previousItem\":{\"@type\":\"ListItem\",\"@id\":\"https:\\\/\\\/monatglobal.com\\\/ca#listItem\",\"name\":\"Home\"}}]},{\"@type\":\"Organization\",\"@id\":\"https:\\\/\\\/monatglobal.com\\\/ca\\\/#organization\",\"name\":\"Monat Canada English\",\"description\":\"We Are Modern Nature\",\"url\":\"https:\\\/\\\/monatglobal.com\\\/ca\\\/\"},{\"@type\":\"WebPage\",\"@id\":\"https:\\\/\\\/monatglobal.com\\\/ca\\\/tv-couverture\\\/?lang=fr#webpage\",\"url\":\"https:\\\/\\\/monatglobal.com\\\/ca\\\/tv-couverture\\\/?lang=fr\",\"name\":\"Tv couverture - Monat Canada English\",\"description\":\"T\\u00c9L\\u00c9VISION MAT\\u00c9RIEL IMPRIM\\u00c9 NUM\\u00c9RIQUE C\\u00c9L\\u00c9BRIT\\u00c9S STYLISTES PRIX T\\u00c9L\\u00c9VISION MAT\\u00c9RIEL IMPRIM\\u00c9 NUM\\u00c9RIQUE C\\u00c9L\\u00c9BRIT\\u00c9S STYLISTES PRIX JANVIER 2020 CityLine 10 options faits maison pour les soins de la peau pour tous le budgets NOVEMBRE 2019 CTV News Meilleures aubaines du Vendredi fou OCTOBRE 2019 CTV News Calgary Beaut\\u00e9 \\u00e0 saveur indienne JUIN 2019 CHCH Hair to Stay\",\"inLanguage\":\"en-US\",\"isPartOf\":{\"@id\":\"https:\\\/\\\/monatglobal.com\\\/ca\\\/#website\"},\"breadcrumb\":{\"@id\":\"https:\\\/\\\/monatglobal.com\\\/ca\\\/tv-couverture\\\/?lang=fr#breadcrumblist\"},\"datePublished\":\"2018-04-10T17:31:11-04:00\",\"dateModified\":\"2020-01-31T22:49:50-05:00\"},{\"@type\":\"WebSite\",\"@id\":\"https:\\\/\\\/monatglobal.com\\\/ca\\\/#website\",\"url\":\"https:\\\/\\\/monatglobal.com\\\/ca\\\/\",\"name\":\"Monat Canada English\",\"description\":\"We Are Modern Nature\",\"inLanguage\":\"en-US\",\"publisher\":{\"@id\":\"https:\\\/\\\/monatglobal.com\\\/ca\\\/#organization\"}}]}\n\t\t<\/script>\n\t\t<!-- All in One SEO Pro -->\r\n\t\t<title>Tv couverture - Monat Canada English<\/title>\n\n","aioseo_head_json":{"title":"Tv couverture - Monat Canada English","description":"T\u00c9L\u00c9VISION MAT\u00c9RIEL IMPRIM\u00c9 NUM\u00c9RIQUE C\u00c9L\u00c9BRIT\u00c9S STYLISTES PRIX T\u00c9L\u00c9VISION MAT\u00c9RIEL IMPRIM\u00c9 NUM\u00c9RIQUE C\u00c9L\u00c9BRIT\u00c9S STYLISTES PRIX JANVIER 2020 CityLine 10 options faits maison pour les soins de la peau pour tous le budgets NOVEMBRE 2019 CTV News Meilleures aubaines du Vendredi fou OCTOBRE 2019 CTV News Calgary Beaut\u00e9 \u00e0 saveur indienne JUIN 2019 CHCH Hair to Stay","canonical_url":"https:\/\/monatglobal.com\/ca\/tv-couverture\/?lang=fr","robots":"max-image-preview:large","keywords":"","webmasterTools":{"miscellaneous":""},"schema":{"@context":"https:\/\/schema.org","@graph":[{"@type":"BreadcrumbList","@id":"https:\/\/monatglobal.com\/ca\/tv-couverture\/?lang=fr#breadcrumblist","itemListElement":[{"@type":"ListItem","@id":"https:\/\/monatglobal.com\/ca#listItem","position":1,"name":"Home","item":"https:\/\/monatglobal.com\/ca","nextItem":{"@type":"ListItem","@id":"https:\/\/monatglobal.com\/ca\/tv-couverture\/?lang=fr#listItem","name":"Tv couverture"}},{"@type":"ListItem","@id":"https:\/\/monatglobal.com\/ca\/tv-couverture\/?lang=fr#listItem","position":2,"name":"Tv couverture","previousItem":{"@type":"ListItem","@id":"https:\/\/monatglobal.com\/ca#listItem","name":"Home"}}]},{"@type":"Organization","@id":"https:\/\/monatglobal.com\/ca\/#organization","name":"Monat Canada English","description":"We Are Modern Nature","url":"https:\/\/monatglobal.com\/ca\/"},{"@type":"WebPage","@id":"https:\/\/monatglobal.com\/ca\/tv-couverture\/?lang=fr#webpage","url":"https:\/\/monatglobal.com\/ca\/tv-couverture\/?lang=fr","name":"Tv couverture - Monat Canada English","description":"T\u00c9L\u00c9VISION MAT\u00c9RIEL IMPRIM\u00c9 NUM\u00c9RIQUE C\u00c9L\u00c9BRIT\u00c9S STYLISTES PRIX T\u00c9L\u00c9VISION MAT\u00c9RIEL IMPRIM\u00c9 NUM\u00c9RIQUE C\u00c9L\u00c9BRIT\u00c9S STYLISTES PRIX JANVIER 2020 CityLine 10 options faits maison pour les soins de la peau pour tous le budgets NOVEMBRE 2019 CTV News Meilleures aubaines du Vendredi fou OCTOBRE 2019 CTV News Calgary Beaut\u00e9 \u00e0 saveur indienne JUIN 2019 CHCH Hair to Stay","inLanguage":"en-US","isPartOf":{"@id":"https:\/\/monatglobal.com\/ca\/#website"},"breadcrumb":{"@id":"https:\/\/monatglobal.com\/ca\/tv-couverture\/?lang=fr#breadcrumblist"},"datePublished":"2018-04-10T17:31:11-04:00","dateModified":"2020-01-31T22:49:50-05:00"},{"@type":"WebSite","@id":"https:\/\/monatglobal.com\/ca\/#website","url":"https:\/\/monatglobal.com\/ca\/","name":"Monat Canada English","description":"We Are Modern Nature","inLanguage":"en-US","publisher":{"@id":"https:\/\/monatglobal.com\/ca\/#organization"}}]},"og:locale":"en_US","og:site_name":"Monat Canada English - We Are Modern Nature","og:type":"article","og:title":"Tv couverture - Monat Canada English","og:description":"T\u00c9L\u00c9VISION MAT\u00c9RIEL IMPRIM\u00c9 NUM\u00c9RIQUE C\u00c9L\u00c9BRIT\u00c9S STYLISTES PRIX T\u00c9L\u00c9VISION MAT\u00c9RIEL IMPRIM\u00c9 NUM\u00c9RIQUE C\u00c9L\u00c9BRIT\u00c9S STYLISTES PRIX JANVIER 2020 CityLine 10 options faits maison pour les soins de la peau pour tous le budgets NOVEMBRE 2019 CTV News Meilleures aubaines du Vendredi fou OCTOBRE 2019 CTV News Calgary Beaut\u00e9 \u00e0 saveur indienne JUIN 2019 CHCH Hair to Stay","og:url":"https:\/\/monatglobal.com\/ca\/tv-couverture\/?lang=fr","article:published_time":"2018-04-10T17:31:11+00:00","article:modified_time":"2020-01-31T22:49:50+00:00","twitter:card":"summary_large_image","twitter:title":"Tv couverture - Monat Canada English","twitter:description":"T\u00c9L\u00c9VISION MAT\u00c9RIEL IMPRIM\u00c9 NUM\u00c9RIQUE C\u00c9L\u00c9BRIT\u00c9S STYLISTES PRIX T\u00c9L\u00c9VISION MAT\u00c9RIEL IMPRIM\u00c9 NUM\u00c9RIQUE C\u00c9L\u00c9BRIT\u00c9S STYLISTES PRIX JANVIER 2020 CityLine 10 options faits maison pour les soins de la peau pour tous le budgets NOVEMBRE 2019 CTV News Meilleures aubaines du Vendredi fou OCTOBRE 2019 CTV News Calgary Beaut\u00e9 \u00e0 saveur indienne JUIN 2019 CHCH Hair to Stay"},"aioseo_meta_data":{"post_id":"31430","title":null,"description":null,"keywords":null,"keyphrases":null,"primary_term":null,"canonical_url":null,"og_title":null,"og_description":null,"og_object_type":"default","og_image_type":"default","og_image_url":null,"og_image_width":null,"og_image_height":null,"og_image_custom_url":null,"og_image_custom_fields":null,"og_video":null,"og_custom_url":null,"og_article_section":null,"og_article_tags":null,"twitter_use_og":false,"twitter_card":"default","twitter_image_type":"default","twitter_image_url":null,"twitter_image_custom_url":null,"twitter_image_custom_fields":null,"twitter_title":null,"twitter_description":null,"schema":{"blockGraphs":[],"customGraphs":[],"default":{"data":{"Article":[],"Course":[],"Dataset":[],"FAQPage":[],"Movie":[],"Person":[],"Product":[],"ProductReview":[],"Car":[],"Recipe":[],"Service":[],"SoftwareApplication":[],"WebPage":[]},"graphName":"","isEnabled":true},"graphs":[]},"schema_type":"default","schema_type_options":null,"pillar_content":false,"robots_default":true,"robots_noindex":false,"robots_noarchive":false,"robots_nosnippet":false,"robots_nofollow":false,"robots_noimageindex":false,"robots_noodp":false,"robots_notranslate":false,"robots_max_snippet":null,"robots_max_videopreview":null,"robots_max_imagepreview":"large","priority":null,"frequency":null,"local_seo":null,"seo_analyzer_scan_date":"2026-02-10 03:18:40","limit_modified_date":false,"reviewed_by":null,"open_ai":null,"ai":null,"created":"2023-07-26 12:17:53","updated":"2026-02-10 03:18:40"},"aioseo_breadcrumb":"<div class=\"aioseo-breadcrumbs\"><span class=\"aioseo-breadcrumb\">\n\t<a href=\"https:\/\/monatglobal.com\/ca\" title=\"Home\">Home<\/a>\n<\/span><span class=\"aioseo-breadcrumb-separator\">&raquo;<\/span><span class=\"aioseo-breadcrumb\">\n\tTv couverture\n<\/span><\/div>","aioseo_breadcrumb_json":[{"label":"Home","link":"https:\/\/monatglobal.com\/ca"},{"label":"Tv couverture","link":"https:\/\/monatglobal.com\/ca\/tv-couverture\/?lang=fr"}],"_links":{"self":[{"href":"https:\/\/monatglobal.com\/ca\/wp-json\/wp\/v2\/pages\/31430","targetHints":{"allow":["GET"]}}],"collection":[{"href":"https:\/\/monatglobal.com\/ca\/wp-json\/wp\/v2\/pages"}],"about":[{"href":"https:\/\/monatglobal.com\/ca\/wp-json\/wp\/v2\/types\/page"}],"author":[{"embeddable":true,"href":"https:\/\/monatglobal.com\/ca\/wp-json\/wp\/v2\/users\/20"}],"replies":[{"embeddable":true,"href":"https:\/\/monatglobal.com\/ca\/wp-json\/wp\/v2\/comments?post=31430"}],"version-history":[{"count":12,"href":"https:\/\/monatglobal.com\/ca\/wp-json\/wp\/v2\/pages\/31430\/revisions"}],"predecessor-version":[{"id":50067,"href":"https:\/\/monatglobal.com\/ca\/wp-json\/wp\/v2\/pages\/31430\/revisions\/50067"}],"wp:attachment":[{"href":"https:\/\/monatglobal.com\/ca\/wp-json\/wp\/v2\/media?parent=31430"}],"wp:term":[{"taxonomy":"category","embeddable":true,"href":"https:\/\/monatglobal.com\/ca\/wp-json\/wp\/v2\/categories?post=31430"},{"taxonomy":"post_tag","embeddable":true,"href":"https:\/\/monatglobal.com\/ca\/wp-json\/wp\/v2\/tags?post=31430"}],"curies":[{"name":"wp","href":"https:\/\/api.w.org\/{rel}","templated":true}]}}