{"id":31139,"date":"2018-03-28T05:02:18","date_gmt":"2018-03-28T05:02:18","guid":{"rendered":"https:\/\/monatglobal.com\/ca\/?page_id=31139"},"modified":"2025-02-24T15:36:43","modified_gmt":"2025-02-24T20:36:43","slug":"culture","status":"publish","type":"page","link":"https:\/\/monatglobal.com\/ca\/culture\/?lang=fr","title":{"rendered":"Culture"},"content":{"rendered":"\n\n\t<link rel=\"stylesheet\" href=\"https:\/\/unpkg.com\/swiper\/swiper-bundle.min.css\" \/>\n<section id=\"welcomeSec\"> \n            <p>Bienvenue au<\/p>\n            <img decoding=\"async\" src=\"https:\/\/monatglobal.com\/wp-content\/uploads\/2022\/10\/Rectangle-15Imagen1-1.png\" loading=\"lazy\"\/>\n            <img decoding=\"async\" src=\"https:\/\/monatglobal.com\/wp-content\/uploads\/2022\/10\/193168168a50b2ff3e7a2b160179a2b9-min.gif\" loading=\"lazy\"\/>\n            <p>sein de la<\/p>\n            <p>famille MONAT!<\/p>\n            <img decoding=\"async\" src=\"https:\/\/monatglobal.com\/wp-content\/uploads\/2022\/10\/Rectangle-16Imagen3-1.png\" loading=\"lazy\"\/>\n        <p>La culture MONAT<\/p>\n<\/section>\n<section id=\"aboutSec\">\n        <img decoding=\"async\" src=\"https:\/\/monatglobal.com\/ca\/wp-content\/uploads\/sites\/5\/2022\/12\/circulo-fr.png\" loading=\"lazy\"\/>\n            <h2>Chez MONAT, nous sommes fiers des produits faits \u00e0 partir d&#8217;ingr\u00e9dients naturels que nous cr\u00e9ons, mais nous ne nous soucions pas seulement des cheveux magnifiques et des peaux&nbsp;impeccables!<\/h2>\n            <p>Nous sommes surtout fiers des vies que nous changeons gr\u00e2ce \u00e0 notre incroyable occasion d&#8217;affaires, parce que changer des vies est le v\u00e9ritable but de notre&nbsp;compagnie.<\/p>\n<\/section> \n<section id=\"largeSec\">\n                <h2>Notre mission est d&#8217;aider les gens de partout \u00e0 profiter d&#8217;une vie merveilleuse, saine et \u00e9panouie gr\u00e2ce \u00e0 nos produits exceptionnels \u00e0 base d&#8217;ingr\u00e9dients naturels, \u00e0 notre occasion d&#8217;affaires amusante et enrichissante et \u00e0 notre culture ax\u00e9e sur la famille, le service et la&nbsp;gratitude.<\/h2>\n                            <img decoding=\"async\" src=\"https:\/\/monatglobal.com\/wp-content\/uploads\/2022\/10\/slider3.jpg\" alt=\"\" loading=\"lazy\"\/>\n                            <img decoding=\"async\" src=\"https:\/\/monatglobal.com\/wp-content\/uploads\/2022\/10\/slider1.jpg\" alt=\"\" loading=\"lazy\"\/>\n                            <img decoding=\"async\" src=\"https:\/\/monatglobal.com\/wp-content\/uploads\/2022\/10\/slider2.jpg\" alt=\"\" loading=\"lazy\"\/>\n                <img decoding=\"async\" src=\"https:\/\/monatglobal.com\/wp-content\/uploads\/2022\/10\/hover1.jpg\" loading=\"lazy\"\/>\n                    <h2>DES PRODUITS \u00c0&nbsp;BASE NATURELLE<\/h2>\n                <img decoding=\"async\" src=\"https:\/\/monatglobal.com\/wp-content\/uploads\/2022\/10\/hover2.jpg\" loading=\"lazy\"\/>\n                    <h2>UNE occasion d&#8217;affaires amusante et enrichissante<\/h2>\n                <img decoding=\"async\" src=\"https:\/\/monatglobal.com\/wp-content\/uploads\/2022\/10\/hover3-1.jpg\" loading=\"lazy\"\/>\n                    <h2>UNE culture ax\u00e9e sur la famille, le service et la gratitude<\/h2>\n            <h2>Nous sommes engag\u00e9s nos valeurs fondamentales, sur lesquelles toutes nos d\u00e9cisions sont&nbsp;fond\u00e9es.<\/h2>\n            <img decoding=\"async\" src=\"https:\/\/monatglobal.com\/wp-content\/uploads\/2022\/10\/Rectangle-230familia-con-perrito.jpg\" loading=\"lazy\"\/> \n                <h2>Nous sommes engag\u00e9s envers nos valeurs fondamentales, sur lesquelles toutes nos d\u00e9cisions sont&nbsp;fond\u00e9es.<\/h2>\n                <p>Nous travaillons afin d&#8217;avoir une incidence positive et significative sur la vie des gens. Surtout, nous croyons que la famille passe avant tout &#8211; et nous croyons que nos partenaires de march\u00e9 et leurs clients doivent toujours \u00eatre trait\u00e9s comme des membres de la&nbsp;famille.<\/p>\n<\/section>\n<section id=\"philosophySec\">\n        <img decoding=\"async\" src=\"https:\/\/monatglobal.com\/wp-content\/uploads\/2022\/10\/EJR09178-1Philosofy2.jpg\" loading=\"lazy\"\/>\n                <h2>Notre philosophie est tr\u00e8s&nbsp;simple<\/h2>\n                <h3>Nous r\u00e9ussissons lorsque nous aidons les autres \u00e0&nbsp;r\u00e9ussir.<\/h3>\n                <p>Nous sommes heureux lorsque nous aidons les autres \u00e0 conna\u00eetre le bonheur. Chez MONAT, nous voulons aider les autres \u00e0 profiter d&#8217;une belle vie, \u00e0 l&#8217;int\u00e9rieur et \u00e0 l&#8217;ext\u00e9rieur. Cela inclut \u00eatre reconnaissants pour tout ce que nous avons et redonner aux communaut\u00e9s dans lesquelles nous habitons et nous&nbsp;prosp\u00e9rons!<\/p>\n        <img decoding=\"async\" src=\"https:\/\/monatglobal.com\/wp-content\/uploads\/2022\/10\/Component-7Pholosophy.jpg\" loading=\"lazy\"\/>\n        <img decoding=\"async\" src=\"https:\/\/monatglobal.com\/wp-content\/uploads\/2022\/10\/EJR09178-1Philosofy2.jpg\" loading=\"lazy\"\/>\n<\/section>\n\n","protected":false},"excerpt":{"rendered":"<p>Bienvenue au sein de la famille MONAT! La culture MONAT Chez MONAT, nous sommes fiers des produits faits \u00e0 partir d&#8217;ingr\u00e9dients naturels que nous cr\u00e9ons, mais nous ne nous soucions pas seulement des cheveux magnifiques et des peaux&nbsp;impeccables! Nous sommes surtout fiers des vies que nous changeons gr\u00e2ce \u00e0 notre incroyable occasion d&#8217;affaires, parce que&hellip;<\/p>\n","protected":false},"author":20,"featured_media":0,"parent":0,"menu_order":0,"comment_status":"closed","ping_status":"closed","template":"","meta":{"inline_featured_image":false,"om_disable_all_campaigns":false,"_monsterinsights_skip_tracking":false,"_monsterinsights_sitenote_active":false,"_monsterinsights_sitenote_note":"","_monsterinsights_sitenote_category":0,"footnotes":""},"categories":[],"tags":[],"class_list":["post-31139","page","type-page","status-publish","hentry"],"aioseo_notices":[],"aioseo_head":"\n\t\t<!-- All in One SEO Pro 4.9.5.2 - aioseo.com -->\n\t<meta name=\"description\" content=\"Bienvenue au sein de la famille MONAT! La culture MONAT Chez MONAT, nous sommes fiers des produits faits \u00e0 partir d&#039;ingr\u00e9dients naturels que nous cr\u00e9ons, mais nous ne nous soucions pas seulement des cheveux magnifiques et des peaux impeccables! Nous sommes surtout fiers des vies que nous changeons gr\u00e2ce \u00e0 notre incroyable occasion d&#039;affaires, parce que\" \/>\n\t<meta name=\"robots\" content=\"max-image-preview:large\" \/>\n\t<link rel=\"canonical\" href=\"https:\/\/monatglobal.com\/ca\/culture\/?lang=fr\" \/>\n\t<meta name=\"generator\" content=\"All in One SEO Pro (AIOSEO) 4.9.5.2\" \/>\n\t\t<meta property=\"og:locale\" content=\"en_US\" \/>\n\t\t<meta property=\"og:site_name\" content=\"Monat Canada English - We Are Modern Nature\" \/>\n\t\t<meta property=\"og:type\" content=\"article\" \/>\n\t\t<meta property=\"og:title\" content=\"Culture - Monat Canada English\" \/>\n\t\t<meta property=\"og:description\" content=\"Bienvenue au sein de la famille MONAT! La culture MONAT Chez MONAT, nous sommes fiers des produits faits \u00e0 partir d&#039;ingr\u00e9dients naturels que nous cr\u00e9ons, mais nous ne nous soucions pas seulement des cheveux magnifiques et des peaux impeccables! Nous sommes surtout fiers des vies que nous changeons gr\u00e2ce \u00e0 notre incroyable occasion d&#039;affaires, parce que\" \/>\n\t\t<meta property=\"og:url\" content=\"https:\/\/monatglobal.com\/ca\/culture\/?lang=fr\" \/>\n\t\t<meta property=\"article:published_time\" content=\"2018-03-28T05:02:18+00:00\" \/>\n\t\t<meta property=\"article:modified_time\" content=\"2025-02-24T20:36:43+00:00\" \/>\n\t\t<meta name=\"twitter:card\" content=\"summary_large_image\" \/>\n\t\t<meta name=\"twitter:title\" content=\"Culture - Monat Canada English\" \/>\n\t\t<meta name=\"twitter:description\" content=\"Bienvenue au sein de la famille MONAT! La culture MONAT Chez MONAT, nous sommes fiers des produits faits \u00e0 partir d&#039;ingr\u00e9dients naturels que nous cr\u00e9ons, mais nous ne nous soucions pas seulement des cheveux magnifiques et des peaux impeccables! Nous sommes surtout fiers des vies que nous changeons gr\u00e2ce \u00e0 notre incroyable occasion d&#039;affaires, parce que\" \/>\n\t\t<script type=\"application\/ld+json\" class=\"aioseo-schema\">\n\t\t\t{\"@context\":\"https:\\\/\\\/schema.org\",\"@graph\":[{\"@type\":\"BreadcrumbList\",\"@id\":\"https:\\\/\\\/monatglobal.com\\\/ca\\\/culture\\\/?lang=fr#breadcrumblist\",\"itemListElement\":[{\"@type\":\"ListItem\",\"@id\":\"https:\\\/\\\/monatglobal.com\\\/ca#listItem\",\"position\":1,\"name\":\"Home\",\"item\":\"https:\\\/\\\/monatglobal.com\\\/ca\",\"nextItem\":{\"@type\":\"ListItem\",\"@id\":\"https:\\\/\\\/monatglobal.com\\\/ca\\\/culture\\\/?lang=fr#listItem\",\"name\":\"Culture\"}},{\"@type\":\"ListItem\",\"@id\":\"https:\\\/\\\/monatglobal.com\\\/ca\\\/culture\\\/?lang=fr#listItem\",\"position\":2,\"name\":\"Culture\",\"previousItem\":{\"@type\":\"ListItem\",\"@id\":\"https:\\\/\\\/monatglobal.com\\\/ca#listItem\",\"name\":\"Home\"}}]},{\"@type\":\"Organization\",\"@id\":\"https:\\\/\\\/monatglobal.com\\\/ca\\\/#organization\",\"name\":\"Monat Canada English\",\"description\":\"We Are Modern Nature\",\"url\":\"https:\\\/\\\/monatglobal.com\\\/ca\\\/\"},{\"@type\":\"WebPage\",\"@id\":\"https:\\\/\\\/monatglobal.com\\\/ca\\\/culture\\\/?lang=fr#webpage\",\"url\":\"https:\\\/\\\/monatglobal.com\\\/ca\\\/culture\\\/?lang=fr\",\"name\":\"Culture - Monat Canada English\",\"description\":\"Bienvenue au sein de la famille MONAT! La culture MONAT Chez MONAT, nous sommes fiers des produits faits \\u00e0 partir d'ingr\\u00e9dients naturels que nous cr\\u00e9ons, mais nous ne nous soucions pas seulement des cheveux magnifiques et des peaux impeccables! Nous sommes surtout fiers des vies que nous changeons gr\\u00e2ce \\u00e0 notre incroyable occasion d'affaires, parce que\",\"inLanguage\":\"en-US\",\"isPartOf\":{\"@id\":\"https:\\\/\\\/monatglobal.com\\\/ca\\\/#website\"},\"breadcrumb\":{\"@id\":\"https:\\\/\\\/monatglobal.com\\\/ca\\\/culture\\\/?lang=fr#breadcrumblist\"},\"datePublished\":\"2018-03-28T05:02:18-04:00\",\"dateModified\":\"2025-02-24T15:36:43-05:00\"},{\"@type\":\"WebSite\",\"@id\":\"https:\\\/\\\/monatglobal.com\\\/ca\\\/#website\",\"url\":\"https:\\\/\\\/monatglobal.com\\\/ca\\\/\",\"name\":\"Monat Canada English\",\"description\":\"We Are Modern Nature\",\"inLanguage\":\"en-US\",\"publisher\":{\"@id\":\"https:\\\/\\\/monatglobal.com\\\/ca\\\/#organization\"}}]}\n\t\t<\/script>\n\t\t<!-- All in One SEO Pro -->\r\n\t\t<title>Culture - Monat Canada English<\/title>\n\n","aioseo_head_json":{"title":"Culture - Monat Canada English","description":"Bienvenue au sein de la famille MONAT! La culture MONAT Chez MONAT, nous sommes fiers des produits faits \u00e0 partir d'ingr\u00e9dients naturels que nous cr\u00e9ons, mais nous ne nous soucions pas seulement des cheveux magnifiques et des peaux impeccables! Nous sommes surtout fiers des vies que nous changeons gr\u00e2ce \u00e0 notre incroyable occasion d'affaires, parce que","canonical_url":"https:\/\/monatglobal.com\/ca\/culture\/?lang=fr","robots":"max-image-preview:large","keywords":"","webmasterTools":{"miscellaneous":""},"schema":{"@context":"https:\/\/schema.org","@graph":[{"@type":"BreadcrumbList","@id":"https:\/\/monatglobal.com\/ca\/culture\/?lang=fr#breadcrumblist","itemListElement":[{"@type":"ListItem","@id":"https:\/\/monatglobal.com\/ca#listItem","position":1,"name":"Home","item":"https:\/\/monatglobal.com\/ca","nextItem":{"@type":"ListItem","@id":"https:\/\/monatglobal.com\/ca\/culture\/?lang=fr#listItem","name":"Culture"}},{"@type":"ListItem","@id":"https:\/\/monatglobal.com\/ca\/culture\/?lang=fr#listItem","position":2,"name":"Culture","previousItem":{"@type":"ListItem","@id":"https:\/\/monatglobal.com\/ca#listItem","name":"Home"}}]},{"@type":"Organization","@id":"https:\/\/monatglobal.com\/ca\/#organization","name":"Monat Canada English","description":"We Are Modern Nature","url":"https:\/\/monatglobal.com\/ca\/"},{"@type":"WebPage","@id":"https:\/\/monatglobal.com\/ca\/culture\/?lang=fr#webpage","url":"https:\/\/monatglobal.com\/ca\/culture\/?lang=fr","name":"Culture - Monat Canada English","description":"Bienvenue au sein de la famille MONAT! La culture MONAT Chez MONAT, nous sommes fiers des produits faits \u00e0 partir d'ingr\u00e9dients naturels que nous cr\u00e9ons, mais nous ne nous soucions pas seulement des cheveux magnifiques et des peaux impeccables! Nous sommes surtout fiers des vies que nous changeons gr\u00e2ce \u00e0 notre incroyable occasion d'affaires, parce que","inLanguage":"en-US","isPartOf":{"@id":"https:\/\/monatglobal.com\/ca\/#website"},"breadcrumb":{"@id":"https:\/\/monatglobal.com\/ca\/culture\/?lang=fr#breadcrumblist"},"datePublished":"2018-03-28T05:02:18-04:00","dateModified":"2025-02-24T15:36:43-05:00"},{"@type":"WebSite","@id":"https:\/\/monatglobal.com\/ca\/#website","url":"https:\/\/monatglobal.com\/ca\/","name":"Monat Canada English","description":"We Are Modern Nature","inLanguage":"en-US","publisher":{"@id":"https:\/\/monatglobal.com\/ca\/#organization"}}]},"og:locale":"en_US","og:site_name":"Monat Canada English - We Are Modern Nature","og:type":"article","og:title":"Culture - Monat Canada English","og:description":"Bienvenue au sein de la famille MONAT! La culture MONAT Chez MONAT, nous sommes fiers des produits faits \u00e0 partir d'ingr\u00e9dients naturels que nous cr\u00e9ons, mais nous ne nous soucions pas seulement des cheveux magnifiques et des peaux impeccables! Nous sommes surtout fiers des vies que nous changeons gr\u00e2ce \u00e0 notre incroyable occasion d'affaires, parce que","og:url":"https:\/\/monatglobal.com\/ca\/culture\/?lang=fr","article:published_time":"2018-03-28T05:02:18+00:00","article:modified_time":"2025-02-24T20:36:43+00:00","twitter:card":"summary_large_image","twitter:title":"Culture - Monat Canada English","twitter:description":"Bienvenue au sein de la famille MONAT! La culture MONAT Chez MONAT, nous sommes fiers des produits faits \u00e0 partir d'ingr\u00e9dients naturels que nous cr\u00e9ons, mais nous ne nous soucions pas seulement des cheveux magnifiques et des peaux impeccables! Nous sommes surtout fiers des vies que nous changeons gr\u00e2ce \u00e0 notre incroyable occasion d'affaires, parce que"},"aioseo_meta_data":{"post_id":"31139","title":null,"description":null,"keywords":null,"keyphrases":null,"primary_term":null,"canonical_url":null,"og_title":null,"og_description":null,"og_object_type":"default","og_image_type":"default","og_image_url":null,"og_image_width":null,"og_image_height":null,"og_image_custom_url":null,"og_image_custom_fields":null,"og_video":null,"og_custom_url":null,"og_article_section":null,"og_article_tags":null,"twitter_use_og":false,"twitter_card":"default","twitter_image_type":"default","twitter_image_url":null,"twitter_image_custom_url":null,"twitter_image_custom_fields":null,"twitter_title":null,"twitter_description":null,"schema":{"blockGraphs":[],"customGraphs":[],"default":{"data":{"Article":[],"Course":[],"Dataset":[],"FAQPage":[],"Movie":[],"Person":[],"Product":[],"ProductReview":[],"Car":[],"Recipe":[],"Service":[],"SoftwareApplication":[],"WebPage":[]},"graphName":"","isEnabled":true},"graphs":[]},"schema_type":"default","schema_type_options":null,"pillar_content":false,"robots_default":true,"robots_noindex":false,"robots_noarchive":false,"robots_nosnippet":false,"robots_nofollow":false,"robots_noimageindex":false,"robots_noodp":false,"robots_notranslate":false,"robots_max_snippet":null,"robots_max_videopreview":null,"robots_max_imagepreview":"large","priority":null,"frequency":null,"local_seo":null,"seo_analyzer_scan_date":"2026-02-10 03:17:02","limit_modified_date":false,"reviewed_by":null,"open_ai":null,"ai":null,"created":"2023-07-26 12:16:08","updated":"2026-02-10 05:18:39"},"aioseo_breadcrumb":"<div class=\"aioseo-breadcrumbs\"><span class=\"aioseo-breadcrumb\">\n\t<a href=\"https:\/\/monatglobal.com\/ca\" title=\"Home\">Home<\/a>\n<\/span><span class=\"aioseo-breadcrumb-separator\">&raquo;<\/span><span class=\"aioseo-breadcrumb\">\n\tCulture\n<\/span><\/div>","aioseo_breadcrumb_json":[{"label":"Home","link":"https:\/\/monatglobal.com\/ca"},{"label":"Culture","link":"https:\/\/monatglobal.com\/ca\/culture\/?lang=fr"}],"_links":{"self":[{"href":"https:\/\/monatglobal.com\/ca\/wp-json\/wp\/v2\/pages\/31139","targetHints":{"allow":["GET"]}}],"collection":[{"href":"https:\/\/monatglobal.com\/ca\/wp-json\/wp\/v2\/pages"}],"about":[{"href":"https:\/\/monatglobal.com\/ca\/wp-json\/wp\/v2\/types\/page"}],"author":[{"embeddable":true,"href":"https:\/\/monatglobal.com\/ca\/wp-json\/wp\/v2\/users\/20"}],"replies":[{"embeddable":true,"href":"https:\/\/monatglobal.com\/ca\/wp-json\/wp\/v2\/comments?post=31139"}],"version-history":[{"count":17,"href":"https:\/\/monatglobal.com\/ca\/wp-json\/wp\/v2\/pages\/31139\/revisions"}],"predecessor-version":[{"id":91876,"href":"https:\/\/monatglobal.com\/ca\/wp-json\/wp\/v2\/pages\/31139\/revisions\/91876"}],"wp:attachment":[{"href":"https:\/\/monatglobal.com\/ca\/wp-json\/wp\/v2\/media?parent=31139"}],"wp:term":[{"taxonomy":"category","embeddable":true,"href":"https:\/\/monatglobal.com\/ca\/wp-json\/wp\/v2\/categories?post=31139"},{"taxonomy":"post_tag","embeddable":true,"href":"https:\/\/monatglobal.com\/ca\/wp-json\/wp\/v2\/tags?post=31139"}],"curies":[{"name":"wp","href":"https:\/\/api.w.org\/{rel}","templated":true}]}}