{"id":31106,"date":"2018-03-26T22:00:49","date_gmt":"2018-03-26T22:00:49","guid":{"rendered":"https:\/\/monatglobal.com\/ca\/?page_id=31106"},"modified":"2025-02-24T15:25:10","modified_gmt":"2025-02-24T20:25:10","slug":"history","status":"publish","type":"page","link":"https:\/\/monatglobal.com\/ca\/history\/?lang=fr","title":{"rendered":"HISTOIRE"},"content":{"rendered":"\n\n\t<link rel='stylesheet' href='https:\/\/unpkg.com\/swiper\/swiper-bundle.min.css'\/>\n<section id=\"bannerSec\">\n        <p>Tout a commenc\u00e9<\/p>\n        <p>avec une vision&#8230;<\/p>\n<\/section> \n<section id=\"dateSec\"> \n            <h1>L&#8217;HISTOIRE DE MONAT<\/h1>\n            <h3>Le mouvement MONAT a commenc\u00e9 par une famille avec un grand r\u00eave : de cr\u00e9er un monde meilleur, une personne \u00e0 la fois, en offrant des produits haut de gamme et une occasiong&nbsp;gratifiante. <\/h3>\n            <img decoding=\"async\" alt=\"Blonde female spraying hairspray onto a brunette female's curly hair.\" src=\"https:\/\/monatglobal.com\/wp-content\/uploads\/2022\/10\/our-story-MONAT-LAUNCH-2014.jpg\" loading=\"lazy\"\/> \n                    <h2>Les Urdaneta ont fond\u00e9 MONAT en octobre 2014.<\/h2>\n                    <p>En l&#8217;espace de quelques ann\u00e9es, les Urdaneta ont inspir\u00e9 une r\u00e9volution gr\u00e2ce aux partenaires de march\u00e9 d\u00e9vou\u00e9s, \u00e0 l&#8217;appui enthousiaste des clients VIP et au merveilleux personnel du si\u00e8ge&nbsp;social.<\/p>\n<\/section> \n<section id=\"encompassesSec\"> \n    <p>Le mouvement MONAT englobe non seulement des soins capillaires, soins de la peau et produits de <br \/>bien-\u00eatre innovateurs, mais aussi un engagement sinc\u00e8re \u00e0 vouloir aider les autres \u00e0 se b\u00e2tir une belle&nbsp;vie.<\/p>\n        <img decoding=\"async\" id=\"oilImg\" alt=\"Oil texture\" src=\"https:\/\/monatglobal.com\/wp-content\/uploads\/2022\/10\/oil-texture_history.png\" loading=\"lazy\"\/>\n        <img decoding=\"async\" id=\"cremeImg\" alt=\"Texture shot of Sun Veil\u2122.\" src=\"https:\/\/monatglobal.com\/wp-content\/uploads\/2022\/10\/creme-texture_history.png\" loading=\"lazy\"\/>    \n                <p>Le mouvement MONAT englobe non seulement des soins capillaires, soins de la peau et produits de <br \/>bien-\u00eatre innovateurs, mais aussi un engagement sinc\u00e8re \u00e0 vouloir aider les autres \u00e0 se b\u00e2tir une belle vie. <\/p>\n                <img decoding=\"async\" alt=\"A blonde female pouring MONAT Apple Cider Vinegar Gummies to the palm of her hand.\" src=\"https:\/\/monatglobal.com\/wp-content\/uploads\/2022\/10\/wellness-our-story-.jpg\" loading=\"lazy\"\/>\n                <p>MONAT offre un g\u00e9n\u00e9reux plan de r\u00e9mun\u00e9ration, un syst\u00e8me de soutien exceptionnel, et des leaders bienveillants et engag\u00e9s qui vous traitent comme des membres de la famille.<\/p>\n                <img decoding=\"async\" alt=\"Brunette female touching her hair while standing outside.\" src=\"https:\/\/monatglobal.com\/wp-content\/uploads\/2022\/10\/haircare-our-story.jpg\" loading=\"lazy\"\/>\n                <img decoding=\"async\" alt=\"Brunette female standing near a pink wall with the shadows of palm trees, while kissing Sun Veil\u2122.\" src=\"https:\/\/monatglobal.com\/wp-content\/uploads\/2022\/10\/skincare-our-story.jpg\" loading=\"lazy\"\/>\n<\/section> \n<section id=\"videoSec\">\n<\/section> \n<section id=\"readySec\"> \n        <h2>\u00cates-vous pr\u00eats \u00e0 faire partie <br \/> de cette communaut\u00e9 unique? <\/h2>\n                <p>C&#8217;est le meilleur moment de vous joindre \u00e0 la famille MONAT! <\/p>\n                <p>*En 2021, le partenaire de march\u00e9 typique au Canada a gagn\u00e9 de 0&nbsp;\u00e0 300 $. Pour plus de renseignements sur les revenus typiques,  <a href=\"\/ca\/?page_id=61048&#038;lang=fr\" target=\"_blank\" rel=\"noopener\">cliquez&nbsp;ici <\/a>.<\/p>\n                <a href=\"https:\/\/corp.mymonat.com\/?globallanguage=en&#038;globalmarket=ca&#038;monat_global_join_now=true&#038;monat_global_profile_type=express&#038;_gl=1*a9ujq9*_ga*MjAxMzA5ODUyNS4xNjY5MDQ1NTY2*_ga_NEVL8VM1F8*MTY2OTA0NTU2Ni4xLjEuMTY2OTA0NjQ5My4wLjAuMA..\">S&#8217;inscrire maintenant<\/a>\n            <img decoding=\"async\" alt=\"Female sitting inside a shopping cart with MONAT boxes, while another female pushes the cart.\" src=\"https:\/\/monatglobal.com\/wp-content\/uploads\/2022\/10\/monat-family-our-story.jpg \" loading=\"lazy\"\/>\n<\/section> \n\n","protected":false},"excerpt":{"rendered":"<p>Tout a commenc\u00e9 avec une vision&#8230; L&#8217;HISTOIRE DE MONAT Le mouvement MONAT a commenc\u00e9 par une famille avec un grand r\u00eave : de cr\u00e9er un monde meilleur, une personne \u00e0 la fois, en offrant des produits haut de gamme et une occasiong&nbsp;gratifiante. Les Urdaneta ont fond\u00e9 MONAT en octobre 2014. En l&#8217;espace de quelques ann\u00e9es,&hellip;<\/p>\n","protected":false},"author":20,"featured_media":0,"parent":0,"menu_order":0,"comment_status":"closed","ping_status":"closed","template":"","meta":{"inline_featured_image":false,"om_disable_all_campaigns":false,"_monsterinsights_skip_tracking":false,"_monsterinsights_sitenote_active":false,"_monsterinsights_sitenote_note":"","_monsterinsights_sitenote_category":0,"footnotes":""},"categories":[],"tags":[],"class_list":["post-31106","page","type-page","status-publish","hentry"],"aioseo_notices":[],"aioseo_head":"\n\t\t<!-- All in One SEO Pro 4.9.5.2 - aioseo.com -->\n\t<meta name=\"description\" content=\"Tout a commenc\u00e9 avec une vision\u2026 L&#039;HISTOIRE DE MONAT Le mouvement MONAT a commenc\u00e9 par une famille avec un grand r\u00eave : de cr\u00e9er un monde meilleur, une personne \u00e0 la fois, en offrant des produits haut de gamme et une occasiong gratifiante. Les Urdaneta ont fond\u00e9 MONAT en octobre 2014. En l&#039;espace de quelques ann\u00e9es,\" \/>\n\t<meta name=\"robots\" content=\"max-image-preview:large\" \/>\n\t<link rel=\"canonical\" href=\"https:\/\/monatglobal.com\/ca\/history\/?lang=fr\" \/>\n\t<meta name=\"generator\" content=\"All in One SEO Pro (AIOSEO) 4.9.5.2\" \/>\n\t\t<meta property=\"og:locale\" content=\"en_US\" \/>\n\t\t<meta property=\"og:site_name\" content=\"Monat Canada English - We Are Modern Nature\" \/>\n\t\t<meta property=\"og:type\" content=\"article\" \/>\n\t\t<meta property=\"og:title\" content=\"HISTOIRE - Monat Canada English\" \/>\n\t\t<meta property=\"og:description\" content=\"Tout a commenc\u00e9 avec une vision\u2026 L&#039;HISTOIRE DE MONAT Le mouvement MONAT a commenc\u00e9 par une famille avec un grand r\u00eave : de cr\u00e9er un monde meilleur, une personne \u00e0 la fois, en offrant des produits haut de gamme et une occasiong gratifiante. Les Urdaneta ont fond\u00e9 MONAT en octobre 2014. En l&#039;espace de quelques ann\u00e9es,\" \/>\n\t\t<meta property=\"og:url\" content=\"https:\/\/monatglobal.com\/ca\/history\/?lang=fr\" \/>\n\t\t<meta property=\"article:published_time\" content=\"2018-03-26T22:00:49+00:00\" \/>\n\t\t<meta property=\"article:modified_time\" content=\"2025-02-24T20:25:10+00:00\" \/>\n\t\t<meta name=\"twitter:card\" content=\"summary_large_image\" \/>\n\t\t<meta name=\"twitter:title\" content=\"HISTOIRE - Monat Canada English\" \/>\n\t\t<meta name=\"twitter:description\" content=\"Tout a commenc\u00e9 avec une vision\u2026 L&#039;HISTOIRE DE MONAT Le mouvement MONAT a commenc\u00e9 par une famille avec un grand r\u00eave : de cr\u00e9er un monde meilleur, une personne \u00e0 la fois, en offrant des produits haut de gamme et une occasiong gratifiante. Les Urdaneta ont fond\u00e9 MONAT en octobre 2014. En l&#039;espace de quelques ann\u00e9es,\" \/>\n\t\t<script type=\"application\/ld+json\" class=\"aioseo-schema\">\n\t\t\t{\"@context\":\"https:\\\/\\\/schema.org\",\"@graph\":[{\"@type\":\"BreadcrumbList\",\"@id\":\"https:\\\/\\\/monatglobal.com\\\/ca\\\/history\\\/?lang=fr#breadcrumblist\",\"itemListElement\":[{\"@type\":\"ListItem\",\"@id\":\"https:\\\/\\\/monatglobal.com\\\/ca#listItem\",\"position\":1,\"name\":\"Home\",\"item\":\"https:\\\/\\\/monatglobal.com\\\/ca\",\"nextItem\":{\"@type\":\"ListItem\",\"@id\":\"https:\\\/\\\/monatglobal.com\\\/ca\\\/history\\\/?lang=fr#listItem\",\"name\":\"HISTOIRE\"}},{\"@type\":\"ListItem\",\"@id\":\"https:\\\/\\\/monatglobal.com\\\/ca\\\/history\\\/?lang=fr#listItem\",\"position\":2,\"name\":\"HISTOIRE\",\"previousItem\":{\"@type\":\"ListItem\",\"@id\":\"https:\\\/\\\/monatglobal.com\\\/ca#listItem\",\"name\":\"Home\"}}]},{\"@type\":\"Organization\",\"@id\":\"https:\\\/\\\/monatglobal.com\\\/ca\\\/#organization\",\"name\":\"Monat Canada English\",\"description\":\"We Are Modern Nature\",\"url\":\"https:\\\/\\\/monatglobal.com\\\/ca\\\/\"},{\"@type\":\"WebPage\",\"@id\":\"https:\\\/\\\/monatglobal.com\\\/ca\\\/history\\\/?lang=fr#webpage\",\"url\":\"https:\\\/\\\/monatglobal.com\\\/ca\\\/history\\\/?lang=fr\",\"name\":\"HISTOIRE - Monat Canada English\",\"description\":\"Tout a commenc\\u00e9 avec une vision\\u2026 L'HISTOIRE DE MONAT Le mouvement MONAT a commenc\\u00e9 par une famille avec un grand r\\u00eave : de cr\\u00e9er un monde meilleur, une personne \\u00e0 la fois, en offrant des produits haut de gamme et une occasiong gratifiante. Les Urdaneta ont fond\\u00e9 MONAT en octobre 2014. En l'espace de quelques ann\\u00e9es,\",\"inLanguage\":\"en-US\",\"isPartOf\":{\"@id\":\"https:\\\/\\\/monatglobal.com\\\/ca\\\/#website\"},\"breadcrumb\":{\"@id\":\"https:\\\/\\\/monatglobal.com\\\/ca\\\/history\\\/?lang=fr#breadcrumblist\"},\"datePublished\":\"2018-03-26T22:00:49-04:00\",\"dateModified\":\"2025-02-24T15:25:10-05:00\"},{\"@type\":\"WebSite\",\"@id\":\"https:\\\/\\\/monatglobal.com\\\/ca\\\/#website\",\"url\":\"https:\\\/\\\/monatglobal.com\\\/ca\\\/\",\"name\":\"Monat Canada English\",\"description\":\"We Are Modern Nature\",\"inLanguage\":\"en-US\",\"publisher\":{\"@id\":\"https:\\\/\\\/monatglobal.com\\\/ca\\\/#organization\"}}]}\n\t\t<\/script>\n\t\t<!-- All in One SEO Pro -->\r\n\t\t<title>HISTOIRE - Monat Canada English<\/title>\n\n","aioseo_head_json":{"title":"HISTOIRE - Monat Canada English","description":"Tout a commenc\u00e9 avec une vision\u2026 L'HISTOIRE DE MONAT Le mouvement MONAT a commenc\u00e9 par une famille avec un grand r\u00eave : de cr\u00e9er un monde meilleur, une personne \u00e0 la fois, en offrant des produits haut de gamme et une occasiong gratifiante. Les Urdaneta ont fond\u00e9 MONAT en octobre 2014. En l'espace de quelques ann\u00e9es,","canonical_url":"https:\/\/monatglobal.com\/ca\/history\/?lang=fr","robots":"max-image-preview:large","keywords":"","webmasterTools":{"miscellaneous":""},"schema":{"@context":"https:\/\/schema.org","@graph":[{"@type":"BreadcrumbList","@id":"https:\/\/monatglobal.com\/ca\/history\/?lang=fr#breadcrumblist","itemListElement":[{"@type":"ListItem","@id":"https:\/\/monatglobal.com\/ca#listItem","position":1,"name":"Home","item":"https:\/\/monatglobal.com\/ca","nextItem":{"@type":"ListItem","@id":"https:\/\/monatglobal.com\/ca\/history\/?lang=fr#listItem","name":"HISTOIRE"}},{"@type":"ListItem","@id":"https:\/\/monatglobal.com\/ca\/history\/?lang=fr#listItem","position":2,"name":"HISTOIRE","previousItem":{"@type":"ListItem","@id":"https:\/\/monatglobal.com\/ca#listItem","name":"Home"}}]},{"@type":"Organization","@id":"https:\/\/monatglobal.com\/ca\/#organization","name":"Monat Canada English","description":"We Are Modern Nature","url":"https:\/\/monatglobal.com\/ca\/"},{"@type":"WebPage","@id":"https:\/\/monatglobal.com\/ca\/history\/?lang=fr#webpage","url":"https:\/\/monatglobal.com\/ca\/history\/?lang=fr","name":"HISTOIRE - Monat Canada English","description":"Tout a commenc\u00e9 avec une vision\u2026 L'HISTOIRE DE MONAT Le mouvement MONAT a commenc\u00e9 par une famille avec un grand r\u00eave : de cr\u00e9er un monde meilleur, une personne \u00e0 la fois, en offrant des produits haut de gamme et une occasiong gratifiante. Les Urdaneta ont fond\u00e9 MONAT en octobre 2014. En l'espace de quelques ann\u00e9es,","inLanguage":"en-US","isPartOf":{"@id":"https:\/\/monatglobal.com\/ca\/#website"},"breadcrumb":{"@id":"https:\/\/monatglobal.com\/ca\/history\/?lang=fr#breadcrumblist"},"datePublished":"2018-03-26T22:00:49-04:00","dateModified":"2025-02-24T15:25:10-05:00"},{"@type":"WebSite","@id":"https:\/\/monatglobal.com\/ca\/#website","url":"https:\/\/monatglobal.com\/ca\/","name":"Monat Canada English","description":"We Are Modern Nature","inLanguage":"en-US","publisher":{"@id":"https:\/\/monatglobal.com\/ca\/#organization"}}]},"og:locale":"en_US","og:site_name":"Monat Canada English - We Are Modern Nature","og:type":"article","og:title":"HISTOIRE - Monat Canada English","og:description":"Tout a commenc\u00e9 avec une vision\u2026 L'HISTOIRE DE MONAT Le mouvement MONAT a commenc\u00e9 par une famille avec un grand r\u00eave : de cr\u00e9er un monde meilleur, une personne \u00e0 la fois, en offrant des produits haut de gamme et une occasiong gratifiante. Les Urdaneta ont fond\u00e9 MONAT en octobre 2014. En l'espace de quelques ann\u00e9es,","og:url":"https:\/\/monatglobal.com\/ca\/history\/?lang=fr","article:published_time":"2018-03-26T22:00:49+00:00","article:modified_time":"2025-02-24T20:25:10+00:00","twitter:card":"summary_large_image","twitter:title":"HISTOIRE - Monat Canada English","twitter:description":"Tout a commenc\u00e9 avec une vision\u2026 L'HISTOIRE DE MONAT Le mouvement MONAT a commenc\u00e9 par une famille avec un grand r\u00eave : de cr\u00e9er un monde meilleur, une personne \u00e0 la fois, en offrant des produits haut de gamme et une occasiong gratifiante. Les Urdaneta ont fond\u00e9 MONAT en octobre 2014. En l'espace de quelques ann\u00e9es,"},"aioseo_meta_data":{"post_id":"31106","title":null,"description":null,"keywords":null,"keyphrases":null,"primary_term":null,"canonical_url":null,"og_title":null,"og_description":null,"og_object_type":"default","og_image_type":"default","og_image_url":null,"og_image_width":null,"og_image_height":null,"og_image_custom_url":null,"og_image_custom_fields":null,"og_video":null,"og_custom_url":null,"og_article_section":null,"og_article_tags":null,"twitter_use_og":false,"twitter_card":"default","twitter_image_type":"default","twitter_image_url":null,"twitter_image_custom_url":null,"twitter_image_custom_fields":null,"twitter_title":null,"twitter_description":null,"schema":{"blockGraphs":[],"customGraphs":[],"default":{"data":{"Article":[],"Course":[],"Dataset":[],"FAQPage":[],"Movie":[],"Person":[],"Product":[],"ProductReview":[],"Car":[],"Recipe":[],"Service":[],"SoftwareApplication":[],"WebPage":[]},"graphName":"","isEnabled":true},"graphs":[]},"schema_type":"default","schema_type_options":null,"pillar_content":false,"robots_default":true,"robots_noindex":false,"robots_noarchive":false,"robots_nosnippet":false,"robots_nofollow":false,"robots_noimageindex":false,"robots_noodp":false,"robots_notranslate":false,"robots_max_snippet":null,"robots_max_videopreview":null,"robots_max_imagepreview":"large","priority":null,"frequency":null,"local_seo":null,"seo_analyzer_scan_date":"2026-02-10 03:16:58","limit_modified_date":false,"reviewed_by":null,"open_ai":null,"ai":null,"created":"2023-07-26 12:16:07","updated":"2026-02-10 05:18:39"},"aioseo_breadcrumb":"<div class=\"aioseo-breadcrumbs\"><span class=\"aioseo-breadcrumb\">\n\t<a href=\"https:\/\/monatglobal.com\/ca\" title=\"Home\">Home<\/a>\n<\/span><span class=\"aioseo-breadcrumb-separator\">&raquo;<\/span><span class=\"aioseo-breadcrumb\">\n\tHISTOIRE\n<\/span><\/div>","aioseo_breadcrumb_json":[{"label":"Home","link":"https:\/\/monatglobal.com\/ca"},{"label":"HISTOIRE","link":"https:\/\/monatglobal.com\/ca\/history\/?lang=fr"}],"_links":{"self":[{"href":"https:\/\/monatglobal.com\/ca\/wp-json\/wp\/v2\/pages\/31106","targetHints":{"allow":["GET"]}}],"collection":[{"href":"https:\/\/monatglobal.com\/ca\/wp-json\/wp\/v2\/pages"}],"about":[{"href":"https:\/\/monatglobal.com\/ca\/wp-json\/wp\/v2\/types\/page"}],"author":[{"embeddable":true,"href":"https:\/\/monatglobal.com\/ca\/wp-json\/wp\/v2\/users\/20"}],"replies":[{"embeddable":true,"href":"https:\/\/monatglobal.com\/ca\/wp-json\/wp\/v2\/comments?post=31106"}],"version-history":[{"count":23,"href":"https:\/\/monatglobal.com\/ca\/wp-json\/wp\/v2\/pages\/31106\/revisions"}],"predecessor-version":[{"id":91875,"href":"https:\/\/monatglobal.com\/ca\/wp-json\/wp\/v2\/pages\/31106\/revisions\/91875"}],"wp:attachment":[{"href":"https:\/\/monatglobal.com\/ca\/wp-json\/wp\/v2\/media?parent=31106"}],"wp:term":[{"taxonomy":"category","embeddable":true,"href":"https:\/\/monatglobal.com\/ca\/wp-json\/wp\/v2\/categories?post=31106"},{"taxonomy":"post_tag","embeddable":true,"href":"https:\/\/monatglobal.com\/ca\/wp-json\/wp\/v2\/tags?post=31106"}],"curies":[{"name":"wp","href":"https:\/\/api.w.org\/{rel}","templated":true}]}}