{"id":31088,"date":"2018-03-26T21:08:59","date_gmt":"2018-03-26T21:08:59","guid":{"rendered":"https:\/\/monatglobal.com\/ca\/?page_id=31088"},"modified":"2019-03-05T00:10:50","modified_gmt":"2019-03-05T00:10:50","slug":"passport-bahamas","status":"publish","type":"page","link":"https:\/\/monatglobal.com\/ca\/passport-bahamas\/?lang=fr","title":{"rendered":"Passeport Bahamas"},"content":{"rendered":"\n\t<h1>Passport 2018 <br \/>Bahamas<br \/>de MONAT<\/h1>\n\t\t\t<a href=\"https:\/\/vimeo.com\/299380696\" role=\"button\">\n\t\t\t\t\t\tVOIR LA VID\u00c9O\n\t\t\t\t\t<\/a>\n\t[masterslider id=&#8221;124&#8243;]\n\t\t\t\t<img loading=\"lazy\" decoding=\"async\" src=\"https:\/\/monatglobal.com\/ca\/wp-content\/uploads\/sites\/5\/2018\/04\/monat-passport-bahamas_fr.jpg\" alt=\"monat-passport-bahamas_fr\" itemprop=\"image\" height=\"246\" width=\"400\" title=\"monat-passport-bahamas_fr\"  \/>\n\tDu 2 au 5 novembre 2018\n<p> <\/p> <br>\nMONAT ne fait rien d\u2019ordinaire, donc tout voyage incitatif que nous offrons doit \u00eatre extraordinaire!  Voici l\u2019offre la plus r\u00e9cente de MONAT&#8230; Le voyage Passport 2018 aux Bahamas! Comptez parmi les premi\u00e8res personnes \u00e0 d\u00e9couvrir le luxueux BAHA MAR!\n\t<hr >\n\tCr\u00e9\u00e9e pour \u00eatre une destination magnifique et invitante, la splendeur de Baha Mar est refl\u00e9t\u00e9e dans le paradis qui l\u2019entoure.  Chaque h\u00f4tel, chaque commodit\u00e9, chaque d\u00e9tail est con\u00e7u pour vous rappeler la raison pour laquelle vous \u00eates ici. Pour le repos.  Pour jouer.  Pour apaiser l\u2019\u00e2me.  Avec des plages splendides, des eaux tranquilles et un soleil chaud, ce qui d\u00e9crit le Baha Mar, l\u2019environnement accueillant des Bahamas vous encourage \u00e0 d\u00e9couvrir son h\u00e9ritage intriguant, \u00e0 vous int\u00e9grer dans ses traditions color\u00e9es et \u00e0 rencontrer sa population v\u00e9ritablement enjou\u00e9e.\n<br>\n<h2>\n\t\t<strong>D\u00e9couvrez Passport 2018 : d\u00e9couvrez une vie spectaculaire.<\/strong>\n\t<\/h2>\n\t\t\t\t<img loading=\"lazy\" decoding=\"async\" src=\"https:\/\/monatglobal.com\/wp-content\/uploads\/2018\/02\/bahamar-2.jpg\" alt=\"bahamar-2\" itemprop=\"image\" height=\"682\" width=\"1024\" title=\"bahamar-2\"  \/>\n\t<p>Photo: <a href=\"http:\/\/www.bahamar.com\" target=\"_blank\">Bahamar.com<\/a><\/p>\n<h2>\n\t\t<strong>La qualification <\/strong>\n\t<\/h2>\n<h2>\n\t\tLa p\u00e9riode de qualification s\u2019\u00e9tend du 1er f\u00e9vrier au 31 ao\u00fbt 2018.\n\t<\/h2>\n<h2>\n\t\t<strong>La qualification <\/strong>\n\t<\/h2>\n<h2>\n\t\tLa p\u00e9riode de qualification s\u2019\u00e9tend du 1er f\u00e9vrier au 31 ao\u00fbt 2018.\n\t<\/h2>\n\t\t\t<a href=\"https:\/\/vimeo.com\/264141721\" role=\"button\">\n\t\t\t\t\t\tCOMMENT SE QUALIFIER\n\t\t\t\t\t<\/a>\n<h2>\n\t\t<strong>Qui peut y participer?<\/strong>\n\t<\/h2>\n\t<ul  >\n    <li>Tous les PM ayant atteint le rang de BMG au plus tard le 30 juin 2018.<\/li>\n<\/ul>\n<h2>\n\t\t<strong>Qui est admissible?<\/strong>\n\t<\/h2>\n\t<ul  >\n    <li>Les partenaires de march\u00e9 qui accumulent au moins 100 points pendant la p\u00e9riode de qualification (vous devez devenir BMG+ au plus tard le 30 juin 2018).\n<br><\/li>\n<\/ul>\n\t<ul  >\n    <li>Et qui accumulent le nombre minimum de points de constance selon le rang auquel ils sont pay\u00e9s*.<\/li>\n<\/ul>\n<h2>\n\t\t<strong>Comment puis-je accumuler des points?<\/strong>\n\t<\/h2>\n\t<ul  >\n    <li><strong>Promotion :<\/strong> Atteignez un nouveau rang pour la premi\u00e8re fois pendant la p\u00e9riode de qualification.\n<\/li><br>\n    <li><strong>Promotions dans votre groupe personnel :<\/strong> Aidez quelqu\u2019un dans votre organisation \u00e0 atteindre un nouveau rang pour la premi\u00e8re fois et vous recevrez des points de promotion.\n<\/li><br>\n    <li><strong>Points de constance pour le rang auquel vous \u00eates pay\u00e9<\/strong> Vous recevrez des points de constance chaque mois que le rang auquel vous \u00eates pay\u00e9 est le plus haut rang que vous avez atteint.\n<br><br>\n    Exemple 1 :\n    <ul>\n        <li>Si votre rang est de BMG ou plus haut en janvier 2018, vous pouvez recevoir des points de constance en f\u00e9vrier 2018.<\/li>\n    <\/ul>\n    Exemple 2 :\n    <ul>\n        <li>Si vous devenez BMG en f\u00e9vrier ou plus tard, vous accumulerez des points en \u00e9tant pay\u00e9 \u00e0 titre de ce rang ou d\u2019un rang sup\u00e9rieur au cours du mois suivant.<\/li>\n    <\/ul>\n    <\/li>\n<\/ul>\n\t<strong>Points de promotion :<\/strong><br> Atteignez un nouveau rang pour la premi\u00e8re fois pendant la p\u00e9riode de qualification. Les points accord\u00e9s pour chaque rang sont list\u00e9s ci-dessous :\n\n\t<p><strong>PMG<\/strong><\/p>\n\t<p>5<\/p>\n\t<p><strong>BMA<\/strong><\/p>\n\t<p>10<\/p>\n\t<p><strong>BM<\/strong><\/p>\n\t<p>15<\/p>\n\t<p><strong>BMG<\/strong><\/p>\n\t<p>30<\/p>\n\t<p><strong>MMA<\/strong><\/p>\n\t<p>30<\/p>\n\t<p><strong>MM<\/strong><\/p>\n\t<p>35<\/p>\n\t<p><strong>MMG<\/strong><\/p>\n\t<p>50<\/p>\n\t<p><strong>DEA<\/strong><\/p>\n\t<p>60<\/p>\n\t<p><strong>DE<\/strong><\/p>\n\t<p>70<\/p>\n\t<p><strong>DES<\/strong><\/p>\n\t<p>80<\/p>\n\t<strong>Points de promotion pour un membre de votre \u00e9quipe<\/strong><br>Pour chaque PMG, BMA et BM que vous avez personnellement parrain\u00e9 et qui atteint un nouveau rang pour la premi\u00e8re fois pendant la p\u00e9riode de qualification. Les points accord\u00e9s pour chaque rang sont list\u00e9s ci-dessous :\n\n\t<p>RANG<\/p>\n\tPOINTS ACCORD\u00c9S AU PARRAIN DE LA PERSONNE PROMUE\n\t<p><strong>PMG<\/strong><\/p>\n\t<p>3<\/p>\n\t<p><strong>BMA<\/strong><\/p>\n\t<p>4<\/p>\n\t<p><strong>BM<\/strong><\/p>\n\t<p>6<\/p>\n\t<strong>Points de promotion pour un membre de votre \u00e9quipe<\/strong><br>Pour chaque BMG ou plus haut qui atteint un nouveau rang pour la premi\u00e8re fois pendant la p\u00e9riode de qualification, en autant que vous soyez pay\u00e9 \u00e0 titre de BMG ou plus haut. Les points accord\u00e9s pour chaque rang sont list\u00e9s ci-dessous :\n\n\t<p>RANG<\/p>\n\tPOINTS ACCORD\u00c9S AU PREMIER BMG OU PLUS HAUT DANS LA LIGN\u00c9E ASCENDANTE\n\t<p><strong>BMG<\/strong><\/p>\n\t<p>12<\/p>\n\t<p><strong>MMA<\/strong><\/p>\n\t<p>12<\/p>\n\t<p><strong>MM<\/strong><\/p>\n\t<p>12<\/p>\n\t<p><strong>MMG<\/strong><\/p>\n\t<p>15<\/p>\n\t<p><strong>DEA<\/strong><\/p>\n\t<p>20<\/p>\n\t<p><strong>DE<\/strong><\/p>\n\t<p>25<\/p>\n\t<p><strong>DES<\/strong><\/p>\n\t<p>30<\/p>\n<h2>\n\t\tPoints de constance pour le rang auquel vous \u00eates pay\u00e9\n\t<\/h2>\n\tRANG\n\tNOMBRE MINIMUM DE POINTS<br \/> DE CONSTANCE\n\tEXIGENCES\n\t<p>BMG+ au d\u00e9but de la p\u00e9riode de qualification (le 1er f\u00e9vrier 2018)<\/p>\n\t<p>50<\/p>\n\t<p>Doit \u00eatre pay\u00e9 \u00e0 titre du rang atteint 5 mois sur 7, de f\u00e9vrier \u00e0 ao\u00fbt.<\/p>\n\t<p>Atteindre BMG ou plus haut pour la premi\u00e8re fois en f\u00e9v.<\/p>\n\t<p>40<\/p>\n\t<p>Doit \u00eatre pay\u00e9 \u00e0 titre du rang atteint 4 mois sur 6, de mars \u00e0 ao\u00fbt.<\/p>\n\t<p>Atteindre BMG ou plus haut pour la premi\u00e8re fois en mars<\/p>\n\t<p>30<\/p>\n\t<p>Doit \u00eatre pay\u00e9 \u00e0 titre du rang atteint 3 mois sur 5, d\u2019avril \u00e0 ao\u00fbt.<\/p>\n\t<p>Atteindre BMG ou plus haut pour la premi\u00e8re fois en avril<\/p>\n\t<p>30<\/p>\n\t<p>Doit \u00eatre pay\u00e9 \u00e0 titre du rang atteint 3 mois sur 4, de mai \u00e0 ao\u00fbt.<\/p>\n\t<p>Atteindre BMG ou plus haut pour la premi\u00e8re fois en mai<\/p>\n\t<p>20<\/p>\n\t<p>Doit \u00eatre pay\u00e9 \u00e0 titre du rang atteint 2 mois sur 3, de juin \u00e0 ao\u00fbt.<\/p>\n\t<p>Atteindre BMG ou plus haut pour la premi\u00e8re fois en juin<\/p>\n\t<p>20<\/p>\n\t<p>Doit \u00eatre pay\u00e9 \u00e0 titre du rang atteint 2 mois sur 2, en juillet et en ao\u00fbt.<\/p>\n\t<p>Dans le cadre de cet incitatif, si vous atteignez un nouveau rang durant la p\u00e9riode de qualification, vous devez \u00eatre pay\u00e9 \u00e0 titre de ce nouveau rang le mois suivant afin d\u2019accumuler des points de constance.<\/p>\nSi vous accumulez de 100 \u00e0 199 points, vous partagerez une chambre avec un autre participant. Si vous accumulez de 200 \u00e0 249 points, vous aurez votre propre chambre, et en accumulant 250 points ou plus, MONAT paiera pour que votre conjoint vous accompagne, y compris son billet d\u2019avion!\n<br>\nCeux qui accumulent de 200 \u00e0 249 points auront l\u2019option de payer pour le billet d\u2019avion de leur conjoint. Les d\u00e9tails concernant l\u2019achat de voyage pour un conjoint non partenaire de march\u00e9 vous seront fournis plus tard.\n","protected":false},"excerpt":{"rendered":"<p>Passport 2018 Bahamasde MONAT VOIR LA VID\u00c9O [masterslider id=&#8221;124&#8243;] Du 2 au 5 novembre 2018 MONAT ne fait rien d\u2019ordinaire, donc tout voyage incitatif que nous offrons doit \u00eatre extraordinaire! Voici l\u2019offre la plus r\u00e9cente de MONAT&#8230; Le voyage Passport 2018 aux Bahamas! Comptez parmi les premi\u00e8res personnes \u00e0 d\u00e9couvrir le luxueux BAHA MAR! Cr\u00e9\u00e9e&hellip;<\/p>\n","protected":false},"author":20,"featured_media":0,"parent":0,"menu_order":0,"comment_status":"closed","ping_status":"closed","template":"template-full-custom.php","meta":{"inline_featured_image":false,"om_disable_all_campaigns":false,"_monsterinsights_skip_tracking":false,"_monsterinsights_sitenote_active":false,"_monsterinsights_sitenote_note":"","_monsterinsights_sitenote_category":0,"footnotes":""},"categories":[],"tags":[],"class_list":["post-31088","page","type-page","status-publish","hentry"],"aioseo_notices":[],"aioseo_head":"\n\t\t<!-- All in One SEO Pro 4.9.5.2 - aioseo.com -->\n\t<meta name=\"description\" content=\"Passport 2018 Bahamasde MONAT VOIR LA VID\u00c9O [masterslider id=&quot;124&quot;] Du 2 au 5 novembre 2018 MONAT ne fait rien d\u2019ordinaire, donc tout voyage incitatif que nous offrons doit \u00eatre extraordinaire! Voici l\u2019offre la plus r\u00e9cente de MONAT... Le voyage Passport 2018 aux Bahamas! Comptez parmi les premi\u00e8res personnes \u00e0 d\u00e9couvrir le luxueux BAHA MAR! Cr\u00e9\u00e9e\" \/>\n\t<meta name=\"robots\" content=\"max-image-preview:large\" \/>\n\t<link rel=\"canonical\" href=\"https:\/\/monatglobal.com\/ca\/passport-bahamas\/?lang=fr\" \/>\n\t<meta name=\"generator\" content=\"All in One SEO Pro (AIOSEO) 4.9.5.2\" \/>\n\t\t<meta property=\"og:locale\" content=\"en_US\" \/>\n\t\t<meta property=\"og:site_name\" content=\"Monat Canada English - We Are Modern Nature\" \/>\n\t\t<meta property=\"og:type\" content=\"article\" \/>\n\t\t<meta property=\"og:title\" content=\"Passeport Bahamas - Monat Canada English\" \/>\n\t\t<meta property=\"og:description\" content=\"Passport 2018 Bahamasde MONAT VOIR LA VID\u00c9O [masterslider id=&quot;124&quot;] Du 2 au 5 novembre 2018 MONAT ne fait rien d\u2019ordinaire, donc tout voyage incitatif que nous offrons doit \u00eatre extraordinaire! Voici l\u2019offre la plus r\u00e9cente de MONAT... Le voyage Passport 2018 aux Bahamas! Comptez parmi les premi\u00e8res personnes \u00e0 d\u00e9couvrir le luxueux BAHA MAR! Cr\u00e9\u00e9e\" \/>\n\t\t<meta property=\"og:url\" content=\"https:\/\/monatglobal.com\/ca\/passport-bahamas\/?lang=fr\" \/>\n\t\t<meta property=\"article:published_time\" content=\"2018-03-26T21:08:59+00:00\" \/>\n\t\t<meta property=\"article:modified_time\" content=\"2019-03-05T00:10:50+00:00\" \/>\n\t\t<meta name=\"twitter:card\" content=\"summary_large_image\" \/>\n\t\t<meta name=\"twitter:title\" content=\"Passeport Bahamas - Monat Canada English\" \/>\n\t\t<meta name=\"twitter:description\" content=\"Passport 2018 Bahamasde MONAT VOIR LA VID\u00c9O [masterslider id=&quot;124&quot;] Du 2 au 5 novembre 2018 MONAT ne fait rien d\u2019ordinaire, donc tout voyage incitatif que nous offrons doit \u00eatre extraordinaire! Voici l\u2019offre la plus r\u00e9cente de MONAT... Le voyage Passport 2018 aux Bahamas! Comptez parmi les premi\u00e8res personnes \u00e0 d\u00e9couvrir le luxueux BAHA MAR! Cr\u00e9\u00e9e\" \/>\n\t\t<script type=\"application\/ld+json\" class=\"aioseo-schema\">\n\t\t\t{\"@context\":\"https:\\\/\\\/schema.org\",\"@graph\":[{\"@type\":\"BreadcrumbList\",\"@id\":\"https:\\\/\\\/monatglobal.com\\\/ca\\\/passport-bahamas\\\/?lang=fr#breadcrumblist\",\"itemListElement\":[{\"@type\":\"ListItem\",\"@id\":\"https:\\\/\\\/monatglobal.com\\\/ca#listItem\",\"position\":1,\"name\":\"Home\",\"item\":\"https:\\\/\\\/monatglobal.com\\\/ca\",\"nextItem\":{\"@type\":\"ListItem\",\"@id\":\"https:\\\/\\\/monatglobal.com\\\/ca\\\/passport-bahamas\\\/?lang=fr#listItem\",\"name\":\"Passeport Bahamas\"}},{\"@type\":\"ListItem\",\"@id\":\"https:\\\/\\\/monatglobal.com\\\/ca\\\/passport-bahamas\\\/?lang=fr#listItem\",\"position\":2,\"name\":\"Passeport Bahamas\",\"previousItem\":{\"@type\":\"ListItem\",\"@id\":\"https:\\\/\\\/monatglobal.com\\\/ca#listItem\",\"name\":\"Home\"}}]},{\"@type\":\"Organization\",\"@id\":\"https:\\\/\\\/monatglobal.com\\\/ca\\\/#organization\",\"name\":\"Monat Canada English\",\"description\":\"We Are Modern Nature\",\"url\":\"https:\\\/\\\/monatglobal.com\\\/ca\\\/\"},{\"@type\":\"WebPage\",\"@id\":\"https:\\\/\\\/monatglobal.com\\\/ca\\\/passport-bahamas\\\/?lang=fr#webpage\",\"url\":\"https:\\\/\\\/monatglobal.com\\\/ca\\\/passport-bahamas\\\/?lang=fr\",\"name\":\"Passeport Bahamas - Monat Canada English\",\"description\":\"Passport 2018 Bahamasde MONAT VOIR LA VID\\u00c9O [masterslider id=\\\"124\\\"] Du 2 au 5 novembre 2018 MONAT ne fait rien d\\u2019ordinaire, donc tout voyage incitatif que nous offrons doit \\u00eatre extraordinaire! Voici l\\u2019offre la plus r\\u00e9cente de MONAT... Le voyage Passport 2018 aux Bahamas! Comptez parmi les premi\\u00e8res personnes \\u00e0 d\\u00e9couvrir le luxueux BAHA MAR! Cr\\u00e9\\u00e9e\",\"inLanguage\":\"en-US\",\"isPartOf\":{\"@id\":\"https:\\\/\\\/monatglobal.com\\\/ca\\\/#website\"},\"breadcrumb\":{\"@id\":\"https:\\\/\\\/monatglobal.com\\\/ca\\\/passport-bahamas\\\/?lang=fr#breadcrumblist\"},\"datePublished\":\"2018-03-26T21:08:59-04:00\",\"dateModified\":\"2019-03-05T00:10:50-05:00\"},{\"@type\":\"WebSite\",\"@id\":\"https:\\\/\\\/monatglobal.com\\\/ca\\\/#website\",\"url\":\"https:\\\/\\\/monatglobal.com\\\/ca\\\/\",\"name\":\"Monat Canada English\",\"description\":\"We Are Modern Nature\",\"inLanguage\":\"en-US\",\"publisher\":{\"@id\":\"https:\\\/\\\/monatglobal.com\\\/ca\\\/#organization\"}}]}\n\t\t<\/script>\n\t\t<!-- All in One SEO Pro -->\r\n\t\t<title>Passeport Bahamas - Monat Canada English<\/title>\n\n","aioseo_head_json":{"title":"Passeport Bahamas - Monat Canada English","description":"Passport 2018 Bahamasde MONAT VOIR LA VID\u00c9O [masterslider id=\"124\"] Du 2 au 5 novembre 2018 MONAT ne fait rien d\u2019ordinaire, donc tout voyage incitatif que nous offrons doit \u00eatre extraordinaire! Voici l\u2019offre la plus r\u00e9cente de MONAT... Le voyage Passport 2018 aux Bahamas! Comptez parmi les premi\u00e8res personnes \u00e0 d\u00e9couvrir le luxueux BAHA MAR! Cr\u00e9\u00e9e","canonical_url":"https:\/\/monatglobal.com\/ca\/passport-bahamas\/?lang=fr","robots":"max-image-preview:large","keywords":"","webmasterTools":{"miscellaneous":""},"schema":{"@context":"https:\/\/schema.org","@graph":[{"@type":"BreadcrumbList","@id":"https:\/\/monatglobal.com\/ca\/passport-bahamas\/?lang=fr#breadcrumblist","itemListElement":[{"@type":"ListItem","@id":"https:\/\/monatglobal.com\/ca#listItem","position":1,"name":"Home","item":"https:\/\/monatglobal.com\/ca","nextItem":{"@type":"ListItem","@id":"https:\/\/monatglobal.com\/ca\/passport-bahamas\/?lang=fr#listItem","name":"Passeport Bahamas"}},{"@type":"ListItem","@id":"https:\/\/monatglobal.com\/ca\/passport-bahamas\/?lang=fr#listItem","position":2,"name":"Passeport Bahamas","previousItem":{"@type":"ListItem","@id":"https:\/\/monatglobal.com\/ca#listItem","name":"Home"}}]},{"@type":"Organization","@id":"https:\/\/monatglobal.com\/ca\/#organization","name":"Monat Canada English","description":"We Are Modern Nature","url":"https:\/\/monatglobal.com\/ca\/"},{"@type":"WebPage","@id":"https:\/\/monatglobal.com\/ca\/passport-bahamas\/?lang=fr#webpage","url":"https:\/\/monatglobal.com\/ca\/passport-bahamas\/?lang=fr","name":"Passeport Bahamas - Monat Canada English","description":"Passport 2018 Bahamasde MONAT VOIR LA VID\u00c9O [masterslider id=\"124\"] Du 2 au 5 novembre 2018 MONAT ne fait rien d\u2019ordinaire, donc tout voyage incitatif que nous offrons doit \u00eatre extraordinaire! Voici l\u2019offre la plus r\u00e9cente de MONAT... Le voyage Passport 2018 aux Bahamas! Comptez parmi les premi\u00e8res personnes \u00e0 d\u00e9couvrir le luxueux BAHA MAR! Cr\u00e9\u00e9e","inLanguage":"en-US","isPartOf":{"@id":"https:\/\/monatglobal.com\/ca\/#website"},"breadcrumb":{"@id":"https:\/\/monatglobal.com\/ca\/passport-bahamas\/?lang=fr#breadcrumblist"},"datePublished":"2018-03-26T21:08:59-04:00","dateModified":"2019-03-05T00:10:50-05:00"},{"@type":"WebSite","@id":"https:\/\/monatglobal.com\/ca\/#website","url":"https:\/\/monatglobal.com\/ca\/","name":"Monat Canada English","description":"We Are Modern Nature","inLanguage":"en-US","publisher":{"@id":"https:\/\/monatglobal.com\/ca\/#organization"}}]},"og:locale":"en_US","og:site_name":"Monat Canada English - We Are Modern Nature","og:type":"article","og:title":"Passeport Bahamas - Monat Canada English","og:description":"Passport 2018 Bahamasde MONAT VOIR LA VID\u00c9O [masterslider id=&quot;124&quot;] Du 2 au 5 novembre 2018 MONAT ne fait rien d\u2019ordinaire, donc tout voyage incitatif que nous offrons doit \u00eatre extraordinaire! Voici l\u2019offre la plus r\u00e9cente de MONAT... Le voyage Passport 2018 aux Bahamas! Comptez parmi les premi\u00e8res personnes \u00e0 d\u00e9couvrir le luxueux BAHA MAR! Cr\u00e9\u00e9e","og:url":"https:\/\/monatglobal.com\/ca\/passport-bahamas\/?lang=fr","article:published_time":"2018-03-26T21:08:59+00:00","article:modified_time":"2019-03-05T00:10:50+00:00","twitter:card":"summary_large_image","twitter:title":"Passeport Bahamas - Monat Canada English","twitter:description":"Passport 2018 Bahamasde MONAT VOIR LA VID\u00c9O [masterslider id=&quot;124&quot;] Du 2 au 5 novembre 2018 MONAT ne fait rien d\u2019ordinaire, donc tout voyage incitatif que nous offrons doit \u00eatre extraordinaire! Voici l\u2019offre la plus r\u00e9cente de MONAT... Le voyage Passport 2018 aux Bahamas! Comptez parmi les premi\u00e8res personnes \u00e0 d\u00e9couvrir le luxueux BAHA MAR! Cr\u00e9\u00e9e"},"aioseo_meta_data":{"post_id":"31088","title":null,"description":null,"keywords":null,"keyphrases":null,"primary_term":null,"canonical_url":null,"og_title":null,"og_description":null,"og_object_type":"default","og_image_type":"default","og_image_url":null,"og_image_width":null,"og_image_height":null,"og_image_custom_url":null,"og_image_custom_fields":null,"og_video":null,"og_custom_url":null,"og_article_section":null,"og_article_tags":null,"twitter_use_og":false,"twitter_card":"default","twitter_image_type":"default","twitter_image_url":null,"twitter_image_custom_url":null,"twitter_image_custom_fields":null,"twitter_title":null,"twitter_description":null,"schema":{"blockGraphs":[],"customGraphs":[],"default":{"data":{"Article":[],"Course":[],"Dataset":[],"FAQPage":[],"Movie":[],"Person":[],"Product":[],"ProductReview":[],"Car":[],"Recipe":[],"Service":[],"SoftwareApplication":[],"WebPage":[]},"graphName":"","isEnabled":true},"graphs":[]},"schema_type":"default","schema_type_options":null,"pillar_content":false,"robots_default":true,"robots_noindex":false,"robots_noarchive":false,"robots_nosnippet":false,"robots_nofollow":false,"robots_noimageindex":false,"robots_noodp":false,"robots_notranslate":false,"robots_max_snippet":null,"robots_max_videopreview":null,"robots_max_imagepreview":"large","priority":null,"frequency":null,"local_seo":null,"seo_analyzer_scan_date":"2026-02-10 03:16:56","limit_modified_date":false,"reviewed_by":null,"open_ai":null,"ai":null,"created":"2023-07-26 12:15:07","updated":"2026-02-10 03:16:56"},"aioseo_breadcrumb":"<div class=\"aioseo-breadcrumbs\"><span class=\"aioseo-breadcrumb\">\n\t<a href=\"https:\/\/monatglobal.com\/ca\" title=\"Home\">Home<\/a>\n<\/span><span class=\"aioseo-breadcrumb-separator\">&raquo;<\/span><span class=\"aioseo-breadcrumb\">\n\tPasseport Bahamas\n<\/span><\/div>","aioseo_breadcrumb_json":[{"label":"Home","link":"https:\/\/monatglobal.com\/ca"},{"label":"Passeport Bahamas","link":"https:\/\/monatglobal.com\/ca\/passport-bahamas\/?lang=fr"}],"_links":{"self":[{"href":"https:\/\/monatglobal.com\/ca\/wp-json\/wp\/v2\/pages\/31088","targetHints":{"allow":["GET"]}}],"collection":[{"href":"https:\/\/monatglobal.com\/ca\/wp-json\/wp\/v2\/pages"}],"about":[{"href":"https:\/\/monatglobal.com\/ca\/wp-json\/wp\/v2\/types\/page"}],"author":[{"embeddable":true,"href":"https:\/\/monatglobal.com\/ca\/wp-json\/wp\/v2\/users\/20"}],"replies":[{"embeddable":true,"href":"https:\/\/monatglobal.com\/ca\/wp-json\/wp\/v2\/comments?post=31088"}],"version-history":[{"count":18,"href":"https:\/\/monatglobal.com\/ca\/wp-json\/wp\/v2\/pages\/31088\/revisions"}],"predecessor-version":[{"id":41916,"href":"https:\/\/monatglobal.com\/ca\/wp-json\/wp\/v2\/pages\/31088\/revisions\/41916"}],"wp:attachment":[{"href":"https:\/\/monatglobal.com\/ca\/wp-json\/wp\/v2\/media?parent=31088"}],"wp:term":[{"taxonomy":"category","embeddable":true,"href":"https:\/\/monatglobal.com\/ca\/wp-json\/wp\/v2\/categories?post=31088"},{"taxonomy":"post_tag","embeddable":true,"href":"https:\/\/monatglobal.com\/ca\/wp-json\/wp\/v2\/tags?post=31088"}],"curies":[{"name":"wp","href":"https:\/\/api.w.org\/{rel}","templated":true}]}}